{"id":2160,"date":"2017-08-18T07:09:05","date_gmt":"2017-08-18T05:09:05","guid":{"rendered":"https:\/\/newweb.turismoenzamora.es\/?page_id=2160"},"modified":"2022-12-20T13:22:03","modified_gmt":"2022-12-20T11:22:03","slug":"turismo-enogastronomico","status":"publish","type":"page","link":"https:\/\/turismoenzamora.es\/fr\/turismo-experiencial\/turismo-enogastronomico\/","title":{"rendered":"Turismo Enogastron\u00f3mico"},"content":{"rendered":"<p><\/p>\n<header>\n<h1 class=\"title\">Turismo Enogastron\u00f3mico<\/h1>\n<\/header>\n<div><strong><strong>\u201cCyan: vinos y paisajes por los que brindar\u201d<\/strong><\/strong><\/div>\n<div><strong><strong><br><\/strong><\/strong><img decoding=\"async\" class=\"wp-image-5811 alignleft\" src=\"https:\/\/turismoenzamora.es\/wp-content\/uploads\/2017\/08\/Experiencia_Cyan.jpg\" alt=\"\" width=\"331\" height=\"248\" data-id=\"5811\" srcset=\"https:\/\/turismoenzamora.es\/wp-content\/uploads\/2017\/08\/Experiencia_Cyan.jpg 4288w, https:\/\/turismoenzamora.es\/wp-content\/uploads\/2017\/08\/Experiencia_Cyan-300x225.jpg 300w, https:\/\/turismoenzamora.es\/wp-content\/uploads\/2017\/08\/Experiencia_Cyan-768x576.jpg 768w, https:\/\/turismoenzamora.es\/wp-content\/uploads\/2017\/08\/Experiencia_Cyan-1024x768.jpg 1024w\" sizes=\"(max-width: 331px) 100vw, 331px\" \/><strong>Bodega Cyan<\/strong>Marzo-Junio 2017Cyan es una peque\u00f1a y tradicional bodega del Grupo Matarromera donde disfrutar\u00e1s de una experiencia vitivin\u00edcola en plena naturaleza a trav\u00e9s de una completa visita guiada y una degustaci\u00f3n de tres excepcionales vinos.Todos los p\u00fablicos.<strong>Imprescindible reserva previa:<\/strong>&nbsp;983 80 33 46 o&nbsp; <a href=\"mailto:turismorueda@emina.es\">turismorueda@emina.es<\/a><strong>Ven a disfrutar del&nbsp;Museo del Queso &#8211; Chill\u00f3n<\/strong>Queser\u00edas Chill\u00f3n Plaza S.L. &#8211; Carretera Tordesillas, Km. 11- Pol\u00edgono Industrial &#8211; Parcela 1 &#8211; 49800 &#8211; Toro (Zamora)Los horarios de apertura del museo son:<br>De lunes a viernes: 07:30 \u2013 14:00h. y de 16:00 \u2013 20:00h.<br>Fines de semana y festivos: 10:00 \u2013 14:00h. y de 17:00 &#8211; 20:00h.Puede realizar la reserva por tel\u00e9fono:<br>980 690 950 &#8211; 651 400 707<br>637 079 717 &#8211; 655 555 253M\u00e1s informaci\u00f3n en <a href=\"http:\/\/www.quesoschillon.es\/\">http:\/\/www.quesoschillon.es<\/a><\/div>\n<div>\n<table border=\"0\" cellspacing=\"1\" cellpadding=\"1\">\n<tbody>\n<tr>\n<td><strong>ENOTORO 2016<br>Turismo y Enocultura<\/strong><img loading=\"lazy\" decoding=\"async\" class=\"wp-image-5812 alignleft\" src=\"https:\/\/turismoenzamora.es\/wp-content\/uploads\/2017\/08\/Logo_EnoToro2016.jpg\" alt=\"\" width=\"263\" height=\"261\" data-id=\"5812\" srcset=\"https:\/\/turismoenzamora.es\/wp-content\/uploads\/2017\/08\/Logo_EnoToro2016.jpg 550w, https:\/\/turismoenzamora.es\/wp-content\/uploads\/2017\/08\/Logo_EnoToro2016-150x150.jpg 150w, https:\/\/turismoenzamora.es\/wp-content\/uploads\/2017\/08\/Logo_EnoToro2016-300x298.jpg 300w\" sizes=\"(max-width: 263px) 100vw, 263px\" \/>Enotoro 2016 es un <strong>proyecto de la Diputaci\u00f3n de Zamora<\/strong> que tiene como objetivo <strong>potenciar y reforzar la imagen del vino de Toro y el turismo enol\u00f3gico<\/strong> coincidiendo con la celebraci\u00f3n de la exposici\u00f3n de las Edades del Hombre en Toro. Este acontecimiento marcar\u00e1 el turismo provincial en este a\u00f1o 2016 y es obligaci\u00f3n de todos aprovechar y reforzar la imagen tur\u00edstica, industrial y gastron\u00f3mica de nuestra ciudad y provincia para <strong>fijar el turismo y alargar las estancias en nuestra comarca<\/strong>.La Diputaci\u00f3n de Zamora a trav\u00e9s de su <strong>Patronato de Turismo<\/strong> va a desarrollar una <strong>campa\u00f1a de difusi\u00f3n de los recursos enotur\u00edsticos de Toro<\/strong> \u00ab\u00a0ENOTORO 2016\u00a0\u00bb, que englobar\u00e1 las siguientes actividades:&nbsp;&nbsp;1. CALENDARIO DE ACTIVIDADES ENOTUR\u00cdSTICAS (paralelo a las Edades del Hombre).&nbsp;&nbsp;\n<p>&nbsp;<\/p>\n<p>&nbsp;<\/p>\n<p>&nbsp;<\/p>\n<p>&nbsp;<\/p>\n<p>&nbsp;<\/p>\n<p>&nbsp;<\/p>\n<p>&nbsp;<\/p>\n<p>&nbsp;<\/p>\n<p>2. VISITAS A BODEGA TRADICIONAL. CASCO URBANO DE TORO.<\/p>\n<p>3. ACCIONES DE ACCI\u00d3N Y PROMOCI\u00d3N.<\/p>\n<p>M\u00e1s informaci\u00f3n en&nbsp;www.enotoro.es<\/p>\n<\/td>\n<\/tr>\n<\/tbody>\n<\/table>\n<p><strong>El Castillo con Sabor<\/strong><\/p>\n<\/div>\n<div>\n<p><img loading=\"lazy\" decoding=\"async\" class=\"wp-image-5808 alignleft\" src=\"https:\/\/turismoenzamora.es\/wp-content\/uploads\/2017\/08\/Castillo_con_sabor.jpg\" alt=\"\" width=\"344\" height=\"229\" data-id=\"5808\" srcset=\"https:\/\/turismoenzamora.es\/wp-content\/uploads\/2017\/08\/Castillo_con_sabor.jpg 666w, https:\/\/turismoenzamora.es\/wp-content\/uploads\/2017\/08\/Castillo_con_sabor-300x200.jpg 300w, https:\/\/turismoenzamora.es\/wp-content\/uploads\/2017\/08\/Castillo_con_sabor-391x260.jpg 391w\" sizes=\"(max-width: 344px) 100vw, 344px\" \/>Abril-Junio 2017En la ruta gastron\u00f3mica nocturna \u201cEl Castillo con Sabor\u201d se conjuga la oferta tur\u00edstica y monumental del casco hist\u00f3rico de Zamora con una muestra destacada de la gastronom\u00eda de la ciudad.Durante el recorrido entramos en cuatro establecimientos destacados del casco antiguo que ofrecer\u00e1n diferentes tapas representativas de la gastronom\u00eda zamorana acompa\u00f1adas con sus correspondientes vinos DO zamoranos.Las rutas se desarrollar\u00e1n los viernes y s\u00e1bados a partir de las 21 horas en el periodo estival y a partir de las 20 horas durante los meses de invierno (s\u00f3lo puentes y festivos) con salida desde la plaza de Sagasta. Grupos reducidos de un m\u00e1ximo de 15 personas y m\u00ednimo de 8.<strong>Reservas:<\/strong>&nbsp; <a href=\"mailto:info@inzatur.com\">info@inzatur.com<\/a> y tfno.: 676 701 022<\/p>\n<table border=\"0\" cellspacing=\"1\" cellpadding=\"1\">\n<tbody>\n<tr>\n<td><strong>Visita guiada + cata degustaci\u00f3n<\/strong>&nbsp;&nbsp;\n<p>&nbsp;<\/p>\n<p>&nbsp;<\/p>\n<p>&nbsp;<\/p>\n<p>&nbsp;<\/p>\n<p>&nbsp;<\/p>\n<p>&nbsp;<\/p>\n<p>&nbsp;<\/p>\n<p>&nbsp;<\/p>\n<p><img loading=\"lazy\" decoding=\"async\" class=\"wp-image-5813 alignleft\" src=\"https:\/\/turismoenzamora.es\/wp-content\/uploads\/2017\/08\/Museo_del_Queso.jpg\" alt=\"\" width=\"210\" height=\"210\" data-id=\"5813\" srcset=\"https:\/\/turismoenzamora.es\/wp-content\/uploads\/2017\/08\/Museo_del_Queso.jpg 323w, https:\/\/turismoenzamora.es\/wp-content\/uploads\/2017\/08\/Museo_del_Queso-150x150.jpg 150w, https:\/\/turismoenzamora.es\/wp-content\/uploads\/2017\/08\/Museo_del_Queso-300x300.jpg 300w\" sizes=\"(max-width: 210px) 100vw, 210px\" \/>Del 7 de enero al 23 de diciembre de martes a s\u00e1bado a las 11:00 h. y a las 17:00 h. y domingos a las 11:00 h.<\/p>\n<p>Visita guiada de una hora de duraci\u00f3n por las instalaciones del museo que incluye acceso al jard\u00edn expositivo, museo y sala de barricas de Pagos del Rey + cata degustaci\u00f3n de dos vinos y tapas de queso.<\/p>\n<p>Todos los p\u00fablicos.<\/p>\n<p><strong>Reservas:<\/strong>&nbsp;<a href=\"http:\/\/pagosdelreymuseodelvino.com\/solicitar.php\">http:\/\/pagosdelreymuseodelvino.com\/solicitar.php<\/a><\/p>\n<\/td>\n<\/tr>\n<\/tbody>\n<\/table>\n<table border=\"0\" cellspacing=\"1\" cellpadding=\"1\">\n<tbody>\n<tr>\n<td><strong>SANABRIA Y LA CHOCOLATERAPIA&nbsp; POSADA REAL LA PASCASIA<\/strong>&nbsp;&nbsp;\n<p>&nbsp;<\/p>\n<p>&nbsp;<\/p>\n<p>&nbsp;<\/p>\n<p>&nbsp;<\/p>\n<p>&nbsp;<\/p>\n<p>&nbsp;<\/p>\n<p>&nbsp;<\/p>\n<p>&nbsp;<\/p>\n<p>Abril-Junio 2017<\/p>\n<p><img loading=\"lazy\" decoding=\"async\" class=\"size-full wp-image-5809 alignleft\" src=\"https:\/\/turismoenzamora.es\/wp-content\/uploads\/2017\/08\/Experiencia_1_La_Pascasia.jpg\" alt=\"\" width=\"308\" height=\"166\" data-id=\"5809\" srcset=\"https:\/\/turismoenzamora.es\/wp-content\/uploads\/2017\/08\/Experiencia_1_La_Pascasia.jpg 308w, https:\/\/turismoenzamora.es\/wp-content\/uploads\/2017\/08\/Experiencia_1_La_Pascasia-300x162.jpg 300w\" sizes=\"(max-width: 308px) 100vw, 308px\" \/>Disfruta de nuevas sensaciones en nuestra posada ubicada en la villa medieval de Puebla de Sanabria, comienza el d\u00eda con un buen desayuno, una sesi\u00f3n de chocolaterapia, p\u00e9talos de seda y botella de cava en la habitaci\u00f3n.&nbsp;Las reservas deber\u00e1n hacerse con un m\u00ednimo de 48 horas de antelaci\u00f3n.<\/p>\n<p><strong>Reservas:<\/strong>&nbsp; <a href=\"mailto:lapascasia@gmail.com\">lapascasia@gmail.com<\/a><\/p>\n<\/td>\n<\/tr>\n<tr>\n<td><strong>SANABRIA Y EL TALLER DE CREMAS ARTESANALES&nbsp; POSADA REAL LA PASCASIA<\/strong>&nbsp;&nbsp;\n<p>&nbsp;<\/p>\n<p>&nbsp;<\/p>\n<p>&nbsp;<\/p>\n<p>&nbsp;<\/p>\n<p>&nbsp;<\/p>\n<p>&nbsp;<\/p>\n<p>&nbsp;<\/p>\n<p>&nbsp;<\/p>\n<p>Abril-Junio 2017<\/p>\n<p><img loading=\"lazy\" decoding=\"async\" class=\"wp-image-5810 alignleft\" src=\"https:\/\/turismoenzamora.es\/wp-content\/uploads\/2017\/08\/Experiencia_2_La_Pascasia.jpg\" alt=\"\" width=\"370\" height=\"249\" data-id=\"5810\" srcset=\"https:\/\/turismoenzamora.es\/wp-content\/uploads\/2017\/08\/Experiencia_2_La_Pascasia.jpg 2896w, https:\/\/turismoenzamora.es\/wp-content\/uploads\/2017\/08\/Experiencia_2_La_Pascasia-300x201.jpg 300w, https:\/\/turismoenzamora.es\/wp-content\/uploads\/2017\/08\/Experiencia_2_La_Pascasia-768x516.jpg 768w, https:\/\/turismoenzamora.es\/wp-content\/uploads\/2017\/08\/Experiencia_2_La_Pascasia-1024x687.jpg 1024w\" sizes=\"(max-width: 370px) 100vw, 370px\" \/>Disfruta de nuevas sensaciones en nuestra posada ubicada en la villa medieval de Puebla de Sanabria, aloj\u00e1ndote una o dos noches en La Posada y comienza el d\u00eda con un buen desayuno y participa en un taller de cremas artesanales con productos totalmente naturales, llev\u00e1ndote el producto elaborado.&nbsp;Las reservas deber\u00e1n hacerse con un m\u00ednimo de 48 horas de antelaci\u00f3n.<\/p>\n<p>La duraci\u00f3n es aproximadamente de una hora donde elaboraremos cremas y ung\u00fcentos con plantas y flores recolectadas en la zona, realizando todo el proceso de una manera completamente artesanal.<\/p>\n<p><strong>Reservas:<\/strong>&nbsp; <a href=\"mailto:lapascasia@gmail.com\">lapascasia@gmail.com<\/a><\/p>\n<\/td>\n<\/tr>\n<tr>\n<td>&nbsp;<\/td>\n<td>&nbsp;<\/td>\n<\/tr>\n<\/tbody>\n<\/table>\n<\/div>\n<p><\/p>\n<\/div>\n\n\n<p><\/p>","protected":false},"excerpt":{"rendered":"<p>Turismo Enogastron\u00f3mico \u201cCyan: vinos y paisajes por los que brindar\u201d Bodega CyanMarzo-Junio 2017Cyan es una peque\u00f1a y tradicional bodega del Grupo Matarromera donde disfrutar\u00e1s de una experiencia vitivin\u00edcola en plena naturaleza a trav\u00e9s de una completa visita guiada y una degustaci\u00f3n de tres excepcionales vinos.Todos los p\u00fablicos.Imprescindible reserva previa:&nbsp;983 80 33 46 o&nbsp; turismorueda@emina.esVen a [&hellip;]<\/p>\n","protected":false},"author":1,"featured_media":0,"parent":1713,"menu_order":5,"comment_status":"closed","ping_status":"closed","template":"","meta":{"inline_featured_image":false,"site-sidebar-layout":"default","site-content-layout":"default","ast-site-content-layout":"","site-content-style":"default","site-sidebar-style":"default","ast-global-header-display":"","ast-banner-title-visibility":"","ast-main-header-display":"","ast-hfb-above-header-display":"","ast-hfb-below-header-display":"","ast-hfb-mobile-header-display":"","site-post-title":"","ast-breadcrumbs-content":"","ast-featured-img":"","footer-sml-layout":"","theme-transparent-header-meta":"default","adv-header-id-meta":"","stick-header-meta":"","header-above-stick-meta":"","header-main-stick-meta":"","header-below-stick-meta":"","astra-migrate-meta-layouts":"default","ast-page-background-enabled":"default","ast-page-background-meta":{"desktop":{"background-color":"","background-image":"","background-repeat":"repeat","background-position":"center center","background-size":"auto","background-attachment":"scroll","background-type":"","background-media":"","overlay-type":"","overlay-color":"","overlay-opacity":"","overlay-gradient":""},"tablet":{"background-color":"","background-image":"","background-repeat":"repeat","background-position":"center center","background-size":"auto","background-attachment":"scroll","background-type":"","background-media":"","overlay-type":"","overlay-color":"","overlay-opacity":"","overlay-gradient":""},"mobile":{"background-color":"","background-image":"","background-repeat":"repeat","background-position":"center center","background-size":"auto","background-attachment":"scroll","background-type":"","background-media":"","overlay-type":"","overlay-color":"","overlay-opacity":"","overlay-gradient":""}},"ast-content-background-meta":{"desktop":{"background-color":"var(--ast-global-color-5)","background-image":"","background-repeat":"repeat","background-position":"center center","background-size":"auto","background-attachment":"scroll","background-type":"","background-media":"","overlay-type":"","overlay-color":"","overlay-opacity":"","overlay-gradient":""},"tablet":{"background-color":"var(--ast-global-color-5)","background-image":"","background-repeat":"repeat","background-position":"center center","background-size":"auto","background-attachment":"scroll","background-type":"","background-media":"","overlay-type":"","overlay-color":"","overlay-opacity":"","overlay-gradient":""},"mobile":{"background-color":"var(--ast-global-color-5)","background-image":"","background-repeat":"repeat","background-position":"center center","background-size":"auto","background-attachment":"scroll","background-type":"","background-media":"","overlay-type":"","overlay-color":"","overlay-opacity":"","overlay-gradient":""}},"ngg_post_thumbnail":0,"footnotes":""},"yoast_head":"<!-- This site is optimized with the Yoast SEO plugin v23.0 - https:\/\/yoast.com\/wordpress\/plugins\/seo\/ -->\n<title>Turismo de Zamora , Turismo Sostenible<\/title>\n<meta name=\"description\" content=\"Esta es la p\u00e1gina Oficial de Turismo de Diputaci\u00f3n de Zamora, donde podr\u00e1 encontrar toda la informaci\u00f3n para disfrutar al m\u00e1ximo de nuestra provincia.\" \/>\n<meta name=\"robots\" content=\"index, follow, max-snippet:-1, max-image-preview:large, max-video-preview:-1\" \/>\n<link rel=\"canonical\" href=\"https:\/\/turismoenzamora.es\/turismo-experiencial\/turismo-enogastronomico\/\" \/>\n<meta property=\"og:locale\" content=\"fr_FR\" \/>\n<meta property=\"og:type\" content=\"article\" \/>\n<meta property=\"og:title\" content=\"Turismo de Zamora , Turismo Sostenible\" \/>\n<meta property=\"og:description\" content=\"Esta es la p\u00e1gina Oficial de Turismo de Diputaci\u00f3n de Zamora, donde podr\u00e1 encontrar toda la informaci\u00f3n para disfrutar al m\u00e1ximo de nuestra provincia.\" \/>\n<meta property=\"og:url\" content=\"https:\/\/turismoenzamora.es\/turismo-experiencial\/turismo-enogastronomico\/\" \/>\n<meta property=\"og:site_name\" content=\"Tourisme \u00e0 Zamora\" \/>\n<meta property=\"article:publisher\" content=\"https:\/\/www.facebook.com\/ZamoraSpain\/\" \/>\n<meta property=\"article:modified_time\" content=\"2022-12-20T11:22:03+00:00\" \/>\n<meta property=\"og:image\" content=\"https:\/\/turismoenzamora.es\/wp-content\/uploads\/2022\/12\/Bigardo-scaled.jpg\" \/>\n<meta name=\"twitter:card\" content=\"summary_large_image\" \/>\n<meta name=\"twitter:site\" content=\"@ZamoraSpain\" \/>\n<meta name=\"twitter:label1\" content=\"Dur\u00e9e de lecture estim\u00e9e\" \/>\n\t<meta name=\"twitter:data1\" content=\"27 minutes\" \/>\n<script type=\"application\/ld+json\" class=\"yoast-schema-graph\">{\"@context\":\"https:\/\/schema.org\",\"@graph\":[{\"@type\":\"WebPage\",\"@id\":\"https:\/\/turismoenzamora.es\/turismo-experiencial\/turismo-enogastronomico\/\",\"url\":\"https:\/\/turismoenzamora.es\/turismo-experiencial\/turismo-enogastronomico\/\",\"name\":\"Turismo de Zamora , Turismo Sostenible\",\"isPartOf\":{\"@id\":\"https:\/\/turismoenzamora.es\/pt\/#website\"},\"primaryImageOfPage\":{\"@id\":\"https:\/\/turismoenzamora.es\/turismo-experiencial\/turismo-enogastronomico\/#primaryimage\"},\"image\":{\"@id\":\"https:\/\/turismoenzamora.es\/turismo-experiencial\/turismo-enogastronomico\/#primaryimage\"},\"thumbnailUrl\":\"https:\/\/turismoenzamora.es\/wp-content\/uploads\/2022\/12\/Bigardo-scaled.jpg\",\"datePublished\":\"2017-08-18T05:09:05+00:00\",\"dateModified\":\"2022-12-20T11:22:03+00:00\",\"description\":\"Esta es la p\u00e1gina Oficial de Turismo de Diputaci\u00f3n de Zamora, donde podr\u00e1 encontrar toda la informaci\u00f3n para disfrutar al m\u00e1ximo de nuestra provincia.\",\"breadcrumb\":{\"@id\":\"https:\/\/turismoenzamora.es\/turismo-experiencial\/turismo-enogastronomico\/#breadcrumb\"},\"inLanguage\":\"fr-FR\",\"potentialAction\":[{\"@type\":\"ReadAction\",\"target\":[\"https:\/\/turismoenzamora.es\/turismo-experiencial\/turismo-enogastronomico\/\"]}]},{\"@type\":\"ImageObject\",\"inLanguage\":\"fr-FR\",\"@id\":\"https:\/\/turismoenzamora.es\/turismo-experiencial\/turismo-enogastronomico\/#primaryimage\",\"url\":\"https:\/\/turismoenzamora.es\/wp-content\/uploads\/2022\/12\/Bigardo-scaled.jpg\",\"contentUrl\":\"https:\/\/turismoenzamora.es\/wp-content\/uploads\/2022\/12\/Bigardo-scaled.jpg\"},{\"@type\":\"BreadcrumbList\",\"@id\":\"https:\/\/turismoenzamora.es\/turismo-experiencial\/turismo-enogastronomico\/#breadcrumb\",\"itemListElement\":[{\"@type\":\"ListItem\",\"position\":1,\"name\":\"Portada\",\"item\":\"https:\/\/turismoenzamora.es\/\"},{\"@type\":\"ListItem\",\"position\":2,\"name\":\"Turismo experiencial\",\"item\":\"https:\/\/turismoenzamora.es\/turismo-experiencial\/\"},{\"@type\":\"ListItem\",\"position\":3,\"name\":\"Turismo Enogastron\u00f3mico\"}]},{\"@type\":\"WebSite\",\"@id\":\"https:\/\/turismoenzamora.es\/pt\/#website\",\"url\":\"https:\/\/turismoenzamora.es\/pt\/\",\"name\":\"Turismo sostenible. Patronato de Turismo de la Diputaci\u00f3n de Zamora.&quot;Turismo Sostenible&quot;.\",\"description\":\"Tourisme durable Office du tourisme de la Diputaci\u00f3n de Zamora\",\"publisher\":{\"@id\":\"https:\/\/turismoenzamora.es\/pt\/#organization\"},\"potentialAction\":[{\"@type\":\"SearchAction\",\"target\":{\"@type\":\"EntryPoint\",\"urlTemplate\":\"https:\/\/turismoenzamora.es\/pt\/?s={search_term_string}\"},\"query-input\":\"required name=search_term_string\"}],\"inLanguage\":\"fr-FR\"},{\"@type\":\"Organization\",\"@id\":\"https:\/\/turismoenzamora.es\/pt\/#organization\",\"name\":\"Patronato de Turismo de la Diputaci\u00f3n de Zamora\",\"url\":\"https:\/\/turismoenzamora.es\/pt\/\",\"logo\":{\"@type\":\"ImageObject\",\"inLanguage\":\"fr-FR\",\"@id\":\"https:\/\/turismoenzamora.es\/pt\/#\/schema\/logo\/image\/\",\"url\":\"https:\/\/turismoenzamora.es\/wp-content\/uploads\/2018\/06\/ZamoraLogo.png\",\"contentUrl\":\"https:\/\/turismoenzamora.es\/wp-content\/uploads\/2018\/06\/ZamoraLogo.png\",\"width\":1276,\"height\":290,\"caption\":\"Patronato de Turismo de la Diputaci\u00f3n de Zamora\"},\"image\":{\"@id\":\"https:\/\/turismoenzamora.es\/pt\/#\/schema\/logo\/image\/\"},\"sameAs\":[\"https:\/\/www.facebook.com\/ZamoraSpain\/\",\"https:\/\/x.com\/ZamoraSpain\",\"https:\/\/www.instagram.com\/turismoenzamora.es\/\",\"https:\/\/www.pinterest.es\/TurismoenZamora\/\",\"https:\/\/www.youtube.com\/channel\/UC2bOyOZ-2cLm-uXlBFYUV9w\"]}]}<\/script>\n<!-- \/ Yoast SEO plugin. -->","yoast_head_json":{"title":"Turismo de Zamora , Turismo Sostenible","description":"Esta es la p\u00e1gina Oficial de Turismo de Diputaci\u00f3n de Zamora, donde podr\u00e1 encontrar toda la informaci\u00f3n para disfrutar al m\u00e1ximo de nuestra provincia.","robots":{"index":"index","follow":"follow","max-snippet":"max-snippet:-1","max-image-preview":"max-image-preview:large","max-video-preview":"max-video-preview:-1"},"canonical":"https:\/\/turismoenzamora.es\/turismo-experiencial\/turismo-enogastronomico\/","og_locale":"fr_FR","og_type":"article","og_title":"Turismo de Zamora , Turismo Sostenible","og_description":"Esta es la p\u00e1gina Oficial de Turismo de Diputaci\u00f3n de Zamora, donde podr\u00e1 encontrar toda la informaci\u00f3n para disfrutar al m\u00e1ximo de nuestra provincia.","og_url":"https:\/\/turismoenzamora.es\/turismo-experiencial\/turismo-enogastronomico\/","og_site_name":"Tourisme \u00e0 Zamora","article_publisher":"https:\/\/www.facebook.com\/ZamoraSpain\/","article_modified_time":"2022-12-20T11:22:03+00:00","og_image":[{"url":"https:\/\/turismoenzamora.es\/wp-content\/uploads\/2022\/12\/Bigardo-scaled.jpg"}],"twitter_card":"summary_large_image","twitter_site":"@ZamoraSpain","twitter_misc":{"Dur\u00e9e de lecture estim\u00e9e":"27 minutes"},"schema":{"@context":"https:\/\/schema.org","@graph":[{"@type":"WebPage","@id":"https:\/\/turismoenzamora.es\/turismo-experiencial\/turismo-enogastronomico\/","url":"https:\/\/turismoenzamora.es\/turismo-experiencial\/turismo-enogastronomico\/","name":"Turismo de Zamora , Turismo Sostenible","isPartOf":{"@id":"https:\/\/turismoenzamora.es\/pt\/#website"},"primaryImageOfPage":{"@id":"https:\/\/turismoenzamora.es\/turismo-experiencial\/turismo-enogastronomico\/#primaryimage"},"image":{"@id":"https:\/\/turismoenzamora.es\/turismo-experiencial\/turismo-enogastronomico\/#primaryimage"},"thumbnailUrl":"https:\/\/turismoenzamora.es\/wp-content\/uploads\/2022\/12\/Bigardo-scaled.jpg","datePublished":"2017-08-18T05:09:05+00:00","dateModified":"2022-12-20T11:22:03+00:00","description":"Esta es la p\u00e1gina Oficial de Turismo de Diputaci\u00f3n de Zamora, donde podr\u00e1 encontrar toda la informaci\u00f3n para disfrutar al m\u00e1ximo de nuestra provincia.","breadcrumb":{"@id":"https:\/\/turismoenzamora.es\/turismo-experiencial\/turismo-enogastronomico\/#breadcrumb"},"inLanguage":"fr-FR","potentialAction":[{"@type":"ReadAction","target":["https:\/\/turismoenzamora.es\/turismo-experiencial\/turismo-enogastronomico\/"]}]},{"@type":"ImageObject","inLanguage":"fr-FR","@id":"https:\/\/turismoenzamora.es\/turismo-experiencial\/turismo-enogastronomico\/#primaryimage","url":"https:\/\/turismoenzamora.es\/wp-content\/uploads\/2022\/12\/Bigardo-scaled.jpg","contentUrl":"https:\/\/turismoenzamora.es\/wp-content\/uploads\/2022\/12\/Bigardo-scaled.jpg"},{"@type":"BreadcrumbList","@id":"https:\/\/turismoenzamora.es\/turismo-experiencial\/turismo-enogastronomico\/#breadcrumb","itemListElement":[{"@type":"ListItem","position":1,"name":"Portada","item":"https:\/\/turismoenzamora.es\/"},{"@type":"ListItem","position":2,"name":"Turismo experiencial","item":"https:\/\/turismoenzamora.es\/turismo-experiencial\/"},{"@type":"ListItem","position":3,"name":"Turismo Enogastron\u00f3mico"}]},{"@type":"WebSite","@id":"https:\/\/turismoenzamora.es\/pt\/#website","url":"https:\/\/turismoenzamora.es\/pt\/","name":"Turismo sostenible. Patronato de Turismo de la Diputaci\u00f3n de Zamora.&quot;Turismo Sostenible&quot;.","description":"Tourisme durable Office du tourisme de la Diputaci\u00f3n de Zamora","publisher":{"@id":"https:\/\/turismoenzamora.es\/pt\/#organization"},"potentialAction":[{"@type":"SearchAction","target":{"@type":"EntryPoint","urlTemplate":"https:\/\/turismoenzamora.es\/pt\/?s={search_term_string}"},"query-input":"required name=search_term_string"}],"inLanguage":"fr-FR"},{"@type":"Organization","@id":"https:\/\/turismoenzamora.es\/pt\/#organization","name":"Patronato de Turismo de la Diputaci\u00f3n de Zamora","url":"https:\/\/turismoenzamora.es\/pt\/","logo":{"@type":"ImageObject","inLanguage":"fr-FR","@id":"https:\/\/turismoenzamora.es\/pt\/#\/schema\/logo\/image\/","url":"https:\/\/turismoenzamora.es\/wp-content\/uploads\/2018\/06\/ZamoraLogo.png","contentUrl":"https:\/\/turismoenzamora.es\/wp-content\/uploads\/2018\/06\/ZamoraLogo.png","width":1276,"height":290,"caption":"Patronato de Turismo de la Diputaci\u00f3n de Zamora"},"image":{"@id":"https:\/\/turismoenzamora.es\/pt\/#\/schema\/logo\/image\/"},"sameAs":["https:\/\/www.facebook.com\/ZamoraSpain\/","https:\/\/x.com\/ZamoraSpain","https:\/\/www.instagram.com\/turismoenzamora.es\/","https:\/\/www.pinterest.es\/TurismoenZamora\/","https:\/\/www.youtube.com\/channel\/UC2bOyOZ-2cLm-uXlBFYUV9w"]}]}},"_links":{"self":[{"href":"https:\/\/turismoenzamora.es\/fr\/wp-json\/wp\/v2\/pages\/2160"}],"collection":[{"href":"https:\/\/turismoenzamora.es\/fr\/wp-json\/wp\/v2\/pages"}],"about":[{"href":"https:\/\/turismoenzamora.es\/fr\/wp-json\/wp\/v2\/types\/page"}],"author":[{"embeddable":true,"href":"https:\/\/turismoenzamora.es\/fr\/wp-json\/wp\/v2\/users\/1"}],"replies":[{"embeddable":true,"href":"https:\/\/turismoenzamora.es\/fr\/wp-json\/wp\/v2\/comments?post=2160"}],"version-history":[{"count":0,"href":"https:\/\/turismoenzamora.es\/fr\/wp-json\/wp\/v2\/pages\/2160\/revisions"}],"up":[{"embeddable":true,"href":"https:\/\/turismoenzamora.es\/fr\/wp-json\/wp\/v2\/pages\/1713"}],"wp:attachment":[{"href":"https:\/\/turismoenzamora.es\/fr\/wp-json\/wp\/v2\/media?parent=2160"}],"curies":[{"name":"wp","href":"https:\/\/api.w.org\/{rel}","templated":true}]}}