{"id":20738,"date":"2024-08-14T11:01:00","date_gmt":"2024-08-14T09:01:00","guid":{"rendered":"https:\/\/turismoenzamora.es\/?page_id=20738"},"modified":"2024-08-14T11:05:15","modified_gmt":"2024-08-14T09:05:15","slug":"esenoturismoenwine-tourismfrenotourismeptturismo-do-vinhodeweintourismus","status":"publish","type":"page","link":"https:\/\/turismoenzamora.es\/fr\/esenoturismoenwine-tourismfrenotourismeptturismo-do-vinhodeweintourismus\/","title":{"rendered":"Oleoturismo"},"content":{"rendered":"\t\t<div data-elementor-type=\"wp-page\" data-elementor-id=\"20738\" class=\"elementor elementor-20738\" data-elementor-post-type=\"page\">\n\t\t\t\t\t\t<section class=\"elementor-section elementor-top-section elementor-element elementor-element-271081ce elementor-section-boxed elementor-section-height-default elementor-section-height-default\" data-id=\"271081ce\" data-element_type=\"section\">\n\t\t\t\t\t\t<div class=\"elementor-container elementor-column-gap-default\">\n\t\t\t\t\t<div class=\"elementor-column elementor-col-100 elementor-top-column elementor-element elementor-element-4f438c46\" data-id=\"4f438c46\" data-element_type=\"column\">\n\t\t\t<div class=\"elementor-widget-wrap elementor-element-populated\">\n\t\t\t\t\t\t<div class=\"elementor-element elementor-element-3d16b600 elementor-widget elementor-widget-text-editor\" data-id=\"3d16b600\" data-element_type=\"widget\" data-widget_type=\"text-editor.default\">\n\t\t\t\t<div class=\"elementor-widget-container\">\n\t\t\t\t\t\t\t<p><\/p><h1 class=\"title\">\u0152NOTOURISME<\/h1><p><img fetchpriority=\"high\" decoding=\"async\" class=\"wp-image-4494 size-full\" src=\"https:\/\/turismoenzamora.es\/wp-content\/uploads\/2017\/08\/seccion-enoturismo.jpg\" alt=\"\" width=\"670\" height=\"350\" data-id=\"4494\" srcset=\"https:\/\/turismoenzamora.es\/wp-content\/uploads\/2017\/08\/seccion-enoturismo.jpg 670w, https:\/\/turismoenzamora.es\/wp-content\/uploads\/2017\/08\/seccion-enoturismo-300x157.jpg 300w\" sizes=\"(max-width: 670px) 100vw, 670px\" \/><br \/>Une mani\u00e8re diff\u00e9rente de visiter une partie de la province de Zamora est de prendre le vin comme fil conducteur. Ce n&rsquo;est pas en vain que Zamora compte trois zones viticoles prot\u00e9g\u00e9es par l&rsquo;appellation d&rsquo;origine et une quatri\u00e8me par l&rsquo;appellation d&rsquo;origine prot\u00e9g\u00e9e.<\/p><p>Quatre appellations qui permettent au voyageur de d\u00e9couvrir certains des attraits touristiques les plus int\u00e9ressants, en parcourant notre province : du sud au nord, \u00e0 travers l&rsquo;appellation d&rsquo;origine \u00ab\u00a0Tierra del Vino\u00a0\u00bb, qui traverse ce qu&rsquo;on appelle la \u00ab\u00a0route de l&rsquo;argent\u00a0\u00bb, chemin de Saint-Jacques qui englobe entre autres localit\u00e9s Cubo del Vino, Villanueva de Campe\u00e1n ou la propre ville de Zamora, et la plus grande concentration d&rsquo;\u00e9glises romanes d&rsquo;Europe.<\/p><p>\u00c0 l&rsquo;extr\u00eame sud-est de la province, s&rsquo;\u00e9tend le canton vitivinicole de Toro, l&rsquo;appellation d&rsquo;origine la plus ancienne. La capitale de l&rsquo;appellation, Toro, est l&rsquo;\u00e9picentre des visites touristiques, en raison de son riche patrimoine.<\/p><p>Mais si une partie de notre territoire porte l&#8217;empreinte de la viticulture et fascinera sans nul doute le visiteur, c&rsquo;est le canton de los Arribes de Zamora, o\u00f9 les vignes occupent les coteaux en formant les terrasses traditionnelles. Ses vins sont prot\u00e9g\u00e9s par l&rsquo;appellation d&rsquo;origine Arribes.<\/p><p>Compl\u00e9ter la visite des vignobles par un voyage en bateau sur le fleuve permettra de conna\u00eetre un des espaces naturels les plus surprenants de notre province, le Parc naturel Arribes del Duero.<\/p><p>Une grande partie des vignobles sont enclav\u00e9s dans des ensembles historiques, comme Fermoselle qui d\u00e9tient des exemples remarquables d&rsquo;architecture traditionnelle.<\/p><p>Enfin, les vins des vall\u00e9es de Benavente, r\u00e9cemment prot\u00e9g\u00e9s par l&rsquo;appellation d&rsquo;origine prot\u00e9g\u00e9e. Sur cet itin\u00e9raire, il faut souligner le patrimoine monumental de Benavente, point strat\u00e9gique et crois\u00e9e des chemins sur la route de l&rsquo;argent. Parcourir les vall\u00e9es permettra en outre au voyageur de conna\u00eetre l&rsquo;un des itin\u00e9raires les plus int\u00e9ressants de l&rsquo;offre d&rsquo;arch\u00e9otourisme de Zamora.<br \/><a href=\"https:\/\/turismoenzamora.es\/wp-content\/uploads\/2017\/08\/FolletoVinos2012.pdf\" target=\"_blank\" rel=\"noopener noreferrer\"><img decoding=\"async\" class=\"size-full wp-image-640 alignleft\" src=\"https:\/\/turismoenzamora.es\/wp-content\/uploads\/2017\/08\/masinfo.png\" alt=\"\" width=\"63\" height=\"32\" data-id=\"640\" \/><\/a><\/p><table width=\"500\" cellspacing=\"0\" align=\"center\"><tbody><tr><td style=\"text-align: center;\"><a href=\"https:\/\/turismoenzamora.es\/toro-2\/\"><img decoding=\"async\" class=\"size-thumbnail wp-image-4536 aligncenter\" src=\"https:\/\/turismoenzamora.es\/wp-content\/uploads\/2017\/08\/categoria-enoturismo-toro-150x150.jpg\" alt=\"\" width=\"150\" height=\"150\" data-id=\"4536\" \/>Toro<\/a><\/td><td style=\"text-align: center;\"><a href=\"https:\/\/turismoenzamora.es\/arribes-2\/\"><img loading=\"lazy\" decoding=\"async\" class=\"size-thumbnail wp-image-4534 aligncenter\" src=\"https:\/\/turismoenzamora.es\/wp-content\/uploads\/2017\/08\/categoria-enoturismo-arribes-150x150.jpg\" alt=\"\" width=\"150\" height=\"150\" data-id=\"4534\" \/>Arribes<\/a><\/td><td style=\"text-align: center;\"><a href=\"https:\/\/turismoenzamora.es\/tierra-del-vino\/\"><img loading=\"lazy\" decoding=\"async\" class=\"size-thumbnail wp-image-4535 aligncenter\" src=\"https:\/\/turismoenzamora.es\/wp-content\/uploads\/2017\/08\/categoria-enoturismo-tierra-del-vino-02-150x150.jpg\" alt=\"\" width=\"150\" height=\"150\" data-id=\"4535\" \/>Tierra del Vino<\/a><\/td><\/tr><tr><td style=\"text-align: center;\"><a href=\"https:\/\/turismoenzamora.es\/valles-de-benavente\/\"><img loading=\"lazy\" decoding=\"async\" class=\"size-thumbnail wp-image-4537 aligncenter\" src=\"https:\/\/turismoenzamora.es\/wp-content\/uploads\/2017\/08\/categoria-enoturismo-valles-benavente-150x150.jpg\" alt=\"\" width=\"150\" height=\"150\" data-id=\"4537\" \/>Valles de Benavente<\/a><\/td><\/tr><\/tbody><\/table><p><\/p>\t\t\t\t\t\t<\/div>\n\t\t\t\t<\/div>\n\t\t\t\t\t<\/div>\n\t\t<\/div>\n\t\t\t\t\t<\/div>\n\t\t<\/section>\n\t\t\t\t<\/div>\n\t\t","protected":false},"excerpt":{"rendered":"<p>\u0152NOTOURISME Une mani\u00e8re diff\u00e9rente de visiter une partie de la province de Zamora est de prendre le vin comme fil conducteur. Ce n&rsquo;est pas en vain que Zamora compte trois zones viticoles prot\u00e9g\u00e9es par l&rsquo;appellation d&rsquo;origine et une quatri\u00e8me par l&rsquo;appellation d&rsquo;origine prot\u00e9g\u00e9e. Quatre appellations qui permettent au voyageur de d\u00e9couvrir certains des attraits touristiques [&hellip;]<\/p>\n","protected":false},"author":1,"featured_media":0,"parent":0,"menu_order":0,"comment_status":"closed","ping_status":"closed","template":"","meta":{"inline_featured_image":false,"site-sidebar-layout":"default","site-content-layout":"default","ast-site-content-layout":"default","site-content-style":"default","site-sidebar-style":"default","ast-global-header-display":"","ast-banner-title-visibility":"","ast-main-header-display":"","ast-hfb-above-header-display":"","ast-hfb-below-header-display":"","ast-hfb-mobile-header-display":"","site-post-title":"disabled","ast-breadcrumbs-content":"","ast-featured-img":"","footer-sml-layout":"","theme-transparent-header-meta":"default","adv-header-id-meta":"","stick-header-meta":"","header-above-stick-meta":"","header-main-stick-meta":"","header-below-stick-meta":"","astra-migrate-meta-layouts":"set","ast-page-background-enabled":"default","ast-page-background-meta":{"desktop":{"background-color":"","background-image":"","background-repeat":"repeat","background-position":"center center","background-size":"auto","background-attachment":"scroll","background-type":"","background-media":"","overlay-type":"","overlay-color":"","overlay-gradient":""},"tablet":{"background-color":"","background-image":"","background-repeat":"repeat","background-position":"center center","background-size":"auto","background-attachment":"scroll","background-type":"","background-media":"","overlay-type":"","overlay-color":"","overlay-gradient":""},"mobile":{"background-color":"","background-image":"","background-repeat":"repeat","background-position":"center center","background-size":"auto","background-attachment":"scroll","background-type":"","background-media":"","overlay-type":"","overlay-color":"","overlay-gradient":""}},"ast-content-background-meta":{"desktop":{"background-color":"var(--ast-global-color-5)","background-image":"","background-repeat":"repeat","background-position":"center center","background-size":"auto","background-attachment":"scroll","background-type":"","background-media":"","overlay-type":"","overlay-color":"","overlay-gradient":""},"tablet":{"background-color":"var(--ast-global-color-5)","background-image":"","background-repeat":"repeat","background-position":"center center","background-size":"auto","background-attachment":"scroll","background-type":"","background-media":"","overlay-type":"","overlay-color":"","overlay-gradient":""},"mobile":{"background-color":"var(--ast-global-color-5)","background-image":"","background-repeat":"repeat","background-position":"center center","background-size":"auto","background-attachment":"scroll","background-type":"","background-media":"","overlay-type":"","overlay-color":"","overlay-gradient":""}},"ngg_post_thumbnail":0,"footnotes":""},"yoast_head":"<!-- This site is optimized with the Yoast SEO plugin v23.0 - https:\/\/yoast.com\/wordpress\/plugins\/seo\/ -->\n<title>Turismo de Zamora , Turismo Sostenible<\/title>\n<meta name=\"description\" content=\"(Espa\u00f1ol) Descubre el mundo del aceite en una experiencia \u00fanica que te adentrar\u00e1 en la cultura del olivo y el antiguo proceso de elaboraci\u00f3n del aceite de oliva\" \/>\n<meta name=\"robots\" content=\"index, follow, max-snippet:-1, max-image-preview:large, max-video-preview:-1\" \/>\n<link rel=\"canonical\" href=\"https:\/\/turismoenzamora.es\/esenoturismoenwine-tourismfrenotourismeptturismo-do-vinhodeweintourismus\/\" \/>\n<meta property=\"og:locale\" content=\"fr_FR\" \/>\n<meta property=\"og:type\" content=\"article\" \/>\n<meta property=\"og:title\" content=\"Turismo de Zamora , Turismo Sostenible\" \/>\n<meta property=\"og:description\" content=\"{:es}Descubre el mundo del aceite en una experiencia \u00fanica que te adentrar\u00e1 en la cultura del olivo y el antiguo proceso de elaboraci\u00f3n del aceite de oliva{:}\" \/>\n<meta property=\"og:url\" content=\"https:\/\/turismoenzamora.es\/esenoturismoenwine-tourismfrenotourismeptturismo-do-vinhodeweintourismus\/\" \/>\n<meta property=\"og:site_name\" content=\"Tourisme \u00e0 Zamora\" \/>\n<meta property=\"article:publisher\" content=\"https:\/\/www.facebook.com\/ZamoraSpain\/\" \/>\n<meta property=\"article:modified_time\" content=\"2024-08-14T09:05:15+00:00\" \/>\n<meta property=\"og:image\" content=\"https:\/\/turismoenzamora.es\/wp-content\/uploads\/2024\/08\/w-1024x680.jpg\" \/>\n<meta name=\"twitter:card\" content=\"summary_large_image\" \/>\n<meta name=\"twitter:site\" content=\"@ZamoraSpain\" \/>\n<meta name=\"twitter:label1\" content=\"Dur\u00e9e de lecture estim\u00e9e\" \/>\n\t<meta name=\"twitter:data1\" content=\"12 minutes\" \/>\n<script type=\"application\/ld+json\" class=\"yoast-schema-graph\">{\"@context\":\"https:\/\/schema.org\",\"@graph\":[{\"@type\":\"WebPage\",\"@id\":\"https:\/\/turismoenzamora.es\/esenoturismoenwine-tourismfrenotourismeptturismo-do-vinhodeweintourismus\/\",\"url\":\"https:\/\/turismoenzamora.es\/esenoturismoenwine-tourismfrenotourismeptturismo-do-vinhodeweintourismus\/\",\"name\":\"Turismo de Zamora , Turismo Sostenible\",\"isPartOf\":{\"@id\":\"https:\/\/turismoenzamora.es\/pt\/#website\"},\"primaryImageOfPage\":{\"@id\":\"https:\/\/turismoenzamora.es\/esenoturismoenwine-tourismfrenotourismeptturismo-do-vinhodeweintourismus\/#primaryimage\"},\"image\":{\"@id\":\"https:\/\/turismoenzamora.es\/esenoturismoenwine-tourismfrenotourismeptturismo-do-vinhodeweintourismus\/#primaryimage\"},\"thumbnailUrl\":\"https:\/\/turismoenzamora.es\/wp-content\/uploads\/2024\/08\/w-1024x680.jpg\",\"datePublished\":\"2024-08-14T09:01:00+00:00\",\"dateModified\":\"2024-08-14T09:05:15+00:00\",\"description\":\"{:es}Descubre el mundo del aceite en una experiencia \u00fanica que te adentrar\u00e1 en la cultura del olivo y el antiguo proceso de elaboraci\u00f3n del aceite de oliva{:}\",\"breadcrumb\":{\"@id\":\"https:\/\/turismoenzamora.es\/esenoturismoenwine-tourismfrenotourismeptturismo-do-vinhodeweintourismus\/#breadcrumb\"},\"inLanguage\":\"fr-FR\",\"potentialAction\":[{\"@type\":\"ReadAction\",\"target\":[\"https:\/\/turismoenzamora.es\/esenoturismoenwine-tourismfrenotourismeptturismo-do-vinhodeweintourismus\/\"]}]},{\"@type\":\"ImageObject\",\"inLanguage\":\"fr-FR\",\"@id\":\"https:\/\/turismoenzamora.es\/esenoturismoenwine-tourismfrenotourismeptturismo-do-vinhodeweintourismus\/#primaryimage\",\"url\":\"https:\/\/turismoenzamora.es\/wp-content\/uploads\/2024\/08\/w-1024x680.jpg\",\"contentUrl\":\"https:\/\/turismoenzamora.es\/wp-content\/uploads\/2024\/08\/w-1024x680.jpg\"},{\"@type\":\"BreadcrumbList\",\"@id\":\"https:\/\/turismoenzamora.es\/esenoturismoenwine-tourismfrenotourismeptturismo-do-vinhodeweintourismus\/#breadcrumb\",\"itemListElement\":[{\"@type\":\"ListItem\",\"position\":1,\"name\":\"Portada\",\"item\":\"https:\/\/turismoenzamora.es\/\"},{\"@type\":\"ListItem\",\"position\":2,\"name\":\"Oleoturismo\"}]},{\"@type\":\"WebSite\",\"@id\":\"https:\/\/turismoenzamora.es\/pt\/#website\",\"url\":\"https:\/\/turismoenzamora.es\/pt\/\",\"name\":\"Turismo sostenible. Patronato de Turismo de la Diputaci\u00f3n de Zamora.&quot;Turismo Sostenible&quot;.\",\"description\":\"Tourisme durable Office du tourisme de la Diputaci\u00f3n de Zamora\",\"publisher\":{\"@id\":\"https:\/\/turismoenzamora.es\/pt\/#organization\"},\"potentialAction\":[{\"@type\":\"SearchAction\",\"target\":{\"@type\":\"EntryPoint\",\"urlTemplate\":\"https:\/\/turismoenzamora.es\/pt\/?s={search_term_string}\"},\"query-input\":\"required name=search_term_string\"}],\"inLanguage\":\"fr-FR\"},{\"@type\":\"Organization\",\"@id\":\"https:\/\/turismoenzamora.es\/pt\/#organization\",\"name\":\"Patronato de Turismo de la Diputaci\u00f3n de Zamora\",\"url\":\"https:\/\/turismoenzamora.es\/pt\/\",\"logo\":{\"@type\":\"ImageObject\",\"inLanguage\":\"fr-FR\",\"@id\":\"https:\/\/turismoenzamora.es\/pt\/#\/schema\/logo\/image\/\",\"url\":\"https:\/\/turismoenzamora.es\/wp-content\/uploads\/2018\/06\/ZamoraLogo.png\",\"contentUrl\":\"https:\/\/turismoenzamora.es\/wp-content\/uploads\/2018\/06\/ZamoraLogo.png\",\"width\":1276,\"height\":290,\"caption\":\"Patronato de Turismo de la Diputaci\u00f3n de Zamora\"},\"image\":{\"@id\":\"https:\/\/turismoenzamora.es\/pt\/#\/schema\/logo\/image\/\"},\"sameAs\":[\"https:\/\/www.facebook.com\/ZamoraSpain\/\",\"https:\/\/x.com\/ZamoraSpain\",\"https:\/\/www.instagram.com\/turismoenzamora.es\/\",\"https:\/\/www.pinterest.es\/TurismoenZamora\/\",\"https:\/\/www.youtube.com\/channel\/UC2bOyOZ-2cLm-uXlBFYUV9w\"]}]}<\/script>\n<!-- \/ Yoast SEO plugin. -->","yoast_head_json":{"title":"Turismo de Zamora , Turismo Sostenible","description":"(Espa\u00f1ol) Descubre el mundo del aceite en una experiencia \u00fanica que te adentrar\u00e1 en la cultura del olivo y el antiguo proceso de elaboraci\u00f3n del aceite de oliva","robots":{"index":"index","follow":"follow","max-snippet":"max-snippet:-1","max-image-preview":"max-image-preview:large","max-video-preview":"max-video-preview:-1"},"canonical":"https:\/\/turismoenzamora.es\/esenoturismoenwine-tourismfrenotourismeptturismo-do-vinhodeweintourismus\/","og_locale":"fr_FR","og_type":"article","og_title":"Turismo de Zamora , Turismo Sostenible","og_description":"{:es}Descubre el mundo del aceite en una experiencia \u00fanica que te adentrar\u00e1 en la cultura del olivo y el antiguo proceso de elaboraci\u00f3n del aceite de oliva{:}","og_url":"https:\/\/turismoenzamora.es\/esenoturismoenwine-tourismfrenotourismeptturismo-do-vinhodeweintourismus\/","og_site_name":"Tourisme \u00e0 Zamora","article_publisher":"https:\/\/www.facebook.com\/ZamoraSpain\/","article_modified_time":"2024-08-14T09:05:15+00:00","og_image":[{"url":"https:\/\/turismoenzamora.es\/wp-content\/uploads\/2024\/08\/w-1024x680.jpg"}],"twitter_card":"summary_large_image","twitter_site":"@ZamoraSpain","twitter_misc":{"Dur\u00e9e de lecture estim\u00e9e":"12 minutes"},"schema":{"@context":"https:\/\/schema.org","@graph":[{"@type":"WebPage","@id":"https:\/\/turismoenzamora.es\/esenoturismoenwine-tourismfrenotourismeptturismo-do-vinhodeweintourismus\/","url":"https:\/\/turismoenzamora.es\/esenoturismoenwine-tourismfrenotourismeptturismo-do-vinhodeweintourismus\/","name":"Turismo de Zamora , Turismo Sostenible","isPartOf":{"@id":"https:\/\/turismoenzamora.es\/pt\/#website"},"primaryImageOfPage":{"@id":"https:\/\/turismoenzamora.es\/esenoturismoenwine-tourismfrenotourismeptturismo-do-vinhodeweintourismus\/#primaryimage"},"image":{"@id":"https:\/\/turismoenzamora.es\/esenoturismoenwine-tourismfrenotourismeptturismo-do-vinhodeweintourismus\/#primaryimage"},"thumbnailUrl":"https:\/\/turismoenzamora.es\/wp-content\/uploads\/2024\/08\/w-1024x680.jpg","datePublished":"2024-08-14T09:01:00+00:00","dateModified":"2024-08-14T09:05:15+00:00","description":"{:es}Descubre el mundo del aceite en una experiencia \u00fanica que te adentrar\u00e1 en la cultura del olivo y el antiguo proceso de elaboraci\u00f3n del aceite de oliva{:}","breadcrumb":{"@id":"https:\/\/turismoenzamora.es\/esenoturismoenwine-tourismfrenotourismeptturismo-do-vinhodeweintourismus\/#breadcrumb"},"inLanguage":"fr-FR","potentialAction":[{"@type":"ReadAction","target":["https:\/\/turismoenzamora.es\/esenoturismoenwine-tourismfrenotourismeptturismo-do-vinhodeweintourismus\/"]}]},{"@type":"ImageObject","inLanguage":"fr-FR","@id":"https:\/\/turismoenzamora.es\/esenoturismoenwine-tourismfrenotourismeptturismo-do-vinhodeweintourismus\/#primaryimage","url":"https:\/\/turismoenzamora.es\/wp-content\/uploads\/2024\/08\/w-1024x680.jpg","contentUrl":"https:\/\/turismoenzamora.es\/wp-content\/uploads\/2024\/08\/w-1024x680.jpg"},{"@type":"BreadcrumbList","@id":"https:\/\/turismoenzamora.es\/esenoturismoenwine-tourismfrenotourismeptturismo-do-vinhodeweintourismus\/#breadcrumb","itemListElement":[{"@type":"ListItem","position":1,"name":"Portada","item":"https:\/\/turismoenzamora.es\/"},{"@type":"ListItem","position":2,"name":"Oleoturismo"}]},{"@type":"WebSite","@id":"https:\/\/turismoenzamora.es\/pt\/#website","url":"https:\/\/turismoenzamora.es\/pt\/","name":"Turismo sostenible. Patronato de Turismo de la Diputaci\u00f3n de Zamora.&quot;Turismo Sostenible&quot;.","description":"Tourisme durable Office du tourisme de la Diputaci\u00f3n de Zamora","publisher":{"@id":"https:\/\/turismoenzamora.es\/pt\/#organization"},"potentialAction":[{"@type":"SearchAction","target":{"@type":"EntryPoint","urlTemplate":"https:\/\/turismoenzamora.es\/pt\/?s={search_term_string}"},"query-input":"required name=search_term_string"}],"inLanguage":"fr-FR"},{"@type":"Organization","@id":"https:\/\/turismoenzamora.es\/pt\/#organization","name":"Patronato de Turismo de la Diputaci\u00f3n de Zamora","url":"https:\/\/turismoenzamora.es\/pt\/","logo":{"@type":"ImageObject","inLanguage":"fr-FR","@id":"https:\/\/turismoenzamora.es\/pt\/#\/schema\/logo\/image\/","url":"https:\/\/turismoenzamora.es\/wp-content\/uploads\/2018\/06\/ZamoraLogo.png","contentUrl":"https:\/\/turismoenzamora.es\/wp-content\/uploads\/2018\/06\/ZamoraLogo.png","width":1276,"height":290,"caption":"Patronato de Turismo de la Diputaci\u00f3n de Zamora"},"image":{"@id":"https:\/\/turismoenzamora.es\/pt\/#\/schema\/logo\/image\/"},"sameAs":["https:\/\/www.facebook.com\/ZamoraSpain\/","https:\/\/x.com\/ZamoraSpain","https:\/\/www.instagram.com\/turismoenzamora.es\/","https:\/\/www.pinterest.es\/TurismoenZamora\/","https:\/\/www.youtube.com\/channel\/UC2bOyOZ-2cLm-uXlBFYUV9w"]}]}},"_links":{"self":[{"href":"https:\/\/turismoenzamora.es\/fr\/wp-json\/wp\/v2\/pages\/20738"}],"collection":[{"href":"https:\/\/turismoenzamora.es\/fr\/wp-json\/wp\/v2\/pages"}],"about":[{"href":"https:\/\/turismoenzamora.es\/fr\/wp-json\/wp\/v2\/types\/page"}],"author":[{"embeddable":true,"href":"https:\/\/turismoenzamora.es\/fr\/wp-json\/wp\/v2\/users\/1"}],"replies":[{"embeddable":true,"href":"https:\/\/turismoenzamora.es\/fr\/wp-json\/wp\/v2\/comments?post=20738"}],"version-history":[{"count":0,"href":"https:\/\/turismoenzamora.es\/fr\/wp-json\/wp\/v2\/pages\/20738\/revisions"}],"wp:attachment":[{"href":"https:\/\/turismoenzamora.es\/fr\/wp-json\/wp\/v2\/media?parent=20738"}],"curies":[{"name":"wp","href":"https:\/\/api.w.org\/{rel}","templated":true}]}}