{"id":165,"date":"2017-08-07T11:05:09","date_gmt":"2017-08-07T09:05:09","guid":{"rendered":"https:\/\/newweb.turismoenzamora.es\/?page_id=165"},"modified":"2021-09-01T16:42:01","modified_gmt":"2021-09-01T14:42:01","slug":"zamora","status":"publish","type":"page","link":"https:\/\/turismoenzamora.es\/fr\/patrimonio-artistico\/zamora\/","title":{"rendered":"Zamora"},"content":{"rendered":"<p><\/p>\n<h1>Zamora<\/h1>\n<p><img fetchpriority=\"high\" decoding=\"async\" class=\"aligncenter size-full wp-image-6901\" src=\"https:\/\/turismoenzamora.es\/wp-content\/uploads\/2017\/08\/patrimonio-art\u00edsticozamora.jpg\" alt=\"\" width=\"900\" height=\"494\" data-id=\"6901\" srcset=\"https:\/\/turismoenzamora.es\/wp-content\/uploads\/2017\/08\/patrimonio-art\u00edsticozamora.jpg 900w, https:\/\/turismoenzamora.es\/wp-content\/uploads\/2017\/08\/patrimonio-art\u00edsticozamora-300x165.jpg 300w, https:\/\/turismoenzamora.es\/wp-content\/uploads\/2017\/08\/patrimonio-art\u00edsticozamora-768x422.jpg 768w\" sizes=\"(max-width: 900px) 100vw, 900px\" \/><\/p>\n<p>Zamora se dresse sur une colline strat\u00e9gique, d\u00e9fendue au sud par un fleuve, le Duero. Sur la route de l&rsquo;argent, elle a accueilli la villa romaine \u00ab\u00a0Ocellum Duri\u00a0\u00bb. Le Moyen-\u00c2ge conf\u00e8re son importance \u00e0 la province de Zamora.<\/p>\n<p>Au XIIIe si\u00e8cle, la ville \u00e9tait entour\u00e9e par trois fortifications. Parmi celles-ci subsistent le ch\u00e2teau, des tourelles et des portes, des pans de remparts, qui offrent de magnifiques vues sur le Duero.<\/p>\n<p>L&rsquo;art roman : la capitale concentre le plus grand nombre de monuments romans au m\u00e8tre carr\u00e9 de toutes les villes europ\u00e9ennes. Plus d&rsquo;une vingtaine d&rsquo;\u00e9glises romanes pars\u00e8ment la capitale, ce pourquoi son centre historique fut d\u00e9clar\u00e9 ensemble historique et artistique.<\/p>\n<p>La cath\u00e9drale du XIIe si\u00e8cle pr\u00e9sente un d\u00f4me \u00e0 \u00e9cailles de pierre, soutenu par une tour d&rsquo;influence byzantine. De ses portes originales il ne reste que la Porte de l&rsquo;\u00c9v\u00eaque, une tour massive de cinq corps ayant \u00e9t\u00e9 ajout\u00e9e au XIIe si\u00e8cle . \u00c0 l&rsquo;int\u00e9rieur il faut souligner les stalles du coro du XVIe si\u00e8cle. Le Mus\u00e9e de la cath\u00e9drale conserve une splendide collection de tapisseries flamandes.<\/p>\n<p>\u00c0 c\u00f4t\u00e9, le ch\u00e2teau, aujourd&rsquo;hui Centre d&rsquo;art contemporain Baltasar Lobo. Sur le fleuve, les Ace\u00f1as de Olivares &#8211; des moulins \u00e0 eau du Xe si\u00e8cle &#8211; et le pont de pierre du XIIIe si\u00e8cle.<\/p>\n<p>Les rues la R\u00faa de los Notarios et la R\u00faa de los Francos refl\u00e8tent encore l&rsquo;ancien trac\u00e9 de la premi\u00e8re enceinte m\u00e9di\u00e9vale, dans laquelle furent construites les \u00e9glises romanes San Pedro y San Ildefonso et La Magdalena.<\/p>\n<p><img decoding=\"async\" class=\"size-medium wp-image-537 alignleft\" src=\"https:\/\/turismoenzamora.es\/wp-content\/uploads\/2017\/08\/zamora_2-300x163.jpg\" alt=\"\" width=\"300\" height=\"163\" srcset=\"https:\/\/turismoenzamora.es\/wp-content\/uploads\/2017\/08\/zamora_2-300x163.jpg 300w, https:\/\/turismoenzamora.es\/wp-content\/uploads\/2017\/08\/zamora_2-768x417.jpg 768w, https:\/\/turismoenzamora.es\/wp-content\/uploads\/2017\/08\/zamora_2-1024x555.jpg 1024w, https:\/\/turismoenzamora.es\/wp-content\/uploads\/2017\/08\/zamora_2-1920x1050.jpg 1920w, https:\/\/turismoenzamora.es\/wp-content\/uploads\/2017\/08\/zamora_2.jpg 1936w\" sizes=\"(max-width: 300px) 100vw, 300px\" \/>Sur la Plaza de Viriato, qui accueille la sculpture d&rsquo;Eduardo Barr\u00f3n d\u00e9di\u00e9e au berger lusitanien, se trouve le Palacio de la Encarnaci\u00f3n, palais fond\u00e9 au XVIIe si\u00e8cle ainsi que le Palais des Comtes d&rsquo;Alba et Aliste du XVe si\u00e8cle qui abrite le Parador de Turismo (h\u00f4tel de luxe historique). Sur cette m\u00eame place se trouve le mus\u00e9e ethnographique de Castille-et-Le\u00f3n.<\/p>\n<p>On rencontre dans les environs d&rsquo;autres \u00e9glises romanes comme San Cipriano et Santa Maria la Nueva, cette derni\u00e8re \u00e0 c\u00f4t\u00e9 du Mus\u00e9e de la Semaine sainte, qui expose la plupart des groupes de statues qui d\u00e9filent durant la semaine de la Passion. Le Palacio de Pu\u00f1oenrostro est un remarquable palais du XVIe si\u00e8cle qui abrite le Mus\u00e9e de Zamora.<\/p>\n<p>Sur la Plaza Mayor se situent l&rsquo;\u00e9glise romane San Juan de Puerta Nueva et l&rsquo;ancienne mairie construite en 1504. La toute proche calle de Balborraz est l&rsquo;une des plus pittoresques de la ville.<\/p>\n<p>La rue pi\u00e9tonne de Santa Clara, art\u00e8re commerciale par excellence, exhibe le Palais de los Momos, de style gothique isabelin et l&rsquo;\u00e9glise romane Santiago del Burgo.<\/p>\n<p>D&rsquo;autres \u00e9glises romanes sont situ\u00e9es dans les \u00ab\u00a0Barrios Bajos\u00a0\u00bb, ancien quartier juif : Santa Mar\u00eda de la Horta et Santo Tom\u00e9, cette derni\u00e8re abrite les fonds du Mus\u00e9e dioc\u00e9sain.<\/p>\n<p>\u00c0 l&rsquo;ext\u00e9rieur de la ville, se trouvent les \u00e9glises San Claudio de Olivares, avec de magnifiques chapiteaux sculpt\u00e9s et Santiago de los Caballeros.<\/p>\n<p>Les autres \u00e9glises m\u00e9ritant la visite sont San Esteban, San Vicente, San Andr\u00e9s ou San Isidoro.<\/p>\n<p>Zamora v\u00e9cut un important d\u00e9veloppement urbanistique et architectural depuis le milieu du XIXe si\u00e8cle, dont le point culminant fut l&rsquo;Art nouveau. Entre 1875 et 1930, une multitude d&rsquo;immeubles \u00e9clectiques et historicistes, d&rsquo;autres industriels et surtout, un nombre consid\u00e9rable de b\u00e2timents modernistes furent construits. La splendeur de ces derniers a permis l&rsquo;inclusion de Zamora dans le groupe exclusif de communes qui forment la Route europ\u00e9enne de l&rsquo;Art nouveau.<\/p>\n<p>L&rsquo;architecture d&rsquo;aujourd&rsquo;hui : plusieurs b\u00e2timents repr\u00e9sentatifs de l&rsquo;architecture contemporaine dont les projets &#8211; outre le fait d&rsquo;avoir obtenu des prix nationaux et internationaux &#8211; ont contribu\u00e9 \u00e0 magnifier et \u00e0 enrichir le patrimoine b\u00e2ti de Zamora : le mus\u00e9e de Zamora, le couvent San Francisco, le Parc des expositions, le mus\u00e9e ethnographique et le nouveau si\u00e8ge du Conseil de Zamora, auxquels il faut ajouter le nouveau th\u00e9\u00e2tre Ramos Carri\u00f3n.<\/p>\n<p><a href=\"https:\/\/turismoenzamora.es\/wp-content\/uploads\/2020\/02\/patrimonio-art\u00edstico.pdf\" target=\"_blank\" rel=\"noopener noreferrer\"><img decoding=\"async\" class=\"alignleft wp-image-4861 size-full\" src=\"https:\/\/turismoenzamora.es\/wp-content\/uploads\/2017\/08\/masinfo-1.png\" alt=\"M\u00e1s Informaci\u00f3n\" width=\"63\" height=\"32\" data-id=\"4861\"><\/a><\/p>","protected":false},"excerpt":{"rendered":"<p>Zamora Zamora se dresse sur une colline strat\u00e9gique, d\u00e9fendue au sud par un fleuve, le Duero. Sur la route de l&rsquo;argent, elle a accueilli la villa romaine \u00ab\u00a0Ocellum Duri\u00a0\u00bb. Le Moyen-\u00c2ge conf\u00e8re son importance \u00e0 la province de Zamora. Au XIIIe si\u00e8cle, la ville \u00e9tait entour\u00e9e par trois fortifications. Parmi celles-ci subsistent le ch\u00e2teau, des [&hellip;]<\/p>\n","protected":false},"author":1,"featured_media":0,"parent":82,"menu_order":7,"comment_status":"closed","ping_status":"closed","template":"","meta":{"inline_featured_image":false,"site-sidebar-layout":"default","site-content-layout":"default","ast-site-content-layout":"","site-content-style":"default","site-sidebar-style":"default","ast-global-header-display":"","ast-banner-title-visibility":"","ast-main-header-display":"","ast-hfb-above-header-display":"","ast-hfb-below-header-display":"","ast-hfb-mobile-header-display":"","site-post-title":"disabled","ast-breadcrumbs-content":"","ast-featured-img":"","footer-sml-layout":"","theme-transparent-header-meta":"default","adv-header-id-meta":"","stick-header-meta":"","header-above-stick-meta":"","header-main-stick-meta":"","header-below-stick-meta":"","astra-migrate-meta-layouts":"default","ast-page-background-enabled":"default","ast-page-background-meta":{"desktop":{"background-color":"","background-image":"","background-repeat":"repeat","background-position":"center center","background-size":"auto","background-attachment":"scroll","background-type":"","background-media":"","overlay-type":"","overlay-color":"","overlay-opacity":"","overlay-gradient":""},"tablet":{"background-color":"","background-image":"","background-repeat":"repeat","background-position":"center center","background-size":"auto","background-attachment":"scroll","background-type":"","background-media":"","overlay-type":"","overlay-color":"","overlay-opacity":"","overlay-gradient":""},"mobile":{"background-color":"","background-image":"","background-repeat":"repeat","background-position":"center center","background-size":"auto","background-attachment":"scroll","background-type":"","background-media":"","overlay-type":"","overlay-color":"","overlay-opacity":"","overlay-gradient":""}},"ast-content-background-meta":{"desktop":{"background-color":"var(--ast-global-color-5)","background-image":"","background-repeat":"repeat","background-position":"center center","background-size":"auto","background-attachment":"scroll","background-type":"","background-media":"","overlay-type":"","overlay-color":"","overlay-opacity":"","overlay-gradient":""},"tablet":{"background-color":"var(--ast-global-color-5)","background-image":"","background-repeat":"repeat","background-position":"center center","background-size":"auto","background-attachment":"scroll","background-type":"","background-media":"","overlay-type":"","overlay-color":"","overlay-opacity":"","overlay-gradient":""},"mobile":{"background-color":"var(--ast-global-color-5)","background-image":"","background-repeat":"repeat","background-position":"center center","background-size":"auto","background-attachment":"scroll","background-type":"","background-media":"","overlay-type":"","overlay-color":"","overlay-opacity":"","overlay-gradient":""}},"ngg_post_thumbnail":0,"footnotes":""},"yoast_head":"<!-- This site is optimized with the Yoast SEO plugin v23.0 - https:\/\/yoast.com\/wordpress\/plugins\/seo\/ -->\n<title>Turismo de Zamora , Turismo Sostenible<\/title>\n<meta name=\"description\" content=\"Esta es la p\u00e1gina Oficial de Turismo de Diputaci\u00f3n de Zamora, donde podr\u00e1 encontrar toda la informaci\u00f3n para disfrutar al m\u00e1ximo de nuestra provincia.\" \/>\n<meta name=\"robots\" content=\"index, follow, max-snippet:-1, max-image-preview:large, max-video-preview:-1\" \/>\n<link rel=\"canonical\" href=\"https:\/\/turismoenzamora.es\/de\/patrimonio-artistico\/zamora\/\" \/>\n<meta property=\"og:locale\" content=\"fr_FR\" \/>\n<meta property=\"og:type\" content=\"article\" \/>\n<meta property=\"og:title\" content=\"Turismo de Zamora , Turismo Sostenible\" \/>\n<meta property=\"og:description\" content=\"Esta es la p\u00e1gina Oficial de Turismo de Diputaci\u00f3n de Zamora, donde podr\u00e1 encontrar toda la informaci\u00f3n para disfrutar al m\u00e1ximo de nuestra provincia.\" \/>\n<meta property=\"og:url\" content=\"https:\/\/turismoenzamora.es\/de\/patrimonio-artistico\/zamora\/\" \/>\n<meta property=\"og:site_name\" content=\"Tourisme \u00e0 Zamora\" \/>\n<meta property=\"article:publisher\" content=\"https:\/\/www.facebook.com\/ZamoraSpain\/\" \/>\n<meta property=\"article:modified_time\" content=\"2021-09-01T14:42:01+00:00\" \/>\n<meta property=\"og:image\" content=\"https:\/\/turismoenzamora.es\/wp-content\/uploads\/2017\/08\/zamora_2-300x163.jpg\" \/>\n<meta name=\"twitter:card\" content=\"summary_large_image\" \/>\n<meta name=\"twitter:site\" content=\"@ZamoraSpain\" \/>\n<meta name=\"twitter:label1\" content=\"Dur\u00e9e de lecture estim\u00e9e\" \/>\n\t<meta name=\"twitter:data1\" content=\"17 minutes\" \/>\n<script type=\"application\/ld+json\" class=\"yoast-schema-graph\">{\"@context\":\"https:\/\/schema.org\",\"@graph\":[{\"@type\":\"WebPage\",\"@id\":\"https:\/\/turismoenzamora.es\/de\/patrimonio-artistico\/zamora\/\",\"url\":\"https:\/\/turismoenzamora.es\/de\/patrimonio-artistico\/zamora\/\",\"name\":\"Turismo de Zamora , Turismo Sostenible\",\"isPartOf\":{\"@id\":\"https:\/\/turismoenzamora.es\/pt\/#website\"},\"primaryImageOfPage\":{\"@id\":\"https:\/\/turismoenzamora.es\/de\/patrimonio-artistico\/zamora\/#primaryimage\"},\"image\":{\"@id\":\"https:\/\/turismoenzamora.es\/de\/patrimonio-artistico\/zamora\/#primaryimage\"},\"thumbnailUrl\":\"https:\/\/turismoenzamora.es\/wp-content\/uploads\/2017\/08\/zamora_2-300x163.jpg\",\"datePublished\":\"2017-08-07T09:05:09+00:00\",\"dateModified\":\"2021-09-01T14:42:01+00:00\",\"description\":\"Esta es la p\u00e1gina Oficial de Turismo de Diputaci\u00f3n de Zamora, donde podr\u00e1 encontrar toda la informaci\u00f3n para disfrutar al m\u00e1ximo de nuestra provincia.\",\"breadcrumb\":{\"@id\":\"https:\/\/turismoenzamora.es\/de\/patrimonio-artistico\/zamora\/#breadcrumb\"},\"inLanguage\":\"fr-FR\",\"potentialAction\":[{\"@type\":\"ReadAction\",\"target\":[\"https:\/\/turismoenzamora.es\/de\/patrimonio-artistico\/zamora\/\"]}]},{\"@type\":\"ImageObject\",\"inLanguage\":\"fr-FR\",\"@id\":\"https:\/\/turismoenzamora.es\/de\/patrimonio-artistico\/zamora\/#primaryimage\",\"url\":\"https:\/\/turismoenzamora.es\/wp-content\/uploads\/2017\/08\/zamora_2-300x163.jpg\",\"contentUrl\":\"https:\/\/turismoenzamora.es\/wp-content\/uploads\/2017\/08\/zamora_2-300x163.jpg\"},{\"@type\":\"BreadcrumbList\",\"@id\":\"https:\/\/turismoenzamora.es\/de\/patrimonio-artistico\/zamora\/#breadcrumb\",\"itemListElement\":[{\"@type\":\"ListItem\",\"position\":1,\"name\":\"Portada\",\"item\":\"https:\/\/turismoenzamora.es\/\"},{\"@type\":\"ListItem\",\"position\":2,\"name\":\"Patrimonio Art\u00edstico\",\"item\":\"https:\/\/turismoenzamora.es\/en\/patrimonio-artistico\/\"},{\"@type\":\"ListItem\",\"position\":3,\"name\":\"Zamora\"}]},{\"@type\":\"WebSite\",\"@id\":\"https:\/\/turismoenzamora.es\/pt\/#website\",\"url\":\"https:\/\/turismoenzamora.es\/pt\/\",\"name\":\"Turismo sostenible. Patronato de Turismo de la Diputaci\u00f3n de Zamora.&quot;Turismo Sostenible&quot;.\",\"description\":\"Tourisme durable Office du tourisme de la Diputaci\u00f3n de Zamora\",\"publisher\":{\"@id\":\"https:\/\/turismoenzamora.es\/pt\/#organization\"},\"potentialAction\":[{\"@type\":\"SearchAction\",\"target\":{\"@type\":\"EntryPoint\",\"urlTemplate\":\"https:\/\/turismoenzamora.es\/pt\/?s={search_term_string}\"},\"query-input\":\"required name=search_term_string\"}],\"inLanguage\":\"fr-FR\"},{\"@type\":\"Organization\",\"@id\":\"https:\/\/turismoenzamora.es\/pt\/#organization\",\"name\":\"Patronato de Turismo de la Diputaci\u00f3n de Zamora\",\"url\":\"https:\/\/turismoenzamora.es\/pt\/\",\"logo\":{\"@type\":\"ImageObject\",\"inLanguage\":\"fr-FR\",\"@id\":\"https:\/\/turismoenzamora.es\/pt\/#\/schema\/logo\/image\/\",\"url\":\"https:\/\/turismoenzamora.es\/wp-content\/uploads\/2018\/06\/ZamoraLogo.png\",\"contentUrl\":\"https:\/\/turismoenzamora.es\/wp-content\/uploads\/2018\/06\/ZamoraLogo.png\",\"width\":1276,\"height\":290,\"caption\":\"Patronato de Turismo de la Diputaci\u00f3n de Zamora\"},\"image\":{\"@id\":\"https:\/\/turismoenzamora.es\/pt\/#\/schema\/logo\/image\/\"},\"sameAs\":[\"https:\/\/www.facebook.com\/ZamoraSpain\/\",\"https:\/\/x.com\/ZamoraSpain\",\"https:\/\/www.instagram.com\/turismoenzamora.es\/\",\"https:\/\/www.pinterest.es\/TurismoenZamora\/\",\"https:\/\/www.youtube.com\/channel\/UC2bOyOZ-2cLm-uXlBFYUV9w\"]}]}<\/script>\n<!-- \/ Yoast SEO plugin. -->","yoast_head_json":{"title":"Turismo de Zamora , Turismo Sostenible","description":"Esta es la p\u00e1gina Oficial de Turismo de Diputaci\u00f3n de Zamora, donde podr\u00e1 encontrar toda la informaci\u00f3n para disfrutar al m\u00e1ximo de nuestra provincia.","robots":{"index":"index","follow":"follow","max-snippet":"max-snippet:-1","max-image-preview":"max-image-preview:large","max-video-preview":"max-video-preview:-1"},"canonical":"https:\/\/turismoenzamora.es\/de\/patrimonio-artistico\/zamora\/","og_locale":"fr_FR","og_type":"article","og_title":"Turismo de Zamora , Turismo Sostenible","og_description":"Esta es la p\u00e1gina Oficial de Turismo de Diputaci\u00f3n de Zamora, donde podr\u00e1 encontrar toda la informaci\u00f3n para disfrutar al m\u00e1ximo de nuestra provincia.","og_url":"https:\/\/turismoenzamora.es\/de\/patrimonio-artistico\/zamora\/","og_site_name":"Tourisme \u00e0 Zamora","article_publisher":"https:\/\/www.facebook.com\/ZamoraSpain\/","article_modified_time":"2021-09-01T14:42:01+00:00","og_image":[{"url":"https:\/\/turismoenzamora.es\/wp-content\/uploads\/2017\/08\/zamora_2-300x163.jpg"}],"twitter_card":"summary_large_image","twitter_site":"@ZamoraSpain","twitter_misc":{"Dur\u00e9e de lecture estim\u00e9e":"17 minutes"},"schema":{"@context":"https:\/\/schema.org","@graph":[{"@type":"WebPage","@id":"https:\/\/turismoenzamora.es\/de\/patrimonio-artistico\/zamora\/","url":"https:\/\/turismoenzamora.es\/de\/patrimonio-artistico\/zamora\/","name":"Turismo de Zamora , Turismo Sostenible","isPartOf":{"@id":"https:\/\/turismoenzamora.es\/pt\/#website"},"primaryImageOfPage":{"@id":"https:\/\/turismoenzamora.es\/de\/patrimonio-artistico\/zamora\/#primaryimage"},"image":{"@id":"https:\/\/turismoenzamora.es\/de\/patrimonio-artistico\/zamora\/#primaryimage"},"thumbnailUrl":"https:\/\/turismoenzamora.es\/wp-content\/uploads\/2017\/08\/zamora_2-300x163.jpg","datePublished":"2017-08-07T09:05:09+00:00","dateModified":"2021-09-01T14:42:01+00:00","description":"Esta es la p\u00e1gina Oficial de Turismo de Diputaci\u00f3n de Zamora, donde podr\u00e1 encontrar toda la informaci\u00f3n para disfrutar al m\u00e1ximo de nuestra provincia.","breadcrumb":{"@id":"https:\/\/turismoenzamora.es\/de\/patrimonio-artistico\/zamora\/#breadcrumb"},"inLanguage":"fr-FR","potentialAction":[{"@type":"ReadAction","target":["https:\/\/turismoenzamora.es\/de\/patrimonio-artistico\/zamora\/"]}]},{"@type":"ImageObject","inLanguage":"fr-FR","@id":"https:\/\/turismoenzamora.es\/de\/patrimonio-artistico\/zamora\/#primaryimage","url":"https:\/\/turismoenzamora.es\/wp-content\/uploads\/2017\/08\/zamora_2-300x163.jpg","contentUrl":"https:\/\/turismoenzamora.es\/wp-content\/uploads\/2017\/08\/zamora_2-300x163.jpg"},{"@type":"BreadcrumbList","@id":"https:\/\/turismoenzamora.es\/de\/patrimonio-artistico\/zamora\/#breadcrumb","itemListElement":[{"@type":"ListItem","position":1,"name":"Portada","item":"https:\/\/turismoenzamora.es\/"},{"@type":"ListItem","position":2,"name":"Patrimonio Art\u00edstico","item":"https:\/\/turismoenzamora.es\/en\/patrimonio-artistico\/"},{"@type":"ListItem","position":3,"name":"Zamora"}]},{"@type":"WebSite","@id":"https:\/\/turismoenzamora.es\/pt\/#website","url":"https:\/\/turismoenzamora.es\/pt\/","name":"Turismo sostenible. Patronato de Turismo de la Diputaci\u00f3n de Zamora.&quot;Turismo Sostenible&quot;.","description":"Tourisme durable Office du tourisme de la Diputaci\u00f3n de Zamora","publisher":{"@id":"https:\/\/turismoenzamora.es\/pt\/#organization"},"potentialAction":[{"@type":"SearchAction","target":{"@type":"EntryPoint","urlTemplate":"https:\/\/turismoenzamora.es\/pt\/?s={search_term_string}"},"query-input":"required name=search_term_string"}],"inLanguage":"fr-FR"},{"@type":"Organization","@id":"https:\/\/turismoenzamora.es\/pt\/#organization","name":"Patronato de Turismo de la Diputaci\u00f3n de Zamora","url":"https:\/\/turismoenzamora.es\/pt\/","logo":{"@type":"ImageObject","inLanguage":"fr-FR","@id":"https:\/\/turismoenzamora.es\/pt\/#\/schema\/logo\/image\/","url":"https:\/\/turismoenzamora.es\/wp-content\/uploads\/2018\/06\/ZamoraLogo.png","contentUrl":"https:\/\/turismoenzamora.es\/wp-content\/uploads\/2018\/06\/ZamoraLogo.png","width":1276,"height":290,"caption":"Patronato de Turismo de la Diputaci\u00f3n de Zamora"},"image":{"@id":"https:\/\/turismoenzamora.es\/pt\/#\/schema\/logo\/image\/"},"sameAs":["https:\/\/www.facebook.com\/ZamoraSpain\/","https:\/\/x.com\/ZamoraSpain","https:\/\/www.instagram.com\/turismoenzamora.es\/","https:\/\/www.pinterest.es\/TurismoenZamora\/","https:\/\/www.youtube.com\/channel\/UC2bOyOZ-2cLm-uXlBFYUV9w"]}]}},"_links":{"self":[{"href":"https:\/\/turismoenzamora.es\/fr\/wp-json\/wp\/v2\/pages\/165"}],"collection":[{"href":"https:\/\/turismoenzamora.es\/fr\/wp-json\/wp\/v2\/pages"}],"about":[{"href":"https:\/\/turismoenzamora.es\/fr\/wp-json\/wp\/v2\/types\/page"}],"author":[{"embeddable":true,"href":"https:\/\/turismoenzamora.es\/fr\/wp-json\/wp\/v2\/users\/1"}],"replies":[{"embeddable":true,"href":"https:\/\/turismoenzamora.es\/fr\/wp-json\/wp\/v2\/comments?post=165"}],"version-history":[{"count":0,"href":"https:\/\/turismoenzamora.es\/fr\/wp-json\/wp\/v2\/pages\/165\/revisions"}],"up":[{"embeddable":true,"href":"https:\/\/turismoenzamora.es\/fr\/wp-json\/wp\/v2\/pages\/82"}],"wp:attachment":[{"href":"https:\/\/turismoenzamora.es\/fr\/wp-json\/wp\/v2\/media?parent=165"}],"curies":[{"name":"wp","href":"https:\/\/api.w.org\/{rel}","templated":true}]}}