{"id":154,"date":"2017-08-07T11:03:21","date_gmt":"2017-08-07T09:03:21","guid":{"rendered":"https:\/\/newweb.turismoenzamora.es\/?page_id=154"},"modified":"2021-09-01T16:42:23","modified_gmt":"2021-09-01T14:42:23","slug":"toro-guarena-tierra-del-vino","status":"publish","type":"page","link":"https:\/\/turismoenzamora.es\/fr\/patrimonio-artistico\/toro-guarena-tierra-del-vino\/","title":{"rendered":"Toro &#8211; Guare\u00f1a &#8211; Tierra del Vino"},"content":{"rendered":"<p><\/p>\n<h1>Toro &#8211; Guare\u00f1a &#8211; Tierra del Vino<\/h1>\n<p><img fetchpriority=\"high\" decoding=\"async\" class=\"aligncenter size-full wp-image-6897\" src=\"https:\/\/turismoenzamora.es\/wp-content\/uploads\/2017\/08\/Patrimonio-Art\u00edstico-Toro-Guare\u00f1a-Tierra-del-vino.jpg\" alt=\"\" width=\"900\" height=\"600\" data-id=\"6897\" srcset=\"https:\/\/turismoenzamora.es\/wp-content\/uploads\/2017\/08\/Patrimonio-Art\u00edstico-Toro-Guare\u00f1a-Tierra-del-vino.jpg 900w, https:\/\/turismoenzamora.es\/wp-content\/uploads\/2017\/08\/Patrimonio-Art\u00edstico-Toro-Guare\u00f1a-Tierra-del-vino-300x200.jpg 300w, https:\/\/turismoenzamora.es\/wp-content\/uploads\/2017\/08\/Patrimonio-Art\u00edstico-Toro-Guare\u00f1a-Tierra-del-vino-768x512.jpg 768w\" sizes=\"(max-width: 900px) 100vw, 900px\" \/><\/p>\n<p>Toro est aujourd&rsquo;hui une visite incontournable sur les terres de Zamora. Ville historique car entre les XIIe et XVIe si\u00e8cles, elle fut si\u00e8ge royal et lieu de c\u00e9l\u00e9bration des \u00c9tats G\u00e9n\u00e9raux ; monumentale parce que, gr\u00e2ce \u00e0 cette p\u00e9riode de splendeur, de grands b\u00e2timents, publics et priv\u00e9s, furent \u00e9difi\u00e9s. Ce qui enchante lorsque l&rsquo;on se prom\u00e8ne dans cette ville est le go\u00fbt m\u00e9di\u00e9val qui nous attend \u00e0 chaque recoin.<\/p>\n<p>L&rsquo;\u00e9glise Santa Mar\u00eda ou coll\u00e9giale est le monument le plus important et le plus \u00e9l\u00e9gant de la ville. Elle fut construite entre les XIIe et XIIIe si\u00e8cles, de style romano-gothique de transition. La coupole qui surmonte le d\u00f4me de la nef centrale est remarquable et le P\u00f3rtico de la Majestad, richement d\u00e9cor\u00e9 et polychrome. La fa\u00e7ade nord a r\u00e9cemment \u00e9t\u00e9 r\u00e9nov\u00e9e et r\u00e9v\u00e8le aujourd&rsquo;hui toute sa splendeur. Et une fois dans la sacristie, on peut admirer le tableau de la Vierge \u00e0 la mouche (XVIe s.)<\/p>\n<p>L&rsquo;architecture de Toro refl\u00e8te le moment historique o\u00f9 les \u00e9l\u00e9ments mud\u00e9jars furent incorpor\u00e9s aux monuments chr\u00e9tiens. On peut mettre en relief parmi d&rsquo;autres temples, San Salvador, (XIIe s.) et ses trois absides aujourd&rsquo;hui converti en mus\u00e9e de la sculpture m\u00e9di\u00e9vale, ou encore San Lorenzo (XII-XIIIe s.)<\/p>\n<p>Le Monast\u00e8re de Sancti Spiritus est un autre monument consid\u00e9rable de Toro. Fond\u00e9 en 1316, il abrite de belles structures mauresques, un clo\u00eetre du XVIe s., le tombeau de B\u00e9atrice de Portugal, et un \u00e9minent mus\u00e9e d&rsquo;art sacr\u00e9.<\/p>\n<p>San Sebasti\u00e1n de los Caballeros d\u00e9tient une int\u00e9ressante collection de peintures murales gothiques du XIVe s. sign\u00e9es Teresa D\u00edez.<\/p>\n<p>D&rsquo;autres monuments tels que el Arco del Postigo, appartenant au premier rempart de Toro ; les Puertas de Corredera et Santa Catarina, d&rsquo;une muraille ult\u00e9rieure ; el Arco del Reloj, du XVIIIe si\u00e8cle ; le Palais des comtes de Requena et son patio gothique de la fin du XVe s., ou celui des marquis d&rsquo;Alca\u00f1ices, o\u00f9 v\u00e9cut et mourut le comte-duc de Olivares.<\/p>\n<p><img decoding=\"async\" class=\"size-medium wp-image-529 alignleft\" src=\"https:\/\/turismoenzamora.es\/wp-content\/uploads\/2017\/08\/Toro_Guare\u00f1a_TierraDelVino_2-300x200.jpg\" alt=\"\" width=\"300\" height=\"200\" srcset=\"https:\/\/turismoenzamora.es\/wp-content\/uploads\/2017\/08\/Toro_Guare\u00f1a_TierraDelVino_2-300x200.jpg 300w, https:\/\/turismoenzamora.es\/wp-content\/uploads\/2017\/08\/Toro_Guare\u00f1a_TierraDelVino_2-768x512.jpg 768w, https:\/\/turismoenzamora.es\/wp-content\/uploads\/2017\/08\/Toro_Guare\u00f1a_TierraDelVino_2-1024x683.jpg 1024w, https:\/\/turismoenzamora.es\/wp-content\/uploads\/2017\/08\/Toro_Guare\u00f1a_TierraDelVino_2-1170x780.jpg 1170w\" sizes=\"(max-width: 300px) 100vw, 300px\" \/>\u00c0 7 km seulement de Toro, le ch\u00e2teau de Villalonso (XVe si\u00e8cle), l&rsquo;un des ext\u00e9rieurs les mieux conserv\u00e9s de toute la province.<\/p>\n<p>Guare\u00f1a est la continuation de la plaine de Toro vers le sud, avec des villages int\u00e9ressants comme Fuentelape\u00f1a et son immense \u00e9glise du XVIIe si\u00e8cle. Si Fuentesa\u00faco est c\u00e9l\u00e8bre pour ses l\u00e9gumes secs et en particulier pour ses pois chiches \u00ab\u00a0fins et jeunes\u00a0\u00bb, c&rsquo;est \u00e9galement une terre de tradition taurine. Olmo de la Guare\u00f1a d\u00e9tient le seul exemple d&rsquo;architecture mud\u00e9jare du canton et Villamor de los Escuderos, une \u00e9glise gothique-renaissance. Villanueva de Campe\u00e1n, Corrales, Fuentelcarnero, Morales del Vino, Casaseca de las Chanas, sont autant de charmants villages diss\u00e9min\u00e9s sur le canton ayant chacun leurs propres particularit\u00e9s, comme c&rsquo;est le cas de l&rsquo;\u00e9glise d&rsquo;Arcenillas o\u00f9 l&rsquo;on peut contempler les onze magnifiques panneaux de Fernando Gallego.<\/p>\n<p><a href=\"https:\/\/turismoenzamora.es\/wp-content\/uploads\/2020\/02\/patrimonio-art\u00edstico.pdf\" target=\"_blank\" rel=\"noopener noreferrer\"><img decoding=\"async\" class=\"alignleft wp-image-4861 size-full\" src=\"https:\/\/turismoenzamora.es\/wp-content\/uploads\/2017\/08\/masinfo-1.png\" alt=\"M\u00e1s Informaci\u00f3n\" width=\"63\" height=\"32\" data-id=\"4861\"><\/a><\/p>","protected":false},"excerpt":{"rendered":"<p>Toro &#8211; Guare\u00f1a &#8211; Tierra del Vino Toro est aujourd&rsquo;hui une visite incontournable sur les terres de Zamora. Ville historique car entre les XIIe et XVIe si\u00e8cles, elle fut si\u00e8ge royal et lieu de c\u00e9l\u00e9bration des \u00c9tats G\u00e9n\u00e9raux ; monumentale parce que, gr\u00e2ce \u00e0 cette p\u00e9riode de splendeur, de grands b\u00e2timents, publics et priv\u00e9s, furent [&hellip;]<\/p>\n","protected":false},"author":1,"featured_media":0,"parent":82,"menu_order":6,"comment_status":"closed","ping_status":"closed","template":"","meta":{"inline_featured_image":false,"site-sidebar-layout":"default","site-content-layout":"default","ast-site-content-layout":"","site-content-style":"default","site-sidebar-style":"default","ast-global-header-display":"","ast-banner-title-visibility":"","ast-main-header-display":"","ast-hfb-above-header-display":"","ast-hfb-below-header-display":"","ast-hfb-mobile-header-display":"","site-post-title":"disabled","ast-breadcrumbs-content":"","ast-featured-img":"","footer-sml-layout":"","theme-transparent-header-meta":"default","adv-header-id-meta":"","stick-header-meta":"","header-above-stick-meta":"","header-main-stick-meta":"","header-below-stick-meta":"","astra-migrate-meta-layouts":"default","ast-page-background-enabled":"default","ast-page-background-meta":{"desktop":{"background-color":"","background-image":"","background-repeat":"repeat","background-position":"center center","background-size":"auto","background-attachment":"scroll","background-type":"","background-media":"","overlay-type":"","overlay-color":"","overlay-opacity":"","overlay-gradient":""},"tablet":{"background-color":"","background-image":"","background-repeat":"repeat","background-position":"center center","background-size":"auto","background-attachment":"scroll","background-type":"","background-media":"","overlay-type":"","overlay-color":"","overlay-opacity":"","overlay-gradient":""},"mobile":{"background-color":"","background-image":"","background-repeat":"repeat","background-position":"center center","background-size":"auto","background-attachment":"scroll","background-type":"","background-media":"","overlay-type":"","overlay-color":"","overlay-opacity":"","overlay-gradient":""}},"ast-content-background-meta":{"desktop":{"background-color":"var(--ast-global-color-5)","background-image":"","background-repeat":"repeat","background-position":"center center","background-size":"auto","background-attachment":"scroll","background-type":"","background-media":"","overlay-type":"","overlay-color":"","overlay-opacity":"","overlay-gradient":""},"tablet":{"background-color":"var(--ast-global-color-5)","background-image":"","background-repeat":"repeat","background-position":"center center","background-size":"auto","background-attachment":"scroll","background-type":"","background-media":"","overlay-type":"","overlay-color":"","overlay-opacity":"","overlay-gradient":""},"mobile":{"background-color":"var(--ast-global-color-5)","background-image":"","background-repeat":"repeat","background-position":"center center","background-size":"auto","background-attachment":"scroll","background-type":"","background-media":"","overlay-type":"","overlay-color":"","overlay-opacity":"","overlay-gradient":""}},"ngg_post_thumbnail":0,"footnotes":""},"yoast_head":"<!-- This site is optimized with the Yoast SEO plugin v23.0 - https:\/\/yoast.com\/wordpress\/plugins\/seo\/ -->\n<title>Turismo de Zamora , Turismo Sostenible<\/title>\n<meta name=\"description\" content=\"Esta es la p\u00e1gina Oficial de Turismo de Diputaci\u00f3n de Zamora, donde podr\u00e1 encontrar toda la informaci\u00f3n para disfrutar al m\u00e1ximo de nuestra provincia.\" \/>\n<meta name=\"robots\" content=\"index, follow, max-snippet:-1, max-image-preview:large, max-video-preview:-1\" \/>\n<link rel=\"canonical\" href=\"https:\/\/turismoenzamora.es\/en\/patrimonio-artistico\/toro-guarena-tierra-del-vino\/\" \/>\n<meta property=\"og:locale\" content=\"fr_FR\" \/>\n<meta property=\"og:type\" content=\"article\" \/>\n<meta property=\"og:title\" content=\"Turismo de Zamora , Turismo Sostenible\" \/>\n<meta property=\"og:description\" content=\"Esta es la p\u00e1gina Oficial de Turismo de Diputaci\u00f3n de Zamora, donde podr\u00e1 encontrar toda la informaci\u00f3n para disfrutar al m\u00e1ximo de nuestra provincia.\" \/>\n<meta property=\"og:url\" content=\"https:\/\/turismoenzamora.es\/en\/patrimonio-artistico\/toro-guarena-tierra-del-vino\/\" \/>\n<meta property=\"og:site_name\" content=\"Tourisme \u00e0 Zamora\" \/>\n<meta property=\"article:publisher\" content=\"https:\/\/www.facebook.com\/ZamoraSpain\/\" \/>\n<meta property=\"article:modified_time\" content=\"2021-09-01T14:42:23+00:00\" \/>\n<meta property=\"og:image\" content=\"https:\/\/turismoenzamora.es\/wp-content\/uploads\/2017\/08\/masinfo-1.png\" \/>\n<meta name=\"twitter:card\" content=\"summary_large_image\" \/>\n<meta name=\"twitter:site\" content=\"@ZamoraSpain\" \/>\n<meta name=\"twitter:label1\" content=\"Dur\u00e9e de lecture estim\u00e9e\" \/>\n\t<meta name=\"twitter:data1\" content=\"13 minutes\" \/>\n<script type=\"application\/ld+json\" class=\"yoast-schema-graph\">{\"@context\":\"https:\/\/schema.org\",\"@graph\":[{\"@type\":\"WebPage\",\"@id\":\"https:\/\/turismoenzamora.es\/en\/patrimonio-artistico\/toro-guarena-tierra-del-vino\/\",\"url\":\"https:\/\/turismoenzamora.es\/en\/patrimonio-artistico\/toro-guarena-tierra-del-vino\/\",\"name\":\"Turismo de Zamora , Turismo Sostenible\",\"isPartOf\":{\"@id\":\"https:\/\/turismoenzamora.es\/pt\/#website\"},\"primaryImageOfPage\":{\"@id\":\"https:\/\/turismoenzamora.es\/en\/patrimonio-artistico\/toro-guarena-tierra-del-vino\/#primaryimage\"},\"image\":{\"@id\":\"https:\/\/turismoenzamora.es\/en\/patrimonio-artistico\/toro-guarena-tierra-del-vino\/#primaryimage\"},\"thumbnailUrl\":\"https:\/\/turismoenzamora.es\/wp-content\/uploads\/2017\/08\/masinfo-1.png\",\"datePublished\":\"2017-08-07T09:03:21+00:00\",\"dateModified\":\"2021-09-01T14:42:23+00:00\",\"description\":\"Esta es la p\u00e1gina Oficial de Turismo de Diputaci\u00f3n de Zamora, donde podr\u00e1 encontrar toda la informaci\u00f3n para disfrutar al m\u00e1ximo de nuestra provincia.\",\"breadcrumb\":{\"@id\":\"https:\/\/turismoenzamora.es\/en\/patrimonio-artistico\/toro-guarena-tierra-del-vino\/#breadcrumb\"},\"inLanguage\":\"fr-FR\",\"potentialAction\":[{\"@type\":\"ReadAction\",\"target\":[\"https:\/\/turismoenzamora.es\/en\/patrimonio-artistico\/toro-guarena-tierra-del-vino\/\"]}]},{\"@type\":\"ImageObject\",\"inLanguage\":\"fr-FR\",\"@id\":\"https:\/\/turismoenzamora.es\/en\/patrimonio-artistico\/toro-guarena-tierra-del-vino\/#primaryimage\",\"url\":\"https:\/\/turismoenzamora.es\/wp-content\/uploads\/2017\/08\/masinfo-1.png\",\"contentUrl\":\"https:\/\/turismoenzamora.es\/wp-content\/uploads\/2017\/08\/masinfo-1.png\"},{\"@type\":\"BreadcrumbList\",\"@id\":\"https:\/\/turismoenzamora.es\/en\/patrimonio-artistico\/toro-guarena-tierra-del-vino\/#breadcrumb\",\"itemListElement\":[{\"@type\":\"ListItem\",\"position\":1,\"name\":\"Portada\",\"item\":\"https:\/\/turismoenzamora.es\/\"},{\"@type\":\"ListItem\",\"position\":2,\"name\":\"Patrimonio Art\u00edstico\",\"item\":\"https:\/\/turismoenzamora.es\/en\/patrimonio-artistico\/\"},{\"@type\":\"ListItem\",\"position\":3,\"name\":\"Toro &#8211; Guare\u00f1a &#8211; Tierra del Vino\"}]},{\"@type\":\"WebSite\",\"@id\":\"https:\/\/turismoenzamora.es\/pt\/#website\",\"url\":\"https:\/\/turismoenzamora.es\/pt\/\",\"name\":\"Turismo sostenible. Patronato de Turismo de la Diputaci\u00f3n de Zamora.&quot;Turismo Sostenible&quot;.\",\"description\":\"Tourisme durable Office du tourisme de la Diputaci\u00f3n de Zamora\",\"publisher\":{\"@id\":\"https:\/\/turismoenzamora.es\/pt\/#organization\"},\"potentialAction\":[{\"@type\":\"SearchAction\",\"target\":{\"@type\":\"EntryPoint\",\"urlTemplate\":\"https:\/\/turismoenzamora.es\/pt\/?s={search_term_string}\"},\"query-input\":\"required name=search_term_string\"}],\"inLanguage\":\"fr-FR\"},{\"@type\":\"Organization\",\"@id\":\"https:\/\/turismoenzamora.es\/pt\/#organization\",\"name\":\"Patronato de Turismo de la Diputaci\u00f3n de Zamora\",\"url\":\"https:\/\/turismoenzamora.es\/pt\/\",\"logo\":{\"@type\":\"ImageObject\",\"inLanguage\":\"fr-FR\",\"@id\":\"https:\/\/turismoenzamora.es\/pt\/#\/schema\/logo\/image\/\",\"url\":\"https:\/\/turismoenzamora.es\/wp-content\/uploads\/2018\/06\/ZamoraLogo.png\",\"contentUrl\":\"https:\/\/turismoenzamora.es\/wp-content\/uploads\/2018\/06\/ZamoraLogo.png\",\"width\":1276,\"height\":290,\"caption\":\"Patronato de Turismo de la Diputaci\u00f3n de Zamora\"},\"image\":{\"@id\":\"https:\/\/turismoenzamora.es\/pt\/#\/schema\/logo\/image\/\"},\"sameAs\":[\"https:\/\/www.facebook.com\/ZamoraSpain\/\",\"https:\/\/x.com\/ZamoraSpain\",\"https:\/\/www.instagram.com\/turismoenzamora.es\/\",\"https:\/\/www.pinterest.es\/TurismoenZamora\/\",\"https:\/\/www.youtube.com\/channel\/UC2bOyOZ-2cLm-uXlBFYUV9w\"]}]}<\/script>\n<!-- \/ Yoast SEO plugin. -->","yoast_head_json":{"title":"Turismo de Zamora , Turismo Sostenible","description":"Esta es la p\u00e1gina Oficial de Turismo de Diputaci\u00f3n de Zamora, donde podr\u00e1 encontrar toda la informaci\u00f3n para disfrutar al m\u00e1ximo de nuestra provincia.","robots":{"index":"index","follow":"follow","max-snippet":"max-snippet:-1","max-image-preview":"max-image-preview:large","max-video-preview":"max-video-preview:-1"},"canonical":"https:\/\/turismoenzamora.es\/en\/patrimonio-artistico\/toro-guarena-tierra-del-vino\/","og_locale":"fr_FR","og_type":"article","og_title":"Turismo de Zamora , Turismo Sostenible","og_description":"Esta es la p\u00e1gina Oficial de Turismo de Diputaci\u00f3n de Zamora, donde podr\u00e1 encontrar toda la informaci\u00f3n para disfrutar al m\u00e1ximo de nuestra provincia.","og_url":"https:\/\/turismoenzamora.es\/en\/patrimonio-artistico\/toro-guarena-tierra-del-vino\/","og_site_name":"Tourisme \u00e0 Zamora","article_publisher":"https:\/\/www.facebook.com\/ZamoraSpain\/","article_modified_time":"2021-09-01T14:42:23+00:00","og_image":[{"url":"https:\/\/turismoenzamora.es\/wp-content\/uploads\/2017\/08\/masinfo-1.png"}],"twitter_card":"summary_large_image","twitter_site":"@ZamoraSpain","twitter_misc":{"Dur\u00e9e de lecture estim\u00e9e":"13 minutes"},"schema":{"@context":"https:\/\/schema.org","@graph":[{"@type":"WebPage","@id":"https:\/\/turismoenzamora.es\/en\/patrimonio-artistico\/toro-guarena-tierra-del-vino\/","url":"https:\/\/turismoenzamora.es\/en\/patrimonio-artistico\/toro-guarena-tierra-del-vino\/","name":"Turismo de Zamora , Turismo Sostenible","isPartOf":{"@id":"https:\/\/turismoenzamora.es\/pt\/#website"},"primaryImageOfPage":{"@id":"https:\/\/turismoenzamora.es\/en\/patrimonio-artistico\/toro-guarena-tierra-del-vino\/#primaryimage"},"image":{"@id":"https:\/\/turismoenzamora.es\/en\/patrimonio-artistico\/toro-guarena-tierra-del-vino\/#primaryimage"},"thumbnailUrl":"https:\/\/turismoenzamora.es\/wp-content\/uploads\/2017\/08\/masinfo-1.png","datePublished":"2017-08-07T09:03:21+00:00","dateModified":"2021-09-01T14:42:23+00:00","description":"Esta es la p\u00e1gina Oficial de Turismo de Diputaci\u00f3n de Zamora, donde podr\u00e1 encontrar toda la informaci\u00f3n para disfrutar al m\u00e1ximo de nuestra provincia.","breadcrumb":{"@id":"https:\/\/turismoenzamora.es\/en\/patrimonio-artistico\/toro-guarena-tierra-del-vino\/#breadcrumb"},"inLanguage":"fr-FR","potentialAction":[{"@type":"ReadAction","target":["https:\/\/turismoenzamora.es\/en\/patrimonio-artistico\/toro-guarena-tierra-del-vino\/"]}]},{"@type":"ImageObject","inLanguage":"fr-FR","@id":"https:\/\/turismoenzamora.es\/en\/patrimonio-artistico\/toro-guarena-tierra-del-vino\/#primaryimage","url":"https:\/\/turismoenzamora.es\/wp-content\/uploads\/2017\/08\/masinfo-1.png","contentUrl":"https:\/\/turismoenzamora.es\/wp-content\/uploads\/2017\/08\/masinfo-1.png"},{"@type":"BreadcrumbList","@id":"https:\/\/turismoenzamora.es\/en\/patrimonio-artistico\/toro-guarena-tierra-del-vino\/#breadcrumb","itemListElement":[{"@type":"ListItem","position":1,"name":"Portada","item":"https:\/\/turismoenzamora.es\/"},{"@type":"ListItem","position":2,"name":"Patrimonio Art\u00edstico","item":"https:\/\/turismoenzamora.es\/en\/patrimonio-artistico\/"},{"@type":"ListItem","position":3,"name":"Toro &#8211; Guare\u00f1a &#8211; Tierra del Vino"}]},{"@type":"WebSite","@id":"https:\/\/turismoenzamora.es\/pt\/#website","url":"https:\/\/turismoenzamora.es\/pt\/","name":"Turismo sostenible. Patronato de Turismo de la Diputaci\u00f3n de Zamora.&quot;Turismo Sostenible&quot;.","description":"Tourisme durable Office du tourisme de la Diputaci\u00f3n de Zamora","publisher":{"@id":"https:\/\/turismoenzamora.es\/pt\/#organization"},"potentialAction":[{"@type":"SearchAction","target":{"@type":"EntryPoint","urlTemplate":"https:\/\/turismoenzamora.es\/pt\/?s={search_term_string}"},"query-input":"required name=search_term_string"}],"inLanguage":"fr-FR"},{"@type":"Organization","@id":"https:\/\/turismoenzamora.es\/pt\/#organization","name":"Patronato de Turismo de la Diputaci\u00f3n de Zamora","url":"https:\/\/turismoenzamora.es\/pt\/","logo":{"@type":"ImageObject","inLanguage":"fr-FR","@id":"https:\/\/turismoenzamora.es\/pt\/#\/schema\/logo\/image\/","url":"https:\/\/turismoenzamora.es\/wp-content\/uploads\/2018\/06\/ZamoraLogo.png","contentUrl":"https:\/\/turismoenzamora.es\/wp-content\/uploads\/2018\/06\/ZamoraLogo.png","width":1276,"height":290,"caption":"Patronato de Turismo de la Diputaci\u00f3n de Zamora"},"image":{"@id":"https:\/\/turismoenzamora.es\/pt\/#\/schema\/logo\/image\/"},"sameAs":["https:\/\/www.facebook.com\/ZamoraSpain\/","https:\/\/x.com\/ZamoraSpain","https:\/\/www.instagram.com\/turismoenzamora.es\/","https:\/\/www.pinterest.es\/TurismoenZamora\/","https:\/\/www.youtube.com\/channel\/UC2bOyOZ-2cLm-uXlBFYUV9w"]}]}},"_links":{"self":[{"href":"https:\/\/turismoenzamora.es\/fr\/wp-json\/wp\/v2\/pages\/154"}],"collection":[{"href":"https:\/\/turismoenzamora.es\/fr\/wp-json\/wp\/v2\/pages"}],"about":[{"href":"https:\/\/turismoenzamora.es\/fr\/wp-json\/wp\/v2\/types\/page"}],"author":[{"embeddable":true,"href":"https:\/\/turismoenzamora.es\/fr\/wp-json\/wp\/v2\/users\/1"}],"replies":[{"embeddable":true,"href":"https:\/\/turismoenzamora.es\/fr\/wp-json\/wp\/v2\/comments?post=154"}],"version-history":[{"count":0,"href":"https:\/\/turismoenzamora.es\/fr\/wp-json\/wp\/v2\/pages\/154\/revisions"}],"up":[{"embeddable":true,"href":"https:\/\/turismoenzamora.es\/fr\/wp-json\/wp\/v2\/pages\/82"}],"wp:attachment":[{"href":"https:\/\/turismoenzamora.es\/fr\/wp-json\/wp\/v2\/media?parent=154"}],"curies":[{"name":"wp","href":"https:\/\/api.w.org\/{rel}","templated":true}]}}