{"id":152,"date":"2017-08-07T11:02:54","date_gmt":"2017-08-07T09:02:54","guid":{"rendered":"https:\/\/newweb.turismoenzamora.es\/?page_id=152"},"modified":"2021-09-01T16:38:44","modified_gmt":"2021-09-01T14:38:44","slug":"campos-pan","status":"publish","type":"page","link":"https:\/\/turismoenzamora.es\/fr\/patrimonio-artistico\/campos-pan\/","title":{"rendered":"Campos &#8211; Pan"},"content":{"rendered":"<p><\/p>\n<h1>Campos &#8211; Pan<\/h1>\n<p><img fetchpriority=\"high\" decoding=\"async\" class=\"aligncenter size-full wp-image-6899\" src=\"https:\/\/turismoenzamora.es\/wp-content\/uploads\/2017\/08\/patrimonio-art\u00edstico.jpg\" alt=\"\" width=\"900\" height=\"599\" data-id=\"6899\" srcset=\"https:\/\/turismoenzamora.es\/wp-content\/uploads\/2017\/08\/patrimonio-art\u00edstico.jpg 900w, https:\/\/turismoenzamora.es\/wp-content\/uploads\/2017\/08\/patrimonio-art\u00edstico-300x200.jpg 300w, https:\/\/turismoenzamora.es\/wp-content\/uploads\/2017\/08\/patrimonio-art\u00edstico-768x511.jpg 768w\" sizes=\"(max-width: 900px) 100vw, 900px\" \/><\/p>\n<p>L&rsquo;\u00e9glise de La Hiniesta exhibe le portail de Santa Mar\u00eda la Real, l&rsquo;un des plus beaux exemples du gothique de Zamora. De par leur beaut\u00e9 se d\u00e9tachent la fa\u00e7ade et l&rsquo;atrium m\u00e9ridional, de l&rsquo;\u00e9poque des Rois Catholiques. L&rsquo;int\u00e9rieur du portail est surmont\u00e9 d&rsquo;une vo\u00fbte en crois\u00e9e d&rsquo;ogive, dont les nervures s&rsquo;appuient sur des consoles lisses. \u00c0 l&rsquo;int\u00e9rieur, trois images en pierre m\u00e9ritent d&rsquo;\u00eatre soulign\u00e9es : la Vierge enceinte, l&rsquo;archange Gabriel et la Vierge portant l&rsquo;enfant dans ses bras.<\/p>\n<p>Pr\u00e8s de San Cebri\u00e1n de Castro, au bord de la route nationale 630, se trouvent les ruines de la forteresse de Castrotorafe, construite au bord de la rivi\u00e8re Esla au XIe si\u00e8cle. Au XVe si\u00e8cle, Castrotorafe \u00e9tait d&rsquo;une importance comparable \u00e0 celle de villes telles que Zamora, Benavente ou Toro. Des pans de remparts perdurent, construits en ma\u00e7onnerie d&rsquo;ardoise et de mortier, ce qui laisse entrevoir la solidit\u00e9 d\u00e9fensive de ce qui fut une forteresse sur des terres frontali\u00e8res. Castrotorafe fut d\u00e9truite et repeupl\u00e9e \u00e0 plusieurs reprises jusqu&rsquo;\u00e0 son abandon d\u00e9finitif au XVIIIe si\u00e8cle. Elle fut d\u00e9clar\u00e9e Bien d&rsquo;int\u00e9r\u00eat culturel en 1931, tandis que le ch\u00e2teau fut reconnu Bien d&rsquo;int\u00e9r\u00eat culturel en 1949.<\/p>\n<p>Sur les rives du Valderaduey, l&rsquo;\u00e9glise paroissiale de Molacillos constitue un exemple unique de baroque sur le territoire de Zamora.<\/p>\n<p><img decoding=\"async\" class=\"size-medium wp-image-525 alignleft\" src=\"https:\/\/turismoenzamora.es\/wp-content\/uploads\/2017\/08\/Campos_Pan_2-300x182.jpg\" alt=\"\" width=\"300\" height=\"182\" srcset=\"https:\/\/turismoenzamora.es\/wp-content\/uploads\/2017\/08\/Campos_Pan_2-300x182.jpg 300w, https:\/\/turismoenzamora.es\/wp-content\/uploads\/2017\/08\/Campos_Pan_2-768x465.jpg 768w, https:\/\/turismoenzamora.es\/wp-content\/uploads\/2017\/08\/Campos_Pan_2-1024x620.jpg 1024w\" sizes=\"(max-width: 300px) 100vw, 300px\" \/>L&rsquo;un des monast\u00e8res cisterciens les plus beaux et admirables de la province de Zamora est le Monast\u00e8re de Moreruela, sur la commune de Granja de Moreruela. Ce monast\u00e8re garde l&rsquo;allure de l&rsquo;imposante abbaye cistercienne construite sur les ordres d&rsquo;Alphonse VII. Construit \u00e0 la fin du XIIe si\u00e8cle, il est de style roman avec des \u00e9l\u00e9ments de transition vers le gothique. Le chevet est la partie la plus grandiose de l&rsquo;ensemble, constitu\u00e9 par une superposition de niveaux : des absidioles, le d\u00e9ambulatoire polygonal et l&rsquo;abside centrale. Le monast\u00e8re a connu les travaux de restauration les plus importants de la province de ces derni\u00e8res ann\u00e9es.<\/p>\n<p>La grande richesse historique de la commune de Villalpando s&rsquo;illustre \u00e0 travers plusieurs monuments : les restes des imposants remparts et des fortifications, dont subsistent deux des portes monumentales, celle de San Andr\u00e9s (appel\u00e9e Puerta de la Villa) et celle de Santiago, ainsi que le ch\u00e2teau des Velasco.<\/p>\n<p><a href=\"https:\/\/turismoenzamora.es\/wp-content\/uploads\/2020\/02\/patrimonio-art\u00edstico.pdf\" target=\"_blank\" rel=\"noopener noreferrer\"><img decoding=\"async\" class=\"alignleft wp-image-4861 size-full\" src=\"https:\/\/turismoenzamora.es\/wp-content\/uploads\/2017\/08\/masinfo-1.png\" alt=\"M\u00e1s Informaci\u00f3n\" width=\"63\" height=\"32\" data-id=\"4861\"><\/a><\/p>","protected":false},"excerpt":{"rendered":"<p>Campos &#8211; Pan L&rsquo;\u00e9glise de La Hiniesta exhibe le portail de Santa Mar\u00eda la Real, l&rsquo;un des plus beaux exemples du gothique de Zamora. De par leur beaut\u00e9 se d\u00e9tachent la fa\u00e7ade et l&rsquo;atrium m\u00e9ridional, de l&rsquo;\u00e9poque des Rois Catholiques. L&rsquo;int\u00e9rieur du portail est surmont\u00e9 d&rsquo;une vo\u00fbte en crois\u00e9e d&rsquo;ogive, dont les nervures s&rsquo;appuient sur [&hellip;]<\/p>\n","protected":false},"author":1,"featured_media":0,"parent":82,"menu_order":3,"comment_status":"closed","ping_status":"closed","template":"","meta":{"inline_featured_image":false,"site-sidebar-layout":"default","site-content-layout":"default","ast-site-content-layout":"","site-content-style":"default","site-sidebar-style":"default","ast-global-header-display":"","ast-banner-title-visibility":"","ast-main-header-display":"","ast-hfb-above-header-display":"","ast-hfb-below-header-display":"","ast-hfb-mobile-header-display":"","site-post-title":"disabled","ast-breadcrumbs-content":"","ast-featured-img":"","footer-sml-layout":"","theme-transparent-header-meta":"default","adv-header-id-meta":"","stick-header-meta":"","header-above-stick-meta":"","header-main-stick-meta":"","header-below-stick-meta":"","astra-migrate-meta-layouts":"default","ast-page-background-enabled":"default","ast-page-background-meta":{"desktop":{"background-color":"","background-image":"","background-repeat":"repeat","background-position":"center center","background-size":"auto","background-attachment":"scroll","background-type":"","background-media":"","overlay-type":"","overlay-color":"","overlay-opacity":"","overlay-gradient":""},"tablet":{"background-color":"","background-image":"","background-repeat":"repeat","background-position":"center center","background-size":"auto","background-attachment":"scroll","background-type":"","background-media":"","overlay-type":"","overlay-color":"","overlay-opacity":"","overlay-gradient":""},"mobile":{"background-color":"","background-image":"","background-repeat":"repeat","background-position":"center center","background-size":"auto","background-attachment":"scroll","background-type":"","background-media":"","overlay-type":"","overlay-color":"","overlay-opacity":"","overlay-gradient":""}},"ast-content-background-meta":{"desktop":{"background-color":"var(--ast-global-color-5)","background-image":"","background-repeat":"repeat","background-position":"center center","background-size":"auto","background-attachment":"scroll","background-type":"","background-media":"","overlay-type":"","overlay-color":"","overlay-opacity":"","overlay-gradient":""},"tablet":{"background-color":"var(--ast-global-color-5)","background-image":"","background-repeat":"repeat","background-position":"center center","background-size":"auto","background-attachment":"scroll","background-type":"","background-media":"","overlay-type":"","overlay-color":"","overlay-opacity":"","overlay-gradient":""},"mobile":{"background-color":"var(--ast-global-color-5)","background-image":"","background-repeat":"repeat","background-position":"center center","background-size":"auto","background-attachment":"scroll","background-type":"","background-media":"","overlay-type":"","overlay-color":"","overlay-opacity":"","overlay-gradient":""}},"ngg_post_thumbnail":0,"footnotes":""},"yoast_head":"<!-- This site is optimized with the Yoast SEO plugin v23.0 - https:\/\/yoast.com\/wordpress\/plugins\/seo\/ -->\n<title>Turismo de Zamora , Turismo Sostenible<\/title>\n<meta name=\"description\" content=\"Esta es la p\u00e1gina Oficial de Turismo de Diputaci\u00f3n de Zamora, donde podr\u00e1 encontrar toda la informaci\u00f3n para disfrutar al m\u00e1ximo de nuestra provincia.\" \/>\n<meta name=\"robots\" content=\"index, follow, max-snippet:-1, max-image-preview:large, max-video-preview:-1\" \/>\n<link rel=\"canonical\" href=\"https:\/\/turismoenzamora.es\/patrimonio-artistico\/campos-pan\/\" \/>\n<meta property=\"og:locale\" content=\"fr_FR\" \/>\n<meta property=\"og:type\" content=\"article\" \/>\n<meta property=\"og:title\" content=\"Turismo de Zamora , Turismo Sostenible\" \/>\n<meta property=\"og:description\" content=\"Esta es la p\u00e1gina Oficial de Turismo de Diputaci\u00f3n de Zamora, donde podr\u00e1 encontrar toda la informaci\u00f3n para disfrutar al m\u00e1ximo de nuestra provincia.\" \/>\n<meta property=\"og:url\" content=\"https:\/\/turismoenzamora.es\/patrimonio-artistico\/campos-pan\/\" \/>\n<meta property=\"og:site_name\" content=\"Tourisme \u00e0 Zamora\" \/>\n<meta property=\"article:publisher\" content=\"https:\/\/www.facebook.com\/ZamoraSpain\/\" \/>\n<meta property=\"article:modified_time\" content=\"2021-09-01T14:38:44+00:00\" \/>\n<meta property=\"og:image\" content=\"https:\/\/turismoenzamora.es\/wp-content\/uploads\/2017\/08\/Campos_Pan_2-300x182.jpg\" \/>\n<meta name=\"twitter:card\" content=\"summary_large_image\" \/>\n<meta name=\"twitter:site\" content=\"@ZamoraSpain\" \/>\n<meta name=\"twitter:label1\" content=\"Dur\u00e9e de lecture estim\u00e9e\" \/>\n\t<meta name=\"twitter:data1\" content=\"10 minutes\" \/>\n<script type=\"application\/ld+json\" class=\"yoast-schema-graph\">{\"@context\":\"https:\/\/schema.org\",\"@graph\":[{\"@type\":\"WebPage\",\"@id\":\"https:\/\/turismoenzamora.es\/patrimonio-artistico\/campos-pan\/\",\"url\":\"https:\/\/turismoenzamora.es\/patrimonio-artistico\/campos-pan\/\",\"name\":\"Turismo de Zamora , Turismo Sostenible\",\"isPartOf\":{\"@id\":\"https:\/\/turismoenzamora.es\/pt\/#website\"},\"primaryImageOfPage\":{\"@id\":\"https:\/\/turismoenzamora.es\/patrimonio-artistico\/campos-pan\/#primaryimage\"},\"image\":{\"@id\":\"https:\/\/turismoenzamora.es\/patrimonio-artistico\/campos-pan\/#primaryimage\"},\"thumbnailUrl\":\"https:\/\/turismoenzamora.es\/wp-content\/uploads\/2017\/08\/Campos_Pan_2-300x182.jpg\",\"datePublished\":\"2017-08-07T09:02:54+00:00\",\"dateModified\":\"2021-09-01T14:38:44+00:00\",\"description\":\"Esta es la p\u00e1gina Oficial de Turismo de Diputaci\u00f3n de Zamora, donde podr\u00e1 encontrar toda la informaci\u00f3n para disfrutar al m\u00e1ximo de nuestra provincia.\",\"breadcrumb\":{\"@id\":\"https:\/\/turismoenzamora.es\/patrimonio-artistico\/campos-pan\/#breadcrumb\"},\"inLanguage\":\"fr-FR\",\"potentialAction\":[{\"@type\":\"ReadAction\",\"target\":[\"https:\/\/turismoenzamora.es\/patrimonio-artistico\/campos-pan\/\"]}]},{\"@type\":\"ImageObject\",\"inLanguage\":\"fr-FR\",\"@id\":\"https:\/\/turismoenzamora.es\/patrimonio-artistico\/campos-pan\/#primaryimage\",\"url\":\"https:\/\/turismoenzamora.es\/wp-content\/uploads\/2017\/08\/Campos_Pan_2-300x182.jpg\",\"contentUrl\":\"https:\/\/turismoenzamora.es\/wp-content\/uploads\/2017\/08\/Campos_Pan_2-300x182.jpg\"},{\"@type\":\"BreadcrumbList\",\"@id\":\"https:\/\/turismoenzamora.es\/patrimonio-artistico\/campos-pan\/#breadcrumb\",\"itemListElement\":[{\"@type\":\"ListItem\",\"position\":1,\"name\":\"Portada\",\"item\":\"https:\/\/turismoenzamora.es\/\"},{\"@type\":\"ListItem\",\"position\":2,\"name\":\"Patrimonio Art\u00edstico\",\"item\":\"https:\/\/turismoenzamora.es\/en\/patrimonio-artistico\/\"},{\"@type\":\"ListItem\",\"position\":3,\"name\":\"Campos &#8211; Pan\"}]},{\"@type\":\"WebSite\",\"@id\":\"https:\/\/turismoenzamora.es\/pt\/#website\",\"url\":\"https:\/\/turismoenzamora.es\/pt\/\",\"name\":\"Turismo sostenible. Patronato de Turismo de la Diputaci\u00f3n de Zamora.&quot;Turismo Sostenible&quot;.\",\"description\":\"Tourisme durable Office du tourisme de la Diputaci\u00f3n de Zamora\",\"publisher\":{\"@id\":\"https:\/\/turismoenzamora.es\/pt\/#organization\"},\"potentialAction\":[{\"@type\":\"SearchAction\",\"target\":{\"@type\":\"EntryPoint\",\"urlTemplate\":\"https:\/\/turismoenzamora.es\/pt\/?s={search_term_string}\"},\"query-input\":\"required name=search_term_string\"}],\"inLanguage\":\"fr-FR\"},{\"@type\":\"Organization\",\"@id\":\"https:\/\/turismoenzamora.es\/pt\/#organization\",\"name\":\"Patronato de Turismo de la Diputaci\u00f3n de Zamora\",\"url\":\"https:\/\/turismoenzamora.es\/pt\/\",\"logo\":{\"@type\":\"ImageObject\",\"inLanguage\":\"fr-FR\",\"@id\":\"https:\/\/turismoenzamora.es\/pt\/#\/schema\/logo\/image\/\",\"url\":\"https:\/\/turismoenzamora.es\/wp-content\/uploads\/2018\/06\/ZamoraLogo.png\",\"contentUrl\":\"https:\/\/turismoenzamora.es\/wp-content\/uploads\/2018\/06\/ZamoraLogo.png\",\"width\":1276,\"height\":290,\"caption\":\"Patronato de Turismo de la Diputaci\u00f3n de Zamora\"},\"image\":{\"@id\":\"https:\/\/turismoenzamora.es\/pt\/#\/schema\/logo\/image\/\"},\"sameAs\":[\"https:\/\/www.facebook.com\/ZamoraSpain\/\",\"https:\/\/x.com\/ZamoraSpain\",\"https:\/\/www.instagram.com\/turismoenzamora.es\/\",\"https:\/\/www.pinterest.es\/TurismoenZamora\/\",\"https:\/\/www.youtube.com\/channel\/UC2bOyOZ-2cLm-uXlBFYUV9w\"]}]}<\/script>\n<!-- \/ Yoast SEO plugin. -->","yoast_head_json":{"title":"Turismo de Zamora , Turismo Sostenible","description":"Esta es la p\u00e1gina Oficial de Turismo de Diputaci\u00f3n de Zamora, donde podr\u00e1 encontrar toda la informaci\u00f3n para disfrutar al m\u00e1ximo de nuestra provincia.","robots":{"index":"index","follow":"follow","max-snippet":"max-snippet:-1","max-image-preview":"max-image-preview:large","max-video-preview":"max-video-preview:-1"},"canonical":"https:\/\/turismoenzamora.es\/patrimonio-artistico\/campos-pan\/","og_locale":"fr_FR","og_type":"article","og_title":"Turismo de Zamora , Turismo Sostenible","og_description":"Esta es la p\u00e1gina Oficial de Turismo de Diputaci\u00f3n de Zamora, donde podr\u00e1 encontrar toda la informaci\u00f3n para disfrutar al m\u00e1ximo de nuestra provincia.","og_url":"https:\/\/turismoenzamora.es\/patrimonio-artistico\/campos-pan\/","og_site_name":"Tourisme \u00e0 Zamora","article_publisher":"https:\/\/www.facebook.com\/ZamoraSpain\/","article_modified_time":"2021-09-01T14:38:44+00:00","og_image":[{"url":"https:\/\/turismoenzamora.es\/wp-content\/uploads\/2017\/08\/Campos_Pan_2-300x182.jpg"}],"twitter_card":"summary_large_image","twitter_site":"@ZamoraSpain","twitter_misc":{"Dur\u00e9e de lecture estim\u00e9e":"10 minutes"},"schema":{"@context":"https:\/\/schema.org","@graph":[{"@type":"WebPage","@id":"https:\/\/turismoenzamora.es\/patrimonio-artistico\/campos-pan\/","url":"https:\/\/turismoenzamora.es\/patrimonio-artistico\/campos-pan\/","name":"Turismo de Zamora , Turismo Sostenible","isPartOf":{"@id":"https:\/\/turismoenzamora.es\/pt\/#website"},"primaryImageOfPage":{"@id":"https:\/\/turismoenzamora.es\/patrimonio-artistico\/campos-pan\/#primaryimage"},"image":{"@id":"https:\/\/turismoenzamora.es\/patrimonio-artistico\/campos-pan\/#primaryimage"},"thumbnailUrl":"https:\/\/turismoenzamora.es\/wp-content\/uploads\/2017\/08\/Campos_Pan_2-300x182.jpg","datePublished":"2017-08-07T09:02:54+00:00","dateModified":"2021-09-01T14:38:44+00:00","description":"Esta es la p\u00e1gina Oficial de Turismo de Diputaci\u00f3n de Zamora, donde podr\u00e1 encontrar toda la informaci\u00f3n para disfrutar al m\u00e1ximo de nuestra provincia.","breadcrumb":{"@id":"https:\/\/turismoenzamora.es\/patrimonio-artistico\/campos-pan\/#breadcrumb"},"inLanguage":"fr-FR","potentialAction":[{"@type":"ReadAction","target":["https:\/\/turismoenzamora.es\/patrimonio-artistico\/campos-pan\/"]}]},{"@type":"ImageObject","inLanguage":"fr-FR","@id":"https:\/\/turismoenzamora.es\/patrimonio-artistico\/campos-pan\/#primaryimage","url":"https:\/\/turismoenzamora.es\/wp-content\/uploads\/2017\/08\/Campos_Pan_2-300x182.jpg","contentUrl":"https:\/\/turismoenzamora.es\/wp-content\/uploads\/2017\/08\/Campos_Pan_2-300x182.jpg"},{"@type":"BreadcrumbList","@id":"https:\/\/turismoenzamora.es\/patrimonio-artistico\/campos-pan\/#breadcrumb","itemListElement":[{"@type":"ListItem","position":1,"name":"Portada","item":"https:\/\/turismoenzamora.es\/"},{"@type":"ListItem","position":2,"name":"Patrimonio Art\u00edstico","item":"https:\/\/turismoenzamora.es\/en\/patrimonio-artistico\/"},{"@type":"ListItem","position":3,"name":"Campos &#8211; Pan"}]},{"@type":"WebSite","@id":"https:\/\/turismoenzamora.es\/pt\/#website","url":"https:\/\/turismoenzamora.es\/pt\/","name":"Turismo sostenible. Patronato de Turismo de la Diputaci\u00f3n de Zamora.&quot;Turismo Sostenible&quot;.","description":"Tourisme durable Office du tourisme de la Diputaci\u00f3n de Zamora","publisher":{"@id":"https:\/\/turismoenzamora.es\/pt\/#organization"},"potentialAction":[{"@type":"SearchAction","target":{"@type":"EntryPoint","urlTemplate":"https:\/\/turismoenzamora.es\/pt\/?s={search_term_string}"},"query-input":"required name=search_term_string"}],"inLanguage":"fr-FR"},{"@type":"Organization","@id":"https:\/\/turismoenzamora.es\/pt\/#organization","name":"Patronato de Turismo de la Diputaci\u00f3n de Zamora","url":"https:\/\/turismoenzamora.es\/pt\/","logo":{"@type":"ImageObject","inLanguage":"fr-FR","@id":"https:\/\/turismoenzamora.es\/pt\/#\/schema\/logo\/image\/","url":"https:\/\/turismoenzamora.es\/wp-content\/uploads\/2018\/06\/ZamoraLogo.png","contentUrl":"https:\/\/turismoenzamora.es\/wp-content\/uploads\/2018\/06\/ZamoraLogo.png","width":1276,"height":290,"caption":"Patronato de Turismo de la Diputaci\u00f3n de Zamora"},"image":{"@id":"https:\/\/turismoenzamora.es\/pt\/#\/schema\/logo\/image\/"},"sameAs":["https:\/\/www.facebook.com\/ZamoraSpain\/","https:\/\/x.com\/ZamoraSpain","https:\/\/www.instagram.com\/turismoenzamora.es\/","https:\/\/www.pinterest.es\/TurismoenZamora\/","https:\/\/www.youtube.com\/channel\/UC2bOyOZ-2cLm-uXlBFYUV9w"]}]}},"_links":{"self":[{"href":"https:\/\/turismoenzamora.es\/fr\/wp-json\/wp\/v2\/pages\/152"}],"collection":[{"href":"https:\/\/turismoenzamora.es\/fr\/wp-json\/wp\/v2\/pages"}],"about":[{"href":"https:\/\/turismoenzamora.es\/fr\/wp-json\/wp\/v2\/types\/page"}],"author":[{"embeddable":true,"href":"https:\/\/turismoenzamora.es\/fr\/wp-json\/wp\/v2\/users\/1"}],"replies":[{"embeddable":true,"href":"https:\/\/turismoenzamora.es\/fr\/wp-json\/wp\/v2\/comments?post=152"}],"version-history":[{"count":0,"href":"https:\/\/turismoenzamora.es\/fr\/wp-json\/wp\/v2\/pages\/152\/revisions"}],"up":[{"embeddable":true,"href":"https:\/\/turismoenzamora.es\/fr\/wp-json\/wp\/v2\/pages\/82"}],"wp:attachment":[{"href":"https:\/\/turismoenzamora.es\/fr\/wp-json\/wp\/v2\/media?parent=152"}],"curies":[{"name":"wp","href":"https:\/\/api.w.org\/{rel}","templated":true}]}}