{"id":150,"date":"2017-08-07T11:02:36","date_gmt":"2017-08-07T09:02:36","guid":{"rendered":"https:\/\/newweb.turismoenzamora.es\/?page_id=150"},"modified":"2021-09-01T16:38:08","modified_gmt":"2021-09-01T14:38:08","slug":"benavente-y-los-valles","status":"publish","type":"page","link":"https:\/\/turismoenzamora.es\/fr\/patrimonio-artistico\/benavente-y-los-valles\/","title":{"rendered":"Benavente y los Valles"},"content":{"rendered":"<p><\/p>\n<h1>Benavente y los Valles<\/h1>\n<p><img fetchpriority=\"high\" decoding=\"async\" class=\" wp-image-519 aligncenter\" src=\"https:\/\/turismoenzamora.es\/wp-content\/uploads\/2017\/08\/Benavente_y_los_Valles_1-300x198.jpg\" alt=\"\" width=\"498\" height=\"329\" srcset=\"https:\/\/turismoenzamora.es\/wp-content\/uploads\/2017\/08\/Benavente_y_los_Valles_1-300x198.jpg 300w, https:\/\/turismoenzamora.es\/wp-content\/uploads\/2017\/08\/Benavente_y_los_Valles_1.jpg 670w\" sizes=\"(max-width: 498px) 100vw, 498px\" \/><\/p>\n<p>Bien connue pour son emplacement strat\u00e9gique, Benavente est la deuxi\u00e8me ville la plus importante de la province. Il s&rsquo;agit d&rsquo;un n\u0153ud de communications avec le nord-ouest de la p\u00e9ninsule, et de la capitale d&rsquo;un canton magnifique et fertile d\u00e9nomm\u00e9 \u00ab\u00a0de los Valles&rsquo; (des Vall\u00e9es) qui rec\u00e8le un abondant patrimoine arch\u00e9ologique. Si la voie romaine route de l&rsquo;argent (V\u00eda de la Plata) &#8211; qui co\u00efncide avec les Chemins de Saint-Jacques du sud de l&rsquo;Espagne &#8211; est d\u00e9sormais une route reconnue, les centres d&rsquo;arch\u00e9ologie et les sites des environs, r\u00e9partis \u00e0 travers la Sierra de Carpurias, ne le sont pas moins.<\/p>\n<p>La ville de Benavente prend de l&rsquo;importance en l&rsquo;an 1398, quand elle passe aux mains des Pimentel, ce qui donne lieu \u00e0 une descendance nobiliaire &#8211; celle des comtes-ducs de Benavente &#8211; qui se perp\u00e9tuera jusqu&rsquo;\u00e0 la fin du XIXe si\u00e8cle.<\/p>\n<p>Il faut mettre en relief l&rsquo;Hospital de la Piedad, fond\u00e9 pour h\u00e9berger les p\u00e8lerins en 1518 dans un style Renaissance, et la Casa du Cervato, l&rsquo;une des maisons de la bourgeoisie locale les mieux conserv\u00e9es, construite en 1881 et qui accueille aujourd&rsquo;hui les d\u00e9pendances de la mairie.<\/p>\n<p>L&rsquo;\u00e9glise romane Santa Mar\u00eda del Azogue est le monument le plus embl\u00e9matique de la ville. L&rsquo;\u00e9glise San Juan del Mercado est \u00e9galement romane.<\/p>\n<p>L&rsquo;actuel Parador de Turismo (h\u00f4tel de luxe historique) inclut dans son \u00e9dification la tour du Colima\u00e7on (del Caracol), qui faisait partie du magnifique palais-ch\u00e2teau des Pimentel, du XVIe si\u00e8cle.<\/p>\n<p><img decoding=\"async\" class=\"size-medium wp-image-520 alignleft\" src=\"https:\/\/turismoenzamora.es\/wp-content\/uploads\/2017\/08\/Benavente_y_los_Valles_2-300x201.jpg\" alt=\"\" width=\"300\" height=\"201\" srcset=\"https:\/\/turismoenzamora.es\/wp-content\/uploads\/2017\/08\/Benavente_y_los_Valles_2-300x201.jpg 300w, https:\/\/turismoenzamora.es\/wp-content\/uploads\/2017\/08\/Benavente_y_los_Valles_2.jpg 672w\" sizes=\"(max-width: 300px) 100vw, 300px\" \/>La route arch\u00e9ologique par les Vall\u00e9es de Vidriales, \u00d3rbigo et Eria offre une large palette d&rsquo;arch\u00e9ologie, depuis le N\u00e9olithique et le premier \u00e2ge du fer jusqu&rsquo;\u00e0 la fin de l&rsquo;Empire romain. \u00c0 Morales del Rey et \u00e0 Granucillo de Vidriales, on peut visiter les dolmens de El Tesoro, de Las Pe\u00f1ezuelas et de San Adri\u00e1n. \u00c0 Arrabalde se trouve le dolmen connu comme El Caset\u00f3n de los Moros ainsi qu&rsquo;une salle didactique o\u00f9 est expliqu\u00e9e la vie de ce village pr\u00e9romain. Manganeses de la Polvorosa recr\u00e9e la vie d&rsquo;un autre village habit\u00e9 jusqu&rsquo;\u00e0 l&rsquo;\u00e9poque romaine. \u00c0 Rosinos de Vidriales on a recr\u00e9\u00e9 le camp romain qui accueillit la Legio X Gemina et l&rsquo;aile II Flavia, et Santiba\u00f1ez de Vidriales pr\u00e9sente le centre d&rsquo;interpr\u00e9tation des camps romains.<\/p>\n<p>L&rsquo;\u00e9glise Santa Marta de Tera, construite au d\u00e9but du XIIe si\u00e8cle, porte sur sa fa\u00e7ade sud deux figures en haut-relief, l&rsquo;une d&rsquo;elles de saint Jacques l&rsquo;Ap\u00f4tre. Deux fois par an, ce temple est le cadre du miracle de la lumi\u00e8re d&rsquo;\u00e9quinoxe (21 mars et 22 septembre), lorsque la lumi\u00e8re illumine pour quelques minutes un chapiteau aux motifs bibliques.<\/p>\n<p><a href=\"https:\/\/turismoenzamora.es\/wp-content\/uploads\/2020\/02\/patrimonio-art\u00edstico.pdf\" target=\"_blank\" rel=\"noopener noreferrer\"><img decoding=\"async\" class=\"alignleft wp-image-4861 size-full\" src=\"https:\/\/turismoenzamora.es\/wp-content\/uploads\/2017\/08\/masinfo-1.png\" alt=\"M\u00e1s Informaci\u00f3n\" width=\"63\" height=\"32\" data-id=\"4861\"><\/a><\/p>","protected":false},"excerpt":{"rendered":"<p>Benavente y los Valles Bien connue pour son emplacement strat\u00e9gique, Benavente est la deuxi\u00e8me ville la plus importante de la province. Il s&rsquo;agit d&rsquo;un n\u0153ud de communications avec le nord-ouest de la p\u00e9ninsule, et de la capitale d&rsquo;un canton magnifique et fertile d\u00e9nomm\u00e9 \u00ab\u00a0de los Valles&rsquo; (des Vall\u00e9es) qui rec\u00e8le un abondant patrimoine arch\u00e9ologique. Si [&hellip;]<\/p>\n","protected":false},"author":1,"featured_media":0,"parent":82,"menu_order":2,"comment_status":"closed","ping_status":"closed","template":"","meta":{"inline_featured_image":false,"site-sidebar-layout":"default","site-content-layout":"default","ast-site-content-layout":"","site-content-style":"default","site-sidebar-style":"default","ast-global-header-display":"","ast-banner-title-visibility":"","ast-main-header-display":"","ast-hfb-above-header-display":"","ast-hfb-below-header-display":"","ast-hfb-mobile-header-display":"","site-post-title":"disabled","ast-breadcrumbs-content":"","ast-featured-img":"","footer-sml-layout":"","theme-transparent-header-meta":"default","adv-header-id-meta":"","stick-header-meta":"","header-above-stick-meta":"","header-main-stick-meta":"","header-below-stick-meta":"","astra-migrate-meta-layouts":"default","ast-page-background-enabled":"default","ast-page-background-meta":{"desktop":{"background-color":"","background-image":"","background-repeat":"repeat","background-position":"center center","background-size":"auto","background-attachment":"scroll","background-type":"","background-media":"","overlay-type":"","overlay-color":"","overlay-opacity":"","overlay-gradient":""},"tablet":{"background-color":"","background-image":"","background-repeat":"repeat","background-position":"center center","background-size":"auto","background-attachment":"scroll","background-type":"","background-media":"","overlay-type":"","overlay-color":"","overlay-opacity":"","overlay-gradient":""},"mobile":{"background-color":"","background-image":"","background-repeat":"repeat","background-position":"center center","background-size":"auto","background-attachment":"scroll","background-type":"","background-media":"","overlay-type":"","overlay-color":"","overlay-opacity":"","overlay-gradient":""}},"ast-content-background-meta":{"desktop":{"background-color":"var(--ast-global-color-5)","background-image":"","background-repeat":"repeat","background-position":"center center","background-size":"auto","background-attachment":"scroll","background-type":"","background-media":"","overlay-type":"","overlay-color":"","overlay-opacity":"","overlay-gradient":""},"tablet":{"background-color":"var(--ast-global-color-5)","background-image":"","background-repeat":"repeat","background-position":"center center","background-size":"auto","background-attachment":"scroll","background-type":"","background-media":"","overlay-type":"","overlay-color":"","overlay-opacity":"","overlay-gradient":""},"mobile":{"background-color":"var(--ast-global-color-5)","background-image":"","background-repeat":"repeat","background-position":"center center","background-size":"auto","background-attachment":"scroll","background-type":"","background-media":"","overlay-type":"","overlay-color":"","overlay-opacity":"","overlay-gradient":""}},"ngg_post_thumbnail":0,"footnotes":""},"yoast_head":"<!-- This site is optimized with the Yoast SEO plugin v23.0 - https:\/\/yoast.com\/wordpress\/plugins\/seo\/ -->\n<title>Turismo de Zamora , Turismo Sostenible<\/title>\n<meta name=\"description\" content=\"Esta es la p\u00e1gina Oficial de Turismo de Diputaci\u00f3n de Zamora, donde podr\u00e1 encontrar toda la informaci\u00f3n para disfrutar al m\u00e1ximo de nuestra provincia.\" \/>\n<meta name=\"robots\" content=\"index, follow, max-snippet:-1, max-image-preview:large, max-video-preview:-1\" \/>\n<link rel=\"canonical\" href=\"https:\/\/turismoenzamora.es\/fr\/patrimonio-artistico\/benavente-y-los-valles\/\" \/>\n<meta property=\"og:locale\" content=\"fr_FR\" \/>\n<meta property=\"og:type\" content=\"article\" \/>\n<meta property=\"og:title\" content=\"Turismo de Zamora , Turismo Sostenible\" \/>\n<meta property=\"og:description\" content=\"Esta es la p\u00e1gina Oficial de Turismo de Diputaci\u00f3n de Zamora, donde podr\u00e1 encontrar toda la informaci\u00f3n para disfrutar al m\u00e1ximo de nuestra provincia.\" \/>\n<meta property=\"og:url\" content=\"https:\/\/turismoenzamora.es\/fr\/patrimonio-artistico\/benavente-y-los-valles\/\" \/>\n<meta property=\"og:site_name\" content=\"Tourisme \u00e0 Zamora\" \/>\n<meta property=\"article:publisher\" content=\"https:\/\/www.facebook.com\/ZamoraSpain\/\" \/>\n<meta property=\"article:modified_time\" content=\"2021-09-01T14:38:08+00:00\" \/>\n<meta property=\"og:image\" content=\"https:\/\/turismoenzamora.es\/wp-content\/uploads\/2017\/08\/Benavente_y_los_Valles_1-300x198.jpg\" \/>\n<meta name=\"twitter:card\" content=\"summary_large_image\" \/>\n<meta name=\"twitter:site\" content=\"@ZamoraSpain\" \/>\n<meta name=\"twitter:label1\" content=\"Dur\u00e9e de lecture estim\u00e9e\" \/>\n\t<meta name=\"twitter:data1\" content=\"11 minutes\" \/>\n<script type=\"application\/ld+json\" class=\"yoast-schema-graph\">{\"@context\":\"https:\/\/schema.org\",\"@graph\":[{\"@type\":\"WebPage\",\"@id\":\"https:\/\/turismoenzamora.es\/fr\/patrimonio-artistico\/benavente-y-los-valles\/\",\"url\":\"https:\/\/turismoenzamora.es\/fr\/patrimonio-artistico\/benavente-y-los-valles\/\",\"name\":\"Turismo de Zamora , Turismo Sostenible\",\"isPartOf\":{\"@id\":\"https:\/\/turismoenzamora.es\/pt\/#website\"},\"primaryImageOfPage\":{\"@id\":\"https:\/\/turismoenzamora.es\/fr\/patrimonio-artistico\/benavente-y-los-valles\/#primaryimage\"},\"image\":{\"@id\":\"https:\/\/turismoenzamora.es\/fr\/patrimonio-artistico\/benavente-y-los-valles\/#primaryimage\"},\"thumbnailUrl\":\"https:\/\/turismoenzamora.es\/wp-content\/uploads\/2017\/08\/Benavente_y_los_Valles_1-300x198.jpg\",\"datePublished\":\"2017-08-07T09:02:36+00:00\",\"dateModified\":\"2021-09-01T14:38:08+00:00\",\"description\":\"Esta es la p\u00e1gina Oficial de Turismo de Diputaci\u00f3n de Zamora, donde podr\u00e1 encontrar toda la informaci\u00f3n para disfrutar al m\u00e1ximo de nuestra provincia.\",\"breadcrumb\":{\"@id\":\"https:\/\/turismoenzamora.es\/fr\/patrimonio-artistico\/benavente-y-los-valles\/#breadcrumb\"},\"inLanguage\":\"fr-FR\",\"potentialAction\":[{\"@type\":\"ReadAction\",\"target\":[\"https:\/\/turismoenzamora.es\/fr\/patrimonio-artistico\/benavente-y-los-valles\/\"]}]},{\"@type\":\"ImageObject\",\"inLanguage\":\"fr-FR\",\"@id\":\"https:\/\/turismoenzamora.es\/fr\/patrimonio-artistico\/benavente-y-los-valles\/#primaryimage\",\"url\":\"https:\/\/turismoenzamora.es\/wp-content\/uploads\/2017\/08\/Benavente_y_los_Valles_1-300x198.jpg\",\"contentUrl\":\"https:\/\/turismoenzamora.es\/wp-content\/uploads\/2017\/08\/Benavente_y_los_Valles_1-300x198.jpg\"},{\"@type\":\"BreadcrumbList\",\"@id\":\"https:\/\/turismoenzamora.es\/fr\/patrimonio-artistico\/benavente-y-los-valles\/#breadcrumb\",\"itemListElement\":[{\"@type\":\"ListItem\",\"position\":1,\"name\":\"Portada\",\"item\":\"https:\/\/turismoenzamora.es\/\"},{\"@type\":\"ListItem\",\"position\":2,\"name\":\"Patrimonio Art\u00edstico\",\"item\":\"https:\/\/turismoenzamora.es\/en\/patrimonio-artistico\/\"},{\"@type\":\"ListItem\",\"position\":3,\"name\":\"Benavente y los Valles\"}]},{\"@type\":\"WebSite\",\"@id\":\"https:\/\/turismoenzamora.es\/pt\/#website\",\"url\":\"https:\/\/turismoenzamora.es\/pt\/\",\"name\":\"Turismo sostenible. Patronato de Turismo de la Diputaci\u00f3n de Zamora.&quot;Turismo Sostenible&quot;.\",\"description\":\"Tourisme durable Office du tourisme de la Diputaci\u00f3n de Zamora\",\"publisher\":{\"@id\":\"https:\/\/turismoenzamora.es\/pt\/#organization\"},\"potentialAction\":[{\"@type\":\"SearchAction\",\"target\":{\"@type\":\"EntryPoint\",\"urlTemplate\":\"https:\/\/turismoenzamora.es\/pt\/?s={search_term_string}\"},\"query-input\":\"required name=search_term_string\"}],\"inLanguage\":\"fr-FR\"},{\"@type\":\"Organization\",\"@id\":\"https:\/\/turismoenzamora.es\/pt\/#organization\",\"name\":\"Patronato de Turismo de la Diputaci\u00f3n de Zamora\",\"url\":\"https:\/\/turismoenzamora.es\/pt\/\",\"logo\":{\"@type\":\"ImageObject\",\"inLanguage\":\"fr-FR\",\"@id\":\"https:\/\/turismoenzamora.es\/pt\/#\/schema\/logo\/image\/\",\"url\":\"https:\/\/turismoenzamora.es\/wp-content\/uploads\/2018\/06\/ZamoraLogo.png\",\"contentUrl\":\"https:\/\/turismoenzamora.es\/wp-content\/uploads\/2018\/06\/ZamoraLogo.png\",\"width\":1276,\"height\":290,\"caption\":\"Patronato de Turismo de la Diputaci\u00f3n de Zamora\"},\"image\":{\"@id\":\"https:\/\/turismoenzamora.es\/pt\/#\/schema\/logo\/image\/\"},\"sameAs\":[\"https:\/\/www.facebook.com\/ZamoraSpain\/\",\"https:\/\/x.com\/ZamoraSpain\",\"https:\/\/www.instagram.com\/turismoenzamora.es\/\",\"https:\/\/www.pinterest.es\/TurismoenZamora\/\",\"https:\/\/www.youtube.com\/channel\/UC2bOyOZ-2cLm-uXlBFYUV9w\"]}]}<\/script>\n<!-- \/ Yoast SEO plugin. -->","yoast_head_json":{"title":"Turismo de Zamora , Turismo Sostenible","description":"Esta es la p\u00e1gina Oficial de Turismo de Diputaci\u00f3n de Zamora, donde podr\u00e1 encontrar toda la informaci\u00f3n para disfrutar al m\u00e1ximo de nuestra provincia.","robots":{"index":"index","follow":"follow","max-snippet":"max-snippet:-1","max-image-preview":"max-image-preview:large","max-video-preview":"max-video-preview:-1"},"canonical":"https:\/\/turismoenzamora.es\/fr\/patrimonio-artistico\/benavente-y-los-valles\/","og_locale":"fr_FR","og_type":"article","og_title":"Turismo de Zamora , Turismo Sostenible","og_description":"Esta es la p\u00e1gina Oficial de Turismo de Diputaci\u00f3n de Zamora, donde podr\u00e1 encontrar toda la informaci\u00f3n para disfrutar al m\u00e1ximo de nuestra provincia.","og_url":"https:\/\/turismoenzamora.es\/fr\/patrimonio-artistico\/benavente-y-los-valles\/","og_site_name":"Tourisme \u00e0 Zamora","article_publisher":"https:\/\/www.facebook.com\/ZamoraSpain\/","article_modified_time":"2021-09-01T14:38:08+00:00","og_image":[{"url":"https:\/\/turismoenzamora.es\/wp-content\/uploads\/2017\/08\/Benavente_y_los_Valles_1-300x198.jpg"}],"twitter_card":"summary_large_image","twitter_site":"@ZamoraSpain","twitter_misc":{"Dur\u00e9e de lecture estim\u00e9e":"11 minutes"},"schema":{"@context":"https:\/\/schema.org","@graph":[{"@type":"WebPage","@id":"https:\/\/turismoenzamora.es\/fr\/patrimonio-artistico\/benavente-y-los-valles\/","url":"https:\/\/turismoenzamora.es\/fr\/patrimonio-artistico\/benavente-y-los-valles\/","name":"Turismo de Zamora , Turismo Sostenible","isPartOf":{"@id":"https:\/\/turismoenzamora.es\/pt\/#website"},"primaryImageOfPage":{"@id":"https:\/\/turismoenzamora.es\/fr\/patrimonio-artistico\/benavente-y-los-valles\/#primaryimage"},"image":{"@id":"https:\/\/turismoenzamora.es\/fr\/patrimonio-artistico\/benavente-y-los-valles\/#primaryimage"},"thumbnailUrl":"https:\/\/turismoenzamora.es\/wp-content\/uploads\/2017\/08\/Benavente_y_los_Valles_1-300x198.jpg","datePublished":"2017-08-07T09:02:36+00:00","dateModified":"2021-09-01T14:38:08+00:00","description":"Esta es la p\u00e1gina Oficial de Turismo de Diputaci\u00f3n de Zamora, donde podr\u00e1 encontrar toda la informaci\u00f3n para disfrutar al m\u00e1ximo de nuestra provincia.","breadcrumb":{"@id":"https:\/\/turismoenzamora.es\/fr\/patrimonio-artistico\/benavente-y-los-valles\/#breadcrumb"},"inLanguage":"fr-FR","potentialAction":[{"@type":"ReadAction","target":["https:\/\/turismoenzamora.es\/fr\/patrimonio-artistico\/benavente-y-los-valles\/"]}]},{"@type":"ImageObject","inLanguage":"fr-FR","@id":"https:\/\/turismoenzamora.es\/fr\/patrimonio-artistico\/benavente-y-los-valles\/#primaryimage","url":"https:\/\/turismoenzamora.es\/wp-content\/uploads\/2017\/08\/Benavente_y_los_Valles_1-300x198.jpg","contentUrl":"https:\/\/turismoenzamora.es\/wp-content\/uploads\/2017\/08\/Benavente_y_los_Valles_1-300x198.jpg"},{"@type":"BreadcrumbList","@id":"https:\/\/turismoenzamora.es\/fr\/patrimonio-artistico\/benavente-y-los-valles\/#breadcrumb","itemListElement":[{"@type":"ListItem","position":1,"name":"Portada","item":"https:\/\/turismoenzamora.es\/"},{"@type":"ListItem","position":2,"name":"Patrimonio Art\u00edstico","item":"https:\/\/turismoenzamora.es\/en\/patrimonio-artistico\/"},{"@type":"ListItem","position":3,"name":"Benavente y los Valles"}]},{"@type":"WebSite","@id":"https:\/\/turismoenzamora.es\/pt\/#website","url":"https:\/\/turismoenzamora.es\/pt\/","name":"Turismo sostenible. Patronato de Turismo de la Diputaci\u00f3n de Zamora.&quot;Turismo Sostenible&quot;.","description":"Tourisme durable Office du tourisme de la Diputaci\u00f3n de Zamora","publisher":{"@id":"https:\/\/turismoenzamora.es\/pt\/#organization"},"potentialAction":[{"@type":"SearchAction","target":{"@type":"EntryPoint","urlTemplate":"https:\/\/turismoenzamora.es\/pt\/?s={search_term_string}"},"query-input":"required name=search_term_string"}],"inLanguage":"fr-FR"},{"@type":"Organization","@id":"https:\/\/turismoenzamora.es\/pt\/#organization","name":"Patronato de Turismo de la Diputaci\u00f3n de Zamora","url":"https:\/\/turismoenzamora.es\/pt\/","logo":{"@type":"ImageObject","inLanguage":"fr-FR","@id":"https:\/\/turismoenzamora.es\/pt\/#\/schema\/logo\/image\/","url":"https:\/\/turismoenzamora.es\/wp-content\/uploads\/2018\/06\/ZamoraLogo.png","contentUrl":"https:\/\/turismoenzamora.es\/wp-content\/uploads\/2018\/06\/ZamoraLogo.png","width":1276,"height":290,"caption":"Patronato de Turismo de la Diputaci\u00f3n de Zamora"},"image":{"@id":"https:\/\/turismoenzamora.es\/pt\/#\/schema\/logo\/image\/"},"sameAs":["https:\/\/www.facebook.com\/ZamoraSpain\/","https:\/\/x.com\/ZamoraSpain","https:\/\/www.instagram.com\/turismoenzamora.es\/","https:\/\/www.pinterest.es\/TurismoenZamora\/","https:\/\/www.youtube.com\/channel\/UC2bOyOZ-2cLm-uXlBFYUV9w"]}]}},"_links":{"self":[{"href":"https:\/\/turismoenzamora.es\/fr\/wp-json\/wp\/v2\/pages\/150"}],"collection":[{"href":"https:\/\/turismoenzamora.es\/fr\/wp-json\/wp\/v2\/pages"}],"about":[{"href":"https:\/\/turismoenzamora.es\/fr\/wp-json\/wp\/v2\/types\/page"}],"author":[{"embeddable":true,"href":"https:\/\/turismoenzamora.es\/fr\/wp-json\/wp\/v2\/users\/1"}],"replies":[{"embeddable":true,"href":"https:\/\/turismoenzamora.es\/fr\/wp-json\/wp\/v2\/comments?post=150"}],"version-history":[{"count":0,"href":"https:\/\/turismoenzamora.es\/fr\/wp-json\/wp\/v2\/pages\/150\/revisions"}],"up":[{"embeddable":true,"href":"https:\/\/turismoenzamora.es\/fr\/wp-json\/wp\/v2\/pages\/82"}],"wp:attachment":[{"href":"https:\/\/turismoenzamora.es\/fr\/wp-json\/wp\/v2\/media?parent=150"}],"curies":[{"name":"wp","href":"https:\/\/api.w.org\/{rel}","templated":true}]}}