{"id":148,"date":"2017-08-07T11:02:14","date_gmt":"2017-08-07T09:02:14","guid":{"rendered":"https:\/\/newweb.turismoenzamora.es\/?page_id=148"},"modified":"2021-09-01T16:44:13","modified_gmt":"2021-09-01T14:44:13","slug":"aliste-tabara-y-alba","status":"publish","type":"page","link":"https:\/\/turismoenzamora.es\/fr\/patrimonio-artistico\/aliste-tabara-y-alba\/","title":{"rendered":"Aliste, T\u00e1bara y Alba"},"content":{"rendered":"<p><\/p>\n<h1>Aliste, T\u00e1bara y Alba<\/h1>\n<p><img fetchpriority=\"high\" decoding=\"async\" class=\"aligncenter size-full wp-image-6884\" src=\"https:\/\/turismoenzamora.es\/wp-content\/uploads\/2017\/08\/Patrimonio-Art\u00edstico-Aliste-T\u00e1bara-y-Alba.jpg\" alt=\"\" width=\"900\" height=\"597\" data-id=\"6884\" srcset=\"https:\/\/turismoenzamora.es\/wp-content\/uploads\/2017\/08\/Patrimonio-Art\u00edstico-Aliste-T\u00e1bara-y-Alba.jpg 900w, https:\/\/turismoenzamora.es\/wp-content\/uploads\/2017\/08\/Patrimonio-Art\u00edstico-Aliste-T\u00e1bara-y-Alba-300x199.jpg 300w, https:\/\/turismoenzamora.es\/wp-content\/uploads\/2017\/08\/Patrimonio-Art\u00edstico-Aliste-T\u00e1bara-y-Alba-768x509.jpg 768w\" sizes=\"(max-width: 900px) 100vw, 900px\" \/><br \/>\nDans ce cadre naturel, il convient de visiter Santa Cruz de los Cu\u00e9rragos, petit hameau qui conserve d&rsquo;\u00e9tonnants exemples d&rsquo;architecture traditionnelle. Ses constructions pr\u00e9sentent des caract\u00e9ristiques similaires \u00e0 celles de Robledo et d&rsquo;Ungilde : l&rsquo;\u00e9l\u00e9ment architectural dominant est l&rsquo;ardoise. Il s&rsquo;agit d&rsquo;un site incontournable pour la paix qu&rsquo;on y respire et le charme d&rsquo;\u00eatre le dernier village d&rsquo;une route. Le Conseil de Castille-et-Le\u00f3n l&rsquo;a d\u00e9clar\u00e9 Bien d&rsquo;int\u00e9r\u00eat culturel, dans la cat\u00e9gorie d&rsquo;ensemble ethnologique. Riomanzanas est une autre municipalit\u00e9 du canton avec une grande vari\u00e9t\u00e9 de logis d&rsquo;un ind\u00e9niable attrait architectural.<\/p>\n<p><img decoding=\"async\" class=\"size-medium wp-image-517 alignleft\" src=\"https:\/\/turismoenzamora.es\/wp-content\/uploads\/2017\/08\/aliste_tAbara_alba_2-300x237.jpg\" alt=\"\" width=\"300\" height=\"237\" srcset=\"https:\/\/turismoenzamora.es\/wp-content\/uploads\/2017\/08\/aliste_tAbara_alba_2-300x237.jpg 300w, https:\/\/turismoenzamora.es\/wp-content\/uploads\/2017\/08\/aliste_tAbara_alba_2-768x607.jpg 768w, https:\/\/turismoenzamora.es\/wp-content\/uploads\/2017\/08\/aliste_tAbara_alba_2-1024x809.jpg 1024w, https:\/\/turismoenzamora.es\/wp-content\/uploads\/2017\/08\/aliste_tAbara_alba_2-90x70.jpg 90w\" sizes=\"(max-width: 300px) 100vw, 300px\" \/>T\u00e1bara, ville natale de Le\u00f3n Felipe, rec\u00e8le l&rsquo;\u00e9glise romane Santa Mar\u00eda, dans le monast\u00e8re de laquelle fut conserv\u00e9 le codex \u00e9crit en miniature d\u00e9nomm\u00e9 \u00ab\u00a0del Beato Tavariense\u00a0\u00bb, actuellement aux Archives historiques nationales. Dans tout le canton on trouve de nombreux exemples de constructions traditionnelles, tels les corrales, enclos anciennement utilis\u00e9s pour garder le b\u00e9tail, et qui repr\u00e9sentent l&rsquo;une des plus belles estampes du milieu rural d&rsquo;Aliste. Sans oublier les cortinas &#8211; barri\u00e8res de pierres plant\u00e9es qui d\u00e9limitaient les propri\u00e9t\u00e9s &#8211; et les moulins \u00e0 eau.<\/p>\n<p>L&rsquo;\u00e9glise San Pedro de la Nave fut construite entre les ann\u00e9es 680 et 711, ce qui fait d&rsquo;elle l&rsquo;une des derni\u00e8res \u0153uvres d&rsquo;art wisigothique. Elle fut d&rsquo;abord construite sur les rives de la rivi\u00e8re Esla, mais dans les ann\u00e9es 30 du XXe si\u00e8cle elle fut d\u00e9plac\u00e9e jusqu&rsquo;\u00e0 son emplacement actuel, El Campillo.<\/p>\n<p>Sa premi\u00e8re trace correspondait \u00e0 un plan en croix grecque, puis plus tard furent construites les deux b\u00e2tisses lat\u00e9rales qui lui conf\u00e8rent son aspect final, hybride entre le plan basilical et le plan cruciforme. Il faut souligner les chapiteaux histori\u00e9s de \u00ab\u00a0Daniel dans la fosse aux lions\u00a0\u00bb et \u00ab\u00a0Le sacrifice d&rsquo;Isaac\u00a0\u00bb.<\/p>\n<p>Alca\u00f1ices est la capitale du canton d&rsquo;Aliste. En 1297, Ferdinand IV de Castille et Denis Ier de Portugal sign\u00e8rent dans cette localit\u00e9 le Trait\u00e9 d&rsquo;Alca\u00f1ices, qui fixait la fronti\u00e8re entre l&rsquo;Espagne et le Portugal. Elle conserve quatre tourelles de l&rsquo;ancienne muraille, dont la plus c\u00e9l\u00e8bre est la Torre del Reloj (la Tour de l&rsquo;horloge). En outre, elle compte deux \u00e9glises, l&rsquo;une du XVIe si\u00e8cle, appartenant \u00e0 l&rsquo;ancien couvent San Francisco et l&rsquo;autre, sobre et simple, du XIIIe si\u00e8cle. Pr\u00e8s de celle-ci se trouve l&rsquo;ancien palais des marquis d&rsquo;Alca\u00f1ices.<\/p>\n<p>L&rsquo;itin\u00e9raire \u00e0 travers ce canton nous prom\u00e8ne au milieu d&rsquo;un doux paysage ondoyant dans lequel se d\u00e9tachent des centres tels que Carbajales de Alba, berceau du costume de Carbajales, dont les broderies datent du XVIe si\u00e8cle ; et Moveros, important centre de poterie : amphores, cruches, terrines et la pi\u00e8ce la plus singuli\u00e8re : un pichet avec une ou deux poign\u00e9es, un bec \u00e9troit et un large col.<\/p>\n<p><a href=\"https:\/\/turismoenzamora.es\/wp-content\/uploads\/2020\/02\/patrimonio-art\u00edstico.pdf\" target=\"_blank\" rel=\"noopener noreferrer\"><img decoding=\"async\" class=\"alignleft wp-image-4861 size-full\" src=\"https:\/\/turismoenzamora.es\/wp-content\/uploads\/2017\/08\/masinfo-1.png\" alt=\"M\u00e1s Informaci\u00f3n\" width=\"63\" height=\"32\" data-id=\"4861\"><\/a><\/p>","protected":false},"excerpt":{"rendered":"<p>Aliste, T\u00e1bara y Alba Dans ce cadre naturel, il convient de visiter Santa Cruz de los Cu\u00e9rragos, petit hameau qui conserve d&rsquo;\u00e9tonnants exemples d&rsquo;architecture traditionnelle. Ses constructions pr\u00e9sentent des caract\u00e9ristiques similaires \u00e0 celles de Robledo et d&rsquo;Ungilde : l&rsquo;\u00e9l\u00e9ment architectural dominant est l&rsquo;ardoise. Il s&rsquo;agit d&rsquo;un site incontournable pour la paix qu&rsquo;on y respire et [&hellip;]<\/p>\n","protected":false},"author":1,"featured_media":0,"parent":82,"menu_order":1,"comment_status":"closed","ping_status":"closed","template":"","meta":{"inline_featured_image":false,"site-sidebar-layout":"default","site-content-layout":"default","ast-site-content-layout":"","site-content-style":"default","site-sidebar-style":"default","ast-global-header-display":"","ast-banner-title-visibility":"","ast-main-header-display":"","ast-hfb-above-header-display":"","ast-hfb-below-header-display":"","ast-hfb-mobile-header-display":"","site-post-title":"disabled","ast-breadcrumbs-content":"","ast-featured-img":"","footer-sml-layout":"","theme-transparent-header-meta":"default","adv-header-id-meta":"","stick-header-meta":"","header-above-stick-meta":"","header-main-stick-meta":"","header-below-stick-meta":"","astra-migrate-meta-layouts":"default","ast-page-background-enabled":"default","ast-page-background-meta":{"desktop":{"background-color":"","background-image":"","background-repeat":"repeat","background-position":"center center","background-size":"auto","background-attachment":"scroll","background-type":"","background-media":"","overlay-type":"","overlay-color":"","overlay-opacity":"","overlay-gradient":""},"tablet":{"background-color":"","background-image":"","background-repeat":"repeat","background-position":"center center","background-size":"auto","background-attachment":"scroll","background-type":"","background-media":"","overlay-type":"","overlay-color":"","overlay-opacity":"","overlay-gradient":""},"mobile":{"background-color":"","background-image":"","background-repeat":"repeat","background-position":"center center","background-size":"auto","background-attachment":"scroll","background-type":"","background-media":"","overlay-type":"","overlay-color":"","overlay-opacity":"","overlay-gradient":""}},"ast-content-background-meta":{"desktop":{"background-color":"var(--ast-global-color-5)","background-image":"","background-repeat":"repeat","background-position":"center center","background-size":"auto","background-attachment":"scroll","background-type":"","background-media":"","overlay-type":"","overlay-color":"","overlay-opacity":"","overlay-gradient":""},"tablet":{"background-color":"var(--ast-global-color-5)","background-image":"","background-repeat":"repeat","background-position":"center center","background-size":"auto","background-attachment":"scroll","background-type":"","background-media":"","overlay-type":"","overlay-color":"","overlay-opacity":"","overlay-gradient":""},"mobile":{"background-color":"var(--ast-global-color-5)","background-image":"","background-repeat":"repeat","background-position":"center center","background-size":"auto","background-attachment":"scroll","background-type":"","background-media":"","overlay-type":"","overlay-color":"","overlay-opacity":"","overlay-gradient":""}},"ngg_post_thumbnail":0,"footnotes":""},"yoast_head":"<!-- This site is optimized with the Yoast SEO plugin v23.0 - https:\/\/yoast.com\/wordpress\/plugins\/seo\/ -->\n<title>Turismo de Zamora , Turismo Sostenible<\/title>\n<meta name=\"description\" content=\"Esta es la p\u00e1gina Oficial de Turismo de Diputaci\u00f3n de Zamora, donde podr\u00e1 encontrar toda la informaci\u00f3n para disfrutar al m\u00e1ximo de nuestra provincia.\" \/>\n<meta name=\"robots\" content=\"index, follow, max-snippet:-1, max-image-preview:large, max-video-preview:-1\" \/>\n<link rel=\"canonical\" href=\"https:\/\/turismoenzamora.es\/fr\/patrimonio-artistico\/aliste-tabara-y-alba\/\" \/>\n<meta property=\"og:locale\" content=\"fr_FR\" \/>\n<meta property=\"og:type\" content=\"article\" \/>\n<meta property=\"og:title\" content=\"Turismo de Zamora , Turismo Sostenible\" \/>\n<meta property=\"og:description\" content=\"Esta es la p\u00e1gina Oficial de Turismo de Diputaci\u00f3n de Zamora, donde podr\u00e1 encontrar toda la informaci\u00f3n para disfrutar al m\u00e1ximo de nuestra provincia.\" \/>\n<meta property=\"og:url\" content=\"https:\/\/turismoenzamora.es\/fr\/patrimonio-artistico\/aliste-tabara-y-alba\/\" \/>\n<meta property=\"og:site_name\" content=\"Tourisme \u00e0 Zamora\" \/>\n<meta property=\"article:publisher\" content=\"https:\/\/www.facebook.com\/ZamoraSpain\/\" \/>\n<meta property=\"article:modified_time\" content=\"2021-09-01T14:44:13+00:00\" \/>\n<meta property=\"og:image\" content=\"https:\/\/turismoenzamora.es\/wp-content\/uploads\/2017\/08\/aliste_tAbara_alba_2-300x237.jpg\" \/>\n<meta name=\"twitter:card\" content=\"summary_large_image\" \/>\n<meta name=\"twitter:site\" content=\"@ZamoraSpain\" \/>\n<meta name=\"twitter:label1\" content=\"Dur\u00e9e de lecture estim\u00e9e\" \/>\n\t<meta name=\"twitter:data1\" content=\"12 minutes\" \/>\n<script type=\"application\/ld+json\" class=\"yoast-schema-graph\">{\"@context\":\"https:\/\/schema.org\",\"@graph\":[{\"@type\":\"WebPage\",\"@id\":\"https:\/\/turismoenzamora.es\/fr\/patrimonio-artistico\/aliste-tabara-y-alba\/\",\"url\":\"https:\/\/turismoenzamora.es\/fr\/patrimonio-artistico\/aliste-tabara-y-alba\/\",\"name\":\"Turismo de Zamora , Turismo Sostenible\",\"isPartOf\":{\"@id\":\"https:\/\/turismoenzamora.es\/pt\/#website\"},\"primaryImageOfPage\":{\"@id\":\"https:\/\/turismoenzamora.es\/fr\/patrimonio-artistico\/aliste-tabara-y-alba\/#primaryimage\"},\"image\":{\"@id\":\"https:\/\/turismoenzamora.es\/fr\/patrimonio-artistico\/aliste-tabara-y-alba\/#primaryimage\"},\"thumbnailUrl\":\"https:\/\/turismoenzamora.es\/wp-content\/uploads\/2017\/08\/aliste_tAbara_alba_2-300x237.jpg\",\"datePublished\":\"2017-08-07T09:02:14+00:00\",\"dateModified\":\"2021-09-01T14:44:13+00:00\",\"description\":\"Esta es la p\u00e1gina Oficial de Turismo de Diputaci\u00f3n de Zamora, donde podr\u00e1 encontrar toda la informaci\u00f3n para disfrutar al m\u00e1ximo de nuestra provincia.\",\"breadcrumb\":{\"@id\":\"https:\/\/turismoenzamora.es\/fr\/patrimonio-artistico\/aliste-tabara-y-alba\/#breadcrumb\"},\"inLanguage\":\"fr-FR\",\"potentialAction\":[{\"@type\":\"ReadAction\",\"target\":[\"https:\/\/turismoenzamora.es\/fr\/patrimonio-artistico\/aliste-tabara-y-alba\/\"]}]},{\"@type\":\"ImageObject\",\"inLanguage\":\"fr-FR\",\"@id\":\"https:\/\/turismoenzamora.es\/fr\/patrimonio-artistico\/aliste-tabara-y-alba\/#primaryimage\",\"url\":\"https:\/\/turismoenzamora.es\/wp-content\/uploads\/2017\/08\/aliste_tAbara_alba_2-300x237.jpg\",\"contentUrl\":\"https:\/\/turismoenzamora.es\/wp-content\/uploads\/2017\/08\/aliste_tAbara_alba_2-300x237.jpg\"},{\"@type\":\"BreadcrumbList\",\"@id\":\"https:\/\/turismoenzamora.es\/fr\/patrimonio-artistico\/aliste-tabara-y-alba\/#breadcrumb\",\"itemListElement\":[{\"@type\":\"ListItem\",\"position\":1,\"name\":\"Portada\",\"item\":\"https:\/\/turismoenzamora.es\/\"},{\"@type\":\"ListItem\",\"position\":2,\"name\":\"Patrimonio Art\u00edstico\",\"item\":\"https:\/\/turismoenzamora.es\/en\/patrimonio-artistico\/\"},{\"@type\":\"ListItem\",\"position\":3,\"name\":\"Aliste, T\u00e1bara y Alba\"}]},{\"@type\":\"WebSite\",\"@id\":\"https:\/\/turismoenzamora.es\/pt\/#website\",\"url\":\"https:\/\/turismoenzamora.es\/pt\/\",\"name\":\"Turismo sostenible. Patronato de Turismo de la Diputaci\u00f3n de Zamora.&quot;Turismo Sostenible&quot;.\",\"description\":\"Tourisme durable Office du tourisme de la Diputaci\u00f3n de Zamora\",\"publisher\":{\"@id\":\"https:\/\/turismoenzamora.es\/pt\/#organization\"},\"potentialAction\":[{\"@type\":\"SearchAction\",\"target\":{\"@type\":\"EntryPoint\",\"urlTemplate\":\"https:\/\/turismoenzamora.es\/pt\/?s={search_term_string}\"},\"query-input\":\"required name=search_term_string\"}],\"inLanguage\":\"fr-FR\"},{\"@type\":\"Organization\",\"@id\":\"https:\/\/turismoenzamora.es\/pt\/#organization\",\"name\":\"Patronato de Turismo de la Diputaci\u00f3n de Zamora\",\"url\":\"https:\/\/turismoenzamora.es\/pt\/\",\"logo\":{\"@type\":\"ImageObject\",\"inLanguage\":\"fr-FR\",\"@id\":\"https:\/\/turismoenzamora.es\/pt\/#\/schema\/logo\/image\/\",\"url\":\"https:\/\/turismoenzamora.es\/wp-content\/uploads\/2018\/06\/ZamoraLogo.png\",\"contentUrl\":\"https:\/\/turismoenzamora.es\/wp-content\/uploads\/2018\/06\/ZamoraLogo.png\",\"width\":1276,\"height\":290,\"caption\":\"Patronato de Turismo de la Diputaci\u00f3n de Zamora\"},\"image\":{\"@id\":\"https:\/\/turismoenzamora.es\/pt\/#\/schema\/logo\/image\/\"},\"sameAs\":[\"https:\/\/www.facebook.com\/ZamoraSpain\/\",\"https:\/\/x.com\/ZamoraSpain\",\"https:\/\/www.instagram.com\/turismoenzamora.es\/\",\"https:\/\/www.pinterest.es\/TurismoenZamora\/\",\"https:\/\/www.youtube.com\/channel\/UC2bOyOZ-2cLm-uXlBFYUV9w\"]}]}<\/script>\n<!-- \/ Yoast SEO plugin. -->","yoast_head_json":{"title":"Turismo de Zamora , Turismo Sostenible","description":"Esta es la p\u00e1gina Oficial de Turismo de Diputaci\u00f3n de Zamora, donde podr\u00e1 encontrar toda la informaci\u00f3n para disfrutar al m\u00e1ximo de nuestra provincia.","robots":{"index":"index","follow":"follow","max-snippet":"max-snippet:-1","max-image-preview":"max-image-preview:large","max-video-preview":"max-video-preview:-1"},"canonical":"https:\/\/turismoenzamora.es\/fr\/patrimonio-artistico\/aliste-tabara-y-alba\/","og_locale":"fr_FR","og_type":"article","og_title":"Turismo de Zamora , Turismo Sostenible","og_description":"Esta es la p\u00e1gina Oficial de Turismo de Diputaci\u00f3n de Zamora, donde podr\u00e1 encontrar toda la informaci\u00f3n para disfrutar al m\u00e1ximo de nuestra provincia.","og_url":"https:\/\/turismoenzamora.es\/fr\/patrimonio-artistico\/aliste-tabara-y-alba\/","og_site_name":"Tourisme \u00e0 Zamora","article_publisher":"https:\/\/www.facebook.com\/ZamoraSpain\/","article_modified_time":"2021-09-01T14:44:13+00:00","og_image":[{"url":"https:\/\/turismoenzamora.es\/wp-content\/uploads\/2017\/08\/aliste_tAbara_alba_2-300x237.jpg"}],"twitter_card":"summary_large_image","twitter_site":"@ZamoraSpain","twitter_misc":{"Dur\u00e9e de lecture estim\u00e9e":"12 minutes"},"schema":{"@context":"https:\/\/schema.org","@graph":[{"@type":"WebPage","@id":"https:\/\/turismoenzamora.es\/fr\/patrimonio-artistico\/aliste-tabara-y-alba\/","url":"https:\/\/turismoenzamora.es\/fr\/patrimonio-artistico\/aliste-tabara-y-alba\/","name":"Turismo de Zamora , Turismo Sostenible","isPartOf":{"@id":"https:\/\/turismoenzamora.es\/pt\/#website"},"primaryImageOfPage":{"@id":"https:\/\/turismoenzamora.es\/fr\/patrimonio-artistico\/aliste-tabara-y-alba\/#primaryimage"},"image":{"@id":"https:\/\/turismoenzamora.es\/fr\/patrimonio-artistico\/aliste-tabara-y-alba\/#primaryimage"},"thumbnailUrl":"https:\/\/turismoenzamora.es\/wp-content\/uploads\/2017\/08\/aliste_tAbara_alba_2-300x237.jpg","datePublished":"2017-08-07T09:02:14+00:00","dateModified":"2021-09-01T14:44:13+00:00","description":"Esta es la p\u00e1gina Oficial de Turismo de Diputaci\u00f3n de Zamora, donde podr\u00e1 encontrar toda la informaci\u00f3n para disfrutar al m\u00e1ximo de nuestra provincia.","breadcrumb":{"@id":"https:\/\/turismoenzamora.es\/fr\/patrimonio-artistico\/aliste-tabara-y-alba\/#breadcrumb"},"inLanguage":"fr-FR","potentialAction":[{"@type":"ReadAction","target":["https:\/\/turismoenzamora.es\/fr\/patrimonio-artistico\/aliste-tabara-y-alba\/"]}]},{"@type":"ImageObject","inLanguage":"fr-FR","@id":"https:\/\/turismoenzamora.es\/fr\/patrimonio-artistico\/aliste-tabara-y-alba\/#primaryimage","url":"https:\/\/turismoenzamora.es\/wp-content\/uploads\/2017\/08\/aliste_tAbara_alba_2-300x237.jpg","contentUrl":"https:\/\/turismoenzamora.es\/wp-content\/uploads\/2017\/08\/aliste_tAbara_alba_2-300x237.jpg"},{"@type":"BreadcrumbList","@id":"https:\/\/turismoenzamora.es\/fr\/patrimonio-artistico\/aliste-tabara-y-alba\/#breadcrumb","itemListElement":[{"@type":"ListItem","position":1,"name":"Portada","item":"https:\/\/turismoenzamora.es\/"},{"@type":"ListItem","position":2,"name":"Patrimonio Art\u00edstico","item":"https:\/\/turismoenzamora.es\/en\/patrimonio-artistico\/"},{"@type":"ListItem","position":3,"name":"Aliste, T\u00e1bara y Alba"}]},{"@type":"WebSite","@id":"https:\/\/turismoenzamora.es\/pt\/#website","url":"https:\/\/turismoenzamora.es\/pt\/","name":"Turismo sostenible. Patronato de Turismo de la Diputaci\u00f3n de Zamora.&quot;Turismo Sostenible&quot;.","description":"Tourisme durable Office du tourisme de la Diputaci\u00f3n de Zamora","publisher":{"@id":"https:\/\/turismoenzamora.es\/pt\/#organization"},"potentialAction":[{"@type":"SearchAction","target":{"@type":"EntryPoint","urlTemplate":"https:\/\/turismoenzamora.es\/pt\/?s={search_term_string}"},"query-input":"required name=search_term_string"}],"inLanguage":"fr-FR"},{"@type":"Organization","@id":"https:\/\/turismoenzamora.es\/pt\/#organization","name":"Patronato de Turismo de la Diputaci\u00f3n de Zamora","url":"https:\/\/turismoenzamora.es\/pt\/","logo":{"@type":"ImageObject","inLanguage":"fr-FR","@id":"https:\/\/turismoenzamora.es\/pt\/#\/schema\/logo\/image\/","url":"https:\/\/turismoenzamora.es\/wp-content\/uploads\/2018\/06\/ZamoraLogo.png","contentUrl":"https:\/\/turismoenzamora.es\/wp-content\/uploads\/2018\/06\/ZamoraLogo.png","width":1276,"height":290,"caption":"Patronato de Turismo de la Diputaci\u00f3n de Zamora"},"image":{"@id":"https:\/\/turismoenzamora.es\/pt\/#\/schema\/logo\/image\/"},"sameAs":["https:\/\/www.facebook.com\/ZamoraSpain\/","https:\/\/x.com\/ZamoraSpain","https:\/\/www.instagram.com\/turismoenzamora.es\/","https:\/\/www.pinterest.es\/TurismoenZamora\/","https:\/\/www.youtube.com\/channel\/UC2bOyOZ-2cLm-uXlBFYUV9w"]}]}},"_links":{"self":[{"href":"https:\/\/turismoenzamora.es\/fr\/wp-json\/wp\/v2\/pages\/148"}],"collection":[{"href":"https:\/\/turismoenzamora.es\/fr\/wp-json\/wp\/v2\/pages"}],"about":[{"href":"https:\/\/turismoenzamora.es\/fr\/wp-json\/wp\/v2\/types\/page"}],"author":[{"embeddable":true,"href":"https:\/\/turismoenzamora.es\/fr\/wp-json\/wp\/v2\/users\/1"}],"replies":[{"embeddable":true,"href":"https:\/\/turismoenzamora.es\/fr\/wp-json\/wp\/v2\/comments?post=148"}],"version-history":[{"count":0,"href":"https:\/\/turismoenzamora.es\/fr\/wp-json\/wp\/v2\/pages\/148\/revisions"}],"up":[{"embeddable":true,"href":"https:\/\/turismoenzamora.es\/fr\/wp-json\/wp\/v2\/pages\/82"}],"wp:attachment":[{"href":"https:\/\/turismoenzamora.es\/fr\/wp-json\/wp\/v2\/media?parent=148"}],"curies":[{"name":"wp","href":"https:\/\/api.w.org\/{rel}","templated":true}]}}