{"id":84,"date":"2017-08-04T16:01:00","date_gmt":"2017-08-04T14:01:00","guid":{"rendered":"https:\/\/newweb.turismoenzamora.es\/?page_id=84"},"modified":"2021-09-01T16:15:42","modified_gmt":"2021-09-01T14:15:42","slug":"patrimonio-gastronomico","status":"publish","type":"page","link":"https:\/\/turismoenzamora.es\/en\/patrimonio-gastronomico\/","title":{"rendered":"Patrimonio Gastron\u00f3mico"},"content":{"rendered":"<p><\/p>\n<h1 class=\"title\">Gastronomy<\/h1>\n<p><img fetchpriority=\"high\" decoding=\"async\" class=\"aligncenter size-full wp-image-7001\" src=\"https:\/\/turismoenzamora.es\/wp-content\/uploads\/2018\/04\/Bodeg\u00f3n-Alimentos-Concha-Prada.jpg\" alt=\"\" data-id=\"7001\" width=\"3543\" height=\"1757\" srcset=\"https:\/\/turismoenzamora.es\/wp-content\/uploads\/2018\/04\/Bodeg\u00f3n-Alimentos-Concha-Prada.jpg 3543w, https:\/\/turismoenzamora.es\/wp-content\/uploads\/2018\/04\/Bodeg\u00f3n-Alimentos-Concha-Prada-300x149.jpg 300w, https:\/\/turismoenzamora.es\/wp-content\/uploads\/2018\/04\/Bodeg\u00f3n-Alimentos-Concha-Prada-768x381.jpg 768w, https:\/\/turismoenzamora.es\/wp-content\/uploads\/2018\/04\/Bodeg\u00f3n-Alimentos-Concha-Prada-1024x508.jpg 1024w\" sizes=\"(max-width: 3543px) 100vw, 3543px\" \/><\/p>\n<p><strong>Zamora Con Mucho Gusto<\/strong><\/p>\n<p>Gastronomy is always defined by the personality of each region, turning it into an element that identifies and differentiates each community. Zamora has been essentially a ranching and agricultural region, and its natural, top-quality local products are a mainstay of its cuisine.<br \/>\nSome dishes, because of their long-standing popular tradition and connection to their area of origin, have become true references of the Zamoran cuisine. Zamoran-style rice, Cod &#8220;a la tranca&#8221; and Sanabrian-style octopus and trout are the most renowned local dishes that are also found in other regions. Even its place name helps provide a name when identifying other classic recipes: Sanabrian-style broad beans, wild boar in Toro red wine, Tierra de Campos pigeons, Cistercian cake and &#8220;Ca\u00f1as a la Zamorana. Recipes that use crops or traditional ingredients and agriculture and livestock of the past, today result in the commitment of its people to maintain and consume quality local products.<br \/>\nZamoran cuisine, as in the rest of the region, has been undergoing the same transformation as Spanish cuisine. During the past decade it has shown undeniable leadership in the trend toward the more avant-garde. This trend has introduced chefs to new techniques and interpretations of dishes. The concept of innovation has made an impression on Zamoran chefs, who have been able to transfer these new behaviours to their restaurants and customers&#8217; orders. It is common to see the presentation of Zamoran cheeses, trout and stewed vegetables transformed. Many specialized publications and restaurant guides have highlighted and praised the cuisine of numerous restaurants in Zamora and the province.<br \/>\nAdded to that is the micro-cuisine phenomenon, which has served to enhance the traditional &#8220;tapa,&#8221; so deeply-rooted in Zamoran tradition. Thanks to the involvement of Zamoran restaurateurs in creating tapas that are as exquisite as they are aesthetic, this type of cuisine has become more popular. The &#8220;De Tapas por Zamora&#8221; competition, in which numerous establishments participate by creating a competition tapa sold for one Euro, is a result.<\/p>\n<p><a href=\"https:\/\/turismoenzamora.es\/wp-content\/uploads\/2017\/08\/ZDP-Gastronom\u00eda-2016.pdf\"><img loading=\"lazy\" decoding=\"async\" class=\"size-full wp-image-2020 alignright\" src=\"https:\/\/turismoenzamora.es\/wp-content\/uploads\/2017\/08\/descarga-1.jpg\" alt=\"\" width=\"32\" height=\"40\"><\/a><\/p>\n<div style=\"overflow-x: auto;\">\n<table>\n<tbody>\n<tr>\n<td><a href=\"https:\/\/turismoenzamora.es\/queso\"><img decoding=\"async\" class=\"alignnone size-medium wp-image-1821\" src=\"https:\/\/turismoenzamora.es\/wp-content\/uploads\/2017\/08\/categoria-queso-gastronomiaa-300x149.jpg\" alt=\"\" width=\"300\" height=\"149\" srcset=\"https:\/\/turismoenzamora.es\/wp-content\/uploads\/2017\/08\/categoria-queso-gastronomiaa-300x149.jpg 300w, https:\/\/turismoenzamora.es\/wp-content\/uploads\/2017\/08\/categoria-queso-gastronomiaa.jpg 400w\" sizes=\"(max-width: 300px) 100vw, 300px\" \/><\/a><\/td>\n<td><a href=\"https:\/\/turismoenzamora.es\/harina\"><img loading=\"lazy\" decoding=\"async\" class=\"alignnone size-medium wp-image-1819\" src=\"https:\/\/turismoenzamora.es\/wp-content\/uploads\/2017\/08\/categoria-gastronomia-harinaa-300x149.jpg\" alt=\"\" width=\"300\" height=\"149\" srcset=\"https:\/\/turismoenzamora.es\/wp-content\/uploads\/2017\/08\/categoria-gastronomia-harinaa-300x149.jpg 300w, https:\/\/turismoenzamora.es\/wp-content\/uploads\/2017\/08\/categoria-gastronomia-harinaa.jpg 400w\" sizes=\"(max-width: 300px) 100vw, 300px\" \/><\/a><\/td>\n<td><a href=\"https:\/\/turismoenzamora.es\/chorizo\/\"><img loading=\"lazy\" decoding=\"async\" class=\"alignnone size-medium wp-image-1820\" src=\"https:\/\/turismoenzamora.es\/wp-content\/uploads\/2017\/08\/categoria-gastronomia-chorizoo-300x149.jpg\" alt=\"chorizo\" width=\"300\" height=\"149\" srcset=\"https:\/\/turismoenzamora.es\/wp-content\/uploads\/2017\/08\/categoria-gastronomia-chorizoo-300x149.jpg 300w, https:\/\/turismoenzamora.es\/wp-content\/uploads\/2017\/08\/categoria-gastronomia-chorizoo.jpg 400w\" sizes=\"(max-width: 300px) 100vw, 300px\" \/><\/a><\/td>\n<\/tr>\n<tr>\n<td align=\"center\"><a href=\"https:\/\/turismoenzamora.es\/queso\">CHEESE<\/a><\/td>\n<td align=\"center\"><a href=\"https:\/\/turismoenzamora.es\/harina\">FLOUR<\/a><\/td>\n<td align=\"center\"><a href=\"https:\/\/turismoenzamora.es\/chorizo\">CHORIZO<\/a><\/td>\n<\/tr>\n<tr>\n<td><a href=\"https:\/\/turismoenzamora.es\/ternera-de-aliste\"><img loading=\"lazy\" decoding=\"async\" class=\"alignnone size-medium wp-image-1822\" src=\"https:\/\/turismoenzamora.es\/wp-content\/uploads\/2017\/08\/categoria-gastronomia-ternera_alistee-300x143.jpg\" alt=\"\" width=\"300\" height=\"143\" srcset=\"https:\/\/turismoenzamora.es\/wp-content\/uploads\/2017\/08\/categoria-gastronomia-ternera_alistee-300x143.jpg 300w, https:\/\/turismoenzamora.es\/wp-content\/uploads\/2017\/08\/categoria-gastronomia-ternera_alistee.jpg 400w\" sizes=\"(max-width: 300px) 100vw, 300px\" \/><\/a><\/td>\n<td><a href=\"https:\/\/turismoenzamora.es\/lechazo-de-castilla-y-leon\"><img loading=\"lazy\" decoding=\"async\" class=\"alignnone size-medium wp-image-1823\" src=\"https:\/\/turismoenzamora.es\/wp-content\/uploads\/2017\/08\/categoria-lechazo-gastronomiaa-300x143.jpg\" alt=\"\" width=\"300\" height=\"143\" srcset=\"https:\/\/turismoenzamora.es\/wp-content\/uploads\/2017\/08\/categoria-lechazo-gastronomiaa-300x143.jpg 300w, https:\/\/turismoenzamora.es\/wp-content\/uploads\/2017\/08\/categoria-lechazo-gastronomiaa.jpg 400w\" sizes=\"(max-width: 300px) 100vw, 300px\" \/><\/a><\/td>\n<td><a href=\"https:\/\/turismoenzamora.es\/habon-sanabres\"><img loading=\"lazy\" decoding=\"async\" class=\"alignnone size-medium wp-image-1824\" src=\"https:\/\/turismoenzamora.es\/wp-content\/uploads\/2017\/08\/categoria-gastronomia-habon_de_sanabriaa-300x149.jpg\" alt=\"\" width=\"300\" height=\"149\" srcset=\"https:\/\/turismoenzamora.es\/wp-content\/uploads\/2017\/08\/categoria-gastronomia-habon_de_sanabriaa-300x149.jpg 300w, https:\/\/turismoenzamora.es\/wp-content\/uploads\/2017\/08\/categoria-gastronomia-habon_de_sanabriaa.jpg 400w\" sizes=\"(max-width: 300px) 100vw, 300px\" \/><\/a><\/td>\n<\/tr>\n<tr>\n<td align=\"center\"><a href=\"https:\/\/turismoenzamora.es\/ternera-de-aliste\">VEAL FROM ALISTE<\/a><\/td>\n<td align=\"center\"><a href=\"https:\/\/turismoenzamora.es\/lechazo-de-castilla-y-leon\">LAMB FROM CASTILLA AND LEON<\/a><\/td>\n<td align=\"center\"><a href=\"https:\/\/turismoenzamora.es\/habon-sanabres\">SANABRIAN BROAD BEANS<\/a><\/td>\n<\/tr>\n<tr>\n<td><a href=\"https:\/\/turismoenzamora.es\/garbanzo-de-fuentesauco\"><img loading=\"lazy\" decoding=\"async\" class=\"alignnone size-medium wp-image-1825\" src=\"https:\/\/turismoenzamora.es\/wp-content\/uploads\/2017\/08\/categoria-gastronomia-garbanzoss-300x149.jpg\" alt=\"\" width=\"300\" height=\"149\" srcset=\"https:\/\/turismoenzamora.es\/wp-content\/uploads\/2017\/08\/categoria-gastronomia-garbanzoss-300x149.jpg 300w, https:\/\/turismoenzamora.es\/wp-content\/uploads\/2017\/08\/categoria-gastronomia-garbanzoss.jpg 400w\" sizes=\"(max-width: 300px) 100vw, 300px\" \/><\/a><\/td>\n<td><a href=\"https:\/\/turismoenzamora.es\/pimiento-de-fresno-benavente\"><img loading=\"lazy\" decoding=\"async\" class=\"alignnone size-medium wp-image-1826\" src=\"https:\/\/turismoenzamora.es\/wp-content\/uploads\/2017\/08\/categoria-gastronomia-pimientoo-300x143.jpg\" alt=\"\" width=\"300\" height=\"143\" srcset=\"https:\/\/turismoenzamora.es\/wp-content\/uploads\/2017\/08\/categoria-gastronomia-pimientoo-300x143.jpg 300w, https:\/\/turismoenzamora.es\/wp-content\/uploads\/2017\/08\/categoria-gastronomia-pimientoo.jpg 400w\" sizes=\"(max-width: 300px) 100vw, 300px\" \/><\/a><\/td>\n<td><a href=\"https:\/\/turismoenzamora.es\/minicocina-de-tapas-por-zamora\"><img loading=\"lazy\" decoding=\"async\" class=\"alignnone size-medium wp-image-1827\" src=\"https:\/\/turismoenzamora.es\/wp-content\/uploads\/2017\/08\/recetas-chanfaina-300x149.jpg\" alt=\"\" width=\"300\" height=\"149\" srcset=\"https:\/\/turismoenzamora.es\/wp-content\/uploads\/2017\/08\/recetas-chanfaina-300x149.jpg 300w, https:\/\/turismoenzamora.es\/wp-content\/uploads\/2017\/08\/recetas-chanfaina.jpg 400w\" sizes=\"(max-width: 300px) 100vw, 300px\" \/><\/a><\/td>\n<\/tr>\n<tr>\n<td align=\"center\"><a href=\"https:\/\/turismoenzamora.es\/garbanzo-de-fuentesauco\">CHICKPEAS FROM FUENTESA\u00daCO<\/a><\/td>\n<td align=\"center\"><a href=\"https:\/\/turismoenzamora.es\/pimiento-de-fresno-benavente\">PEPPER FROM FRESNO-BENAVENTE.<\/a><\/td>\n<td align=\"center\"><a href=\"https:\/\/turismoenzamora.es\/minicocina-de-tapas-por-zamora\">MICROCUISINE:TAPAS<\/a><\/td>\n<\/tr>\n<tr>\n<td><a href=\"https:\/\/turismoenzamora.es\/setas\"><img loading=\"lazy\" decoding=\"async\" class=\"alignnone size-medium wp-image-1828\" src=\"https:\/\/turismoenzamora.es\/wp-content\/uploads\/2017\/08\/categoria-gastronomia-setass-300x149.jpg\" alt=\"\" width=\"300\" height=\"149\" srcset=\"https:\/\/turismoenzamora.es\/wp-content\/uploads\/2017\/08\/categoria-gastronomia-setass-300x149.jpg 300w, https:\/\/turismoenzamora.es\/wp-content\/uploads\/2017\/08\/categoria-gastronomia-setass.jpg 400w\" sizes=\"(max-width: 300px) 100vw, 300px\" \/><\/a><\/td>\n<td><a href=\"https:\/\/turismoenzamora.es\/otros\"><img loading=\"lazy\" decoding=\"async\" class=\"alignnone size-medium wp-image-1829\" src=\"https:\/\/turismoenzamora.es\/wp-content\/uploads\/2017\/08\/categoria-gastronomia-castanas-300x149.jpg\" alt=\"\" width=\"300\" height=\"149\" srcset=\"https:\/\/turismoenzamora.es\/wp-content\/uploads\/2017\/08\/categoria-gastronomia-castanas-300x149.jpg 300w, https:\/\/turismoenzamora.es\/wp-content\/uploads\/2017\/08\/categoria-gastronomia-castanas.jpg 400w\" sizes=\"(max-width: 300px) 100vw, 300px\" \/><\/a><\/td>\n<\/tr>\n<tr>\n<td align=\"center\"><a href=\"https:\/\/turismoenzamora.es\/setas\">MUSHROOMS<\/a><\/td>\n<td align=\"center\"><a href=\"https:\/\/turismoenzamora.es\/otros\">OTHERS<\/a><\/td>\n<\/tr>\n<\/tbody>\n<\/table>\n<\/div>\n<p><\/p>","protected":false},"excerpt":{"rendered":"<p>Gastronomy Zamora Con Mucho Gusto Gastronomy is always defined by the personality of each region, turning it into an element that identifies and differentiates each community. Zamora has been essentially a ranching and agricultural region, and its natural, top-quality local products are a mainstay of its cuisine. Some dishes, because of their long-standing popular tradition [&hellip;]<\/p>\n","protected":false},"author":1,"featured_media":0,"parent":0,"menu_order":5,"comment_status":"closed","ping_status":"closed","template":"","meta":{"inline_featured_image":false,"site-sidebar-layout":"default","site-content-layout":"","ast-site-content-layout":"","site-content-style":"default","site-sidebar-style":"default","ast-global-header-display":"","ast-banner-title-visibility":"","ast-main-header-display":"","ast-hfb-above-header-display":"","ast-hfb-below-header-display":"","ast-hfb-mobile-header-display":"","site-post-title":"","ast-breadcrumbs-content":"","ast-featured-img":"","footer-sml-layout":"","theme-transparent-header-meta":"","adv-header-id-meta":"","stick-header-meta":"","header-above-stick-meta":"","header-main-stick-meta":"","header-below-stick-meta":"","astra-migrate-meta-layouts":"default","ast-page-background-enabled":"default","ast-page-background-meta":{"desktop":{"background-color":"","background-image":"","background-repeat":"repeat","background-position":"center center","background-size":"auto","background-attachment":"scroll","background-type":"","background-media":"","overlay-type":"","overlay-color":"","overlay-opacity":"","overlay-gradient":""},"tablet":{"background-color":"","background-image":"","background-repeat":"repeat","background-position":"center center","background-size":"auto","background-attachment":"scroll","background-type":"","background-media":"","overlay-type":"","overlay-color":"","overlay-opacity":"","overlay-gradient":""},"mobile":{"background-color":"","background-image":"","background-repeat":"repeat","background-position":"center center","background-size":"auto","background-attachment":"scroll","background-type":"","background-media":"","overlay-type":"","overlay-color":"","overlay-opacity":"","overlay-gradient":""}},"ast-content-background-meta":{"desktop":{"background-color":"var(--ast-global-color-5)","background-image":"","background-repeat":"repeat","background-position":"center center","background-size":"auto","background-attachment":"scroll","background-type":"","background-media":"","overlay-type":"","overlay-color":"","overlay-opacity":"","overlay-gradient":""},"tablet":{"background-color":"var(--ast-global-color-5)","background-image":"","background-repeat":"repeat","background-position":"center center","background-size":"auto","background-attachment":"scroll","background-type":"","background-media":"","overlay-type":"","overlay-color":"","overlay-opacity":"","overlay-gradient":""},"mobile":{"background-color":"var(--ast-global-color-5)","background-image":"","background-repeat":"repeat","background-position":"center center","background-size":"auto","background-attachment":"scroll","background-type":"","background-media":"","overlay-type":"","overlay-color":"","overlay-opacity":"","overlay-gradient":""}},"ngg_post_thumbnail":0,"footnotes":""},"yoast_head":"<!-- This site is optimized with the Yoast SEO plugin v23.0 - https:\/\/yoast.com\/wordpress\/plugins\/seo\/ -->\n<title>Turismo de Zamora , Turismo Sostenible<\/title>\n<meta name=\"description\" content=\"Esta es la p\u00e1gina Oficial de Turismo de Diputaci\u00f3n de Zamora, donde podr\u00e1 encontrar toda la informaci\u00f3n para disfrutar al m\u00e1ximo de nuestra provincia.\" \/>\n<meta name=\"robots\" content=\"index, follow, max-snippet:-1, max-image-preview:large, max-video-preview:-1\" \/>\n<link rel=\"canonical\" href=\"https:\/\/turismoenzamora.es\/fr\/patrimonio-gastronomico\/\" \/>\n<meta property=\"og:locale\" content=\"en_US\" \/>\n<meta property=\"og:type\" content=\"article\" \/>\n<meta property=\"og:title\" content=\"Turismo de Zamora , Turismo Sostenible\" \/>\n<meta property=\"og:description\" content=\"Esta es la p\u00e1gina Oficial de Turismo de Diputaci\u00f3n de Zamora, donde podr\u00e1 encontrar toda la informaci\u00f3n para disfrutar al m\u00e1ximo de nuestra provincia.\" \/>\n<meta property=\"og:url\" content=\"https:\/\/turismoenzamora.es\/fr\/patrimonio-gastronomico\/\" \/>\n<meta property=\"og:site_name\" content=\"tourism in Zamora\" \/>\n<meta property=\"article:publisher\" content=\"https:\/\/www.facebook.com\/ZamoraSpain\/\" \/>\n<meta property=\"article:modified_time\" content=\"2021-09-01T14:15:42+00:00\" \/>\n<meta property=\"og:image\" content=\"https:\/\/turismoenzamora.es\/wp-content\/uploads\/2017\/08\/descarga-1.jpg\" \/>\n<meta name=\"twitter:card\" content=\"summary_large_image\" \/>\n<meta name=\"twitter:site\" content=\"@ZamoraSpain\" \/>\n<meta name=\"twitter:label1\" content=\"Est. reading time\" \/>\n\t<meta name=\"twitter:data1\" content=\"11 minutes\" \/>\n<script type=\"application\/ld+json\" class=\"yoast-schema-graph\">{\"@context\":\"https:\/\/schema.org\",\"@graph\":[{\"@type\":\"WebPage\",\"@id\":\"https:\/\/turismoenzamora.es\/fr\/patrimonio-gastronomico\/\",\"url\":\"https:\/\/turismoenzamora.es\/fr\/patrimonio-gastronomico\/\",\"name\":\"Turismo de Zamora , Turismo Sostenible\",\"isPartOf\":{\"@id\":\"https:\/\/turismoenzamora.es\/pt\/#website\"},\"primaryImageOfPage\":{\"@id\":\"https:\/\/turismoenzamora.es\/fr\/patrimonio-gastronomico\/#primaryimage\"},\"image\":{\"@id\":\"https:\/\/turismoenzamora.es\/fr\/patrimonio-gastronomico\/#primaryimage\"},\"thumbnailUrl\":\"https:\/\/turismoenzamora.es\/wp-content\/uploads\/2017\/08\/descarga-1.jpg\",\"datePublished\":\"2017-08-04T14:01:00+00:00\",\"dateModified\":\"2021-09-01T14:15:42+00:00\",\"description\":\"Esta es la p\u00e1gina Oficial de Turismo de Diputaci\u00f3n de Zamora, donde podr\u00e1 encontrar toda la informaci\u00f3n para disfrutar al m\u00e1ximo de nuestra provincia.\",\"breadcrumb\":{\"@id\":\"https:\/\/turismoenzamora.es\/fr\/patrimonio-gastronomico\/#breadcrumb\"},\"inLanguage\":\"en-US\",\"potentialAction\":[{\"@type\":\"ReadAction\",\"target\":[\"https:\/\/turismoenzamora.es\/fr\/patrimonio-gastronomico\/\"]}]},{\"@type\":\"ImageObject\",\"inLanguage\":\"en-US\",\"@id\":\"https:\/\/turismoenzamora.es\/fr\/patrimonio-gastronomico\/#primaryimage\",\"url\":\"https:\/\/turismoenzamora.es\/wp-content\/uploads\/2017\/08\/descarga-1.jpg\",\"contentUrl\":\"https:\/\/turismoenzamora.es\/wp-content\/uploads\/2017\/08\/descarga-1.jpg\"},{\"@type\":\"BreadcrumbList\",\"@id\":\"https:\/\/turismoenzamora.es\/fr\/patrimonio-gastronomico\/#breadcrumb\",\"itemListElement\":[{\"@type\":\"ListItem\",\"position\":1,\"name\":\"Portada\",\"item\":\"https:\/\/turismoenzamora.es\/\"},{\"@type\":\"ListItem\",\"position\":2,\"name\":\"Patrimonio Gastron\u00f3mico\"}]},{\"@type\":\"WebSite\",\"@id\":\"https:\/\/turismoenzamora.es\/pt\/#website\",\"url\":\"https:\/\/turismoenzamora.es\/pt\/\",\"name\":\"Turismo sostenible. Patronato de Turismo de la Diputaci\u00f3n de Zamora.&quot;Turismo Sostenible&quot;.\",\"description\":\"Sustainable tourism. Tourist Board of the Diputaci\u00f3n de Zamora\",\"publisher\":{\"@id\":\"https:\/\/turismoenzamora.es\/pt\/#organization\"},\"potentialAction\":[{\"@type\":\"SearchAction\",\"target\":{\"@type\":\"EntryPoint\",\"urlTemplate\":\"https:\/\/turismoenzamora.es\/pt\/?s={search_term_string}\"},\"query-input\":\"required name=search_term_string\"}],\"inLanguage\":\"en-US\"},{\"@type\":\"Organization\",\"@id\":\"https:\/\/turismoenzamora.es\/pt\/#organization\",\"name\":\"Patronato de Turismo de la Diputaci\u00f3n de Zamora\",\"url\":\"https:\/\/turismoenzamora.es\/pt\/\",\"logo\":{\"@type\":\"ImageObject\",\"inLanguage\":\"en-US\",\"@id\":\"https:\/\/turismoenzamora.es\/pt\/#\/schema\/logo\/image\/\",\"url\":\"https:\/\/turismoenzamora.es\/wp-content\/uploads\/2018\/06\/ZamoraLogo.png\",\"contentUrl\":\"https:\/\/turismoenzamora.es\/wp-content\/uploads\/2018\/06\/ZamoraLogo.png\",\"width\":1276,\"height\":290,\"caption\":\"Patronato de Turismo de la Diputaci\u00f3n de Zamora\"},\"image\":{\"@id\":\"https:\/\/turismoenzamora.es\/pt\/#\/schema\/logo\/image\/\"},\"sameAs\":[\"https:\/\/www.facebook.com\/ZamoraSpain\/\",\"https:\/\/x.com\/ZamoraSpain\",\"https:\/\/www.instagram.com\/turismoenzamora.es\/\",\"https:\/\/www.pinterest.es\/TurismoenZamora\/\",\"https:\/\/www.youtube.com\/channel\/UC2bOyOZ-2cLm-uXlBFYUV9w\"]}]}<\/script>\n<!-- \/ Yoast SEO plugin. -->","yoast_head_json":{"title":"Turismo de Zamora , Turismo Sostenible","description":"Esta es la p\u00e1gina Oficial de Turismo de Diputaci\u00f3n de Zamora, donde podr\u00e1 encontrar toda la informaci\u00f3n para disfrutar al m\u00e1ximo de nuestra provincia.","robots":{"index":"index","follow":"follow","max-snippet":"max-snippet:-1","max-image-preview":"max-image-preview:large","max-video-preview":"max-video-preview:-1"},"canonical":"https:\/\/turismoenzamora.es\/fr\/patrimonio-gastronomico\/","og_locale":"en_US","og_type":"article","og_title":"Turismo de Zamora , Turismo Sostenible","og_description":"Esta es la p\u00e1gina Oficial de Turismo de Diputaci\u00f3n de Zamora, donde podr\u00e1 encontrar toda la informaci\u00f3n para disfrutar al m\u00e1ximo de nuestra provincia.","og_url":"https:\/\/turismoenzamora.es\/fr\/patrimonio-gastronomico\/","og_site_name":"tourism in Zamora","article_publisher":"https:\/\/www.facebook.com\/ZamoraSpain\/","article_modified_time":"2021-09-01T14:15:42+00:00","og_image":[{"url":"https:\/\/turismoenzamora.es\/wp-content\/uploads\/2017\/08\/descarga-1.jpg"}],"twitter_card":"summary_large_image","twitter_site":"@ZamoraSpain","twitter_misc":{"Est. reading time":"11 minutes"},"schema":{"@context":"https:\/\/schema.org","@graph":[{"@type":"WebPage","@id":"https:\/\/turismoenzamora.es\/fr\/patrimonio-gastronomico\/","url":"https:\/\/turismoenzamora.es\/fr\/patrimonio-gastronomico\/","name":"Turismo de Zamora , Turismo Sostenible","isPartOf":{"@id":"https:\/\/turismoenzamora.es\/pt\/#website"},"primaryImageOfPage":{"@id":"https:\/\/turismoenzamora.es\/fr\/patrimonio-gastronomico\/#primaryimage"},"image":{"@id":"https:\/\/turismoenzamora.es\/fr\/patrimonio-gastronomico\/#primaryimage"},"thumbnailUrl":"https:\/\/turismoenzamora.es\/wp-content\/uploads\/2017\/08\/descarga-1.jpg","datePublished":"2017-08-04T14:01:00+00:00","dateModified":"2021-09-01T14:15:42+00:00","description":"Esta es la p\u00e1gina Oficial de Turismo de Diputaci\u00f3n de Zamora, donde podr\u00e1 encontrar toda la informaci\u00f3n para disfrutar al m\u00e1ximo de nuestra provincia.","breadcrumb":{"@id":"https:\/\/turismoenzamora.es\/fr\/patrimonio-gastronomico\/#breadcrumb"},"inLanguage":"en-US","potentialAction":[{"@type":"ReadAction","target":["https:\/\/turismoenzamora.es\/fr\/patrimonio-gastronomico\/"]}]},{"@type":"ImageObject","inLanguage":"en-US","@id":"https:\/\/turismoenzamora.es\/fr\/patrimonio-gastronomico\/#primaryimage","url":"https:\/\/turismoenzamora.es\/wp-content\/uploads\/2017\/08\/descarga-1.jpg","contentUrl":"https:\/\/turismoenzamora.es\/wp-content\/uploads\/2017\/08\/descarga-1.jpg"},{"@type":"BreadcrumbList","@id":"https:\/\/turismoenzamora.es\/fr\/patrimonio-gastronomico\/#breadcrumb","itemListElement":[{"@type":"ListItem","position":1,"name":"Portada","item":"https:\/\/turismoenzamora.es\/"},{"@type":"ListItem","position":2,"name":"Patrimonio Gastron\u00f3mico"}]},{"@type":"WebSite","@id":"https:\/\/turismoenzamora.es\/pt\/#website","url":"https:\/\/turismoenzamora.es\/pt\/","name":"Turismo sostenible. Patronato de Turismo de la Diputaci\u00f3n de Zamora.&quot;Turismo Sostenible&quot;.","description":"Sustainable tourism. Tourist Board of the Diputaci\u00f3n de Zamora","publisher":{"@id":"https:\/\/turismoenzamora.es\/pt\/#organization"},"potentialAction":[{"@type":"SearchAction","target":{"@type":"EntryPoint","urlTemplate":"https:\/\/turismoenzamora.es\/pt\/?s={search_term_string}"},"query-input":"required name=search_term_string"}],"inLanguage":"en-US"},{"@type":"Organization","@id":"https:\/\/turismoenzamora.es\/pt\/#organization","name":"Patronato de Turismo de la Diputaci\u00f3n de Zamora","url":"https:\/\/turismoenzamora.es\/pt\/","logo":{"@type":"ImageObject","inLanguage":"en-US","@id":"https:\/\/turismoenzamora.es\/pt\/#\/schema\/logo\/image\/","url":"https:\/\/turismoenzamora.es\/wp-content\/uploads\/2018\/06\/ZamoraLogo.png","contentUrl":"https:\/\/turismoenzamora.es\/wp-content\/uploads\/2018\/06\/ZamoraLogo.png","width":1276,"height":290,"caption":"Patronato de Turismo de la Diputaci\u00f3n de Zamora"},"image":{"@id":"https:\/\/turismoenzamora.es\/pt\/#\/schema\/logo\/image\/"},"sameAs":["https:\/\/www.facebook.com\/ZamoraSpain\/","https:\/\/x.com\/ZamoraSpain","https:\/\/www.instagram.com\/turismoenzamora.es\/","https:\/\/www.pinterest.es\/TurismoenZamora\/","https:\/\/www.youtube.com\/channel\/UC2bOyOZ-2cLm-uXlBFYUV9w"]}]}},"_links":{"self":[{"href":"https:\/\/turismoenzamora.es\/en\/wp-json\/wp\/v2\/pages\/84"}],"collection":[{"href":"https:\/\/turismoenzamora.es\/en\/wp-json\/wp\/v2\/pages"}],"about":[{"href":"https:\/\/turismoenzamora.es\/en\/wp-json\/wp\/v2\/types\/page"}],"author":[{"embeddable":true,"href":"https:\/\/turismoenzamora.es\/en\/wp-json\/wp\/v2\/users\/1"}],"replies":[{"embeddable":true,"href":"https:\/\/turismoenzamora.es\/en\/wp-json\/wp\/v2\/comments?post=84"}],"version-history":[{"count":0,"href":"https:\/\/turismoenzamora.es\/en\/wp-json\/wp\/v2\/pages\/84\/revisions"}],"wp:attachment":[{"href":"https:\/\/turismoenzamora.es\/en\/wp-json\/wp\/v2\/media?parent=84"}],"curies":[{"name":"wp","href":"https:\/\/api.w.org\/{rel}","templated":true}]}}