{"id":6100,"date":"2017-12-29T07:43:09","date_gmt":"2017-12-29T05:43:09","guid":{"rendered":"https:\/\/www.turismoenzamora.es\/?page_id=6100"},"modified":"2024-04-10T18:21:00","modified_gmt":"2024-04-10T16:21:00","slug":"alojamientos-de-turismo-rural","status":"publish","type":"page","link":"https:\/\/turismoenzamora.es\/en\/alojamientos-de-turismo-rural\/","title":{"rendered":"Alojamientos de turismo rural"},"content":{"rendered":"<p><div class=\"arconix-accordions arconix-accordions-vertical arconix-accordions-1\"><\/div><br \/>\n<div class=\"arconix-accordion-title accordion-AlisteTbarayAlba\"><i class=\"fa\"><\/i><p>Aliste, T\u00e1bara y Alba<\/p><\/div><div class=\"arconix-accordion-content\">\n<div class=\"arconix-toggle-wrap\"><div class=\"arconix-toggle-title toggle-closed\"><i class='fa fa-plus-square'><\/i>Alca\u00f1ices<\/div><div class=\"arconix-toggle-content\">\n<table>\n<tbody>\n<tr>\n<th>Nombre<\/th>\n<th>Tipo<\/th>\n<th>Categoria<\/th>\n<th>Localidad<\/th>\n<th>Direcci\u00f3n<\/th>\n<th>Tel\u00e9fono<\/th>\n<th>Web<\/th>\n<th>Plazas<\/th>\n<\/tr>\n<tr>\n<td>CASA ROST\u00c1N<\/td>\n<td>CRA<\/td>\n<td style=\"text-align: center;\">***<\/td>\n<td>ALCA\u00d1ICES<\/td>\n<td>Camino del Calvario 22<\/td>\n<td>980680224<\/td>\n<td><a href=\"http:\/\/www.casarostan.com\/\">www.casarostan.com<\/a><\/td>\n<td style=\"text-align: center;\">5<\/td>\n<\/tr>\n<tr>\n<td>EL PINO<\/td>\n<td>CRA<\/td>\n<td style=\"text-align: center;\">**<\/td>\n<td>ALCA\u00d1ICES<\/td>\n<td>Calle El Colegio 18<\/td>\n<td>980680404<\/td>\n<td>&nbsp;<\/td>\n<td style=\"text-align: center;\">7<\/td>\n<\/tr>\n<tr>\n<td>LA ATALAYA<\/td>\n<td>HTR<\/td>\n<td style=\"text-align: center;\">***<\/td>\n<td>ALCA\u00d1ICES<\/td>\n<td>Calle San Andr\u00e9s 29<\/td>\n<td>980680622<\/td>\n<td>&nbsp;<\/td>\n<td style=\"text-align: center;\">27<\/td>\n<\/tr>\n<\/tbody>\n<\/table>\n<\/div><\/div><br \/>\n<div class=\"arconix-toggle-wrap\"><div class=\"arconix-toggle-title toggle-closed\"><i class='fa fa-plus-square'><\/i>Ceadea<\/div><div class=\"arconix-toggle-content\">\n<table>\n<tbody>\n<tr>\n<th>Nombre<\/th>\n<th>Tipo<\/th>\n<th>Categoria<\/th>\n<th>Localidad<\/th>\n<th>Direcci\u00f3n<\/th>\n<th>Tel\u00e9fono<\/th>\n<th>Web<\/th>\n<th>Plazas<\/th>\n<\/tr>\n<tr>\n<td>LA CANTINA<\/td>\n<td>HTR<\/td>\n<td style=\"text-align: center;\">***<\/td>\n<td>CEADEA<\/td>\n<td>Calle Fontanina 33<\/td>\n<td>980684604<\/td>\n<td><a href=\"http:\/\/www.casarurallacantina.es\/\">www.casarurallacantina.es<\/a><\/td>\n<td style=\"text-align: center;\">7<\/td>\n<\/tr>\n<tr>\n<td>EL TEJAR DE MIRO<\/td>\n<td>HTR<\/td>\n<td style=\"text-align: center;\">****<\/td>\n<td>CEADEA<\/td>\n<td>Calle La Iglesia s\/n<\/td>\n<td>679979392<\/td>\n<td><a href=\"http:\/\/eltejardemiro.com\/\">www.eltejardemiro.com\/<\/a><\/td>\n<td style=\"text-align: center;\">10<\/td>\n<\/tr>\n<\/tbody>\n<\/table>\n<\/div><\/div><br \/>\n<div class=\"arconix-toggle-wrap\"><div class=\"arconix-toggle-title toggle-closed\"><i class='fa fa-plus-square'><\/i>Ferreras de Arriba<\/div><div class=\"arconix-toggle-content\">\n<table>\n<tbody>\n<tr>\n<th>Nombre<\/th>\n<th>Tipo<\/th>\n<th>Categoria<\/th>\n<th>Localidad<\/th>\n<th>Direcci\u00f3n<\/th>\n<th>Tel\u00e9fono<\/th>\n<th>Web<\/th>\n<th>Plazas<\/th>\n<\/tr>\n<tr>\n<td>LA LAVADERA<\/td>\n<td>CRA<\/td>\n<td style=\"text-align: center;\">****<\/td>\n<td>FERRERAS DE ARRIBA<\/td>\n<td>Calle Molino el Cura s\/n<\/td>\n<td>980593099<\/td>\n<td>www.lalavadera.com<\/td>\n<td style=\"text-align: center;\">12<\/td>\n<\/tr>\n<tr>\n<td>CASA ABUELA<\/td>\n<td>CR<\/td>\n<td style=\"text-align: center;\">****<\/td>\n<td>FERRERAS DE ARRIBA<\/td>\n<td>Calle Verdero 52<\/td>\n<td>980593002<\/td>\n<td><a href=\"http:\/\/www.casaruralferrerasdearriba.es\/\">www.casaruralferrerasdearriba.es<\/a><\/td>\n<td style=\"text-align: center;\">7<\/td>\n<\/tr>\n<\/tbody>\n<\/table>\n<\/div><\/div><br \/>\n<div class=\"arconix-toggle-wrap\"><div class=\"arconix-toggle-title toggle-closed\"><i class='fa fa-plus-square'><\/i>Figueruela de Arriba<\/div><div class=\"arconix-toggle-content\">\n<table>\n<tbody>\n<tr>\n<th>Nombre<\/th>\n<th>Tipo<\/th>\n<th>Categoria<\/th>\n<th>Localidad<\/th>\n<th>Direcci\u00f3n<\/th>\n<th>Tel\u00e9fono<\/th>\n<th>Web<\/th>\n<th>Plazas<\/th>\n<\/tr>\n<tr>\n<td>LA ROBLA<\/td>\n<td>HTR<\/td>\n<td style=\"text-align: center;\">****<\/td>\n<td>FIGUERUELA DE ARRIBA<\/td>\n<td>Calle La Fuente n\u00ba 2<\/td>\n<td>980 053 052<\/td>\n<td>www.la-robla.com<\/td>\n<td style=\"text-align: center;\">9<\/td>\n<\/tr>\n<\/tbody>\n<\/table>\n<\/div><\/div><br \/>\n<div class=\"arconix-toggle-wrap\"><div class=\"arconix-toggle-title toggle-closed\"><i class='fa fa-plus-square'><\/i>Grisuela<\/div><div class=\"arconix-toggle-content\">\n<table>\n<tbody>\n<tr>\n<th>Nombre<\/th>\n<th>Tipo<\/th>\n<th>Categoria<\/th>\n<th>Localidad<\/th>\n<th>Direcci\u00f3n<\/th>\n<th>Tel\u00e9fono<\/th>\n<th>Web<\/th>\n<th>Plazas<\/th>\n<\/tr>\n<tr>\n<td>CASA ABUELA<\/td>\n<td>CRA<\/td>\n<td style=\"text-align: center;\">***<\/td>\n<td>GRISUELA<\/td>\n<td>Calle Real 117<\/td>\n<td>980682107<\/td>\n<td><a href=\"http:\/\/www.casaabuela.com\/es\/\">www.casaabuela.com<\/a><\/td>\n<td>14<\/td>\n<\/tr>\n<\/tbody>\n<\/table>\n<\/div><\/div><br \/>\n<div class=\"arconix-toggle-wrap\"><div class=\"arconix-toggle-title toggle-closed\"><i class='fa fa-plus-square'><\/i>Lober<\/div><div class=\"arconix-toggle-content\">\n<table>\n<tbody>\n<tr>\n<th>Nombre<\/th>\n<th>Tipo<\/th>\n<th>Categoria<\/th>\n<th>Localidad<\/th>\n<th>Direcci\u00f3n<\/th>\n<th>Tel\u00e9fono<\/th>\n<th>Web<\/th>\n<th>Plazas<\/th>\n<\/tr>\n<tr>\n<td>CASA PE\u00d1ALBA<\/td>\n<td>CRA<\/td>\n<td style=\"text-align: center;\">***<\/td>\n<td>LOBER<\/td>\n<td>Calle Iglesia 5<\/td>\n<td>618750826<\/td>\n<td><a href=\"http:\/\/www.casape\u00f1alba.es\">www.casape\u00f1alba.es<\/a><\/td>\n<td>8<\/td>\n<\/tr>\n<\/tbody>\n<\/table>\n<\/div><\/div><br \/>\n<div class=\"arconix-toggle-wrap\"><div class=\"arconix-toggle-title toggle-closed\"><i class='fa fa-plus-square'><\/i>Losacio<\/div><div class=\"arconix-toggle-content\">\n<table>\n<tbody>\n<tr>\n<th>Nombre<\/th>\n<th>Tipo<\/th>\n<th>Categoria<\/th>\n<th>Localidad<\/th>\n<th>Direcci\u00f3n<\/th>\n<th>Tel\u00e9fono<\/th>\n<th>Web<\/th>\n<th>Plazas<\/th>\n<\/tr>\n<tr>\n<td>EL MOLINO DE LOSACIO<\/td>\n<td>HTR<\/td>\n<td style=\"text-align: center;\">****<\/td>\n<td>LOSACIO<\/td>\n<td>Carretera Marquiz s\/n<\/td>\n<td>980596011<\/td>\n<td><a href=\"http:\/\/www.elmolinodelosacio.es\">www.elmolinodelosacio.es<\/a><\/td>\n<td>27<\/td>\n<\/tr>\n<\/tbody>\n<\/table>\n<\/div><\/div><br \/>\n<div class=\"arconix-toggle-wrap\"><div class=\"arconix-toggle-title toggle-closed\"><i class='fa fa-plus-square'><\/i>Moreruela de T\u00e1bara<\/div><div class=\"arconix-toggle-content\">\n<table>\n<tbody>\n<tr>\n<th>Nombre<\/th>\n<th>Tipo<\/th>\n<th>Categoria<\/th>\n<th>Localidad<\/th>\n<th>Direcci\u00f3n<\/th>\n<th>Tel\u00e9fono<\/th>\n<th>Web<\/th>\n<th>Plazas<\/th>\n<\/tr>\n<tr>\n<td>LA OTRA CASA<\/td>\n<td>CRA<\/td>\n<td style=\"text-align: center;\">***<\/td>\n<td>MORERUELA DE T\u00c1BARA<\/td>\n<td>Calle Carretera 81<\/td>\n<td>980595301<\/td>\n<td><a href=\"http:\/\/www.laotracasamoreruela.com\">www.laotracasamoreruela.com<\/a><\/td>\n<td>5<\/td>\n<\/tr>\n<\/tbody>\n<\/table>\n<\/div><\/div><br \/>\n<div class=\"arconix-toggle-wrap\"><div class=\"arconix-toggle-title toggle-closed\"><i class='fa fa-plus-square'><\/i>Muelas del Pan<\/div><div class=\"arconix-toggle-content\">\n<table>\n<tbody>\n<tr>\n<th>Nombre<\/th>\n<th>Tipo<\/th>\n<th>Categoria<\/th>\n<th>Localidad<\/th>\n<th>Direcci\u00f3n<\/th>\n<th>Tel\u00e9fono<\/th>\n<th>Web<\/th>\n<th>Plazas<\/th>\n<\/tr>\n<tr>\n<td>EL VEDAL<\/td>\n<td>HTR<\/td>\n<td style=\"text-align: center;\">***<\/td>\n<td>MUELAS DEL PAN<\/td>\n<td>Calle Sillada 12<\/td>\n<td>980553007<\/td>\n<td><a href=\"http:\/\/www.elvedal.com\">www.elvedal.com<\/a><\/td>\n<td>20<\/td>\n<\/tr>\n<\/tbody>\n<\/table>\n<\/div><\/div><br \/>\n<div class=\"arconix-toggle-wrap\"><div class=\"arconix-toggle-title toggle-closed\"><i class='fa fa-plus-square'><\/i>Nuez<\/div><div class=\"arconix-toggle-content\">\n<table>\n<tbody>\n<tr>\n<th>Nombre<\/th>\n<th>Tipo<\/th>\n<th>Categoria<\/th>\n<th>Localidad<\/th>\n<th>Direcci\u00f3n<\/th>\n<th>Tel\u00e9fono<\/th>\n<th>Web<\/th>\n<th>Plazas<\/th>\n<\/tr>\n<tr>\n<td>LA PRIMAVERA<\/td>\n<td>HTR<\/td>\n<td style=\"text-align: center;\">***<\/td>\n<td>NUEZ<\/td>\n<td>Calle Colaguita 8<\/td>\n<td>980681394<\/td>\n<td><a href=\"http:\/\/www.casarurallaprimavera.es\">www.casarurallaprimavera.es<\/a><\/td>\n<td>8<\/td>\n<\/tr>\n<\/tbody>\n<\/table>\n<\/div><\/div><br \/>\n<div class=\"arconix-toggle-wrap\"><div class=\"arconix-toggle-title toggle-closed\"><i class='fa fa-plus-square'><\/i>Palazuelo de las Cuevas<\/div><div class=\"arconix-toggle-content\">\n<table>\n<tbody>\n<tr>\n<th>Nombre<\/th>\n<th>Tipo<\/th>\n<th>Categoria<\/th>\n<th>Localidad<\/th>\n<th>Direcci\u00f3n<\/th>\n<th>Tel\u00e9fono<\/th>\n<th>Web<\/th>\n<th>Plazas<\/th>\n<\/tr>\n<tr>\n<td>LA PANERA<\/td>\n<td>CRA<\/td>\n<td style=\"text-align: center;\">**<\/td>\n<td>Palazuelo de las Cuevas<\/td>\n<td>Calle La Cuesta 5<\/td>\n<td>980681394<\/td>\n<td>&nbsp;<\/td>\n<td>4<\/td>\n<\/tr>\n<\/tbody>\n<\/table>\n<\/div><\/div><br \/>\n<div class=\"arconix-toggle-wrap\"><div class=\"arconix-toggle-title toggle-closed\"><i class='fa fa-plus-square'><\/i>Perilla de Castro<\/div><div class=\"arconix-toggle-content\">\n<table>\n<tbody>\n<tr>\n<th>Nombre<\/th>\n<th>Tipo<\/th>\n<th>Categoria<\/th>\n<th>Localidad<\/th>\n<th>Direcci\u00f3n<\/th>\n<th>Tel\u00e9fono<\/th>\n<th>Web<\/th>\n<th>Plazas<\/th>\n<\/tr>\n<tr>\n<td>LA PANERA DE PERILLA<\/td>\n<td>CRA<\/td>\n<td style=\"text-align: center;\">****<\/td>\n<td>PERILLA DE CASTRO<\/td>\n<td>Calle LA PANERA s\/n<\/td>\n<td>619278847<\/td>\n<td>www.panera.es\/<\/td>\n<td>10<\/td>\n<\/tr>\n<\/tbody>\n<\/table>\n<\/div><\/div><br \/>\n<div class=\"arconix-toggle-wrap\"><div class=\"arconix-toggle-title toggle-closed\"><i class='fa fa-plus-square'><\/i>Pobladura de Aliste<\/div><div class=\"arconix-toggle-content\">\n<table>\n<tbody>\n<tr>\n<th>Nombre<\/th>\n<th>Tipo<\/th>\n<th>Categoria<\/th>\n<th>Localidad<\/th>\n<th>Direcci\u00f3n<\/th>\n<th>Tel\u00e9fono<\/th>\n<th>Web<\/th>\n<th>Plazas<\/th>\n<\/tr>\n<tr>\n<td>LAS ERAS I<\/td>\n<td>CRA<\/td>\n<td style=\"text-align: center;\">***<\/td>\n<td>POBLADURA DE ALISTE<\/td>\n<td>Calle La Era s\/n<\/td>\n<td>605481769<\/td>\n<td>&nbsp;<\/td>\n<td>6<\/td>\n<\/tr>\n<tr>\n<td>EL VERGEL DE ALISTE<\/td>\n<td>CR<\/td>\n<td style=\"text-align: center;\">****<\/td>\n<td>POBLADURA DE ALISTE<\/td>\n<td>Calle La Era s\/n<\/td>\n<td>98063671<\/td>\n<td>&nbsp;<\/td>\n<td>7<\/td>\n<\/tr>\n<tr>\n<td>EL VERGEL DE ALISTE<\/td>\n<td>CR<\/td>\n<td style=\"text-align: center;\">****<\/td>\n<td>POBLADURA DE ALISTE<\/td>\n<td>Calle La Era s\/n<\/td>\n<td>98063671<\/td>\n<td>&nbsp;<\/td>\n<td>7<\/td>\n<\/tr>\n<\/tbody>\n<\/table>\n<\/div><\/div><br \/>\n<div class=\"arconix-toggle-wrap\"><div class=\"arconix-toggle-title toggle-closed\"><i class='fa fa-plus-square'><\/i>Pozuelo de T\u00e1bara<\/div><div class=\"arconix-toggle-content\">\n<table>\n<tbody>\n<tr>\n<th>Nombre<\/th>\n<th>Tipo<\/th>\n<th>Categoria<\/th>\n<th>Localidad<\/th>\n<th>Direcci\u00f3n<\/th>\n<th>Tel\u00e9fono<\/th>\n<th>Web<\/th>\n<th>Plazas<\/th>\n<\/tr>\n<tr>\n<td>EL PEDREGAL<\/td>\n<td>CRA<\/td>\n<td style=\"text-align: center;\">***<\/td>\n<td>POZUELO DE T\u00c1BARA<\/td>\n<td>Avenida Galicia 11<\/td>\n<td>652831398<\/td>\n<td><a href=\"http:\/\/casaruralelpedregal.blogspot.com.es\/\">www.casaruralelpedregal.blogspot.com.es\/<\/a><\/td>\n<td>9<\/td>\n<\/tr>\n<\/tbody>\n<\/table>\n<\/div><\/div><br \/>\n<div class=\"arconix-toggle-wrap\"><div class=\"arconix-toggle-title toggle-closed\"><i class='fa fa-plus-square'><\/i>Rabanales<\/div><div class=\"arconix-toggle-content\">\n<table>\n<tbody>\n<tr>\n<th>Nombre<\/th>\n<th>Tipo<\/th>\n<th>Categoria<\/th>\n<th>Localidad<\/th>\n<th>Direcci\u00f3n<\/th>\n<th>Tel\u00e9fono<\/th>\n<th>Web<\/th>\n<th>Plazas<\/th>\n<\/tr>\n<tr>\n<td>LA CASA DE EUGENIA<\/td>\n<td>HTR<\/td>\n<td style=\"text-align: center;\">****<\/td>\n<td>RABANALES<\/td>\n<td>Calle La Feria 13 BJ<\/td>\n<td>980682051<\/td>\n<td>www.casadeeugenia.es\/<\/td>\n<td>8<\/td>\n<\/tr>\n<\/tbody>\n<\/table>\n<\/div><\/div><br \/>\n<div class=\"arconix-toggle-wrap\"><div class=\"arconix-toggle-title toggle-closed\"><i class='fa fa-plus-square'><\/i>Ricobayo de Alba<\/div><div class=\"arconix-toggle-content\">\n<table>\n<tbody>\n<tr>\n<th>Nombre<\/th>\n<th>Tipo<\/th>\n<th>Categoria<\/th>\n<th>Localidad<\/th>\n<th>Direcci\u00f3n<\/th>\n<th>Tel\u00e9fono<\/th>\n<th>Web<\/th>\n<th>Plazas<\/th>\n<\/tr>\n<tr>\n<td>ATILA<\/td>\n<td>CRA<\/td>\n<td style=\"text-align: center;\">***<\/td>\n<td>RICOBAYO DE ALBA<\/td>\n<td>Carretera Alca\u00f1ices-Ricobayo, km 90<\/td>\n<td>980553245<\/td>\n<td><a href=\"http:\/\/hoteldealba.es\/\">www.hoteldealba.es\/<\/a><\/td>\n<td>5<\/td>\n<\/tr>\n<\/tbody>\n<\/table>\n<\/div><\/div><br \/>\n<div class=\"arconix-toggle-wrap\"><div class=\"arconix-toggle-title toggle-closed\"><i class='fa fa-plus-square'><\/i>San Pedro de las Herrerias<\/div><div class=\"arconix-toggle-content\">\n<table>\n<tbody>\n<tr>\n<th>Nombre<\/th>\n<th>Tipo<\/th>\n<th>Categoria<\/th>\n<th>Localidad<\/th>\n<th>Direcci\u00f3n<\/th>\n<th>Tel\u00e9fono<\/th>\n<th>Web<\/th>\n<th>Plazas<\/th>\n<\/tr>\n<tr>\n<td>VENIATA<\/td>\n<td>HTR<\/td>\n<td style=\"text-align: center;\">***<\/td>\n<td>SAN PEDRO DE LAS HERRERIAS<\/td>\n<td>Calle LA IGLESIA s\/n<\/td>\n<td>980683378<\/td>\n<td><a href=\"http:\/\/veniata.com\/\">www.veniata.com\/<\/a><\/td>\n<td>26<\/td>\n<\/tr>\n<\/tbody>\n<\/table>\n<\/div><\/div><br \/>\n<div class=\"arconix-toggle-wrap\"><div class=\"arconix-toggle-title toggle-closed\"><i class='fa fa-plus-square'><\/i>San Vitero<\/div><div class=\"arconix-toggle-content\">\n<table>\n<tbody>\n<tr>\n<th>Nombre<\/th>\n<th>Tipo<\/th>\n<th>Categoria<\/th>\n<th>Localidad<\/th>\n<th>Direcci\u00f3n<\/th>\n<th>Tel\u00e9fono<\/th>\n<th>Web<\/th>\n<th>Plazas<\/th>\n<\/tr>\n<tr>\n<td>LA MOLINA<\/td>\n<td>CR<\/td>\n<td style=\"text-align: center;\">***<\/td>\n<td>SAN VITERO<\/td>\n<td>Calle Labayo 1<\/td>\n<td>651352160<\/td>\n<td><a href=\"http:\/\/www.lamolinacasarural.com\">www.lamolinacasarural.com<\/a><\/td>\n<td>9<\/td>\n<\/tr>\n<tr>\n<td>LOS PERALES<\/td>\n<td>HTR<\/td>\n<td style=\"text-align: center;\">***<\/td>\n<td>SAN VITERO<\/td>\n<td>Plaza Mayor 25<\/td>\n<td>980681437<\/td>\n<td>www.losperalessanvitero.com<\/td>\n<td>12<\/td>\n<\/tr>\n<\/tbody>\n<\/table>\n<\/div><\/div><br \/>\n<div class=\"arconix-toggle-wrap\"><div class=\"arconix-toggle-title toggle-closed\"><i class='fa fa-plus-square'><\/i>T\u00e1bara<\/div><div class=\"arconix-toggle-content\">\n<table>\n<tbody>\n<tr>\n<th>Nombre<\/th>\n<th>Tipo<\/th>\n<th>Categoria<\/th>\n<th>Localidad<\/th>\n<th>Direcci\u00f3n<\/th>\n<th>Tel\u00e9fono<\/th>\n<th>Web<\/th>\n<th>Plazas<\/th>\n<\/tr>\n<tr>\n<td>EL ROBLE<\/td>\n<td>HTR<\/td>\n<td style=\"text-align: center;\">**<\/td>\n<td>T\u00c1BARA<\/td>\n<td>Calle Prado s\/n<\/td>\n<td>980590300<\/td>\n<td><a href=\"http:\/\/www.turismoruralelroble.es\">www.turismoruralelroble.es<\/a><\/td>\n<td>15<\/td>\n<\/tr>\n<\/tbody>\n<\/table>\n<\/div><\/div><br \/>\n<div class=\"arconix-toggle-wrap\"><div class=\"arconix-toggle-title toggle-closed\"><i class='fa fa-plus-square'><\/i>Trabazos<\/div><div class=\"arconix-toggle-content\">\n<table>\n<tbody>\n<tr>\n<th>Nombre<\/th>\n<th>Tipo<\/th>\n<th>Categoria<\/th>\n<th>Localidad<\/th>\n<th>Direcci\u00f3n<\/th>\n<th>Tel\u00e9fono<\/th>\n<th>Web<\/th>\n<th>Plazas<\/th>\n<\/tr>\n<tr>\n<td>LA GALANA<\/td>\n<td>CR<\/td>\n<td style=\"text-align: center;\">****<\/td>\n<td>TRABAZOS<\/td>\n<td>Calle La Soledad s\/n<\/td>\n<td>669313437<\/td>\n<td><a href=\"http:\/\/www.casaruralgalana.com\/\">www.casaruralgalana.com\/<\/a><\/td>\n<td>8<\/td>\n<\/tr>\n<\/tbody>\n<\/table>\n<\/div><\/div><br \/>\n<\/div><br \/>\n<\/p>","protected":false},"excerpt":{"rendered":"","protected":false},"author":1,"featured_media":0,"parent":0,"menu_order":0,"comment_status":"closed","ping_status":"closed","template":"","meta":{"inline_featured_image":false,"site-sidebar-layout":"default","site-content-layout":"","ast-site-content-layout":"default","site-content-style":"default","site-sidebar-style":"default","ast-global-header-display":"","ast-banner-title-visibility":"","ast-main-header-display":"","ast-hfb-above-header-display":"","ast-hfb-below-header-display":"","ast-hfb-mobile-header-display":"","site-post-title":"","ast-breadcrumbs-content":"","ast-featured-img":"","footer-sml-layout":"","theme-transparent-header-meta":"","adv-header-id-meta":"","stick-header-meta":"","header-above-stick-meta":"","header-main-stick-meta":"","header-below-stick-meta":"","astra-migrate-meta-layouts":"set","ast-page-background-enabled":"default","ast-page-background-meta":{"desktop":{"background-color":"","background-image":"","background-repeat":"repeat","background-position":"center center","background-size":"auto","background-attachment":"scroll","background-type":"","background-media":"","overlay-type":"","overlay-color":"","overlay-gradient":""},"tablet":{"background-color":"","background-image":"","background-repeat":"repeat","background-position":"center center","background-size":"auto","background-attachment":"scroll","background-type":"","background-media":"","overlay-type":"","overlay-color":"","overlay-gradient":""},"mobile":{"background-color":"","background-image":"","background-repeat":"repeat","background-position":"center center","background-size":"auto","background-attachment":"scroll","background-type":"","background-media":"","overlay-type":"","overlay-color":"","overlay-gradient":""}},"ast-content-background-meta":{"desktop":{"background-color":"var(--ast-global-color-5)","background-image":"","background-repeat":"repeat","background-position":"center center","background-size":"auto","background-attachment":"scroll","background-type":"","background-media":"","overlay-type":"","overlay-color":"","overlay-gradient":""},"tablet":{"background-color":"var(--ast-global-color-5)","background-image":"","background-repeat":"repeat","background-position":"center center","background-size":"auto","background-attachment":"scroll","background-type":"","background-media":"","overlay-type":"","overlay-color":"","overlay-gradient":""},"mobile":{"background-color":"var(--ast-global-color-5)","background-image":"","background-repeat":"repeat","background-position":"center center","background-size":"auto","background-attachment":"scroll","background-type":"","background-media":"","overlay-type":"","overlay-color":"","overlay-gradient":""}},"ngg_post_thumbnail":0,"footnotes":""},"yoast_head":"<!-- This site is optimized with the Yoast SEO plugin v23.0 - https:\/\/yoast.com\/wordpress\/plugins\/seo\/ -->\n<title>Turismo de Zamora , Turismo Sostenible<\/title>\n<meta name=\"description\" content=\"Esta es la p\u00e1gina Oficial de Turismo de Diputaci\u00f3n de Zamora, donde podr\u00e1 encontrar toda la informaci\u00f3n para disfrutar al m\u00e1ximo de nuestra provincia.\" \/>\n<meta name=\"robots\" content=\"index, follow, max-snippet:-1, max-image-preview:large, max-video-preview:-1\" \/>\n<link rel=\"canonical\" href=\"https:\/\/turismoenzamora.es\/alojamientos-de-turismo-rural\/\" \/>\n<meta property=\"og:locale\" content=\"en_US\" \/>\n<meta property=\"og:type\" content=\"article\" \/>\n<meta property=\"og:title\" content=\"Turismo de Zamora , Turismo Sostenible\" \/>\n<meta property=\"og:description\" content=\"Esta es la p\u00e1gina Oficial de Turismo de Diputaci\u00f3n de Zamora, donde podr\u00e1 encontrar toda la informaci\u00f3n para disfrutar al m\u00e1ximo de nuestra provincia.\" \/>\n<meta property=\"og:url\" content=\"https:\/\/turismoenzamora.es\/alojamientos-de-turismo-rural\/\" \/>\n<meta property=\"og:site_name\" content=\"tourism in Zamora\" \/>\n<meta property=\"article:publisher\" content=\"https:\/\/www.facebook.com\/ZamoraSpain\/\" \/>\n<meta property=\"article:modified_time\" content=\"2024-04-10T16:21:00+00:00\" \/>\n<meta name=\"twitter:card\" content=\"summary_large_image\" \/>\n<meta name=\"twitter:site\" content=\"@ZamoraSpain\" \/>\n<meta name=\"twitter:label1\" content=\"Est. reading time\" \/>\n\t<meta name=\"twitter:data1\" content=\"25 minutes\" \/>\n<script type=\"application\/ld+json\" class=\"yoast-schema-graph\">{\"@context\":\"https:\/\/schema.org\",\"@graph\":[{\"@type\":\"WebPage\",\"@id\":\"https:\/\/turismoenzamora.es\/alojamientos-de-turismo-rural\/\",\"url\":\"https:\/\/turismoenzamora.es\/alojamientos-de-turismo-rural\/\",\"name\":\"Turismo de Zamora , Turismo Sostenible\",\"isPartOf\":{\"@id\":\"https:\/\/turismoenzamora.es\/pt\/#website\"},\"datePublished\":\"2017-12-29T05:43:09+00:00\",\"dateModified\":\"2024-04-10T16:21:00+00:00\",\"description\":\"Esta es la p\u00e1gina Oficial de Turismo de Diputaci\u00f3n de Zamora, donde podr\u00e1 encontrar toda la informaci\u00f3n para disfrutar al m\u00e1ximo de nuestra provincia.\",\"breadcrumb\":{\"@id\":\"https:\/\/turismoenzamora.es\/alojamientos-de-turismo-rural\/#breadcrumb\"},\"inLanguage\":\"en-US\",\"potentialAction\":[{\"@type\":\"ReadAction\",\"target\":[\"https:\/\/turismoenzamora.es\/alojamientos-de-turismo-rural\/\"]}]},{\"@type\":\"BreadcrumbList\",\"@id\":\"https:\/\/turismoenzamora.es\/alojamientos-de-turismo-rural\/#breadcrumb\",\"itemListElement\":[{\"@type\":\"ListItem\",\"position\":1,\"name\":\"Portada\",\"item\":\"https:\/\/turismoenzamora.es\/\"},{\"@type\":\"ListItem\",\"position\":2,\"name\":\"Alojamientos de turismo rural\"}]},{\"@type\":\"WebSite\",\"@id\":\"https:\/\/turismoenzamora.es\/pt\/#website\",\"url\":\"https:\/\/turismoenzamora.es\/pt\/\",\"name\":\"Turismo sostenible. Patronato de Turismo de la Diputaci\u00f3n de Zamora.&quot;Turismo Sostenible&quot;.\",\"description\":\"Sustainable tourism. Tourist Board of the Diputaci\u00f3n de Zamora\",\"publisher\":{\"@id\":\"https:\/\/turismoenzamora.es\/pt\/#organization\"},\"potentialAction\":[{\"@type\":\"SearchAction\",\"target\":{\"@type\":\"EntryPoint\",\"urlTemplate\":\"https:\/\/turismoenzamora.es\/pt\/?s={search_term_string}\"},\"query-input\":\"required name=search_term_string\"}],\"inLanguage\":\"en-US\"},{\"@type\":\"Organization\",\"@id\":\"https:\/\/turismoenzamora.es\/pt\/#organization\",\"name\":\"Patronato de Turismo de la Diputaci\u00f3n de Zamora\",\"url\":\"https:\/\/turismoenzamora.es\/pt\/\",\"logo\":{\"@type\":\"ImageObject\",\"inLanguage\":\"en-US\",\"@id\":\"https:\/\/turismoenzamora.es\/pt\/#\/schema\/logo\/image\/\",\"url\":\"https:\/\/turismoenzamora.es\/wp-content\/uploads\/2018\/06\/ZamoraLogo.png\",\"contentUrl\":\"https:\/\/turismoenzamora.es\/wp-content\/uploads\/2018\/06\/ZamoraLogo.png\",\"width\":1276,\"height\":290,\"caption\":\"Patronato de Turismo de la Diputaci\u00f3n de Zamora\"},\"image\":{\"@id\":\"https:\/\/turismoenzamora.es\/pt\/#\/schema\/logo\/image\/\"},\"sameAs\":[\"https:\/\/www.facebook.com\/ZamoraSpain\/\",\"https:\/\/x.com\/ZamoraSpain\",\"https:\/\/www.instagram.com\/turismoenzamora.es\/\",\"https:\/\/www.pinterest.es\/TurismoenZamora\/\",\"https:\/\/www.youtube.com\/channel\/UC2bOyOZ-2cLm-uXlBFYUV9w\"]}]}<\/script>\n<!-- \/ Yoast SEO plugin. -->","yoast_head_json":{"title":"Turismo de Zamora , Turismo Sostenible","description":"Esta es la p\u00e1gina Oficial de Turismo de Diputaci\u00f3n de Zamora, donde podr\u00e1 encontrar toda la informaci\u00f3n para disfrutar al m\u00e1ximo de nuestra provincia.","robots":{"index":"index","follow":"follow","max-snippet":"max-snippet:-1","max-image-preview":"max-image-preview:large","max-video-preview":"max-video-preview:-1"},"canonical":"https:\/\/turismoenzamora.es\/alojamientos-de-turismo-rural\/","og_locale":"en_US","og_type":"article","og_title":"Turismo de Zamora , Turismo Sostenible","og_description":"Esta es la p\u00e1gina Oficial de Turismo de Diputaci\u00f3n de Zamora, donde podr\u00e1 encontrar toda la informaci\u00f3n para disfrutar al m\u00e1ximo de nuestra provincia.","og_url":"https:\/\/turismoenzamora.es\/alojamientos-de-turismo-rural\/","og_site_name":"tourism in Zamora","article_publisher":"https:\/\/www.facebook.com\/ZamoraSpain\/","article_modified_time":"2024-04-10T16:21:00+00:00","twitter_card":"summary_large_image","twitter_site":"@ZamoraSpain","twitter_misc":{"Est. reading time":"25 minutes"},"schema":{"@context":"https:\/\/schema.org","@graph":[{"@type":"WebPage","@id":"https:\/\/turismoenzamora.es\/alojamientos-de-turismo-rural\/","url":"https:\/\/turismoenzamora.es\/alojamientos-de-turismo-rural\/","name":"Turismo de Zamora , Turismo Sostenible","isPartOf":{"@id":"https:\/\/turismoenzamora.es\/pt\/#website"},"datePublished":"2017-12-29T05:43:09+00:00","dateModified":"2024-04-10T16:21:00+00:00","description":"Esta es la p\u00e1gina Oficial de Turismo de Diputaci\u00f3n de Zamora, donde podr\u00e1 encontrar toda la informaci\u00f3n para disfrutar al m\u00e1ximo de nuestra provincia.","breadcrumb":{"@id":"https:\/\/turismoenzamora.es\/alojamientos-de-turismo-rural\/#breadcrumb"},"inLanguage":"en-US","potentialAction":[{"@type":"ReadAction","target":["https:\/\/turismoenzamora.es\/alojamientos-de-turismo-rural\/"]}]},{"@type":"BreadcrumbList","@id":"https:\/\/turismoenzamora.es\/alojamientos-de-turismo-rural\/#breadcrumb","itemListElement":[{"@type":"ListItem","position":1,"name":"Portada","item":"https:\/\/turismoenzamora.es\/"},{"@type":"ListItem","position":2,"name":"Alojamientos de turismo rural"}]},{"@type":"WebSite","@id":"https:\/\/turismoenzamora.es\/pt\/#website","url":"https:\/\/turismoenzamora.es\/pt\/","name":"Turismo sostenible. Patronato de Turismo de la Diputaci\u00f3n de Zamora.&quot;Turismo Sostenible&quot;.","description":"Sustainable tourism. Tourist Board of the Diputaci\u00f3n de Zamora","publisher":{"@id":"https:\/\/turismoenzamora.es\/pt\/#organization"},"potentialAction":[{"@type":"SearchAction","target":{"@type":"EntryPoint","urlTemplate":"https:\/\/turismoenzamora.es\/pt\/?s={search_term_string}"},"query-input":"required name=search_term_string"}],"inLanguage":"en-US"},{"@type":"Organization","@id":"https:\/\/turismoenzamora.es\/pt\/#organization","name":"Patronato de Turismo de la Diputaci\u00f3n de Zamora","url":"https:\/\/turismoenzamora.es\/pt\/","logo":{"@type":"ImageObject","inLanguage":"en-US","@id":"https:\/\/turismoenzamora.es\/pt\/#\/schema\/logo\/image\/","url":"https:\/\/turismoenzamora.es\/wp-content\/uploads\/2018\/06\/ZamoraLogo.png","contentUrl":"https:\/\/turismoenzamora.es\/wp-content\/uploads\/2018\/06\/ZamoraLogo.png","width":1276,"height":290,"caption":"Patronato de Turismo de la Diputaci\u00f3n de Zamora"},"image":{"@id":"https:\/\/turismoenzamora.es\/pt\/#\/schema\/logo\/image\/"},"sameAs":["https:\/\/www.facebook.com\/ZamoraSpain\/","https:\/\/x.com\/ZamoraSpain","https:\/\/www.instagram.com\/turismoenzamora.es\/","https:\/\/www.pinterest.es\/TurismoenZamora\/","https:\/\/www.youtube.com\/channel\/UC2bOyOZ-2cLm-uXlBFYUV9w"]}]}},"_links":{"self":[{"href":"https:\/\/turismoenzamora.es\/en\/wp-json\/wp\/v2\/pages\/6100"}],"collection":[{"href":"https:\/\/turismoenzamora.es\/en\/wp-json\/wp\/v2\/pages"}],"about":[{"href":"https:\/\/turismoenzamora.es\/en\/wp-json\/wp\/v2\/types\/page"}],"author":[{"embeddable":true,"href":"https:\/\/turismoenzamora.es\/en\/wp-json\/wp\/v2\/users\/1"}],"replies":[{"embeddable":true,"href":"https:\/\/turismoenzamora.es\/en\/wp-json\/wp\/v2\/comments?post=6100"}],"version-history":[{"count":0,"href":"https:\/\/turismoenzamora.es\/en\/wp-json\/wp\/v2\/pages\/6100\/revisions"}],"wp:attachment":[{"href":"https:\/\/turismoenzamora.es\/en\/wp-json\/wp\/v2\/media?parent=6100"}],"curies":[{"name":"wp","href":"https:\/\/api.w.org\/{rel}","templated":true}]}}