{"id":333,"date":"2017-08-08T07:33:48","date_gmt":"2017-08-08T05:33:48","guid":{"rendered":"https:\/\/newweb.turismoenzamora.es\/?page_id=333"},"modified":"2025-04-16T13:30:37","modified_gmt":"2025-04-16T11:30:37","slug":"otras-pasiones","status":"publish","type":"page","link":"https:\/\/turismoenzamora.es\/en\/patrimonio-popular\/semana-santa\/otras-pasiones\/","title":{"rendered":"Others"},"content":{"rendered":"\t\t<div data-elementor-type=\"wp-page\" data-elementor-id=\"333\" class=\"elementor elementor-333\" data-elementor-post-type=\"page\">\n\t\t\t\t\t\t<section class=\"elementor-section elementor-top-section elementor-element elementor-element-70e4ff5b elementor-section-boxed elementor-section-height-default elementor-section-height-default\" data-id=\"70e4ff5b\" data-element_type=\"section\">\n\t\t\t\t\t\t<div class=\"elementor-container elementor-column-gap-default\">\n\t\t\t\t\t<div class=\"elementor-column elementor-col-100 elementor-top-column elementor-element elementor-element-5e0e17fd\" data-id=\"5e0e17fd\" data-element_type=\"column\">\n\t\t\t<div class=\"elementor-widget-wrap elementor-element-populated\">\n\t\t\t\t\t\t<div class=\"elementor-element elementor-element-1234dc76 elementor-widget elementor-widget-text-editor\" data-id=\"1234dc76\" data-element_type=\"widget\" data-widget_type=\"text-editor.default\">\n\t\t\t\t<div class=\"elementor-widget-container\">\n\t\t\t\t\t\t\t<p><\/p><h1>Others<\/h1><p><img fetchpriority=\"high\" decoding=\"async\" class=\"aligncenter size-full wp-image-6918\" src=\"https:\/\/turismoenzamora.es\/wp-content\/uploads\/2017\/08\/patrimonio-cultural.-Semana-Santa-Otras-Pasiones.jpg\" alt=\"\" width=\"900\" height=\"600\" data-id=\"6918\" srcset=\"https:\/\/turismoenzamora.es\/wp-content\/uploads\/2017\/08\/patrimonio-cultural.-Semana-Santa-Otras-Pasiones.jpg 900w, https:\/\/turismoenzamora.es\/wp-content\/uploads\/2017\/08\/patrimonio-cultural.-Semana-Santa-Otras-Pasiones-300x200.jpg 300w, https:\/\/turismoenzamora.es\/wp-content\/uploads\/2017\/08\/patrimonio-cultural.-Semana-Santa-Otras-Pasiones-768x512.jpg 768w\" sizes=\"(max-width: 900px) 100vw, 900px\" \/><\/p><p>Holy Week in Fuentesa\u00faco is the most important of the La Guare\u00f1a regions and one of the province&#8217;s most interesting. Its brotherhood of the Nazarene, with their purple tunics, crowns of thorns and ropes with a large cross around their neck make them very distinctive, particularly during Holy Thursday and Good Friday processions. The Stations of the Cross, very late at night, continue to overwhelm those who follow it.<\/p><p>Villarr\u00edn&#8217;s is the most typical of the La Lampreana area, preserving their centuries-old Holy Thursday afternoon procession, in which the Nazarene, barefoot and in their traditional flagellant tunics, walk through the streets of the village. \u00a0The area of Villaf\u00e1fila, with its beautiful Descent on the afternoon of Good Friday, is no less interesting.<\/p><p><img decoding=\"async\" class=\"size-medium wp-image-552 alignleft\" src=\"https:\/\/turismoenzamora.es\/wp-content\/uploads\/2017\/08\/ss_otras_2-300x188.jpg\" alt=\"\" width=\"300\" height=\"188\" srcset=\"https:\/\/turismoenzamora.es\/wp-content\/uploads\/2017\/08\/ss_otras_2-300x188.jpg 300w, https:\/\/turismoenzamora.es\/wp-content\/uploads\/2017\/08\/ss_otras_2.jpg 414w\" sizes=\"(max-width: 300px) 100vw, 300px\" \/>Holy Week of Villalpando and Castroverde are also very important. Both have centuries-old processions and brotherhoods with a strong Franciscan tradition.<\/p><p>The magnificent sculptures in the processions through narrow, historical streets&#8211; as in the case of Villalpando, where some processions pass through the beautiful doorway of San Andr\u00e9s, at the walls of the village&#8211; and popular participation make them of great interest.<\/p><p>Also interesting are the Holy Week celebrations in Alca\u00f1ices, Fermoselle, Coomonte, Manganeses de la Lampreana, Malva, Villardeciervos, Fuentelape\u00f1a and Carbajales, each one representative of its region and having influenced their neighbours&#8217; celebrations, in some cases Zamora&#8217;s. In some, beautiful hymns are sung, such as Stabat Mater, Pretorios, Rosarios de la Buena Muerte, Misereres, and Romances a la Pasi\u00f3n by Lope de Vega. In others, there is a Ceremony of the Descent or participants may sway to the rhythm of the music during the procession.<\/p><p><a href=\"https:\/\/turismoenzamora.es\/wp-content\/uploads\/2025\/04\/folleto_Zamora_PasionEsencial.pdf\" target=\"_blank\" rel=\"noopener noreferrer\"><img decoding=\"async\" class=\"alignleft wp-image-4861 size-full\" src=\"https:\/\/turismoenzamora.es\/wp-content\/uploads\/2017\/08\/masinfo-1.png\" alt=\"M\u00e1s Informaci\u00f3n\" width=\"63\" height=\"32\" data-id=\"4861\" \/><\/a><\/p><p><\/p>\t\t\t\t\t\t<\/div>\n\t\t\t\t<\/div>\n\t\t\t\t\t<\/div>\n\t\t<\/div>\n\t\t\t\t\t<\/div>\n\t\t<\/section>\n\t\t\t\t<\/div>\n\t\t","protected":false},"excerpt":{"rendered":"<p>Others Holy Week in Fuentesa\u00faco is the most important of the La Guare\u00f1a regions and one of the province&#8217;s most interesting. Its brotherhood of the Nazarene, with their purple tunics, crowns of thorns and ropes with a large cross around their neck make them very distinctive, particularly during Holy Thursday and Good Friday processions. The [&hellip;]<\/p>\n","protected":false},"author":1,"featured_media":0,"parent":4816,"menu_order":4,"comment_status":"closed","ping_status":"closed","template":"","meta":{"inline_featured_image":false,"site-sidebar-layout":"default","site-content-layout":"default","ast-site-content-layout":"","site-content-style":"default","site-sidebar-style":"default","ast-global-header-display":"","ast-banner-title-visibility":"","ast-main-header-display":"","ast-hfb-above-header-display":"","ast-hfb-below-header-display":"","ast-hfb-mobile-header-display":"","site-post-title":"disabled","ast-breadcrumbs-content":"","ast-featured-img":"","footer-sml-layout":"","theme-transparent-header-meta":"default","adv-header-id-meta":"","stick-header-meta":"","header-above-stick-meta":"","header-main-stick-meta":"","header-below-stick-meta":"","astra-migrate-meta-layouts":"default","ast-page-background-enabled":"default","ast-page-background-meta":{"desktop":{"background-color":"","background-image":"","background-repeat":"repeat","background-position":"center center","background-size":"auto","background-attachment":"scroll","background-type":"","background-media":"","overlay-type":"","overlay-color":"","overlay-opacity":"","overlay-gradient":""},"tablet":{"background-color":"","background-image":"","background-repeat":"repeat","background-position":"center center","background-size":"auto","background-attachment":"scroll","background-type":"","background-media":"","overlay-type":"","overlay-color":"","overlay-opacity":"","overlay-gradient":""},"mobile":{"background-color":"","background-image":"","background-repeat":"repeat","background-position":"center center","background-size":"auto","background-attachment":"scroll","background-type":"","background-media":"","overlay-type":"","overlay-color":"","overlay-opacity":"","overlay-gradient":""}},"ast-content-background-meta":{"desktop":{"background-color":"var(--ast-global-color-5)","background-image":"","background-repeat":"repeat","background-position":"center center","background-size":"auto","background-attachment":"scroll","background-type":"","background-media":"","overlay-type":"","overlay-color":"","overlay-opacity":"","overlay-gradient":""},"tablet":{"background-color":"var(--ast-global-color-5)","background-image":"","background-repeat":"repeat","background-position":"center center","background-size":"auto","background-attachment":"scroll","background-type":"","background-media":"","overlay-type":"","overlay-color":"","overlay-opacity":"","overlay-gradient":""},"mobile":{"background-color":"var(--ast-global-color-5)","background-image":"","background-repeat":"repeat","background-position":"center center","background-size":"auto","background-attachment":"scroll","background-type":"","background-media":"","overlay-type":"","overlay-color":"","overlay-opacity":"","overlay-gradient":""}},"ngg_post_thumbnail":0,"footnotes":""},"yoast_head":"<!-- This site is optimized with the Yoast SEO plugin v23.0 - https:\/\/yoast.com\/wordpress\/plugins\/seo\/ -->\n<title>Turismo de Zamora , Turismo Sostenible<\/title>\n<meta name=\"description\" content=\"Esta es la p\u00e1gina Oficial de Turismo de Diputaci\u00f3n de Zamora, donde podr\u00e1 encontrar toda la informaci\u00f3n para disfrutar al m\u00e1ximo de nuestra provincia.\" \/>\n<meta name=\"robots\" content=\"index, follow, max-snippet:-1, max-image-preview:large, max-video-preview:-1\" \/>\n<link rel=\"canonical\" href=\"https:\/\/turismoenzamora.es\/patrimonio-popular\/semana-santa\/otras-pasiones\/\" \/>\n<meta property=\"og:locale\" content=\"en_US\" \/>\n<meta property=\"og:type\" content=\"article\" \/>\n<meta property=\"og:title\" content=\"Turismo de Zamora , Turismo Sostenible\" \/>\n<meta property=\"og:description\" content=\"Esta es la p\u00e1gina Oficial de Turismo de Diputaci\u00f3n de Zamora, donde podr\u00e1 encontrar toda la informaci\u00f3n para disfrutar al m\u00e1ximo de nuestra provincia.\" \/>\n<meta property=\"og:url\" content=\"https:\/\/turismoenzamora.es\/patrimonio-popular\/semana-santa\/otras-pasiones\/\" \/>\n<meta property=\"og:site_name\" content=\"tourism in Zamora\" \/>\n<meta property=\"article:publisher\" content=\"https:\/\/www.facebook.com\/ZamoraSpain\/\" \/>\n<meta property=\"article:modified_time\" content=\"2025-04-16T11:30:37+00:00\" \/>\n<meta property=\"og:image\" content=\"https:\/\/turismoenzamora.es\/wp-content\/uploads\/2017\/08\/patrimonio-cultural.-Semana-Santa-Otras-Pasiones.jpg\" \/>\n<meta name=\"twitter:card\" content=\"summary_large_image\" \/>\n<meta name=\"twitter:site\" content=\"@ZamoraSpain\" \/>\n<meta name=\"twitter:label1\" content=\"Est. reading time\" \/>\n\t<meta name=\"twitter:data1\" content=\"12 minutes\" \/>\n<script type=\"application\/ld+json\" class=\"yoast-schema-graph\">{\"@context\":\"https:\/\/schema.org\",\"@graph\":[{\"@type\":\"WebPage\",\"@id\":\"https:\/\/turismoenzamora.es\/patrimonio-popular\/semana-santa\/otras-pasiones\/\",\"url\":\"https:\/\/turismoenzamora.es\/patrimonio-popular\/semana-santa\/otras-pasiones\/\",\"name\":\"Turismo de Zamora , Turismo Sostenible\",\"isPartOf\":{\"@id\":\"https:\/\/turismoenzamora.es\/pt\/#website\"},\"primaryImageOfPage\":{\"@id\":\"https:\/\/turismoenzamora.es\/patrimonio-popular\/semana-santa\/otras-pasiones\/#primaryimage\"},\"image\":{\"@id\":\"https:\/\/turismoenzamora.es\/patrimonio-popular\/semana-santa\/otras-pasiones\/#primaryimage\"},\"thumbnailUrl\":\"https:\/\/turismoenzamora.es\/wp-content\/uploads\/2017\/08\/patrimonio-cultural.-Semana-Santa-Otras-Pasiones.jpg\",\"datePublished\":\"2017-08-08T05:33:48+00:00\",\"dateModified\":\"2025-04-16T11:30:37+00:00\",\"description\":\"Esta es la p\u00e1gina Oficial de Turismo de Diputaci\u00f3n de Zamora, donde podr\u00e1 encontrar toda la informaci\u00f3n para disfrutar al m\u00e1ximo de nuestra provincia.\",\"breadcrumb\":{\"@id\":\"https:\/\/turismoenzamora.es\/patrimonio-popular\/semana-santa\/otras-pasiones\/#breadcrumb\"},\"inLanguage\":\"en-US\",\"potentialAction\":[{\"@type\":\"ReadAction\",\"target\":[\"https:\/\/turismoenzamora.es\/patrimonio-popular\/semana-santa\/otras-pasiones\/\"]}]},{\"@type\":\"ImageObject\",\"inLanguage\":\"en-US\",\"@id\":\"https:\/\/turismoenzamora.es\/patrimonio-popular\/semana-santa\/otras-pasiones\/#primaryimage\",\"url\":\"https:\/\/turismoenzamora.es\/wp-content\/uploads\/2017\/08\/patrimonio-cultural.-Semana-Santa-Otras-Pasiones.jpg\",\"contentUrl\":\"https:\/\/turismoenzamora.es\/wp-content\/uploads\/2017\/08\/patrimonio-cultural.-Semana-Santa-Otras-Pasiones.jpg\"},{\"@type\":\"BreadcrumbList\",\"@id\":\"https:\/\/turismoenzamora.es\/patrimonio-popular\/semana-santa\/otras-pasiones\/#breadcrumb\",\"itemListElement\":[{\"@type\":\"ListItem\",\"position\":1,\"name\":\"Portada\",\"item\":\"https:\/\/turismoenzamora.es\/\"},{\"@type\":\"ListItem\",\"position\":2,\"name\":\"Patrimonio Popular\",\"item\":\"https:\/\/turismoenzamora.es\/de\/patrimonio-popular\/\"},{\"@type\":\"ListItem\",\"position\":3,\"name\":\"Semana Santa\",\"item\":\"https:\/\/turismoenzamora.es\/patrimonio-popular\/semana-santa\/\"},{\"@type\":\"ListItem\",\"position\":4,\"name\":\"[:es]Otras Pasiones[:en]Others[:fr]Autres Passions[:pt]Outros[:de]Andere Passionen [:]\"}]},{\"@type\":\"WebSite\",\"@id\":\"https:\/\/turismoenzamora.es\/pt\/#website\",\"url\":\"https:\/\/turismoenzamora.es\/pt\/\",\"name\":\"Turismo sostenible. Patronato de Turismo de la Diputaci\u00f3n de Zamora.&quot;Turismo Sostenible&quot;.\",\"description\":\"Sustainable tourism. Tourist Board of the Diputaci\u00f3n de Zamora\",\"publisher\":{\"@id\":\"https:\/\/turismoenzamora.es\/pt\/#organization\"},\"potentialAction\":[{\"@type\":\"SearchAction\",\"target\":{\"@type\":\"EntryPoint\",\"urlTemplate\":\"https:\/\/turismoenzamora.es\/pt\/?s={search_term_string}\"},\"query-input\":\"required name=search_term_string\"}],\"inLanguage\":\"en-US\"},{\"@type\":\"Organization\",\"@id\":\"https:\/\/turismoenzamora.es\/pt\/#organization\",\"name\":\"Patronato de Turismo de la Diputaci\u00f3n de Zamora\",\"url\":\"https:\/\/turismoenzamora.es\/pt\/\",\"logo\":{\"@type\":\"ImageObject\",\"inLanguage\":\"en-US\",\"@id\":\"https:\/\/turismoenzamora.es\/pt\/#\/schema\/logo\/image\/\",\"url\":\"https:\/\/turismoenzamora.es\/wp-content\/uploads\/2018\/06\/ZamoraLogo.png\",\"contentUrl\":\"https:\/\/turismoenzamora.es\/wp-content\/uploads\/2018\/06\/ZamoraLogo.png\",\"width\":1276,\"height\":290,\"caption\":\"Patronato de Turismo de la Diputaci\u00f3n de Zamora\"},\"image\":{\"@id\":\"https:\/\/turismoenzamora.es\/pt\/#\/schema\/logo\/image\/\"},\"sameAs\":[\"https:\/\/www.facebook.com\/ZamoraSpain\/\",\"https:\/\/x.com\/ZamoraSpain\",\"https:\/\/www.instagram.com\/turismoenzamora.es\/\",\"https:\/\/www.pinterest.es\/TurismoenZamora\/\",\"https:\/\/www.youtube.com\/channel\/UC2bOyOZ-2cLm-uXlBFYUV9w\"]}]}<\/script>\n<!-- \/ Yoast SEO plugin. -->","yoast_head_json":{"title":"Turismo de Zamora , Turismo Sostenible","description":"Esta es la p\u00e1gina Oficial de Turismo de Diputaci\u00f3n de Zamora, donde podr\u00e1 encontrar toda la informaci\u00f3n para disfrutar al m\u00e1ximo de nuestra provincia.","robots":{"index":"index","follow":"follow","max-snippet":"max-snippet:-1","max-image-preview":"max-image-preview:large","max-video-preview":"max-video-preview:-1"},"canonical":"https:\/\/turismoenzamora.es\/patrimonio-popular\/semana-santa\/otras-pasiones\/","og_locale":"en_US","og_type":"article","og_title":"Turismo de Zamora , Turismo Sostenible","og_description":"Esta es la p\u00e1gina Oficial de Turismo de Diputaci\u00f3n de Zamora, donde podr\u00e1 encontrar toda la informaci\u00f3n para disfrutar al m\u00e1ximo de nuestra provincia.","og_url":"https:\/\/turismoenzamora.es\/patrimonio-popular\/semana-santa\/otras-pasiones\/","og_site_name":"tourism in Zamora","article_publisher":"https:\/\/www.facebook.com\/ZamoraSpain\/","article_modified_time":"2025-04-16T11:30:37+00:00","og_image":[{"url":"https:\/\/turismoenzamora.es\/wp-content\/uploads\/2017\/08\/patrimonio-cultural.-Semana-Santa-Otras-Pasiones.jpg"}],"twitter_card":"summary_large_image","twitter_site":"@ZamoraSpain","twitter_misc":{"Est. reading time":"12 minutes"},"schema":{"@context":"https:\/\/schema.org","@graph":[{"@type":"WebPage","@id":"https:\/\/turismoenzamora.es\/patrimonio-popular\/semana-santa\/otras-pasiones\/","url":"https:\/\/turismoenzamora.es\/patrimonio-popular\/semana-santa\/otras-pasiones\/","name":"Turismo de Zamora , Turismo Sostenible","isPartOf":{"@id":"https:\/\/turismoenzamora.es\/pt\/#website"},"primaryImageOfPage":{"@id":"https:\/\/turismoenzamora.es\/patrimonio-popular\/semana-santa\/otras-pasiones\/#primaryimage"},"image":{"@id":"https:\/\/turismoenzamora.es\/patrimonio-popular\/semana-santa\/otras-pasiones\/#primaryimage"},"thumbnailUrl":"https:\/\/turismoenzamora.es\/wp-content\/uploads\/2017\/08\/patrimonio-cultural.-Semana-Santa-Otras-Pasiones.jpg","datePublished":"2017-08-08T05:33:48+00:00","dateModified":"2025-04-16T11:30:37+00:00","description":"Esta es la p\u00e1gina Oficial de Turismo de Diputaci\u00f3n de Zamora, donde podr\u00e1 encontrar toda la informaci\u00f3n para disfrutar al m\u00e1ximo de nuestra provincia.","breadcrumb":{"@id":"https:\/\/turismoenzamora.es\/patrimonio-popular\/semana-santa\/otras-pasiones\/#breadcrumb"},"inLanguage":"en-US","potentialAction":[{"@type":"ReadAction","target":["https:\/\/turismoenzamora.es\/patrimonio-popular\/semana-santa\/otras-pasiones\/"]}]},{"@type":"ImageObject","inLanguage":"en-US","@id":"https:\/\/turismoenzamora.es\/patrimonio-popular\/semana-santa\/otras-pasiones\/#primaryimage","url":"https:\/\/turismoenzamora.es\/wp-content\/uploads\/2017\/08\/patrimonio-cultural.-Semana-Santa-Otras-Pasiones.jpg","contentUrl":"https:\/\/turismoenzamora.es\/wp-content\/uploads\/2017\/08\/patrimonio-cultural.-Semana-Santa-Otras-Pasiones.jpg"},{"@type":"BreadcrumbList","@id":"https:\/\/turismoenzamora.es\/patrimonio-popular\/semana-santa\/otras-pasiones\/#breadcrumb","itemListElement":[{"@type":"ListItem","position":1,"name":"Portada","item":"https:\/\/turismoenzamora.es\/"},{"@type":"ListItem","position":2,"name":"Patrimonio Popular","item":"https:\/\/turismoenzamora.es\/de\/patrimonio-popular\/"},{"@type":"ListItem","position":3,"name":"Semana Santa","item":"https:\/\/turismoenzamora.es\/patrimonio-popular\/semana-santa\/"},{"@type":"ListItem","position":4,"name":"[:es]Otras Pasiones[:en]Others[:fr]Autres Passions[:pt]Outros[:de]Andere Passionen [:]"}]},{"@type":"WebSite","@id":"https:\/\/turismoenzamora.es\/pt\/#website","url":"https:\/\/turismoenzamora.es\/pt\/","name":"Turismo sostenible. Patronato de Turismo de la Diputaci\u00f3n de Zamora.&quot;Turismo Sostenible&quot;.","description":"Sustainable tourism. Tourist Board of the Diputaci\u00f3n de Zamora","publisher":{"@id":"https:\/\/turismoenzamora.es\/pt\/#organization"},"potentialAction":[{"@type":"SearchAction","target":{"@type":"EntryPoint","urlTemplate":"https:\/\/turismoenzamora.es\/pt\/?s={search_term_string}"},"query-input":"required name=search_term_string"}],"inLanguage":"en-US"},{"@type":"Organization","@id":"https:\/\/turismoenzamora.es\/pt\/#organization","name":"Patronato de Turismo de la Diputaci\u00f3n de Zamora","url":"https:\/\/turismoenzamora.es\/pt\/","logo":{"@type":"ImageObject","inLanguage":"en-US","@id":"https:\/\/turismoenzamora.es\/pt\/#\/schema\/logo\/image\/","url":"https:\/\/turismoenzamora.es\/wp-content\/uploads\/2018\/06\/ZamoraLogo.png","contentUrl":"https:\/\/turismoenzamora.es\/wp-content\/uploads\/2018\/06\/ZamoraLogo.png","width":1276,"height":290,"caption":"Patronato de Turismo de la Diputaci\u00f3n de Zamora"},"image":{"@id":"https:\/\/turismoenzamora.es\/pt\/#\/schema\/logo\/image\/"},"sameAs":["https:\/\/www.facebook.com\/ZamoraSpain\/","https:\/\/x.com\/ZamoraSpain","https:\/\/www.instagram.com\/turismoenzamora.es\/","https:\/\/www.pinterest.es\/TurismoenZamora\/","https:\/\/www.youtube.com\/channel\/UC2bOyOZ-2cLm-uXlBFYUV9w"]}]}},"_links":{"self":[{"href":"https:\/\/turismoenzamora.es\/en\/wp-json\/wp\/v2\/pages\/333"}],"collection":[{"href":"https:\/\/turismoenzamora.es\/en\/wp-json\/wp\/v2\/pages"}],"about":[{"href":"https:\/\/turismoenzamora.es\/en\/wp-json\/wp\/v2\/types\/page"}],"author":[{"embeddable":true,"href":"https:\/\/turismoenzamora.es\/en\/wp-json\/wp\/v2\/users\/1"}],"replies":[{"embeddable":true,"href":"https:\/\/turismoenzamora.es\/en\/wp-json\/wp\/v2\/comments?post=333"}],"version-history":[{"count":0,"href":"https:\/\/turismoenzamora.es\/en\/wp-json\/wp\/v2\/pages\/333\/revisions"}],"up":[{"embeddable":true,"href":"https:\/\/turismoenzamora.es\/en\/wp-json\/wp\/v2\/pages\/4816"}],"wp:attachment":[{"href":"https:\/\/turismoenzamora.es\/en\/wp-json\/wp\/v2\/media?parent=333"}],"curies":[{"name":"wp","href":"https:\/\/api.w.org\/{rel}","templated":true}]}}