{"id":312,"date":"2017-08-08T07:23:59","date_gmt":"2017-08-08T05:23:59","guid":{"rendered":"https:\/\/newweb.turismoenzamora.es\/?page_id=312"},"modified":"2021-09-01T16:54:54","modified_gmt":"2021-09-01T14:54:54","slug":"ferias-y-celebraciones-taurinas","status":"publish","type":"page","link":"https:\/\/turismoenzamora.es\/en\/patrimonio-popular\/ferias-y-celebraciones-taurinas\/","title":{"rendered":"Fairs and bullfighting celebrations"},"content":{"rendered":"<p><\/p>\n<h1 class=\"title\">Fairs and bullfighting celebrations<\/h1>\n<p><img fetchpriority=\"high\" decoding=\"async\" class=\"aligncenter size-full wp-image-6903\" src=\"https:\/\/turismoenzamora.es\/wp-content\/uploads\/2017\/08\/Patrimonio-cultural.-Ferias-y-celebraciones-taurinas.jpg\" alt=\"\" data-id=\"6903\" width=\"900\" height=\"600\" srcset=\"https:\/\/turismoenzamora.es\/wp-content\/uploads\/2017\/08\/Patrimonio-cultural.-Ferias-y-celebraciones-taurinas.jpg 900w, https:\/\/turismoenzamora.es\/wp-content\/uploads\/2017\/08\/Patrimonio-cultural.-Ferias-y-celebraciones-taurinas-300x200.jpg 300w, https:\/\/turismoenzamora.es\/wp-content\/uploads\/2017\/08\/Patrimonio-cultural.-Ferias-y-celebraciones-taurinas-768x512.jpg 768w\" sizes=\"(max-width: 900px) 100vw, 900px\" \/><\/p>\n<p>With the heat of summer also come patron saint celebrations in which the bull makes an appearance.<\/p>\n<h4>El Toro Enmaromado<\/h4>\n<p>Benavente is known for the festival of the Toro Enmaromado, declared a Festival of Regional Tourist Interest. It takes place on the eve of Corpus Christi. The animal runs through the streets with a rope tied to it, 200 meters long and weighing 1000 kilograms. The &#8220;pe\u00f1as&#8221; have an important role during the bull run as well as through the night.<\/p>\n<h4>Festivals and celebrations in San Pedro en Zamora<\/h4>\n<p><a class=\"modal\" href=\"https:\/\/web.archive.org\/web\/20160916155433\/http:\/\/www.turismoenzamora.es\/multimedia\/imagenes\/fiestas\/ceramica.jpg\"><img loading=\"lazy\" decoding=\"async\" class=\"aligncenter\" src=\"https:\/\/web.archive.org\/web\/20160916155433\/http:\/\/www.turismoenzamora.es\/multimedia\/imagenes\/fiestas\/ceramica.jpg\" alt=\"\" width=\"261\" height=\"300\"><\/a><\/p>\n<p>The festivals and celebrations of San Pedro are celebrated around the 29th of June and range from modern culture and rock music to children&#8217;s programs. Among the festivities, highlights are the Garlic Fair and the Ceramics Fair, the oldest in Spain, attracting numerous vendors of popular pottery by potters from Pereruela, Moveros and Toro as well as from the rest of the country. Livestock fairs and local products thrive alongside jazz, flamenco, folk festivals and conferences.<\/p>\n<h4>&nbsp;Los Espantes de Fuentesa\u00faco<\/h4>\n<p><a class=\"modal\" href=\"https:\/\/web.archive.org\/web\/20160916181003\/http:\/\/www.turismoenzamora.es\/multimedia\/imagenes\/fiestas\/fuentesauco.jpg\"><img loading=\"lazy\" decoding=\"async\" class=\"aligncenter\" src=\"https:\/\/web.archive.org\/web\/20160916181003\/http:\/\/www.turismoenzamora.es\/multimedia\/imagenes\/fiestas\/fuentesauco.jpg\" alt=\"\" width=\"300\" height=\"161\"><\/a><\/p>\n<p><img decoding=\"async\" class=\"size-medium wp-image-620 alignleft\" src=\"https:\/\/turismoenzamora.es\/wp-content\/uploads\/2017\/08\/taurina_3-300x161.jpg\" alt=\"\" width=\"300\" height=\"161\" srcset=\"https:\/\/turismoenzamora.es\/wp-content\/uploads\/2017\/08\/taurina_3-300x161.jpg 300w, https:\/\/turismoenzamora.es\/wp-content\/uploads\/2017\/08\/taurina_3.jpg 494w\" sizes=\"(max-width: 300px) 100vw, 300px\" \/>Since the 19th century, during the festivals of La Visitaci\u00f3n, the capital of Guare\u00f1a celebrates its traditional Espantes, where a group of bulls is enclosed in the meadow for a group of young riders to guide into the city centre. There, they meet with a human barrier that tries to make them take flight. This bull festival, unique to Fuentesa\u00faco and neighbouring Guarrate, is celebrated in early July. Bull runs, bullfights and contests of acrobatics complete the program.<\/p>\n<h4>Fermoselle<\/h4>\n<p>In late August, with the festival of San Agust\u00edn, the inhabitants of Fermoselle surround the main square with wooden planks to form a makeshift bull ring, which has now become a point of reference for fans. The bulls arrive in a spectacular bull run and once inside the plaza the festivities continue.<\/p>\n<h4>Villalpando<\/h4>\n<p>Bull runs take place on the 16th of August in and around San Roque. In addition to bull runs in the country (by riders on horseback, ATVs, motorcycles or tractors), afternoon bullfights in the Plaza Mayor have brought fame to the region, as have the &#8220;toros de alba&#8221; that attract large crowds of people.<\/p>\n<h4>Festival de San Agust\u00edn<\/h4>\n<p>The town of Toro lives up to its name during the festival of San Agust\u00edn, held on 28 August. Besides regular running of bulls, the bullring town hosts the celebration of the famous &#8220;Wine\u00b4s Fountain&#8221;, a bullfighting where a great Toro wine cube is at the center of the arena. The young boys drink from it while bulls and heifers run around. The popular carriages, which make all the village craft during the year for the parade of St. Agust\u00edn, are another attraction of the festival.<\/p>\n<h4>Toro<\/h4>\n<p><img loading=\"lazy\" decoding=\"async\" class=\"size-medium wp-image-621 alignright\" src=\"https:\/\/turismoenzamora.es\/wp-content\/uploads\/2017\/08\/taurina_4-300x287.jpg\" alt=\"\" width=\"300\" height=\"287\" srcset=\"https:\/\/turismoenzamora.es\/wp-content\/uploads\/2017\/08\/taurina_4-300x287.jpg 300w, https:\/\/turismoenzamora.es\/wp-content\/uploads\/2017\/08\/taurina_4.jpg 360w\" sizes=\"(max-width: 300px) 100vw, 300px\" \/>The Fiesta de la Vendimia takes place during the first half of October and serves to turn the harvest into an excuse for a celebration that mobilizes the people.<\/p>\n<p><a class=\"modal\" href=\"https:\/\/web.archive.org\/web\/20160916161725\/http:\/\/www.turismoenzamora.es\/multimedia\/imagenes\/fiestas\/vendimia.jpg\"><img loading=\"lazy\" decoding=\"async\" class=\"aligncenter\" src=\"https:\/\/web.archive.org\/web\/20160916161725\/http:\/\/www.turismoenzamora.es\/multimedia\/imagenes\/fiestas\/vendimia.jpg\" alt=\"\" width=\"300\" height=\"287\"><\/a><\/p>\n<p>In Toro, the deep-rootedness of this tradition has caused it to be declared a Festival of Regional Tourist Interest. The festival has all the necessary elements: the reading of the proclamation, the parade of decorated carriages and baskets of grape harvest.<\/p>\n<p>The grape harvest festival celebration has extended to other wine-making regions, such as Arribes, becoming a classic of this season.<\/p>\n<h4>&nbsp;Las Victorias<\/h4>\n<p>The protagonist of the festival of Las Victorias is the &#8220;Toro de Fuego,&#8221; converting the Sanabrian capital into a major tourist attraction every September 8. This bull attraction dates back to the mid-19th century, when a large bull was constructed that spat sparks and went through the streets in search of victims. Other unique features of the festival of Las Victorias are the Giants and &#8220;Cabezudos.&#8221;<\/p>\n<p><a href=\"https:\/\/turismoenzamora.es\/wp-content\/uploads\/2018\/05\/folletoPatrimonioPopular-1.pdf\"><img decoding=\"async\" src=\"https:\/\/web.archive.org\/web\/20170704071530\/https:\/\/turismoenzamora.es\/images\/masinfo.png\"><\/a><\/p>","protected":false},"excerpt":{"rendered":"<p>Fairs and bullfighting celebrations With the heat of summer also come patron saint celebrations in which the bull makes an appearance. El Toro Enmaromado Benavente is known for the festival of the Toro Enmaromado, declared a Festival of Regional Tourist Interest. It takes place on the eve of Corpus Christi. The animal runs through the [&hellip;]<\/p>\n","protected":false},"author":1,"featured_media":0,"parent":88,"menu_order":4,"comment_status":"closed","ping_status":"closed","template":"","meta":{"inline_featured_image":false,"site-sidebar-layout":"default","site-content-layout":"default","ast-site-content-layout":"","site-content-style":"default","site-sidebar-style":"default","ast-global-header-display":"","ast-banner-title-visibility":"","ast-main-header-display":"","ast-hfb-above-header-display":"","ast-hfb-below-header-display":"","ast-hfb-mobile-header-display":"","site-post-title":"disabled","ast-breadcrumbs-content":"","ast-featured-img":"","footer-sml-layout":"","theme-transparent-header-meta":"default","adv-header-id-meta":"","stick-header-meta":"","header-above-stick-meta":"","header-main-stick-meta":"","header-below-stick-meta":"","astra-migrate-meta-layouts":"default","ast-page-background-enabled":"default","ast-page-background-meta":{"desktop":{"background-color":"","background-image":"","background-repeat":"repeat","background-position":"center center","background-size":"auto","background-attachment":"scroll","background-type":"","background-media":"","overlay-type":"","overlay-color":"","overlay-opacity":"","overlay-gradient":""},"tablet":{"background-color":"","background-image":"","background-repeat":"repeat","background-position":"center center","background-size":"auto","background-attachment":"scroll","background-type":"","background-media":"","overlay-type":"","overlay-color":"","overlay-opacity":"","overlay-gradient":""},"mobile":{"background-color":"","background-image":"","background-repeat":"repeat","background-position":"center center","background-size":"auto","background-attachment":"scroll","background-type":"","background-media":"","overlay-type":"","overlay-color":"","overlay-opacity":"","overlay-gradient":""}},"ast-content-background-meta":{"desktop":{"background-color":"var(--ast-global-color-5)","background-image":"","background-repeat":"repeat","background-position":"center center","background-size":"auto","background-attachment":"scroll","background-type":"","background-media":"","overlay-type":"","overlay-color":"","overlay-opacity":"","overlay-gradient":""},"tablet":{"background-color":"var(--ast-global-color-5)","background-image":"","background-repeat":"repeat","background-position":"center center","background-size":"auto","background-attachment":"scroll","background-type":"","background-media":"","overlay-type":"","overlay-color":"","overlay-opacity":"","overlay-gradient":""},"mobile":{"background-color":"var(--ast-global-color-5)","background-image":"","background-repeat":"repeat","background-position":"center center","background-size":"auto","background-attachment":"scroll","background-type":"","background-media":"","overlay-type":"","overlay-color":"","overlay-opacity":"","overlay-gradient":""}},"ngg_post_thumbnail":0,"footnotes":""},"yoast_head":"<!-- This site is optimized with the Yoast SEO plugin v23.0 - https:\/\/yoast.com\/wordpress\/plugins\/seo\/ -->\n<title>Turismo de Zamora , Turismo Sostenible<\/title>\n<meta name=\"description\" content=\"Esta es la p\u00e1gina Oficial de Turismo de Diputaci\u00f3n de Zamora, donde podr\u00e1 encontrar toda la informaci\u00f3n para disfrutar al m\u00e1ximo de nuestra provincia.\" \/>\n<meta name=\"robots\" content=\"index, follow, max-snippet:-1, max-image-preview:large, max-video-preview:-1\" \/>\n<link rel=\"canonical\" href=\"https:\/\/turismoenzamora.es\/de\/patrimonio-popular\/ferias-y-celebraciones-taurinas\/\" \/>\n<meta property=\"og:locale\" content=\"en_US\" \/>\n<meta property=\"og:type\" content=\"article\" \/>\n<meta property=\"og:title\" content=\"Turismo de Zamora , Turismo Sostenible\" \/>\n<meta property=\"og:description\" content=\"Esta es la p\u00e1gina Oficial de Turismo de Diputaci\u00f3n de Zamora, donde podr\u00e1 encontrar toda la informaci\u00f3n para disfrutar al m\u00e1ximo de nuestra provincia.\" \/>\n<meta property=\"og:url\" content=\"https:\/\/turismoenzamora.es\/de\/patrimonio-popular\/ferias-y-celebraciones-taurinas\/\" \/>\n<meta property=\"og:site_name\" content=\"tourism in Zamora\" \/>\n<meta property=\"article:publisher\" content=\"https:\/\/www.facebook.com\/ZamoraSpain\/\" \/>\n<meta property=\"article:modified_time\" content=\"2021-09-01T14:54:54+00:00\" \/>\n<meta property=\"og:image\" content=\"https:\/\/turismoenzamora.es\/wp-content\/uploads\/2017\/08\/Patrimonio-cultural.-Ferias-y-celebraciones-taurinas.jpg\" \/>\n<meta name=\"twitter:card\" content=\"summary_large_image\" \/>\n<meta name=\"twitter:site\" content=\"@ZamoraSpain\" \/>\n<meta name=\"twitter:label1\" content=\"Est. reading time\" \/>\n\t<meta name=\"twitter:data1\" content=\"18 minutes\" \/>\n<script type=\"application\/ld+json\" class=\"yoast-schema-graph\">{\"@context\":\"https:\/\/schema.org\",\"@graph\":[{\"@type\":\"WebPage\",\"@id\":\"https:\/\/turismoenzamora.es\/de\/patrimonio-popular\/ferias-y-celebraciones-taurinas\/\",\"url\":\"https:\/\/turismoenzamora.es\/de\/patrimonio-popular\/ferias-y-celebraciones-taurinas\/\",\"name\":\"Turismo de Zamora , Turismo Sostenible\",\"isPartOf\":{\"@id\":\"https:\/\/turismoenzamora.es\/pt\/#website\"},\"primaryImageOfPage\":{\"@id\":\"https:\/\/turismoenzamora.es\/de\/patrimonio-popular\/ferias-y-celebraciones-taurinas\/#primaryimage\"},\"image\":{\"@id\":\"https:\/\/turismoenzamora.es\/de\/patrimonio-popular\/ferias-y-celebraciones-taurinas\/#primaryimage\"},\"thumbnailUrl\":\"https:\/\/turismoenzamora.es\/wp-content\/uploads\/2017\/08\/Patrimonio-cultural.-Ferias-y-celebraciones-taurinas.jpg\",\"datePublished\":\"2017-08-08T05:23:59+00:00\",\"dateModified\":\"2021-09-01T14:54:54+00:00\",\"description\":\"Esta es la p\u00e1gina Oficial de Turismo de Diputaci\u00f3n de Zamora, donde podr\u00e1 encontrar toda la informaci\u00f3n para disfrutar al m\u00e1ximo de nuestra provincia.\",\"breadcrumb\":{\"@id\":\"https:\/\/turismoenzamora.es\/de\/patrimonio-popular\/ferias-y-celebraciones-taurinas\/#breadcrumb\"},\"inLanguage\":\"en-US\",\"potentialAction\":[{\"@type\":\"ReadAction\",\"target\":[\"https:\/\/turismoenzamora.es\/de\/patrimonio-popular\/ferias-y-celebraciones-taurinas\/\"]}]},{\"@type\":\"ImageObject\",\"inLanguage\":\"en-US\",\"@id\":\"https:\/\/turismoenzamora.es\/de\/patrimonio-popular\/ferias-y-celebraciones-taurinas\/#primaryimage\",\"url\":\"https:\/\/turismoenzamora.es\/wp-content\/uploads\/2017\/08\/Patrimonio-cultural.-Ferias-y-celebraciones-taurinas.jpg\",\"contentUrl\":\"https:\/\/turismoenzamora.es\/wp-content\/uploads\/2017\/08\/Patrimonio-cultural.-Ferias-y-celebraciones-taurinas.jpg\"},{\"@type\":\"BreadcrumbList\",\"@id\":\"https:\/\/turismoenzamora.es\/de\/patrimonio-popular\/ferias-y-celebraciones-taurinas\/#breadcrumb\",\"itemListElement\":[{\"@type\":\"ListItem\",\"position\":1,\"name\":\"Portada\",\"item\":\"https:\/\/turismoenzamora.es\/\"},{\"@type\":\"ListItem\",\"position\":2,\"name\":\"Patrimonio Popular\",\"item\":\"https:\/\/turismoenzamora.es\/de\/patrimonio-popular\/\"},{\"@type\":\"ListItem\",\"position\":3,\"name\":\"M\u00e4rkte und stierkampffeste\"}]},{\"@type\":\"WebSite\",\"@id\":\"https:\/\/turismoenzamora.es\/pt\/#website\",\"url\":\"https:\/\/turismoenzamora.es\/pt\/\",\"name\":\"Turismo sostenible. Patronato de Turismo de la Diputaci\u00f3n de Zamora.&quot;Turismo Sostenible&quot;.\",\"description\":\"Sustainable tourism. Tourist Board of the Diputaci\u00f3n de Zamora\",\"publisher\":{\"@id\":\"https:\/\/turismoenzamora.es\/pt\/#organization\"},\"potentialAction\":[{\"@type\":\"SearchAction\",\"target\":{\"@type\":\"EntryPoint\",\"urlTemplate\":\"https:\/\/turismoenzamora.es\/pt\/?s={search_term_string}\"},\"query-input\":\"required name=search_term_string\"}],\"inLanguage\":\"en-US\"},{\"@type\":\"Organization\",\"@id\":\"https:\/\/turismoenzamora.es\/pt\/#organization\",\"name\":\"Patronato de Turismo de la Diputaci\u00f3n de Zamora\",\"url\":\"https:\/\/turismoenzamora.es\/pt\/\",\"logo\":{\"@type\":\"ImageObject\",\"inLanguage\":\"en-US\",\"@id\":\"https:\/\/turismoenzamora.es\/pt\/#\/schema\/logo\/image\/\",\"url\":\"https:\/\/turismoenzamora.es\/wp-content\/uploads\/2018\/06\/ZamoraLogo.png\",\"contentUrl\":\"https:\/\/turismoenzamora.es\/wp-content\/uploads\/2018\/06\/ZamoraLogo.png\",\"width\":1276,\"height\":290,\"caption\":\"Patronato de Turismo de la Diputaci\u00f3n de Zamora\"},\"image\":{\"@id\":\"https:\/\/turismoenzamora.es\/pt\/#\/schema\/logo\/image\/\"},\"sameAs\":[\"https:\/\/www.facebook.com\/ZamoraSpain\/\",\"https:\/\/x.com\/ZamoraSpain\",\"https:\/\/www.instagram.com\/turismoenzamora.es\/\",\"https:\/\/www.pinterest.es\/TurismoenZamora\/\",\"https:\/\/www.youtube.com\/channel\/UC2bOyOZ-2cLm-uXlBFYUV9w\"]}]}<\/script>\n<!-- \/ Yoast SEO plugin. -->","yoast_head_json":{"title":"Turismo de Zamora , Turismo Sostenible","description":"Esta es la p\u00e1gina Oficial de Turismo de Diputaci\u00f3n de Zamora, donde podr\u00e1 encontrar toda la informaci\u00f3n para disfrutar al m\u00e1ximo de nuestra provincia.","robots":{"index":"index","follow":"follow","max-snippet":"max-snippet:-1","max-image-preview":"max-image-preview:large","max-video-preview":"max-video-preview:-1"},"canonical":"https:\/\/turismoenzamora.es\/de\/patrimonio-popular\/ferias-y-celebraciones-taurinas\/","og_locale":"en_US","og_type":"article","og_title":"Turismo de Zamora , Turismo Sostenible","og_description":"Esta es la p\u00e1gina Oficial de Turismo de Diputaci\u00f3n de Zamora, donde podr\u00e1 encontrar toda la informaci\u00f3n para disfrutar al m\u00e1ximo de nuestra provincia.","og_url":"https:\/\/turismoenzamora.es\/de\/patrimonio-popular\/ferias-y-celebraciones-taurinas\/","og_site_name":"tourism in Zamora","article_publisher":"https:\/\/www.facebook.com\/ZamoraSpain\/","article_modified_time":"2021-09-01T14:54:54+00:00","og_image":[{"url":"https:\/\/turismoenzamora.es\/wp-content\/uploads\/2017\/08\/Patrimonio-cultural.-Ferias-y-celebraciones-taurinas.jpg"}],"twitter_card":"summary_large_image","twitter_site":"@ZamoraSpain","twitter_misc":{"Est. reading time":"18 minutes"},"schema":{"@context":"https:\/\/schema.org","@graph":[{"@type":"WebPage","@id":"https:\/\/turismoenzamora.es\/de\/patrimonio-popular\/ferias-y-celebraciones-taurinas\/","url":"https:\/\/turismoenzamora.es\/de\/patrimonio-popular\/ferias-y-celebraciones-taurinas\/","name":"Turismo de Zamora , Turismo Sostenible","isPartOf":{"@id":"https:\/\/turismoenzamora.es\/pt\/#website"},"primaryImageOfPage":{"@id":"https:\/\/turismoenzamora.es\/de\/patrimonio-popular\/ferias-y-celebraciones-taurinas\/#primaryimage"},"image":{"@id":"https:\/\/turismoenzamora.es\/de\/patrimonio-popular\/ferias-y-celebraciones-taurinas\/#primaryimage"},"thumbnailUrl":"https:\/\/turismoenzamora.es\/wp-content\/uploads\/2017\/08\/Patrimonio-cultural.-Ferias-y-celebraciones-taurinas.jpg","datePublished":"2017-08-08T05:23:59+00:00","dateModified":"2021-09-01T14:54:54+00:00","description":"Esta es la p\u00e1gina Oficial de Turismo de Diputaci\u00f3n de Zamora, donde podr\u00e1 encontrar toda la informaci\u00f3n para disfrutar al m\u00e1ximo de nuestra provincia.","breadcrumb":{"@id":"https:\/\/turismoenzamora.es\/de\/patrimonio-popular\/ferias-y-celebraciones-taurinas\/#breadcrumb"},"inLanguage":"en-US","potentialAction":[{"@type":"ReadAction","target":["https:\/\/turismoenzamora.es\/de\/patrimonio-popular\/ferias-y-celebraciones-taurinas\/"]}]},{"@type":"ImageObject","inLanguage":"en-US","@id":"https:\/\/turismoenzamora.es\/de\/patrimonio-popular\/ferias-y-celebraciones-taurinas\/#primaryimage","url":"https:\/\/turismoenzamora.es\/wp-content\/uploads\/2017\/08\/Patrimonio-cultural.-Ferias-y-celebraciones-taurinas.jpg","contentUrl":"https:\/\/turismoenzamora.es\/wp-content\/uploads\/2017\/08\/Patrimonio-cultural.-Ferias-y-celebraciones-taurinas.jpg"},{"@type":"BreadcrumbList","@id":"https:\/\/turismoenzamora.es\/de\/patrimonio-popular\/ferias-y-celebraciones-taurinas\/#breadcrumb","itemListElement":[{"@type":"ListItem","position":1,"name":"Portada","item":"https:\/\/turismoenzamora.es\/"},{"@type":"ListItem","position":2,"name":"Patrimonio Popular","item":"https:\/\/turismoenzamora.es\/de\/patrimonio-popular\/"},{"@type":"ListItem","position":3,"name":"M\u00e4rkte und stierkampffeste"}]},{"@type":"WebSite","@id":"https:\/\/turismoenzamora.es\/pt\/#website","url":"https:\/\/turismoenzamora.es\/pt\/","name":"Turismo sostenible. Patronato de Turismo de la Diputaci\u00f3n de Zamora.&quot;Turismo Sostenible&quot;.","description":"Sustainable tourism. Tourist Board of the Diputaci\u00f3n de Zamora","publisher":{"@id":"https:\/\/turismoenzamora.es\/pt\/#organization"},"potentialAction":[{"@type":"SearchAction","target":{"@type":"EntryPoint","urlTemplate":"https:\/\/turismoenzamora.es\/pt\/?s={search_term_string}"},"query-input":"required name=search_term_string"}],"inLanguage":"en-US"},{"@type":"Organization","@id":"https:\/\/turismoenzamora.es\/pt\/#organization","name":"Patronato de Turismo de la Diputaci\u00f3n de Zamora","url":"https:\/\/turismoenzamora.es\/pt\/","logo":{"@type":"ImageObject","inLanguage":"en-US","@id":"https:\/\/turismoenzamora.es\/pt\/#\/schema\/logo\/image\/","url":"https:\/\/turismoenzamora.es\/wp-content\/uploads\/2018\/06\/ZamoraLogo.png","contentUrl":"https:\/\/turismoenzamora.es\/wp-content\/uploads\/2018\/06\/ZamoraLogo.png","width":1276,"height":290,"caption":"Patronato de Turismo de la Diputaci\u00f3n de Zamora"},"image":{"@id":"https:\/\/turismoenzamora.es\/pt\/#\/schema\/logo\/image\/"},"sameAs":["https:\/\/www.facebook.com\/ZamoraSpain\/","https:\/\/x.com\/ZamoraSpain","https:\/\/www.instagram.com\/turismoenzamora.es\/","https:\/\/www.pinterest.es\/TurismoenZamora\/","https:\/\/www.youtube.com\/channel\/UC2bOyOZ-2cLm-uXlBFYUV9w"]}]}},"_links":{"self":[{"href":"https:\/\/turismoenzamora.es\/en\/wp-json\/wp\/v2\/pages\/312"}],"collection":[{"href":"https:\/\/turismoenzamora.es\/en\/wp-json\/wp\/v2\/pages"}],"about":[{"href":"https:\/\/turismoenzamora.es\/en\/wp-json\/wp\/v2\/types\/page"}],"author":[{"embeddable":true,"href":"https:\/\/turismoenzamora.es\/en\/wp-json\/wp\/v2\/users\/1"}],"replies":[{"embeddable":true,"href":"https:\/\/turismoenzamora.es\/en\/wp-json\/wp\/v2\/comments?post=312"}],"version-history":[{"count":0,"href":"https:\/\/turismoenzamora.es\/en\/wp-json\/wp\/v2\/pages\/312\/revisions"}],"up":[{"embeddable":true,"href":"https:\/\/turismoenzamora.es\/en\/wp-json\/wp\/v2\/pages\/88"}],"wp:attachment":[{"href":"https:\/\/turismoenzamora.es\/en\/wp-json\/wp\/v2\/media?parent=312"}],"curies":[{"name":"wp","href":"https:\/\/api.w.org\/{rel}","templated":true}]}}