{"id":280,"date":"2017-08-08T07:16:15","date_gmt":"2017-08-08T07:16:15","guid":{"rendered":"https:\/\/newweb.turismoenzamora.es\/?page_id=280"},"modified":"2017-11-20T17:44:20","modified_gmt":"2017-11-20T17:44:20","slug":"ruta-de-los-museos","status":"publish","type":"page","link":"https:\/\/turismoenzamora.es\/en\/ruta-de-los-museos\/","title":{"rendered":"Museum Route"},"content":{"rendered":"<p><\/p>\n<h1>Museum Route<\/h1>\n<p>&nbsp;<\/p>\n<p><img fetchpriority=\"high\" decoding=\"async\" class=\" wp-image-687 aligncenter\" src=\"https:\/\/turismoenzamora.es\/wp-content\/uploads\/2017\/08\/museos_1-300x179.jpg\" alt=\"\" width=\"582\" height=\"347\" srcset=\"https:\/\/turismoenzamora.es\/wp-content\/uploads\/2017\/08\/museos_1-300x179.jpg 300w, https:\/\/turismoenzamora.es\/wp-content\/uploads\/2017\/08\/museos_1.jpg 670w\" sizes=\"(max-width: 582px) 100vw, 582px\" \/><\/p>\n<p>Visitors may see Zamora in a different way on this route.<\/p>\n<p><strong><img decoding=\"async\" class=\"size-full wp-image-691 alignleft\" src=\"https:\/\/turismoenzamora.es\/wp-content\/uploads\/2017\/08\/museos_2.jpg\" alt=\"\" width=\"120\" height=\"120\">Baltasar Lobo &#8211; Castillo Centro de Arte<\/strong>. The works of this artist from Cerecinos de Campos may be seen in the castle gardens, on the Liza route and on the one known as the Casa de los Gigantes (House of Giants). It is a unique setting for 73 pieces by Baltasar Lobo. Occupying two floors, the Baltasar Lobo Art Centre gathers an important part of the works that were given at the time to the city, including drawings, photographs, work tools and more than 50 works that the Zamoran sculptor created during his lifetime.<\/p>\n<p>Born in Cerecinos de Campos on 22 February 1910, Baltasar Lobo is one of Spain&#8217;s most notable 20th century sculptors. His training began at the age of 12 when he went to work in an imagery workshop in Valladolid. He then studied in the Escuela de Bellas Artes and the C\u00edrculo de Bellas Artes in Madrid. During the Spanish Civil War he was exiled to France and received personal help from Picasso and Henry Laurens, from whom he adopted an interest in the curved line, characterizing all his work. He lived and worked there until his death in Paris in 1993.<\/p>\n<p><img decoding=\"async\" class=\"size-medium wp-image-693 alignleft\" src=\"https:\/\/turismoenzamora.es\/wp-content\/uploads\/2017\/08\/museos_3-300x197.jpg\" alt=\"\" width=\"300\" height=\"197\" srcset=\"https:\/\/turismoenzamora.es\/wp-content\/uploads\/2017\/08\/museos_3-300x197.jpg 300w, https:\/\/turismoenzamora.es\/wp-content\/uploads\/2017\/08\/museos_3.jpg 731w\" sizes=\"(max-width: 300px) 100vw, 300px\" \/>The&nbsp;<strong>Cathedral Museum<\/strong>. This museum was inaugurated in 1926 in order to house and exhibit works from the museum itself as well as from other diocese parishes. The museum underwent important remodelling for the celebration of The Ages of Man in 2001. The visit to the museum and Cathedral is made jointly since 2005. It houses collections such as the Image of the Virgin and Child and Saint John, in marble, attributed to Ord\u00f3\u00f1ez. There are also panels by Fernando Gallego and Rafaelesque coppers and copies.<\/p>\n<p>The main attraction of the museum is the collection of 15th and 16th century Franco-Flemish tapestries, of around twenty pieces. It includes the series La Vi\u00f1a and the Story of Alexander (both by Arras, dating from the 15th century); four of the original eleven of another series on the Trojan war embroidered in Tournai around 1470, donated to the Cathedral of Zamora in 1608 by the sixth Count of Alba and Aliste; and the five of the original eight tapestries of the Hannibal series, done in Brussels around 1570. Notable is the Tarquino Prisco tapestry, from the Tournai workshops in the last third of the 15th century and one of the most important works of its kind in the world.<\/p>\n<p><img loading=\"lazy\" decoding=\"async\" class=\"size-medium wp-image-696 alignleft\" src=\"https:\/\/turismoenzamora.es\/wp-content\/uploads\/2017\/08\/museos_4-300x201.jpg\" alt=\"\" width=\"300\" height=\"201\" srcset=\"https:\/\/turismoenzamora.es\/wp-content\/uploads\/2017\/08\/museos_4-300x201.jpg 300w, https:\/\/turismoenzamora.es\/wp-content\/uploads\/2017\/08\/museos_4.jpg 717w\" sizes=\"(max-width: 300px) 100vw, 300px\" \/>The&nbsp;<strong>Museum of Zamora<\/strong>&nbsp;is composed of two parts, Archaeology and Fine Arts. The first was dedicated to the history of the province, from the Palaeolithic era to the Modern Age. The second holds artistic collections, primarily sculpture and pictorial, from the 14th to 20th centuries. An exposition of significant elements of the historical evolution of the city of Zamora completes the tour.<\/p>\n<p>The Museum of Zamora was created based on the confiscation of Church property during the past century. Its first collections would consequently be paintings from province monasteries that had been dissolved.<\/p>\n<p>Symbolically inaugurated by King Alfonso XII in 1877, it would not be open to the public until 1911, when it moved from the church of the Convent de las Marinas. Its demolition in 1975 forced the museum to stagnate, with its collections stored in a makeshift warehouse in the church Hospital de la Encarnaci\u00f3n.<br \/>\nIt has an Archaeology section, a Fine Arts section and a room called Sala de la Ciudad, where the history of the capital is told through architecture, shields, cast iron weather vanes and photographs.<\/p>\n<p><img loading=\"lazy\" decoding=\"async\" class=\"size-medium wp-image-695 alignleft\" src=\"https:\/\/turismoenzamora.es\/wp-content\/uploads\/2017\/08\/museos_5-300x182.jpg\" alt=\"\" width=\"300\" height=\"182\" srcset=\"https:\/\/turismoenzamora.es\/wp-content\/uploads\/2017\/08\/museos_5-300x182.jpg 300w, https:\/\/turismoenzamora.es\/wp-content\/uploads\/2017\/08\/museos_5-768x465.jpg 768w, https:\/\/turismoenzamora.es\/wp-content\/uploads\/2017\/08\/museos_5.jpg 853w\" sizes=\"(max-width: 300px) 100vw, 300px\" \/>The&nbsp;<strong>Holy Week Museum<\/strong>&nbsp;has become an important element over the years for understanding this religious occasion since it allows the visitor not only to see the emotions of the rituals presented in images, but also to relive them.<\/p>\n<p>It goes beyond simple religious sentiment, having been created by the Pro-Holy Week Council in the 1960s to respond to an unavoidable need for a place to preserve and exhibit works of religious imagery.<\/p>\n<p>Exhibited inside are most of the sculpture groups that take part in the 37 different processions, as well as the tunics and habits of the different brotherhoods. It is worth noting the works of Zamoran imagery artist Ram\u00f3n \u00c1lvarez and those of Valencian sculptor Mariano Benlliure.<\/p>\n<p><img loading=\"lazy\" decoding=\"async\" class=\" wp-image-697 alignleft\" src=\"https:\/\/turismoenzamora.es\/wp-content\/uploads\/2017\/08\/museos_6.jpg\" alt=\"\" width=\"214\" height=\"214\">The<strong>&nbsp;Ethnology Museum of Castilla y Le\u00f3n<\/strong>&nbsp;would like to help visitors reflect on aspects that pertain to individuals, to their coexistence with others and their ability to face problems in their environment. The Ethnology Museum of Castilla y Le\u00f3n arises from the need, encouraged by the Regional Government of Castilla y Le\u00f3n, to create a dynamic centre that welcomes the enormous and varied popular heritage of the Community, at the same time serving to centralize the study and diffusion of the scientific disciplines related to this ethnographic legacy.<\/p>\n<p>With the same intention in mind, Caja Espa\u00f1a offers a rich collection of 10,000 pieces. The City Council of Zamora and the City Hall of Zamora, a city in which the Council created a building for this purpose, immediately responded to the original proposal. It is currently integrated into the Regional Network of Museums.<\/p>\n<p><img loading=\"lazy\" decoding=\"async\" class=\"size-medium wp-image-698 alignleft\" src=\"https:\/\/turismoenzamora.es\/wp-content\/uploads\/2017\/08\/museos_7-300x203.jpg\" alt=\"\" width=\"300\" height=\"203\" srcset=\"https:\/\/turismoenzamora.es\/wp-content\/uploads\/2017\/08\/museos_7-300x203.jpg 300w, https:\/\/turismoenzamora.es\/wp-content\/uploads\/2017\/08\/museos_7-768x519.jpg 768w, https:\/\/turismoenzamora.es\/wp-content\/uploads\/2017\/08\/museos_7.jpg 980w\" sizes=\"(max-width: 300px) 100vw, 300px\" \/>The&nbsp;<strong>Diocesan Museum of Zamora<\/strong>, inaugurated in July of 2012, is located in the Romanesque church of Santo Tom\u00e9. In it, the Diocese of Zamora spreads the most important part of the Catholic faith through the permanent and temporary expositions of outstanding works of Christian art. The building contains two beautiful early 12th century capitals that represent the Adoration of the Shepherds and the Adoration of the Magi.<\/p>\n<p>The Diocesan Museum of Zamora offers audio guides that are available in Spanish, English and Portuguese to explain some of the works of art, as well as publications and products related to their content.<\/p>","protected":false},"excerpt":{"rendered":"<p>Museum Route &nbsp; Visitors may see Zamora in a different way on this route. Baltasar Lobo &#8211; Castillo Centro de Arte. The works of this artist from Cerecinos de Campos may be seen in the castle gardens, on the Liza route and on the one known as the Casa de los Gigantes (House of Giants). [&hellip;]<\/p>\n","protected":false},"author":1,"featured_media":0,"parent":0,"menu_order":0,"comment_status":"closed","ping_status":"closed","template":"","meta":{"inline_featured_image":false,"site-sidebar-layout":"default","site-content-layout":"","ast-site-content-layout":"","site-content-style":"default","site-sidebar-style":"default","ast-global-header-display":"","ast-banner-title-visibility":"","ast-main-header-display":"","ast-hfb-above-header-display":"","ast-hfb-below-header-display":"","ast-hfb-mobile-header-display":"","site-post-title":"","ast-breadcrumbs-content":"","ast-featured-img":"","footer-sml-layout":"","theme-transparent-header-meta":"","adv-header-id-meta":"","stick-header-meta":"","header-above-stick-meta":"","header-main-stick-meta":"","header-below-stick-meta":"","astra-migrate-meta-layouts":"default","ast-page-background-enabled":"default","ast-page-background-meta":{"desktop":{"background-color":"","background-image":"","background-repeat":"repeat","background-position":"center center","background-size":"auto","background-attachment":"scroll","background-type":"","background-media":"","overlay-type":"","overlay-color":"","overlay-opacity":"","overlay-gradient":""},"tablet":{"background-color":"","background-image":"","background-repeat":"repeat","background-position":"center center","background-size":"auto","background-attachment":"scroll","background-type":"","background-media":"","overlay-type":"","overlay-color":"","overlay-opacity":"","overlay-gradient":""},"mobile":{"background-color":"","background-image":"","background-repeat":"repeat","background-position":"center center","background-size":"auto","background-attachment":"scroll","background-type":"","background-media":"","overlay-type":"","overlay-color":"","overlay-opacity":"","overlay-gradient":""}},"ast-content-background-meta":{"desktop":{"background-color":"var(--ast-global-color-5)","background-image":"","background-repeat":"repeat","background-position":"center center","background-size":"auto","background-attachment":"scroll","background-type":"","background-media":"","overlay-type":"","overlay-color":"","overlay-opacity":"","overlay-gradient":""},"tablet":{"background-color":"var(--ast-global-color-5)","background-image":"","background-repeat":"repeat","background-position":"center center","background-size":"auto","background-attachment":"scroll","background-type":"","background-media":"","overlay-type":"","overlay-color":"","overlay-opacity":"","overlay-gradient":""},"mobile":{"background-color":"var(--ast-global-color-5)","background-image":"","background-repeat":"repeat","background-position":"center center","background-size":"auto","background-attachment":"scroll","background-type":"","background-media":"","overlay-type":"","overlay-color":"","overlay-opacity":"","overlay-gradient":""}},"ngg_post_thumbnail":0,"footnotes":""},"yoast_head":"<!-- This site is optimized with the Yoast SEO plugin v23.0 - https:\/\/yoast.com\/wordpress\/plugins\/seo\/ -->\n<title>Turismo de Zamora , Turismo Sostenible<\/title>\n<meta name=\"description\" content=\"Esta es la p\u00e1gina Oficial de Turismo de Diputaci\u00f3n de Zamora, donde podr\u00e1 encontrar toda la informaci\u00f3n para disfrutar al m\u00e1ximo de nuestra provincia.\" \/>\n<meta name=\"robots\" content=\"index, follow, max-snippet:-1, max-image-preview:large, max-video-preview:-1\" \/>\n<link rel=\"canonical\" href=\"https:\/\/turismoenzamora.es\/en\/ruta-de-los-museos\/\" \/>\n<meta property=\"og:locale\" content=\"en_US\" \/>\n<meta property=\"og:type\" content=\"article\" \/>\n<meta property=\"og:title\" content=\"Turismo de Zamora , Turismo Sostenible\" \/>\n<meta property=\"og:description\" content=\"Esta es la p\u00e1gina Oficial de Turismo de Diputaci\u00f3n de Zamora, donde podr\u00e1 encontrar toda la informaci\u00f3n para disfrutar al m\u00e1ximo de nuestra provincia.\" \/>\n<meta property=\"og:url\" content=\"https:\/\/turismoenzamora.es\/en\/ruta-de-los-museos\/\" \/>\n<meta property=\"og:site_name\" content=\"tourism in Zamora\" \/>\n<meta property=\"article:publisher\" content=\"https:\/\/www.facebook.com\/ZamoraSpain\/\" \/>\n<meta property=\"article:modified_time\" content=\"2017-11-20T17:44:20+00:00\" \/>\n<meta property=\"og:image\" content=\"https:\/\/turismoenzamora.es\/wp-content\/uploads\/2017\/08\/museos_1-300x179.jpg\" \/>\n<meta name=\"twitter:card\" content=\"summary_large_image\" \/>\n<meta name=\"twitter:site\" content=\"@ZamoraSpain\" \/>\n<meta name=\"twitter:label1\" content=\"Est. reading time\" \/>\n\t<meta name=\"twitter:data1\" content=\"26 minutes\" \/>\n<script type=\"application\/ld+json\" class=\"yoast-schema-graph\">{\"@context\":\"https:\/\/schema.org\",\"@graph\":[{\"@type\":\"WebPage\",\"@id\":\"https:\/\/turismoenzamora.es\/en\/ruta-de-los-museos\/\",\"url\":\"https:\/\/turismoenzamora.es\/en\/ruta-de-los-museos\/\",\"name\":\"Turismo de Zamora , Turismo Sostenible\",\"isPartOf\":{\"@id\":\"https:\/\/turismoenzamora.es\/pt\/#website\"},\"primaryImageOfPage\":{\"@id\":\"https:\/\/turismoenzamora.es\/en\/ruta-de-los-museos\/#primaryimage\"},\"image\":{\"@id\":\"https:\/\/turismoenzamora.es\/en\/ruta-de-los-museos\/#primaryimage\"},\"thumbnailUrl\":\"https:\/\/turismoenzamora.es\/wp-content\/uploads\/2017\/08\/museos_1-300x179.jpg\",\"datePublished\":\"2017-08-08T07:16:15+00:00\",\"dateModified\":\"2017-11-20T17:44:20+00:00\",\"description\":\"Esta es la p\u00e1gina Oficial de Turismo de Diputaci\u00f3n de Zamora, donde podr\u00e1 encontrar toda la informaci\u00f3n para disfrutar al m\u00e1ximo de nuestra provincia.\",\"breadcrumb\":{\"@id\":\"https:\/\/turismoenzamora.es\/en\/ruta-de-los-museos\/#breadcrumb\"},\"inLanguage\":\"en-US\",\"potentialAction\":[{\"@type\":\"ReadAction\",\"target\":[\"https:\/\/turismoenzamora.es\/en\/ruta-de-los-museos\/\"]}]},{\"@type\":\"ImageObject\",\"inLanguage\":\"en-US\",\"@id\":\"https:\/\/turismoenzamora.es\/en\/ruta-de-los-museos\/#primaryimage\",\"url\":\"https:\/\/turismoenzamora.es\/wp-content\/uploads\/2017\/08\/museos_1-300x179.jpg\",\"contentUrl\":\"https:\/\/turismoenzamora.es\/wp-content\/uploads\/2017\/08\/museos_1-300x179.jpg\"},{\"@type\":\"BreadcrumbList\",\"@id\":\"https:\/\/turismoenzamora.es\/en\/ruta-de-los-museos\/#breadcrumb\",\"itemListElement\":[{\"@type\":\"ListItem\",\"position\":1,\"name\":\"Portada\",\"item\":\"https:\/\/turismoenzamora.es\/\"},{\"@type\":\"ListItem\",\"position\":2,\"name\":\"Museum Route\"}]},{\"@type\":\"WebSite\",\"@id\":\"https:\/\/turismoenzamora.es\/pt\/#website\",\"url\":\"https:\/\/turismoenzamora.es\/pt\/\",\"name\":\"Turismo sostenible. Patronato de Turismo de la Diputaci\u00f3n de Zamora.&quot;Turismo Sostenible&quot;.\",\"description\":\"Sustainable tourism. Tourist Board of the Diputaci\u00f3n de Zamora\",\"publisher\":{\"@id\":\"https:\/\/turismoenzamora.es\/pt\/#organization\"},\"potentialAction\":[{\"@type\":\"SearchAction\",\"target\":{\"@type\":\"EntryPoint\",\"urlTemplate\":\"https:\/\/turismoenzamora.es\/pt\/?s={search_term_string}\"},\"query-input\":\"required name=search_term_string\"}],\"inLanguage\":\"en-US\"},{\"@type\":\"Organization\",\"@id\":\"https:\/\/turismoenzamora.es\/pt\/#organization\",\"name\":\"Patronato de Turismo de la Diputaci\u00f3n de Zamora\",\"url\":\"https:\/\/turismoenzamora.es\/pt\/\",\"logo\":{\"@type\":\"ImageObject\",\"inLanguage\":\"en-US\",\"@id\":\"https:\/\/turismoenzamora.es\/pt\/#\/schema\/logo\/image\/\",\"url\":\"https:\/\/turismoenzamora.es\/wp-content\/uploads\/2018\/06\/ZamoraLogo.png\",\"contentUrl\":\"https:\/\/turismoenzamora.es\/wp-content\/uploads\/2018\/06\/ZamoraLogo.png\",\"width\":1276,\"height\":290,\"caption\":\"Patronato de Turismo de la Diputaci\u00f3n de Zamora\"},\"image\":{\"@id\":\"https:\/\/turismoenzamora.es\/pt\/#\/schema\/logo\/image\/\"},\"sameAs\":[\"https:\/\/www.facebook.com\/ZamoraSpain\/\",\"https:\/\/x.com\/ZamoraSpain\",\"https:\/\/www.instagram.com\/turismoenzamora.es\/\",\"https:\/\/www.pinterest.es\/TurismoenZamora\/\",\"https:\/\/www.youtube.com\/channel\/UC2bOyOZ-2cLm-uXlBFYUV9w\"]}]}<\/script>\n<!-- \/ Yoast SEO plugin. -->","yoast_head_json":{"title":"Turismo de Zamora , Turismo Sostenible","description":"Esta es la p\u00e1gina Oficial de Turismo de Diputaci\u00f3n de Zamora, donde podr\u00e1 encontrar toda la informaci\u00f3n para disfrutar al m\u00e1ximo de nuestra provincia.","robots":{"index":"index","follow":"follow","max-snippet":"max-snippet:-1","max-image-preview":"max-image-preview:large","max-video-preview":"max-video-preview:-1"},"canonical":"https:\/\/turismoenzamora.es\/en\/ruta-de-los-museos\/","og_locale":"en_US","og_type":"article","og_title":"Turismo de Zamora , Turismo Sostenible","og_description":"Esta es la p\u00e1gina Oficial de Turismo de Diputaci\u00f3n de Zamora, donde podr\u00e1 encontrar toda la informaci\u00f3n para disfrutar al m\u00e1ximo de nuestra provincia.","og_url":"https:\/\/turismoenzamora.es\/en\/ruta-de-los-museos\/","og_site_name":"tourism in Zamora","article_publisher":"https:\/\/www.facebook.com\/ZamoraSpain\/","article_modified_time":"2017-11-20T17:44:20+00:00","og_image":[{"url":"https:\/\/turismoenzamora.es\/wp-content\/uploads\/2017\/08\/museos_1-300x179.jpg"}],"twitter_card":"summary_large_image","twitter_site":"@ZamoraSpain","twitter_misc":{"Est. reading time":"26 minutes"},"schema":{"@context":"https:\/\/schema.org","@graph":[{"@type":"WebPage","@id":"https:\/\/turismoenzamora.es\/en\/ruta-de-los-museos\/","url":"https:\/\/turismoenzamora.es\/en\/ruta-de-los-museos\/","name":"Turismo de Zamora , Turismo Sostenible","isPartOf":{"@id":"https:\/\/turismoenzamora.es\/pt\/#website"},"primaryImageOfPage":{"@id":"https:\/\/turismoenzamora.es\/en\/ruta-de-los-museos\/#primaryimage"},"image":{"@id":"https:\/\/turismoenzamora.es\/en\/ruta-de-los-museos\/#primaryimage"},"thumbnailUrl":"https:\/\/turismoenzamora.es\/wp-content\/uploads\/2017\/08\/museos_1-300x179.jpg","datePublished":"2017-08-08T07:16:15+00:00","dateModified":"2017-11-20T17:44:20+00:00","description":"Esta es la p\u00e1gina Oficial de Turismo de Diputaci\u00f3n de Zamora, donde podr\u00e1 encontrar toda la informaci\u00f3n para disfrutar al m\u00e1ximo de nuestra provincia.","breadcrumb":{"@id":"https:\/\/turismoenzamora.es\/en\/ruta-de-los-museos\/#breadcrumb"},"inLanguage":"en-US","potentialAction":[{"@type":"ReadAction","target":["https:\/\/turismoenzamora.es\/en\/ruta-de-los-museos\/"]}]},{"@type":"ImageObject","inLanguage":"en-US","@id":"https:\/\/turismoenzamora.es\/en\/ruta-de-los-museos\/#primaryimage","url":"https:\/\/turismoenzamora.es\/wp-content\/uploads\/2017\/08\/museos_1-300x179.jpg","contentUrl":"https:\/\/turismoenzamora.es\/wp-content\/uploads\/2017\/08\/museos_1-300x179.jpg"},{"@type":"BreadcrumbList","@id":"https:\/\/turismoenzamora.es\/en\/ruta-de-los-museos\/#breadcrumb","itemListElement":[{"@type":"ListItem","position":1,"name":"Portada","item":"https:\/\/turismoenzamora.es\/"},{"@type":"ListItem","position":2,"name":"Museum Route"}]},{"@type":"WebSite","@id":"https:\/\/turismoenzamora.es\/pt\/#website","url":"https:\/\/turismoenzamora.es\/pt\/","name":"Turismo sostenible. Patronato de Turismo de la Diputaci\u00f3n de Zamora.&quot;Turismo Sostenible&quot;.","description":"Sustainable tourism. Tourist Board of the Diputaci\u00f3n de Zamora","publisher":{"@id":"https:\/\/turismoenzamora.es\/pt\/#organization"},"potentialAction":[{"@type":"SearchAction","target":{"@type":"EntryPoint","urlTemplate":"https:\/\/turismoenzamora.es\/pt\/?s={search_term_string}"},"query-input":"required name=search_term_string"}],"inLanguage":"en-US"},{"@type":"Organization","@id":"https:\/\/turismoenzamora.es\/pt\/#organization","name":"Patronato de Turismo de la Diputaci\u00f3n de Zamora","url":"https:\/\/turismoenzamora.es\/pt\/","logo":{"@type":"ImageObject","inLanguage":"en-US","@id":"https:\/\/turismoenzamora.es\/pt\/#\/schema\/logo\/image\/","url":"https:\/\/turismoenzamora.es\/wp-content\/uploads\/2018\/06\/ZamoraLogo.png","contentUrl":"https:\/\/turismoenzamora.es\/wp-content\/uploads\/2018\/06\/ZamoraLogo.png","width":1276,"height":290,"caption":"Patronato de Turismo de la Diputaci\u00f3n de Zamora"},"image":{"@id":"https:\/\/turismoenzamora.es\/pt\/#\/schema\/logo\/image\/"},"sameAs":["https:\/\/www.facebook.com\/ZamoraSpain\/","https:\/\/x.com\/ZamoraSpain","https:\/\/www.instagram.com\/turismoenzamora.es\/","https:\/\/www.pinterest.es\/TurismoenZamora\/","https:\/\/www.youtube.com\/channel\/UC2bOyOZ-2cLm-uXlBFYUV9w"]}]}},"_links":{"self":[{"href":"https:\/\/turismoenzamora.es\/en\/wp-json\/wp\/v2\/pages\/280"}],"collection":[{"href":"https:\/\/turismoenzamora.es\/en\/wp-json\/wp\/v2\/pages"}],"about":[{"href":"https:\/\/turismoenzamora.es\/en\/wp-json\/wp\/v2\/types\/page"}],"author":[{"embeddable":true,"href":"https:\/\/turismoenzamora.es\/en\/wp-json\/wp\/v2\/users\/1"}],"replies":[{"embeddable":true,"href":"https:\/\/turismoenzamora.es\/en\/wp-json\/wp\/v2\/comments?post=280"}],"version-history":[{"count":0,"href":"https:\/\/turismoenzamora.es\/en\/wp-json\/wp\/v2\/pages\/280\/revisions"}],"wp:attachment":[{"href":"https:\/\/turismoenzamora.es\/en\/wp-json\/wp\/v2\/media?parent=280"}],"curies":[{"name":"wp","href":"https:\/\/api.w.org\/{rel}","templated":true}]}}