{"id":2513,"date":"2017-08-21T06:58:28","date_gmt":"2017-08-21T04:58:28","guid":{"rendered":"https:\/\/newweb.turismoenzamora.es\/?page_id=2513"},"modified":"2022-01-25T12:59:37","modified_gmt":"2022-01-25T10:59:37","slug":"guias-oficiales-de-turismo","status":"publish","type":"page","link":"https:\/\/turismoenzamora.es\/en\/servicios-turisticos\/informacion-turistica\/guias-oficiales-de-turismo\/","title":{"rendered":"Gu\u00edas oficiales de turismo"},"content":{"rendered":"<p><\/p>\n<h1>O<span lang=\"en\">fficial tourist guides<\/span><\/h1>\n<p>&nbsp;<\/p>\n<p>To get to know Zamora and discover its charming, we suggest to perform a guided tour in the company of a professional. Tourist guides authorized by Junta de Castilla y Le\u00f3n offer guided tours to groups and individual tourists, adapting itineraries to personal interests and needs of each one, and performing a single monument visits, panoramic views, monographic, daytime, nighttime, etc. These services offered by guides cover both the city and Zamora province, where there are other monumental sites such as Toro, Benavente or Puebla de Sanabria, unique monuments as San Pedro de la Nave or the Monastery of Santa Maria de Moreruela, and natural areas as Lagunas de Villaf\u00e1fila, Lago de Sanabria or Arribes del Duero.<\/p>\n<hr>\n<p><strong>ANDR\u00c9S PASTOR, Mar\u00eda Pilar<\/strong><br \/>\nContacto<\/p>\n<p>Tlf: 616 192 065<\/p>\n<p>Mail: delfinex.pilarandres@gmail.com<\/p>\n<p>Leer m\u00e1s<\/p>\n<p>&nbsp;<\/p>\n<p>&nbsp;<\/p>\n<hr>\n<p><strong>ASOCIACI\u00d3N ZAMORANA DE GU\u00cdAS DE TURISMO<\/strong><br \/>\nContacto<\/p>\n<p>Tlf: 686 639 551<\/p>\n<p>Mail: guiaszamora@hotmail.com<\/p>\n<p>Web: http:\/\/www.asociacionguiaszamora.com<\/p>\n<p>Leer m\u00e1s<\/p>\n<p>&nbsp;<\/p>\n<p>&nbsp;<\/p>\n<hr>\n<p><strong>BARTOLOM\u00c9 HERRERA, Antonia M\u00aa<\/strong><br \/>\nContacto<\/p>\n<p>Tlf: 652 871 601<\/p>\n<p>Mail: heriame@hotmail.com<\/p>\n<p>Web: No disponible<\/p>\n<p>Leer m\u00e1s<\/p>\n<p><strong>&nbsp;<\/strong><\/p>\n<hr>\n<p><strong>BLANCO MIGUEL, Bego\u00f1a<\/strong><br \/>\nContacto<\/p>\n<p>Tlf: 697 581 546<\/p>\n<p>Mail: bblancom64@gmail.com<\/p>\n<p>Web: No disponible<\/p>\n<p>Leer m\u00e1s<\/p>\n<p>&nbsp;<\/p>\n<p>&nbsp;<\/p>\n<hr>\n<p><strong>CARRE\u00d1O VELASCO, Manuela<\/strong><br \/>\nContacto<\/p>\n<p>Tlf: 617 921 023<\/p>\n<p>Mail: mnolguiaza@hotmail.com<\/p>\n<p>Web: No disponible<\/p>\n<p>Leer m\u00e1s<\/p>\n<p>&nbsp;<\/p>\n<p>&nbsp;<\/p>\n<hr>\n<p><strong>DE LA FUENTE GARC\u00cdA, Magdalena<\/strong><br \/>\nContacto<\/p>\n<p>Tlf: 610 769 604<\/p>\n<p>Mail: madafuente@hotmail.com<\/p>\n<p>Web: http:\/\/www.visitazamora.com<\/p>\n<p>Leer m\u00e1s<\/p>\n<p>&nbsp;<\/p>\n<p>&nbsp;<\/p>\n<hr>\n<p><strong>DE LA MANO CALLES, Mar\u00eda Isabel<\/strong><br \/>\nContacto<\/p>\n<p>Tlf: 980 615 723 \/ 646 511 388<\/p>\n<p>Mail: isabeldlmc@gmail.com<\/p>\n<p>Leer m\u00e1s<\/p>\n<p>&nbsp;<\/p>\n<p>&nbsp;<\/p>\n<hr>\n<p><strong>ENR\u00cdQUEZ OTERINO, Mar\u00eda Amparo<\/strong><br \/>\nContacto<\/p>\n<p>Tlf: 630 759 867<\/p>\n<p>Mail: aeoterino@hotmail.com<\/p>\n<p>Leer m\u00e1s<\/p>\n<p>&nbsp;<\/p>\n<p>&nbsp;<\/p>\n<hr>\n<p><strong>GARC\u00cdA CARBALLO, Cristina<\/strong><br \/>\nContacto<\/p>\n<p>Tlf: 625 623 352<\/p>\n<p>Mail: garciacarballo.c@gmail.com<\/p>\n<p>Web: No disponible<\/p>\n<p>Leer m\u00e1s<\/p>\n<p>&nbsp;<\/p>\n<p>&nbsp;<\/p>\n<hr>\n<p><strong>HERN\u00c1NDEZ DEL R\u00cdO, Mar\u00eda Cruz<\/strong><br \/>\nContacto<\/p>\n<p>Tlf: 615 951 228<\/p>\n<p>Mail: chr58@msn.com<\/p>\n<p>Leer m\u00e1s<\/p>\n<p>&nbsp;<\/p>\n<p>&nbsp;<\/p>\n<hr>\n<p><strong>JIM\u00c9NEZ ALONSO, Eva Mar\u00eda<\/strong><br \/>\nContacto<\/p>\n<p>Tlf: 625 258 062<\/p>\n<p>Mail: monfarra@yahoo.es<\/p>\n<p>Web: http:\/\/www.visitazamora.vacau.com<\/p>\n<p>Leer m\u00e1s<\/p>\n<p>&nbsp;<\/p>\n<p>&nbsp;<\/p>\n<hr>\n<p><strong>LAGUNO CRESPO, M\u00aa Pilar<\/strong><br \/>\nContacto<\/p>\n<p>Tlf: 686 294 974<\/p>\n<p>Mail: pilar.greenwhite@hotmail.com<\/p>\n<p>Web: No disponible<\/p>\n<p>Leer m\u00e1s<\/p>\n<p>&nbsp;<\/p>\n<hr>\n<p><strong>&nbsp;<\/strong><br \/>\n<strong>LUIS CORCERO, Roc\u00edo<\/strong><br \/>\nContacto<\/p>\n<p>Tlf: 639 248 223 &#8211; 980 531 129<\/p>\n<p>Mail: rocio@guiaturismozamora.com<\/p>\n<p>Web: http:\/\/www.guiaturismozamora.com<\/p>\n<p>Especialidades: Arte sacro y Arquitectura civil<\/p>\n<p>Leer m\u00e1s<\/p>\n<p>&nbsp;<br \/>\n&nbsp;<\/p>\n<hr>\n<p><strong>P\u00c9REZ LUIS, Eneida<\/strong><br \/>\nContacto<\/p>\n<p>Tlf: 686 667 665<\/p>\n<p>Mail: eneidaplus@gmail.com<br \/>\nWeb: No disponible<br \/>\nLeer m\u00e1s<\/p>\n<p>&nbsp;<\/p>\n<hr>\n<p><strong>SEN\u00c1NDEZ FERN\u00c1NDEZ, Ingrid<\/strong><br \/>\nContacto<\/p>\n<p>Tlf: 636 698 239<\/p>\n<p>Mail: ingridsenandez@hotmail.com<\/p>\n<p>Web: No disponible<br \/>\nLeer m\u00e1s<\/p>\n<p>&nbsp;<\/p>\n<hr>\n<p><strong>&nbsp;<\/strong><br \/>\n<strong>SPORTOLETTI MASSONI, Chiara<\/strong><br \/>\nContacto<\/p>\n<p>Tlf: 609 882 340<\/p>\n<p>Mail: arteduero@gmail.com<\/p>\n<p>Web: http:\/\/www.visitazamora.com<\/p>\n<p>Leer m\u00e1s<\/p>\n<p>&nbsp;<\/p>\n<p>&nbsp;<\/p>\n<hr>\n<p><strong>TORRECILLA CRESPO, Estrella<\/strong><br \/>\nContacto<\/p>\n<p>Tlf: 676 701 022<\/p>\n<p>Mail: estrella@inzatur.com<\/p>\n<p>Web: http:\/\/www.inzatur.com<\/p>\n<p>Leer m\u00e1s<\/p>\n<p>&nbsp;<\/p>\n<p>&nbsp;<\/p>\n<hr>\n<p><strong>VASCO URONES, M\u00aa Jos\u00e9<\/strong><br \/>\nContacto<\/p>\n<p>Tlf: 616 045 466<\/p>\n<p>Mail: mj.vasco@hotmail.es<\/p>\n<p>Leer m\u00e1s<\/p>","protected":false},"excerpt":{"rendered":"<p>Official tourist guides &nbsp; To get to know Zamora and discover its charming, we suggest to perform a guided tour in the company of a professional. Tourist guides authorized by Junta de Castilla y Le\u00f3n offer guided tours to groups and individual tourists, adapting itineraries to personal interests and needs of each one, and performing [&hellip;]<\/p>\n","protected":false},"author":1,"featured_media":0,"parent":2059,"menu_order":2,"comment_status":"closed","ping_status":"closed","template":"","meta":{"inline_featured_image":false,"site-sidebar-layout":"default","site-content-layout":"","ast-site-content-layout":"","site-content-style":"default","site-sidebar-style":"default","ast-global-header-display":"","ast-banner-title-visibility":"","ast-main-header-display":"","ast-hfb-above-header-display":"","ast-hfb-below-header-display":"","ast-hfb-mobile-header-display":"","site-post-title":"","ast-breadcrumbs-content":"","ast-featured-img":"","footer-sml-layout":"","theme-transparent-header-meta":"","adv-header-id-meta":"","stick-header-meta":"","header-above-stick-meta":"","header-main-stick-meta":"","header-below-stick-meta":"","astra-migrate-meta-layouts":"default","ast-page-background-enabled":"default","ast-page-background-meta":{"desktop":{"background-color":"","background-image":"","background-repeat":"repeat","background-position":"center center","background-size":"auto","background-attachment":"scroll","background-type":"","background-media":"","overlay-type":"","overlay-color":"","overlay-opacity":"","overlay-gradient":""},"tablet":{"background-color":"","background-image":"","background-repeat":"repeat","background-position":"center center","background-size":"auto","background-attachment":"scroll","background-type":"","background-media":"","overlay-type":"","overlay-color":"","overlay-opacity":"","overlay-gradient":""},"mobile":{"background-color":"","background-image":"","background-repeat":"repeat","background-position":"center center","background-size":"auto","background-attachment":"scroll","background-type":"","background-media":"","overlay-type":"","overlay-color":"","overlay-opacity":"","overlay-gradient":""}},"ast-content-background-meta":{"desktop":{"background-color":"var(--ast-global-color-5)","background-image":"","background-repeat":"repeat","background-position":"center center","background-size":"auto","background-attachment":"scroll","background-type":"","background-media":"","overlay-type":"","overlay-color":"","overlay-opacity":"","overlay-gradient":""},"tablet":{"background-color":"var(--ast-global-color-5)","background-image":"","background-repeat":"repeat","background-position":"center center","background-size":"auto","background-attachment":"scroll","background-type":"","background-media":"","overlay-type":"","overlay-color":"","overlay-opacity":"","overlay-gradient":""},"mobile":{"background-color":"var(--ast-global-color-5)","background-image":"","background-repeat":"repeat","background-position":"center center","background-size":"auto","background-attachment":"scroll","background-type":"","background-media":"","overlay-type":"","overlay-color":"","overlay-opacity":"","overlay-gradient":""}},"ngg_post_thumbnail":0,"footnotes":""},"yoast_head":"<!-- This site is optimized with the Yoast SEO plugin v23.0 - https:\/\/yoast.com\/wordpress\/plugins\/seo\/ -->\n<title>Turismo de Zamora , Turismo Sostenible<\/title>\n<meta name=\"description\" content=\"Esta es la p\u00e1gina Oficial de Turismo de Diputaci\u00f3n de Zamora, donde podr\u00e1 encontrar toda la informaci\u00f3n para disfrutar al m\u00e1ximo de nuestra provincia.\" \/>\n<meta name=\"robots\" content=\"index, follow, max-snippet:-1, max-image-preview:large, max-video-preview:-1\" \/>\n<link rel=\"canonical\" href=\"https:\/\/turismoenzamora.es\/en\/servicios-turisticos\/informacion-turistica\/guias-oficiales-de-turismo\/\" \/>\n<meta property=\"og:locale\" content=\"en_US\" \/>\n<meta property=\"og:type\" content=\"article\" \/>\n<meta property=\"og:title\" content=\"Turismo de Zamora , Turismo Sostenible\" \/>\n<meta property=\"og:description\" content=\"Esta es la p\u00e1gina Oficial de Turismo de Diputaci\u00f3n de Zamora, donde podr\u00e1 encontrar toda la informaci\u00f3n para disfrutar al m\u00e1ximo de nuestra provincia.\" \/>\n<meta property=\"og:url\" content=\"https:\/\/turismoenzamora.es\/en\/servicios-turisticos\/informacion-turistica\/guias-oficiales-de-turismo\/\" \/>\n<meta property=\"og:site_name\" content=\"tourism in Zamora\" \/>\n<meta property=\"article:publisher\" content=\"https:\/\/www.facebook.com\/ZamoraSpain\/\" \/>\n<meta property=\"article:modified_time\" content=\"2022-01-25T10:59:37+00:00\" \/>\n<meta name=\"twitter:card\" content=\"summary_large_image\" \/>\n<meta name=\"twitter:site\" content=\"@ZamoraSpain\" \/>\n<meta name=\"twitter:label1\" content=\"Est. reading time\" \/>\n\t<meta name=\"twitter:data1\" content=\"11 minutes\" \/>\n<script type=\"application\/ld+json\" class=\"yoast-schema-graph\">{\"@context\":\"https:\/\/schema.org\",\"@graph\":[{\"@type\":\"WebPage\",\"@id\":\"https:\/\/turismoenzamora.es\/en\/servicios-turisticos\/informacion-turistica\/guias-oficiales-de-turismo\/\",\"url\":\"https:\/\/turismoenzamora.es\/en\/servicios-turisticos\/informacion-turistica\/guias-oficiales-de-turismo\/\",\"name\":\"Turismo de Zamora , Turismo Sostenible\",\"isPartOf\":{\"@id\":\"https:\/\/turismoenzamora.es\/pt\/#website\"},\"datePublished\":\"2017-08-21T04:58:28+00:00\",\"dateModified\":\"2022-01-25T10:59:37+00:00\",\"description\":\"Esta es la p\u00e1gina Oficial de Turismo de Diputaci\u00f3n de Zamora, donde podr\u00e1 encontrar toda la informaci\u00f3n para disfrutar al m\u00e1ximo de nuestra provincia.\",\"breadcrumb\":{\"@id\":\"https:\/\/turismoenzamora.es\/en\/servicios-turisticos\/informacion-turistica\/guias-oficiales-de-turismo\/#breadcrumb\"},\"inLanguage\":\"en-US\",\"potentialAction\":[{\"@type\":\"ReadAction\",\"target\":[\"https:\/\/turismoenzamora.es\/en\/servicios-turisticos\/informacion-turistica\/guias-oficiales-de-turismo\/\"]}]},{\"@type\":\"BreadcrumbList\",\"@id\":\"https:\/\/turismoenzamora.es\/en\/servicios-turisticos\/informacion-turistica\/guias-oficiales-de-turismo\/#breadcrumb\",\"itemListElement\":[{\"@type\":\"ListItem\",\"position\":1,\"name\":\"Portada\",\"item\":\"https:\/\/turismoenzamora.es\/\"},{\"@type\":\"ListItem\",\"position\":2,\"name\":\"Servicios Tur\u00edsticos\",\"item\":\"https:\/\/turismoenzamora.es\/fr\/servicios-turisticos\/\"},{\"@type\":\"ListItem\",\"position\":3,\"name\":\"Informations touristiques\",\"item\":\"https:\/\/turismoenzamora.es\/fr\/servicios-turisticos\/informacion-turistica\/\"},{\"@type\":\"ListItem\",\"position\":4,\"name\":\"Gu\u00edas oficiales de turismo\"}]},{\"@type\":\"WebSite\",\"@id\":\"https:\/\/turismoenzamora.es\/pt\/#website\",\"url\":\"https:\/\/turismoenzamora.es\/pt\/\",\"name\":\"Turismo sostenible. Patronato de Turismo de la Diputaci\u00f3n de Zamora.&quot;Turismo Sostenible&quot;.\",\"description\":\"Sustainable tourism. Tourist Board of the Diputaci\u00f3n de Zamora\",\"publisher\":{\"@id\":\"https:\/\/turismoenzamora.es\/pt\/#organization\"},\"potentialAction\":[{\"@type\":\"SearchAction\",\"target\":{\"@type\":\"EntryPoint\",\"urlTemplate\":\"https:\/\/turismoenzamora.es\/pt\/?s={search_term_string}\"},\"query-input\":\"required name=search_term_string\"}],\"inLanguage\":\"en-US\"},{\"@type\":\"Organization\",\"@id\":\"https:\/\/turismoenzamora.es\/pt\/#organization\",\"name\":\"Patronato de Turismo de la Diputaci\u00f3n de Zamora\",\"url\":\"https:\/\/turismoenzamora.es\/pt\/\",\"logo\":{\"@type\":\"ImageObject\",\"inLanguage\":\"en-US\",\"@id\":\"https:\/\/turismoenzamora.es\/pt\/#\/schema\/logo\/image\/\",\"url\":\"https:\/\/turismoenzamora.es\/wp-content\/uploads\/2018\/06\/ZamoraLogo.png\",\"contentUrl\":\"https:\/\/turismoenzamora.es\/wp-content\/uploads\/2018\/06\/ZamoraLogo.png\",\"width\":1276,\"height\":290,\"caption\":\"Patronato de Turismo de la Diputaci\u00f3n de Zamora\"},\"image\":{\"@id\":\"https:\/\/turismoenzamora.es\/pt\/#\/schema\/logo\/image\/\"},\"sameAs\":[\"https:\/\/www.facebook.com\/ZamoraSpain\/\",\"https:\/\/x.com\/ZamoraSpain\",\"https:\/\/www.instagram.com\/turismoenzamora.es\/\",\"https:\/\/www.pinterest.es\/TurismoenZamora\/\",\"https:\/\/www.youtube.com\/channel\/UC2bOyOZ-2cLm-uXlBFYUV9w\"]}]}<\/script>\n<!-- \/ Yoast SEO plugin. -->","yoast_head_json":{"title":"Turismo de Zamora , Turismo Sostenible","description":"Esta es la p\u00e1gina Oficial de Turismo de Diputaci\u00f3n de Zamora, donde podr\u00e1 encontrar toda la informaci\u00f3n para disfrutar al m\u00e1ximo de nuestra provincia.","robots":{"index":"index","follow":"follow","max-snippet":"max-snippet:-1","max-image-preview":"max-image-preview:large","max-video-preview":"max-video-preview:-1"},"canonical":"https:\/\/turismoenzamora.es\/en\/servicios-turisticos\/informacion-turistica\/guias-oficiales-de-turismo\/","og_locale":"en_US","og_type":"article","og_title":"Turismo de Zamora , Turismo Sostenible","og_description":"Esta es la p\u00e1gina Oficial de Turismo de Diputaci\u00f3n de Zamora, donde podr\u00e1 encontrar toda la informaci\u00f3n para disfrutar al m\u00e1ximo de nuestra provincia.","og_url":"https:\/\/turismoenzamora.es\/en\/servicios-turisticos\/informacion-turistica\/guias-oficiales-de-turismo\/","og_site_name":"tourism in Zamora","article_publisher":"https:\/\/www.facebook.com\/ZamoraSpain\/","article_modified_time":"2022-01-25T10:59:37+00:00","twitter_card":"summary_large_image","twitter_site":"@ZamoraSpain","twitter_misc":{"Est. reading time":"11 minutes"},"schema":{"@context":"https:\/\/schema.org","@graph":[{"@type":"WebPage","@id":"https:\/\/turismoenzamora.es\/en\/servicios-turisticos\/informacion-turistica\/guias-oficiales-de-turismo\/","url":"https:\/\/turismoenzamora.es\/en\/servicios-turisticos\/informacion-turistica\/guias-oficiales-de-turismo\/","name":"Turismo de Zamora , Turismo Sostenible","isPartOf":{"@id":"https:\/\/turismoenzamora.es\/pt\/#website"},"datePublished":"2017-08-21T04:58:28+00:00","dateModified":"2022-01-25T10:59:37+00:00","description":"Esta es la p\u00e1gina Oficial de Turismo de Diputaci\u00f3n de Zamora, donde podr\u00e1 encontrar toda la informaci\u00f3n para disfrutar al m\u00e1ximo de nuestra provincia.","breadcrumb":{"@id":"https:\/\/turismoenzamora.es\/en\/servicios-turisticos\/informacion-turistica\/guias-oficiales-de-turismo\/#breadcrumb"},"inLanguage":"en-US","potentialAction":[{"@type":"ReadAction","target":["https:\/\/turismoenzamora.es\/en\/servicios-turisticos\/informacion-turistica\/guias-oficiales-de-turismo\/"]}]},{"@type":"BreadcrumbList","@id":"https:\/\/turismoenzamora.es\/en\/servicios-turisticos\/informacion-turistica\/guias-oficiales-de-turismo\/#breadcrumb","itemListElement":[{"@type":"ListItem","position":1,"name":"Portada","item":"https:\/\/turismoenzamora.es\/"},{"@type":"ListItem","position":2,"name":"Servicios Tur\u00edsticos","item":"https:\/\/turismoenzamora.es\/fr\/servicios-turisticos\/"},{"@type":"ListItem","position":3,"name":"Informations touristiques","item":"https:\/\/turismoenzamora.es\/fr\/servicios-turisticos\/informacion-turistica\/"},{"@type":"ListItem","position":4,"name":"Gu\u00edas oficiales de turismo"}]},{"@type":"WebSite","@id":"https:\/\/turismoenzamora.es\/pt\/#website","url":"https:\/\/turismoenzamora.es\/pt\/","name":"Turismo sostenible. Patronato de Turismo de la Diputaci\u00f3n de Zamora.&quot;Turismo Sostenible&quot;.","description":"Sustainable tourism. Tourist Board of the Diputaci\u00f3n de Zamora","publisher":{"@id":"https:\/\/turismoenzamora.es\/pt\/#organization"},"potentialAction":[{"@type":"SearchAction","target":{"@type":"EntryPoint","urlTemplate":"https:\/\/turismoenzamora.es\/pt\/?s={search_term_string}"},"query-input":"required name=search_term_string"}],"inLanguage":"en-US"},{"@type":"Organization","@id":"https:\/\/turismoenzamora.es\/pt\/#organization","name":"Patronato de Turismo de la Diputaci\u00f3n de Zamora","url":"https:\/\/turismoenzamora.es\/pt\/","logo":{"@type":"ImageObject","inLanguage":"en-US","@id":"https:\/\/turismoenzamora.es\/pt\/#\/schema\/logo\/image\/","url":"https:\/\/turismoenzamora.es\/wp-content\/uploads\/2018\/06\/ZamoraLogo.png","contentUrl":"https:\/\/turismoenzamora.es\/wp-content\/uploads\/2018\/06\/ZamoraLogo.png","width":1276,"height":290,"caption":"Patronato de Turismo de la Diputaci\u00f3n de Zamora"},"image":{"@id":"https:\/\/turismoenzamora.es\/pt\/#\/schema\/logo\/image\/"},"sameAs":["https:\/\/www.facebook.com\/ZamoraSpain\/","https:\/\/x.com\/ZamoraSpain","https:\/\/www.instagram.com\/turismoenzamora.es\/","https:\/\/www.pinterest.es\/TurismoenZamora\/","https:\/\/www.youtube.com\/channel\/UC2bOyOZ-2cLm-uXlBFYUV9w"]}]}},"_links":{"self":[{"href":"https:\/\/turismoenzamora.es\/en\/wp-json\/wp\/v2\/pages\/2513"}],"collection":[{"href":"https:\/\/turismoenzamora.es\/en\/wp-json\/wp\/v2\/pages"}],"about":[{"href":"https:\/\/turismoenzamora.es\/en\/wp-json\/wp\/v2\/types\/page"}],"author":[{"embeddable":true,"href":"https:\/\/turismoenzamora.es\/en\/wp-json\/wp\/v2\/users\/1"}],"replies":[{"embeddable":true,"href":"https:\/\/turismoenzamora.es\/en\/wp-json\/wp\/v2\/comments?post=2513"}],"version-history":[{"count":0,"href":"https:\/\/turismoenzamora.es\/en\/wp-json\/wp\/v2\/pages\/2513\/revisions"}],"up":[{"embeddable":true,"href":"https:\/\/turismoenzamora.es\/en\/wp-json\/wp\/v2\/pages\/2059"}],"wp:attachment":[{"href":"https:\/\/turismoenzamora.es\/en\/wp-json\/wp\/v2\/media?parent=2513"}],"curies":[{"name":"wp","href":"https:\/\/api.w.org\/{rel}","templated":true}]}}