{"id":2244,"date":"2017-08-18T08:31:31","date_gmt":"2017-08-18T06:31:31","guid":{"rendered":"https:\/\/newweb.turismoenzamora.es\/?page_id=2244"},"modified":"2026-03-27T14:48:11","modified_gmt":"2026-03-27T13:48:11","slug":"horarios-de-apertura-por-la-provincia","status":"publish","type":"page","link":"https:\/\/turismoenzamora.es\/en\/servicios-turisticos\/informacion-turistica\/horarios-de-apertura\/horarios-de-apertura-por-la-provincia\/","title":{"rendered":"Provincia"},"content":{"rendered":"<ul>\n<li><\/p>\n<h3>Monuments of Puebla de Sanabria<\/h3>\n<h2>CHURCH OF NUESTRA SE\u00d1ORA DEL AZOGUE<\/h2>\n<p>&#8211; Weekends, holidays and long weekend: 11-14 h and 16-19,00h*<br \/>&#8211; *Sunday afternoons closes.<\/p>\n<h2>CASTLE \/ OFFICE OF TOURISM<\/h2>\n<p>&#8211; Every day: 11-14 h. and 16-20 h.. except Sundays its closing time will be at 19 pm<br \/><strong>Remarks\u00a0<\/strong><br \/>&#8211; Castle Tours: Saturday and Sunday at 19,00 h<\/p>\n<h2>MUSEUM OF GIANTS AND BIGHEADS<\/h2>\n<p><strong>Remarks<\/strong><br \/>&#8211; Views on Saturdys and Sundays at 12.30 h<\/p>\n<h2>MYTOLOGICAL SCHOOL UNGILDE<\/h2>\n<p>&#8211; Thuesday and Friday: 16 to 18 hours<br \/>&#8211; Weekends and holidays from 12 to 14 h<\/p>\n<h3>Monuments of San Mart\u00edn de Casta\u00f1eda<\/h3>\n<h2>MONASTERY<\/h2>\n<p><strong>From July to September\u00a0<\/strong><br \/>&#8211; From Tuesday to Sunday: 11-14 h and 17-20 h<br \/>&#8211; Monday: Closed<br \/><strong>From April to June\u00a0<\/strong><br \/>&#8211; Friday and Saturday: 10-13 h and 17-20 h<br \/>&#8211; Sunday: mornings only<br \/><strong>From October to December<\/strong><br \/>&#8211; Friday and Saturday: 10-14 h and 16-18 h<br \/>&#8211; Sunday: mornings only<br \/><strong>Remarks<\/strong><br \/>&#8211; General Admission: \u20ac 1<\/p>\n<h3>Monuments of El Campillo<\/h3>\n<h2>CHURCH OF SAN PEDRO DE LA NAVE<\/h2>\n<p><strong>From April 1 to September 30\u00a0<\/strong><br \/>&#8211; From Tuesday to Sunday: 10-13 h and 17-20 h<br \/><strong>From October 1 to December 31<\/strong><br \/>&#8211; Friday and Saturday: 10-14 h and 16.30-18.30 h<br \/>&#8211; Sunday: mornings only<\/p>\n<h3>Monuments of La Hiniesta<\/h3>\n<h2>CHURCH OF SANTA MARIA LA REAL<\/h2>\n<p><strong>Remarks<\/strong><br \/>&#8211; Phone: 980 552 110 (Donation)<\/p>\n<h3>Monuments of Arcenillas<\/h3>\n<h2>CHURCH PARROQUIAL<\/h2>\n<p><strong>Remarks<\/strong><br \/>&#8211; Phone: 980 571 447 (Donation)<\/p>\n<h3>Monuments of Santa Marta de Tera<\/h3>\n<h2>CHURCH OF SANTA MARTA<\/h2>\n<p><strong>From April 4 to September 30<\/strong><br \/>&#8211; From Tuesday to Sunday: 10-13 h and 17-20 h<br \/>&#8211; Monday: Closed<br \/><strong>From October 1 to December 15<\/strong><br \/>&#8211; From Tuesday to Sunday: 16.30-18.30 h and 10-14 h<br \/>&#8211; Monday: Closed<br \/><strong>Remarks<\/strong><br \/>&#8211; General Admission: \u20ac 1<\/p>\n<h3>Monuments of Toro<\/h3>\n<h2>COLEGIATA DE SANTA MAR\u00cdA LA MAYOR<\/h2>\n<p><strong>From March 1 to September 30<\/strong><br \/>&#8211; From Tuesday to Sunday from 10:30 to 14 pm and from 17 to 19:30<br \/>&#8211; Monday: Closed<br \/><strong>From October 1 to December 31<\/strong><br \/>&#8211; From Tuesday to Sunday from 10 to 14 and from 16.30 to 18.30<br \/>&#8211; Closed on Mondays<br \/><strong>Remarks<\/strong><br \/>&#8211; General Admission: \u20ac 1<\/p>\n<h2>CHURCH OF SAN SALVADOR-MUSEUM OF LOS CABALLEROS<\/h2>\n<p><strong>From May 5 to September 30<\/strong><br \/>&#8211; From Tuesday to Sunday from 10:30 to 14 pm and from 17 to 19:30<br \/>&#8211; Monday: Closed<br \/><strong>From October 1 to December 31<\/strong><br \/>&#8211; From Tuesday to Sunday from 10 to 14 and from 16.30 to 18.30<br \/>&#8211; Closed on Mondays<br \/><strong>Remarks<\/strong><br \/>&#8211; General Admission: \u20ac 1<\/p>\n<h2>CHURCH OF SAN LORENZO, SANTO SEPULCRO AND SAN SEBASTI\u00c1N DE LOS CABALLEROS<\/h2>\n<p><strong>From May 5 to September 15<\/strong><br \/>&#8211; From Friday to Sunday from 10:30 to 14 pm and from 17 to 19:30<br \/><strong>Remarks<\/strong><br \/>&#8211; General Admission: \u20ac 1<\/p>\n<h2>MONASTERIO DE SANCTI SPIRITUS<\/h2>\n<p><strong>Remarks<\/strong><br \/>&#8211; Guided tours Tuesday to Sunday at 10.30, 11.30, 12.30, 16.30 and 17.30 h.<br \/>&#8211; Single Entry: 4.50 \u20ac<br \/>&#8211; Input Groups: 3 \u20ac<\/p>\n<h3>Monuments of Villalonso<\/h3>\n<h2>CASTLE<\/h2>\n<p>&#8211; Until 11 December: Sundays and holidays from 12 to 14:30<br \/>(From December 11 to February 28 will be closed)<\/p>\n<p>-March and April: Sundays and Holidays: 12 to 14:30<\/p>\n<p><strong>Remarks<\/strong><br \/>&#8211; General Admission: \u20ac 2.50 (\u20ac 1.50 groups)<\/p>\n<h3>Monuments of T\u00e1bara<\/h3>\n<h2>CHURCH OF SANTA MAR\u00cdA<\/h2>\n<p><strong>From June to October<\/strong><br \/>&#8211; Tuesday to Friday from 11:30 to 13:30 h and from 17:30 am to 19 pm<br \/>&#8211; Saturday morning just<br \/><strong>November and December<\/strong><br \/>&#8211; Tuesday to Saturday from 12 to 13:30 h<\/p>\n<h3>Monuments of Fermoselle<\/h3>\n<h2>CHURCH OF NUESTRA SE\u00d1ORA DE LA ASUNCI\u00d3N<\/h2>\n<p><strong>From April to June<\/strong><br \/>&#8211; Friday and Saturday: 10-14 h and 16.30-18.30 h<br \/>&#8211; Sundays: 10-14 h<br \/><strong>July and August<\/strong><br \/>&#8211; From Tuesday to Sunday: 10-13 h and 17-20 h<br \/>&#8211; Monday: Closed<br \/><strong>From October to December<\/strong><br \/>&#8211; Friday and Saturday: 10-14 h and 16.30-18.30 h<br \/>&#8211; Sundays: 10-14 h<\/p>\n<h3>Monuments of Benavente<\/h3>\n<h2>CHURCH OF SANTA MAR\u00cdA DEL AZOGUE AND CHURCH OF SAN JUAN DEL MERCADO<\/h2>\n<p><strong>April and May<\/strong><br \/>&#8211; Friday and Saturday: 10-13 h and 17-20 h<br \/>&#8211; Sundays: 10-13 h<br \/><strong>From June to September<\/strong><br \/>&#8211; From Tuesday to Sunday: 10.30-14 h and 17 -20 h<br \/>&#8211; Monday: Closed<br \/><strong>From October to December<\/strong><br \/>&#8211; Friday and Saturday: 10-14 h and 16.30-18.30 h<br \/>&#8211; Sundays: 10-14 h<\/p>\n<p>-Access cost: \u20ac2.<\/p>\n<h2>HOLY WEEK MUSEUM BENAVENTE<\/h2>\n<p>&#8211; From Tuesday to Friday: 11.30-13.30 h and 18-20 h<br \/>&#8211; Weekends and holidays: 11:30 to 13:30<br \/>&#8211; Monday: Closed<br \/><strong>Remarks<\/strong><br \/>&#8211; General Admission: \u20ac 1.50<\/p>\n<h3>Monuments of la Granja de Moreruela<\/h3>\n<p>MONASTERIO DE SANTA MAR\u00cdA DE MORERUELA<\/p>\n<p>Due to the leave of absence of the guard at the Monastery of Santa Mar\u00eda de Moreruela, this monument will remain closed on Friday, February 28, 2025.<\/p>\n<p><strong>From March to June<\/strong><br \/>&#8211; From Wednesday to Sunday: 10-14 h and 16-19 h<br \/>&#8211; Holidays: open<br \/><strong>From July to September<\/strong><br \/>&#8211; From Wednesday to Sunday: 10-14 h and 17-20 h<br \/>&#8211; Holidays: open<br \/><strong>From October to December<\/strong><br \/>&#8211; From Wednesday to Sunday: 15:30 to 17:15 h h 10:30-14<br \/>&#8211; Holidays: open<\/p>\n<h2>INTERPRETATION CENTRE OF THEC\u00cdSTER DE GRANJA DE MORERUELA<\/h2>\n<p><strong>October<\/strong><br \/>&#8211; Wednesday to Sunday from 10:30 to 15:30 to 14 h and 19 h<\/p>\n<h3>Monuments of Molacillos<\/h3>\n<h2>ROMAN CISTERNS<\/h2>\n<p><strong>Remarks<\/strong><br \/>&#8211; Phone: 665 586 381<\/p>\n<h3>Archaeological Route by Valles de Benavente<\/h3>\n<h2>ARCHAEOLOGICAL ROUTE THROUGH THE VALLEYS OF ZAMORA: VIDRIALES, \u00d3RBIGO AND ERIA MANGANESES OF POLVOROSA, MORALES DEL REY, ARRABALDE, SANTIBANEZ DE VIDRIALES AND GRANUCILLO DE VIDRIALES<\/h2>\n<p><strong>From January to June<\/strong><br \/>&#8211; Saturdays, Sundays and holidays: 11-14 h and 16-19 h<br \/><strong>From July to August<\/strong><br \/>&#8211; From Thursday to Sunday: 11-14 h and 17-20 h<br \/><strong>From September to December<\/strong><br \/>&#8211; Saturdays, Sundays and holidays: 11-14 h and 16-19 h<\/p>\n<h3>Home of Park in the province of Zamora<\/h3>\n<h2>LAGO DE SANABRIA AND VICINITY AND CENTER OF SAN MART\u00cdN DE CASTA\u00d1EDA<\/h2>\n<p><strong>From April to June<\/strong><br \/>&#8211; From Friday to Sunday: 10-14 h and 16-19 h<br \/>&#8211; Open Easter: 2 to 8 April<br \/>&#8211; Open: 23 and 30 April, 1 and 2 May<br \/>&#8211; Rest of week: Open for groups (reservation)<br \/><strong>From July to August<\/strong><br \/>&#8211; Every day: 10-14 h and 17-20 h<br \/><strong>From September to December<\/strong><br \/>&#8211; Thursday to Sunday: 10-14 h and 16-19 h (Monte G\u00e1ndara)<br \/>-Friday-Sunday: 10-14 and 16-19 h (San Mart\u00edn de Casta\u00f1eda)<br \/>&#8211; Rest of week: Open for groups (reservation)<\/p>\n<p data-start=\"0\" data-end=\"111\">Open from <strong data-start=\"24\" data-end=\"44\">Friday to Sunday<\/strong>.<br data-start=\"45\" data-end=\"48\" \/>From <strong data-start=\"53\" data-end=\"76\">10:00 AM to 2:00 PM<\/strong> and from <strong data-start=\"86\" data-end=\"108\">4:00 PM to 8:00 PM<\/strong>.<\/p>\n<p data-start=\"113\" data-end=\"191\"><strong data-start=\"113\" data-end=\"131\">CARNIVAL 2025:<\/strong><br data-start=\"131\" data-end=\"134\" \/>Open from <strong data-start=\"144\" data-end=\"188\">Friday, February 28, to Tuesday, March 4<\/strong>.<\/p>\n<p data-start=\"193\" data-end=\"248\"><strong data-start=\"193\" data-end=\"246\">OPEN EVERY DAY FOR GROUPS WITH PRIOR RESERVATION<\/strong><\/p>\n<p>.\u00a0<\/p>\n<p><strong>Remarks<\/strong><br \/>&#8211; Phone: 980 621 595<\/p>\n<h2>LAGUNAS DE VILLAF\u00c1FILA &#8220;EL PALOMAR&#8221; (VILLAF\u00c1FILA)<\/h2>\n<p><strong>From January to March<\/strong><br \/>&#8211; From Friday to Sunday: 10-14 h and 16-18.30 h<br \/><strong>From April to September<\/strong><br \/>&#8211; From Friday to Sunday: 11-14 h and 16-19.30 h<br \/>&#8211; Closed: August 6 to September 6 (included)<br \/><strong>From October to December<\/strong><br \/>&#8211; Friday to Sunday: 10-14 h and 16-18.30 h<br \/><strong>Remarks<\/strong><br \/>&#8211; Open for Easter and holidays<br \/>&#8211; Organized groups, open by reservation any day of the year<br \/>&#8211; Phone: 980 586 046<\/p>\n<h2>ARRIBES DEL DUERO &#8220;CONVENTO DE SAN FRANCISCO&#8221; (FERMOSELLE)<\/h2>\n<p><strong>From February to June<\/strong><br \/>&#8211; Thursday: 10-14 h<br \/>&#8211; Friday and Saturday: 10-14 h and 16-19 h<br \/>&#8211; Sundays: 10-15 h<br \/><strong>July and August<\/strong><br \/>&#8211; Monday to Saturday from 10 to 14 h and 17-20 h<br \/>&#8211; Sundays: 10-15 h<br \/><strong>September and October<\/strong><br \/>&#8211; Monday to Saturday from 10 to 14 h and 16-19 h<br \/>&#8211; Sundays: 10-15 h<\/p>\n<p>December\u00a0<\/p>\n<p>December 8: Open from 10:00 AM to 2:00 PM, and from 4:00 PM to 6:00 PM.<br \/>December 9: Open from 10:00 AM to 2:00 PM.<br \/>Starting December 22, the Casa del Parque will be closed for the Christmas holidays.<\/p>\n<p><strong>Remarks<\/strong><br \/>&#8211; The group will attend any day of the week by reservation<br \/>&#8211; Phone: 980 613 384<\/p>\n<p>","protected":false},"excerpt":{"rendered":"<p>Monuments of Puebla de Sanabria CHURCH OF NUESTRA SE\u00d1ORA DEL AZOGUE &#8211; Weekends, holidays and long weekend: 11-14 h and 16-19,00h*&#8211; *Sunday afternoons closes. CASTLE \/ OFFICE OF TOURISM &#8211; Every day: 11-14 h. and 16-20 h.. except Sundays its closing time will be at 19 pmRemarks\u00a0&#8211; Castle Tours: Saturday and Sunday at 19,00 h [&hellip;]<\/p>\n","protected":false},"author":1,"featured_media":0,"parent":1733,"menu_order":2,"comment_status":"closed","ping_status":"closed","template":"","meta":{"inline_featured_image":false,"site-sidebar-layout":"default","site-content-layout":"default","ast-site-content-layout":"default","site-content-style":"default","site-sidebar-style":"default","ast-global-header-display":"","ast-banner-title-visibility":"","ast-main-header-display":"","ast-hfb-above-header-display":"","ast-hfb-below-header-display":"","ast-hfb-mobile-header-display":"","site-post-title":"","ast-breadcrumbs-content":"","ast-featured-img":"","footer-sml-layout":"","theme-transparent-header-meta":"default","adv-header-id-meta":"","stick-header-meta":"","header-above-stick-meta":"","header-main-stick-meta":"","header-below-stick-meta":"","astra-migrate-meta-layouts":"set","ast-page-background-enabled":"default","ast-page-background-meta":{"desktop":{"background-color":"","background-image":"","background-repeat":"repeat","background-position":"center center","background-size":"auto","background-attachment":"scroll","background-type":"","background-media":"","overlay-type":"","overlay-color":"","overlay-gradient":""},"tablet":{"background-color":"","background-image":"","background-repeat":"repeat","background-position":"center center","background-size":"auto","background-attachment":"scroll","background-type":"","background-media":"","overlay-type":"","overlay-color":"","overlay-gradient":""},"mobile":{"background-color":"","background-image":"","background-repeat":"repeat","background-position":"center center","background-size":"auto","background-attachment":"scroll","background-type":"","background-media":"","overlay-type":"","overlay-color":"","overlay-gradient":""}},"ast-content-background-meta":{"desktop":{"background-color":"var(--ast-global-color-5)","background-image":"","background-repeat":"repeat","background-position":"center center","background-size":"auto","background-attachment":"scroll","background-type":"","background-media":"","overlay-type":"","overlay-color":"","overlay-gradient":""},"tablet":{"background-color":"var(--ast-global-color-5)","background-image":"","background-repeat":"repeat","background-position":"center center","background-size":"auto","background-attachment":"scroll","background-type":"","background-media":"","overlay-type":"","overlay-color":"","overlay-gradient":""},"mobile":{"background-color":"var(--ast-global-color-5)","background-image":"","background-repeat":"repeat","background-position":"center center","background-size":"auto","background-attachment":"scroll","background-type":"","background-media":"","overlay-type":"","overlay-color":"","overlay-gradient":""}},"ngg_post_thumbnail":0,"footnotes":""},"yoast_head":"<!-- This site is optimized with the Yoast SEO plugin v23.0 - https:\/\/yoast.com\/wordpress\/plugins\/seo\/ -->\n<title>Turismo de Zamora , Turismo Sostenible<\/title>\n<meta name=\"description\" content=\"Esta es la p\u00e1gina Oficial de Turismo de Diputaci\u00f3n de Zamora, donde podr\u00e1 encontrar toda la informaci\u00f3n para disfrutar al m\u00e1ximo de nuestra provincia.\" \/>\n<meta name=\"robots\" content=\"index, follow, max-snippet:-1, max-image-preview:large, max-video-preview:-1\" \/>\n<link rel=\"canonical\" href=\"https:\/\/turismoenzamora.es\/servicios-turisticos\/informacion-turistica\/horarios-de-apertura\/horarios-de-apertura-por-la-provincia\/\" \/>\n<meta property=\"og:locale\" content=\"en_US\" \/>\n<meta property=\"og:type\" content=\"article\" \/>\n<meta property=\"og:title\" content=\"Turismo de Zamora , Turismo Sostenible\" \/>\n<meta property=\"og:description\" content=\"Esta es la p\u00e1gina Oficial de Turismo de Diputaci\u00f3n de Zamora, donde podr\u00e1 encontrar toda la informaci\u00f3n para disfrutar al m\u00e1ximo de nuestra provincia.\" \/>\n<meta property=\"og:url\" content=\"https:\/\/turismoenzamora.es\/servicios-turisticos\/informacion-turistica\/horarios-de-apertura\/horarios-de-apertura-por-la-provincia\/\" \/>\n<meta property=\"og:site_name\" content=\"tourism in Zamora\" \/>\n<meta property=\"article:publisher\" content=\"https:\/\/www.facebook.com\/ZamoraSpain\/\" \/>\n<meta property=\"article:modified_time\" content=\"2026-03-27T13:48:11+00:00\" \/>\n<meta name=\"twitter:card\" content=\"summary_large_image\" \/>\n<meta name=\"twitter:site\" content=\"@ZamoraSpain\" \/>\n<meta name=\"twitter:label1\" content=\"Est. reading time\" \/>\n\t<meta name=\"twitter:data1\" content=\"46 minutes\" \/>\n<script type=\"application\/ld+json\" class=\"yoast-schema-graph\">{\"@context\":\"https:\/\/schema.org\",\"@graph\":[{\"@type\":\"WebPage\",\"@id\":\"https:\/\/turismoenzamora.es\/servicios-turisticos\/informacion-turistica\/horarios-de-apertura\/horarios-de-apertura-por-la-provincia\/\",\"url\":\"https:\/\/turismoenzamora.es\/servicios-turisticos\/informacion-turistica\/horarios-de-apertura\/horarios-de-apertura-por-la-provincia\/\",\"name\":\"Turismo de Zamora , Turismo Sostenible\",\"isPartOf\":{\"@id\":\"https:\/\/turismoenzamora.es\/pt\/#website\"},\"datePublished\":\"2017-08-18T06:31:31+00:00\",\"dateModified\":\"2026-03-27T13:48:11+00:00\",\"description\":\"Esta es la p\u00e1gina Oficial de Turismo de Diputaci\u00f3n de Zamora, donde podr\u00e1 encontrar toda la informaci\u00f3n para disfrutar al m\u00e1ximo de nuestra provincia.\",\"breadcrumb\":{\"@id\":\"https:\/\/turismoenzamora.es\/servicios-turisticos\/informacion-turistica\/horarios-de-apertura\/horarios-de-apertura-por-la-provincia\/#breadcrumb\"},\"inLanguage\":\"en-US\",\"potentialAction\":[{\"@type\":\"ReadAction\",\"target\":[\"https:\/\/turismoenzamora.es\/servicios-turisticos\/informacion-turistica\/horarios-de-apertura\/horarios-de-apertura-por-la-provincia\/\"]}]},{\"@type\":\"BreadcrumbList\",\"@id\":\"https:\/\/turismoenzamora.es\/servicios-turisticos\/informacion-turistica\/horarios-de-apertura\/horarios-de-apertura-por-la-provincia\/#breadcrumb\",\"itemListElement\":[{\"@type\":\"ListItem\",\"position\":1,\"name\":\"Portada\",\"item\":\"https:\/\/turismoenzamora.es\/\"},{\"@type\":\"ListItem\",\"position\":2,\"name\":\"Servicios Tur\u00edsticos\",\"item\":\"https:\/\/turismoenzamora.es\/fr\/servicios-turisticos\/\"},{\"@type\":\"ListItem\",\"position\":3,\"name\":\"Informations touristiques\",\"item\":\"https:\/\/turismoenzamora.es\/fr\/servicios-turisticos\/informacion-turistica\/\"},{\"@type\":\"ListItem\",\"position\":4,\"name\":\"Horarios de apertura\",\"item\":\"https:\/\/turismoenzamora.es\/servicios-turisticos\/informacion-turistica\/horarios-de-apertura\/\"},{\"@type\":\"ListItem\",\"position\":5,\"name\":\"[:es]Horarios de apertura por la Provincia[:en]Provincia[:fr]Provincia[:pt]Provincia[:de]Provincia[:]\"}]},{\"@type\":\"WebSite\",\"@id\":\"https:\/\/turismoenzamora.es\/pt\/#website\",\"url\":\"https:\/\/turismoenzamora.es\/pt\/\",\"name\":\"Turismo sostenible. Patronato de Turismo de la Diputaci\u00f3n de Zamora.&quot;Turismo Sostenible&quot;.\",\"description\":\"Sustainable tourism. Tourist Board of the Diputaci\u00f3n de Zamora\",\"publisher\":{\"@id\":\"https:\/\/turismoenzamora.es\/pt\/#organization\"},\"potentialAction\":[{\"@type\":\"SearchAction\",\"target\":{\"@type\":\"EntryPoint\",\"urlTemplate\":\"https:\/\/turismoenzamora.es\/pt\/?s={search_term_string}\"},\"query-input\":\"required name=search_term_string\"}],\"inLanguage\":\"en-US\"},{\"@type\":\"Organization\",\"@id\":\"https:\/\/turismoenzamora.es\/pt\/#organization\",\"name\":\"Patronato de Turismo de la Diputaci\u00f3n de Zamora\",\"url\":\"https:\/\/turismoenzamora.es\/pt\/\",\"logo\":{\"@type\":\"ImageObject\",\"inLanguage\":\"en-US\",\"@id\":\"https:\/\/turismoenzamora.es\/pt\/#\/schema\/logo\/image\/\",\"url\":\"https:\/\/turismoenzamora.es\/wp-content\/uploads\/2018\/06\/ZamoraLogo.png\",\"contentUrl\":\"https:\/\/turismoenzamora.es\/wp-content\/uploads\/2018\/06\/ZamoraLogo.png\",\"width\":1276,\"height\":290,\"caption\":\"Patronato de Turismo de la Diputaci\u00f3n de Zamora\"},\"image\":{\"@id\":\"https:\/\/turismoenzamora.es\/pt\/#\/schema\/logo\/image\/\"},\"sameAs\":[\"https:\/\/www.facebook.com\/ZamoraSpain\/\",\"https:\/\/x.com\/ZamoraSpain\",\"https:\/\/www.instagram.com\/turismoenzamora.es\/\",\"https:\/\/www.pinterest.es\/TurismoenZamora\/\",\"https:\/\/www.youtube.com\/channel\/UC2bOyOZ-2cLm-uXlBFYUV9w\"]}]}<\/script>\n<!-- \/ Yoast SEO plugin. -->","yoast_head_json":{"title":"Turismo de Zamora , Turismo Sostenible","description":"Esta es la p\u00e1gina Oficial de Turismo de Diputaci\u00f3n de Zamora, donde podr\u00e1 encontrar toda la informaci\u00f3n para disfrutar al m\u00e1ximo de nuestra provincia.","robots":{"index":"index","follow":"follow","max-snippet":"max-snippet:-1","max-image-preview":"max-image-preview:large","max-video-preview":"max-video-preview:-1"},"canonical":"https:\/\/turismoenzamora.es\/servicios-turisticos\/informacion-turistica\/horarios-de-apertura\/horarios-de-apertura-por-la-provincia\/","og_locale":"en_US","og_type":"article","og_title":"Turismo de Zamora , Turismo Sostenible","og_description":"Esta es la p\u00e1gina Oficial de Turismo de Diputaci\u00f3n de Zamora, donde podr\u00e1 encontrar toda la informaci\u00f3n para disfrutar al m\u00e1ximo de nuestra provincia.","og_url":"https:\/\/turismoenzamora.es\/servicios-turisticos\/informacion-turistica\/horarios-de-apertura\/horarios-de-apertura-por-la-provincia\/","og_site_name":"tourism in Zamora","article_publisher":"https:\/\/www.facebook.com\/ZamoraSpain\/","article_modified_time":"2026-03-27T13:48:11+00:00","twitter_card":"summary_large_image","twitter_site":"@ZamoraSpain","twitter_misc":{"Est. reading time":"46 minutes"},"schema":{"@context":"https:\/\/schema.org","@graph":[{"@type":"WebPage","@id":"https:\/\/turismoenzamora.es\/servicios-turisticos\/informacion-turistica\/horarios-de-apertura\/horarios-de-apertura-por-la-provincia\/","url":"https:\/\/turismoenzamora.es\/servicios-turisticos\/informacion-turistica\/horarios-de-apertura\/horarios-de-apertura-por-la-provincia\/","name":"Turismo de Zamora , Turismo Sostenible","isPartOf":{"@id":"https:\/\/turismoenzamora.es\/pt\/#website"},"datePublished":"2017-08-18T06:31:31+00:00","dateModified":"2026-03-27T13:48:11+00:00","description":"Esta es la p\u00e1gina Oficial de Turismo de Diputaci\u00f3n de Zamora, donde podr\u00e1 encontrar toda la informaci\u00f3n para disfrutar al m\u00e1ximo de nuestra provincia.","breadcrumb":{"@id":"https:\/\/turismoenzamora.es\/servicios-turisticos\/informacion-turistica\/horarios-de-apertura\/horarios-de-apertura-por-la-provincia\/#breadcrumb"},"inLanguage":"en-US","potentialAction":[{"@type":"ReadAction","target":["https:\/\/turismoenzamora.es\/servicios-turisticos\/informacion-turistica\/horarios-de-apertura\/horarios-de-apertura-por-la-provincia\/"]}]},{"@type":"BreadcrumbList","@id":"https:\/\/turismoenzamora.es\/servicios-turisticos\/informacion-turistica\/horarios-de-apertura\/horarios-de-apertura-por-la-provincia\/#breadcrumb","itemListElement":[{"@type":"ListItem","position":1,"name":"Portada","item":"https:\/\/turismoenzamora.es\/"},{"@type":"ListItem","position":2,"name":"Servicios Tur\u00edsticos","item":"https:\/\/turismoenzamora.es\/fr\/servicios-turisticos\/"},{"@type":"ListItem","position":3,"name":"Informations touristiques","item":"https:\/\/turismoenzamora.es\/fr\/servicios-turisticos\/informacion-turistica\/"},{"@type":"ListItem","position":4,"name":"Horarios de apertura","item":"https:\/\/turismoenzamora.es\/servicios-turisticos\/informacion-turistica\/horarios-de-apertura\/"},{"@type":"ListItem","position":5,"name":"[:es]Horarios de apertura por la Provincia[:en]Provincia[:fr]Provincia[:pt]Provincia[:de]Provincia[:]"}]},{"@type":"WebSite","@id":"https:\/\/turismoenzamora.es\/pt\/#website","url":"https:\/\/turismoenzamora.es\/pt\/","name":"Turismo sostenible. Patronato de Turismo de la Diputaci\u00f3n de Zamora.&quot;Turismo Sostenible&quot;.","description":"Sustainable tourism. Tourist Board of the Diputaci\u00f3n de Zamora","publisher":{"@id":"https:\/\/turismoenzamora.es\/pt\/#organization"},"potentialAction":[{"@type":"SearchAction","target":{"@type":"EntryPoint","urlTemplate":"https:\/\/turismoenzamora.es\/pt\/?s={search_term_string}"},"query-input":"required name=search_term_string"}],"inLanguage":"en-US"},{"@type":"Organization","@id":"https:\/\/turismoenzamora.es\/pt\/#organization","name":"Patronato de Turismo de la Diputaci\u00f3n de Zamora","url":"https:\/\/turismoenzamora.es\/pt\/","logo":{"@type":"ImageObject","inLanguage":"en-US","@id":"https:\/\/turismoenzamora.es\/pt\/#\/schema\/logo\/image\/","url":"https:\/\/turismoenzamora.es\/wp-content\/uploads\/2018\/06\/ZamoraLogo.png","contentUrl":"https:\/\/turismoenzamora.es\/wp-content\/uploads\/2018\/06\/ZamoraLogo.png","width":1276,"height":290,"caption":"Patronato de Turismo de la Diputaci\u00f3n de Zamora"},"image":{"@id":"https:\/\/turismoenzamora.es\/pt\/#\/schema\/logo\/image\/"},"sameAs":["https:\/\/www.facebook.com\/ZamoraSpain\/","https:\/\/x.com\/ZamoraSpain","https:\/\/www.instagram.com\/turismoenzamora.es\/","https:\/\/www.pinterest.es\/TurismoenZamora\/","https:\/\/www.youtube.com\/channel\/UC2bOyOZ-2cLm-uXlBFYUV9w"]}]}},"_links":{"self":[{"href":"https:\/\/turismoenzamora.es\/en\/wp-json\/wp\/v2\/pages\/2244"}],"collection":[{"href":"https:\/\/turismoenzamora.es\/en\/wp-json\/wp\/v2\/pages"}],"about":[{"href":"https:\/\/turismoenzamora.es\/en\/wp-json\/wp\/v2\/types\/page"}],"author":[{"embeddable":true,"href":"https:\/\/turismoenzamora.es\/en\/wp-json\/wp\/v2\/users\/1"}],"replies":[{"embeddable":true,"href":"https:\/\/turismoenzamora.es\/en\/wp-json\/wp\/v2\/comments?post=2244"}],"version-history":[{"count":0,"href":"https:\/\/turismoenzamora.es\/en\/wp-json\/wp\/v2\/pages\/2244\/revisions"}],"up":[{"embeddable":true,"href":"https:\/\/turismoenzamora.es\/en\/wp-json\/wp\/v2\/pages\/1733"}],"wp:attachment":[{"href":"https:\/\/turismoenzamora.es\/en\/wp-json\/wp\/v2\/media?parent=2244"}],"curies":[{"name":"wp","href":"https:\/\/api.w.org\/{rel}","templated":true}]}}