{"id":20738,"date":"2024-08-14T11:01:00","date_gmt":"2024-08-14T09:01:00","guid":{"rendered":"https:\/\/turismoenzamora.es\/?page_id=20738"},"modified":"2024-08-14T11:05:15","modified_gmt":"2024-08-14T09:05:15","slug":"esenoturismoenwine-tourismfrenotourismeptturismo-do-vinhodeweintourismus","status":"publish","type":"page","link":"https:\/\/turismoenzamora.es\/en\/esenoturismoenwine-tourismfrenotourismeptturismo-do-vinhodeweintourismus\/","title":{"rendered":"Oleoturismo"},"content":{"rendered":"\t\t<div data-elementor-type=\"wp-page\" data-elementor-id=\"20738\" class=\"elementor elementor-20738\" data-elementor-post-type=\"page\">\n\t\t\t\t\t\t<section class=\"elementor-section elementor-top-section elementor-element elementor-element-271081ce elementor-section-boxed elementor-section-height-default elementor-section-height-default\" data-id=\"271081ce\" data-element_type=\"section\">\n\t\t\t\t\t\t<div class=\"elementor-container elementor-column-gap-default\">\n\t\t\t\t\t<div class=\"elementor-column elementor-col-100 elementor-top-column elementor-element elementor-element-4f438c46\" data-id=\"4f438c46\" data-element_type=\"column\">\n\t\t\t<div class=\"elementor-widget-wrap elementor-element-populated\">\n\t\t\t\t\t\t<div class=\"elementor-element elementor-element-3d16b600 elementor-widget elementor-widget-text-editor\" data-id=\"3d16b600\" data-element_type=\"widget\" data-widget_type=\"text-editor.default\">\n\t\t\t\t<div class=\"elementor-widget-container\">\n\t\t\t\t\t\t\t<p><\/p><h1 class=\"title\">Olive tourism<\/h1><p><img fetchpriority=\"high\" decoding=\"async\" class=\"alignnone wp-image-20739 size-large\" src=\"https:\/\/turismoenzamora.es\/wp-content\/uploads\/2024\/08\/w-1024x680.jpg\" alt=\"\" width=\"1024\" height=\"680\" data-id=\"4494\" srcset=\"https:\/\/turismoenzamora.es\/wp-content\/uploads\/2024\/08\/w-1024x680.jpg 1024w, https:\/\/turismoenzamora.es\/wp-content\/uploads\/2024\/08\/w-300x199.jpg 300w, https:\/\/turismoenzamora.es\/wp-content\/uploads\/2024\/08\/w-768x510.jpg 768w, https:\/\/turismoenzamora.es\/wp-content\/uploads\/2024\/08\/w-391x260.jpg 391w, https:\/\/turismoenzamora.es\/wp-content\/uploads\/2024\/08\/w.jpg 1299w\" sizes=\"(max-width: 1024px) 100vw, 1024px\" \/><\/p><p>OLIVE OIL MUSEUM TRAINING AND TASTING ROOM<\/p><p>DISCOVER THE WORLD OF OLIVE OIL IN A UNIQUE EXPERIENCE THAT WILL INTRODUCE YOU TO THE CULTURE OF THE OLIVE TREE AND THE ANCIENT PROCESS OF OLIVE OIL PRODUCTION.<\/p><p>place: Fermoselle<\/p><p>What it consists of: Discover in our exhibition space, how oil was made in the traditional way, what utensils, procedures and tools were needed for this type of industry and how olive oil was obtained. We will move on to the next space, the manufacturing area that houses the oven, 2 old hydraulic presses with hoods, kneader\/blender, two piston water pumps from the 50&#8217;s and decanting area. In this case, the tour is guided and a specialist is in charge of explaining how the oil is produced, how the machinery worked and the result of the whole process. Final tasting in our tasting room.<\/p><p>Date of the experience.<\/p><p>FRIDAY, SATURDAY: 10:15H \/ 11:30H \/ 12:45H \/ 17:00H \/ 18:15H<\/p><p>SUNDAYS: 10:15H \/ 11:30H \/ 12:45H<\/p><p>SUNDAY HOLIDAY EVE: 17:00H \/ 18:00H<\/p><p>CLOSED DOOR VISITS, GUIDED WITH A MAXIMUM OF 15 VISITORS PER SESSION.<\/p><p>(CONSULT FOR MORE VISITORS)<\/p><p>PRICE: 8\u20ac PERSON (RECEPTION, VISIT AND TASTING)<\/p><p>PHONE: 611 773 486<\/p><p>MAIL: <a href=\"mailto:RESERVAS@MUSEODELACEITE.COM\">RESERVAS@MUSEODELACEITE.COM<\/a><\/p><p>INSTAGRAM: @DOUROLIVAMUSEO<\/p><p><\/p>\t\t\t\t\t\t<\/div>\n\t\t\t\t<\/div>\n\t\t\t\t\t<\/div>\n\t\t<\/div>\n\t\t\t\t\t<\/div>\n\t\t<\/section>\n\t\t\t\t<\/div>\n\t\t","protected":false},"excerpt":{"rendered":"<p>Olive tourism OLIVE OIL MUSEUM TRAINING AND TASTING ROOM DISCOVER THE WORLD OF OLIVE OIL IN A UNIQUE EXPERIENCE THAT WILL INTRODUCE YOU TO THE CULTURE OF THE OLIVE TREE AND THE ANCIENT PROCESS OF OLIVE OIL PRODUCTION. place: Fermoselle What it consists of: Discover in our exhibition space, how oil was made in the [&hellip;]<\/p>\n","protected":false},"author":1,"featured_media":0,"parent":0,"menu_order":0,"comment_status":"closed","ping_status":"closed","template":"","meta":{"inline_featured_image":false,"site-sidebar-layout":"default","site-content-layout":"default","ast-site-content-layout":"default","site-content-style":"default","site-sidebar-style":"default","ast-global-header-display":"","ast-banner-title-visibility":"","ast-main-header-display":"","ast-hfb-above-header-display":"","ast-hfb-below-header-display":"","ast-hfb-mobile-header-display":"","site-post-title":"disabled","ast-breadcrumbs-content":"","ast-featured-img":"","footer-sml-layout":"","theme-transparent-header-meta":"default","adv-header-id-meta":"","stick-header-meta":"","header-above-stick-meta":"","header-main-stick-meta":"","header-below-stick-meta":"","astra-migrate-meta-layouts":"set","ast-page-background-enabled":"default","ast-page-background-meta":{"desktop":{"background-color":"","background-image":"","background-repeat":"repeat","background-position":"center center","background-size":"auto","background-attachment":"scroll","background-type":"","background-media":"","overlay-type":"","overlay-color":"","overlay-gradient":""},"tablet":{"background-color":"","background-image":"","background-repeat":"repeat","background-position":"center center","background-size":"auto","background-attachment":"scroll","background-type":"","background-media":"","overlay-type":"","overlay-color":"","overlay-gradient":""},"mobile":{"background-color":"","background-image":"","background-repeat":"repeat","background-position":"center center","background-size":"auto","background-attachment":"scroll","background-type":"","background-media":"","overlay-type":"","overlay-color":"","overlay-gradient":""}},"ast-content-background-meta":{"desktop":{"background-color":"var(--ast-global-color-5)","background-image":"","background-repeat":"repeat","background-position":"center center","background-size":"auto","background-attachment":"scroll","background-type":"","background-media":"","overlay-type":"","overlay-color":"","overlay-gradient":""},"tablet":{"background-color":"var(--ast-global-color-5)","background-image":"","background-repeat":"repeat","background-position":"center center","background-size":"auto","background-attachment":"scroll","background-type":"","background-media":"","overlay-type":"","overlay-color":"","overlay-gradient":""},"mobile":{"background-color":"var(--ast-global-color-5)","background-image":"","background-repeat":"repeat","background-position":"center center","background-size":"auto","background-attachment":"scroll","background-type":"","background-media":"","overlay-type":"","overlay-color":"","overlay-gradient":""}},"ngg_post_thumbnail":0,"footnotes":""},"yoast_head":"<!-- This site is optimized with the Yoast SEO plugin v23.0 - https:\/\/yoast.com\/wordpress\/plugins\/seo\/ -->\n<title>Turismo de Zamora , Turismo Sostenible<\/title>\n<meta name=\"description\" content=\"(Espa\u00f1ol) Descubre el mundo del aceite en una experiencia \u00fanica que te adentrar\u00e1 en la cultura del olivo y el antiguo proceso de elaboraci\u00f3n del aceite de oliva\" \/>\n<meta name=\"robots\" content=\"index, follow, max-snippet:-1, max-image-preview:large, max-video-preview:-1\" \/>\n<link rel=\"canonical\" href=\"https:\/\/turismoenzamora.es\/esenoturismoenwine-tourismfrenotourismeptturismo-do-vinhodeweintourismus\/\" \/>\n<meta property=\"og:locale\" content=\"en_US\" \/>\n<meta property=\"og:type\" content=\"article\" \/>\n<meta property=\"og:title\" content=\"Turismo de Zamora , Turismo Sostenible\" \/>\n<meta property=\"og:description\" content=\"{:es}Descubre el mundo del aceite en una experiencia \u00fanica que te adentrar\u00e1 en la cultura del olivo y el antiguo proceso de elaboraci\u00f3n del aceite de oliva{:}\" \/>\n<meta property=\"og:url\" content=\"https:\/\/turismoenzamora.es\/esenoturismoenwine-tourismfrenotourismeptturismo-do-vinhodeweintourismus\/\" \/>\n<meta property=\"og:site_name\" content=\"tourism in Zamora\" \/>\n<meta property=\"article:publisher\" content=\"https:\/\/www.facebook.com\/ZamoraSpain\/\" \/>\n<meta property=\"article:modified_time\" content=\"2024-08-14T09:05:15+00:00\" \/>\n<meta property=\"og:image\" content=\"https:\/\/turismoenzamora.es\/wp-content\/uploads\/2024\/08\/w-1024x680.jpg\" \/>\n<meta name=\"twitter:card\" content=\"summary_large_image\" \/>\n<meta name=\"twitter:site\" content=\"@ZamoraSpain\" \/>\n<meta name=\"twitter:label1\" content=\"Est. reading time\" \/>\n\t<meta name=\"twitter:data1\" content=\"12 minutes\" \/>\n<script type=\"application\/ld+json\" class=\"yoast-schema-graph\">{\"@context\":\"https:\/\/schema.org\",\"@graph\":[{\"@type\":\"WebPage\",\"@id\":\"https:\/\/turismoenzamora.es\/esenoturismoenwine-tourismfrenotourismeptturismo-do-vinhodeweintourismus\/\",\"url\":\"https:\/\/turismoenzamora.es\/esenoturismoenwine-tourismfrenotourismeptturismo-do-vinhodeweintourismus\/\",\"name\":\"Turismo de Zamora , Turismo Sostenible\",\"isPartOf\":{\"@id\":\"https:\/\/turismoenzamora.es\/pt\/#website\"},\"primaryImageOfPage\":{\"@id\":\"https:\/\/turismoenzamora.es\/esenoturismoenwine-tourismfrenotourismeptturismo-do-vinhodeweintourismus\/#primaryimage\"},\"image\":{\"@id\":\"https:\/\/turismoenzamora.es\/esenoturismoenwine-tourismfrenotourismeptturismo-do-vinhodeweintourismus\/#primaryimage\"},\"thumbnailUrl\":\"https:\/\/turismoenzamora.es\/wp-content\/uploads\/2024\/08\/w-1024x680.jpg\",\"datePublished\":\"2024-08-14T09:01:00+00:00\",\"dateModified\":\"2024-08-14T09:05:15+00:00\",\"description\":\"{:es}Descubre el mundo del aceite en una experiencia \u00fanica que te adentrar\u00e1 en la cultura del olivo y el antiguo proceso de elaboraci\u00f3n del aceite de oliva{:}\",\"breadcrumb\":{\"@id\":\"https:\/\/turismoenzamora.es\/esenoturismoenwine-tourismfrenotourismeptturismo-do-vinhodeweintourismus\/#breadcrumb\"},\"inLanguage\":\"en-US\",\"potentialAction\":[{\"@type\":\"ReadAction\",\"target\":[\"https:\/\/turismoenzamora.es\/esenoturismoenwine-tourismfrenotourismeptturismo-do-vinhodeweintourismus\/\"]}]},{\"@type\":\"ImageObject\",\"inLanguage\":\"en-US\",\"@id\":\"https:\/\/turismoenzamora.es\/esenoturismoenwine-tourismfrenotourismeptturismo-do-vinhodeweintourismus\/#primaryimage\",\"url\":\"https:\/\/turismoenzamora.es\/wp-content\/uploads\/2024\/08\/w-1024x680.jpg\",\"contentUrl\":\"https:\/\/turismoenzamora.es\/wp-content\/uploads\/2024\/08\/w-1024x680.jpg\"},{\"@type\":\"BreadcrumbList\",\"@id\":\"https:\/\/turismoenzamora.es\/esenoturismoenwine-tourismfrenotourismeptturismo-do-vinhodeweintourismus\/#breadcrumb\",\"itemListElement\":[{\"@type\":\"ListItem\",\"position\":1,\"name\":\"Portada\",\"item\":\"https:\/\/turismoenzamora.es\/\"},{\"@type\":\"ListItem\",\"position\":2,\"name\":\"Oleoturismo\"}]},{\"@type\":\"WebSite\",\"@id\":\"https:\/\/turismoenzamora.es\/pt\/#website\",\"url\":\"https:\/\/turismoenzamora.es\/pt\/\",\"name\":\"Turismo sostenible. Patronato de Turismo de la Diputaci\u00f3n de Zamora.&quot;Turismo Sostenible&quot;.\",\"description\":\"Sustainable tourism. Tourist Board of the Diputaci\u00f3n de Zamora\",\"publisher\":{\"@id\":\"https:\/\/turismoenzamora.es\/pt\/#organization\"},\"potentialAction\":[{\"@type\":\"SearchAction\",\"target\":{\"@type\":\"EntryPoint\",\"urlTemplate\":\"https:\/\/turismoenzamora.es\/pt\/?s={search_term_string}\"},\"query-input\":\"required name=search_term_string\"}],\"inLanguage\":\"en-US\"},{\"@type\":\"Organization\",\"@id\":\"https:\/\/turismoenzamora.es\/pt\/#organization\",\"name\":\"Patronato de Turismo de la Diputaci\u00f3n de Zamora\",\"url\":\"https:\/\/turismoenzamora.es\/pt\/\",\"logo\":{\"@type\":\"ImageObject\",\"inLanguage\":\"en-US\",\"@id\":\"https:\/\/turismoenzamora.es\/pt\/#\/schema\/logo\/image\/\",\"url\":\"https:\/\/turismoenzamora.es\/wp-content\/uploads\/2018\/06\/ZamoraLogo.png\",\"contentUrl\":\"https:\/\/turismoenzamora.es\/wp-content\/uploads\/2018\/06\/ZamoraLogo.png\",\"width\":1276,\"height\":290,\"caption\":\"Patronato de Turismo de la Diputaci\u00f3n de Zamora\"},\"image\":{\"@id\":\"https:\/\/turismoenzamora.es\/pt\/#\/schema\/logo\/image\/\"},\"sameAs\":[\"https:\/\/www.facebook.com\/ZamoraSpain\/\",\"https:\/\/x.com\/ZamoraSpain\",\"https:\/\/www.instagram.com\/turismoenzamora.es\/\",\"https:\/\/www.pinterest.es\/TurismoenZamora\/\",\"https:\/\/www.youtube.com\/channel\/UC2bOyOZ-2cLm-uXlBFYUV9w\"]}]}<\/script>\n<!-- \/ Yoast SEO plugin. -->","yoast_head_json":{"title":"Turismo de Zamora , Turismo Sostenible","description":"(Espa\u00f1ol) Descubre el mundo del aceite en una experiencia \u00fanica que te adentrar\u00e1 en la cultura del olivo y el antiguo proceso de elaboraci\u00f3n del aceite de oliva","robots":{"index":"index","follow":"follow","max-snippet":"max-snippet:-1","max-image-preview":"max-image-preview:large","max-video-preview":"max-video-preview:-1"},"canonical":"https:\/\/turismoenzamora.es\/esenoturismoenwine-tourismfrenotourismeptturismo-do-vinhodeweintourismus\/","og_locale":"en_US","og_type":"article","og_title":"Turismo de Zamora , Turismo Sostenible","og_description":"{:es}Descubre el mundo del aceite en una experiencia \u00fanica que te adentrar\u00e1 en la cultura del olivo y el antiguo proceso de elaboraci\u00f3n del aceite de oliva{:}","og_url":"https:\/\/turismoenzamora.es\/esenoturismoenwine-tourismfrenotourismeptturismo-do-vinhodeweintourismus\/","og_site_name":"tourism in Zamora","article_publisher":"https:\/\/www.facebook.com\/ZamoraSpain\/","article_modified_time":"2024-08-14T09:05:15+00:00","og_image":[{"url":"https:\/\/turismoenzamora.es\/wp-content\/uploads\/2024\/08\/w-1024x680.jpg"}],"twitter_card":"summary_large_image","twitter_site":"@ZamoraSpain","twitter_misc":{"Est. reading time":"12 minutes"},"schema":{"@context":"https:\/\/schema.org","@graph":[{"@type":"WebPage","@id":"https:\/\/turismoenzamora.es\/esenoturismoenwine-tourismfrenotourismeptturismo-do-vinhodeweintourismus\/","url":"https:\/\/turismoenzamora.es\/esenoturismoenwine-tourismfrenotourismeptturismo-do-vinhodeweintourismus\/","name":"Turismo de Zamora , Turismo Sostenible","isPartOf":{"@id":"https:\/\/turismoenzamora.es\/pt\/#website"},"primaryImageOfPage":{"@id":"https:\/\/turismoenzamora.es\/esenoturismoenwine-tourismfrenotourismeptturismo-do-vinhodeweintourismus\/#primaryimage"},"image":{"@id":"https:\/\/turismoenzamora.es\/esenoturismoenwine-tourismfrenotourismeptturismo-do-vinhodeweintourismus\/#primaryimage"},"thumbnailUrl":"https:\/\/turismoenzamora.es\/wp-content\/uploads\/2024\/08\/w-1024x680.jpg","datePublished":"2024-08-14T09:01:00+00:00","dateModified":"2024-08-14T09:05:15+00:00","description":"{:es}Descubre el mundo del aceite en una experiencia \u00fanica que te adentrar\u00e1 en la cultura del olivo y el antiguo proceso de elaboraci\u00f3n del aceite de oliva{:}","breadcrumb":{"@id":"https:\/\/turismoenzamora.es\/esenoturismoenwine-tourismfrenotourismeptturismo-do-vinhodeweintourismus\/#breadcrumb"},"inLanguage":"en-US","potentialAction":[{"@type":"ReadAction","target":["https:\/\/turismoenzamora.es\/esenoturismoenwine-tourismfrenotourismeptturismo-do-vinhodeweintourismus\/"]}]},{"@type":"ImageObject","inLanguage":"en-US","@id":"https:\/\/turismoenzamora.es\/esenoturismoenwine-tourismfrenotourismeptturismo-do-vinhodeweintourismus\/#primaryimage","url":"https:\/\/turismoenzamora.es\/wp-content\/uploads\/2024\/08\/w-1024x680.jpg","contentUrl":"https:\/\/turismoenzamora.es\/wp-content\/uploads\/2024\/08\/w-1024x680.jpg"},{"@type":"BreadcrumbList","@id":"https:\/\/turismoenzamora.es\/esenoturismoenwine-tourismfrenotourismeptturismo-do-vinhodeweintourismus\/#breadcrumb","itemListElement":[{"@type":"ListItem","position":1,"name":"Portada","item":"https:\/\/turismoenzamora.es\/"},{"@type":"ListItem","position":2,"name":"Oleoturismo"}]},{"@type":"WebSite","@id":"https:\/\/turismoenzamora.es\/pt\/#website","url":"https:\/\/turismoenzamora.es\/pt\/","name":"Turismo sostenible. Patronato de Turismo de la Diputaci\u00f3n de Zamora.&quot;Turismo Sostenible&quot;.","description":"Sustainable tourism. Tourist Board of the Diputaci\u00f3n de Zamora","publisher":{"@id":"https:\/\/turismoenzamora.es\/pt\/#organization"},"potentialAction":[{"@type":"SearchAction","target":{"@type":"EntryPoint","urlTemplate":"https:\/\/turismoenzamora.es\/pt\/?s={search_term_string}"},"query-input":"required name=search_term_string"}],"inLanguage":"en-US"},{"@type":"Organization","@id":"https:\/\/turismoenzamora.es\/pt\/#organization","name":"Patronato de Turismo de la Diputaci\u00f3n de Zamora","url":"https:\/\/turismoenzamora.es\/pt\/","logo":{"@type":"ImageObject","inLanguage":"en-US","@id":"https:\/\/turismoenzamora.es\/pt\/#\/schema\/logo\/image\/","url":"https:\/\/turismoenzamora.es\/wp-content\/uploads\/2018\/06\/ZamoraLogo.png","contentUrl":"https:\/\/turismoenzamora.es\/wp-content\/uploads\/2018\/06\/ZamoraLogo.png","width":1276,"height":290,"caption":"Patronato de Turismo de la Diputaci\u00f3n de Zamora"},"image":{"@id":"https:\/\/turismoenzamora.es\/pt\/#\/schema\/logo\/image\/"},"sameAs":["https:\/\/www.facebook.com\/ZamoraSpain\/","https:\/\/x.com\/ZamoraSpain","https:\/\/www.instagram.com\/turismoenzamora.es\/","https:\/\/www.pinterest.es\/TurismoenZamora\/","https:\/\/www.youtube.com\/channel\/UC2bOyOZ-2cLm-uXlBFYUV9w"]}]}},"_links":{"self":[{"href":"https:\/\/turismoenzamora.es\/en\/wp-json\/wp\/v2\/pages\/20738"}],"collection":[{"href":"https:\/\/turismoenzamora.es\/en\/wp-json\/wp\/v2\/pages"}],"about":[{"href":"https:\/\/turismoenzamora.es\/en\/wp-json\/wp\/v2\/types\/page"}],"author":[{"embeddable":true,"href":"https:\/\/turismoenzamora.es\/en\/wp-json\/wp\/v2\/users\/1"}],"replies":[{"embeddable":true,"href":"https:\/\/turismoenzamora.es\/en\/wp-json\/wp\/v2\/comments?post=20738"}],"version-history":[{"count":0,"href":"https:\/\/turismoenzamora.es\/en\/wp-json\/wp\/v2\/pages\/20738\/revisions"}],"wp:attachment":[{"href":"https:\/\/turismoenzamora.es\/en\/wp-json\/wp\/v2\/media?parent=20738"}],"curies":[{"name":"wp","href":"https:\/\/api.w.org\/{rel}","templated":true}]}}