{"id":1713,"date":"2017-08-17T06:53:06","date_gmt":"2017-08-17T04:53:06","guid":{"rendered":"https:\/\/newweb.turismoenzamora.es\/?page_id=1713"},"modified":"2024-10-25T11:06:34","modified_gmt":"2024-10-25T09:06:34","slug":"turismo-experiencial","status":"publish","type":"page","link":"https:\/\/turismoenzamora.es\/en\/turismo-experiencial\/","title":{"rendered":"Turismo experiencial"},"content":{"rendered":"\t\t<div data-elementor-type=\"wp-page\" data-elementor-id=\"1713\" class=\"elementor elementor-1713\" data-elementor-post-type=\"page\">\n\t\t\t\t\t\t<section class=\"elementor-section elementor-top-section elementor-element elementor-element-4bbfa4ec elementor-section-boxed elementor-section-height-default elementor-section-height-default\" data-id=\"4bbfa4ec\" data-element_type=\"section\">\n\t\t\t\t\t\t<div class=\"elementor-container elementor-column-gap-default\">\n\t\t\t\t\t<div class=\"elementor-column elementor-col-100 elementor-top-column elementor-element elementor-element-5b62be28\" data-id=\"5b62be28\" data-element_type=\"column\">\n\t\t\t<div class=\"elementor-widget-wrap elementor-element-populated\">\n\t\t\t\t\t\t<div class=\"elementor-element elementor-element-4c36131 elementor-widget elementor-widget-video\" data-id=\"4c36131\" data-element_type=\"widget\" data-settings=\"{&quot;youtube_url&quot;:&quot;https:\\\/\\\/www.youtube.com\\\/watch?v=r2LhMTsllcc&amp;feature=youtu.be&amp;ab_channel=TurismoenZamora&quot;,&quot;video_type&quot;:&quot;youtube&quot;,&quot;controls&quot;:&quot;yes&quot;}\" data-widget_type=\"video.default\">\n\t\t\t\t<div class=\"elementor-widget-container\">\n\t\t\t\t\t<div class=\"elementor-wrapper elementor-open-inline\">\n\t\t\t<div class=\"elementor-video\"><\/div>\t\t<\/div>\n\t\t\t\t<\/div>\n\t\t\t\t<\/div>\n\t\t\t\t<div class=\"elementor-element elementor-element-6e90456 elementor-widget elementor-widget-text-editor\" data-id=\"6e90456\" data-element_type=\"widget\" data-widget_type=\"text-editor.default\">\n\t\t\t\t<div class=\"elementor-widget-container\">\n\t\t\t\t\t\t\t<p><style>\np{text-align:justify;}td {border: #F2F2F2 5px solid !important;background-color: #F2F2F2 !important;}img{border-radius: 15px 15px 15px !important;}<\/style><\/p><p align=\"justify\">En esta secci\u00f3n podr\u00e1s encontrar diferentes propuestas tur\u00edsticas para todos los p\u00fablicos, con las que disfrutar de Zamora de una manera diferente, m\u00e1s cercana, vivirla, sentirla. Solamente tienes que seleccionar la categor\u00eda que quieras y elegir entre las opciones que te proponemos. Emoci\u00f3n@ate con nosotros en una experiencia \u00fanica!!!<\/p><div style=\"overflow-x: auto;\"><table><tbody><tr><td><a href=\"https:\/\/turismoenzamora.es\/turismo-cultural\/\"><img fetchpriority=\"high\" decoding=\"async\" class=\"size-medium wp-image-2063 aligncenter\" src=\"https:\/\/turismoenzamora.es\/wp-content\/uploads\/2017\/08\/turismo-cultural-249x300.jpg\" alt=\"\" width=\"249\" height=\"300\" srcset=\"https:\/\/turismoenzamora.es\/wp-content\/uploads\/2017\/08\/turismo-cultural-249x300.jpg 249w, https:\/\/turismoenzamora.es\/wp-content\/uploads\/2017\/08\/turismo-cultural.jpg 525w\" sizes=\"(max-width: 249px) 100vw, 249px\" \/><\/a><\/td><td><a href=\"https:\/\/www.turismoenzamora.es\/ecoturismo-2\/\"><img decoding=\"async\" class=\"aligncenter wp-image-2064 size-medium\" src=\"https:\/\/www.turismoenzamora.es\/wp-content\/uploads\/2017\/08\/ecoturismo-249x300.jpg\" alt=\"\" width=\"249\" height=\"300\" srcset=\"https:\/\/turismoenzamora.es\/wp-content\/uploads\/2017\/08\/ecoturismo-249x300.jpg 249w, https:\/\/turismoenzamora.es\/wp-content\/uploads\/2017\/08\/ecoturismo.jpg 525w\" sizes=\"(max-width: 249px) 100vw, 249px\" \/><\/a><\/td><td><a href=\"https:\/\/www.turismoenzamora.es\/turismo-micologico-2\/\"><img decoding=\"async\" class=\"aligncenter wp-image-2065 size-medium\" src=\"https:\/\/turismoenzamora.es\/wp-content\/uploads\/2017\/08\/turismo-micologico-230x300.jpg\" alt=\"\" width=\"230\" height=\"300\" srcset=\"https:\/\/turismoenzamora.es\/wp-content\/uploads\/2017\/08\/turismo-micologico-230x300.jpg 230w, https:\/\/turismoenzamora.es\/wp-content\/uploads\/2017\/08\/turismo-micologico.jpg 525w\" sizes=\"(max-width: 230px) 100vw, 230px\" \/><\/a><\/td><\/tr><tr><td align=\"center\"><a href=\"https:\/\/www.turismoenzamora.es\/turismo-experiencial\/turismo-cultural\/\">TURISMO CULTURAL<\/a><\/td><td align=\"center\"><a href=\"https:\/\/www.turismoenzamora.es\/ecoturismo-2\/\">ECOTURISMO<\/a><\/td><td align=\"center\"><a href=\"https:\/\/www.turismoenzamora.es\/turismo-micologico-2\/\">TURISMO MICOL\u00d3GICO<\/a><\/td><\/tr><tr><td><a href=\"https:\/\/www.turismoenzamora.es\/turismo-rural-activo\/\"><img loading=\"lazy\" decoding=\"async\" class=\"aligncenter wp-image-2066 size-medium\" src=\"https:\/\/www.turismoenzamora.es\/wp-content\/uploads\/2017\/08\/turismo-rural-y-activo-230x300.jpg\" alt=\"\" width=\"230\" height=\"300\" srcset=\"https:\/\/turismoenzamora.es\/wp-content\/uploads\/2017\/08\/turismo-rural-y-activo-230x300.jpg 230w, https:\/\/turismoenzamora.es\/wp-content\/uploads\/2017\/08\/turismo-rural-y-activo.jpg 525w\" sizes=\"(max-width: 230px) 100vw, 230px\" \/><\/a><\/td><td><a href=\"https:\/\/www.turismoenzamora.es\/turismo-enogastronomico\/\"><img loading=\"lazy\" decoding=\"async\" class=\"aligncenter wp-image-2067 size-medium\" src=\"https:\/\/www.turismoenzamora.es\/wp-content\/uploads\/2017\/08\/turismo-enogastronomico-238x300.jpg\" alt=\"\" width=\"238\" height=\"300\" srcset=\"https:\/\/turismoenzamora.es\/wp-content\/uploads\/2017\/08\/turismo-enogastronomico-238x300.jpg 238w, https:\/\/turismoenzamora.es\/wp-content\/uploads\/2017\/08\/turismo-enogastronomico.jpg 525w\" sizes=\"(max-width: 238px) 100vw, 238px\" \/><\/a><\/td><td><a href=\"https:\/\/www.turismoenzamora.es\/turismo-religioso-2\/\"><img loading=\"lazy\" decoding=\"async\" class=\"aligncenter wp-image-2068 size-medium\" src=\"https:\/\/www.turismoenzamora.es\/wp-content\/uploads\/2017\/08\/turismo-religioso-249x300.jpg\" alt=\"\" width=\"249\" height=\"300\" srcset=\"https:\/\/turismoenzamora.es\/wp-content\/uploads\/2017\/08\/turismo-religioso-249x300.jpg 249w, https:\/\/turismoenzamora.es\/wp-content\/uploads\/2017\/08\/turismo-religioso.jpg 525w\" sizes=\"(max-width: 249px) 100vw, 249px\" \/><\/a><\/td><\/tr><tr><td align=\"center\"><a href=\"https:\/\/www.turismoenzamora.es\/turismo-rural-activo\/\">TURISMO RURAL Y ACTIVO<\/a><\/td><td align=\"center\"><a href=\"https:\/\/www.turismoenzamora.es\/turismo-enogastronomico\/\">TURISMO ENOGASTRON\u00d3MICO<\/a><\/td><td align=\"center\"><a href=\"https:\/\/www.turismoenzamora.es\/turismo-religioso-2\/\">TURISMO RELIGIOSO<\/a><\/td><\/tr><tr><td><a href=\"https:\/\/www.turismoenzamora.es\/turismo-familiar-2\/\"><img loading=\"lazy\" decoding=\"async\" class=\"aligncenter wp-image-2069 size-medium\" src=\"https:\/\/www.turismoenzamora.es\/wp-content\/uploads\/2017\/08\/turismo-familiar-249x300.jpg\" alt=\"\" width=\"249\" height=\"300\" srcset=\"https:\/\/turismoenzamora.es\/wp-content\/uploads\/2017\/08\/turismo-familiar-249x300.jpg 249w, https:\/\/turismoenzamora.es\/wp-content\/uploads\/2017\/08\/turismo-familiar.jpg 525w\" sizes=\"(max-width: 249px) 100vw, 249px\" \/><\/a><\/td><td><a href=\"https:\/\/turismoenzamora.es\/turismo-de-salud-y-belleza\/\"><img loading=\"lazy\" decoding=\"async\" class=\"size-medium wp-image-2070 aligncenter\" src=\"https:\/\/turismoenzamora.es\/wp-content\/uploads\/2017\/08\/turismo-salud-y-belleza-230x300.jpg\" alt=\"\" width=\"230\" height=\"300\" srcset=\"https:\/\/turismoenzamora.es\/wp-content\/uploads\/2017\/08\/turismo-salud-y-belleza-230x300.jpg 230w, https:\/\/turismoenzamora.es\/wp-content\/uploads\/2017\/08\/turismo-salud-y-belleza.jpg 525w\" sizes=\"(max-width: 230px) 100vw, 230px\" \/><\/a><\/td><td><a href=\"http:\/\/www.aventuraza.com\/\"><img loading=\"lazy\" decoding=\"async\" class=\"aligncenter wp-image-16400 size-medium\" src=\"https:\/\/www.turismoenzamora.es\/wp-content\/uploads\/2023\/01\/banner-Aventuranza-zamora-250x300.png\" alt=\"\" width=\"250\" height=\"300\" srcset=\"https:\/\/turismoenzamora.es\/wp-content\/uploads\/2023\/01\/banner-Aventuranza-zamora-250x300.png 250w, https:\/\/turismoenzamora.es\/wp-content\/uploads\/2023\/01\/banner-Aventuranza-zamora-854x1024.png 854w, https:\/\/turismoenzamora.es\/wp-content\/uploads\/2023\/01\/banner-Aventuranza-zamora-768x921.png 768w, https:\/\/turismoenzamora.es\/wp-content\/uploads\/2023\/01\/banner-Aventuranza-zamora.png 1042w\" sizes=\"(max-width: 250px) 100vw, 250px\" \/><\/a><\/td><\/tr><tr><td align=\"center\"><a href=\"https:\/\/www.turismoenzamora.es\/turismo-familiar-2\/\">TURISMO FAMILIAR<\/a><\/td><td align=\"center\"><a href=\"https:\/\/turismoenzamora.es\/turismo-de-salud-y-belleza\/\">TURISMO DE SALUD Y BELLEZA<\/a><\/td><td align=\"center\"><a href=\"http:\/\/www.aventuraza.com\/\" target=\"_blank\" rel=\"noopener\">AVENTURAZA<\/a><\/td><\/tr><tr><td><a href=\"https:\/\/turismoenzamora.es\/esenoturismoenwine-tourismfrenotourismeptturismo-do-vinhodeweintourismus\/\"><img loading=\"lazy\" decoding=\"async\" class=\"aligncenter wp-image-16400 size-medium\" src=\"https:\/\/turismoenzamora.es\/wp-content\/uploads\/2024\/08\/4-1-2.png\" alt=\"\" width=\"250\" height=\"300\" \/><\/a><\/td><td><a href=\"https:\/\/turismoenzamora.es\/turismo-experiencial\/turismo-de-las-estrellas\/\"><img loading=\"lazy\" decoding=\"async\" class=\"size-full wp-image-21367 aligncenter\" src=\"https:\/\/turismoenzamora.es\/wp-content\/uploads\/2024\/10\/TURIRSMO-DE-ESTRELLAS-230X300.png\" alt=\"\" width=\"230\" height=\"300\" \/><\/a><\/td><\/tr><tr><td align=\"center\"><a href=\"https:\/\/turismoenzamora.es\/esenoturismoenwine-tourismfrenotourismeptturismo-do-vinhodeweintourismus\/\" rel=\"noopener\">OLEO TURISMO<\/a><\/td><td align=\"center\"><a href=\"https:\/\/turismoenzamora.es\/turismo-experiencial\/turismo-de-las-estrellas\/\" rel=\"noopener\">TURISMO DE LAS ESTRELLAS<\/a><\/td><\/tr><\/tbody><\/table><\/div>\t\t\t\t\t\t<\/div>\n\t\t\t\t<\/div>\n\t\t\t\t\t<\/div>\n\t\t<\/div>\n\t\t\t\t\t<\/div>\n\t\t<\/section>\n\t\t\t\t<section class=\"elementor-section elementor-top-section elementor-element elementor-element-239bb58 elementor-section-boxed elementor-section-height-default elementor-section-height-default\" data-id=\"239bb58\" data-element_type=\"section\">\n\t\t\t\t\t\t<div class=\"elementor-container elementor-column-gap-default\">\n\t\t\t\t\t<div class=\"elementor-column elementor-col-100 elementor-top-column elementor-element elementor-element-f015823\" data-id=\"f015823\" data-element_type=\"column\">\n\t\t\t<div class=\"elementor-widget-wrap\">\n\t\t\t\t\t\t\t<\/div>\n\t\t<\/div>\n\t\t\t\t\t<\/div>\n\t\t<\/section>\n\t\t\t\t<\/div>\n\t\t","protected":false},"excerpt":{"rendered":"<p>https:\/\/www.youtube.com\/watch?v=r2LhMTsllcc&#038;feature=youtu.be&#038;ab_channel=TurismoenZamora En esta secci\u00f3n podr\u00e1s encontrar diferentes propuestas tur\u00edsticas para todos los p\u00fablicos, con las que disfrutar de Zamora de una manera diferente, m\u00e1s cercana, vivirla, sentirla. Solamente tienes que seleccionar la categor\u00eda que quieras y elegir entre las opciones que te proponemos. Emoci\u00f3n@ate con nosotros en una experiencia \u00fanica!!! TURISMO CULTURAL ECOTURISMO TURISMO MICOL\u00d3GICO [&hellip;]<\/p>\n","protected":false},"author":1,"featured_media":0,"parent":0,"menu_order":91,"comment_status":"closed","ping_status":"closed","template":"","meta":{"inline_featured_image":false,"site-sidebar-layout":"default","site-content-layout":"default","ast-site-content-layout":"","site-content-style":"default","site-sidebar-style":"default","ast-global-header-display":"","ast-banner-title-visibility":"","ast-main-header-display":"","ast-hfb-above-header-display":"","ast-hfb-below-header-display":"","ast-hfb-mobile-header-display":"","site-post-title":"","ast-breadcrumbs-content":"","ast-featured-img":"","footer-sml-layout":"","theme-transparent-header-meta":"default","adv-header-id-meta":"","stick-header-meta":"","header-above-stick-meta":"","header-main-stick-meta":"","header-below-stick-meta":"","astra-migrate-meta-layouts":"default","ast-page-background-enabled":"default","ast-page-background-meta":{"desktop":{"background-color":"","background-image":"","background-repeat":"repeat","background-position":"center center","background-size":"auto","background-attachment":"scroll","background-type":"","background-media":"","overlay-type":"","overlay-color":"","overlay-opacity":"","overlay-gradient":""},"tablet":{"background-color":"","background-image":"","background-repeat":"repeat","background-position":"center center","background-size":"auto","background-attachment":"scroll","background-type":"","background-media":"","overlay-type":"","overlay-color":"","overlay-opacity":"","overlay-gradient":""},"mobile":{"background-color":"","background-image":"","background-repeat":"repeat","background-position":"center center","background-size":"auto","background-attachment":"scroll","background-type":"","background-media":"","overlay-type":"","overlay-color":"","overlay-opacity":"","overlay-gradient":""}},"ast-content-background-meta":{"desktop":{"background-color":"var(--ast-global-color-5)","background-image":"","background-repeat":"repeat","background-position":"center center","background-size":"auto","background-attachment":"scroll","background-type":"","background-media":"","overlay-type":"","overlay-color":"","overlay-opacity":"","overlay-gradient":""},"tablet":{"background-color":"var(--ast-global-color-5)","background-image":"","background-repeat":"repeat","background-position":"center center","background-size":"auto","background-attachment":"scroll","background-type":"","background-media":"","overlay-type":"","overlay-color":"","overlay-opacity":"","overlay-gradient":""},"mobile":{"background-color":"var(--ast-global-color-5)","background-image":"","background-repeat":"repeat","background-position":"center center","background-size":"auto","background-attachment":"scroll","background-type":"","background-media":"","overlay-type":"","overlay-color":"","overlay-opacity":"","overlay-gradient":""}},"ngg_post_thumbnail":0,"footnotes":""},"yoast_head":"<!-- This site is optimized with the Yoast SEO plugin v23.0 - https:\/\/yoast.com\/wordpress\/plugins\/seo\/ -->\n<title>Turismo de Zamora , Turismo Sostenible<\/title>\n<meta name=\"description\" content=\"Esta es la p\u00e1gina Oficial de Turismo de Diputaci\u00f3n de Zamora, donde podr\u00e1 encontrar toda la informaci\u00f3n para disfrutar al m\u00e1ximo de nuestra provincia.\" \/>\n<meta name=\"robots\" content=\"index, follow, max-snippet:-1, max-image-preview:large, max-video-preview:-1\" \/>\n<link rel=\"canonical\" href=\"https:\/\/turismoenzamora.es\/turismo-experiencial\/\" \/>\n<meta property=\"og:locale\" content=\"en_US\" \/>\n<meta property=\"og:type\" content=\"article\" \/>\n<meta property=\"og:title\" content=\"Turismo de Zamora , Turismo Sostenible\" \/>\n<meta property=\"og:description\" content=\"Esta es la p\u00e1gina Oficial de Turismo de Diputaci\u00f3n de Zamora, donde podr\u00e1 encontrar toda la informaci\u00f3n para disfrutar al m\u00e1ximo de nuestra provincia.\" \/>\n<meta property=\"og:url\" content=\"https:\/\/turismoenzamora.es\/turismo-experiencial\/\" \/>\n<meta property=\"og:site_name\" content=\"tourism in Zamora\" \/>\n<meta property=\"article:publisher\" content=\"https:\/\/www.facebook.com\/ZamoraSpain\/\" \/>\n<meta property=\"article:modified_time\" content=\"2024-10-25T09:06:34+00:00\" \/>\n<meta property=\"og:image\" content=\"https:\/\/turismoenzamora.es\/wp-content\/uploads\/2017\/08\/turismo-cultural-249x300.jpg\" \/>\n<meta name=\"twitter:card\" content=\"summary_large_image\" \/>\n<meta name=\"twitter:site\" content=\"@ZamoraSpain\" \/>\n<meta name=\"twitter:label1\" content=\"Est. reading time\" \/>\n\t<meta name=\"twitter:data1\" content=\"3 minutes\" \/>\n<script type=\"application\/ld+json\" class=\"yoast-schema-graph\">{\"@context\":\"https:\/\/schema.org\",\"@graph\":[{\"@type\":\"WebPage\",\"@id\":\"https:\/\/turismoenzamora.es\/turismo-experiencial\/\",\"url\":\"https:\/\/turismoenzamora.es\/turismo-experiencial\/\",\"name\":\"Turismo de Zamora , Turismo Sostenible\",\"isPartOf\":{\"@id\":\"https:\/\/turismoenzamora.es\/pt\/#website\"},\"primaryImageOfPage\":{\"@id\":\"https:\/\/turismoenzamora.es\/turismo-experiencial\/#primaryimage\"},\"image\":{\"@id\":\"https:\/\/turismoenzamora.es\/turismo-experiencial\/#primaryimage\"},\"thumbnailUrl\":\"https:\/\/turismoenzamora.es\/wp-content\/uploads\/2017\/08\/turismo-cultural-249x300.jpg\",\"datePublished\":\"2017-08-17T04:53:06+00:00\",\"dateModified\":\"2024-10-25T09:06:34+00:00\",\"description\":\"Esta es la p\u00e1gina Oficial de Turismo de Diputaci\u00f3n de Zamora, donde podr\u00e1 encontrar toda la informaci\u00f3n para disfrutar al m\u00e1ximo de nuestra provincia.\",\"breadcrumb\":{\"@id\":\"https:\/\/turismoenzamora.es\/turismo-experiencial\/#breadcrumb\"},\"inLanguage\":\"en-US\",\"potentialAction\":[{\"@type\":\"ReadAction\",\"target\":[\"https:\/\/turismoenzamora.es\/turismo-experiencial\/\"]}]},{\"@type\":\"ImageObject\",\"inLanguage\":\"en-US\",\"@id\":\"https:\/\/turismoenzamora.es\/turismo-experiencial\/#primaryimage\",\"url\":\"https:\/\/turismoenzamora.es\/wp-content\/uploads\/2017\/08\/turismo-cultural-249x300.jpg\",\"contentUrl\":\"https:\/\/turismoenzamora.es\/wp-content\/uploads\/2017\/08\/turismo-cultural-249x300.jpg\"},{\"@type\":\"BreadcrumbList\",\"@id\":\"https:\/\/turismoenzamora.es\/turismo-experiencial\/#breadcrumb\",\"itemListElement\":[{\"@type\":\"ListItem\",\"position\":1,\"name\":\"Portada\",\"item\":\"https:\/\/turismoenzamora.es\/\"},{\"@type\":\"ListItem\",\"position\":2,\"name\":\"Turismo experiencial\"}]},{\"@type\":\"WebSite\",\"@id\":\"https:\/\/turismoenzamora.es\/pt\/#website\",\"url\":\"https:\/\/turismoenzamora.es\/pt\/\",\"name\":\"Turismo sostenible. Patronato de Turismo de la Diputaci\u00f3n de Zamora.&quot;Turismo Sostenible&quot;.\",\"description\":\"Sustainable tourism. Tourist Board of the Diputaci\u00f3n de Zamora\",\"publisher\":{\"@id\":\"https:\/\/turismoenzamora.es\/pt\/#organization\"},\"potentialAction\":[{\"@type\":\"SearchAction\",\"target\":{\"@type\":\"EntryPoint\",\"urlTemplate\":\"https:\/\/turismoenzamora.es\/pt\/?s={search_term_string}\"},\"query-input\":\"required name=search_term_string\"}],\"inLanguage\":\"en-US\"},{\"@type\":\"Organization\",\"@id\":\"https:\/\/turismoenzamora.es\/pt\/#organization\",\"name\":\"Patronato de Turismo de la Diputaci\u00f3n de Zamora\",\"url\":\"https:\/\/turismoenzamora.es\/pt\/\",\"logo\":{\"@type\":\"ImageObject\",\"inLanguage\":\"en-US\",\"@id\":\"https:\/\/turismoenzamora.es\/pt\/#\/schema\/logo\/image\/\",\"url\":\"https:\/\/turismoenzamora.es\/wp-content\/uploads\/2018\/06\/ZamoraLogo.png\",\"contentUrl\":\"https:\/\/turismoenzamora.es\/wp-content\/uploads\/2018\/06\/ZamoraLogo.png\",\"width\":1276,\"height\":290,\"caption\":\"Patronato de Turismo de la Diputaci\u00f3n de Zamora\"},\"image\":{\"@id\":\"https:\/\/turismoenzamora.es\/pt\/#\/schema\/logo\/image\/\"},\"sameAs\":[\"https:\/\/www.facebook.com\/ZamoraSpain\/\",\"https:\/\/x.com\/ZamoraSpain\",\"https:\/\/www.instagram.com\/turismoenzamora.es\/\",\"https:\/\/www.pinterest.es\/TurismoenZamora\/\",\"https:\/\/www.youtube.com\/channel\/UC2bOyOZ-2cLm-uXlBFYUV9w\"]}]}<\/script>\n<!-- \/ Yoast SEO plugin. -->","yoast_head_json":{"title":"Turismo de Zamora , Turismo Sostenible","description":"Esta es la p\u00e1gina Oficial de Turismo de Diputaci\u00f3n de Zamora, donde podr\u00e1 encontrar toda la informaci\u00f3n para disfrutar al m\u00e1ximo de nuestra provincia.","robots":{"index":"index","follow":"follow","max-snippet":"max-snippet:-1","max-image-preview":"max-image-preview:large","max-video-preview":"max-video-preview:-1"},"canonical":"https:\/\/turismoenzamora.es\/turismo-experiencial\/","og_locale":"en_US","og_type":"article","og_title":"Turismo de Zamora , Turismo Sostenible","og_description":"Esta es la p\u00e1gina Oficial de Turismo de Diputaci\u00f3n de Zamora, donde podr\u00e1 encontrar toda la informaci\u00f3n para disfrutar al m\u00e1ximo de nuestra provincia.","og_url":"https:\/\/turismoenzamora.es\/turismo-experiencial\/","og_site_name":"tourism in Zamora","article_publisher":"https:\/\/www.facebook.com\/ZamoraSpain\/","article_modified_time":"2024-10-25T09:06:34+00:00","og_image":[{"url":"https:\/\/turismoenzamora.es\/wp-content\/uploads\/2017\/08\/turismo-cultural-249x300.jpg"}],"twitter_card":"summary_large_image","twitter_site":"@ZamoraSpain","twitter_misc":{"Est. reading time":"3 minutes"},"schema":{"@context":"https:\/\/schema.org","@graph":[{"@type":"WebPage","@id":"https:\/\/turismoenzamora.es\/turismo-experiencial\/","url":"https:\/\/turismoenzamora.es\/turismo-experiencial\/","name":"Turismo de Zamora , Turismo Sostenible","isPartOf":{"@id":"https:\/\/turismoenzamora.es\/pt\/#website"},"primaryImageOfPage":{"@id":"https:\/\/turismoenzamora.es\/turismo-experiencial\/#primaryimage"},"image":{"@id":"https:\/\/turismoenzamora.es\/turismo-experiencial\/#primaryimage"},"thumbnailUrl":"https:\/\/turismoenzamora.es\/wp-content\/uploads\/2017\/08\/turismo-cultural-249x300.jpg","datePublished":"2017-08-17T04:53:06+00:00","dateModified":"2024-10-25T09:06:34+00:00","description":"Esta es la p\u00e1gina Oficial de Turismo de Diputaci\u00f3n de Zamora, donde podr\u00e1 encontrar toda la informaci\u00f3n para disfrutar al m\u00e1ximo de nuestra provincia.","breadcrumb":{"@id":"https:\/\/turismoenzamora.es\/turismo-experiencial\/#breadcrumb"},"inLanguage":"en-US","potentialAction":[{"@type":"ReadAction","target":["https:\/\/turismoenzamora.es\/turismo-experiencial\/"]}]},{"@type":"ImageObject","inLanguage":"en-US","@id":"https:\/\/turismoenzamora.es\/turismo-experiencial\/#primaryimage","url":"https:\/\/turismoenzamora.es\/wp-content\/uploads\/2017\/08\/turismo-cultural-249x300.jpg","contentUrl":"https:\/\/turismoenzamora.es\/wp-content\/uploads\/2017\/08\/turismo-cultural-249x300.jpg"},{"@type":"BreadcrumbList","@id":"https:\/\/turismoenzamora.es\/turismo-experiencial\/#breadcrumb","itemListElement":[{"@type":"ListItem","position":1,"name":"Portada","item":"https:\/\/turismoenzamora.es\/"},{"@type":"ListItem","position":2,"name":"Turismo experiencial"}]},{"@type":"WebSite","@id":"https:\/\/turismoenzamora.es\/pt\/#website","url":"https:\/\/turismoenzamora.es\/pt\/","name":"Turismo sostenible. Patronato de Turismo de la Diputaci\u00f3n de Zamora.&quot;Turismo Sostenible&quot;.","description":"Sustainable tourism. Tourist Board of the Diputaci\u00f3n de Zamora","publisher":{"@id":"https:\/\/turismoenzamora.es\/pt\/#organization"},"potentialAction":[{"@type":"SearchAction","target":{"@type":"EntryPoint","urlTemplate":"https:\/\/turismoenzamora.es\/pt\/?s={search_term_string}"},"query-input":"required name=search_term_string"}],"inLanguage":"en-US"},{"@type":"Organization","@id":"https:\/\/turismoenzamora.es\/pt\/#organization","name":"Patronato de Turismo de la Diputaci\u00f3n de Zamora","url":"https:\/\/turismoenzamora.es\/pt\/","logo":{"@type":"ImageObject","inLanguage":"en-US","@id":"https:\/\/turismoenzamora.es\/pt\/#\/schema\/logo\/image\/","url":"https:\/\/turismoenzamora.es\/wp-content\/uploads\/2018\/06\/ZamoraLogo.png","contentUrl":"https:\/\/turismoenzamora.es\/wp-content\/uploads\/2018\/06\/ZamoraLogo.png","width":1276,"height":290,"caption":"Patronato de Turismo de la Diputaci\u00f3n de Zamora"},"image":{"@id":"https:\/\/turismoenzamora.es\/pt\/#\/schema\/logo\/image\/"},"sameAs":["https:\/\/www.facebook.com\/ZamoraSpain\/","https:\/\/x.com\/ZamoraSpain","https:\/\/www.instagram.com\/turismoenzamora.es\/","https:\/\/www.pinterest.es\/TurismoenZamora\/","https:\/\/www.youtube.com\/channel\/UC2bOyOZ-2cLm-uXlBFYUV9w"]}]}},"_links":{"self":[{"href":"https:\/\/turismoenzamora.es\/en\/wp-json\/wp\/v2\/pages\/1713"}],"collection":[{"href":"https:\/\/turismoenzamora.es\/en\/wp-json\/wp\/v2\/pages"}],"about":[{"href":"https:\/\/turismoenzamora.es\/en\/wp-json\/wp\/v2\/types\/page"}],"author":[{"embeddable":true,"href":"https:\/\/turismoenzamora.es\/en\/wp-json\/wp\/v2\/users\/1"}],"replies":[{"embeddable":true,"href":"https:\/\/turismoenzamora.es\/en\/wp-json\/wp\/v2\/comments?post=1713"}],"version-history":[{"count":0,"href":"https:\/\/turismoenzamora.es\/en\/wp-json\/wp\/v2\/pages\/1713\/revisions"}],"wp:attachment":[{"href":"https:\/\/turismoenzamora.es\/en\/wp-json\/wp\/v2\/media?parent=1713"}],"curies":[{"name":"wp","href":"https:\/\/api.w.org\/{rel}","templated":true}]}}