{"id":148,"date":"2017-08-07T11:02:14","date_gmt":"2017-08-07T09:02:14","guid":{"rendered":"https:\/\/newweb.turismoenzamora.es\/?page_id=148"},"modified":"2021-09-01T16:44:13","modified_gmt":"2021-09-01T14:44:13","slug":"aliste-tabara-y-alba","status":"publish","type":"page","link":"https:\/\/turismoenzamora.es\/en\/patrimonio-artistico\/aliste-tabara-y-alba\/","title":{"rendered":"Aliste, T\u00e1bara and Alba"},"content":{"rendered":"<p><\/p>\n<h1>Aliste, T\u00e1bara y Alba<\/h1>\n<p><img fetchpriority=\"high\" decoding=\"async\" class=\"aligncenter size-full wp-image-6884\" src=\"https:\/\/turismoenzamora.es\/wp-content\/uploads\/2017\/08\/Patrimonio-Art\u00edstico-Aliste-T\u00e1bara-y-Alba.jpg\" alt=\"\" width=\"900\" height=\"597\" data-id=\"6884\" srcset=\"https:\/\/turismoenzamora.es\/wp-content\/uploads\/2017\/08\/Patrimonio-Art\u00edstico-Aliste-T\u00e1bara-y-Alba.jpg 900w, https:\/\/turismoenzamora.es\/wp-content\/uploads\/2017\/08\/Patrimonio-Art\u00edstico-Aliste-T\u00e1bara-y-Alba-300x199.jpg 300w, https:\/\/turismoenzamora.es\/wp-content\/uploads\/2017\/08\/Patrimonio-Art\u00edstico-Aliste-T\u00e1bara-y-Alba-768x509.jpg 768w\" sizes=\"(max-width: 900px) 100vw, 900px\" \/><\/p>\n<p>Within this natural setting, a visit to Santa Cruz de los Cu\u00e9rragos, a small village that retains interesting examples of traditional architecture, is worthwhile. Its buildings are similar to those of Robledo and Ungilde, with slate a dominant architectural feature. The regional government of Castilla y Le\u00f3n has declared it a \u201cProperty of Cultural Interest\u201d (Bien de Inter\u00e9s Cultural), as an Ethnological Complex. Riomanzanas is another village in the region with a variety of undeniable and attractive architecture.<\/p>\n<p><img decoding=\"async\" class=\"size-medium wp-image-517 alignleft\" src=\"https:\/\/turismoenzamora.es\/wp-content\/uploads\/2017\/08\/aliste_tAbara_alba_2-300x237.jpg\" alt=\"\" width=\"300\" height=\"237\" srcset=\"https:\/\/turismoenzamora.es\/wp-content\/uploads\/2017\/08\/aliste_tAbara_alba_2-300x237.jpg 300w, https:\/\/turismoenzamora.es\/wp-content\/uploads\/2017\/08\/aliste_tAbara_alba_2-768x607.jpg 768w, https:\/\/turismoenzamora.es\/wp-content\/uploads\/2017\/08\/aliste_tAbara_alba_2-1024x809.jpg 1024w, https:\/\/turismoenzamora.es\/wp-content\/uploads\/2017\/08\/aliste_tAbara_alba_2-90x70.jpg 90w\" sizes=\"(max-width: 300px) 100vw, 300px\" \/>T\u00e1bara, birthplace of Le\u00f3n Felipe, holds the Romanesque church of Santa Mar\u00eda, whose monastery preserved the illuminated codex called \u201cdel Beato Tavariense,\u201d currently in the National Historical Archives. There are numerous examples throughout this region of traditional structures, such as corrals, that were formerly used to keep livestock and that represent one of the most beautiful rural scenes of the Aliste region. Also worth remembering are cortinas, sunken stones that mark property lines, and watermills.<\/p>\n<p>The church of San Pedro de la Nave was constructed between 680 and 711, making it one of the latest works of Visigothic Art. It was originally located on the banks of the Esla River, but it was moved to its current location at El Campillo in the 1930s.<\/p>\n<p>It first appeared as a Greek cross; however later two lateral naves were built that gave it its final appearance, a cross between a basilica and cruciform floor plan. The elaborate capitals of \u201cDaniel in the Lions\u2019 Den\u201d and \u201cThe Sacrifice of Isaac\u201d are notable.<\/p>\n<p>Alca\u00f1ices is the capital of Aliste. In 1297, Ferdinand IV of Castilla and Dionisio I of Portugal signed the Treaty of Alca\u00f1ices in the city, establishing the border between Spain and Portugal. Four turrets remain of the ancient wall, the most famous being the Torre del Reloj (The Clock Tower). It also has two churches.one that dates from the 16th century and belongs to the Convent of San Francisco, the other, sober and simple, dates from the 13th century. Next to it is the old palace of the Marquis and Marchioness of Alca\u00f1ices.<\/p>\n<p>A tour of this region takes us through soft, rolling countryside with remarkable places like Carbajales de Alba, birthplace of the carbajalino dress, whose embroidery dates from the 16th century. Moveros, is an important centre for the making of pottery, casks, drinking jugs, casserole, and its most unique piece, a pitcher with one or two handles with a narrow mouth and wide neck.<\/p>\n<p><a href=\"https:\/\/turismoenzamora.es\/wp-content\/uploads\/2020\/02\/patrimonio-art\u00edstico.pdf\" target=\"_blank\" rel=\"noopener noreferrer\"><img decoding=\"async\" class=\"alignleft wp-image-4861 size-full\" src=\"https:\/\/turismoenzamora.es\/wp-content\/uploads\/2017\/08\/masinfo-1.png\" alt=\"M\u00e1s Informaci\u00f3n\" width=\"63\" height=\"32\" data-id=\"4861\"><\/a><\/p>","protected":false},"excerpt":{"rendered":"<p>Aliste, T\u00e1bara y Alba Within this natural setting, a visit to Santa Cruz de los Cu\u00e9rragos, a small village that retains interesting examples of traditional architecture, is worthwhile. Its buildings are similar to those of Robledo and Ungilde, with slate a dominant architectural feature. The regional government of Castilla y Le\u00f3n has declared it a [&hellip;]<\/p>\n","protected":false},"author":1,"featured_media":0,"parent":82,"menu_order":1,"comment_status":"closed","ping_status":"closed","template":"","meta":{"inline_featured_image":false,"site-sidebar-layout":"default","site-content-layout":"default","ast-site-content-layout":"","site-content-style":"default","site-sidebar-style":"default","ast-global-header-display":"","ast-banner-title-visibility":"","ast-main-header-display":"","ast-hfb-above-header-display":"","ast-hfb-below-header-display":"","ast-hfb-mobile-header-display":"","site-post-title":"disabled","ast-breadcrumbs-content":"","ast-featured-img":"","footer-sml-layout":"","theme-transparent-header-meta":"default","adv-header-id-meta":"","stick-header-meta":"","header-above-stick-meta":"","header-main-stick-meta":"","header-below-stick-meta":"","astra-migrate-meta-layouts":"default","ast-page-background-enabled":"default","ast-page-background-meta":{"desktop":{"background-color":"","background-image":"","background-repeat":"repeat","background-position":"center center","background-size":"auto","background-attachment":"scroll","background-type":"","background-media":"","overlay-type":"","overlay-color":"","overlay-opacity":"","overlay-gradient":""},"tablet":{"background-color":"","background-image":"","background-repeat":"repeat","background-position":"center center","background-size":"auto","background-attachment":"scroll","background-type":"","background-media":"","overlay-type":"","overlay-color":"","overlay-opacity":"","overlay-gradient":""},"mobile":{"background-color":"","background-image":"","background-repeat":"repeat","background-position":"center center","background-size":"auto","background-attachment":"scroll","background-type":"","background-media":"","overlay-type":"","overlay-color":"","overlay-opacity":"","overlay-gradient":""}},"ast-content-background-meta":{"desktop":{"background-color":"var(--ast-global-color-5)","background-image":"","background-repeat":"repeat","background-position":"center center","background-size":"auto","background-attachment":"scroll","background-type":"","background-media":"","overlay-type":"","overlay-color":"","overlay-opacity":"","overlay-gradient":""},"tablet":{"background-color":"var(--ast-global-color-5)","background-image":"","background-repeat":"repeat","background-position":"center center","background-size":"auto","background-attachment":"scroll","background-type":"","background-media":"","overlay-type":"","overlay-color":"","overlay-opacity":"","overlay-gradient":""},"mobile":{"background-color":"var(--ast-global-color-5)","background-image":"","background-repeat":"repeat","background-position":"center center","background-size":"auto","background-attachment":"scroll","background-type":"","background-media":"","overlay-type":"","overlay-color":"","overlay-opacity":"","overlay-gradient":""}},"ngg_post_thumbnail":0,"footnotes":""},"yoast_head":"<!-- This site is optimized with the Yoast SEO plugin v23.0 - https:\/\/yoast.com\/wordpress\/plugins\/seo\/ -->\n<title>Turismo de Zamora , Turismo Sostenible<\/title>\n<meta name=\"description\" content=\"Esta es la p\u00e1gina Oficial de Turismo de Diputaci\u00f3n de Zamora, donde podr\u00e1 encontrar toda la informaci\u00f3n para disfrutar al m\u00e1ximo de nuestra provincia.\" \/>\n<meta name=\"robots\" content=\"index, follow, max-snippet:-1, max-image-preview:large, max-video-preview:-1\" \/>\n<link rel=\"canonical\" href=\"https:\/\/turismoenzamora.es\/fr\/patrimonio-artistico\/aliste-tabara-y-alba\/\" \/>\n<meta property=\"og:locale\" content=\"en_US\" \/>\n<meta property=\"og:type\" content=\"article\" \/>\n<meta property=\"og:title\" content=\"Turismo de Zamora , Turismo Sostenible\" \/>\n<meta property=\"og:description\" content=\"Esta es la p\u00e1gina Oficial de Turismo de Diputaci\u00f3n de Zamora, donde podr\u00e1 encontrar toda la informaci\u00f3n para disfrutar al m\u00e1ximo de nuestra provincia.\" \/>\n<meta property=\"og:url\" content=\"https:\/\/turismoenzamora.es\/fr\/patrimonio-artistico\/aliste-tabara-y-alba\/\" \/>\n<meta property=\"og:site_name\" content=\"tourism in Zamora\" \/>\n<meta property=\"article:publisher\" content=\"https:\/\/www.facebook.com\/ZamoraSpain\/\" \/>\n<meta property=\"article:modified_time\" content=\"2021-09-01T14:44:13+00:00\" \/>\n<meta property=\"og:image\" content=\"https:\/\/turismoenzamora.es\/wp-content\/uploads\/2017\/08\/aliste_tAbara_alba_2-300x237.jpg\" \/>\n<meta name=\"twitter:card\" content=\"summary_large_image\" \/>\n<meta name=\"twitter:site\" content=\"@ZamoraSpain\" \/>\n<meta name=\"twitter:label1\" content=\"Est. reading time\" \/>\n\t<meta name=\"twitter:data1\" content=\"12 minutes\" \/>\n<script type=\"application\/ld+json\" class=\"yoast-schema-graph\">{\"@context\":\"https:\/\/schema.org\",\"@graph\":[{\"@type\":\"WebPage\",\"@id\":\"https:\/\/turismoenzamora.es\/fr\/patrimonio-artistico\/aliste-tabara-y-alba\/\",\"url\":\"https:\/\/turismoenzamora.es\/fr\/patrimonio-artistico\/aliste-tabara-y-alba\/\",\"name\":\"Turismo de Zamora , Turismo Sostenible\",\"isPartOf\":{\"@id\":\"https:\/\/turismoenzamora.es\/pt\/#website\"},\"primaryImageOfPage\":{\"@id\":\"https:\/\/turismoenzamora.es\/fr\/patrimonio-artistico\/aliste-tabara-y-alba\/#primaryimage\"},\"image\":{\"@id\":\"https:\/\/turismoenzamora.es\/fr\/patrimonio-artistico\/aliste-tabara-y-alba\/#primaryimage\"},\"thumbnailUrl\":\"https:\/\/turismoenzamora.es\/wp-content\/uploads\/2017\/08\/aliste_tAbara_alba_2-300x237.jpg\",\"datePublished\":\"2017-08-07T09:02:14+00:00\",\"dateModified\":\"2021-09-01T14:44:13+00:00\",\"description\":\"Esta es la p\u00e1gina Oficial de Turismo de Diputaci\u00f3n de Zamora, donde podr\u00e1 encontrar toda la informaci\u00f3n para disfrutar al m\u00e1ximo de nuestra provincia.\",\"breadcrumb\":{\"@id\":\"https:\/\/turismoenzamora.es\/fr\/patrimonio-artistico\/aliste-tabara-y-alba\/#breadcrumb\"},\"inLanguage\":\"en-US\",\"potentialAction\":[{\"@type\":\"ReadAction\",\"target\":[\"https:\/\/turismoenzamora.es\/fr\/patrimonio-artistico\/aliste-tabara-y-alba\/\"]}]},{\"@type\":\"ImageObject\",\"inLanguage\":\"en-US\",\"@id\":\"https:\/\/turismoenzamora.es\/fr\/patrimonio-artistico\/aliste-tabara-y-alba\/#primaryimage\",\"url\":\"https:\/\/turismoenzamora.es\/wp-content\/uploads\/2017\/08\/aliste_tAbara_alba_2-300x237.jpg\",\"contentUrl\":\"https:\/\/turismoenzamora.es\/wp-content\/uploads\/2017\/08\/aliste_tAbara_alba_2-300x237.jpg\"},{\"@type\":\"BreadcrumbList\",\"@id\":\"https:\/\/turismoenzamora.es\/fr\/patrimonio-artistico\/aliste-tabara-y-alba\/#breadcrumb\",\"itemListElement\":[{\"@type\":\"ListItem\",\"position\":1,\"name\":\"Portada\",\"item\":\"https:\/\/turismoenzamora.es\/\"},{\"@type\":\"ListItem\",\"position\":2,\"name\":\"Patrimonio Art\u00edstico\",\"item\":\"https:\/\/turismoenzamora.es\/en\/patrimonio-artistico\/\"},{\"@type\":\"ListItem\",\"position\":3,\"name\":\"Aliste, T\u00e1bara y Alba\"}]},{\"@type\":\"WebSite\",\"@id\":\"https:\/\/turismoenzamora.es\/pt\/#website\",\"url\":\"https:\/\/turismoenzamora.es\/pt\/\",\"name\":\"Turismo sostenible. Patronato de Turismo de la Diputaci\u00f3n de Zamora.&quot;Turismo Sostenible&quot;.\",\"description\":\"Sustainable tourism. Tourist Board of the Diputaci\u00f3n de Zamora\",\"publisher\":{\"@id\":\"https:\/\/turismoenzamora.es\/pt\/#organization\"},\"potentialAction\":[{\"@type\":\"SearchAction\",\"target\":{\"@type\":\"EntryPoint\",\"urlTemplate\":\"https:\/\/turismoenzamora.es\/pt\/?s={search_term_string}\"},\"query-input\":\"required name=search_term_string\"}],\"inLanguage\":\"en-US\"},{\"@type\":\"Organization\",\"@id\":\"https:\/\/turismoenzamora.es\/pt\/#organization\",\"name\":\"Patronato de Turismo de la Diputaci\u00f3n de Zamora\",\"url\":\"https:\/\/turismoenzamora.es\/pt\/\",\"logo\":{\"@type\":\"ImageObject\",\"inLanguage\":\"en-US\",\"@id\":\"https:\/\/turismoenzamora.es\/pt\/#\/schema\/logo\/image\/\",\"url\":\"https:\/\/turismoenzamora.es\/wp-content\/uploads\/2018\/06\/ZamoraLogo.png\",\"contentUrl\":\"https:\/\/turismoenzamora.es\/wp-content\/uploads\/2018\/06\/ZamoraLogo.png\",\"width\":1276,\"height\":290,\"caption\":\"Patronato de Turismo de la Diputaci\u00f3n de Zamora\"},\"image\":{\"@id\":\"https:\/\/turismoenzamora.es\/pt\/#\/schema\/logo\/image\/\"},\"sameAs\":[\"https:\/\/www.facebook.com\/ZamoraSpain\/\",\"https:\/\/x.com\/ZamoraSpain\",\"https:\/\/www.instagram.com\/turismoenzamora.es\/\",\"https:\/\/www.pinterest.es\/TurismoenZamora\/\",\"https:\/\/www.youtube.com\/channel\/UC2bOyOZ-2cLm-uXlBFYUV9w\"]}]}<\/script>\n<!-- \/ Yoast SEO plugin. -->","yoast_head_json":{"title":"Turismo de Zamora , Turismo Sostenible","description":"Esta es la p\u00e1gina Oficial de Turismo de Diputaci\u00f3n de Zamora, donde podr\u00e1 encontrar toda la informaci\u00f3n para disfrutar al m\u00e1ximo de nuestra provincia.","robots":{"index":"index","follow":"follow","max-snippet":"max-snippet:-1","max-image-preview":"max-image-preview:large","max-video-preview":"max-video-preview:-1"},"canonical":"https:\/\/turismoenzamora.es\/fr\/patrimonio-artistico\/aliste-tabara-y-alba\/","og_locale":"en_US","og_type":"article","og_title":"Turismo de Zamora , Turismo Sostenible","og_description":"Esta es la p\u00e1gina Oficial de Turismo de Diputaci\u00f3n de Zamora, donde podr\u00e1 encontrar toda la informaci\u00f3n para disfrutar al m\u00e1ximo de nuestra provincia.","og_url":"https:\/\/turismoenzamora.es\/fr\/patrimonio-artistico\/aliste-tabara-y-alba\/","og_site_name":"tourism in Zamora","article_publisher":"https:\/\/www.facebook.com\/ZamoraSpain\/","article_modified_time":"2021-09-01T14:44:13+00:00","og_image":[{"url":"https:\/\/turismoenzamora.es\/wp-content\/uploads\/2017\/08\/aliste_tAbara_alba_2-300x237.jpg"}],"twitter_card":"summary_large_image","twitter_site":"@ZamoraSpain","twitter_misc":{"Est. reading time":"12 minutes"},"schema":{"@context":"https:\/\/schema.org","@graph":[{"@type":"WebPage","@id":"https:\/\/turismoenzamora.es\/fr\/patrimonio-artistico\/aliste-tabara-y-alba\/","url":"https:\/\/turismoenzamora.es\/fr\/patrimonio-artistico\/aliste-tabara-y-alba\/","name":"Turismo de Zamora , Turismo Sostenible","isPartOf":{"@id":"https:\/\/turismoenzamora.es\/pt\/#website"},"primaryImageOfPage":{"@id":"https:\/\/turismoenzamora.es\/fr\/patrimonio-artistico\/aliste-tabara-y-alba\/#primaryimage"},"image":{"@id":"https:\/\/turismoenzamora.es\/fr\/patrimonio-artistico\/aliste-tabara-y-alba\/#primaryimage"},"thumbnailUrl":"https:\/\/turismoenzamora.es\/wp-content\/uploads\/2017\/08\/aliste_tAbara_alba_2-300x237.jpg","datePublished":"2017-08-07T09:02:14+00:00","dateModified":"2021-09-01T14:44:13+00:00","description":"Esta es la p\u00e1gina Oficial de Turismo de Diputaci\u00f3n de Zamora, donde podr\u00e1 encontrar toda la informaci\u00f3n para disfrutar al m\u00e1ximo de nuestra provincia.","breadcrumb":{"@id":"https:\/\/turismoenzamora.es\/fr\/patrimonio-artistico\/aliste-tabara-y-alba\/#breadcrumb"},"inLanguage":"en-US","potentialAction":[{"@type":"ReadAction","target":["https:\/\/turismoenzamora.es\/fr\/patrimonio-artistico\/aliste-tabara-y-alba\/"]}]},{"@type":"ImageObject","inLanguage":"en-US","@id":"https:\/\/turismoenzamora.es\/fr\/patrimonio-artistico\/aliste-tabara-y-alba\/#primaryimage","url":"https:\/\/turismoenzamora.es\/wp-content\/uploads\/2017\/08\/aliste_tAbara_alba_2-300x237.jpg","contentUrl":"https:\/\/turismoenzamora.es\/wp-content\/uploads\/2017\/08\/aliste_tAbara_alba_2-300x237.jpg"},{"@type":"BreadcrumbList","@id":"https:\/\/turismoenzamora.es\/fr\/patrimonio-artistico\/aliste-tabara-y-alba\/#breadcrumb","itemListElement":[{"@type":"ListItem","position":1,"name":"Portada","item":"https:\/\/turismoenzamora.es\/"},{"@type":"ListItem","position":2,"name":"Patrimonio Art\u00edstico","item":"https:\/\/turismoenzamora.es\/en\/patrimonio-artistico\/"},{"@type":"ListItem","position":3,"name":"Aliste, T\u00e1bara y Alba"}]},{"@type":"WebSite","@id":"https:\/\/turismoenzamora.es\/pt\/#website","url":"https:\/\/turismoenzamora.es\/pt\/","name":"Turismo sostenible. Patronato de Turismo de la Diputaci\u00f3n de Zamora.&quot;Turismo Sostenible&quot;.","description":"Sustainable tourism. Tourist Board of the Diputaci\u00f3n de Zamora","publisher":{"@id":"https:\/\/turismoenzamora.es\/pt\/#organization"},"potentialAction":[{"@type":"SearchAction","target":{"@type":"EntryPoint","urlTemplate":"https:\/\/turismoenzamora.es\/pt\/?s={search_term_string}"},"query-input":"required name=search_term_string"}],"inLanguage":"en-US"},{"@type":"Organization","@id":"https:\/\/turismoenzamora.es\/pt\/#organization","name":"Patronato de Turismo de la Diputaci\u00f3n de Zamora","url":"https:\/\/turismoenzamora.es\/pt\/","logo":{"@type":"ImageObject","inLanguage":"en-US","@id":"https:\/\/turismoenzamora.es\/pt\/#\/schema\/logo\/image\/","url":"https:\/\/turismoenzamora.es\/wp-content\/uploads\/2018\/06\/ZamoraLogo.png","contentUrl":"https:\/\/turismoenzamora.es\/wp-content\/uploads\/2018\/06\/ZamoraLogo.png","width":1276,"height":290,"caption":"Patronato de Turismo de la Diputaci\u00f3n de Zamora"},"image":{"@id":"https:\/\/turismoenzamora.es\/pt\/#\/schema\/logo\/image\/"},"sameAs":["https:\/\/www.facebook.com\/ZamoraSpain\/","https:\/\/x.com\/ZamoraSpain","https:\/\/www.instagram.com\/turismoenzamora.es\/","https:\/\/www.pinterest.es\/TurismoenZamora\/","https:\/\/www.youtube.com\/channel\/UC2bOyOZ-2cLm-uXlBFYUV9w"]}]}},"_links":{"self":[{"href":"https:\/\/turismoenzamora.es\/en\/wp-json\/wp\/v2\/pages\/148"}],"collection":[{"href":"https:\/\/turismoenzamora.es\/en\/wp-json\/wp\/v2\/pages"}],"about":[{"href":"https:\/\/turismoenzamora.es\/en\/wp-json\/wp\/v2\/types\/page"}],"author":[{"embeddable":true,"href":"https:\/\/turismoenzamora.es\/en\/wp-json\/wp\/v2\/users\/1"}],"replies":[{"embeddable":true,"href":"https:\/\/turismoenzamora.es\/en\/wp-json\/wp\/v2\/comments?post=148"}],"version-history":[{"count":0,"href":"https:\/\/turismoenzamora.es\/en\/wp-json\/wp\/v2\/pages\/148\/revisions"}],"up":[{"embeddable":true,"href":"https:\/\/turismoenzamora.es\/en\/wp-json\/wp\/v2\/pages\/82"}],"wp:attachment":[{"href":"https:\/\/turismoenzamora.es\/en\/wp-json\/wp\/v2\/media?parent=148"}],"curies":[{"name":"wp","href":"https:\/\/api.w.org\/{rel}","templated":true}]}}