{"id":84,"date":"2017-08-04T16:01:00","date_gmt":"2017-08-04T14:01:00","guid":{"rendered":"https:\/\/newweb.turismoenzamora.es\/?page_id=84"},"modified":"2021-09-01T16:15:42","modified_gmt":"2021-09-01T14:15:42","slug":"patrimonio-gastronomico","status":"publish","type":"page","link":"https:\/\/turismoenzamora.es\/de\/patrimonio-gastronomico\/","title":{"rendered":"Patrimonio Gastron\u00f3mico"},"content":{"rendered":"<p><\/p>\n<h1 class=\"title\">Gastronomie<\/h1>\n<p><img fetchpriority=\"high\" decoding=\"async\" class=\"aligncenter size-full wp-image-7001\" src=\"https:\/\/turismoenzamora.es\/wp-content\/uploads\/2018\/04\/Bodeg\u00f3n-Alimentos-Concha-Prada.jpg\" alt=\"\" data-id=\"7001\" width=\"3543\" height=\"1757\" srcset=\"https:\/\/turismoenzamora.es\/wp-content\/uploads\/2018\/04\/Bodeg\u00f3n-Alimentos-Concha-Prada.jpg 3543w, https:\/\/turismoenzamora.es\/wp-content\/uploads\/2018\/04\/Bodeg\u00f3n-Alimentos-Concha-Prada-300x149.jpg 300w, https:\/\/turismoenzamora.es\/wp-content\/uploads\/2018\/04\/Bodeg\u00f3n-Alimentos-Concha-Prada-768x381.jpg 768w, https:\/\/turismoenzamora.es\/wp-content\/uploads\/2018\/04\/Bodeg\u00f3n-Alimentos-Concha-Prada-1024x508.jpg 1024w\" sizes=\"(max-width: 3543px) 100vw, 3543px\" \/><br \/>\n<strong>Zamora f\u00fcr den Gaumen<\/strong><\/p>\n<p>Die Gastronomie ist immer gepr\u00e4gt von der Pers\u00f6nlichkeit der jeweiligen Gegend und wird zu einem unterscheidenden Element und Identit\u00e4tsmerkmal einer jeden Gemeinde. Zamora war vor allem von Vieh- und Landwirtschaft gepr\u00e4gt, darum sind die Haupts\u00e4ulen der Provinz ihre regionalen, nat\u00fcrlichen und hochwertigen Produkte.<\/p>\n<p>Einige Gerichte haben sich zu wahrhaften Vorbildern der zamorischen K\u00fcche entwickelt, wegen ihrer sekul\u00e4ren Fortdauer in den volkst\u00fcmlichen Rezepten und ihrer Verbindung zu ihrem Herkunftsgebiet. Reisgericht auf zamorische Art, Kabeljauconfit und Tintenfisch oder Forelle sanebrischer Art bilden die besten Referenzgruppe mit der solidesten Konsistenz eines ber\u00fchmten Rezeptbuchs, das sich auf alle Bezirke und Gegenden erstreckt, und dem sogar die Namenskunde bei der Benennung hilft, wenn es sich um die Identifizierung anderer klassischer Rezepte handelt: Coco-Bohnen aus Sanabria, Wildschwein in Rotwein aus Toro, junge Taube aus Tierra de Campos, C\u00edster-Kuchen (Mandelkuchen bedeckt mit Engelshaar) oder \u201cCa\u00f1as a la zamorana\u201d (Geb\u00e4ck aus Zamora). Die Rezepte verweisen auf Anbau oder traditionelle Zutaten und auf die Landwirtschaft und Viehzucht der Vergangenheit, wodurch die Menschen sich heute verpflicht f\u00fchlen, die regionalen, hochwertigen Produkte zu bewahren und zu konsumieren.<\/p>\n<p>Dessen ungeachtet ist die zamorische K\u00fcche, so wie auch der Rest der Region, ein Echo dessen, was die spanische K\u00fcche erlebt, die in den letzten zehn Jahren unbestreitbar die F\u00fchrung als Vorreiterrolle \u00fcbernommen hat. Diese Str\u00f6mung hat den Kochexperten eine neue Welt in Technik und Interpretation von Gerichten er\u00f6ffnet, das Konzept der Innovation haben sich die zamorischen Experten sehr zu Herzen genommen, und diese neuen Einfl\u00fcsse in ihren Wirkungsbereich und ihre Restaurants getragen. Es ist nicht verwunderlich, dass Gerichte mit unserem zamorischen K\u00e4se oder Forelle und der H\u00fclsenfruchteintopf Ver\u00e4nderungen unterworfen waren. In viele spezialisierten Ver\u00f6ffentlichungen und Restaurantf\u00fchrern fanden die K\u00fcchen zahlreicher Restaurants in Zamora und der Provinz besondere und lobende Erw\u00e4hnung.<\/p>\n<p>Hier muss man au\u00dferdem noch das Ph\u00e4nomen der Mini-K\u00fcche hinzuf\u00fcgen, die die traditionale Tapa, die in Zamora tief verwurzelt ist, aufgewertet hat. Dank des Einsatzes der zamorischen Restaurantbetreiber wurde dieser Art K\u00fcche der R\u00fccken gest\u00e4rkt und es wurden exquisite und k\u00fcnstlerische Tapas kreiert, was zu der gefeierten Initiative \u201cMit Tapas durch ganz Zamora\u201d, einem Tapas-Wettbewerb, an dem der gr\u00f6\u00dfte Teil der gastronomischen Betriebe teilnimmt, indem sie eine Tapa f\u00fcr den Wettbewerb und zum Preis von einem Euro zubereiten.<\/p>\n<div class=\"description\">\n<div class=\"joomla_add_this\">\n<p>&nbsp;<\/p>\n<p><a href=\"https:\/\/turismoenzamora.es\/wp-content\/uploads\/2017\/08\/ZDP-Gastronom\u00eda-2016.pdf\"><img loading=\"lazy\" decoding=\"async\" class=\"size-full wp-image-2020 alignright\" src=\"https:\/\/turismoenzamora.es\/wp-content\/uploads\/2017\/08\/descarga-1.jpg\" alt=\"\" width=\"32\" height=\"40\"><\/a><\/p>\n<div style=\"overflow-x: auto;\">\n<table>\n<tbody>\n<tr>\n<td><a href=\"https:\/\/turismoenzamora.es\/queso\"><img decoding=\"async\" class=\"alignnone size-medium wp-image-1821\" src=\"https:\/\/turismoenzamora.es\/wp-content\/uploads\/2017\/08\/categoria-queso-gastronomiaa-300x149.jpg\" alt=\"\" width=\"300\" height=\"149\" srcset=\"https:\/\/turismoenzamora.es\/wp-content\/uploads\/2017\/08\/categoria-queso-gastronomiaa-300x149.jpg 300w, https:\/\/turismoenzamora.es\/wp-content\/uploads\/2017\/08\/categoria-queso-gastronomiaa.jpg 400w\" sizes=\"(max-width: 300px) 100vw, 300px\" \/><\/a><\/td>\n<td><a href=\"https:\/\/turismoenzamora.es\/harina\"><img loading=\"lazy\" decoding=\"async\" class=\"alignnone size-medium wp-image-1819\" src=\"https:\/\/turismoenzamora.es\/wp-content\/uploads\/2017\/08\/categoria-gastronomia-harinaa-300x149.jpg\" alt=\"\" width=\"300\" height=\"149\" srcset=\"https:\/\/turismoenzamora.es\/wp-content\/uploads\/2017\/08\/categoria-gastronomia-harinaa-300x149.jpg 300w, https:\/\/turismoenzamora.es\/wp-content\/uploads\/2017\/08\/categoria-gastronomia-harinaa.jpg 400w\" sizes=\"(max-width: 300px) 100vw, 300px\" \/><\/a><\/td>\n<td><a href=\"https:\/\/turismoenzamora.es\/chorizo\/\"><img loading=\"lazy\" decoding=\"async\" class=\"alignnone size-medium wp-image-1820\" src=\"https:\/\/turismoenzamora.es\/wp-content\/uploads\/2017\/08\/categoria-gastronomia-chorizoo-300x149.jpg\" alt=\"chorizo\" width=\"300\" height=\"149\" srcset=\"https:\/\/turismoenzamora.es\/wp-content\/uploads\/2017\/08\/categoria-gastronomia-chorizoo-300x149.jpg 300w, https:\/\/turismoenzamora.es\/wp-content\/uploads\/2017\/08\/categoria-gastronomia-chorizoo.jpg 400w\" sizes=\"(max-width: 300px) 100vw, 300px\" \/><\/a><\/td>\n<\/tr>\n<tr>\n<td align=\"center\"><a href=\"https:\/\/turismoenzamora.es\/queso\">K\u00c4SE<\/a><\/td>\n<td align=\"center\"><a href=\"https:\/\/turismoenzamora.es\/harina\">MEHL<\/a><\/td>\n<td align=\"center\"><a href=\"https:\/\/turismoenzamora.es\/chorizo\">CHORIZO<\/a><\/td>\n<\/tr>\n<tr>\n<td><a href=\"https:\/\/turismoenzamora.es\/ternera-de-aliste\"><img loading=\"lazy\" decoding=\"async\" class=\"alignnone size-medium wp-image-1822\" src=\"https:\/\/turismoenzamora.es\/wp-content\/uploads\/2017\/08\/categoria-gastronomia-ternera_alistee-300x143.jpg\" alt=\"\" width=\"300\" height=\"143\" srcset=\"https:\/\/turismoenzamora.es\/wp-content\/uploads\/2017\/08\/categoria-gastronomia-ternera_alistee-300x143.jpg 300w, https:\/\/turismoenzamora.es\/wp-content\/uploads\/2017\/08\/categoria-gastronomia-ternera_alistee.jpg 400w\" sizes=\"(max-width: 300px) 100vw, 300px\" \/><\/a><\/td>\n<td><a href=\"https:\/\/turismoenzamora.es\/lechazo-de-castilla-y-leon\"><img loading=\"lazy\" decoding=\"async\" class=\"alignnone size-medium wp-image-1823\" src=\"https:\/\/turismoenzamora.es\/wp-content\/uploads\/2017\/08\/categoria-lechazo-gastronomiaa-300x143.jpg\" alt=\"\" width=\"300\" height=\"143\" srcset=\"https:\/\/turismoenzamora.es\/wp-content\/uploads\/2017\/08\/categoria-lechazo-gastronomiaa-300x143.jpg 300w, https:\/\/turismoenzamora.es\/wp-content\/uploads\/2017\/08\/categoria-lechazo-gastronomiaa.jpg 400w\" sizes=\"(max-width: 300px) 100vw, 300px\" \/><\/a><\/td>\n<td><a href=\"https:\/\/turismoenzamora.es\/habon-sanabres\"><img loading=\"lazy\" decoding=\"async\" class=\"alignnone size-medium wp-image-1824\" src=\"https:\/\/turismoenzamora.es\/wp-content\/uploads\/2017\/08\/categoria-gastronomia-habon_de_sanabriaa-300x149.jpg\" alt=\"\" width=\"300\" height=\"149\" srcset=\"https:\/\/turismoenzamora.es\/wp-content\/uploads\/2017\/08\/categoria-gastronomia-habon_de_sanabriaa-300x149.jpg 300w, https:\/\/turismoenzamora.es\/wp-content\/uploads\/2017\/08\/categoria-gastronomia-habon_de_sanabriaa.jpg 400w\" sizes=\"(max-width: 300px) 100vw, 300px\" \/><\/a><\/td>\n<\/tr>\n<tr>\n<td align=\"center\"><a href=\"https:\/\/turismoenzamora.es\/ternera-de-aliste\">KALBFLEISCH AUS ALISTE <\/a><\/td>\n<td align=\"center\"><a href=\"https:\/\/turismoenzamora.es\/lechazo-de-castilla-y-leon\">MILCHLAMM AUS KASTILIEN UND LE\u00d3N<\/a><\/td>\n<td align=\"center\"><a href=\"https:\/\/turismoenzamora.es\/habon-sanabres\">BOHNEN AUS SANABRIEN<\/a><\/td>\n<\/tr>\n<tr>\n<td><a href=\"https:\/\/turismoenzamora.es\/garbanzo-de-fuentesauco\"><img loading=\"lazy\" decoding=\"async\" class=\"alignnone size-medium wp-image-1825\" src=\"https:\/\/turismoenzamora.es\/wp-content\/uploads\/2017\/08\/categoria-gastronomia-garbanzoss-300x149.jpg\" alt=\"\" width=\"300\" height=\"149\" srcset=\"https:\/\/turismoenzamora.es\/wp-content\/uploads\/2017\/08\/categoria-gastronomia-garbanzoss-300x149.jpg 300w, https:\/\/turismoenzamora.es\/wp-content\/uploads\/2017\/08\/categoria-gastronomia-garbanzoss.jpg 400w\" sizes=\"(max-width: 300px) 100vw, 300px\" \/><\/a><\/td>\n<td><a href=\"https:\/\/turismoenzamora.es\/pimiento-de-fresno-benavente\"><img loading=\"lazy\" decoding=\"async\" class=\"alignnone size-medium wp-image-1826\" src=\"https:\/\/turismoenzamora.es\/wp-content\/uploads\/2017\/08\/categoria-gastronomia-pimientoo-300x143.jpg\" alt=\"\" width=\"300\" height=\"143\" srcset=\"https:\/\/turismoenzamora.es\/wp-content\/uploads\/2017\/08\/categoria-gastronomia-pimientoo-300x143.jpg 300w, https:\/\/turismoenzamora.es\/wp-content\/uploads\/2017\/08\/categoria-gastronomia-pimientoo.jpg 400w\" sizes=\"(max-width: 300px) 100vw, 300px\" \/><\/a><\/td>\n<td><a href=\"https:\/\/turismoenzamora.es\/minicocina-de-tapas-por-zamora\"><img loading=\"lazy\" decoding=\"async\" class=\"alignnone size-medium wp-image-1827\" src=\"https:\/\/turismoenzamora.es\/wp-content\/uploads\/2017\/08\/recetas-chanfaina-300x149.jpg\" alt=\"\" width=\"300\" height=\"149\" srcset=\"https:\/\/turismoenzamora.es\/wp-content\/uploads\/2017\/08\/recetas-chanfaina-300x149.jpg 300w, https:\/\/turismoenzamora.es\/wp-content\/uploads\/2017\/08\/recetas-chanfaina.jpg 400w\" sizes=\"(max-width: 300px) 100vw, 300px\" \/><\/a><\/td>\n<\/tr>\n<tr>\n<td align=\"center\"><a href=\"https:\/\/turismoenzamora.es\/garbanzo-de-fuentesauco\">KICHERERBSEN AUS FUENTESA\u00daCO<\/a><\/td>\n<td align=\"center\"><a href=\"https:\/\/turismoenzamora.es\/pimiento-de-fresno-benavente\">PAPRIKA AUS FRESNO-BENAVENTE<\/a><\/td>\n<td align=\"center\"><a href=\"https:\/\/turismoenzamora.es\/minicocina-de-tapas-por-zamora\">MINICOCINA: DE TAPAS POR ZAMORA<\/a><\/td>\n<\/tr>\n<tr>\n<td><a href=\"https:\/\/turismoenzamora.es\/setas\"><img loading=\"lazy\" decoding=\"async\" class=\"alignnone size-medium wp-image-1828\" src=\"https:\/\/turismoenzamora.es\/wp-content\/uploads\/2017\/08\/categoria-gastronomia-setass-300x149.jpg\" alt=\"\" width=\"300\" height=\"149\" srcset=\"https:\/\/turismoenzamora.es\/wp-content\/uploads\/2017\/08\/categoria-gastronomia-setass-300x149.jpg 300w, https:\/\/turismoenzamora.es\/wp-content\/uploads\/2017\/08\/categoria-gastronomia-setass.jpg 400w\" sizes=\"(max-width: 300px) 100vw, 300px\" \/><\/a><\/td>\n<td><a href=\"https:\/\/turismoenzamora.es\/otros\"><img loading=\"lazy\" decoding=\"async\" class=\"alignnone size-medium wp-image-1829\" src=\"https:\/\/turismoenzamora.es\/wp-content\/uploads\/2017\/08\/categoria-gastronomia-castanas-300x149.jpg\" alt=\"\" width=\"300\" height=\"149\" srcset=\"https:\/\/turismoenzamora.es\/wp-content\/uploads\/2017\/08\/categoria-gastronomia-castanas-300x149.jpg 300w, https:\/\/turismoenzamora.es\/wp-content\/uploads\/2017\/08\/categoria-gastronomia-castanas.jpg 400w\" sizes=\"(max-width: 300px) 100vw, 300px\" \/><\/a><\/td>\n<\/tr>\n<tr>\n<td align=\"center\"><a href=\"https:\/\/turismoenzamora.es\/setas\">PILZE AUS KASTILIEN UND LE\u00d3N<\/a><\/td>\n<td align=\"center\"><a href=\"https:\/\/turismoenzamora.es\/otros\">ANDERE PRODUKTE<\/a><\/td>\n<\/tr>\n<\/tbody>\n<\/table>\n<\/div>\n<\/div>\n<\/div>\n<article class=\"item\">\n<header id=\"access\"><\/header>\n<div class=\"description\">&nbsp;<\/div>\n<\/article>\n<p><\/p>","protected":false},"excerpt":{"rendered":"<p>Gastronomie Zamora f\u00fcr den Gaumen Die Gastronomie ist immer gepr\u00e4gt von der Pers\u00f6nlichkeit der jeweiligen Gegend und wird zu einem unterscheidenden Element und Identit\u00e4tsmerkmal einer jeden Gemeinde. Zamora war vor allem von Vieh- und Landwirtschaft gepr\u00e4gt, darum sind die Haupts\u00e4ulen der Provinz ihre regionalen, nat\u00fcrlichen und hochwertigen Produkte. Einige Gerichte haben sich zu wahrhaften Vorbildern [&hellip;]<\/p>\n","protected":false},"author":1,"featured_media":0,"parent":0,"menu_order":5,"comment_status":"closed","ping_status":"closed","template":"","meta":{"inline_featured_image":false,"site-sidebar-layout":"default","site-content-layout":"","ast-site-content-layout":"","site-content-style":"default","site-sidebar-style":"default","ast-global-header-display":"","ast-banner-title-visibility":"","ast-main-header-display":"","ast-hfb-above-header-display":"","ast-hfb-below-header-display":"","ast-hfb-mobile-header-display":"","site-post-title":"","ast-breadcrumbs-content":"","ast-featured-img":"","footer-sml-layout":"","theme-transparent-header-meta":"","adv-header-id-meta":"","stick-header-meta":"","header-above-stick-meta":"","header-main-stick-meta":"","header-below-stick-meta":"","astra-migrate-meta-layouts":"default","ast-page-background-enabled":"default","ast-page-background-meta":{"desktop":{"background-color":"","background-image":"","background-repeat":"repeat","background-position":"center center","background-size":"auto","background-attachment":"scroll","background-type":"","background-media":"","overlay-type":"","overlay-color":"","overlay-opacity":"","overlay-gradient":""},"tablet":{"background-color":"","background-image":"","background-repeat":"repeat","background-position":"center center","background-size":"auto","background-attachment":"scroll","background-type":"","background-media":"","overlay-type":"","overlay-color":"","overlay-opacity":"","overlay-gradient":""},"mobile":{"background-color":"","background-image":"","background-repeat":"repeat","background-position":"center center","background-size":"auto","background-attachment":"scroll","background-type":"","background-media":"","overlay-type":"","overlay-color":"","overlay-opacity":"","overlay-gradient":""}},"ast-content-background-meta":{"desktop":{"background-color":"var(--ast-global-color-5)","background-image":"","background-repeat":"repeat","background-position":"center center","background-size":"auto","background-attachment":"scroll","background-type":"","background-media":"","overlay-type":"","overlay-color":"","overlay-opacity":"","overlay-gradient":""},"tablet":{"background-color":"var(--ast-global-color-5)","background-image":"","background-repeat":"repeat","background-position":"center center","background-size":"auto","background-attachment":"scroll","background-type":"","background-media":"","overlay-type":"","overlay-color":"","overlay-opacity":"","overlay-gradient":""},"mobile":{"background-color":"var(--ast-global-color-5)","background-image":"","background-repeat":"repeat","background-position":"center center","background-size":"auto","background-attachment":"scroll","background-type":"","background-media":"","overlay-type":"","overlay-color":"","overlay-opacity":"","overlay-gradient":""}},"ngg_post_thumbnail":0,"footnotes":""},"yoast_head":"<!-- This site is optimized with the Yoast SEO plugin v23.0 - https:\/\/yoast.com\/wordpress\/plugins\/seo\/ -->\n<title>Turismo de Zamora , Turismo Sostenible<\/title>\n<meta name=\"description\" content=\"Esta es la p\u00e1gina Oficial de Turismo de Diputaci\u00f3n de Zamora, donde podr\u00e1 encontrar toda la informaci\u00f3n para disfrutar al m\u00e1ximo de nuestra provincia.\" \/>\n<meta name=\"robots\" content=\"index, follow, max-snippet:-1, max-image-preview:large, max-video-preview:-1\" \/>\n<link rel=\"canonical\" href=\"https:\/\/turismoenzamora.es\/fr\/patrimonio-gastronomico\/\" \/>\n<meta property=\"og:locale\" content=\"de_DE\" \/>\n<meta property=\"og:type\" content=\"article\" \/>\n<meta property=\"og:title\" content=\"Turismo de Zamora , Turismo Sostenible\" \/>\n<meta property=\"og:description\" content=\"Esta es la p\u00e1gina Oficial de Turismo de Diputaci\u00f3n de Zamora, donde podr\u00e1 encontrar toda la informaci\u00f3n para disfrutar al m\u00e1ximo de nuestra provincia.\" \/>\n<meta property=\"og:url\" content=\"https:\/\/turismoenzamora.es\/fr\/patrimonio-gastronomico\/\" \/>\n<meta property=\"og:site_name\" content=\"Tourismus in Zamora\" \/>\n<meta property=\"article:publisher\" content=\"https:\/\/www.facebook.com\/ZamoraSpain\/\" \/>\n<meta property=\"article:modified_time\" content=\"2021-09-01T14:15:42+00:00\" \/>\n<meta property=\"og:image\" content=\"https:\/\/turismoenzamora.es\/wp-content\/uploads\/2017\/08\/descarga-1.jpg\" \/>\n<meta name=\"twitter:card\" content=\"summary_large_image\" \/>\n<meta name=\"twitter:site\" content=\"@ZamoraSpain\" \/>\n<meta name=\"twitter:label1\" content=\"Gesch\u00e4tzte Lesezeit\" \/>\n\t<meta name=\"twitter:data1\" content=\"11 Minuten\" \/>\n<script type=\"application\/ld+json\" class=\"yoast-schema-graph\">{\"@context\":\"https:\/\/schema.org\",\"@graph\":[{\"@type\":\"WebPage\",\"@id\":\"https:\/\/turismoenzamora.es\/fr\/patrimonio-gastronomico\/\",\"url\":\"https:\/\/turismoenzamora.es\/fr\/patrimonio-gastronomico\/\",\"name\":\"Turismo de Zamora , Turismo Sostenible\",\"isPartOf\":{\"@id\":\"https:\/\/turismoenzamora.es\/pt\/#website\"},\"primaryImageOfPage\":{\"@id\":\"https:\/\/turismoenzamora.es\/fr\/patrimonio-gastronomico\/#primaryimage\"},\"image\":{\"@id\":\"https:\/\/turismoenzamora.es\/fr\/patrimonio-gastronomico\/#primaryimage\"},\"thumbnailUrl\":\"https:\/\/turismoenzamora.es\/wp-content\/uploads\/2017\/08\/descarga-1.jpg\",\"datePublished\":\"2017-08-04T14:01:00+00:00\",\"dateModified\":\"2021-09-01T14:15:42+00:00\",\"description\":\"Esta es la p\u00e1gina Oficial de Turismo de Diputaci\u00f3n de Zamora, donde podr\u00e1 encontrar toda la informaci\u00f3n para disfrutar al m\u00e1ximo de nuestra provincia.\",\"breadcrumb\":{\"@id\":\"https:\/\/turismoenzamora.es\/fr\/patrimonio-gastronomico\/#breadcrumb\"},\"inLanguage\":\"de-DE\",\"potentialAction\":[{\"@type\":\"ReadAction\",\"target\":[\"https:\/\/turismoenzamora.es\/fr\/patrimonio-gastronomico\/\"]}]},{\"@type\":\"ImageObject\",\"inLanguage\":\"de-DE\",\"@id\":\"https:\/\/turismoenzamora.es\/fr\/patrimonio-gastronomico\/#primaryimage\",\"url\":\"https:\/\/turismoenzamora.es\/wp-content\/uploads\/2017\/08\/descarga-1.jpg\",\"contentUrl\":\"https:\/\/turismoenzamora.es\/wp-content\/uploads\/2017\/08\/descarga-1.jpg\"},{\"@type\":\"BreadcrumbList\",\"@id\":\"https:\/\/turismoenzamora.es\/fr\/patrimonio-gastronomico\/#breadcrumb\",\"itemListElement\":[{\"@type\":\"ListItem\",\"position\":1,\"name\":\"Portada\",\"item\":\"https:\/\/turismoenzamora.es\/\"},{\"@type\":\"ListItem\",\"position\":2,\"name\":\"Patrimonio Gastron\u00f3mico\"}]},{\"@type\":\"WebSite\",\"@id\":\"https:\/\/turismoenzamora.es\/pt\/#website\",\"url\":\"https:\/\/turismoenzamora.es\/pt\/\",\"name\":\"Turismo sostenible. Patronato de Turismo de la Diputaci\u00f3n de Zamora.&quot;Turismo Sostenible&quot;.\",\"description\":\"Nachhaltiger Tourismus Tourismusverband der Diputaci\u00f3n de Zamora\",\"publisher\":{\"@id\":\"https:\/\/turismoenzamora.es\/pt\/#organization\"},\"potentialAction\":[{\"@type\":\"SearchAction\",\"target\":{\"@type\":\"EntryPoint\",\"urlTemplate\":\"https:\/\/turismoenzamora.es\/pt\/?s={search_term_string}\"},\"query-input\":\"required name=search_term_string\"}],\"inLanguage\":\"de-DE\"},{\"@type\":\"Organization\",\"@id\":\"https:\/\/turismoenzamora.es\/pt\/#organization\",\"name\":\"Patronato de Turismo de la Diputaci\u00f3n de Zamora\",\"url\":\"https:\/\/turismoenzamora.es\/pt\/\",\"logo\":{\"@type\":\"ImageObject\",\"inLanguage\":\"de-DE\",\"@id\":\"https:\/\/turismoenzamora.es\/pt\/#\/schema\/logo\/image\/\",\"url\":\"https:\/\/turismoenzamora.es\/wp-content\/uploads\/2018\/06\/ZamoraLogo.png\",\"contentUrl\":\"https:\/\/turismoenzamora.es\/wp-content\/uploads\/2018\/06\/ZamoraLogo.png\",\"width\":1276,\"height\":290,\"caption\":\"Patronato de Turismo de la Diputaci\u00f3n de Zamora\"},\"image\":{\"@id\":\"https:\/\/turismoenzamora.es\/pt\/#\/schema\/logo\/image\/\"},\"sameAs\":[\"https:\/\/www.facebook.com\/ZamoraSpain\/\",\"https:\/\/x.com\/ZamoraSpain\",\"https:\/\/www.instagram.com\/turismoenzamora.es\/\",\"https:\/\/www.pinterest.es\/TurismoenZamora\/\",\"https:\/\/www.youtube.com\/channel\/UC2bOyOZ-2cLm-uXlBFYUV9w\"]}]}<\/script>\n<!-- \/ Yoast SEO plugin. -->","yoast_head_json":{"title":"Turismo de Zamora , Turismo Sostenible","description":"Esta es la p\u00e1gina Oficial de Turismo de Diputaci\u00f3n de Zamora, donde podr\u00e1 encontrar toda la informaci\u00f3n para disfrutar al m\u00e1ximo de nuestra provincia.","robots":{"index":"index","follow":"follow","max-snippet":"max-snippet:-1","max-image-preview":"max-image-preview:large","max-video-preview":"max-video-preview:-1"},"canonical":"https:\/\/turismoenzamora.es\/fr\/patrimonio-gastronomico\/","og_locale":"de_DE","og_type":"article","og_title":"Turismo de Zamora , Turismo Sostenible","og_description":"Esta es la p\u00e1gina Oficial de Turismo de Diputaci\u00f3n de Zamora, donde podr\u00e1 encontrar toda la informaci\u00f3n para disfrutar al m\u00e1ximo de nuestra provincia.","og_url":"https:\/\/turismoenzamora.es\/fr\/patrimonio-gastronomico\/","og_site_name":"Tourismus in Zamora","article_publisher":"https:\/\/www.facebook.com\/ZamoraSpain\/","article_modified_time":"2021-09-01T14:15:42+00:00","og_image":[{"url":"https:\/\/turismoenzamora.es\/wp-content\/uploads\/2017\/08\/descarga-1.jpg"}],"twitter_card":"summary_large_image","twitter_site":"@ZamoraSpain","twitter_misc":{"Gesch\u00e4tzte Lesezeit":"11 Minuten"},"schema":{"@context":"https:\/\/schema.org","@graph":[{"@type":"WebPage","@id":"https:\/\/turismoenzamora.es\/fr\/patrimonio-gastronomico\/","url":"https:\/\/turismoenzamora.es\/fr\/patrimonio-gastronomico\/","name":"Turismo de Zamora , Turismo Sostenible","isPartOf":{"@id":"https:\/\/turismoenzamora.es\/pt\/#website"},"primaryImageOfPage":{"@id":"https:\/\/turismoenzamora.es\/fr\/patrimonio-gastronomico\/#primaryimage"},"image":{"@id":"https:\/\/turismoenzamora.es\/fr\/patrimonio-gastronomico\/#primaryimage"},"thumbnailUrl":"https:\/\/turismoenzamora.es\/wp-content\/uploads\/2017\/08\/descarga-1.jpg","datePublished":"2017-08-04T14:01:00+00:00","dateModified":"2021-09-01T14:15:42+00:00","description":"Esta es la p\u00e1gina Oficial de Turismo de Diputaci\u00f3n de Zamora, donde podr\u00e1 encontrar toda la informaci\u00f3n para disfrutar al m\u00e1ximo de nuestra provincia.","breadcrumb":{"@id":"https:\/\/turismoenzamora.es\/fr\/patrimonio-gastronomico\/#breadcrumb"},"inLanguage":"de-DE","potentialAction":[{"@type":"ReadAction","target":["https:\/\/turismoenzamora.es\/fr\/patrimonio-gastronomico\/"]}]},{"@type":"ImageObject","inLanguage":"de-DE","@id":"https:\/\/turismoenzamora.es\/fr\/patrimonio-gastronomico\/#primaryimage","url":"https:\/\/turismoenzamora.es\/wp-content\/uploads\/2017\/08\/descarga-1.jpg","contentUrl":"https:\/\/turismoenzamora.es\/wp-content\/uploads\/2017\/08\/descarga-1.jpg"},{"@type":"BreadcrumbList","@id":"https:\/\/turismoenzamora.es\/fr\/patrimonio-gastronomico\/#breadcrumb","itemListElement":[{"@type":"ListItem","position":1,"name":"Portada","item":"https:\/\/turismoenzamora.es\/"},{"@type":"ListItem","position":2,"name":"Patrimonio Gastron\u00f3mico"}]},{"@type":"WebSite","@id":"https:\/\/turismoenzamora.es\/pt\/#website","url":"https:\/\/turismoenzamora.es\/pt\/","name":"Turismo sostenible. Patronato de Turismo de la Diputaci\u00f3n de Zamora.&quot;Turismo Sostenible&quot;.","description":"Nachhaltiger Tourismus Tourismusverband der Diputaci\u00f3n de Zamora","publisher":{"@id":"https:\/\/turismoenzamora.es\/pt\/#organization"},"potentialAction":[{"@type":"SearchAction","target":{"@type":"EntryPoint","urlTemplate":"https:\/\/turismoenzamora.es\/pt\/?s={search_term_string}"},"query-input":"required name=search_term_string"}],"inLanguage":"de-DE"},{"@type":"Organization","@id":"https:\/\/turismoenzamora.es\/pt\/#organization","name":"Patronato de Turismo de la Diputaci\u00f3n de Zamora","url":"https:\/\/turismoenzamora.es\/pt\/","logo":{"@type":"ImageObject","inLanguage":"de-DE","@id":"https:\/\/turismoenzamora.es\/pt\/#\/schema\/logo\/image\/","url":"https:\/\/turismoenzamora.es\/wp-content\/uploads\/2018\/06\/ZamoraLogo.png","contentUrl":"https:\/\/turismoenzamora.es\/wp-content\/uploads\/2018\/06\/ZamoraLogo.png","width":1276,"height":290,"caption":"Patronato de Turismo de la Diputaci\u00f3n de Zamora"},"image":{"@id":"https:\/\/turismoenzamora.es\/pt\/#\/schema\/logo\/image\/"},"sameAs":["https:\/\/www.facebook.com\/ZamoraSpain\/","https:\/\/x.com\/ZamoraSpain","https:\/\/www.instagram.com\/turismoenzamora.es\/","https:\/\/www.pinterest.es\/TurismoenZamora\/","https:\/\/www.youtube.com\/channel\/UC2bOyOZ-2cLm-uXlBFYUV9w"]}]}},"_links":{"self":[{"href":"https:\/\/turismoenzamora.es\/de\/wp-json\/wp\/v2\/pages\/84"}],"collection":[{"href":"https:\/\/turismoenzamora.es\/de\/wp-json\/wp\/v2\/pages"}],"about":[{"href":"https:\/\/turismoenzamora.es\/de\/wp-json\/wp\/v2\/types\/page"}],"author":[{"embeddable":true,"href":"https:\/\/turismoenzamora.es\/de\/wp-json\/wp\/v2\/users\/1"}],"replies":[{"embeddable":true,"href":"https:\/\/turismoenzamora.es\/de\/wp-json\/wp\/v2\/comments?post=84"}],"version-history":[{"count":0,"href":"https:\/\/turismoenzamora.es\/de\/wp-json\/wp\/v2\/pages\/84\/revisions"}],"wp:attachment":[{"href":"https:\/\/turismoenzamora.es\/de\/wp-json\/wp\/v2\/media?parent=84"}],"curies":[{"name":"wp","href":"https:\/\/api.w.org\/{rel}","templated":true}]}}