{"id":4848,"date":"2017-10-17T16:30:24","date_gmt":"2017-10-17T14:30:24","guid":{"rendered":"https:\/\/newweb.turismoenzamora.es\/?page_id=4848"},"modified":"2021-09-17T12:00:11","modified_gmt":"2021-09-17T10:00:11","slug":"reserva-de-la-biosfera-meseta-iberica","status":"publish","type":"page","link":"https:\/\/turismoenzamora.es\/de\/patrimonio-natural\/reserva-de-la-biosfera-meseta-iberica\/","title":{"rendered":"Reserva de la Biosfera Meseta Ib\u00e9rica"},"content":{"rendered":"\t\t<div data-elementor-type=\"wp-page\" data-elementor-id=\"4848\" class=\"elementor elementor-4848\" data-elementor-post-type=\"page\">\n\t\t\t\t\t\t<section class=\"elementor-section elementor-top-section elementor-element elementor-element-421c890b elementor-section-boxed elementor-section-height-default elementor-section-height-default\" data-id=\"421c890b\" data-element_type=\"section\">\n\t\t\t\t\t\t<div class=\"elementor-container elementor-column-gap-default\">\n\t\t\t\t\t<div class=\"elementor-column elementor-col-100 elementor-top-column elementor-element elementor-element-429e24be\" data-id=\"429e24be\" data-element_type=\"column\">\n\t\t\t<div class=\"elementor-widget-wrap elementor-element-populated\">\n\t\t\t\t\t\t<div class=\"elementor-element elementor-element-3ade1902 elementor-widget elementor-widget-text-editor\" data-id=\"3ade1902\" data-element_type=\"widget\" data-widget_type=\"text-editor.default\">\n\t\t\t\t<div class=\"elementor-widget-container\">\n\t\t\t\t\t\t\t<p>&nbsp;<\/p>\n<h1 style=\"padding-left: 70px; padding-right: 70px;\">La Reserva de la Biosfera Transfronteriza Meseta Ib\u00e9rica<\/h1>\n<p><\/p>\n<p style=\"padding-left: 70px; padding-right: 70px;\"><img fetchpriority=\"high\" decoding=\"async\" class=\"wp-image-13197 alignleft\" src=\"https:\/\/www.turismoenzamora.es\/wp-content\/uploads\/2021\/09\/MesetaIberica_cmyk.jpg\" alt=\"\" width=\"341\" height=\"185\" srcset=\"https:\/\/turismoenzamora.es\/wp-content\/uploads\/2021\/09\/MesetaIberica_cmyk.jpg 736w, https:\/\/turismoenzamora.es\/wp-content\/uploads\/2021\/09\/MesetaIberica_cmyk-300x163.jpg 300w\" sizes=\"(max-width: 341px) 100vw, 341px\" \/>Con sus 11.326 kil\u00f3metros cuadrados que abarcan la raya fronteriza entre las provincias de Zamora y Salamanca y el espacio nordeste transmontano de Portugal, constituye la m\u00e1s grande de este car\u00e1cter en toda Europa. Un total de ochenta y siete municipios, de los que casi la mitad corresponden a Zamora, integran este espacio sostenible, declarado por la UNESCO como Reserva en 2015 y que incluye nada menos que cuatro Parques Naturales y diversos espacios de la Red Natura 2000.<\/p>\n<p style=\"padding-left: 70px; padding-right: 70px;\"><b>Paisajes \u00fanicos y diversos<\/b><\/p>\n<p style=\"padding-left: 70px; padding-right: 70px;\">Un impresionante mosaico de paisajes notables y diversos forman parte de este espacio \u00fanico, donde pueden contemplarse desde cimas de m\u00e1s de 2.000 metros de altitud del Parque Natural del Lago de Sanabria y alrededores, lleno de lagunas, valles encajados, morrenas y el mayor lago de origen glaciar de la pen\u00ednsula ib\u00e9rica, hasta uno de los espacios geol\u00f3gicos m\u00e1s antiguos, integrado en el Parque Natural de Montesinho, que permiten observar fragmentos con muchos millones de a\u00f1os de viejos continentes bajo las monta\u00f1as bajas y colinas de esta zona.<br>El espect\u00e1culo paisaj\u00edstico se completa con los magn\u00edficos ca\u00f1ones fluviales abiertos por el r\u00edo Duero y su afluente \u00c1gueda en la misma raya fronteriza, que conforman el Parque Natural de los Arribes y el Parque Natural Douro Internacional.<\/p>\n<p style=\"padding-left: 70px; padding-right: 70px;\"><b>Biodiversidad y riqueza<\/b><\/p>\n<p style=\"padding-left: 70px; padding-right: 70px;\">La Reserva de la Biosfera Meseta Ib\u00e9rica es tambi\u00e9n un espacio fronterizo entre los climas mediterr\u00e1neo y atl\u00e1ntico, lo que explica la enorme biodiversidad de fauna y de flora, donde se refugian especies en peligro de extinci\u00f3n y varios tesoros bot\u00e1nicos. La mayor densidad de lobos de Europa habita las serran\u00edas de la Culebra, y comparten territorio con venados, jabal\u00edes y por supuesto con los reba\u00f1os de ovejas, que constituyen una de las fuentes de riqueza de los pueblos de la zona.<br>Tambi\u00e9n pueden verse cig\u00fce\u00f1as negras, \u00e1guilas y alimoches, entre otras muchas especies en los escarpes de los Arribes y el Douro Internacional, as\u00ed como especies de mariposas exclusivas y rarezas como el mejill\u00f3n de r\u00edo o la lamprea.<\/p>\n<p style=\"padding-left: 70px; padding-right: 70px;\"><b>Arquitectura popular, fiestas y gastronom\u00eda<\/b><\/p>\n<p style=\"padding-left: 70px; padding-right: 70px;\">Y por supuesto una enorme riqueza patrimonial y cultural, que puede visitarse en los numerosos pueblos de este espacio lleno de historia y tradiciones, con una gastronom\u00eda propia de enorme calidad en la que destaca la carne, quesos y los productos silvestres que proceden de sus montes y los frutos mediterr\u00e1neos del valle del Duero, como las naranjas, almendras y el aceite.<\/p>\n<p style=\"padding-left: 70px; padding-right: 70px;\">M\u00e1s informaci\u00f3n: <a href=\"http:\/\/www.biosfera-mesetaiberica.com\/es\">http:\/\/www.biosfera-mesetaiberica.com\/es<\/a><\/p>\n<p>&nbsp; &nbsp; &nbsp; &nbsp; &nbsp; &nbsp; &nbsp; &nbsp; &nbsp;&nbsp; &nbsp; &nbsp; &nbsp; &nbsp; &nbsp; &nbsp; &nbsp;&nbsp;<a href=\"https:\/\/www.turismoenzamora.es\/wp-content\/uploads\/2017\/11\/Meseta_iberica_versao-23-nov-2016.pdf\"><img decoding=\"async\" class=\"size-full wp-image-4861 alignnone\" src=\"https:\/\/www.turismoenzamora.es\/wp-content\/uploads\/2017\/08\/masinfo-1.png\" alt=\"descarga\" width=\"63\" height=\"32\" data-id=\"4861\"><\/a><\/p>\n<p><\/p>\n<p><!-- wp:paragraph --><\/p>\n<p><!-- \/wp:paragraph --><\/p>\t\t\t\t\t\t<\/div>\n\t\t\t\t<\/div>\n\t\t\t\t\t<\/div>\n\t\t<\/div>\n\t\t\t\t\t<\/div>\n\t\t<\/section>\n\t\t\t\t<\/div>\n\t\t","protected":false},"excerpt":{"rendered":"<p>&nbsp; La Reserva de la Biosfera Transfronteriza Meseta Ib\u00e9rica Con sus 11.326 kil\u00f3metros cuadrados que abarcan la raya fronteriza entre las provincias de Zamora y Salamanca y el espacio nordeste transmontano de Portugal, constituye la m\u00e1s grande de este car\u00e1cter en toda Europa. Un total de ochenta y siete municipios, de los que casi la [&hellip;]<\/p>\n","protected":false},"author":1,"featured_media":0,"parent":91,"menu_order":1,"comment_status":"closed","ping_status":"closed","template":"","meta":{"inline_featured_image":false,"site-sidebar-layout":"default","site-content-layout":"default","ast-site-content-layout":"","site-content-style":"default","site-sidebar-style":"default","ast-global-header-display":"","ast-banner-title-visibility":"","ast-main-header-display":"","ast-hfb-above-header-display":"","ast-hfb-below-header-display":"","ast-hfb-mobile-header-display":"","site-post-title":"disabled","ast-breadcrumbs-content":"","ast-featured-img":"","footer-sml-layout":"","theme-transparent-header-meta":"default","adv-header-id-meta":"","stick-header-meta":"","header-above-stick-meta":"","header-main-stick-meta":"","header-below-stick-meta":"","astra-migrate-meta-layouts":"default","ast-page-background-enabled":"default","ast-page-background-meta":{"desktop":{"background-color":"","background-image":"","background-repeat":"repeat","background-position":"center center","background-size":"auto","background-attachment":"scroll","background-type":"","background-media":"","overlay-type":"","overlay-color":"","overlay-opacity":"","overlay-gradient":""},"tablet":{"background-color":"","background-image":"","background-repeat":"repeat","background-position":"center center","background-size":"auto","background-attachment":"scroll","background-type":"","background-media":"","overlay-type":"","overlay-color":"","overlay-opacity":"","overlay-gradient":""},"mobile":{"background-color":"","background-image":"","background-repeat":"repeat","background-position":"center center","background-size":"auto","background-attachment":"scroll","background-type":"","background-media":"","overlay-type":"","overlay-color":"","overlay-opacity":"","overlay-gradient":""}},"ast-content-background-meta":{"desktop":{"background-color":"var(--ast-global-color-5)","background-image":"","background-repeat":"repeat","background-position":"center center","background-size":"auto","background-attachment":"scroll","background-type":"","background-media":"","overlay-type":"","overlay-color":"","overlay-opacity":"","overlay-gradient":""},"tablet":{"background-color":"var(--ast-global-color-5)","background-image":"","background-repeat":"repeat","background-position":"center center","background-size":"auto","background-attachment":"scroll","background-type":"","background-media":"","overlay-type":"","overlay-color":"","overlay-opacity":"","overlay-gradient":""},"mobile":{"background-color":"var(--ast-global-color-5)","background-image":"","background-repeat":"repeat","background-position":"center center","background-size":"auto","background-attachment":"scroll","background-type":"","background-media":"","overlay-type":"","overlay-color":"","overlay-opacity":"","overlay-gradient":""}},"ngg_post_thumbnail":0,"footnotes":""},"yoast_head":"<!-- This site is optimized with the Yoast SEO plugin v23.0 - https:\/\/yoast.com\/wordpress\/plugins\/seo\/ -->\n<title>Turismo de Zamora , Turismo Sostenible<\/title>\n<meta name=\"description\" content=\"Esta es la p\u00e1gina Oficial de Turismo de Diputaci\u00f3n de Zamora, donde podr\u00e1 encontrar toda la informaci\u00f3n para disfrutar al m\u00e1ximo de nuestra provincia.\" \/>\n<meta name=\"robots\" content=\"index, follow, max-snippet:-1, max-image-preview:large, max-video-preview:-1\" \/>\n<link rel=\"canonical\" href=\"https:\/\/turismoenzamora.es\/fr\/patrimonio-natural\/reserva-de-la-biosfera-meseta-iberica\/\" \/>\n<meta property=\"og:locale\" content=\"de_DE\" \/>\n<meta property=\"og:type\" content=\"article\" \/>\n<meta property=\"og:title\" content=\"Turismo de Zamora , Turismo Sostenible\" \/>\n<meta property=\"og:description\" content=\"Esta es la p\u00e1gina Oficial de Turismo de Diputaci\u00f3n de Zamora, donde podr\u00e1 encontrar toda la informaci\u00f3n para disfrutar al m\u00e1ximo de nuestra provincia.\" \/>\n<meta property=\"og:url\" content=\"https:\/\/turismoenzamora.es\/fr\/patrimonio-natural\/reserva-de-la-biosfera-meseta-iberica\/\" \/>\n<meta property=\"og:site_name\" content=\"Tourismus in Zamora\" \/>\n<meta property=\"article:publisher\" content=\"https:\/\/www.facebook.com\/ZamoraSpain\/\" \/>\n<meta property=\"article:modified_time\" content=\"2021-09-17T10:00:11+00:00\" \/>\n<meta property=\"og:image\" content=\"https:\/\/turismoenzamora.es\/wp-content\/uploads\/2021\/09\/MesetaIberica_cmyk.jpg\" \/>\n<meta name=\"twitter:card\" content=\"summary_large_image\" \/>\n<meta name=\"twitter:site\" content=\"@ZamoraSpain\" \/>\n<meta name=\"twitter:label1\" content=\"Gesch\u00e4tzte Lesezeit\" \/>\n\t<meta name=\"twitter:data1\" content=\"12 Minuten\" \/>\n<script type=\"application\/ld+json\" class=\"yoast-schema-graph\">{\"@context\":\"https:\/\/schema.org\",\"@graph\":[{\"@type\":\"WebPage\",\"@id\":\"https:\/\/turismoenzamora.es\/fr\/patrimonio-natural\/reserva-de-la-biosfera-meseta-iberica\/\",\"url\":\"https:\/\/turismoenzamora.es\/fr\/patrimonio-natural\/reserva-de-la-biosfera-meseta-iberica\/\",\"name\":\"Turismo de Zamora , Turismo Sostenible\",\"isPartOf\":{\"@id\":\"https:\/\/turismoenzamora.es\/pt\/#website\"},\"primaryImageOfPage\":{\"@id\":\"https:\/\/turismoenzamora.es\/fr\/patrimonio-natural\/reserva-de-la-biosfera-meseta-iberica\/#primaryimage\"},\"image\":{\"@id\":\"https:\/\/turismoenzamora.es\/fr\/patrimonio-natural\/reserva-de-la-biosfera-meseta-iberica\/#primaryimage\"},\"thumbnailUrl\":\"https:\/\/turismoenzamora.es\/wp-content\/uploads\/2021\/09\/MesetaIberica_cmyk.jpg\",\"datePublished\":\"2017-10-17T14:30:24+00:00\",\"dateModified\":\"2021-09-17T10:00:11+00:00\",\"description\":\"Esta es la p\u00e1gina Oficial de Turismo de Diputaci\u00f3n de Zamora, donde podr\u00e1 encontrar toda la informaci\u00f3n para disfrutar al m\u00e1ximo de nuestra provincia.\",\"breadcrumb\":{\"@id\":\"https:\/\/turismoenzamora.es\/fr\/patrimonio-natural\/reserva-de-la-biosfera-meseta-iberica\/#breadcrumb\"},\"inLanguage\":\"de-DE\",\"potentialAction\":[{\"@type\":\"ReadAction\",\"target\":[\"https:\/\/turismoenzamora.es\/fr\/patrimonio-natural\/reserva-de-la-biosfera-meseta-iberica\/\"]}]},{\"@type\":\"ImageObject\",\"inLanguage\":\"de-DE\",\"@id\":\"https:\/\/turismoenzamora.es\/fr\/patrimonio-natural\/reserva-de-la-biosfera-meseta-iberica\/#primaryimage\",\"url\":\"https:\/\/turismoenzamora.es\/wp-content\/uploads\/2021\/09\/MesetaIberica_cmyk.jpg\",\"contentUrl\":\"https:\/\/turismoenzamora.es\/wp-content\/uploads\/2021\/09\/MesetaIberica_cmyk.jpg\"},{\"@type\":\"BreadcrumbList\",\"@id\":\"https:\/\/turismoenzamora.es\/fr\/patrimonio-natural\/reserva-de-la-biosfera-meseta-iberica\/#breadcrumb\",\"itemListElement\":[{\"@type\":\"ListItem\",\"position\":1,\"name\":\"Portada\",\"item\":\"https:\/\/turismoenzamora.es\/\"},{\"@type\":\"ListItem\",\"position\":2,\"name\":\"Patrimonio Natural\",\"item\":\"https:\/\/turismoenzamora.es\/fr\/patrimonio-natural\/\"},{\"@type\":\"ListItem\",\"position\":3,\"name\":\"Reserva de la Biosfera Meseta Ib\u00e9rica\"}]},{\"@type\":\"WebSite\",\"@id\":\"https:\/\/turismoenzamora.es\/pt\/#website\",\"url\":\"https:\/\/turismoenzamora.es\/pt\/\",\"name\":\"Turismo sostenible. Patronato de Turismo de la Diputaci\u00f3n de Zamora.&quot;Turismo Sostenible&quot;.\",\"description\":\"Nachhaltiger Tourismus Tourismusverband der Diputaci\u00f3n de Zamora\",\"publisher\":{\"@id\":\"https:\/\/turismoenzamora.es\/pt\/#organization\"},\"potentialAction\":[{\"@type\":\"SearchAction\",\"target\":{\"@type\":\"EntryPoint\",\"urlTemplate\":\"https:\/\/turismoenzamora.es\/pt\/?s={search_term_string}\"},\"query-input\":\"required name=search_term_string\"}],\"inLanguage\":\"de-DE\"},{\"@type\":\"Organization\",\"@id\":\"https:\/\/turismoenzamora.es\/pt\/#organization\",\"name\":\"Patronato de Turismo de la Diputaci\u00f3n de Zamora\",\"url\":\"https:\/\/turismoenzamora.es\/pt\/\",\"logo\":{\"@type\":\"ImageObject\",\"inLanguage\":\"de-DE\",\"@id\":\"https:\/\/turismoenzamora.es\/pt\/#\/schema\/logo\/image\/\",\"url\":\"https:\/\/turismoenzamora.es\/wp-content\/uploads\/2018\/06\/ZamoraLogo.png\",\"contentUrl\":\"https:\/\/turismoenzamora.es\/wp-content\/uploads\/2018\/06\/ZamoraLogo.png\",\"width\":1276,\"height\":290,\"caption\":\"Patronato de Turismo de la Diputaci\u00f3n de Zamora\"},\"image\":{\"@id\":\"https:\/\/turismoenzamora.es\/pt\/#\/schema\/logo\/image\/\"},\"sameAs\":[\"https:\/\/www.facebook.com\/ZamoraSpain\/\",\"https:\/\/x.com\/ZamoraSpain\",\"https:\/\/www.instagram.com\/turismoenzamora.es\/\",\"https:\/\/www.pinterest.es\/TurismoenZamora\/\",\"https:\/\/www.youtube.com\/channel\/UC2bOyOZ-2cLm-uXlBFYUV9w\"]}]}<\/script>\n<!-- \/ Yoast SEO plugin. -->","yoast_head_json":{"title":"Turismo de Zamora , Turismo Sostenible","description":"Esta es la p\u00e1gina Oficial de Turismo de Diputaci\u00f3n de Zamora, donde podr\u00e1 encontrar toda la informaci\u00f3n para disfrutar al m\u00e1ximo de nuestra provincia.","robots":{"index":"index","follow":"follow","max-snippet":"max-snippet:-1","max-image-preview":"max-image-preview:large","max-video-preview":"max-video-preview:-1"},"canonical":"https:\/\/turismoenzamora.es\/fr\/patrimonio-natural\/reserva-de-la-biosfera-meseta-iberica\/","og_locale":"de_DE","og_type":"article","og_title":"Turismo de Zamora , Turismo Sostenible","og_description":"Esta es la p\u00e1gina Oficial de Turismo de Diputaci\u00f3n de Zamora, donde podr\u00e1 encontrar toda la informaci\u00f3n para disfrutar al m\u00e1ximo de nuestra provincia.","og_url":"https:\/\/turismoenzamora.es\/fr\/patrimonio-natural\/reserva-de-la-biosfera-meseta-iberica\/","og_site_name":"Tourismus in Zamora","article_publisher":"https:\/\/www.facebook.com\/ZamoraSpain\/","article_modified_time":"2021-09-17T10:00:11+00:00","og_image":[{"url":"https:\/\/turismoenzamora.es\/wp-content\/uploads\/2021\/09\/MesetaIberica_cmyk.jpg"}],"twitter_card":"summary_large_image","twitter_site":"@ZamoraSpain","twitter_misc":{"Gesch\u00e4tzte Lesezeit":"12 Minuten"},"schema":{"@context":"https:\/\/schema.org","@graph":[{"@type":"WebPage","@id":"https:\/\/turismoenzamora.es\/fr\/patrimonio-natural\/reserva-de-la-biosfera-meseta-iberica\/","url":"https:\/\/turismoenzamora.es\/fr\/patrimonio-natural\/reserva-de-la-biosfera-meseta-iberica\/","name":"Turismo de Zamora , Turismo Sostenible","isPartOf":{"@id":"https:\/\/turismoenzamora.es\/pt\/#website"},"primaryImageOfPage":{"@id":"https:\/\/turismoenzamora.es\/fr\/patrimonio-natural\/reserva-de-la-biosfera-meseta-iberica\/#primaryimage"},"image":{"@id":"https:\/\/turismoenzamora.es\/fr\/patrimonio-natural\/reserva-de-la-biosfera-meseta-iberica\/#primaryimage"},"thumbnailUrl":"https:\/\/turismoenzamora.es\/wp-content\/uploads\/2021\/09\/MesetaIberica_cmyk.jpg","datePublished":"2017-10-17T14:30:24+00:00","dateModified":"2021-09-17T10:00:11+00:00","description":"Esta es la p\u00e1gina Oficial de Turismo de Diputaci\u00f3n de Zamora, donde podr\u00e1 encontrar toda la informaci\u00f3n para disfrutar al m\u00e1ximo de nuestra provincia.","breadcrumb":{"@id":"https:\/\/turismoenzamora.es\/fr\/patrimonio-natural\/reserva-de-la-biosfera-meseta-iberica\/#breadcrumb"},"inLanguage":"de-DE","potentialAction":[{"@type":"ReadAction","target":["https:\/\/turismoenzamora.es\/fr\/patrimonio-natural\/reserva-de-la-biosfera-meseta-iberica\/"]}]},{"@type":"ImageObject","inLanguage":"de-DE","@id":"https:\/\/turismoenzamora.es\/fr\/patrimonio-natural\/reserva-de-la-biosfera-meseta-iberica\/#primaryimage","url":"https:\/\/turismoenzamora.es\/wp-content\/uploads\/2021\/09\/MesetaIberica_cmyk.jpg","contentUrl":"https:\/\/turismoenzamora.es\/wp-content\/uploads\/2021\/09\/MesetaIberica_cmyk.jpg"},{"@type":"BreadcrumbList","@id":"https:\/\/turismoenzamora.es\/fr\/patrimonio-natural\/reserva-de-la-biosfera-meseta-iberica\/#breadcrumb","itemListElement":[{"@type":"ListItem","position":1,"name":"Portada","item":"https:\/\/turismoenzamora.es\/"},{"@type":"ListItem","position":2,"name":"Patrimonio Natural","item":"https:\/\/turismoenzamora.es\/fr\/patrimonio-natural\/"},{"@type":"ListItem","position":3,"name":"Reserva de la Biosfera Meseta Ib\u00e9rica"}]},{"@type":"WebSite","@id":"https:\/\/turismoenzamora.es\/pt\/#website","url":"https:\/\/turismoenzamora.es\/pt\/","name":"Turismo sostenible. Patronato de Turismo de la Diputaci\u00f3n de Zamora.&quot;Turismo Sostenible&quot;.","description":"Nachhaltiger Tourismus Tourismusverband der Diputaci\u00f3n de Zamora","publisher":{"@id":"https:\/\/turismoenzamora.es\/pt\/#organization"},"potentialAction":[{"@type":"SearchAction","target":{"@type":"EntryPoint","urlTemplate":"https:\/\/turismoenzamora.es\/pt\/?s={search_term_string}"},"query-input":"required name=search_term_string"}],"inLanguage":"de-DE"},{"@type":"Organization","@id":"https:\/\/turismoenzamora.es\/pt\/#organization","name":"Patronato de Turismo de la Diputaci\u00f3n de Zamora","url":"https:\/\/turismoenzamora.es\/pt\/","logo":{"@type":"ImageObject","inLanguage":"de-DE","@id":"https:\/\/turismoenzamora.es\/pt\/#\/schema\/logo\/image\/","url":"https:\/\/turismoenzamora.es\/wp-content\/uploads\/2018\/06\/ZamoraLogo.png","contentUrl":"https:\/\/turismoenzamora.es\/wp-content\/uploads\/2018\/06\/ZamoraLogo.png","width":1276,"height":290,"caption":"Patronato de Turismo de la Diputaci\u00f3n de Zamora"},"image":{"@id":"https:\/\/turismoenzamora.es\/pt\/#\/schema\/logo\/image\/"},"sameAs":["https:\/\/www.facebook.com\/ZamoraSpain\/","https:\/\/x.com\/ZamoraSpain","https:\/\/www.instagram.com\/turismoenzamora.es\/","https:\/\/www.pinterest.es\/TurismoenZamora\/","https:\/\/www.youtube.com\/channel\/UC2bOyOZ-2cLm-uXlBFYUV9w"]}]}},"_links":{"self":[{"href":"https:\/\/turismoenzamora.es\/de\/wp-json\/wp\/v2\/pages\/4848"}],"collection":[{"href":"https:\/\/turismoenzamora.es\/de\/wp-json\/wp\/v2\/pages"}],"about":[{"href":"https:\/\/turismoenzamora.es\/de\/wp-json\/wp\/v2\/types\/page"}],"author":[{"embeddable":true,"href":"https:\/\/turismoenzamora.es\/de\/wp-json\/wp\/v2\/users\/1"}],"replies":[{"embeddable":true,"href":"https:\/\/turismoenzamora.es\/de\/wp-json\/wp\/v2\/comments?post=4848"}],"version-history":[{"count":0,"href":"https:\/\/turismoenzamora.es\/de\/wp-json\/wp\/v2\/pages\/4848\/revisions"}],"up":[{"embeddable":true,"href":"https:\/\/turismoenzamora.es\/de\/wp-json\/wp\/v2\/pages\/91"}],"wp:attachment":[{"href":"https:\/\/turismoenzamora.es\/de\/wp-json\/wp\/v2\/media?parent=4848"}],"curies":[{"name":"wp","href":"https:\/\/api.w.org\/{rel}","templated":true}]}}