{"id":4816,"date":"2017-10-16T14:57:12","date_gmt":"2017-10-16T12:57:12","guid":{"rendered":"https:\/\/newweb.turismoenzamora.es\/?page_id=4816"},"modified":"2025-06-18T14:45:51","modified_gmt":"2025-06-18T12:45:51","slug":"semana-santa","status":"publish","type":"page","link":"https:\/\/turismoenzamora.es\/de\/patrimonio-popular\/semana-santa\/","title":{"rendered":"Osterwoche"},"content":{"rendered":"<p><\/p>\n<h2>Osterwoche<\/h2>\n<p><iframe src=\"https:\/\/www.youtube.com\/embed\/HkFAOv9imwM\" width=\"560\" height=\"315\" frameborder=\"0\" allowfullscreen=\"allowfullscreen\"><\/iframe><br \/>\nWer sich zu einer Reise nach Zamora entschlie\u00dft, um die Osterwoche in der Stadt zu sehen, hat nat\u00fcrlich die Hoffnung, in das festliches Ambiente einzutauchen, das auf den Stra\u00dfen herrscht, und auch den Wunsch, an den Emotionen der Gemeinschaft teil zu haben, die bei einigen Prozessionen \u00fcbermittelt werden, denn sich von der Provinz Zamora und ihrer Osterwoche einh\u00fcllen zu lassen, bedeutet eine gl\u00fcckliche Erfahrung f\u00fcr den Reisenden.<\/p>\n<p>Seine Zufriedenheit wird gro\u00df sein, wenn er in aller Ruhe die Sehensw\u00fcrdigkeiten entdeckt, die Brosch\u00fcren und Reisef\u00fchrer anbieten. Auch seine Sehnsucht wird gestillt werden, wenn er die geheimen Ecken entdeckt, die die Provinz versteckt. Allerdings wird einiges Wichtige noch fehlen, wenn er abreist, ohne die vielen anderen Sehensw\u00fcrdigkeiten, die hier zum Greifen nah sind, nicht besucht. Dabei beziehen wir uns auf alle Attraktionen, die auf die ganze Provinz verteilt geduldig darauf warten, dass sie entdeckt werden und so Teil der dauerhaften Erinnerungen werden, die der Reisende besitzt, und die sogar wertvoller sind, als anf\u00e4nglich erwartet.<\/p>\n<p>Aber auch wenn Sie Zamora nicht w\u00e4hrend der Passionswoche besuchen k\u00f6nnen, ist das auch nicht schlimm, denn die Osterwoche wird in Zamora w\u00e4hrend des ganzen Jahres gelebt. Das originale Museum der Osterwoche zeigt dem Besucher sehr bedeutende Ausstellungsst\u00fccke: 36 Skulpturengruppen, Tuniken der verschiedenen Laienbruderschaften und Prozessionselemente aller Bruderschaften. Ihr Besuch strahlt Spiritualit\u00e4t, Emotion und Fr\u00f6mmigkeit aus. Dar\u00fcber hinaus beherbergen zahlreiche Kirchen in der Provinzhauptstadt und der Provinz emblematische Abbildungen der Prozessionsumz\u00fcge. Religi\u00f6se Akte, Konferenzen und Ausstellungen \u00fcber dieses religi\u00f6se Fest finden w\u00e4hrend des ganzen Jahres statt, und die Monate vor der Osterwoche brodelt es vor frenetischen Vorbereitungsaktivit\u00e4ten. Zamora ist definitiv eine \u201csemanasantera\u201d.<\/p>\n<p>Zamora ist eine gro\u00dfe und vielseitige Provinz, in der die Br\u00e4uche und Traditionen noch sehr lebendig sind. Das sieht man zum Beispiel an den verschiedenen Osterwochen, die in unseren Ortschaften gefeiert werden: Toro, Bercianos de Aliste, Alca\u00f1ices, Fermoselle, Fuentesa\u00faco, Benavente\u2026 Orte, in denen die Passion auf verschiedene Weise gelebt wird. Diese Ortschaften sind Tr\u00e4ger eines enormen ethnografischen Reichtums, der au\u00dferdem auch in vielen anderen volkst\u00fcmlichen Festen weiterlebt, jedes einzelne davon hat eigene, einzigartige Z\u00fcge.<\/p>\n<p>Die Osterwoche der Provinzhauptstadt wurde zum Fest von internationalem touristischen Interesse erkl\u00e4rt, und die Osterwochen in Toro und Bercianos de Aliste, zu Festen von regionalem touristischen Interesse. Sie f\u00fchren die unz\u00e4hligen Repr\u00e4sentationen an, die w\u00e4hrend der Passionswoche gefeiert werden.<br \/>\n<\/br><br \/>\n<a href=\"https:\/\/www.semanasantaenzamora.es\/\"style=\"color:blue;\">https:\/\/www.semanasantaenzamora.es\/<\/a><\/p>\n<p style=\"padding-left: 120px;\">&nbsp;<\/p>\n<p>&nbsp;<\/p>\n<p>&nbsp;<\/p>\n<p>&nbsp;<\/p>\n<table style=\"margin-left: 30px;\" width=\"500\" cellspacing=\"0\" align=\"center\">\n<tbody style=\"padding-left: 30px;\">\n<tr style=\"padding-left: 30px;\">\n<td style=\"text-align: center; padding-left: 30px;\"><a href=\"https:\/\/turismoenzamora.es\/zamora-2\/\"><img fetchpriority=\"high\" decoding=\"async\" class=\"aligncenter wp-image-4831 size-medium\" src=\"https:\/\/turismoenzamora.es\/wp-content\/uploads\/2017\/10\/categoria-ssanta-zamora-redimen-300x210.jpg\" alt=\"\" width=\"300\" height=\"210\" data-id=\"4824\" srcset=\"https:\/\/turismoenzamora.es\/wp-content\/uploads\/2017\/10\/categoria-ssanta-zamora-redimen-300x210.jpg 300w, https:\/\/turismoenzamora.es\/wp-content\/uploads\/2017\/10\/categoria-ssanta-zamora-redimen.jpg 670w\" sizes=\"(max-width: 300px) 100vw, 300px\" \/>Zamora<\/a><\/td>\n<td style=\"text-align: center; padding-left: 30px;\"><a href=\"https:\/\/turismoenzamora.es\/toro\/\"><img decoding=\"async\" class=\"aligncenter wp-image-4825 size-medium\" src=\"https:\/\/turismoenzamora.es\/wp-content\/uploads\/2017\/10\/categoria-ssanta-toro-300x210.jpg\" alt=\"\" width=\"300\" height=\"210\" data-id=\"4534\" srcset=\"https:\/\/turismoenzamora.es\/wp-content\/uploads\/2017\/10\/categoria-ssanta-toro-300x210.jpg 300w, https:\/\/turismoenzamora.es\/wp-content\/uploads\/2017\/10\/categoria-ssanta-toro.jpg 670w\" sizes=\"(max-width: 300px) 100vw, 300px\" \/>Toro<\/a><\/td>\n<td style=\"text-align: center; padding-left: 30px;\"><a href=\"https:\/\/turismoenzamora.es\/bercianos-de-aliste\/\"><img decoding=\"async\" class=\"aligncenter wp-image-4832 size-medium\" src=\"https:\/\/turismoenzamora.es\/wp-content\/uploads\/2017\/10\/categoria-ssanta-bercianos_redimen-300x210.jpg\" alt=\"\" width=\"300\" height=\"210\" data-id=\"4535\" srcset=\"https:\/\/turismoenzamora.es\/wp-content\/uploads\/2017\/10\/categoria-ssanta-bercianos_redimen-300x210.jpg 300w, https:\/\/turismoenzamora.es\/wp-content\/uploads\/2017\/10\/categoria-ssanta-bercianos_redimen.jpg 670w\" sizes=\"(max-width: 300px) 100vw, 300px\" \/>Bercianos de Aliste<\/a><\/td>\n<\/tr>\n<tr style=\"padding-left: 30px;\">\n<td style=\"text-align: center; padding-left: 30px;\"><a href=\"https:\/\/turismoenzamora.es\/benavente\/\"><img loading=\"lazy\" decoding=\"async\" class=\"aligncenter wp-image-4833 size-medium\" src=\"https:\/\/turismoenzamora.es\/wp-content\/uploads\/2017\/10\/categoria-ssanta-benavente-redimen-300x210.jpg\" alt=\"\" width=\"300\" height=\"210\" data-id=\"4537\" srcset=\"https:\/\/turismoenzamora.es\/wp-content\/uploads\/2017\/10\/categoria-ssanta-benavente-redimen-300x210.jpg 300w, https:\/\/turismoenzamora.es\/wp-content\/uploads\/2017\/10\/categoria-ssanta-benavente-redimen.jpg 670w\" sizes=\"(max-width: 300px) 100vw, 300px\" \/>Benavente<\/a><\/td>\n<td style=\"text-align: center; padding-left: 30px;\"><a href=\"https:\/\/turismoenzamora.es\/otras-pasiones\/\"><img loading=\"lazy\" decoding=\"async\" class=\"aligncenter wp-image-4834 size-medium\" src=\"https:\/\/turismoenzamora.es\/wp-content\/uploads\/2017\/10\/categoria-ssanta-otras-redimen-300x210.jpg\" alt=\"\" width=\"300\" height=\"210\" data-id=\"4539\" srcset=\"https:\/\/turismoenzamora.es\/wp-content\/uploads\/2017\/10\/categoria-ssanta-otras-redimen-300x210.jpg 300w, https:\/\/turismoenzamora.es\/wp-content\/uploads\/2017\/10\/categoria-ssanta-otras-redimen.jpg 670w\" sizes=\"(max-width: 300px) 100vw, 300px\" \/>Otras Pasiones<\/a><\/td>\n<td style=\"padding-left: 30px;\">&nbsp;<\/td>\n<\/tr>\n<\/tbody>\n<\/table>\n<p><\/p>\n<p>&nbsp;<\/p>","protected":false},"excerpt":{"rendered":"<p>Osterwoche Wer sich zu einer Reise nach Zamora entschlie\u00dft, um die Osterwoche in der Stadt zu sehen, hat nat\u00fcrlich die Hoffnung, in das festliches Ambiente einzutauchen, das auf den Stra\u00dfen herrscht, und auch den Wunsch, an den Emotionen der Gemeinschaft teil zu haben, die bei einigen Prozessionen \u00fcbermittelt werden, denn sich von der Provinz Zamora [&hellip;]<\/p>\n","protected":false},"author":1,"featured_media":0,"parent":88,"menu_order":5,"comment_status":"closed","ping_status":"closed","template":"","meta":{"inline_featured_image":false,"site-sidebar-layout":"default","site-content-layout":"default","ast-site-content-layout":"default","site-content-style":"default","site-sidebar-style":"default","ast-global-header-display":"","ast-banner-title-visibility":"","ast-main-header-display":"","ast-hfb-above-header-display":"","ast-hfb-below-header-display":"","ast-hfb-mobile-header-display":"","site-post-title":"disabled","ast-breadcrumbs-content":"","ast-featured-img":"","footer-sml-layout":"","theme-transparent-header-meta":"default","adv-header-id-meta":"","stick-header-meta":"","header-above-stick-meta":"","header-main-stick-meta":"","header-below-stick-meta":"","astra-migrate-meta-layouts":"set","ast-page-background-enabled":"default","ast-page-background-meta":{"desktop":{"background-color":"","background-image":"","background-repeat":"repeat","background-position":"center center","background-size":"auto","background-attachment":"scroll","background-type":"","background-media":"","overlay-type":"","overlay-color":"","overlay-opacity":"","overlay-gradient":""},"tablet":{"background-color":"","background-image":"","background-repeat":"repeat","background-position":"center center","background-size":"auto","background-attachment":"scroll","background-type":"","background-media":"","overlay-type":"","overlay-color":"","overlay-opacity":"","overlay-gradient":""},"mobile":{"background-color":"","background-image":"","background-repeat":"repeat","background-position":"center center","background-size":"auto","background-attachment":"scroll","background-type":"","background-media":"","overlay-type":"","overlay-color":"","overlay-opacity":"","overlay-gradient":""}},"ast-content-background-meta":{"desktop":{"background-color":"var(--ast-global-color-5)","background-image":"","background-repeat":"repeat","background-position":"center center","background-size":"auto","background-attachment":"scroll","background-type":"","background-media":"","overlay-type":"","overlay-color":"","overlay-opacity":"","overlay-gradient":""},"tablet":{"background-color":"var(--ast-global-color-5)","background-image":"","background-repeat":"repeat","background-position":"center center","background-size":"auto","background-attachment":"scroll","background-type":"","background-media":"","overlay-type":"","overlay-color":"","overlay-opacity":"","overlay-gradient":""},"mobile":{"background-color":"var(--ast-global-color-5)","background-image":"","background-repeat":"repeat","background-position":"center center","background-size":"auto","background-attachment":"scroll","background-type":"","background-media":"","overlay-type":"","overlay-color":"","overlay-opacity":"","overlay-gradient":""}},"ngg_post_thumbnail":0,"footnotes":""},"yoast_head":"<!-- This site is optimized with the Yoast SEO plugin v23.0 - https:\/\/yoast.com\/wordpress\/plugins\/seo\/ -->\n<title>Turismo de Zamora , Turismo Sostenible<\/title>\n<meta name=\"description\" content=\"Esta es la p\u00e1gina Oficial de Turismo de Diputaci\u00f3n de Zamora, donde podr\u00e1 encontrar toda la informaci\u00f3n para disfrutar al m\u00e1ximo de nuestra provincia.\" \/>\n<meta name=\"robots\" content=\"index, follow, max-snippet:-1, max-image-preview:large, max-video-preview:-1\" \/>\n<link rel=\"canonical\" href=\"https:\/\/turismoenzamora.es\/patrimonio-popular\/semana-santa\/\" \/>\n<meta property=\"og:locale\" content=\"de_DE\" \/>\n<meta property=\"og:type\" content=\"article\" \/>\n<meta property=\"og:title\" content=\"Turismo de Zamora , Turismo Sostenible\" \/>\n<meta property=\"og:description\" content=\"Esta es la p\u00e1gina Oficial de Turismo de Diputaci\u00f3n de Zamora, donde podr\u00e1 encontrar toda la informaci\u00f3n para disfrutar al m\u00e1ximo de nuestra provincia.\" \/>\n<meta property=\"og:url\" content=\"https:\/\/turismoenzamora.es\/patrimonio-popular\/semana-santa\/\" \/>\n<meta property=\"og:site_name\" content=\"Tourismus in Zamora\" \/>\n<meta property=\"article:publisher\" content=\"https:\/\/www.facebook.com\/ZamoraSpain\/\" \/>\n<meta property=\"article:modified_time\" content=\"2025-06-18T12:45:51+00:00\" \/>\n<meta property=\"og:image\" content=\"https:\/\/turismoenzamora.es\/wp-content\/uploads\/2017\/10\/categoria-ssanta-zamora-redimen-300x210.jpg\" \/>\n<meta name=\"twitter:card\" content=\"summary_large_image\" \/>\n<meta name=\"twitter:site\" content=\"@ZamoraSpain\" \/>\n<meta name=\"twitter:label1\" content=\"Gesch\u00e4tzte Lesezeit\" \/>\n\t<meta name=\"twitter:data1\" content=\"15 Minuten\" \/>\n<script type=\"application\/ld+json\" class=\"yoast-schema-graph\">{\"@context\":\"https:\/\/schema.org\",\"@graph\":[{\"@type\":\"WebPage\",\"@id\":\"https:\/\/turismoenzamora.es\/patrimonio-popular\/semana-santa\/\",\"url\":\"https:\/\/turismoenzamora.es\/patrimonio-popular\/semana-santa\/\",\"name\":\"Turismo de Zamora , Turismo Sostenible\",\"isPartOf\":{\"@id\":\"https:\/\/turismoenzamora.es\/pt\/#website\"},\"primaryImageOfPage\":{\"@id\":\"https:\/\/turismoenzamora.es\/patrimonio-popular\/semana-santa\/#primaryimage\"},\"image\":{\"@id\":\"https:\/\/turismoenzamora.es\/patrimonio-popular\/semana-santa\/#primaryimage\"},\"thumbnailUrl\":\"https:\/\/turismoenzamora.es\/wp-content\/uploads\/2017\/10\/categoria-ssanta-zamora-redimen-300x210.jpg\",\"datePublished\":\"2017-10-16T12:57:12+00:00\",\"dateModified\":\"2025-06-18T12:45:51+00:00\",\"description\":\"Esta es la p\u00e1gina Oficial de Turismo de Diputaci\u00f3n de Zamora, donde podr\u00e1 encontrar toda la informaci\u00f3n para disfrutar al m\u00e1ximo de nuestra provincia.\",\"breadcrumb\":{\"@id\":\"https:\/\/turismoenzamora.es\/patrimonio-popular\/semana-santa\/#breadcrumb\"},\"inLanguage\":\"de-DE\",\"potentialAction\":[{\"@type\":\"ReadAction\",\"target\":[\"https:\/\/turismoenzamora.es\/patrimonio-popular\/semana-santa\/\"]}]},{\"@type\":\"ImageObject\",\"inLanguage\":\"de-DE\",\"@id\":\"https:\/\/turismoenzamora.es\/patrimonio-popular\/semana-santa\/#primaryimage\",\"url\":\"https:\/\/turismoenzamora.es\/wp-content\/uploads\/2017\/10\/categoria-ssanta-zamora-redimen-300x210.jpg\",\"contentUrl\":\"https:\/\/turismoenzamora.es\/wp-content\/uploads\/2017\/10\/categoria-ssanta-zamora-redimen-300x210.jpg\"},{\"@type\":\"BreadcrumbList\",\"@id\":\"https:\/\/turismoenzamora.es\/patrimonio-popular\/semana-santa\/#breadcrumb\",\"itemListElement\":[{\"@type\":\"ListItem\",\"position\":1,\"name\":\"Portada\",\"item\":\"https:\/\/turismoenzamora.es\/\"},{\"@type\":\"ListItem\",\"position\":2,\"name\":\"Patrimonio Popular\",\"item\":\"https:\/\/turismoenzamora.es\/de\/patrimonio-popular\/\"},{\"@type\":\"ListItem\",\"position\":3,\"name\":\"Semana Santa\"}]},{\"@type\":\"WebSite\",\"@id\":\"https:\/\/turismoenzamora.es\/pt\/#website\",\"url\":\"https:\/\/turismoenzamora.es\/pt\/\",\"name\":\"Turismo sostenible. Patronato de Turismo de la Diputaci\u00f3n de Zamora.&quot;Turismo Sostenible&quot;.\",\"description\":\"Nachhaltiger Tourismus Tourismusverband der Diputaci\u00f3n de Zamora\",\"publisher\":{\"@id\":\"https:\/\/turismoenzamora.es\/pt\/#organization\"},\"potentialAction\":[{\"@type\":\"SearchAction\",\"target\":{\"@type\":\"EntryPoint\",\"urlTemplate\":\"https:\/\/turismoenzamora.es\/pt\/?s={search_term_string}\"},\"query-input\":\"required name=search_term_string\"}],\"inLanguage\":\"de-DE\"},{\"@type\":\"Organization\",\"@id\":\"https:\/\/turismoenzamora.es\/pt\/#organization\",\"name\":\"Patronato de Turismo de la Diputaci\u00f3n de Zamora\",\"url\":\"https:\/\/turismoenzamora.es\/pt\/\",\"logo\":{\"@type\":\"ImageObject\",\"inLanguage\":\"de-DE\",\"@id\":\"https:\/\/turismoenzamora.es\/pt\/#\/schema\/logo\/image\/\",\"url\":\"https:\/\/turismoenzamora.es\/wp-content\/uploads\/2018\/06\/ZamoraLogo.png\",\"contentUrl\":\"https:\/\/turismoenzamora.es\/wp-content\/uploads\/2018\/06\/ZamoraLogo.png\",\"width\":1276,\"height\":290,\"caption\":\"Patronato de Turismo de la Diputaci\u00f3n de Zamora\"},\"image\":{\"@id\":\"https:\/\/turismoenzamora.es\/pt\/#\/schema\/logo\/image\/\"},\"sameAs\":[\"https:\/\/www.facebook.com\/ZamoraSpain\/\",\"https:\/\/x.com\/ZamoraSpain\",\"https:\/\/www.instagram.com\/turismoenzamora.es\/\",\"https:\/\/www.pinterest.es\/TurismoenZamora\/\",\"https:\/\/www.youtube.com\/channel\/UC2bOyOZ-2cLm-uXlBFYUV9w\"]}]}<\/script>\n<!-- \/ Yoast SEO plugin. -->","yoast_head_json":{"title":"Turismo de Zamora , Turismo Sostenible","description":"Esta es la p\u00e1gina Oficial de Turismo de Diputaci\u00f3n de Zamora, donde podr\u00e1 encontrar toda la informaci\u00f3n para disfrutar al m\u00e1ximo de nuestra provincia.","robots":{"index":"index","follow":"follow","max-snippet":"max-snippet:-1","max-image-preview":"max-image-preview:large","max-video-preview":"max-video-preview:-1"},"canonical":"https:\/\/turismoenzamora.es\/patrimonio-popular\/semana-santa\/","og_locale":"de_DE","og_type":"article","og_title":"Turismo de Zamora , Turismo Sostenible","og_description":"Esta es la p\u00e1gina Oficial de Turismo de Diputaci\u00f3n de Zamora, donde podr\u00e1 encontrar toda la informaci\u00f3n para disfrutar al m\u00e1ximo de nuestra provincia.","og_url":"https:\/\/turismoenzamora.es\/patrimonio-popular\/semana-santa\/","og_site_name":"Tourismus in Zamora","article_publisher":"https:\/\/www.facebook.com\/ZamoraSpain\/","article_modified_time":"2025-06-18T12:45:51+00:00","og_image":[{"url":"https:\/\/turismoenzamora.es\/wp-content\/uploads\/2017\/10\/categoria-ssanta-zamora-redimen-300x210.jpg"}],"twitter_card":"summary_large_image","twitter_site":"@ZamoraSpain","twitter_misc":{"Gesch\u00e4tzte Lesezeit":"15 Minuten"},"schema":{"@context":"https:\/\/schema.org","@graph":[{"@type":"WebPage","@id":"https:\/\/turismoenzamora.es\/patrimonio-popular\/semana-santa\/","url":"https:\/\/turismoenzamora.es\/patrimonio-popular\/semana-santa\/","name":"Turismo de Zamora , Turismo Sostenible","isPartOf":{"@id":"https:\/\/turismoenzamora.es\/pt\/#website"},"primaryImageOfPage":{"@id":"https:\/\/turismoenzamora.es\/patrimonio-popular\/semana-santa\/#primaryimage"},"image":{"@id":"https:\/\/turismoenzamora.es\/patrimonio-popular\/semana-santa\/#primaryimage"},"thumbnailUrl":"https:\/\/turismoenzamora.es\/wp-content\/uploads\/2017\/10\/categoria-ssanta-zamora-redimen-300x210.jpg","datePublished":"2017-10-16T12:57:12+00:00","dateModified":"2025-06-18T12:45:51+00:00","description":"Esta es la p\u00e1gina Oficial de Turismo de Diputaci\u00f3n de Zamora, donde podr\u00e1 encontrar toda la informaci\u00f3n para disfrutar al m\u00e1ximo de nuestra provincia.","breadcrumb":{"@id":"https:\/\/turismoenzamora.es\/patrimonio-popular\/semana-santa\/#breadcrumb"},"inLanguage":"de-DE","potentialAction":[{"@type":"ReadAction","target":["https:\/\/turismoenzamora.es\/patrimonio-popular\/semana-santa\/"]}]},{"@type":"ImageObject","inLanguage":"de-DE","@id":"https:\/\/turismoenzamora.es\/patrimonio-popular\/semana-santa\/#primaryimage","url":"https:\/\/turismoenzamora.es\/wp-content\/uploads\/2017\/10\/categoria-ssanta-zamora-redimen-300x210.jpg","contentUrl":"https:\/\/turismoenzamora.es\/wp-content\/uploads\/2017\/10\/categoria-ssanta-zamora-redimen-300x210.jpg"},{"@type":"BreadcrumbList","@id":"https:\/\/turismoenzamora.es\/patrimonio-popular\/semana-santa\/#breadcrumb","itemListElement":[{"@type":"ListItem","position":1,"name":"Portada","item":"https:\/\/turismoenzamora.es\/"},{"@type":"ListItem","position":2,"name":"Patrimonio Popular","item":"https:\/\/turismoenzamora.es\/de\/patrimonio-popular\/"},{"@type":"ListItem","position":3,"name":"Semana Santa"}]},{"@type":"WebSite","@id":"https:\/\/turismoenzamora.es\/pt\/#website","url":"https:\/\/turismoenzamora.es\/pt\/","name":"Turismo sostenible. Patronato de Turismo de la Diputaci\u00f3n de Zamora.&quot;Turismo Sostenible&quot;.","description":"Nachhaltiger Tourismus Tourismusverband der Diputaci\u00f3n de Zamora","publisher":{"@id":"https:\/\/turismoenzamora.es\/pt\/#organization"},"potentialAction":[{"@type":"SearchAction","target":{"@type":"EntryPoint","urlTemplate":"https:\/\/turismoenzamora.es\/pt\/?s={search_term_string}"},"query-input":"required name=search_term_string"}],"inLanguage":"de-DE"},{"@type":"Organization","@id":"https:\/\/turismoenzamora.es\/pt\/#organization","name":"Patronato de Turismo de la Diputaci\u00f3n de Zamora","url":"https:\/\/turismoenzamora.es\/pt\/","logo":{"@type":"ImageObject","inLanguage":"de-DE","@id":"https:\/\/turismoenzamora.es\/pt\/#\/schema\/logo\/image\/","url":"https:\/\/turismoenzamora.es\/wp-content\/uploads\/2018\/06\/ZamoraLogo.png","contentUrl":"https:\/\/turismoenzamora.es\/wp-content\/uploads\/2018\/06\/ZamoraLogo.png","width":1276,"height":290,"caption":"Patronato de Turismo de la Diputaci\u00f3n de Zamora"},"image":{"@id":"https:\/\/turismoenzamora.es\/pt\/#\/schema\/logo\/image\/"},"sameAs":["https:\/\/www.facebook.com\/ZamoraSpain\/","https:\/\/x.com\/ZamoraSpain","https:\/\/www.instagram.com\/turismoenzamora.es\/","https:\/\/www.pinterest.es\/TurismoenZamora\/","https:\/\/www.youtube.com\/channel\/UC2bOyOZ-2cLm-uXlBFYUV9w"]}]}},"_links":{"self":[{"href":"https:\/\/turismoenzamora.es\/de\/wp-json\/wp\/v2\/pages\/4816"}],"collection":[{"href":"https:\/\/turismoenzamora.es\/de\/wp-json\/wp\/v2\/pages"}],"about":[{"href":"https:\/\/turismoenzamora.es\/de\/wp-json\/wp\/v2\/types\/page"}],"author":[{"embeddable":true,"href":"https:\/\/turismoenzamora.es\/de\/wp-json\/wp\/v2\/users\/1"}],"replies":[{"embeddable":true,"href":"https:\/\/turismoenzamora.es\/de\/wp-json\/wp\/v2\/comments?post=4816"}],"version-history":[{"count":0,"href":"https:\/\/turismoenzamora.es\/de\/wp-json\/wp\/v2\/pages\/4816\/revisions"}],"up":[{"embeddable":true,"href":"https:\/\/turismoenzamora.es\/de\/wp-json\/wp\/v2\/pages\/88"}],"wp:attachment":[{"href":"https:\/\/turismoenzamora.es\/de\/wp-json\/wp\/v2\/media?parent=4816"}],"curies":[{"name":"wp","href":"https:\/\/api.w.org\/{rel}","templated":true}]}}