{"id":413,"date":"2017-08-08T10:14:07","date_gmt":"2017-08-08T10:14:07","guid":{"rendered":"https:\/\/newweb.turismoenzamora.es\/?page_id=413"},"modified":"2017-11-20T13:05:30","modified_gmt":"2017-11-20T13:05:30","slug":"rutas-2","status":"publish","type":"page","link":"https:\/\/turismoenzamora.es\/de\/rutas-2\/","title":{"rendered":"Touren"},"content":{"rendered":"<p><\/p>\n<h1 class=\"title\">Touren<\/h1>\n<p><img fetchpriority=\"high\" decoding=\"async\" class=\" wp-image-639 aligncenter\" src=\"https:\/\/turismoenzamora.es\/wp-content\/uploads\/2017\/08\/rutas_1-300x152.jpg\" alt=\"\" width=\"539\" height=\"273\" srcset=\"https:\/\/turismoenzamora.es\/wp-content\/uploads\/2017\/08\/rutas_1-300x152.jpg 300w, https:\/\/turismoenzamora.es\/wp-content\/uploads\/2017\/08\/rutas_1.jpg 670w\" sizes=\"(max-width: 539px) 100vw, 539px\" \/><\/p>\n<p><strong>TOUREN DURCH DIE KELLEREIEN UND WEINBERGE VON TORO<\/strong><\/p>\n<p>W\u00fcrde der Wein aus der Denominaci\u00f3n de Origen Toro eine Melodie brauchen, m\u00fcsste man diese in der Folklore von Zamora suchen, und zwar in dem Lied \u201cT\u00edo Bab\u00fa\u201d (Onkel Bab\u00fa). Im Liedtext wird die Bedeutung der Scholle und der einheimischen Rebsorten widergespiegelt und Bardales Albillos de Mar\u00eda Alba genannt. Die Folklore ist aber nur ein Charakterzug, der die kulturellen Merkmale dieser Gegend und der Welt des Weines identifiziert. Das Erste, worauf der Besucher trifft, wenn er sich entschlie\u00dft, Wissen \u00fcber Wein und den Besuch von Kellerein mit der Naturumgebung und dem kulturellen Erbe zu verkn\u00fcpfen, ist eine Gegend, in der die Weinberge eine Landschaft malen, die sich in dem Gemeinden des geografischen Gebiets der Denominaci\u00f3n de Origen wiederholt&#8230;<\/p>\n<p><a href=\"https:\/\/turismoenzamora.es\/wp-content\/uploads\/2017\/08\/folletos_vino_benavente.pdf\" target=\"_blank\" rel=\"noopener\"><img decoding=\"async\" class=\"alignnone size-full wp-image-640\" src=\"https:\/\/turismoenzamora.es\/wp-content\/uploads\/2017\/08\/masinfo.png\" alt=\"\" width=\"63\" height=\"32\" \/><\/a><\/p>\n<p><strong>DIE FASZINIERENDE LANDSCHAFT DER WEINBERGE VON ARRIBES<\/strong><\/p>\n<p>Wenn es eine Gegend gibt, die den Besucher fasziniert, und die den Stempel des Weinbaus auf der Landschaft tr\u00e4gt, dann ist das ohne Zweifel der Landkreis Arribes in Zamora. Tiefe Schluchten eskortieren den Fluss Duero in einer Szenerie gro\u00dfer Granitmassen und Waldfl\u00e4chen, in der die Weinberge die Abh\u00e4nge besetzen und so traditionelle Terrassen bilden. Es sind die Terrassen an den Bergh\u00e4ngen, die den Weinanbau in der Vergangenheit erm\u00f6glichten, und die heute das typischste Merkmal der in der Denominaci\u00f3n de Origen Arribes gekelterten Weine sind&#8230;<\/p>\n<p><a href=\"https:\/\/turismoenzamora.es\/wp-content\/uploads\/2017\/08\/folletos_vino_benavente.pdf\" target=\"_blank\" rel=\"noopener\"><img decoding=\"async\" class=\"alignnone size-full wp-image-640\" src=\"https:\/\/turismoenzamora.es\/wp-content\/uploads\/2017\/08\/masinfo.png\" alt=\"\" width=\"63\" height=\"32\" \/><\/a><\/p>\n<p><strong>TIERRA DEL VINO (LAND DES WEINS): DIE ROMANIK ERHEBT SICH \u00dcBER DEN WEINBERGEN<\/strong><\/p>\n<p>Wenn der Besucher in das geografische Gebiet der Denominaci\u00f3n de Origen Tierra del Vino in Zamora eintaucht, wird er sich der Wurzeln des Weinbaus einer Provinz bewusst, deren Ortsname den Weinanbau und die Herstellung bezeichnet: das Land des Weins in Zamora, das zus\u00e4tzlich zu dem Naturraum, in dem sich die Kellereien auf eine Reihe von Ortschaften verteilen, f\u00fcr den Besucher auch die Provinzhauptstadt zu bieten hat, eine Stadt, in der die meisten romanischen Geb\u00e4ude in ganz Europa stehen. Man findet Kirchen und Kapellen im Zentrum der Stadt, die der Duero unter den Augen der alten Br\u00fccken durchquert&#8230;<\/p>\n<p><a href=\"https:\/\/turismoenzamora.es\/wp-content\/uploads\/2017\/08\/folletos_vino_benavente.pdf\" target=\"_blank\" rel=\"noopener\"><img decoding=\"async\" class=\"alignnone size-full wp-image-640\" src=\"https:\/\/turismoenzamora.es\/wp-content\/uploads\/2017\/08\/masinfo.png\" alt=\"\" width=\"63\" height=\"32\" \/><\/a><\/p>\n<p><strong>DIE T\u00c4LER VON BENAVENTE UND DER ARCH\u00c4OLOGIETOURISMUS<\/strong><\/p>\n<p>Die Weinberge liegen im Vidriales-Tal, nicht sehr weit vom r\u00f6mischen Lager Petavonium entfernt, und befinden sich auch in der N\u00e4he der arch\u00e4ologischen Lehrs\u00e4le, die in Arrabalde, Manganeses de la Polvorosa oder Morales del Rey den Besuchern die Bedeutung von T\u00f6pfereien, Siedlungen, Bestattungsbeispielen der Jungsteinzeit, symbolisiert durch Dolmen, oder dem Schatz von Arrabalde zeigen. Das alles liegt in einer von dem Gebirgszug Sierra de Carpurias beherrschten Landschaft, die in der iberischen Siedlung Las Labradas einen Panorama-Ausblickspunkt bereith\u00e4lt, von dem aus man ein zweitausendj\u00e4hriges Territorium erblickt&#8230;<\/p>\n<p><a href=\"https:\/\/turismoenzamora.es\/wp-content\/uploads\/2017\/08\/folletos_vino_benavente.pdf\" target=\"_blank\" rel=\"noopener\"><img decoding=\"async\" class=\"alignnone size-full wp-image-640\" src=\"https:\/\/turismoenzamora.es\/wp-content\/uploads\/2017\/08\/masinfo.png\" alt=\"\" width=\"63\" height=\"32\" \/><\/a><\/p>","protected":false},"excerpt":{"rendered":"<p>Touren TOUREN DURCH DIE KELLEREIEN UND WEINBERGE VON TORO W\u00fcrde der Wein aus der Denominaci\u00f3n de Origen Toro eine Melodie brauchen, m\u00fcsste man diese in der Folklore von Zamora suchen, und zwar in dem Lied \u201cT\u00edo Bab\u00fa\u201d (Onkel Bab\u00fa). Im Liedtext wird die Bedeutung der Scholle und der einheimischen Rebsorten widergespiegelt und Bardales Albillos de [&hellip;]<\/p>\n","protected":false},"author":1,"featured_media":0,"parent":0,"menu_order":0,"comment_status":"closed","ping_status":"closed","template":"","meta":{"inline_featured_image":false,"site-sidebar-layout":"default","site-content-layout":"","ast-site-content-layout":"","site-content-style":"default","site-sidebar-style":"default","ast-global-header-display":"","ast-banner-title-visibility":"","ast-main-header-display":"","ast-hfb-above-header-display":"","ast-hfb-below-header-display":"","ast-hfb-mobile-header-display":"","site-post-title":"","ast-breadcrumbs-content":"","ast-featured-img":"","footer-sml-layout":"","theme-transparent-header-meta":"","adv-header-id-meta":"","stick-header-meta":"","header-above-stick-meta":"","header-main-stick-meta":"","header-below-stick-meta":"","astra-migrate-meta-layouts":"default","ast-page-background-enabled":"default","ast-page-background-meta":{"desktop":{"background-color":"","background-image":"","background-repeat":"repeat","background-position":"center center","background-size":"auto","background-attachment":"scroll","background-type":"","background-media":"","overlay-type":"","overlay-color":"","overlay-opacity":"","overlay-gradient":""},"tablet":{"background-color":"","background-image":"","background-repeat":"repeat","background-position":"center center","background-size":"auto","background-attachment":"scroll","background-type":"","background-media":"","overlay-type":"","overlay-color":"","overlay-opacity":"","overlay-gradient":""},"mobile":{"background-color":"","background-image":"","background-repeat":"repeat","background-position":"center center","background-size":"auto","background-attachment":"scroll","background-type":"","background-media":"","overlay-type":"","overlay-color":"","overlay-opacity":"","overlay-gradient":""}},"ast-content-background-meta":{"desktop":{"background-color":"var(--ast-global-color-5)","background-image":"","background-repeat":"repeat","background-position":"center center","background-size":"auto","background-attachment":"scroll","background-type":"","background-media":"","overlay-type":"","overlay-color":"","overlay-opacity":"","overlay-gradient":""},"tablet":{"background-color":"var(--ast-global-color-5)","background-image":"","background-repeat":"repeat","background-position":"center center","background-size":"auto","background-attachment":"scroll","background-type":"","background-media":"","overlay-type":"","overlay-color":"","overlay-opacity":"","overlay-gradient":""},"mobile":{"background-color":"var(--ast-global-color-5)","background-image":"","background-repeat":"repeat","background-position":"center center","background-size":"auto","background-attachment":"scroll","background-type":"","background-media":"","overlay-type":"","overlay-color":"","overlay-opacity":"","overlay-gradient":""}},"ngg_post_thumbnail":0,"footnotes":""},"yoast_head":"<!-- This site is optimized with the Yoast SEO plugin v23.0 - https:\/\/yoast.com\/wordpress\/plugins\/seo\/ -->\n<title>Turismo de Zamora , Turismo Sostenible<\/title>\n<meta name=\"description\" content=\"Esta es la p\u00e1gina Oficial de Turismo de Diputaci\u00f3n de Zamora, donde podr\u00e1 encontrar toda la informaci\u00f3n para disfrutar al m\u00e1ximo de nuestra provincia.\" \/>\n<meta name=\"robots\" content=\"index, follow, max-snippet:-1, max-image-preview:large, max-video-preview:-1\" \/>\n<link rel=\"canonical\" href=\"https:\/\/turismoenzamora.es\/en\/rutas-2\/\" \/>\n<meta property=\"og:locale\" content=\"de_DE\" \/>\n<meta property=\"og:type\" content=\"article\" \/>\n<meta property=\"og:title\" content=\"Turismo de Zamora , Turismo Sostenible\" \/>\n<meta property=\"og:description\" content=\"Esta es la p\u00e1gina Oficial de Turismo de Diputaci\u00f3n de Zamora, donde podr\u00e1 encontrar toda la informaci\u00f3n para disfrutar al m\u00e1ximo de nuestra provincia.\" \/>\n<meta property=\"og:url\" content=\"https:\/\/turismoenzamora.es\/en\/rutas-2\/\" \/>\n<meta property=\"og:site_name\" content=\"Tourismus in Zamora\" \/>\n<meta property=\"article:publisher\" content=\"https:\/\/www.facebook.com\/ZamoraSpain\/\" \/>\n<meta property=\"article:modified_time\" content=\"2017-11-20T13:05:30+00:00\" \/>\n<meta property=\"og:image\" content=\"https:\/\/turismoenzamora.es\/wp-content\/uploads\/2017\/08\/rutas_1-300x152.jpg\" \/>\n<meta name=\"twitter:card\" content=\"summary_large_image\" \/>\n<meta name=\"twitter:site\" content=\"@ZamoraSpain\" \/>\n<meta name=\"twitter:label1\" content=\"Gesch\u00e4tzte Lesezeit\" \/>\n\t<meta name=\"twitter:data1\" content=\"11 Minuten\" \/>\n<script type=\"application\/ld+json\" class=\"yoast-schema-graph\">{\"@context\":\"https:\/\/schema.org\",\"@graph\":[{\"@type\":\"WebPage\",\"@id\":\"https:\/\/turismoenzamora.es\/en\/rutas-2\/\",\"url\":\"https:\/\/turismoenzamora.es\/en\/rutas-2\/\",\"name\":\"Turismo de Zamora , Turismo Sostenible\",\"isPartOf\":{\"@id\":\"https:\/\/turismoenzamora.es\/pt\/#website\"},\"primaryImageOfPage\":{\"@id\":\"https:\/\/turismoenzamora.es\/en\/rutas-2\/#primaryimage\"},\"image\":{\"@id\":\"https:\/\/turismoenzamora.es\/en\/rutas-2\/#primaryimage\"},\"thumbnailUrl\":\"https:\/\/turismoenzamora.es\/wp-content\/uploads\/2017\/08\/rutas_1-300x152.jpg\",\"datePublished\":\"2017-08-08T10:14:07+00:00\",\"dateModified\":\"2017-11-20T13:05:30+00:00\",\"description\":\"Esta es la p\u00e1gina Oficial de Turismo de Diputaci\u00f3n de Zamora, donde podr\u00e1 encontrar toda la informaci\u00f3n para disfrutar al m\u00e1ximo de nuestra provincia.\",\"breadcrumb\":{\"@id\":\"https:\/\/turismoenzamora.es\/en\/rutas-2\/#breadcrumb\"},\"inLanguage\":\"de-DE\",\"potentialAction\":[{\"@type\":\"ReadAction\",\"target\":[\"https:\/\/turismoenzamora.es\/en\/rutas-2\/\"]}]},{\"@type\":\"ImageObject\",\"inLanguage\":\"de-DE\",\"@id\":\"https:\/\/turismoenzamora.es\/en\/rutas-2\/#primaryimage\",\"url\":\"https:\/\/turismoenzamora.es\/wp-content\/uploads\/2017\/08\/rutas_1-300x152.jpg\",\"contentUrl\":\"https:\/\/turismoenzamora.es\/wp-content\/uploads\/2017\/08\/rutas_1-300x152.jpg\"},{\"@type\":\"BreadcrumbList\",\"@id\":\"https:\/\/turismoenzamora.es\/en\/rutas-2\/#breadcrumb\",\"itemListElement\":[{\"@type\":\"ListItem\",\"position\":1,\"name\":\"Portada\",\"item\":\"https:\/\/turismoenzamora.es\/\"},{\"@type\":\"ListItem\",\"position\":2,\"name\":\"Routes\"}]},{\"@type\":\"WebSite\",\"@id\":\"https:\/\/turismoenzamora.es\/pt\/#website\",\"url\":\"https:\/\/turismoenzamora.es\/pt\/\",\"name\":\"Turismo sostenible. Patronato de Turismo de la Diputaci\u00f3n de Zamora.&quot;Turismo Sostenible&quot;.\",\"description\":\"Nachhaltiger Tourismus Tourismusverband der Diputaci\u00f3n de Zamora\",\"publisher\":{\"@id\":\"https:\/\/turismoenzamora.es\/pt\/#organization\"},\"potentialAction\":[{\"@type\":\"SearchAction\",\"target\":{\"@type\":\"EntryPoint\",\"urlTemplate\":\"https:\/\/turismoenzamora.es\/pt\/?s={search_term_string}\"},\"query-input\":\"required name=search_term_string\"}],\"inLanguage\":\"de-DE\"},{\"@type\":\"Organization\",\"@id\":\"https:\/\/turismoenzamora.es\/pt\/#organization\",\"name\":\"Patronato de Turismo de la Diputaci\u00f3n de Zamora\",\"url\":\"https:\/\/turismoenzamora.es\/pt\/\",\"logo\":{\"@type\":\"ImageObject\",\"inLanguage\":\"de-DE\",\"@id\":\"https:\/\/turismoenzamora.es\/pt\/#\/schema\/logo\/image\/\",\"url\":\"https:\/\/turismoenzamora.es\/wp-content\/uploads\/2018\/06\/ZamoraLogo.png\",\"contentUrl\":\"https:\/\/turismoenzamora.es\/wp-content\/uploads\/2018\/06\/ZamoraLogo.png\",\"width\":1276,\"height\":290,\"caption\":\"Patronato de Turismo de la Diputaci\u00f3n de Zamora\"},\"image\":{\"@id\":\"https:\/\/turismoenzamora.es\/pt\/#\/schema\/logo\/image\/\"},\"sameAs\":[\"https:\/\/www.facebook.com\/ZamoraSpain\/\",\"https:\/\/x.com\/ZamoraSpain\",\"https:\/\/www.instagram.com\/turismoenzamora.es\/\",\"https:\/\/www.pinterest.es\/TurismoenZamora\/\",\"https:\/\/www.youtube.com\/channel\/UC2bOyOZ-2cLm-uXlBFYUV9w\"]}]}<\/script>\n<!-- \/ Yoast SEO plugin. -->","yoast_head_json":{"title":"Turismo de Zamora , Turismo Sostenible","description":"Esta es la p\u00e1gina Oficial de Turismo de Diputaci\u00f3n de Zamora, donde podr\u00e1 encontrar toda la informaci\u00f3n para disfrutar al m\u00e1ximo de nuestra provincia.","robots":{"index":"index","follow":"follow","max-snippet":"max-snippet:-1","max-image-preview":"max-image-preview:large","max-video-preview":"max-video-preview:-1"},"canonical":"https:\/\/turismoenzamora.es\/en\/rutas-2\/","og_locale":"de_DE","og_type":"article","og_title":"Turismo de Zamora , Turismo Sostenible","og_description":"Esta es la p\u00e1gina Oficial de Turismo de Diputaci\u00f3n de Zamora, donde podr\u00e1 encontrar toda la informaci\u00f3n para disfrutar al m\u00e1ximo de nuestra provincia.","og_url":"https:\/\/turismoenzamora.es\/en\/rutas-2\/","og_site_name":"Tourismus in Zamora","article_publisher":"https:\/\/www.facebook.com\/ZamoraSpain\/","article_modified_time":"2017-11-20T13:05:30+00:00","og_image":[{"url":"https:\/\/turismoenzamora.es\/wp-content\/uploads\/2017\/08\/rutas_1-300x152.jpg"}],"twitter_card":"summary_large_image","twitter_site":"@ZamoraSpain","twitter_misc":{"Gesch\u00e4tzte Lesezeit":"11 Minuten"},"schema":{"@context":"https:\/\/schema.org","@graph":[{"@type":"WebPage","@id":"https:\/\/turismoenzamora.es\/en\/rutas-2\/","url":"https:\/\/turismoenzamora.es\/en\/rutas-2\/","name":"Turismo de Zamora , Turismo Sostenible","isPartOf":{"@id":"https:\/\/turismoenzamora.es\/pt\/#website"},"primaryImageOfPage":{"@id":"https:\/\/turismoenzamora.es\/en\/rutas-2\/#primaryimage"},"image":{"@id":"https:\/\/turismoenzamora.es\/en\/rutas-2\/#primaryimage"},"thumbnailUrl":"https:\/\/turismoenzamora.es\/wp-content\/uploads\/2017\/08\/rutas_1-300x152.jpg","datePublished":"2017-08-08T10:14:07+00:00","dateModified":"2017-11-20T13:05:30+00:00","description":"Esta es la p\u00e1gina Oficial de Turismo de Diputaci\u00f3n de Zamora, donde podr\u00e1 encontrar toda la informaci\u00f3n para disfrutar al m\u00e1ximo de nuestra provincia.","breadcrumb":{"@id":"https:\/\/turismoenzamora.es\/en\/rutas-2\/#breadcrumb"},"inLanguage":"de-DE","potentialAction":[{"@type":"ReadAction","target":["https:\/\/turismoenzamora.es\/en\/rutas-2\/"]}]},{"@type":"ImageObject","inLanguage":"de-DE","@id":"https:\/\/turismoenzamora.es\/en\/rutas-2\/#primaryimage","url":"https:\/\/turismoenzamora.es\/wp-content\/uploads\/2017\/08\/rutas_1-300x152.jpg","contentUrl":"https:\/\/turismoenzamora.es\/wp-content\/uploads\/2017\/08\/rutas_1-300x152.jpg"},{"@type":"BreadcrumbList","@id":"https:\/\/turismoenzamora.es\/en\/rutas-2\/#breadcrumb","itemListElement":[{"@type":"ListItem","position":1,"name":"Portada","item":"https:\/\/turismoenzamora.es\/"},{"@type":"ListItem","position":2,"name":"Routes"}]},{"@type":"WebSite","@id":"https:\/\/turismoenzamora.es\/pt\/#website","url":"https:\/\/turismoenzamora.es\/pt\/","name":"Turismo sostenible. Patronato de Turismo de la Diputaci\u00f3n de Zamora.&quot;Turismo Sostenible&quot;.","description":"Nachhaltiger Tourismus Tourismusverband der Diputaci\u00f3n de Zamora","publisher":{"@id":"https:\/\/turismoenzamora.es\/pt\/#organization"},"potentialAction":[{"@type":"SearchAction","target":{"@type":"EntryPoint","urlTemplate":"https:\/\/turismoenzamora.es\/pt\/?s={search_term_string}"},"query-input":"required name=search_term_string"}],"inLanguage":"de-DE"},{"@type":"Organization","@id":"https:\/\/turismoenzamora.es\/pt\/#organization","name":"Patronato de Turismo de la Diputaci\u00f3n de Zamora","url":"https:\/\/turismoenzamora.es\/pt\/","logo":{"@type":"ImageObject","inLanguage":"de-DE","@id":"https:\/\/turismoenzamora.es\/pt\/#\/schema\/logo\/image\/","url":"https:\/\/turismoenzamora.es\/wp-content\/uploads\/2018\/06\/ZamoraLogo.png","contentUrl":"https:\/\/turismoenzamora.es\/wp-content\/uploads\/2018\/06\/ZamoraLogo.png","width":1276,"height":290,"caption":"Patronato de Turismo de la Diputaci\u00f3n de Zamora"},"image":{"@id":"https:\/\/turismoenzamora.es\/pt\/#\/schema\/logo\/image\/"},"sameAs":["https:\/\/www.facebook.com\/ZamoraSpain\/","https:\/\/x.com\/ZamoraSpain","https:\/\/www.instagram.com\/turismoenzamora.es\/","https:\/\/www.pinterest.es\/TurismoenZamora\/","https:\/\/www.youtube.com\/channel\/UC2bOyOZ-2cLm-uXlBFYUV9w"]}]}},"_links":{"self":[{"href":"https:\/\/turismoenzamora.es\/de\/wp-json\/wp\/v2\/pages\/413"}],"collection":[{"href":"https:\/\/turismoenzamora.es\/de\/wp-json\/wp\/v2\/pages"}],"about":[{"href":"https:\/\/turismoenzamora.es\/de\/wp-json\/wp\/v2\/types\/page"}],"author":[{"embeddable":true,"href":"https:\/\/turismoenzamora.es\/de\/wp-json\/wp\/v2\/users\/1"}],"replies":[{"embeddable":true,"href":"https:\/\/turismoenzamora.es\/de\/wp-json\/wp\/v2\/comments?post=413"}],"version-history":[{"count":0,"href":"https:\/\/turismoenzamora.es\/de\/wp-json\/wp\/v2\/pages\/413\/revisions"}],"wp:attachment":[{"href":"https:\/\/turismoenzamora.es\/de\/wp-json\/wp\/v2\/media?parent=413"}],"curies":[{"name":"wp","href":"https:\/\/api.w.org\/{rel}","templated":true}]}}