{"id":312,"date":"2017-08-08T07:23:59","date_gmt":"2017-08-08T05:23:59","guid":{"rendered":"https:\/\/newweb.turismoenzamora.es\/?page_id=312"},"modified":"2021-09-01T16:54:54","modified_gmt":"2021-09-01T14:54:54","slug":"ferias-y-celebraciones-taurinas","status":"publish","type":"page","link":"https:\/\/turismoenzamora.es\/de\/patrimonio-popular\/ferias-y-celebraciones-taurinas\/","title":{"rendered":"M\u00e4rkte und stierkampffeste"},"content":{"rendered":"<p><\/p>\n<h1 class=\"title\">M\u00e4rkte und stierkampffeste<\/h1>\n<p><img fetchpriority=\"high\" decoding=\"async\" class=\"aligncenter size-full wp-image-6903\" src=\"https:\/\/turismoenzamora.es\/wp-content\/uploads\/2017\/08\/Patrimonio-cultural.-Ferias-y-celebraciones-taurinas.jpg\" alt=\"\" data-id=\"6903\" width=\"900\" height=\"600\" srcset=\"https:\/\/turismoenzamora.es\/wp-content\/uploads\/2017\/08\/Patrimonio-cultural.-Ferias-y-celebraciones-taurinas.jpg 900w, https:\/\/turismoenzamora.es\/wp-content\/uploads\/2017\/08\/Patrimonio-cultural.-Ferias-y-celebraciones-taurinas-300x200.jpg 300w, https:\/\/turismoenzamora.es\/wp-content\/uploads\/2017\/08\/Patrimonio-cultural.-Ferias-y-celebraciones-taurinas-768x512.jpg 768w\" sizes=\"(max-width: 900px) 100vw, 900px\" \/><\/p>\n<p>Wenn es warm wird beginnen die Volksfeste, bei denen die Stiere sehr pr\u00e4sent sind.<\/p>\n<h4>El Toro Enmaromado (Der gefesselte Stier)<\/h4>\n<p>Benavente ist bekannt f\u00fcr sein Fest des gefesselten Stiers, das zum Fest von regionalem touristischem Interesse erkl\u00e4rt wurde. Das Rennen findet am Vorabend vor Fronleichnam statt. Der Stier rennt mit einem dicken Seil von 200 Metern L\u00e4nge und 1000 Kilogramm Gewicht gefesselt durch die Stra\u00dfen. Die Vereine spielen sowohl w\u00e4hrend des Rennens als auch w\u00e4hrend der Nacht eine entscheidende Rolle.<\/p>\n<h4>M\u00e4rkte und Feste zu Ehren von San Pedro in Zamora<\/h4>\n<p><a class=\"modal\" href=\"https:\/\/web.archive.org\/web\/20160916155433\/http:\/\/www.turismoenzamora.es\/multimedia\/imagenes\/fiestas\/ceramica.jpg\"><img loading=\"lazy\" decoding=\"async\" class=\"\" src=\"https:\/\/web.archive.org\/web\/20160916155433\/http:\/\/www.turismoenzamora.es\/multimedia\/imagenes\/fiestas\/ceramica.jpg\" alt=\"\" width=\"261\" height=\"300\"><\/a><\/p>\n<p>Die M\u00e4rkte und Feste zu Ehren von San Pedro werden um den 29. Juni herum gefeiert und sie umfassen alles von der modernen Kultur und Rockmusik bis zu Aktivit\u00e4ten f\u00fcr die Kleinsten. Besonders hervor zu heben sind die Feria del Ajo (Knoblauchmarkt) und die Feria de la Cer\u00e1mica (Keramikmarkt), der \u00e4lteste Markt, der in Spanien ausgerichtet wird, und der eine gro\u00dfe Zahl an Verk\u00e4ufern von T\u00f6pfereiprodukten aus den T\u00f6pfereien von Pereruela, Moveros oder Toro und allen anderen Teilen Spaniens anzieht. Die Viehm\u00e4rkte und die M\u00e4rkte f\u00fcr einheimische Erzeugnisse f\u00fcgen sich an diesen Tagen harmonisch mit Jazz, Flamenco, Jahrm\u00e4rkten oder Vortr\u00e4gen zusammen.<\/p>\n<h4>Los Espantes de Fuentesa\u00faco (Erschrecken von Stieren in Fuentesa\u00faco)<\/h4>\n<p><a class=\"modal\" href=\"https:\/\/web.archive.org\/web\/20160916181003\/http:\/\/www.turismoenzamora.es\/multimedia\/imagenes\/fiestas\/fuentesauco.jpg\"><img loading=\"lazy\" decoding=\"async\" class=\"aligncenter\" src=\"https:\/\/web.archive.org\/web\/20160916181003\/http:\/\/www.turismoenzamora.es\/multimedia\/imagenes\/fiestas\/fuentesauco.jpg\" alt=\"\" width=\"299\" height=\"160\"><\/a><\/p>\n<p><img decoding=\"async\" class=\"size-medium wp-image-620 alignleft\" src=\"https:\/\/turismoenzamora.es\/wp-content\/uploads\/2017\/08\/taurina_3-300x161.jpg\" alt=\"\" width=\"300\" height=\"161\" srcset=\"https:\/\/turismoenzamora.es\/wp-content\/uploads\/2017\/08\/taurina_3-300x161.jpg 300w, https:\/\/turismoenzamora.es\/wp-content\/uploads\/2017\/08\/taurina_3.jpg 494w\" sizes=\"(max-width: 300px) 100vw, 300px\" \/>Seit dem XIX. Jahrhundert feiert die Stadt der Gemeinde Guare\u00f1a im Rahmen der Feste der Heimsuchung die traditionellen Espantes: eine Gruppe von Stieren wird auf einer Wiese eingepfercht, damit eine Gruppe von jungen Reitern sie zum Stadtzentrum treibt.<\/p>\n<p>Dort treffen sie auf eine menschliche Barriere, um sie in die Flucht zu schlagen. Diese Stiertradition, die nur in Fuentesa\u00faco und dem Nachbarort Guarrate stattfindet, wird von den Gemeinden im Monat Juli gefeiert. Stiertriebe, akrobatische Wettk\u00e4mpfe und Stierk\u00e4mpfe, teilweise mit Lanzen, vervollst\u00e4ndigen das Programm.<\/p>\n<h4>Fermoselle<\/h4>\n<p>Am Ende des Monats August w\u00e4hrend der Feste zu Ehren von San Agust\u00edn umgrenzen die Einwohner von Fermoselle den Hauptplatz des Ortes mit Holzplatten und improvisieren eine Stierkampfarena, die unter den Fans des Stierkampfs bereits zu gewisser Bekanntheit gelangt ist. Die Stiere werden durch einen spektakul\u00e4ren Stiertrieb auf den Platz gebracht und auf dem Platz gehen die Rennen und das Reizen der Stiere weiter.<\/p>\n<h4>Villalpando<\/h4>\n<p>An San Roque, dem 16. August, wird im Ort der Stiertrieb gefeiert. Neben den Stiertrieben auf dem Feld (durch Reiter oder Gel\u00e4ndewagen, Motorr\u00e4der und Traktoren), wurde der Ort durch die am Nachmittag auf dem Hauptplatz und der Solana stattfindenden \u201ccapeas\u201d (Amateurstierk\u00e4mpfe mit jungen Stieren, die dabei am Leben bleiben) sowie die \u201ctoros del alba\u201d (Stiere in der Morgend\u00e4mmerung) bekannt.<\/p>\n<h4>Feste zu Ehren von San Agust\u00edn<\/h4>\n<p>Der Ort Toro ehrt seinen Namen w\u00e4hrend der Feste zu Ehren von San Agust\u00edn, die am 28. August gefeiert werden. Neben den herk\u00f6mmlichen Stiertrieben, ist die Stierkampfarena Ort der bekannten Feier Fuente del Vino (Weinquelle), ein Stierkampfschauspiel, bei der ein gro\u00dfer K\u00fcbel mit Wein aus Toro im Zentrum der Arena aufgestellt wird. Aus ihr trinken die jungen M\u00e4nner, w\u00e4hrend die Stiere und jungen K\u00fche um sie herum rennen. Die beliebten Festwagen, die jeder Ort mit viel Freude w\u00e4hrend des Jahres f\u00fcr den Festumzug von San Agust\u00edn herstellt, sind ein weiteres Highlight der Festlichkeiten.<\/p>\n<h4>Toro<\/h4>\n<p><img loading=\"lazy\" decoding=\"async\" class=\"size-medium wp-image-621 alignright\" src=\"https:\/\/turismoenzamora.es\/wp-content\/uploads\/2017\/08\/taurina_4-300x287.jpg\" alt=\"\" width=\"300\" height=\"287\" srcset=\"https:\/\/turismoenzamora.es\/wp-content\/uploads\/2017\/08\/taurina_4-300x287.jpg 300w, https:\/\/turismoenzamora.es\/wp-content\/uploads\/2017\/08\/taurina_4.jpg 360w\" sizes=\"(max-width: 300px) 100vw, 300px\" \/>Das Weinlesefest wird in der ersten Oktoberh\u00e4lfte begangen und dient als Entschuldigung, um die Traubenernte in ein Fest zu verwandeln, an dem der gesamte Ort teilnimmt.<\/p>\n<p><a class=\"modal\" href=\"https:\/\/web.archive.org\/web\/20160916161725\/http:\/\/www.turismoenzamora.es\/multimedia\/imagenes\/fiestas\/vendimia.jpg\"><img loading=\"lazy\" decoding=\"async\" class=\"aligncenter\" src=\"https:\/\/web.archive.org\/web\/20160916161725\/http:\/\/www.turismoenzamora.es\/multimedia\/imagenes\/fiestas\/vendimia.jpg\" alt=\"\" width=\"300\" height=\"287\"><\/a><\/p>\n<p>In Toro hat die tiefe Verwurzelung dieses Festes dazu gef\u00fchrt, dass es zum Fest von regionalem touristischem Interesse erkl\u00e4rt wurde. Das Fest besitzt alle notwendigen Zutaten: den \u00f6ffentlichen Ausruf, die Schlie\u00dfung, den Umzug mit geschm\u00fcckten Wagen und die K\u00f6rbe f\u00fcr die Traubenlese.<\/p>\n<p>Das Weinlesefest hat sich mittlerweile auf andere gesch\u00fctzte Weinherkunftsgebiete wie Arribes ausgebreitet und sich in ein klassisches Jahreszeitenfest verwandelt.<\/p>\n<h4>Las Victorias<\/h4>\n<p>Der Protagonist der Feierlichkeiten von Las Victorias ist der Toro de Fuego (Feuerstier), der an jedem 08. September die Kreishauptstadt von Sanabria zum Zentrum der Aufmerksamkeit f\u00fcr Touristen und Bev\u00f6lkerung werden l\u00e4sst. Dieses besondere Stierschauspiel stammt aus dem XIX. Jahrhundert, als ein gro\u00dfes Gestell in Stierform hergestellt wurde, aus dem Funken spr\u00fchten, und das durch die Stra\u00dfen des Ortes lief, um seine Opfer zu finden. Ein weiteres einzigartiges Element des Festes von Las Victorias sind die Riesen und Gro\u00dfk\u00f6pfe.<\/p>\n<p><a href=\"https:\/\/turismoenzamora.es\/wp-content\/uploads\/2018\/05\/folletoPatrimonioPopular-1.pdf\"><img decoding=\"async\" src=\"https:\/\/web.archive.org\/web\/20170704071530\/https:\/\/turismoenzamora.es\/images\/masinfo.png\"><\/a><\/p>\n<p><\/p>","protected":false},"excerpt":{"rendered":"<p>M\u00e4rkte und stierkampffeste Wenn es warm wird beginnen die Volksfeste, bei denen die Stiere sehr pr\u00e4sent sind. El Toro Enmaromado (Der gefesselte Stier) Benavente ist bekannt f\u00fcr sein Fest des gefesselten Stiers, das zum Fest von regionalem touristischem Interesse erkl\u00e4rt wurde. Das Rennen findet am Vorabend vor Fronleichnam statt. Der Stier rennt mit einem dicken [&hellip;]<\/p>\n","protected":false},"author":1,"featured_media":0,"parent":88,"menu_order":4,"comment_status":"closed","ping_status":"closed","template":"","meta":{"inline_featured_image":false,"site-sidebar-layout":"default","site-content-layout":"default","ast-site-content-layout":"","site-content-style":"default","site-sidebar-style":"default","ast-global-header-display":"","ast-banner-title-visibility":"","ast-main-header-display":"","ast-hfb-above-header-display":"","ast-hfb-below-header-display":"","ast-hfb-mobile-header-display":"","site-post-title":"disabled","ast-breadcrumbs-content":"","ast-featured-img":"","footer-sml-layout":"","theme-transparent-header-meta":"default","adv-header-id-meta":"","stick-header-meta":"","header-above-stick-meta":"","header-main-stick-meta":"","header-below-stick-meta":"","astra-migrate-meta-layouts":"default","ast-page-background-enabled":"default","ast-page-background-meta":{"desktop":{"background-color":"","background-image":"","background-repeat":"repeat","background-position":"center center","background-size":"auto","background-attachment":"scroll","background-type":"","background-media":"","overlay-type":"","overlay-color":"","overlay-opacity":"","overlay-gradient":""},"tablet":{"background-color":"","background-image":"","background-repeat":"repeat","background-position":"center center","background-size":"auto","background-attachment":"scroll","background-type":"","background-media":"","overlay-type":"","overlay-color":"","overlay-opacity":"","overlay-gradient":""},"mobile":{"background-color":"","background-image":"","background-repeat":"repeat","background-position":"center center","background-size":"auto","background-attachment":"scroll","background-type":"","background-media":"","overlay-type":"","overlay-color":"","overlay-opacity":"","overlay-gradient":""}},"ast-content-background-meta":{"desktop":{"background-color":"var(--ast-global-color-5)","background-image":"","background-repeat":"repeat","background-position":"center center","background-size":"auto","background-attachment":"scroll","background-type":"","background-media":"","overlay-type":"","overlay-color":"","overlay-opacity":"","overlay-gradient":""},"tablet":{"background-color":"var(--ast-global-color-5)","background-image":"","background-repeat":"repeat","background-position":"center center","background-size":"auto","background-attachment":"scroll","background-type":"","background-media":"","overlay-type":"","overlay-color":"","overlay-opacity":"","overlay-gradient":""},"mobile":{"background-color":"var(--ast-global-color-5)","background-image":"","background-repeat":"repeat","background-position":"center center","background-size":"auto","background-attachment":"scroll","background-type":"","background-media":"","overlay-type":"","overlay-color":"","overlay-opacity":"","overlay-gradient":""}},"ngg_post_thumbnail":0,"footnotes":""},"yoast_head":"<!-- This site is optimized with the Yoast SEO plugin v23.0 - https:\/\/yoast.com\/wordpress\/plugins\/seo\/ -->\n<title>Turismo de Zamora , Turismo Sostenible<\/title>\n<meta name=\"description\" content=\"Esta es la p\u00e1gina Oficial de Turismo de Diputaci\u00f3n de Zamora, donde podr\u00e1 encontrar toda la informaci\u00f3n para disfrutar al m\u00e1ximo de nuestra provincia.\" \/>\n<meta name=\"robots\" content=\"index, follow, max-snippet:-1, max-image-preview:large, max-video-preview:-1\" \/>\n<link rel=\"canonical\" href=\"https:\/\/turismoenzamora.es\/de\/patrimonio-popular\/ferias-y-celebraciones-taurinas\/\" \/>\n<meta property=\"og:locale\" content=\"de_DE\" \/>\n<meta property=\"og:type\" content=\"article\" \/>\n<meta property=\"og:title\" content=\"Turismo de Zamora , Turismo Sostenible\" \/>\n<meta property=\"og:description\" content=\"Esta es la p\u00e1gina Oficial de Turismo de Diputaci\u00f3n de Zamora, donde podr\u00e1 encontrar toda la informaci\u00f3n para disfrutar al m\u00e1ximo de nuestra provincia.\" \/>\n<meta property=\"og:url\" content=\"https:\/\/turismoenzamora.es\/de\/patrimonio-popular\/ferias-y-celebraciones-taurinas\/\" \/>\n<meta property=\"og:site_name\" content=\"Tourismus in Zamora\" \/>\n<meta property=\"article:publisher\" content=\"https:\/\/www.facebook.com\/ZamoraSpain\/\" \/>\n<meta property=\"article:modified_time\" content=\"2021-09-01T14:54:54+00:00\" \/>\n<meta property=\"og:image\" content=\"https:\/\/turismoenzamora.es\/wp-content\/uploads\/2017\/08\/Patrimonio-cultural.-Ferias-y-celebraciones-taurinas.jpg\" \/>\n<meta name=\"twitter:card\" content=\"summary_large_image\" \/>\n<meta name=\"twitter:site\" content=\"@ZamoraSpain\" \/>\n<meta name=\"twitter:label1\" content=\"Gesch\u00e4tzte Lesezeit\" \/>\n\t<meta name=\"twitter:data1\" content=\"18 Minuten\" \/>\n<script type=\"application\/ld+json\" class=\"yoast-schema-graph\">{\"@context\":\"https:\/\/schema.org\",\"@graph\":[{\"@type\":\"WebPage\",\"@id\":\"https:\/\/turismoenzamora.es\/de\/patrimonio-popular\/ferias-y-celebraciones-taurinas\/\",\"url\":\"https:\/\/turismoenzamora.es\/de\/patrimonio-popular\/ferias-y-celebraciones-taurinas\/\",\"name\":\"Turismo de Zamora , Turismo Sostenible\",\"isPartOf\":{\"@id\":\"https:\/\/turismoenzamora.es\/pt\/#website\"},\"primaryImageOfPage\":{\"@id\":\"https:\/\/turismoenzamora.es\/de\/patrimonio-popular\/ferias-y-celebraciones-taurinas\/#primaryimage\"},\"image\":{\"@id\":\"https:\/\/turismoenzamora.es\/de\/patrimonio-popular\/ferias-y-celebraciones-taurinas\/#primaryimage\"},\"thumbnailUrl\":\"https:\/\/turismoenzamora.es\/wp-content\/uploads\/2017\/08\/Patrimonio-cultural.-Ferias-y-celebraciones-taurinas.jpg\",\"datePublished\":\"2017-08-08T05:23:59+00:00\",\"dateModified\":\"2021-09-01T14:54:54+00:00\",\"description\":\"Esta es la p\u00e1gina Oficial de Turismo de Diputaci\u00f3n de Zamora, donde podr\u00e1 encontrar toda la informaci\u00f3n para disfrutar al m\u00e1ximo de nuestra provincia.\",\"breadcrumb\":{\"@id\":\"https:\/\/turismoenzamora.es\/de\/patrimonio-popular\/ferias-y-celebraciones-taurinas\/#breadcrumb\"},\"inLanguage\":\"de-DE\",\"potentialAction\":[{\"@type\":\"ReadAction\",\"target\":[\"https:\/\/turismoenzamora.es\/de\/patrimonio-popular\/ferias-y-celebraciones-taurinas\/\"]}]},{\"@type\":\"ImageObject\",\"inLanguage\":\"de-DE\",\"@id\":\"https:\/\/turismoenzamora.es\/de\/patrimonio-popular\/ferias-y-celebraciones-taurinas\/#primaryimage\",\"url\":\"https:\/\/turismoenzamora.es\/wp-content\/uploads\/2017\/08\/Patrimonio-cultural.-Ferias-y-celebraciones-taurinas.jpg\",\"contentUrl\":\"https:\/\/turismoenzamora.es\/wp-content\/uploads\/2017\/08\/Patrimonio-cultural.-Ferias-y-celebraciones-taurinas.jpg\"},{\"@type\":\"BreadcrumbList\",\"@id\":\"https:\/\/turismoenzamora.es\/de\/patrimonio-popular\/ferias-y-celebraciones-taurinas\/#breadcrumb\",\"itemListElement\":[{\"@type\":\"ListItem\",\"position\":1,\"name\":\"Portada\",\"item\":\"https:\/\/turismoenzamora.es\/\"},{\"@type\":\"ListItem\",\"position\":2,\"name\":\"Patrimonio Popular\",\"item\":\"https:\/\/turismoenzamora.es\/de\/patrimonio-popular\/\"},{\"@type\":\"ListItem\",\"position\":3,\"name\":\"M\u00e4rkte und stierkampffeste\"}]},{\"@type\":\"WebSite\",\"@id\":\"https:\/\/turismoenzamora.es\/pt\/#website\",\"url\":\"https:\/\/turismoenzamora.es\/pt\/\",\"name\":\"Turismo sostenible. Patronato de Turismo de la Diputaci\u00f3n de Zamora.&quot;Turismo Sostenible&quot;.\",\"description\":\"Nachhaltiger Tourismus Tourismusverband der Diputaci\u00f3n de Zamora\",\"publisher\":{\"@id\":\"https:\/\/turismoenzamora.es\/pt\/#organization\"},\"potentialAction\":[{\"@type\":\"SearchAction\",\"target\":{\"@type\":\"EntryPoint\",\"urlTemplate\":\"https:\/\/turismoenzamora.es\/pt\/?s={search_term_string}\"},\"query-input\":\"required name=search_term_string\"}],\"inLanguage\":\"de-DE\"},{\"@type\":\"Organization\",\"@id\":\"https:\/\/turismoenzamora.es\/pt\/#organization\",\"name\":\"Patronato de Turismo de la Diputaci\u00f3n de Zamora\",\"url\":\"https:\/\/turismoenzamora.es\/pt\/\",\"logo\":{\"@type\":\"ImageObject\",\"inLanguage\":\"de-DE\",\"@id\":\"https:\/\/turismoenzamora.es\/pt\/#\/schema\/logo\/image\/\",\"url\":\"https:\/\/turismoenzamora.es\/wp-content\/uploads\/2018\/06\/ZamoraLogo.png\",\"contentUrl\":\"https:\/\/turismoenzamora.es\/wp-content\/uploads\/2018\/06\/ZamoraLogo.png\",\"width\":1276,\"height\":290,\"caption\":\"Patronato de Turismo de la Diputaci\u00f3n de Zamora\"},\"image\":{\"@id\":\"https:\/\/turismoenzamora.es\/pt\/#\/schema\/logo\/image\/\"},\"sameAs\":[\"https:\/\/www.facebook.com\/ZamoraSpain\/\",\"https:\/\/x.com\/ZamoraSpain\",\"https:\/\/www.instagram.com\/turismoenzamora.es\/\",\"https:\/\/www.pinterest.es\/TurismoenZamora\/\",\"https:\/\/www.youtube.com\/channel\/UC2bOyOZ-2cLm-uXlBFYUV9w\"]}]}<\/script>\n<!-- \/ Yoast SEO plugin. -->","yoast_head_json":{"title":"Turismo de Zamora , Turismo Sostenible","description":"Esta es la p\u00e1gina Oficial de Turismo de Diputaci\u00f3n de Zamora, donde podr\u00e1 encontrar toda la informaci\u00f3n para disfrutar al m\u00e1ximo de nuestra provincia.","robots":{"index":"index","follow":"follow","max-snippet":"max-snippet:-1","max-image-preview":"max-image-preview:large","max-video-preview":"max-video-preview:-1"},"canonical":"https:\/\/turismoenzamora.es\/de\/patrimonio-popular\/ferias-y-celebraciones-taurinas\/","og_locale":"de_DE","og_type":"article","og_title":"Turismo de Zamora , Turismo Sostenible","og_description":"Esta es la p\u00e1gina Oficial de Turismo de Diputaci\u00f3n de Zamora, donde podr\u00e1 encontrar toda la informaci\u00f3n para disfrutar al m\u00e1ximo de nuestra provincia.","og_url":"https:\/\/turismoenzamora.es\/de\/patrimonio-popular\/ferias-y-celebraciones-taurinas\/","og_site_name":"Tourismus in Zamora","article_publisher":"https:\/\/www.facebook.com\/ZamoraSpain\/","article_modified_time":"2021-09-01T14:54:54+00:00","og_image":[{"url":"https:\/\/turismoenzamora.es\/wp-content\/uploads\/2017\/08\/Patrimonio-cultural.-Ferias-y-celebraciones-taurinas.jpg"}],"twitter_card":"summary_large_image","twitter_site":"@ZamoraSpain","twitter_misc":{"Gesch\u00e4tzte Lesezeit":"18 Minuten"},"schema":{"@context":"https:\/\/schema.org","@graph":[{"@type":"WebPage","@id":"https:\/\/turismoenzamora.es\/de\/patrimonio-popular\/ferias-y-celebraciones-taurinas\/","url":"https:\/\/turismoenzamora.es\/de\/patrimonio-popular\/ferias-y-celebraciones-taurinas\/","name":"Turismo de Zamora , Turismo Sostenible","isPartOf":{"@id":"https:\/\/turismoenzamora.es\/pt\/#website"},"primaryImageOfPage":{"@id":"https:\/\/turismoenzamora.es\/de\/patrimonio-popular\/ferias-y-celebraciones-taurinas\/#primaryimage"},"image":{"@id":"https:\/\/turismoenzamora.es\/de\/patrimonio-popular\/ferias-y-celebraciones-taurinas\/#primaryimage"},"thumbnailUrl":"https:\/\/turismoenzamora.es\/wp-content\/uploads\/2017\/08\/Patrimonio-cultural.-Ferias-y-celebraciones-taurinas.jpg","datePublished":"2017-08-08T05:23:59+00:00","dateModified":"2021-09-01T14:54:54+00:00","description":"Esta es la p\u00e1gina Oficial de Turismo de Diputaci\u00f3n de Zamora, donde podr\u00e1 encontrar toda la informaci\u00f3n para disfrutar al m\u00e1ximo de nuestra provincia.","breadcrumb":{"@id":"https:\/\/turismoenzamora.es\/de\/patrimonio-popular\/ferias-y-celebraciones-taurinas\/#breadcrumb"},"inLanguage":"de-DE","potentialAction":[{"@type":"ReadAction","target":["https:\/\/turismoenzamora.es\/de\/patrimonio-popular\/ferias-y-celebraciones-taurinas\/"]}]},{"@type":"ImageObject","inLanguage":"de-DE","@id":"https:\/\/turismoenzamora.es\/de\/patrimonio-popular\/ferias-y-celebraciones-taurinas\/#primaryimage","url":"https:\/\/turismoenzamora.es\/wp-content\/uploads\/2017\/08\/Patrimonio-cultural.-Ferias-y-celebraciones-taurinas.jpg","contentUrl":"https:\/\/turismoenzamora.es\/wp-content\/uploads\/2017\/08\/Patrimonio-cultural.-Ferias-y-celebraciones-taurinas.jpg"},{"@type":"BreadcrumbList","@id":"https:\/\/turismoenzamora.es\/de\/patrimonio-popular\/ferias-y-celebraciones-taurinas\/#breadcrumb","itemListElement":[{"@type":"ListItem","position":1,"name":"Portada","item":"https:\/\/turismoenzamora.es\/"},{"@type":"ListItem","position":2,"name":"Patrimonio Popular","item":"https:\/\/turismoenzamora.es\/de\/patrimonio-popular\/"},{"@type":"ListItem","position":3,"name":"M\u00e4rkte und stierkampffeste"}]},{"@type":"WebSite","@id":"https:\/\/turismoenzamora.es\/pt\/#website","url":"https:\/\/turismoenzamora.es\/pt\/","name":"Turismo sostenible. Patronato de Turismo de la Diputaci\u00f3n de Zamora.&quot;Turismo Sostenible&quot;.","description":"Nachhaltiger Tourismus Tourismusverband der Diputaci\u00f3n de Zamora","publisher":{"@id":"https:\/\/turismoenzamora.es\/pt\/#organization"},"potentialAction":[{"@type":"SearchAction","target":{"@type":"EntryPoint","urlTemplate":"https:\/\/turismoenzamora.es\/pt\/?s={search_term_string}"},"query-input":"required name=search_term_string"}],"inLanguage":"de-DE"},{"@type":"Organization","@id":"https:\/\/turismoenzamora.es\/pt\/#organization","name":"Patronato de Turismo de la Diputaci\u00f3n de Zamora","url":"https:\/\/turismoenzamora.es\/pt\/","logo":{"@type":"ImageObject","inLanguage":"de-DE","@id":"https:\/\/turismoenzamora.es\/pt\/#\/schema\/logo\/image\/","url":"https:\/\/turismoenzamora.es\/wp-content\/uploads\/2018\/06\/ZamoraLogo.png","contentUrl":"https:\/\/turismoenzamora.es\/wp-content\/uploads\/2018\/06\/ZamoraLogo.png","width":1276,"height":290,"caption":"Patronato de Turismo de la Diputaci\u00f3n de Zamora"},"image":{"@id":"https:\/\/turismoenzamora.es\/pt\/#\/schema\/logo\/image\/"},"sameAs":["https:\/\/www.facebook.com\/ZamoraSpain\/","https:\/\/x.com\/ZamoraSpain","https:\/\/www.instagram.com\/turismoenzamora.es\/","https:\/\/www.pinterest.es\/TurismoenZamora\/","https:\/\/www.youtube.com\/channel\/UC2bOyOZ-2cLm-uXlBFYUV9w"]}]}},"_links":{"self":[{"href":"https:\/\/turismoenzamora.es\/de\/wp-json\/wp\/v2\/pages\/312"}],"collection":[{"href":"https:\/\/turismoenzamora.es\/de\/wp-json\/wp\/v2\/pages"}],"about":[{"href":"https:\/\/turismoenzamora.es\/de\/wp-json\/wp\/v2\/types\/page"}],"author":[{"embeddable":true,"href":"https:\/\/turismoenzamora.es\/de\/wp-json\/wp\/v2\/users\/1"}],"replies":[{"embeddable":true,"href":"https:\/\/turismoenzamora.es\/de\/wp-json\/wp\/v2\/comments?post=312"}],"version-history":[{"count":0,"href":"https:\/\/turismoenzamora.es\/de\/wp-json\/wp\/v2\/pages\/312\/revisions"}],"up":[{"embeddable":true,"href":"https:\/\/turismoenzamora.es\/de\/wp-json\/wp\/v2\/pages\/88"}],"wp:attachment":[{"href":"https:\/\/turismoenzamora.es\/de\/wp-json\/wp\/v2\/media?parent=312"}],"curies":[{"name":"wp","href":"https:\/\/api.w.org\/{rel}","templated":true}]}}