{"id":310,"date":"2017-08-08T07:23:33","date_gmt":"2017-08-08T05:23:33","guid":{"rendered":"https:\/\/newweb.turismoenzamora.es\/?page_id=310"},"modified":"2021-09-01T16:54:29","modified_gmt":"2021-09-01T14:54:29","slug":"romerias-de-otono","status":"publish","type":"page","link":"https:\/\/turismoenzamora.es\/de\/patrimonio-popular\/romerias-de-otono\/","title":{"rendered":"Pilgerfahrten im Herbst"},"content":{"rendered":"<p><\/p>\n<h1 class=\"title\">Pilgerfahrten im Herbst<\/h1>\n<p><img fetchpriority=\"high\" decoding=\"async\" class=\"aligncenter size-full wp-image-6908\" src=\"https:\/\/turismoenzamora.es\/wp-content\/uploads\/2017\/08\/Patrimonio-cultural.-Romer\u00edas-de-oto\u00f1o.-LA-ALCOBILLA.jpg\" alt=\"\" data-id=\"6908\" width=\"800\" height=\"534\" srcset=\"https:\/\/turismoenzamora.es\/wp-content\/uploads\/2017\/08\/Patrimonio-cultural.-Romer\u00edas-de-oto\u00f1o.-LA-ALCOBILLA.jpg 800w, https:\/\/turismoenzamora.es\/wp-content\/uploads\/2017\/08\/Patrimonio-cultural.-Romer\u00edas-de-oto\u00f1o.-LA-ALCOBILLA-300x200.jpg 300w, https:\/\/turismoenzamora.es\/wp-content\/uploads\/2017\/08\/Patrimonio-cultural.-Romer\u00edas-de-oto\u00f1o.-LA-ALCOBILLA-768x513.jpg 768w\" sizes=\"(max-width: 800px) 100vw, 800px\" \/><\/p>\n<p>Der Herbst schlie\u00dft die Zeit der Pilgerfahrten und Volksfeste in der Provinz Zamora mit einem starken Einfluss der Traditionen von Sanabria ab.<\/p>\n<p>In schon immer magische Landschaften stehen heute Kapellen, die Maria geweiht sind, und in deren Umgebung die Menschen wieder dem Flageolett und der Handtrommel zuh\u00f6ren, w\u00e4hrend sie einen Tag auf dem Land genie\u00dfen. Die traditionelle Gastronomie tut ihr \u00dcbriges dazu.<\/p>\n<h4>La Alcobilla<\/h4>\n<p>Drei Jungfrauen kommen zusammen, um Nuestra Se\u00f1ora de la Alcobilla (Unsere Gute Frau von Alcobilla) in R\u00e1bano de Sanabria am 8. September zu ehren: die Virgen de la Peregrina (die Pilgernde Jungfrau) aus Barrio de R\u00e1bano, die Virgen del Rosario (die Jungfrau vom Rosenkranz) aus R\u00e1bano de Sanabria und die Virgen de la Asunci\u00f3n (Mari\u00e4 Himmelfahrt) aus dem Ort San Justo. Die drei werden bis zur Kapelle Virgen de la Alcobilla gebracht. Das Fest geht in der Gegend von Alcobilla mit einem Picknick weiter, bei dem Tintenfisch auf sanebrische Art eine Hauptrolle spielt.<\/p>\n<h4>La Peregrina (Die Pilgerin)<\/h4>\n<p><a class=\"modal\" href=\"https:\/\/web.archive.org\/web\/20160916155639\/http:\/\/www.turismoenzamora.es\/multimedia\/imagenes\/fiestas\/peregrina.jpg\"><img decoding=\"async\" class=\"aligncenter\" src=\"https:\/\/web.archive.org\/web\/20160916155639\/http:\/\/www.turismoenzamora.es\/multimedia\/imagenes\/fiestas\/peregrina.jpg\" alt=\"\"><\/a><\/p>\n<p>Wenn der Sommer sich fast schon verabschiedet hat, kommen die Menschen aus Sanabria in der Ortschaft Donado zusammen, um das gro\u00dfe Fest am ersten Sonntag im September zu feiern. Das Abbild, welches verehrt wird, wurde dem Ort von Manuel Obelar, Bischof von Tonking und geboren in Donado, gespendet und wird im Santuario de la Peregrina (Kapelle der Pilgerin), einem beeindruckenden Geb\u00e4ude aus dem XIX. Jahrhundert, aufbewahrt.<\/p>\n<h4>Virgen de la Carballeda<\/h4>\n<p><a class=\"modal\" href=\"https:\/\/web.archive.org\/web\/20160916161132\/http:\/\/www.turismoenzamora.es\/multimedia\/imagenes\/fiestas\/carballeda.jpg\"><img decoding=\"async\" class=\"aligncenter\" src=\"https:\/\/web.archive.org\/web\/20160916161132\/http:\/\/www.turismoenzamora.es\/multimedia\/imagenes\/fiestas\/carballeda.jpg\" alt=\"\"><\/a><\/p>\n<p>Ein gro\u00dfer Jahrmarkt umrahmt die Feierlichkeiten zu Ehren der Jungfrau de la Carballeda am zweiten Sonntag im September. Die Hauptfestakte finden in der Umgebung der Kapelle statt. Einer der Sch\u00f6nsten ist die Blumenopfergabe an die Jungfrau. Pr\u00e4chtig anzuschauen sind au\u00dferdem die Standarten der verschiedenen Ortschaften. F\u00fcr die Einzigartigkeit des Festes sorgen die Falifos, Mitglieder einer der \u00e4ltesten Laienbruderschaft des Jakobswegs, und eine Tradition, die an den Karneval erinnert: das Begr\u00e4bnis des Kraken als Symbol f\u00fcr das Ende des Festes.<\/p>\n<h4>Romer\u00eda de la Tuiza<\/h4>\n<p>Diese zamorische Pilgerfahrt zur Kapelle Tuiza verwandelt die Virgen de las Nieves (Jungfrau des Schnees) in das gro\u00dfe Ereignis von Lubi\u00e1n. Den Besucher \u00fcberraschen das Portal der Kirche und ihr Turm.<\/p>\n<h4>Los Remedios<\/h4>\n<p>Die Reihe von Pilgerfahrten in Zamora endet Anfang Oktober mit einer der beliebtesten Pilgerfahrten, die in Sanabria gefeiert werden. Die Schutzheilige der Gegend ist Nuestra Se\u00f1ora de los Remedios in der Kapelle Otero de Sanabria, die jedes Jahr viele Tausend Personen versammelt. Wie auch zu anderen Gelegenheiten, f\u00fchrt die Pilgerfahrt durch die Umgebung der Kapelle, auch hier gibt es Verkaufsst\u00e4nde und improvisierte K\u00fcchen, in denen Tintenfisch auf sanabrische Art zubereitet wird. Dar\u00fcber hinaus wird w\u00e4hrend des Festes die Segnung der Fahrzeuge begangen.<\/p>\n<p><a href=\"https:\/\/turismoenzamora.es\/wp-content\/uploads\/2018\/05\/folletoPatrimonioPopular-1.pdf\"><img decoding=\"async\" src=\"https:\/\/turismoenzamora.es\/wp-content\/uploads\/2017\/08\/masinfo.png\"><\/a><a href=\"https:\/\/turismoenzamora.es\/wp-content\/uploads\/2017\/11\/fiestasred.png\" target=\"_blank\" rel=\"noopener noreferrer\"><img decoding=\"async\" class=\"\" src=\"https:\/\/turismoenzamora.es\/wp-content\/uploads\/2017\/08\/masinfo-1.png\"><\/a><\/p>\n<p><\/p>","protected":false},"excerpt":{"rendered":"<p>Pilgerfahrten im Herbst Der Herbst schlie\u00dft die Zeit der Pilgerfahrten und Volksfeste in der Provinz Zamora mit einem starken Einfluss der Traditionen von Sanabria ab. In schon immer magische Landschaften stehen heute Kapellen, die Maria geweiht sind, und in deren Umgebung die Menschen wieder dem Flageolett und der Handtrommel zuh\u00f6ren, w\u00e4hrend sie einen Tag auf [&hellip;]<\/p>\n","protected":false},"author":1,"featured_media":0,"parent":88,"menu_order":3,"comment_status":"closed","ping_status":"closed","template":"","meta":{"inline_featured_image":false,"site-sidebar-layout":"default","site-content-layout":"default","ast-site-content-layout":"","site-content-style":"default","site-sidebar-style":"default","ast-global-header-display":"","ast-banner-title-visibility":"","ast-main-header-display":"","ast-hfb-above-header-display":"","ast-hfb-below-header-display":"","ast-hfb-mobile-header-display":"","site-post-title":"disabled","ast-breadcrumbs-content":"","ast-featured-img":"","footer-sml-layout":"","theme-transparent-header-meta":"default","adv-header-id-meta":"","stick-header-meta":"","header-above-stick-meta":"","header-main-stick-meta":"","header-below-stick-meta":"","astra-migrate-meta-layouts":"default","ast-page-background-enabled":"default","ast-page-background-meta":{"desktop":{"background-color":"","background-image":"","background-repeat":"repeat","background-position":"center center","background-size":"auto","background-attachment":"scroll","background-type":"","background-media":"","overlay-type":"","overlay-color":"","overlay-opacity":"","overlay-gradient":""},"tablet":{"background-color":"","background-image":"","background-repeat":"repeat","background-position":"center center","background-size":"auto","background-attachment":"scroll","background-type":"","background-media":"","overlay-type":"","overlay-color":"","overlay-opacity":"","overlay-gradient":""},"mobile":{"background-color":"","background-image":"","background-repeat":"repeat","background-position":"center center","background-size":"auto","background-attachment":"scroll","background-type":"","background-media":"","overlay-type":"","overlay-color":"","overlay-opacity":"","overlay-gradient":""}},"ast-content-background-meta":{"desktop":{"background-color":"var(--ast-global-color-5)","background-image":"","background-repeat":"repeat","background-position":"center center","background-size":"auto","background-attachment":"scroll","background-type":"","background-media":"","overlay-type":"","overlay-color":"","overlay-opacity":"","overlay-gradient":""},"tablet":{"background-color":"var(--ast-global-color-5)","background-image":"","background-repeat":"repeat","background-position":"center center","background-size":"auto","background-attachment":"scroll","background-type":"","background-media":"","overlay-type":"","overlay-color":"","overlay-opacity":"","overlay-gradient":""},"mobile":{"background-color":"var(--ast-global-color-5)","background-image":"","background-repeat":"repeat","background-position":"center center","background-size":"auto","background-attachment":"scroll","background-type":"","background-media":"","overlay-type":"","overlay-color":"","overlay-opacity":"","overlay-gradient":""}},"ngg_post_thumbnail":0,"footnotes":""},"yoast_head":"<!-- This site is optimized with the Yoast SEO plugin v23.0 - https:\/\/yoast.com\/wordpress\/plugins\/seo\/ -->\n<title>Turismo de Zamora , Turismo Sostenible<\/title>\n<meta name=\"description\" content=\"Esta es la p\u00e1gina Oficial de Turismo de Diputaci\u00f3n de Zamora, donde podr\u00e1 encontrar toda la informaci\u00f3n para disfrutar al m\u00e1ximo de nuestra provincia.\" \/>\n<meta name=\"robots\" content=\"index, follow, max-snippet:-1, max-image-preview:large, max-video-preview:-1\" \/>\n<link rel=\"canonical\" href=\"https:\/\/turismoenzamora.es\/patrimonio-popular\/romerias-de-otono\/\" \/>\n<meta property=\"og:locale\" content=\"de_DE\" \/>\n<meta property=\"og:type\" content=\"article\" \/>\n<meta property=\"og:title\" content=\"Turismo de Zamora , Turismo Sostenible\" \/>\n<meta property=\"og:description\" content=\"Esta es la p\u00e1gina Oficial de Turismo de Diputaci\u00f3n de Zamora, donde podr\u00e1 encontrar toda la informaci\u00f3n para disfrutar al m\u00e1ximo de nuestra provincia.\" \/>\n<meta property=\"og:url\" content=\"https:\/\/turismoenzamora.es\/patrimonio-popular\/romerias-de-otono\/\" \/>\n<meta property=\"og:site_name\" content=\"Tourismus in Zamora\" \/>\n<meta property=\"article:publisher\" content=\"https:\/\/www.facebook.com\/ZamoraSpain\/\" \/>\n<meta property=\"article:modified_time\" content=\"2021-09-01T14:54:29+00:00\" \/>\n<meta property=\"og:image\" content=\"https:\/\/turismoenzamora.es\/wp-content\/uploads\/2017\/08\/masinfo.png\" \/>\n<meta name=\"twitter:card\" content=\"summary_large_image\" \/>\n<meta name=\"twitter:site\" content=\"@ZamoraSpain\" \/>\n<meta name=\"twitter:label1\" content=\"Gesch\u00e4tzte Lesezeit\" \/>\n\t<meta name=\"twitter:data1\" content=\"11 Minuten\" \/>\n<script type=\"application\/ld+json\" class=\"yoast-schema-graph\">{\"@context\":\"https:\/\/schema.org\",\"@graph\":[{\"@type\":\"WebPage\",\"@id\":\"https:\/\/turismoenzamora.es\/patrimonio-popular\/romerias-de-otono\/\",\"url\":\"https:\/\/turismoenzamora.es\/patrimonio-popular\/romerias-de-otono\/\",\"name\":\"Turismo de Zamora , Turismo Sostenible\",\"isPartOf\":{\"@id\":\"https:\/\/turismoenzamora.es\/pt\/#website\"},\"primaryImageOfPage\":{\"@id\":\"https:\/\/turismoenzamora.es\/patrimonio-popular\/romerias-de-otono\/#primaryimage\"},\"image\":{\"@id\":\"https:\/\/turismoenzamora.es\/patrimonio-popular\/romerias-de-otono\/#primaryimage\"},\"thumbnailUrl\":\"https:\/\/turismoenzamora.es\/wp-content\/uploads\/2017\/08\/masinfo.png\",\"datePublished\":\"2017-08-08T05:23:33+00:00\",\"dateModified\":\"2021-09-01T14:54:29+00:00\",\"description\":\"Esta es la p\u00e1gina Oficial de Turismo de Diputaci\u00f3n de Zamora, donde podr\u00e1 encontrar toda la informaci\u00f3n para disfrutar al m\u00e1ximo de nuestra provincia.\",\"breadcrumb\":{\"@id\":\"https:\/\/turismoenzamora.es\/patrimonio-popular\/romerias-de-otono\/#breadcrumb\"},\"inLanguage\":\"de-DE\",\"potentialAction\":[{\"@type\":\"ReadAction\",\"target\":[\"https:\/\/turismoenzamora.es\/patrimonio-popular\/romerias-de-otono\/\"]}]},{\"@type\":\"ImageObject\",\"inLanguage\":\"de-DE\",\"@id\":\"https:\/\/turismoenzamora.es\/patrimonio-popular\/romerias-de-otono\/#primaryimage\",\"url\":\"https:\/\/turismoenzamora.es\/wp-content\/uploads\/2017\/08\/masinfo.png\",\"contentUrl\":\"https:\/\/turismoenzamora.es\/wp-content\/uploads\/2017\/08\/masinfo.png\"},{\"@type\":\"BreadcrumbList\",\"@id\":\"https:\/\/turismoenzamora.es\/patrimonio-popular\/romerias-de-otono\/#breadcrumb\",\"itemListElement\":[{\"@type\":\"ListItem\",\"position\":1,\"name\":\"Portada\",\"item\":\"https:\/\/turismoenzamora.es\/\"},{\"@type\":\"ListItem\",\"position\":2,\"name\":\"Patrimonio Popular\",\"item\":\"https:\/\/turismoenzamora.es\/de\/patrimonio-popular\/\"},{\"@type\":\"ListItem\",\"position\":3,\"name\":\"Romer\u00edas de Oto\u00f1o\"}]},{\"@type\":\"WebSite\",\"@id\":\"https:\/\/turismoenzamora.es\/pt\/#website\",\"url\":\"https:\/\/turismoenzamora.es\/pt\/\",\"name\":\"Turismo sostenible. Patronato de Turismo de la Diputaci\u00f3n de Zamora.&quot;Turismo Sostenible&quot;.\",\"description\":\"Nachhaltiger Tourismus Tourismusverband der Diputaci\u00f3n de Zamora\",\"publisher\":{\"@id\":\"https:\/\/turismoenzamora.es\/pt\/#organization\"},\"potentialAction\":[{\"@type\":\"SearchAction\",\"target\":{\"@type\":\"EntryPoint\",\"urlTemplate\":\"https:\/\/turismoenzamora.es\/pt\/?s={search_term_string}\"},\"query-input\":\"required name=search_term_string\"}],\"inLanguage\":\"de-DE\"},{\"@type\":\"Organization\",\"@id\":\"https:\/\/turismoenzamora.es\/pt\/#organization\",\"name\":\"Patronato de Turismo de la Diputaci\u00f3n de Zamora\",\"url\":\"https:\/\/turismoenzamora.es\/pt\/\",\"logo\":{\"@type\":\"ImageObject\",\"inLanguage\":\"de-DE\",\"@id\":\"https:\/\/turismoenzamora.es\/pt\/#\/schema\/logo\/image\/\",\"url\":\"https:\/\/turismoenzamora.es\/wp-content\/uploads\/2018\/06\/ZamoraLogo.png\",\"contentUrl\":\"https:\/\/turismoenzamora.es\/wp-content\/uploads\/2018\/06\/ZamoraLogo.png\",\"width\":1276,\"height\":290,\"caption\":\"Patronato de Turismo de la Diputaci\u00f3n de Zamora\"},\"image\":{\"@id\":\"https:\/\/turismoenzamora.es\/pt\/#\/schema\/logo\/image\/\"},\"sameAs\":[\"https:\/\/www.facebook.com\/ZamoraSpain\/\",\"https:\/\/x.com\/ZamoraSpain\",\"https:\/\/www.instagram.com\/turismoenzamora.es\/\",\"https:\/\/www.pinterest.es\/TurismoenZamora\/\",\"https:\/\/www.youtube.com\/channel\/UC2bOyOZ-2cLm-uXlBFYUV9w\"]}]}<\/script>\n<!-- \/ Yoast SEO plugin. -->","yoast_head_json":{"title":"Turismo de Zamora , Turismo Sostenible","description":"Esta es la p\u00e1gina Oficial de Turismo de Diputaci\u00f3n de Zamora, donde podr\u00e1 encontrar toda la informaci\u00f3n para disfrutar al m\u00e1ximo de nuestra provincia.","robots":{"index":"index","follow":"follow","max-snippet":"max-snippet:-1","max-image-preview":"max-image-preview:large","max-video-preview":"max-video-preview:-1"},"canonical":"https:\/\/turismoenzamora.es\/patrimonio-popular\/romerias-de-otono\/","og_locale":"de_DE","og_type":"article","og_title":"Turismo de Zamora , Turismo Sostenible","og_description":"Esta es la p\u00e1gina Oficial de Turismo de Diputaci\u00f3n de Zamora, donde podr\u00e1 encontrar toda la informaci\u00f3n para disfrutar al m\u00e1ximo de nuestra provincia.","og_url":"https:\/\/turismoenzamora.es\/patrimonio-popular\/romerias-de-otono\/","og_site_name":"Tourismus in Zamora","article_publisher":"https:\/\/www.facebook.com\/ZamoraSpain\/","article_modified_time":"2021-09-01T14:54:29+00:00","og_image":[{"url":"https:\/\/turismoenzamora.es\/wp-content\/uploads\/2017\/08\/masinfo.png"}],"twitter_card":"summary_large_image","twitter_site":"@ZamoraSpain","twitter_misc":{"Gesch\u00e4tzte Lesezeit":"11 Minuten"},"schema":{"@context":"https:\/\/schema.org","@graph":[{"@type":"WebPage","@id":"https:\/\/turismoenzamora.es\/patrimonio-popular\/romerias-de-otono\/","url":"https:\/\/turismoenzamora.es\/patrimonio-popular\/romerias-de-otono\/","name":"Turismo de Zamora , Turismo Sostenible","isPartOf":{"@id":"https:\/\/turismoenzamora.es\/pt\/#website"},"primaryImageOfPage":{"@id":"https:\/\/turismoenzamora.es\/patrimonio-popular\/romerias-de-otono\/#primaryimage"},"image":{"@id":"https:\/\/turismoenzamora.es\/patrimonio-popular\/romerias-de-otono\/#primaryimage"},"thumbnailUrl":"https:\/\/turismoenzamora.es\/wp-content\/uploads\/2017\/08\/masinfo.png","datePublished":"2017-08-08T05:23:33+00:00","dateModified":"2021-09-01T14:54:29+00:00","description":"Esta es la p\u00e1gina Oficial de Turismo de Diputaci\u00f3n de Zamora, donde podr\u00e1 encontrar toda la informaci\u00f3n para disfrutar al m\u00e1ximo de nuestra provincia.","breadcrumb":{"@id":"https:\/\/turismoenzamora.es\/patrimonio-popular\/romerias-de-otono\/#breadcrumb"},"inLanguage":"de-DE","potentialAction":[{"@type":"ReadAction","target":["https:\/\/turismoenzamora.es\/patrimonio-popular\/romerias-de-otono\/"]}]},{"@type":"ImageObject","inLanguage":"de-DE","@id":"https:\/\/turismoenzamora.es\/patrimonio-popular\/romerias-de-otono\/#primaryimage","url":"https:\/\/turismoenzamora.es\/wp-content\/uploads\/2017\/08\/masinfo.png","contentUrl":"https:\/\/turismoenzamora.es\/wp-content\/uploads\/2017\/08\/masinfo.png"},{"@type":"BreadcrumbList","@id":"https:\/\/turismoenzamora.es\/patrimonio-popular\/romerias-de-otono\/#breadcrumb","itemListElement":[{"@type":"ListItem","position":1,"name":"Portada","item":"https:\/\/turismoenzamora.es\/"},{"@type":"ListItem","position":2,"name":"Patrimonio Popular","item":"https:\/\/turismoenzamora.es\/de\/patrimonio-popular\/"},{"@type":"ListItem","position":3,"name":"Romer\u00edas de Oto\u00f1o"}]},{"@type":"WebSite","@id":"https:\/\/turismoenzamora.es\/pt\/#website","url":"https:\/\/turismoenzamora.es\/pt\/","name":"Turismo sostenible. Patronato de Turismo de la Diputaci\u00f3n de Zamora.&quot;Turismo Sostenible&quot;.","description":"Nachhaltiger Tourismus Tourismusverband der Diputaci\u00f3n de Zamora","publisher":{"@id":"https:\/\/turismoenzamora.es\/pt\/#organization"},"potentialAction":[{"@type":"SearchAction","target":{"@type":"EntryPoint","urlTemplate":"https:\/\/turismoenzamora.es\/pt\/?s={search_term_string}"},"query-input":"required name=search_term_string"}],"inLanguage":"de-DE"},{"@type":"Organization","@id":"https:\/\/turismoenzamora.es\/pt\/#organization","name":"Patronato de Turismo de la Diputaci\u00f3n de Zamora","url":"https:\/\/turismoenzamora.es\/pt\/","logo":{"@type":"ImageObject","inLanguage":"de-DE","@id":"https:\/\/turismoenzamora.es\/pt\/#\/schema\/logo\/image\/","url":"https:\/\/turismoenzamora.es\/wp-content\/uploads\/2018\/06\/ZamoraLogo.png","contentUrl":"https:\/\/turismoenzamora.es\/wp-content\/uploads\/2018\/06\/ZamoraLogo.png","width":1276,"height":290,"caption":"Patronato de Turismo de la Diputaci\u00f3n de Zamora"},"image":{"@id":"https:\/\/turismoenzamora.es\/pt\/#\/schema\/logo\/image\/"},"sameAs":["https:\/\/www.facebook.com\/ZamoraSpain\/","https:\/\/x.com\/ZamoraSpain","https:\/\/www.instagram.com\/turismoenzamora.es\/","https:\/\/www.pinterest.es\/TurismoenZamora\/","https:\/\/www.youtube.com\/channel\/UC2bOyOZ-2cLm-uXlBFYUV9w"]}]}},"_links":{"self":[{"href":"https:\/\/turismoenzamora.es\/de\/wp-json\/wp\/v2\/pages\/310"}],"collection":[{"href":"https:\/\/turismoenzamora.es\/de\/wp-json\/wp\/v2\/pages"}],"about":[{"href":"https:\/\/turismoenzamora.es\/de\/wp-json\/wp\/v2\/types\/page"}],"author":[{"embeddable":true,"href":"https:\/\/turismoenzamora.es\/de\/wp-json\/wp\/v2\/users\/1"}],"replies":[{"embeddable":true,"href":"https:\/\/turismoenzamora.es\/de\/wp-json\/wp\/v2\/comments?post=310"}],"version-history":[{"count":0,"href":"https:\/\/turismoenzamora.es\/de\/wp-json\/wp\/v2\/pages\/310\/revisions"}],"up":[{"embeddable":true,"href":"https:\/\/turismoenzamora.es\/de\/wp-json\/wp\/v2\/pages\/88"}],"wp:attachment":[{"href":"https:\/\/turismoenzamora.es\/de\/wp-json\/wp\/v2\/media?parent=310"}],"curies":[{"name":"wp","href":"https:\/\/api.w.org\/{rel}","templated":true}]}}