{"id":308,"date":"2017-08-08T07:23:19","date_gmt":"2017-08-08T05:23:19","guid":{"rendered":"https:\/\/newweb.turismoenzamora.es\/?page_id=308"},"modified":"2021-09-01T16:53:47","modified_gmt":"2021-09-01T14:53:47","slug":"romerias-de-primavera","status":"publish","type":"page","link":"https:\/\/turismoenzamora.es\/de\/patrimonio-popular\/romerias-de-primavera\/","title":{"rendered":"Pilgerfahrten im Fr\u00fchling"},"content":{"rendered":"<p><\/p>\n<h1 class=\"title\">Pilgerfahrten im Fr\u00fchling<\/h1>\n<p><img fetchpriority=\"high\" decoding=\"async\" class=\"aligncenter size-full wp-image-6912\" src=\"https:\/\/turismoenzamora.es\/wp-content\/uploads\/2017\/08\/Patrimonio-culturalromeriasprimavera.jpg\" alt=\"\" data-id=\"6912\" width=\"900\" height=\"600\" srcset=\"https:\/\/turismoenzamora.es\/wp-content\/uploads\/2017\/08\/Patrimonio-culturalromeriasprimavera.jpg 900w, https:\/\/turismoenzamora.es\/wp-content\/uploads\/2017\/08\/Patrimonio-culturalromeriasprimavera-300x200.jpg 300w, https:\/\/turismoenzamora.es\/wp-content\/uploads\/2017\/08\/Patrimonio-culturalromeriasprimavera-768x512.jpg 768w\" sizes=\"(max-width: 900px) 100vw, 900px\" \/><\/p>\n<p>Die Landschaft wird wieder gr\u00fcn und ein weiteres Jahr erstreckt sich das fruchtbare Land \u00fcber die Provinz Zamora.<\/p>\n<p>Auch das Sonnenlicht, in dem das Land badet, feiert, dass die K\u00e4lte gewichen ist. Die Einwohner von D\u00f6rfern und St\u00e4dten fahren aufs Land und bitten um gutes Wetter, in der Vergangenheit wurde zu den G\u00f6ttern gebetet, heute richten sich die Bitten an die Schutzheiligen der Gemeinden und Ortschaften.<\/p>\n<h4>Maifest<\/h4>\n<p>Noch immer wird in zahlreichen Ortschaften in Zamora die Maitradition gefeiert. Am ersten Tag des Monats schlagen die Jugendlichen einen Gemeinde- oder Maibaum und stellen ihn in vertikaler Position auf den Dorfplatz. Es handelt sich um ein heidnisches Fest, das mit der Fruchtbarkeit der Erde in Verbindung steht. Die Tradition verbindet es au\u00dferdem mit der Landwirtschaft.<\/p>\n<h4>La Luz (Das Licht)<\/h4>\n<p>Am Sonntag nach San Marcos wird die Pilgerfahrt des Lichts gefeiert, die sowohl in zamorisch als auch portugiesisch ist, weil in der Kapelle gefeiert wird, die auf einem H\u00fcgel gleichen Namens in der Gemeinde Moveres und direkt auf der Grenze zu Portugal liegt. Die Alistanos bringen dort ihre Jungfrau hinauf und genie\u00dfen eine beliebte Pilgerfahrt mit vielen traditionellen Produkten aus Spanien und Portugal.<\/p>\n<h4>San Isidro Labrador (Isidor der Landwirt)<\/h4>\n<p>Von allen Fr\u00fchlingsfesten, die in der Provinz mit einem mehr oder weniger starken landwirtschaftlichen Hintergrund gefeiert werden, ist das Fest von San Isidro Labrador, das in zahlreichen Ortschaften der Provinz, einschlie\u00dflich der Provinzhauptstadt, am 15. Mai begangen wird, wohl das am Besten besuchte. An demselben Datum findet auch die Alimenza statt, einespanisch-portugiesische Messe f\u00fcr Nahrungsmittel.<\/p>\n<h4>Nuestra Se\u00f1ora de Gracia (Unsere Liebe Frau von der Gnade)<\/h4>\n<p>Das Fest findet Sonntag nach San Marcos statt. Die Einwohner von Bermillo, Villamor de Cadozos und Almeida versammeln sich um die Kapelle Nuestra Se\u00f1ora de Gracia in der Gemeinde Villamor de Cadozos mit unterschiedlichen Zielen: fr\u00fcher, um Regen zu erbitten, heute, um einen Tag auf dem Land zu verbringen.<\/p>\n<h4>Cristo de Morales (Christus von Morales)<\/h4>\n<p>Eine andere beliebte Pilgerfahrt ist die Christuspilgerfahrt in Morales del Vino. Sie findet am 09. Mai statt, obwohl die Zamoraner und die Bewohner der Ortschaften der Tierra del Vino (Land des Weins) die traditionellen Haseln\u00fcsse und Kringel bereits am Abend vorher kaufen k\u00f6nnen.<\/p>\n<h4>La Hiniesta<\/h4>\n<p><img decoding=\"async\" class=\"size-medium wp-image-609 aligncenter\" src=\"https:\/\/turismoenzamora.es\/wp-content\/uploads\/2017\/08\/romerias_2-176x300.jpg\" alt=\"\" width=\"176\" height=\"300\" srcset=\"https:\/\/turismoenzamora.es\/wp-content\/uploads\/2017\/08\/romerias_2-176x300.jpg 176w, https:\/\/turismoenzamora.es\/wp-content\/uploads\/2017\/08\/romerias_2.jpg 406w\" sizes=\"(max-width: 176px) 100vw, 176px\" \/><\/p>\n<h3><a class=\"modal\" href=\"https:\/\/web.archive.org\/web\/20160916161709\/http:\/\/www.turismoenzamora.es\/multimedia\/imagenes\/fiestas\/hiniesta.jpg\"><img loading=\"lazy\" decoding=\"async\" class=\"aligncenter\" src=\"https:\/\/web.archive.org\/web\/20160916161709\/http:\/\/www.turismoenzamora.es\/multimedia\/imagenes\/fiestas\/hiniesta.jpg\" alt=\"\" width=\"261\" height=\"445\"><\/a><\/h3>\n<p>Am Pfingstmontag tragen die Einwohner der Stadt Zamora ihre Schutzheilige, die Virgen de la Concha (Jungfrau in der Muschel), in einer Pilgerfahrt von der Kirche San Antol\u00edn bis zur Ortschaft La Hiniesta, wo sie auf die Jungfrau dieses Ortes trifft. Die B\u00fcrgermeister beider Ortschaften tauschen ihre Amtsst\u00e4be aus. Es wird gem\u00e4\u00df der Tradition dem Ereignis gedacht, dass K\u00f6nig Sancho IV zuf\u00e4llig an diesem Ort ein Bild der Jungfrau fand.<\/p>\n<h4>El Cristo de las Batallas (Christus der Schlachten)<\/h4>\n<p><a class=\"modal\" href=\"https:\/\/web.archive.org\/web\/20160916161721\/http:\/\/www.turismoenzamora.es\/multimedia\/imagenes\/fiestas\/cristotoro.jpg\"><img decoding=\"async\" class=\"aligncenter\" src=\"https:\/\/web.archive.org\/web\/20160916161721\/http:\/\/www.turismoenzamora.es\/multimedia\/imagenes\/fiestas\/cristotoro.jpg\" alt=\"\"><\/a><\/p>\n<p>Am Pfingstmontag wird au\u00dferhalb von Toro die Pilgerfahrt Cristo de las Batallas gefeiert. Das Gotteshaus liegt direkt neben dem Duero, zu dem die Angeh\u00f6rigen der Laienbruderschaften hinab gehen, um religi\u00f6se Zeremonien zu feiern und ein gut besuchtes Mittagessen unter freien Himmel zu genie\u00dfen.<\/p>\n<h4>Los Viriatos<\/h4>\n<p>Zum Fest von regionalem touristischem Interesse erkl\u00e4rt. Fariza ist das Epizentrum einer beeindruckenden Massenversammlung im Monat Juni. Die Viriatos sind riesige Banner von sieben Metern H\u00f6he, die von vier Personen gehalten werden. Alle Pfarrgemeinden, die Fariza umgeben, kommen an diesem Tag mit dem Banner an diesem Ort zusammen, um die Pilgerfahrt zur Kapelle Nuestra Se\u00f1ora del Castillo (Unsere Gute Frau von der Burg) zu unternehmen.<\/p>\n<h4>La Veguilla<\/h4>\n<p>Zum Fest von regionalem touristischem Interesse erkl\u00e4rt. Das Fest findet in Benavente statt. Es handelt sich um ein Schutzheiligenfest zu Ehren der Virgen de la Vega (Jungfrau der Flussaue), das acht Tage nach Ostersonntag gefeiert wird. W\u00e4hrend des Festes bittet der Ort den B\u00fcrgermeister um den gefesselten Stier (Stier, der um seine H\u00f6rner ein dickes Seil tr\u00e4gt), was gew\u00e4hrt und 50 Tage sp\u00e4ter gefeiert wird.<\/p>\n<p><a href=\"https:\/\/turismoenzamora.es\/wp-content\/uploads\/2018\/05\/folletoPatrimonioPopular-1.pdf\" target=\"_blank\" rel=\"noopener noreferrer\"><img decoding=\"async\" class=\"\" src=\"https:\/\/turismoenzamora.es\/wp-content\/uploads\/2017\/08\/masinfo-1.png\"><\/a><\/p>\n<p><\/p>","protected":false},"excerpt":{"rendered":"<p>Pilgerfahrten im Fr\u00fchling Die Landschaft wird wieder gr\u00fcn und ein weiteres Jahr erstreckt sich das fruchtbare Land \u00fcber die Provinz Zamora. Auch das Sonnenlicht, in dem das Land badet, feiert, dass die K\u00e4lte gewichen ist. Die Einwohner von D\u00f6rfern und St\u00e4dten fahren aufs Land und bitten um gutes Wetter, in der Vergangenheit wurde zu den [&hellip;]<\/p>\n","protected":false},"author":1,"featured_media":0,"parent":88,"menu_order":2,"comment_status":"closed","ping_status":"closed","template":"","meta":{"inline_featured_image":false,"site-sidebar-layout":"default","site-content-layout":"default","ast-site-content-layout":"","site-content-style":"default","site-sidebar-style":"default","ast-global-header-display":"","ast-banner-title-visibility":"","ast-main-header-display":"","ast-hfb-above-header-display":"","ast-hfb-below-header-display":"","ast-hfb-mobile-header-display":"","site-post-title":"disabled","ast-breadcrumbs-content":"","ast-featured-img":"","footer-sml-layout":"","theme-transparent-header-meta":"default","adv-header-id-meta":"","stick-header-meta":"","header-above-stick-meta":"","header-main-stick-meta":"","header-below-stick-meta":"","astra-migrate-meta-layouts":"default","ast-page-background-enabled":"default","ast-page-background-meta":{"desktop":{"background-color":"","background-image":"","background-repeat":"repeat","background-position":"center center","background-size":"auto","background-attachment":"scroll","background-type":"","background-media":"","overlay-type":"","overlay-color":"","overlay-opacity":"","overlay-gradient":""},"tablet":{"background-color":"","background-image":"","background-repeat":"repeat","background-position":"center center","background-size":"auto","background-attachment":"scroll","background-type":"","background-media":"","overlay-type":"","overlay-color":"","overlay-opacity":"","overlay-gradient":""},"mobile":{"background-color":"","background-image":"","background-repeat":"repeat","background-position":"center center","background-size":"auto","background-attachment":"scroll","background-type":"","background-media":"","overlay-type":"","overlay-color":"","overlay-opacity":"","overlay-gradient":""}},"ast-content-background-meta":{"desktop":{"background-color":"var(--ast-global-color-5)","background-image":"","background-repeat":"repeat","background-position":"center center","background-size":"auto","background-attachment":"scroll","background-type":"","background-media":"","overlay-type":"","overlay-color":"","overlay-opacity":"","overlay-gradient":""},"tablet":{"background-color":"var(--ast-global-color-5)","background-image":"","background-repeat":"repeat","background-position":"center center","background-size":"auto","background-attachment":"scroll","background-type":"","background-media":"","overlay-type":"","overlay-color":"","overlay-opacity":"","overlay-gradient":""},"mobile":{"background-color":"var(--ast-global-color-5)","background-image":"","background-repeat":"repeat","background-position":"center center","background-size":"auto","background-attachment":"scroll","background-type":"","background-media":"","overlay-type":"","overlay-color":"","overlay-opacity":"","overlay-gradient":""}},"ngg_post_thumbnail":0,"footnotes":""},"yoast_head":"<!-- This site is optimized with the Yoast SEO plugin v23.0 - https:\/\/yoast.com\/wordpress\/plugins\/seo\/ -->\n<title>Turismo de Zamora , Turismo Sostenible<\/title>\n<meta name=\"description\" content=\"Esta es la p\u00e1gina Oficial de Turismo de Diputaci\u00f3n de Zamora, donde podr\u00e1 encontrar toda la informaci\u00f3n para disfrutar al m\u00e1ximo de nuestra provincia.\" \/>\n<meta name=\"robots\" content=\"index, follow, max-snippet:-1, max-image-preview:large, max-video-preview:-1\" \/>\n<link rel=\"canonical\" href=\"https:\/\/turismoenzamora.es\/fr\/patrimonio-popular\/romerias-de-primavera\/\" \/>\n<meta property=\"og:locale\" content=\"de_DE\" \/>\n<meta property=\"og:type\" content=\"article\" \/>\n<meta property=\"og:title\" content=\"Turismo de Zamora , Turismo Sostenible\" \/>\n<meta property=\"og:description\" content=\"Esta es la p\u00e1gina Oficial de Turismo de Diputaci\u00f3n de Zamora, donde podr\u00e1 encontrar toda la informaci\u00f3n para disfrutar al m\u00e1ximo de nuestra provincia.\" \/>\n<meta property=\"og:url\" content=\"https:\/\/turismoenzamora.es\/fr\/patrimonio-popular\/romerias-de-primavera\/\" \/>\n<meta property=\"og:site_name\" content=\"Tourismus in Zamora\" \/>\n<meta property=\"article:publisher\" content=\"https:\/\/www.facebook.com\/ZamoraSpain\/\" \/>\n<meta property=\"article:modified_time\" content=\"2021-09-01T14:53:47+00:00\" \/>\n<meta property=\"og:image\" content=\"https:\/\/turismoenzamora.es\/wp-content\/uploads\/2017\/08\/Patrimonio-culturalromeriasprimavera.jpg\" \/>\n<meta name=\"twitter:card\" content=\"summary_large_image\" \/>\n<meta name=\"twitter:site\" content=\"@ZamoraSpain\" \/>\n<meta name=\"twitter:label1\" content=\"Gesch\u00e4tzte Lesezeit\" \/>\n\t<meta name=\"twitter:data1\" content=\"16 Minuten\" \/>\n<script type=\"application\/ld+json\" class=\"yoast-schema-graph\">{\"@context\":\"https:\/\/schema.org\",\"@graph\":[{\"@type\":\"WebPage\",\"@id\":\"https:\/\/turismoenzamora.es\/fr\/patrimonio-popular\/romerias-de-primavera\/\",\"url\":\"https:\/\/turismoenzamora.es\/fr\/patrimonio-popular\/romerias-de-primavera\/\",\"name\":\"Turismo de Zamora , Turismo Sostenible\",\"isPartOf\":{\"@id\":\"https:\/\/turismoenzamora.es\/pt\/#website\"},\"primaryImageOfPage\":{\"@id\":\"https:\/\/turismoenzamora.es\/fr\/patrimonio-popular\/romerias-de-primavera\/#primaryimage\"},\"image\":{\"@id\":\"https:\/\/turismoenzamora.es\/fr\/patrimonio-popular\/romerias-de-primavera\/#primaryimage\"},\"thumbnailUrl\":\"https:\/\/turismoenzamora.es\/wp-content\/uploads\/2017\/08\/Patrimonio-culturalromeriasprimavera.jpg\",\"datePublished\":\"2017-08-08T05:23:19+00:00\",\"dateModified\":\"2021-09-01T14:53:47+00:00\",\"description\":\"Esta es la p\u00e1gina Oficial de Turismo de Diputaci\u00f3n de Zamora, donde podr\u00e1 encontrar toda la informaci\u00f3n para disfrutar al m\u00e1ximo de nuestra provincia.\",\"breadcrumb\":{\"@id\":\"https:\/\/turismoenzamora.es\/fr\/patrimonio-popular\/romerias-de-primavera\/#breadcrumb\"},\"inLanguage\":\"de-DE\",\"potentialAction\":[{\"@type\":\"ReadAction\",\"target\":[\"https:\/\/turismoenzamora.es\/fr\/patrimonio-popular\/romerias-de-primavera\/\"]}]},{\"@type\":\"ImageObject\",\"inLanguage\":\"de-DE\",\"@id\":\"https:\/\/turismoenzamora.es\/fr\/patrimonio-popular\/romerias-de-primavera\/#primaryimage\",\"url\":\"https:\/\/turismoenzamora.es\/wp-content\/uploads\/2017\/08\/Patrimonio-culturalromeriasprimavera.jpg\",\"contentUrl\":\"https:\/\/turismoenzamora.es\/wp-content\/uploads\/2017\/08\/Patrimonio-culturalromeriasprimavera.jpg\"},{\"@type\":\"BreadcrumbList\",\"@id\":\"https:\/\/turismoenzamora.es\/fr\/patrimonio-popular\/romerias-de-primavera\/#breadcrumb\",\"itemListElement\":[{\"@type\":\"ListItem\",\"position\":1,\"name\":\"Portada\",\"item\":\"https:\/\/turismoenzamora.es\/\"},{\"@type\":\"ListItem\",\"position\":2,\"name\":\"Patrimonio Popular\",\"item\":\"https:\/\/turismoenzamora.es\/de\/patrimonio-popular\/\"},{\"@type\":\"ListItem\",\"position\":3,\"name\":\"Processions de Printemps\"}]},{\"@type\":\"WebSite\",\"@id\":\"https:\/\/turismoenzamora.es\/pt\/#website\",\"url\":\"https:\/\/turismoenzamora.es\/pt\/\",\"name\":\"Turismo sostenible. Patronato de Turismo de la Diputaci\u00f3n de Zamora.&quot;Turismo Sostenible&quot;.\",\"description\":\"Nachhaltiger Tourismus Tourismusverband der Diputaci\u00f3n de Zamora\",\"publisher\":{\"@id\":\"https:\/\/turismoenzamora.es\/pt\/#organization\"},\"potentialAction\":[{\"@type\":\"SearchAction\",\"target\":{\"@type\":\"EntryPoint\",\"urlTemplate\":\"https:\/\/turismoenzamora.es\/pt\/?s={search_term_string}\"},\"query-input\":\"required name=search_term_string\"}],\"inLanguage\":\"de-DE\"},{\"@type\":\"Organization\",\"@id\":\"https:\/\/turismoenzamora.es\/pt\/#organization\",\"name\":\"Patronato de Turismo de la Diputaci\u00f3n de Zamora\",\"url\":\"https:\/\/turismoenzamora.es\/pt\/\",\"logo\":{\"@type\":\"ImageObject\",\"inLanguage\":\"de-DE\",\"@id\":\"https:\/\/turismoenzamora.es\/pt\/#\/schema\/logo\/image\/\",\"url\":\"https:\/\/turismoenzamora.es\/wp-content\/uploads\/2018\/06\/ZamoraLogo.png\",\"contentUrl\":\"https:\/\/turismoenzamora.es\/wp-content\/uploads\/2018\/06\/ZamoraLogo.png\",\"width\":1276,\"height\":290,\"caption\":\"Patronato de Turismo de la Diputaci\u00f3n de Zamora\"},\"image\":{\"@id\":\"https:\/\/turismoenzamora.es\/pt\/#\/schema\/logo\/image\/\"},\"sameAs\":[\"https:\/\/www.facebook.com\/ZamoraSpain\/\",\"https:\/\/x.com\/ZamoraSpain\",\"https:\/\/www.instagram.com\/turismoenzamora.es\/\",\"https:\/\/www.pinterest.es\/TurismoenZamora\/\",\"https:\/\/www.youtube.com\/channel\/UC2bOyOZ-2cLm-uXlBFYUV9w\"]}]}<\/script>\n<!-- \/ Yoast SEO plugin. -->","yoast_head_json":{"title":"Turismo de Zamora , Turismo Sostenible","description":"Esta es la p\u00e1gina Oficial de Turismo de Diputaci\u00f3n de Zamora, donde podr\u00e1 encontrar toda la informaci\u00f3n para disfrutar al m\u00e1ximo de nuestra provincia.","robots":{"index":"index","follow":"follow","max-snippet":"max-snippet:-1","max-image-preview":"max-image-preview:large","max-video-preview":"max-video-preview:-1"},"canonical":"https:\/\/turismoenzamora.es\/fr\/patrimonio-popular\/romerias-de-primavera\/","og_locale":"de_DE","og_type":"article","og_title":"Turismo de Zamora , Turismo Sostenible","og_description":"Esta es la p\u00e1gina Oficial de Turismo de Diputaci\u00f3n de Zamora, donde podr\u00e1 encontrar toda la informaci\u00f3n para disfrutar al m\u00e1ximo de nuestra provincia.","og_url":"https:\/\/turismoenzamora.es\/fr\/patrimonio-popular\/romerias-de-primavera\/","og_site_name":"Tourismus in Zamora","article_publisher":"https:\/\/www.facebook.com\/ZamoraSpain\/","article_modified_time":"2021-09-01T14:53:47+00:00","og_image":[{"url":"https:\/\/turismoenzamora.es\/wp-content\/uploads\/2017\/08\/Patrimonio-culturalromeriasprimavera.jpg"}],"twitter_card":"summary_large_image","twitter_site":"@ZamoraSpain","twitter_misc":{"Gesch\u00e4tzte Lesezeit":"16 Minuten"},"schema":{"@context":"https:\/\/schema.org","@graph":[{"@type":"WebPage","@id":"https:\/\/turismoenzamora.es\/fr\/patrimonio-popular\/romerias-de-primavera\/","url":"https:\/\/turismoenzamora.es\/fr\/patrimonio-popular\/romerias-de-primavera\/","name":"Turismo de Zamora , Turismo Sostenible","isPartOf":{"@id":"https:\/\/turismoenzamora.es\/pt\/#website"},"primaryImageOfPage":{"@id":"https:\/\/turismoenzamora.es\/fr\/patrimonio-popular\/romerias-de-primavera\/#primaryimage"},"image":{"@id":"https:\/\/turismoenzamora.es\/fr\/patrimonio-popular\/romerias-de-primavera\/#primaryimage"},"thumbnailUrl":"https:\/\/turismoenzamora.es\/wp-content\/uploads\/2017\/08\/Patrimonio-culturalromeriasprimavera.jpg","datePublished":"2017-08-08T05:23:19+00:00","dateModified":"2021-09-01T14:53:47+00:00","description":"Esta es la p\u00e1gina Oficial de Turismo de Diputaci\u00f3n de Zamora, donde podr\u00e1 encontrar toda la informaci\u00f3n para disfrutar al m\u00e1ximo de nuestra provincia.","breadcrumb":{"@id":"https:\/\/turismoenzamora.es\/fr\/patrimonio-popular\/romerias-de-primavera\/#breadcrumb"},"inLanguage":"de-DE","potentialAction":[{"@type":"ReadAction","target":["https:\/\/turismoenzamora.es\/fr\/patrimonio-popular\/romerias-de-primavera\/"]}]},{"@type":"ImageObject","inLanguage":"de-DE","@id":"https:\/\/turismoenzamora.es\/fr\/patrimonio-popular\/romerias-de-primavera\/#primaryimage","url":"https:\/\/turismoenzamora.es\/wp-content\/uploads\/2017\/08\/Patrimonio-culturalromeriasprimavera.jpg","contentUrl":"https:\/\/turismoenzamora.es\/wp-content\/uploads\/2017\/08\/Patrimonio-culturalromeriasprimavera.jpg"},{"@type":"BreadcrumbList","@id":"https:\/\/turismoenzamora.es\/fr\/patrimonio-popular\/romerias-de-primavera\/#breadcrumb","itemListElement":[{"@type":"ListItem","position":1,"name":"Portada","item":"https:\/\/turismoenzamora.es\/"},{"@type":"ListItem","position":2,"name":"Patrimonio Popular","item":"https:\/\/turismoenzamora.es\/de\/patrimonio-popular\/"},{"@type":"ListItem","position":3,"name":"Processions de Printemps"}]},{"@type":"WebSite","@id":"https:\/\/turismoenzamora.es\/pt\/#website","url":"https:\/\/turismoenzamora.es\/pt\/","name":"Turismo sostenible. Patronato de Turismo de la Diputaci\u00f3n de Zamora.&quot;Turismo Sostenible&quot;.","description":"Nachhaltiger Tourismus Tourismusverband der Diputaci\u00f3n de Zamora","publisher":{"@id":"https:\/\/turismoenzamora.es\/pt\/#organization"},"potentialAction":[{"@type":"SearchAction","target":{"@type":"EntryPoint","urlTemplate":"https:\/\/turismoenzamora.es\/pt\/?s={search_term_string}"},"query-input":"required name=search_term_string"}],"inLanguage":"de-DE"},{"@type":"Organization","@id":"https:\/\/turismoenzamora.es\/pt\/#organization","name":"Patronato de Turismo de la Diputaci\u00f3n de Zamora","url":"https:\/\/turismoenzamora.es\/pt\/","logo":{"@type":"ImageObject","inLanguage":"de-DE","@id":"https:\/\/turismoenzamora.es\/pt\/#\/schema\/logo\/image\/","url":"https:\/\/turismoenzamora.es\/wp-content\/uploads\/2018\/06\/ZamoraLogo.png","contentUrl":"https:\/\/turismoenzamora.es\/wp-content\/uploads\/2018\/06\/ZamoraLogo.png","width":1276,"height":290,"caption":"Patronato de Turismo de la Diputaci\u00f3n de Zamora"},"image":{"@id":"https:\/\/turismoenzamora.es\/pt\/#\/schema\/logo\/image\/"},"sameAs":["https:\/\/www.facebook.com\/ZamoraSpain\/","https:\/\/x.com\/ZamoraSpain","https:\/\/www.instagram.com\/turismoenzamora.es\/","https:\/\/www.pinterest.es\/TurismoenZamora\/","https:\/\/www.youtube.com\/channel\/UC2bOyOZ-2cLm-uXlBFYUV9w"]}]}},"_links":{"self":[{"href":"https:\/\/turismoenzamora.es\/de\/wp-json\/wp\/v2\/pages\/308"}],"collection":[{"href":"https:\/\/turismoenzamora.es\/de\/wp-json\/wp\/v2\/pages"}],"about":[{"href":"https:\/\/turismoenzamora.es\/de\/wp-json\/wp\/v2\/types\/page"}],"author":[{"embeddable":true,"href":"https:\/\/turismoenzamora.es\/de\/wp-json\/wp\/v2\/users\/1"}],"replies":[{"embeddable":true,"href":"https:\/\/turismoenzamora.es\/de\/wp-json\/wp\/v2\/comments?post=308"}],"version-history":[{"count":0,"href":"https:\/\/turismoenzamora.es\/de\/wp-json\/wp\/v2\/pages\/308\/revisions"}],"up":[{"embeddable":true,"href":"https:\/\/turismoenzamora.es\/de\/wp-json\/wp\/v2\/pages\/88"}],"wp:attachment":[{"href":"https:\/\/turismoenzamora.es\/de\/wp-json\/wp\/v2\/media?parent=308"}],"curies":[{"name":"wp","href":"https:\/\/api.w.org\/{rel}","templated":true}]}}