{"id":306,"date":"2017-08-08T07:22:49","date_gmt":"2017-08-08T05:22:49","guid":{"rendered":"https:\/\/newweb.turismoenzamora.es\/?page_id=306"},"modified":"2022-12-26T12:38:25","modified_gmt":"2022-12-26T10:38:25","slug":"mascaradas-de-invierno","status":"publish","type":"page","link":"https:\/\/turismoenzamora.es\/de\/patrimonio-popular\/mascaradas-de-invierno\/","title":{"rendered":"Wintermaskerade"},"content":{"rendered":"<p><\/p>\n<h1 class=\"title\">Wintermaskerade<\/h1>\n<p><img fetchpriority=\"high\" decoding=\"async\" class=\"aligncenter size-full wp-image-6906\" src=\"https:\/\/turismoenzamora.es\/wp-content\/uploads\/2017\/08\/Patrimonio-culturalmasc.jpg\" alt=\"\" width=\"900\" height=\"601\" data-id=\"6906\" srcset=\"https:\/\/turismoenzamora.es\/wp-content\/uploads\/2017\/08\/Patrimonio-culturalmasc.jpg 900w, https:\/\/turismoenzamora.es\/wp-content\/uploads\/2017\/08\/Patrimonio-culturalmasc-300x200.jpg 300w, https:\/\/turismoenzamora.es\/wp-content\/uploads\/2017\/08\/Patrimonio-culturalmasc-768x513.jpg 768w\" sizes=\"(max-width: 900px) 100vw, 900px\" \/><\/p>\n<p>&nbsp;<\/p>\n<p>Die Wintermaskeraden bilden eines dieser seltenen und gl\u00fccklichen Beispiele von kulturellem \u00dcberleben, das man noch immer an manchen Orten auf der iberischen Halbinsel finden kann. Einige dieser Orte befinden sich in der Provinz Zamora, wo zwischen Dezember und Januar verschiedene traditionelle Feste stattfinden, deren Ursprung und Symbolik in der Vergangenheit liegen. Alle fallen mit der Wintersonnenwende zusammen und verl\u00e4ngern sich manchmal durch die Fastnachtfeiern und den Karneval. Die mit extravaganten Kost\u00fcmen herausgeputzten Gestalten sind die Protagonisten verschiedener Ortschaften in Zamora.<\/p>\n<p>Typisch f\u00fcr diese Feste und ihre Verbindung zu anderen Festen dieser Art, die in benachbarten Gegenden wie Galizien und Portugal stattfinden, ist die wesentliche Pr\u00e4senz von Teufelsfiguren, die Wettrennen und Spr\u00fcnge durch den Ort veranstalten, indem sie die Menschen \u00e4rgern oder sie zum Fest einladen. Normalerweise sind es die Jugendlichen oder junge, ledige M\u00e4nner, die diese Figuren darstellen, die Feste organisieren und um Weihnachtsgeld bitten, immer unter Begleitung von Instrumenten wie Kuhglocken, Hebelzangen, aufgepumpten Blasen usw. mit denen sie die Ortseinwohner verfolgen, schlagen und erschrecken.<\/p>\n<p><img decoding=\"async\" class=\"wp-image-588 aligncenter\" src=\"https:\/\/turismoenzamora.es\/wp-content\/uploads\/2017\/08\/mascaradas_2-300x90.jpg\" alt=\"\" width=\"600\" height=\"180\" srcset=\"https:\/\/turismoenzamora.es\/wp-content\/uploads\/2017\/08\/mascaradas_2-300x90.jpg 300w, https:\/\/turismoenzamora.es\/wp-content\/uploads\/2017\/08\/mascaradas_2.jpg 670w\" sizes=\"(max-width: 600px) 100vw, 600px\" \/><\/p>\n<p><a class=\"modal\" href=\"https:\/\/turismoenzamora.es\/wp-content\/uploads\/2017\/08\/mascaradas_2.jpg\"><img decoding=\"async\" class=\"aligncenter\" src=\"https:\/\/turismoenzamora.es\/wp-content\/uploads\/2017\/08\/mascaradas_2.jpg\" alt=\"todas\"><\/a><\/p>\n<h4>San Mart\u00edn de Casta\u00f1eda<\/h4>\n<p>Beim Visparra-Fest am 25. Dezember spielen die Jugendlichen des Ortes die Hauptrolle, die zentrale Figur ist die Talanqueira oder gro\u00dfe Kuh. Diese skurrile Figur l\u00e4uft mit anderen Figuren von T\u00fcr zu T\u00fcr und bittet um ein Weihnachtsgeld.<\/p>\n<h4>Sanzoles del Vino<\/h4>\n<p><a class=\"modal\" href=\"https:\/\/web.archive.org\/web\/20160916155403\/http:\/\/www.turismoenzamora.es\/multimedia\/imagenes\/fiestas\/sanzoles.jpg\"><img loading=\"lazy\" decoding=\"async\" class=\"aligncenter\" src=\"https:\/\/web.archive.org\/web\/20160916155403\/http:\/\/www.turismoenzamora.es\/multimedia\/imagenes\/fiestas\/sanzoles.jpg\" alt=\"\" width=\"277\" height=\"417\"><\/a><\/p>\n<p>Zum Fest von regionalem touristischem Interesse erkl\u00e4rt. El Zangarr\u00f3n ist eine der beliebtesten Figuren im Kalender der Feste und Riten von Zamora. Geschm\u00fcckt mit bunten Kleidern, Ledermaske und buntem Federbusch verfolgt er am 26. Dezember die Ortsbewohner und erbittet ein Weihnachtsgeld.<\/p>\n<h4>Pozuelo de T\u00e1bara<\/h4>\n<p>Am 26. Dezember wecken die \u2018Entrantes\u2019, die Musiker, den Taffar\u00f3n und die Madame, um dann von Haus zu Haus zu gehen und \u201cim Namen des Jesuskinds\u201d einen guten Tag zu w\u00fcnschen. W\u00e4hrend der Messe an diesem Tag, bietet die Madame dem Heiligen das zuletzt im Dorf geborene Kind dar.<\/p>\n<h4>Montamarta<\/h4>\n<p>Montamarta bekommt zwischen dem 01. und 06. Januar Besuch vom&nbsp; Zangarr\u00f3n. Unter den 18-j\u00e4hrigen aus jedem Jahr werden zwei ausgew\u00e4hlt, die den Zangarr\u00f3n darstellen, einer am Neujahrstag und einer am Tag der Heiligen Drei K\u00f6nige. Traditionelle Elemente dieses Festes sind die Kuhglocken, das Weihnachtsgeld, die Brotsegnung und die Zustimmung der Obrigkeit.<\/p>\n<h4>Ferreras de Arriba<\/h4>\n<p>Der Besucher wird am 26. Dezember Zuschauer einer Theaterszene, deren Protagonisten die Ortseinwohner sind. Es gibt vier Hauptpersonen: die Sch\u00f6nen (der Liebhaber und die Madame, die von einem als Frau verkleideter Mann verk\u00f6rpert wird) und die H\u00e4sslichen (die Filandorra und der Teufel).<\/p>\n<h4>Villarino tras la Sierra<\/h4>\n<p>Am 26. Dezember nach der Messe l\u00e4uft El Caballico, eine emblematische Figur, hinter der Menge her, angetan mit einem langen Schwanz, der in Wasser, Schlamm und schlimmeren Dingen getr\u00e4nkt wurde, um diejenigen anzumalen, die er erwischen kann. Die andere typische Figur des Ortes ist der Pajarico, der um Weihnachtsgeld bittet.<\/p>\n<h4>Riofr\u00edo de Aliste<\/h4>\n<p><a class=\"modal\" href=\"https:\/\/web.archive.org\/web\/20160916154021\/http:\/\/www.turismoenzamora.es\/multimedia\/imagenes\/fiestas\/riofrio.jpg\"><img decoding=\"async\" class=\"aligncenter\" src=\"https:\/\/web.archive.org\/web\/20160916154021\/http:\/\/www.turismoenzamora.es\/multimedia\/imagenes\/fiestas\/riofrio.jpg\" alt=\"\"><\/a><\/p>\n<p>Zum Fest von regionalem touristischem Interesse erkl\u00e4rt. Am 01. Januar sind 11 Figuren auf der Stra\u00dfe unterwegs: der \u201cCarocho Grande\u201d (der gro\u00dfe Carocho tr\u00e4gt eine schwarze Maske aus Kork), der \u201cCarocho Chiquito\u201d (der kleine Caroche hat ein schwarz gemaltes Geicht und Pferdeschweifhaare auf dem Kopf), der \u201cGal\u00e1n\u201d (der Liebhaber), die \u201cMadama\u201d (die Madame), der \u201cTamboril\u201d (der mit der Handtrommel), der \u201cCerr\u00f3n\u201d (der aus Cerr\u00f3n), der \u201cLino\u201d (der mit dem Flachs), der \u201cMolacillo\u201d (der aus Molacillo),der \u201cGitano\u201d (der Zigeuner), die \u201cFilandorra\u201d (Mann als Frau verkleidet) und der \u201cCiego\u201d (der Blinde). Das Geschehen wird mit organisierten Handlungen entwickelt, so als ob es sich um eine Stra\u00dfentheaterauff\u00fchrung handelt. Das Erscheinen der Carochos, umh\u00fcllt von Rauch mit lautem Geschrei, ist ebenso beeindruckend wie ihre Bekleidung.<\/p>\n<h4>San Vicente de la Cabeza<\/h4>\n<p>Der \u201cAtenazador\u201d (der Peiniger) von San Vicente de la Cabeza ist eine Teufelsmaskerade. Der Teufel wird von den Peinigern dargestellt, die Hebelzangen, Masken und Kuhglocken dabei haben. Eine weitere Figur ist die \u201cFilandorra\u201d, eine \u00e4ltere Dame, die die Einwohner verfolgt und sie mit Asche bewirft, daneben gibt es noch ein Hochzeitspaar, zwei Flageolettspieler und eine Gruppe von Bettlern. Die Maskerade findet am 11. August statt und f\u00e4llt mit dem Dorffest zusammen.<\/p>\n<h4>Sarrac\u00edn de Aliste<\/h4>\n<p>Am 01. Januar sind hier die Teufel die Protagonisten, gekleidet in schwarz und ausgestattet mit Korkmasken, Zangen, Kuhglocken und Ruten, am Fest nehmen allerdings insgesamt 12 Figuren teil, einschlie\u00dflich \u201cFilandorra\u201d und \u201cRull\u00f3n\u201d, dem \u201cCiego\u201d (der Blinde) und dem \u201cMolacillo\u201d (der aus Molacillo), der \u201cMadama\u201d (die Madame) und dm \u201cGal\u00e1n\u201d (der Liebhaber) und die zwei \u201cPobres del Saco\u201d (Bettler mit Sack).<\/p>\n<h4>Abejera<\/h4>\n<p>Bei diesem Fest treten an erster Stelle der \u201cCencerr\u00f3n\u201d (der mit den Kuhglocken) und die \u201cFilandorra\u201d (als Frau verkleideter Mann) auf dem Hauptplatz in Erscheinung und l\u00e4uten die Kuhglocken, die an ihren H\u00fcften befestigt sind. Danach erscheinen die restlichen Figuren, mit denen sich K\u00e4mpfe entspinnen, indem sie sich mit Asche bewerfen.<\/p>\n<h4>Villanueva de Valrojo<\/h4>\n<p>Aufgrund des Verbots von \u201czangarrones\u201d und \u201cobisparras\u201d (heidnische Prozessionen) seitens der Kirche wurde das Fest auf den Sonntag vor Fastnacht, Montag oder Dienstag in der Karnevalswoche verschoben, so dass die Teufel und \u201cCencerrones\u201d (die mit den Kuhglocken) sich mit den typischen Karnevalsfiguren mischen.<\/p>\n<h4>Almeida de Sayago<\/h4>\n<p>Die \u201cVaca Bayona\u201d existiert heute nur noch in Almeida de Sayago. Das Fest findet am Sonntag vor Fastnacht und am Dienstag der Karnevalswoche statt. Die Kuh wird von einem Jugendlichen dargestellt, der ein Holzgestell tr\u00e4gt, das H\u00f6rner hat und mit Stoff verhangen ist. Die Maske ist dem Kopf einer Kuh nachempfunden.<\/p>\n<h4>Pobladura de Aliste<\/h4>\n<p>Das Fest findet am 15. August statt. An diesem heidnische Umzug nehmen 16 Figuren teil, neben der \u201cFilandorra\u201d mit dem Kind, sind das der \u201cCiego\u201d (der Blinde), der \u201cSoldado\u201d (der Soldat), der \u201cMendigo\u201d (der Bettler), der \u201cBailador\u201d (der T\u00e4nzer) und die \u201cBailadora\u201d (die T\u00e4nzerin), der \u201cAfilador\u201d (der Scherenschleifer) und der \u201cPiojoso\u201d (der B\u00f6sewicht) sowie mehrere S\u00e4er und ihre Ochsen (die \u201cCarachos\u201d) und der \u201cArador\u201d (der Pfl\u00fcger) und der \u201cGa\u00f1\u00e1n\u201d (der R\u00fcpel).<\/p>\n<h4>Kerzen<\/h4>\n<p>Der Festkalender von Zamora bekommt mit der \u201cCelebraci\u00f3n de las Candelas\u201d (Kerzenfest) am 02. Februar, das in verschiedenen Orten der Provinz wie Samir de los Ca\u00f1os, Moraleja del Vino, San Esteban del Molar, Villalba de la Lampreana oder El Pego gefeiert wird, einen neuen Glanzpunkt. Das Fest hat diesen Namen, da in seinem Rahmen alle Kerzen, die \u00fcber das Jahr gebraucht werden, eine Segnung erhalten. Bei diesem Fest bringen die Frauen das Brot von Haus zu Haus, um die Bewohner zum Tanz einzuladen.<\/p>\n<h4>Agathen<\/h4>\n<p>Am 05. Februar wird Las \u00c1guedas (Fest der Heiligen Agahthe) gefeiert, ein Tag, der voll und ganz den verheirateten Frauen gewidmet ist, sie sind die K\u00f6niginnen f\u00fcr 24 Stunden und k\u00f6nnen tun und lassen, was sie wollen. Die Agathen laufen durch die Stra\u00dfen und bitten um \u2018la miaja\u2019 (Kr\u00fcmel) und werden zu den Haush\u00e4lterinnen. In Zamora laufen sie mit Trachten durch die geschm\u00fcckten Stra\u00dfen und spielen verschiedene Musikinstrumente.<\/p>\n<h4>Karneval<\/h4>\n<p>Der traditionelle Karneval hat in Kastilien und Leon im Lauf der Zeit nur wenige Wurzeln geschlagen. Die Stadt Toro ist eine der wenigen Gl\u00fccklichen im Karnevalskalender der Region, das zeigt die Teilnahme der \u00d6ffentlichkeit, die Neigung zum Verkleiden und der beeindruckende Umzug, der Stra\u00dfen und Pl\u00e4tze w\u00e4hrend der Karnevalsfeiern mit Farben f\u00fcllt. Es handelt sich um ein Fest, das die Stra\u00dfen von Toro \u00fcberschwemmt und nach einigen Jahrzehnten, in denen die Feiern best\u00e4ndig abgehalten wurden, hat der Karneval die Kategorie Fest von regionalem touristischen Interesse erreicht. Am Karnevalsmontag findet der Umzug der Kinder und am folgenden Tag der Hauptumzug statt.<\/p>\n<p><a href=\"https:\/\/turismoenzamora.es\/wp-content\/uploads\/2018\/05\/folletoPatrimonioPopular-1.pdf\"><img decoding=\"async\" src=\"https:\/\/web.archive.org\/web\/20170704071530\/https:\/\/turismoenzamora.es\/images\/masinfo.png\"><\/a><a href=\"https:\/\/turismoenzamora.es\/wp-content\/uploads\/2017\/11\/fiestasred.png\" target=\"_blank\" rel=\"noopener noreferrer\"><img decoding=\"async\" class=\"\" src=\"https:\/\/turismoenzamora.es\/wp-content\/uploads\/2017\/08\/masinfo-1.png\"><\/a><\/p>\n<p><\/p>","protected":false},"excerpt":{"rendered":"<p>Wintermaskerade &nbsp; Die Wintermaskeraden bilden eines dieser seltenen und gl\u00fccklichen Beispiele von kulturellem \u00dcberleben, das man noch immer an manchen Orten auf der iberischen Halbinsel finden kann. Einige dieser Orte befinden sich in der Provinz Zamora, wo zwischen Dezember und Januar verschiedene traditionelle Feste stattfinden, deren Ursprung und Symbolik in der Vergangenheit liegen. Alle fallen [&hellip;]<\/p>\n","protected":false},"author":1,"featured_media":0,"parent":88,"menu_order":1,"comment_status":"closed","ping_status":"closed","template":"","meta":{"inline_featured_image":false,"site-sidebar-layout":"default","site-content-layout":"default","ast-site-content-layout":"","site-content-style":"default","site-sidebar-style":"default","ast-global-header-display":"","ast-banner-title-visibility":"","ast-main-header-display":"","ast-hfb-above-header-display":"","ast-hfb-below-header-display":"","ast-hfb-mobile-header-display":"","site-post-title":"disabled","ast-breadcrumbs-content":"","ast-featured-img":"","footer-sml-layout":"","theme-transparent-header-meta":"default","adv-header-id-meta":"","stick-header-meta":"","header-above-stick-meta":"","header-main-stick-meta":"","header-below-stick-meta":"","astra-migrate-meta-layouts":"default","ast-page-background-enabled":"default","ast-page-background-meta":{"desktop":{"background-color":"","background-image":"","background-repeat":"repeat","background-position":"center center","background-size":"auto","background-attachment":"scroll","background-type":"","background-media":"","overlay-type":"","overlay-color":"","overlay-opacity":"","overlay-gradient":""},"tablet":{"background-color":"","background-image":"","background-repeat":"repeat","background-position":"center center","background-size":"auto","background-attachment":"scroll","background-type":"","background-media":"","overlay-type":"","overlay-color":"","overlay-opacity":"","overlay-gradient":""},"mobile":{"background-color":"","background-image":"","background-repeat":"repeat","background-position":"center center","background-size":"auto","background-attachment":"scroll","background-type":"","background-media":"","overlay-type":"","overlay-color":"","overlay-opacity":"","overlay-gradient":""}},"ast-content-background-meta":{"desktop":{"background-color":"var(--ast-global-color-5)","background-image":"","background-repeat":"repeat","background-position":"center center","background-size":"auto","background-attachment":"scroll","background-type":"","background-media":"","overlay-type":"","overlay-color":"","overlay-opacity":"","overlay-gradient":""},"tablet":{"background-color":"var(--ast-global-color-5)","background-image":"","background-repeat":"repeat","background-position":"center center","background-size":"auto","background-attachment":"scroll","background-type":"","background-media":"","overlay-type":"","overlay-color":"","overlay-opacity":"","overlay-gradient":""},"mobile":{"background-color":"var(--ast-global-color-5)","background-image":"","background-repeat":"repeat","background-position":"center center","background-size":"auto","background-attachment":"scroll","background-type":"","background-media":"","overlay-type":"","overlay-color":"","overlay-opacity":"","overlay-gradient":""}},"ngg_post_thumbnail":0,"footnotes":""},"yoast_head":"<!-- This site is optimized with the Yoast SEO plugin v23.0 - https:\/\/yoast.com\/wordpress\/plugins\/seo\/ -->\n<title>Turismo de Zamora , Turismo Sostenible<\/title>\n<meta name=\"description\" content=\"Esta es la p\u00e1gina Oficial de Turismo de Diputaci\u00f3n de Zamora, donde podr\u00e1 encontrar toda la informaci\u00f3n para disfrutar al m\u00e1ximo de nuestra provincia.\" \/>\n<meta name=\"robots\" content=\"index, follow, max-snippet:-1, max-image-preview:large, max-video-preview:-1\" \/>\n<link rel=\"canonical\" href=\"https:\/\/turismoenzamora.es\/patrimonio-popular\/mascaradas-de-invierno\/\" \/>\n<meta property=\"og:locale\" content=\"de_DE\" \/>\n<meta property=\"og:type\" content=\"article\" \/>\n<meta property=\"og:title\" content=\"Turismo de Zamora , Turismo Sostenible\" \/>\n<meta property=\"og:description\" content=\"Esta es la p\u00e1gina Oficial de Turismo de Diputaci\u00f3n de Zamora, donde podr\u00e1 encontrar toda la informaci\u00f3n para disfrutar al m\u00e1ximo de nuestra provincia.\" \/>\n<meta property=\"og:url\" content=\"https:\/\/turismoenzamora.es\/patrimonio-popular\/mascaradas-de-invierno\/\" \/>\n<meta property=\"og:site_name\" content=\"Tourismus in Zamora\" \/>\n<meta property=\"article:publisher\" content=\"https:\/\/www.facebook.com\/ZamoraSpain\/\" \/>\n<meta property=\"article:modified_time\" content=\"2022-12-26T10:38:25+00:00\" \/>\n<meta property=\"og:image\" content=\"https:\/\/turismoenzamora.es\/wp-content\/uploads\/2017\/08\/Patrimonio-culturalmasc.jpg\" \/>\n<meta name=\"twitter:card\" content=\"summary_large_image\" \/>\n<meta name=\"twitter:site\" content=\"@ZamoraSpain\" \/>\n<meta name=\"twitter:label1\" content=\"Gesch\u00e4tzte Lesezeit\" \/>\n\t<meta name=\"twitter:data1\" content=\"38 Minuten\" \/>\n<script type=\"application\/ld+json\" class=\"yoast-schema-graph\">{\"@context\":\"https:\/\/schema.org\",\"@graph\":[{\"@type\":\"WebPage\",\"@id\":\"https:\/\/turismoenzamora.es\/patrimonio-popular\/mascaradas-de-invierno\/\",\"url\":\"https:\/\/turismoenzamora.es\/patrimonio-popular\/mascaradas-de-invierno\/\",\"name\":\"Turismo de Zamora , Turismo Sostenible\",\"isPartOf\":{\"@id\":\"https:\/\/turismoenzamora.es\/pt\/#website\"},\"primaryImageOfPage\":{\"@id\":\"https:\/\/turismoenzamora.es\/patrimonio-popular\/mascaradas-de-invierno\/#primaryimage\"},\"image\":{\"@id\":\"https:\/\/turismoenzamora.es\/patrimonio-popular\/mascaradas-de-invierno\/#primaryimage\"},\"thumbnailUrl\":\"https:\/\/turismoenzamora.es\/wp-content\/uploads\/2017\/08\/Patrimonio-culturalmasc.jpg\",\"datePublished\":\"2017-08-08T05:22:49+00:00\",\"dateModified\":\"2022-12-26T10:38:25+00:00\",\"description\":\"Esta es la p\u00e1gina Oficial de Turismo de Diputaci\u00f3n de Zamora, donde podr\u00e1 encontrar toda la informaci\u00f3n para disfrutar al m\u00e1ximo de nuestra provincia.\",\"breadcrumb\":{\"@id\":\"https:\/\/turismoenzamora.es\/patrimonio-popular\/mascaradas-de-invierno\/#breadcrumb\"},\"inLanguage\":\"de-DE\",\"potentialAction\":[{\"@type\":\"ReadAction\",\"target\":[\"https:\/\/turismoenzamora.es\/patrimonio-popular\/mascaradas-de-invierno\/\"]}]},{\"@type\":\"ImageObject\",\"inLanguage\":\"de-DE\",\"@id\":\"https:\/\/turismoenzamora.es\/patrimonio-popular\/mascaradas-de-invierno\/#primaryimage\",\"url\":\"https:\/\/turismoenzamora.es\/wp-content\/uploads\/2017\/08\/Patrimonio-culturalmasc.jpg\",\"contentUrl\":\"https:\/\/turismoenzamora.es\/wp-content\/uploads\/2017\/08\/Patrimonio-culturalmasc.jpg\"},{\"@type\":\"BreadcrumbList\",\"@id\":\"https:\/\/turismoenzamora.es\/patrimonio-popular\/mascaradas-de-invierno\/#breadcrumb\",\"itemListElement\":[{\"@type\":\"ListItem\",\"position\":1,\"name\":\"Portada\",\"item\":\"https:\/\/turismoenzamora.es\/\"},{\"@type\":\"ListItem\",\"position\":2,\"name\":\"Patrimonio Popular\",\"item\":\"https:\/\/turismoenzamora.es\/de\/patrimonio-popular\/\"},{\"@type\":\"ListItem\",\"position\":3,\"name\":\"Mascaradas de Invierno\"}]},{\"@type\":\"WebSite\",\"@id\":\"https:\/\/turismoenzamora.es\/pt\/#website\",\"url\":\"https:\/\/turismoenzamora.es\/pt\/\",\"name\":\"Turismo sostenible. Patronato de Turismo de la Diputaci\u00f3n de Zamora.&quot;Turismo Sostenible&quot;.\",\"description\":\"Nachhaltiger Tourismus Tourismusverband der Diputaci\u00f3n de Zamora\",\"publisher\":{\"@id\":\"https:\/\/turismoenzamora.es\/pt\/#organization\"},\"potentialAction\":[{\"@type\":\"SearchAction\",\"target\":{\"@type\":\"EntryPoint\",\"urlTemplate\":\"https:\/\/turismoenzamora.es\/pt\/?s={search_term_string}\"},\"query-input\":\"required name=search_term_string\"}],\"inLanguage\":\"de-DE\"},{\"@type\":\"Organization\",\"@id\":\"https:\/\/turismoenzamora.es\/pt\/#organization\",\"name\":\"Patronato de Turismo de la Diputaci\u00f3n de Zamora\",\"url\":\"https:\/\/turismoenzamora.es\/pt\/\",\"logo\":{\"@type\":\"ImageObject\",\"inLanguage\":\"de-DE\",\"@id\":\"https:\/\/turismoenzamora.es\/pt\/#\/schema\/logo\/image\/\",\"url\":\"https:\/\/turismoenzamora.es\/wp-content\/uploads\/2018\/06\/ZamoraLogo.png\",\"contentUrl\":\"https:\/\/turismoenzamora.es\/wp-content\/uploads\/2018\/06\/ZamoraLogo.png\",\"width\":1276,\"height\":290,\"caption\":\"Patronato de Turismo de la Diputaci\u00f3n de Zamora\"},\"image\":{\"@id\":\"https:\/\/turismoenzamora.es\/pt\/#\/schema\/logo\/image\/\"},\"sameAs\":[\"https:\/\/www.facebook.com\/ZamoraSpain\/\",\"https:\/\/x.com\/ZamoraSpain\",\"https:\/\/www.instagram.com\/turismoenzamora.es\/\",\"https:\/\/www.pinterest.es\/TurismoenZamora\/\",\"https:\/\/www.youtube.com\/channel\/UC2bOyOZ-2cLm-uXlBFYUV9w\"]}]}<\/script>\n<!-- \/ Yoast SEO plugin. -->","yoast_head_json":{"title":"Turismo de Zamora , Turismo Sostenible","description":"Esta es la p\u00e1gina Oficial de Turismo de Diputaci\u00f3n de Zamora, donde podr\u00e1 encontrar toda la informaci\u00f3n para disfrutar al m\u00e1ximo de nuestra provincia.","robots":{"index":"index","follow":"follow","max-snippet":"max-snippet:-1","max-image-preview":"max-image-preview:large","max-video-preview":"max-video-preview:-1"},"canonical":"https:\/\/turismoenzamora.es\/patrimonio-popular\/mascaradas-de-invierno\/","og_locale":"de_DE","og_type":"article","og_title":"Turismo de Zamora , Turismo Sostenible","og_description":"Esta es la p\u00e1gina Oficial de Turismo de Diputaci\u00f3n de Zamora, donde podr\u00e1 encontrar toda la informaci\u00f3n para disfrutar al m\u00e1ximo de nuestra provincia.","og_url":"https:\/\/turismoenzamora.es\/patrimonio-popular\/mascaradas-de-invierno\/","og_site_name":"Tourismus in Zamora","article_publisher":"https:\/\/www.facebook.com\/ZamoraSpain\/","article_modified_time":"2022-12-26T10:38:25+00:00","og_image":[{"url":"https:\/\/turismoenzamora.es\/wp-content\/uploads\/2017\/08\/Patrimonio-culturalmasc.jpg"}],"twitter_card":"summary_large_image","twitter_site":"@ZamoraSpain","twitter_misc":{"Gesch\u00e4tzte Lesezeit":"38 Minuten"},"schema":{"@context":"https:\/\/schema.org","@graph":[{"@type":"WebPage","@id":"https:\/\/turismoenzamora.es\/patrimonio-popular\/mascaradas-de-invierno\/","url":"https:\/\/turismoenzamora.es\/patrimonio-popular\/mascaradas-de-invierno\/","name":"Turismo de Zamora , Turismo Sostenible","isPartOf":{"@id":"https:\/\/turismoenzamora.es\/pt\/#website"},"primaryImageOfPage":{"@id":"https:\/\/turismoenzamora.es\/patrimonio-popular\/mascaradas-de-invierno\/#primaryimage"},"image":{"@id":"https:\/\/turismoenzamora.es\/patrimonio-popular\/mascaradas-de-invierno\/#primaryimage"},"thumbnailUrl":"https:\/\/turismoenzamora.es\/wp-content\/uploads\/2017\/08\/Patrimonio-culturalmasc.jpg","datePublished":"2017-08-08T05:22:49+00:00","dateModified":"2022-12-26T10:38:25+00:00","description":"Esta es la p\u00e1gina Oficial de Turismo de Diputaci\u00f3n de Zamora, donde podr\u00e1 encontrar toda la informaci\u00f3n para disfrutar al m\u00e1ximo de nuestra provincia.","breadcrumb":{"@id":"https:\/\/turismoenzamora.es\/patrimonio-popular\/mascaradas-de-invierno\/#breadcrumb"},"inLanguage":"de-DE","potentialAction":[{"@type":"ReadAction","target":["https:\/\/turismoenzamora.es\/patrimonio-popular\/mascaradas-de-invierno\/"]}]},{"@type":"ImageObject","inLanguage":"de-DE","@id":"https:\/\/turismoenzamora.es\/patrimonio-popular\/mascaradas-de-invierno\/#primaryimage","url":"https:\/\/turismoenzamora.es\/wp-content\/uploads\/2017\/08\/Patrimonio-culturalmasc.jpg","contentUrl":"https:\/\/turismoenzamora.es\/wp-content\/uploads\/2017\/08\/Patrimonio-culturalmasc.jpg"},{"@type":"BreadcrumbList","@id":"https:\/\/turismoenzamora.es\/patrimonio-popular\/mascaradas-de-invierno\/#breadcrumb","itemListElement":[{"@type":"ListItem","position":1,"name":"Portada","item":"https:\/\/turismoenzamora.es\/"},{"@type":"ListItem","position":2,"name":"Patrimonio Popular","item":"https:\/\/turismoenzamora.es\/de\/patrimonio-popular\/"},{"@type":"ListItem","position":3,"name":"Mascaradas de Invierno"}]},{"@type":"WebSite","@id":"https:\/\/turismoenzamora.es\/pt\/#website","url":"https:\/\/turismoenzamora.es\/pt\/","name":"Turismo sostenible. Patronato de Turismo de la Diputaci\u00f3n de Zamora.&quot;Turismo Sostenible&quot;.","description":"Nachhaltiger Tourismus Tourismusverband der Diputaci\u00f3n de Zamora","publisher":{"@id":"https:\/\/turismoenzamora.es\/pt\/#organization"},"potentialAction":[{"@type":"SearchAction","target":{"@type":"EntryPoint","urlTemplate":"https:\/\/turismoenzamora.es\/pt\/?s={search_term_string}"},"query-input":"required name=search_term_string"}],"inLanguage":"de-DE"},{"@type":"Organization","@id":"https:\/\/turismoenzamora.es\/pt\/#organization","name":"Patronato de Turismo de la Diputaci\u00f3n de Zamora","url":"https:\/\/turismoenzamora.es\/pt\/","logo":{"@type":"ImageObject","inLanguage":"de-DE","@id":"https:\/\/turismoenzamora.es\/pt\/#\/schema\/logo\/image\/","url":"https:\/\/turismoenzamora.es\/wp-content\/uploads\/2018\/06\/ZamoraLogo.png","contentUrl":"https:\/\/turismoenzamora.es\/wp-content\/uploads\/2018\/06\/ZamoraLogo.png","width":1276,"height":290,"caption":"Patronato de Turismo de la Diputaci\u00f3n de Zamora"},"image":{"@id":"https:\/\/turismoenzamora.es\/pt\/#\/schema\/logo\/image\/"},"sameAs":["https:\/\/www.facebook.com\/ZamoraSpain\/","https:\/\/x.com\/ZamoraSpain","https:\/\/www.instagram.com\/turismoenzamora.es\/","https:\/\/www.pinterest.es\/TurismoenZamora\/","https:\/\/www.youtube.com\/channel\/UC2bOyOZ-2cLm-uXlBFYUV9w"]}]}},"_links":{"self":[{"href":"https:\/\/turismoenzamora.es\/de\/wp-json\/wp\/v2\/pages\/306"}],"collection":[{"href":"https:\/\/turismoenzamora.es\/de\/wp-json\/wp\/v2\/pages"}],"about":[{"href":"https:\/\/turismoenzamora.es\/de\/wp-json\/wp\/v2\/types\/page"}],"author":[{"embeddable":true,"href":"https:\/\/turismoenzamora.es\/de\/wp-json\/wp\/v2\/users\/1"}],"replies":[{"embeddable":true,"href":"https:\/\/turismoenzamora.es\/de\/wp-json\/wp\/v2\/comments?post=306"}],"version-history":[{"count":0,"href":"https:\/\/turismoenzamora.es\/de\/wp-json\/wp\/v2\/pages\/306\/revisions"}],"up":[{"embeddable":true,"href":"https:\/\/turismoenzamora.es\/de\/wp-json\/wp\/v2\/pages\/88"}],"wp:attachment":[{"href":"https:\/\/turismoenzamora.es\/de\/wp-json\/wp\/v2\/media?parent=306"}],"curies":[{"name":"wp","href":"https:\/\/api.w.org\/{rel}","templated":true}]}}