{"id":287,"date":"2017-08-08T07:18:16","date_gmt":"2017-08-08T07:18:16","guid":{"rendered":"https:\/\/newweb.turismoenzamora.es\/?page_id=287"},"modified":"2022-09-15T14:03:09","modified_gmt":"2022-09-15T12:03:09","slug":"camino-de-levante","status":"publish","type":"page","link":"https:\/\/turismoenzamora.es\/de\/camino-de-levante\/","title":{"rendered":"Camino de Levante"},"content":{"rendered":"<h1>Camino de Levante<\/h1>\n<p><img fetchpriority=\"high\" decoding=\"async\" class=\"aligncenter wp-image-15461 size-full\" src=\"https:\/\/turismoenzamora.es\/wp-content\/uploads\/2022\/09\/Camino-de-Levante.jpg\" alt=\"\" width=\"932\" height=\"463\" srcset=\"https:\/\/turismoenzamora.es\/wp-content\/uploads\/2022\/09\/Camino-de-Levante.jpg 932w, https:\/\/turismoenzamora.es\/wp-content\/uploads\/2022\/09\/Camino-de-Levante-300x149.jpg 300w, https:\/\/turismoenzamora.es\/wp-content\/uploads\/2022\/09\/Camino-de-Levante-768x382.jpg 768w\" sizes=\"(max-width: 932px) 100vw, 932px\" \/><\/p>\n<p style=\"text-align: justify;\">la ruta seguida por los peregrinos procedentes del Este peninsular o de los valles del Duero y Guare\u00f1a, que llegan a la hist\u00f3rica urbe de Toro, para enlazar con la V\u00eda de la Plata en la ciudad de Zamora. Un trazado que, en buena parte, se remonta a la \u00e9poca romana, cuando las dos ciudades del Duero estaban comunicadas a trav\u00e9s de la calzada M\u00e9rida-Zaragoza, que se desviaba en Zamora de la V\u00eda de la Plata para seguir el curso del Duero por su margen derecha hasta Toro.<\/p>\n<p style=\"text-align: justify;\">Tres son las posibles variantes que tenemos: La primera ser\u00eda desde Torrecilla de la Abadesa-Toro-Matilla la Seca- Coreses-Zamora.<\/p>\n<p style=\"text-align: justify;\">La segunda nos ofrece la posibilidad de salir desde Villafranca de Duero-Toro-Peleagonzalo-Villalaz\u00e1n-Zamora.<\/p>\n<p style=\"text-align: justify;\">La tercera ser\u00eda, partiendo desde Toro-Fresno de la Ribera-Coreses-Zamora.<\/p>\n<p style=\"text-align: justify;\">Nosotros describimos solo la segunda opci\u00f3n, con una distancia de 49,5 km y un tiempo aproximado de 12 h. y 30 minutos.<\/p>\n<p>&nbsp;<\/p>\n<p><img decoding=\"async\" class=\"size-medium wp-image-782 alignright\" src=\"https:\/\/turismoenzamora.es\/wp-content\/uploads\/2017\/08\/levante_2-300x172.jpg\" alt=\"\" width=\"300\" height=\"172\" srcset=\"https:\/\/turismoenzamora.es\/wp-content\/uploads\/2017\/08\/levante_2-300x172.jpg 300w, https:\/\/turismoenzamora.es\/wp-content\/uploads\/2017\/08\/levante_2.jpg 385w\" sizes=\"(max-width: 300px) 100vw, 300px\" \/><\/p>\n<p style=\"text-align: justify;\">Podemos partir desde Villafranca, en la provincia de Valladolid y desde aqu\u00ed, hasta el final del recorrido, no nos podemos quejar del camino que hemos encontrado, ya que, a la margen izquierda, sale una pista, se\u00f1alizada perfectamente con el GR-14, que nos lleva por Villafranca de Duero hasta Toro. La provincia de Zamora, hab\u00eda se\u00f1alizado tambi\u00e9n parte del GR-14 recientemente, con una distancia de 14,9 km.<\/p>\n<p style=\"text-align: justify;\">Villafranca de Duero est\u00e1 situada en la margen izquierda del r\u00edo Duero y muy cerca del embalse de San Jos\u00e9. Su nombre indica que el lugar fue repoblado por francos, sobre el siglo XI. La Iglesia est\u00e1 dedicada a Santa Mar\u00eda Magdalena: antiguamente fue edificio de ladrillo y tapia, pero el actual es moderno, de 1981, aunque conserva la misma advocaci\u00f3n.<br \/>\nEntre su imaginer\u00eda destaca un Crucificado rom\u00e1nico de fines del siglo XII y una bien conservada Santa Mar\u00eda Magdalena del siglo XVI.<\/p>\n<p>&nbsp;<\/p>\n<p><a href=\"https:\/\/turismoenzamora.es\/wp-content\/uploads\/2022\/09\/camino-Levante-2022.pdf\" target=\"_blank\" rel=\"nooper noopener\"><br \/>\n<\/a><a href=\"https:\/\/turismoenzamora.es\/wp-content\/uploads\/2022\/09\/camino-Levante-2022.pdf\" target=\"_blank\" rel=\"nooper noopener\"><img decoding=\"async\" class=\"alignnone wp-image-640 size-full\" src=\"https:\/\/turismoenzamora.es\/wp-content\/uploads\/2017\/08\/masinfo.png\" alt=\"\" width=\"63\" height=\"32\"><\/a><\/p>\n<p>&nbsp;<\/p>\n","protected":false},"excerpt":{"rendered":"<p>Camino de Levante la ruta seguida por los peregrinos procedentes del Este peninsular o de los valles del Duero y Guare\u00f1a, que llegan a la hist\u00f3rica urbe de Toro, para enlazar con la V\u00eda de la Plata en la ciudad de Zamora. Un trazado que, en buena parte, se remonta a la \u00e9poca romana, cuando [&hellip;]<\/p>\n","protected":false},"author":1,"featured_media":0,"parent":0,"menu_order":0,"comment_status":"closed","ping_status":"closed","template":"","meta":{"inline_featured_image":false,"site-sidebar-layout":"default","site-content-layout":"","ast-site-content-layout":"","site-content-style":"default","site-sidebar-style":"default","ast-global-header-display":"","ast-banner-title-visibility":"","ast-main-header-display":"","ast-hfb-above-header-display":"","ast-hfb-below-header-display":"","ast-hfb-mobile-header-display":"","site-post-title":"","ast-breadcrumbs-content":"","ast-featured-img":"","footer-sml-layout":"","theme-transparent-header-meta":"","adv-header-id-meta":"","stick-header-meta":"","header-above-stick-meta":"","header-main-stick-meta":"","header-below-stick-meta":"","astra-migrate-meta-layouts":"default","ast-page-background-enabled":"default","ast-page-background-meta":{"desktop":{"background-color":"","background-image":"","background-repeat":"repeat","background-position":"center center","background-size":"auto","background-attachment":"scroll","background-type":"","background-media":"","overlay-type":"","overlay-color":"","overlay-opacity":"","overlay-gradient":""},"tablet":{"background-color":"","background-image":"","background-repeat":"repeat","background-position":"center center","background-size":"auto","background-attachment":"scroll","background-type":"","background-media":"","overlay-type":"","overlay-color":"","overlay-opacity":"","overlay-gradient":""},"mobile":{"background-color":"","background-image":"","background-repeat":"repeat","background-position":"center center","background-size":"auto","background-attachment":"scroll","background-type":"","background-media":"","overlay-type":"","overlay-color":"","overlay-opacity":"","overlay-gradient":""}},"ast-content-background-meta":{"desktop":{"background-color":"var(--ast-global-color-5)","background-image":"","background-repeat":"repeat","background-position":"center center","background-size":"auto","background-attachment":"scroll","background-type":"","background-media":"","overlay-type":"","overlay-color":"","overlay-opacity":"","overlay-gradient":""},"tablet":{"background-color":"var(--ast-global-color-5)","background-image":"","background-repeat":"repeat","background-position":"center center","background-size":"auto","background-attachment":"scroll","background-type":"","background-media":"","overlay-type":"","overlay-color":"","overlay-opacity":"","overlay-gradient":""},"mobile":{"background-color":"var(--ast-global-color-5)","background-image":"","background-repeat":"repeat","background-position":"center center","background-size":"auto","background-attachment":"scroll","background-type":"","background-media":"","overlay-type":"","overlay-color":"","overlay-opacity":"","overlay-gradient":""}},"ngg_post_thumbnail":0,"footnotes":""},"yoast_head":"<!-- This site is optimized with the Yoast SEO plugin v23.0 - https:\/\/yoast.com\/wordpress\/plugins\/seo\/ -->\n<title>Turismo de Zamora , Turismo Sostenible<\/title>\n<meta name=\"description\" content=\"Esta es la p\u00e1gina Oficial de Turismo de Diputaci\u00f3n de Zamora, donde podr\u00e1 encontrar toda la informaci\u00f3n para disfrutar al m\u00e1ximo de nuestra provincia.\" \/>\n<meta name=\"robots\" content=\"index, follow, max-snippet:-1, max-image-preview:large, max-video-preview:-1\" \/>\n<link rel=\"canonical\" href=\"https:\/\/turismoenzamora.es\/camino-de-levante\/\" \/>\n<meta property=\"og:locale\" content=\"de_DE\" \/>\n<meta property=\"og:type\" content=\"article\" \/>\n<meta property=\"og:title\" content=\"Turismo de Zamora , Turismo Sostenible\" \/>\n<meta property=\"og:description\" content=\"Esta es la p\u00e1gina Oficial de Turismo de Diputaci\u00f3n de Zamora, donde podr\u00e1 encontrar toda la informaci\u00f3n para disfrutar al m\u00e1ximo de nuestra provincia.\" \/>\n<meta property=\"og:url\" content=\"https:\/\/turismoenzamora.es\/camino-de-levante\/\" \/>\n<meta property=\"og:site_name\" content=\"Tourismus in Zamora\" \/>\n<meta property=\"article:publisher\" content=\"https:\/\/www.facebook.com\/ZamoraSpain\/\" \/>\n<meta property=\"article:modified_time\" content=\"2022-09-15T12:03:09+00:00\" \/>\n<meta property=\"og:image\" content=\"https:\/\/turismoenzamora.es\/wp-content\/uploads\/2022\/09\/Camino-de-Levante.jpg\" \/>\n<meta name=\"twitter:card\" content=\"summary_large_image\" \/>\n<meta name=\"twitter:site\" content=\"@ZamoraSpain\" \/>\n<meta name=\"twitter:label1\" content=\"Gesch\u00e4tzte Lesezeit\" \/>\n\t<meta name=\"twitter:data1\" content=\"2 Minuten\" \/>\n<script type=\"application\/ld+json\" class=\"yoast-schema-graph\">{\"@context\":\"https:\/\/schema.org\",\"@graph\":[{\"@type\":\"WebPage\",\"@id\":\"https:\/\/turismoenzamora.es\/camino-de-levante\/\",\"url\":\"https:\/\/turismoenzamora.es\/camino-de-levante\/\",\"name\":\"Turismo de Zamora , Turismo Sostenible\",\"isPartOf\":{\"@id\":\"https:\/\/turismoenzamora.es\/pt\/#website\"},\"primaryImageOfPage\":{\"@id\":\"https:\/\/turismoenzamora.es\/camino-de-levante\/#primaryimage\"},\"image\":{\"@id\":\"https:\/\/turismoenzamora.es\/camino-de-levante\/#primaryimage\"},\"thumbnailUrl\":\"https:\/\/turismoenzamora.es\/wp-content\/uploads\/2022\/09\/Camino-de-Levante.jpg\",\"datePublished\":\"2017-08-08T07:18:16+00:00\",\"dateModified\":\"2022-09-15T12:03:09+00:00\",\"description\":\"Esta es la p\u00e1gina Oficial de Turismo de Diputaci\u00f3n de Zamora, donde podr\u00e1 encontrar toda la informaci\u00f3n para disfrutar al m\u00e1ximo de nuestra provincia.\",\"breadcrumb\":{\"@id\":\"https:\/\/turismoenzamora.es\/camino-de-levante\/#breadcrumb\"},\"inLanguage\":\"de-DE\",\"potentialAction\":[{\"@type\":\"ReadAction\",\"target\":[\"https:\/\/turismoenzamora.es\/camino-de-levante\/\"]}]},{\"@type\":\"ImageObject\",\"inLanguage\":\"de-DE\",\"@id\":\"https:\/\/turismoenzamora.es\/camino-de-levante\/#primaryimage\",\"url\":\"https:\/\/turismoenzamora.es\/wp-content\/uploads\/2022\/09\/Camino-de-Levante.jpg\",\"contentUrl\":\"https:\/\/turismoenzamora.es\/wp-content\/uploads\/2022\/09\/Camino-de-Levante.jpg\"},{\"@type\":\"BreadcrumbList\",\"@id\":\"https:\/\/turismoenzamora.es\/camino-de-levante\/#breadcrumb\",\"itemListElement\":[{\"@type\":\"ListItem\",\"position\":1,\"name\":\"Portada\",\"item\":\"https:\/\/turismoenzamora.es\/\"},{\"@type\":\"ListItem\",\"position\":2,\"name\":\"Camino de Levante\"}]},{\"@type\":\"WebSite\",\"@id\":\"https:\/\/turismoenzamora.es\/pt\/#website\",\"url\":\"https:\/\/turismoenzamora.es\/pt\/\",\"name\":\"Turismo sostenible. Patronato de Turismo de la Diputaci\u00f3n de Zamora.&quot;Turismo Sostenible&quot;.\",\"description\":\"Nachhaltiger Tourismus Tourismusverband der Diputaci\u00f3n de Zamora\",\"publisher\":{\"@id\":\"https:\/\/turismoenzamora.es\/pt\/#organization\"},\"potentialAction\":[{\"@type\":\"SearchAction\",\"target\":{\"@type\":\"EntryPoint\",\"urlTemplate\":\"https:\/\/turismoenzamora.es\/pt\/?s={search_term_string}\"},\"query-input\":\"required name=search_term_string\"}],\"inLanguage\":\"de-DE\"},{\"@type\":\"Organization\",\"@id\":\"https:\/\/turismoenzamora.es\/pt\/#organization\",\"name\":\"Patronato de Turismo de la Diputaci\u00f3n de Zamora\",\"url\":\"https:\/\/turismoenzamora.es\/pt\/\",\"logo\":{\"@type\":\"ImageObject\",\"inLanguage\":\"de-DE\",\"@id\":\"https:\/\/turismoenzamora.es\/pt\/#\/schema\/logo\/image\/\",\"url\":\"https:\/\/turismoenzamora.es\/wp-content\/uploads\/2018\/06\/ZamoraLogo.png\",\"contentUrl\":\"https:\/\/turismoenzamora.es\/wp-content\/uploads\/2018\/06\/ZamoraLogo.png\",\"width\":1276,\"height\":290,\"caption\":\"Patronato de Turismo de la Diputaci\u00f3n de Zamora\"},\"image\":{\"@id\":\"https:\/\/turismoenzamora.es\/pt\/#\/schema\/logo\/image\/\"},\"sameAs\":[\"https:\/\/www.facebook.com\/ZamoraSpain\/\",\"https:\/\/x.com\/ZamoraSpain\",\"https:\/\/www.instagram.com\/turismoenzamora.es\/\",\"https:\/\/www.pinterest.es\/TurismoenZamora\/\",\"https:\/\/www.youtube.com\/channel\/UC2bOyOZ-2cLm-uXlBFYUV9w\"]}]}<\/script>\n<!-- \/ Yoast SEO plugin. -->","yoast_head_json":{"title":"Turismo de Zamora , Turismo Sostenible","description":"Esta es la p\u00e1gina Oficial de Turismo de Diputaci\u00f3n de Zamora, donde podr\u00e1 encontrar toda la informaci\u00f3n para disfrutar al m\u00e1ximo de nuestra provincia.","robots":{"index":"index","follow":"follow","max-snippet":"max-snippet:-1","max-image-preview":"max-image-preview:large","max-video-preview":"max-video-preview:-1"},"canonical":"https:\/\/turismoenzamora.es\/camino-de-levante\/","og_locale":"de_DE","og_type":"article","og_title":"Turismo de Zamora , Turismo Sostenible","og_description":"Esta es la p\u00e1gina Oficial de Turismo de Diputaci\u00f3n de Zamora, donde podr\u00e1 encontrar toda la informaci\u00f3n para disfrutar al m\u00e1ximo de nuestra provincia.","og_url":"https:\/\/turismoenzamora.es\/camino-de-levante\/","og_site_name":"Tourismus in Zamora","article_publisher":"https:\/\/www.facebook.com\/ZamoraSpain\/","article_modified_time":"2022-09-15T12:03:09+00:00","og_image":[{"url":"https:\/\/turismoenzamora.es\/wp-content\/uploads\/2022\/09\/Camino-de-Levante.jpg"}],"twitter_card":"summary_large_image","twitter_site":"@ZamoraSpain","twitter_misc":{"Gesch\u00e4tzte Lesezeit":"2 Minuten"},"schema":{"@context":"https:\/\/schema.org","@graph":[{"@type":"WebPage","@id":"https:\/\/turismoenzamora.es\/camino-de-levante\/","url":"https:\/\/turismoenzamora.es\/camino-de-levante\/","name":"Turismo de Zamora , Turismo Sostenible","isPartOf":{"@id":"https:\/\/turismoenzamora.es\/pt\/#website"},"primaryImageOfPage":{"@id":"https:\/\/turismoenzamora.es\/camino-de-levante\/#primaryimage"},"image":{"@id":"https:\/\/turismoenzamora.es\/camino-de-levante\/#primaryimage"},"thumbnailUrl":"https:\/\/turismoenzamora.es\/wp-content\/uploads\/2022\/09\/Camino-de-Levante.jpg","datePublished":"2017-08-08T07:18:16+00:00","dateModified":"2022-09-15T12:03:09+00:00","description":"Esta es la p\u00e1gina Oficial de Turismo de Diputaci\u00f3n de Zamora, donde podr\u00e1 encontrar toda la informaci\u00f3n para disfrutar al m\u00e1ximo de nuestra provincia.","breadcrumb":{"@id":"https:\/\/turismoenzamora.es\/camino-de-levante\/#breadcrumb"},"inLanguage":"de-DE","potentialAction":[{"@type":"ReadAction","target":["https:\/\/turismoenzamora.es\/camino-de-levante\/"]}]},{"@type":"ImageObject","inLanguage":"de-DE","@id":"https:\/\/turismoenzamora.es\/camino-de-levante\/#primaryimage","url":"https:\/\/turismoenzamora.es\/wp-content\/uploads\/2022\/09\/Camino-de-Levante.jpg","contentUrl":"https:\/\/turismoenzamora.es\/wp-content\/uploads\/2022\/09\/Camino-de-Levante.jpg"},{"@type":"BreadcrumbList","@id":"https:\/\/turismoenzamora.es\/camino-de-levante\/#breadcrumb","itemListElement":[{"@type":"ListItem","position":1,"name":"Portada","item":"https:\/\/turismoenzamora.es\/"},{"@type":"ListItem","position":2,"name":"Camino de Levante"}]},{"@type":"WebSite","@id":"https:\/\/turismoenzamora.es\/pt\/#website","url":"https:\/\/turismoenzamora.es\/pt\/","name":"Turismo sostenible. Patronato de Turismo de la Diputaci\u00f3n de Zamora.&quot;Turismo Sostenible&quot;.","description":"Nachhaltiger Tourismus Tourismusverband der Diputaci\u00f3n de Zamora","publisher":{"@id":"https:\/\/turismoenzamora.es\/pt\/#organization"},"potentialAction":[{"@type":"SearchAction","target":{"@type":"EntryPoint","urlTemplate":"https:\/\/turismoenzamora.es\/pt\/?s={search_term_string}"},"query-input":"required name=search_term_string"}],"inLanguage":"de-DE"},{"@type":"Organization","@id":"https:\/\/turismoenzamora.es\/pt\/#organization","name":"Patronato de Turismo de la Diputaci\u00f3n de Zamora","url":"https:\/\/turismoenzamora.es\/pt\/","logo":{"@type":"ImageObject","inLanguage":"de-DE","@id":"https:\/\/turismoenzamora.es\/pt\/#\/schema\/logo\/image\/","url":"https:\/\/turismoenzamora.es\/wp-content\/uploads\/2018\/06\/ZamoraLogo.png","contentUrl":"https:\/\/turismoenzamora.es\/wp-content\/uploads\/2018\/06\/ZamoraLogo.png","width":1276,"height":290,"caption":"Patronato de Turismo de la Diputaci\u00f3n de Zamora"},"image":{"@id":"https:\/\/turismoenzamora.es\/pt\/#\/schema\/logo\/image\/"},"sameAs":["https:\/\/www.facebook.com\/ZamoraSpain\/","https:\/\/x.com\/ZamoraSpain","https:\/\/www.instagram.com\/turismoenzamora.es\/","https:\/\/www.pinterest.es\/TurismoenZamora\/","https:\/\/www.youtube.com\/channel\/UC2bOyOZ-2cLm-uXlBFYUV9w"]}]}},"_links":{"self":[{"href":"https:\/\/turismoenzamora.es\/de\/wp-json\/wp\/v2\/pages\/287"}],"collection":[{"href":"https:\/\/turismoenzamora.es\/de\/wp-json\/wp\/v2\/pages"}],"about":[{"href":"https:\/\/turismoenzamora.es\/de\/wp-json\/wp\/v2\/types\/page"}],"author":[{"embeddable":true,"href":"https:\/\/turismoenzamora.es\/de\/wp-json\/wp\/v2\/users\/1"}],"replies":[{"embeddable":true,"href":"https:\/\/turismoenzamora.es\/de\/wp-json\/wp\/v2\/comments?post=287"}],"version-history":[{"count":0,"href":"https:\/\/turismoenzamora.es\/de\/wp-json\/wp\/v2\/pages\/287\/revisions"}],"wp:attachment":[{"href":"https:\/\/turismoenzamora.es\/de\/wp-json\/wp\/v2\/media?parent=287"}],"curies":[{"name":"wp","href":"https:\/\/api.w.org\/{rel}","templated":true}]}}