{"id":280,"date":"2017-08-08T07:16:15","date_gmt":"2017-08-08T07:16:15","guid":{"rendered":"https:\/\/newweb.turismoenzamora.es\/?page_id=280"},"modified":"2017-11-20T17:44:20","modified_gmt":"2017-11-20T17:44:20","slug":"ruta-de-los-museos","status":"publish","type":"page","link":"https:\/\/turismoenzamora.es\/de\/ruta-de-los-museos\/","title":{"rendered":"Museumstour"},"content":{"rendered":"<p><\/p>\n<h1>Museumstour<\/h1>\n<p>&nbsp;<\/p>\n<p><img fetchpriority=\"high\" decoding=\"async\" class=\" wp-image-687 aligncenter\" src=\"https:\/\/turismoenzamora.es\/wp-content\/uploads\/2017\/08\/museos_1-300x179.jpg\" alt=\"\" width=\"582\" height=\"347\" srcset=\"https:\/\/turismoenzamora.es\/wp-content\/uploads\/2017\/08\/museos_1-300x179.jpg 300w, https:\/\/turismoenzamora.es\/wp-content\/uploads\/2017\/08\/museos_1.jpg 670w\" sizes=\"(max-width: 582px) 100vw, 582px\" \/><\/p>\n<p>Durch diese Tour kann der Besucher Zamora auf eine andere Weise kennen lernen.<\/p>\n<p><strong><img loading=\"lazy\" decoding=\"async\" class=\"size-full wp-image-691 alignleft\" src=\"https:\/\/turismoenzamora.es\/wp-content\/uploads\/2017\/08\/museos_2.jpg\" alt=\"\" width=\"120\" height=\"120\" \/>Baltasar Lobo \u2013 Schloss und Kunstzentrum.<\/strong>\u00a0Das Werk des Autors von Cerecinos de Campos kann man im Schlossgarten auf dem Liza-Rundgang und der so genannten Casa de los Gigantes (Haus der Riesen) bewundern, einem einzigartigen Ort f\u00fcr die 73 Ausstellungsst\u00fccke von Baltasar Lobo. Auf der Fl\u00e4che von zwei Etagen, dem Kunstzentrum Baltasar Lobo, ist ein gro\u00dfer Teil der Werke ausgestellt, die der Stadt \u00fcberlassen wurden, und die Zeichnungen, Fotografien, Arbeitswerkzeuge und mehr als 50 Werke, die der zamorische Bildhauer im Laufe seines Lebens schuf, umfassen.<\/p>\n<p>Geboren in Cerecinos de Campos am 22.Februar, ist Baltasar Lobo einer der bemerkenswertesten spanischen Bildhauer des XX. Jahrhunderts. Seine Ausbildung beginnt im Alter von 12 Jahren, als er anf\u00e4ngt, in einer Bildhauerwerkstatt in Valladolid zu arbeiten. In Madrid studiert er an der Schule f\u00fcr Sch\u00f6ne K\u00fcnste und der Gesellschaft der Sch\u00f6nen K\u00fcnste. W\u00e4hrend des spanischen B\u00fcrgerkriegs exiliert er nach Frankreich und erh\u00e4lt pers\u00f6nliche Hilfe von Picasso und Henry Laurens, von dem er sein Interesse f\u00fcr das Bogenf\u00f6rmige hat, das ein gesamtes Werk charakterisiert. In Frankreich lebte und schaffte er all seine Werke bis zu seinem Tod im Jahr 1993 in Paris.<\/p>\n<p><img decoding=\"async\" class=\"size-medium wp-image-693 alignleft\" src=\"https:\/\/turismoenzamora.es\/wp-content\/uploads\/2017\/08\/museos_3-300x197.jpg\" alt=\"\" width=\"300\" height=\"197\" srcset=\"https:\/\/turismoenzamora.es\/wp-content\/uploads\/2017\/08\/museos_3-300x197.jpg 300w, https:\/\/turismoenzamora.es\/wp-content\/uploads\/2017\/08\/museos_3.jpg 731w\" sizes=\"(max-width: 300px) 100vw, 300px\" \/>Das\u00a0<strong>Kathedralenmuseum\u00a0<\/strong>\u00a0wurde 1926 eingeweiht, um Werke zu beherbergen, die sowohl aus der Kathedrale selbst, als auch aus anderen Pfarrgemeinden der Di\u00f6zese stammen, und sie der \u00d6ffentlichkeit zug\u00e4nglich zu machen. Das Museum wurde f\u00fcr die Ausrichtung der Ausstellung der Stiftung Las Edades del Hombre im Jahr 2001 einer gro\u00dfen Umgestaltung unterzogen. Seit 2005 sind Besuche von Kathedrale und Museum gemeinsam m\u00f6glich. Man kann St\u00fccke betrachten wie das Bildnis der Jungfrau mit dem Kind und Josef aus Marmor, das von Ord\u00f3\u00f1ez stammt. Tafelbilder von Fernando Gallego. Rafaelische Kupferm\u00fcnzen und Kopien.<\/p>\n<p>Die wichtigste Sehensw\u00fcrdigkeit des Museums ist die Sammlung franko-fl\u00e4mischer Wandteppiche aus dem XV. und XVI. Jahrhundert, die zwanzig St\u00fccke umfasst. Sie besteht aus den Serien \u201cDer Weinberg\u201d und \u201cDie Geschichte von Alexander\u201d (beide aus Arras, XV. Jhd.), einem dem trojanischen Krieg gewidmeten Teppich, gewebt in Tournai um 1470, einer Serie von der die zamorische Kathedrale noch 4 von 11 urspr\u00fcnglichen T\u00fcchern besitzt, die der Kathedrale in Zamora im Jahr 1608 vom sechsten Graf von Alba und Aliste gespendet wurden, und der Serie mit Hannibal, gewebt in Br\u00fcssel um 1570 (5 Wandteppiche von urspr\u00fcnglich 8). Besondere Erw\u00e4hnung verdient der Wandteppich \u201cTarquino Prisco\u201d, Werk der Werkst\u00e4tten in Tournai vom letzten Drittel des XV. Jahrhunderts, der einer der wichtigsten St\u00fccke seines Genres weltweit darstellt.<\/p>\n<p><img loading=\"lazy\" decoding=\"async\" class=\"size-medium wp-image-696 alignleft\" src=\"https:\/\/turismoenzamora.es\/wp-content\/uploads\/2017\/08\/museos_4-300x201.jpg\" alt=\"\" width=\"300\" height=\"201\" srcset=\"https:\/\/turismoenzamora.es\/wp-content\/uploads\/2017\/08\/museos_4-300x201.jpg 300w, https:\/\/turismoenzamora.es\/wp-content\/uploads\/2017\/08\/museos_4.jpg 717w\" sizes=\"(max-width: 300px) 100vw, 300px\" \/>Das\u00a0<strong>Museum von Zamora\u00a0<\/strong>\u00a0verf\u00fcgt \u00fcber zwei Bereiche, Arch\u00e4ologie und Sch\u00f6ne K\u00fcnste. Der erste Bereich ist ein Rundgang durch die Geschichte der Provinz, von der Altsteinzeit bis zur modernen Zeit. Der zweite Bereich befasst sich mit St\u00fccken aus Kunst und Bildhauerei und haupts\u00e4chlich der Malerei aus dem XIV. und XX. Jahrhundert. Den Ausstellungsrundgang vervollst\u00e4ndigt ein Saal mit bedeutenden St\u00fccken aus der geschichtlichen Entwicklung der Stadt Zamora selbst.<\/p>\n<p>Das Museum von Zamora wurde als Folge der kirchlichen Desmortisation im letzten Jahrhundert geschaffen, seine ersten St\u00fccke bestanden dementsprechend aus Malereien, die aus geschlossenen Kl\u00f6stern der Provinz stammen.<\/p>\n<p>Symbolisch eingeweiht von K\u00f6nig Alfons XII im Jahr 1877, fand die tats\u00e4chliche Er\u00f6ffnung erst 1911 statt, als die Kirche das Kloster Las Marinas nicht l\u00e4nger besetzte. Der Abriss des Klosters in 1975 zwang das Museum in einen Winterschlaf, die St\u00fccke wurden im improvisierten Lager der Kirche des Krankenhauses Hospital de la Encarnaci\u00f3n gelagert.<br \/>\nDas Museum besitzt einen arch\u00e4ologischen Bereich, einen Bereich f\u00fcr Sch\u00f6ne K\u00fcnste und einen Saal der Stadt (Ann\u00e4herung an die Geschichte der Provinzhauptstadt Zamoras durch architektonische Elemente, Wappen, schmiedeeisernen Windfahnen und Fotografien).<\/p>\n<p><img loading=\"lazy\" decoding=\"async\" class=\"size-medium wp-image-695 alignleft\" src=\"https:\/\/turismoenzamora.es\/wp-content\/uploads\/2017\/08\/museos_5-300x182.jpg\" alt=\"\" width=\"300\" height=\"182\" srcset=\"https:\/\/turismoenzamora.es\/wp-content\/uploads\/2017\/08\/museos_5-300x182.jpg 300w, https:\/\/turismoenzamora.es\/wp-content\/uploads\/2017\/08\/museos_5-768x465.jpg 768w, https:\/\/turismoenzamora.es\/wp-content\/uploads\/2017\/08\/museos_5.jpg 853w\" sizes=\"(max-width: 300px) 100vw, 300px\" \/>Das\u00a0<a href=\"http:\/\/www.ssantazamora.es\/\"><strong>Museum der Osterwoche<\/strong><\/a>\u00a0\u00a0hat sich im Laufe der Jahre in ein unerl\u00e4ssliches Element f\u00fcr das Wissen \u00fcber dieses religi\u00f6se Fest verwandelt und erlaubt dem Besucher nicht nur die auf den Bildern gezeigten Emotionen bei den Ritualen kennen zu lernen, sondern auch, sie zu leben.<\/p>\n<p>Das Osterfest geht \u00fcber den Ausdruck des religi\u00f6sen Gef\u00fchls hinaus, so dass die Vereinigung Pro Semana Santa in den 60iger Jahren durch die unausweichliche Notwendigkeit einen Ort zu besitzen, um die Werke der Bildhauerei aufzubewahren und auszustellen, dieses Museum schuf.<\/p>\n<p>Darin ausgestellt werden der gr\u00f6\u00dfte Teil der Skulpturengruppen, die bei den verschiedenen Prozessionen (37) gezeigt werden sowie Tuniken und Habite der verschiedenen Laienbruderschaften und Bruderschaften. Besonders zu erw\u00e4hnen sind die Werke des zamorischen Bildhauers Ram\u00f3n \u00c1lvarez und die des valenzianischen Bildhauers Mariano Benlliure.<\/p>\n<p><img loading=\"lazy\" decoding=\"async\" class=\" wp-image-697 alignleft\" src=\"https:\/\/turismoenzamora.es\/wp-content\/uploads\/2017\/08\/museos_6.jpg\" alt=\"\" width=\"214\" height=\"214\" \/>Das\u00a0<a href=\"http:\/\/www.museo-etnografico.com\/\"><strong>Ethnografische Museum von Kastilien und Leon<\/strong><\/a>\u00a0\u00a0m\u00f6chte dazu beitragen, dass die Besucher \u00fcber die Aspekte reflektieren, die f\u00fcr das Individuum, sein Leben in Gemeinschaft und seine Gewohnheiten, um den durch das Umfeld verursachten Problemen zu begegnen, wichtig sind. Das ethnografische Museum von Kastilien und Leon, dessen Entstehung durch die Regionalregierung Kastilien und Leon erm\u00f6glicht wurde, entstand aus der Notwendigkeit, ein dynamisches Zentrum zu schaffen, das das riesige und vielseitige volkst\u00fcmliche Erbe der Provinz aufnehmen konnte, und gleichzeitig dazu dienen konnte, die Forschung und Ausbreitung der Wissenschaftsdisziplinen, die mit dem ethnologischen Erbe verbunden sind, zu zentrieren.<\/p>\n<p>Mit derselben Absicht \u00fcberl\u00e4sst die Caja Espa\u00f1a dem Museum eine gro\u00dfe Sammlung von 10.000 St\u00fccken, und der Provinzialrat von Zamora und das Rathaus von Zamora, der Stadt, in der die Regionalregierung das Geb\u00e4ude zu diesen Zwecken erstellt hat, reagieren unmittelbar auf diese urspr\u00fcngliche Absicht. Heute ist das Museum Teil des regionalen Museumsnetzes.<\/p>\n<p><img loading=\"lazy\" decoding=\"async\" class=\"size-medium wp-image-698 alignleft\" src=\"https:\/\/turismoenzamora.es\/wp-content\/uploads\/2017\/08\/museos_7-300x203.jpg\" alt=\"\" width=\"300\" height=\"203\" srcset=\"https:\/\/turismoenzamora.es\/wp-content\/uploads\/2017\/08\/museos_7-300x203.jpg 300w, https:\/\/turismoenzamora.es\/wp-content\/uploads\/2017\/08\/museos_7-768x519.jpg 768w, https:\/\/turismoenzamora.es\/wp-content\/uploads\/2017\/08\/museos_7.jpg 980w\" sizes=\"(max-width: 300px) 100vw, 300px\" \/>Das\u00a0<strong>Di\u00f6zesanmuseum von Zamora<\/strong>, eingeweiht im Juli 2012, befindet sich in der romanischen Kirche Santo Tom\u00e9. Darin verbreitet die Di\u00f6zese von Zamora in didaktischer Funktion die wichtigsten Inhalte des katholischen Glaubens durch st\u00e4ndige und tempor\u00e4re Ausstellungen von besonderen Werken der christlichen Kunst. Das Geb\u00e4ude birgt in seinem Inneren zwei wundersch\u00f6ne Kapitelle vom Anfang des XII. Jahrhunderts, die die Anbetung der Hirten und die Anbetung der K\u00f6nige repr\u00e4sentieren.<\/p>\n<p>Das Di\u00f6zesenmuseum von Zamora verf\u00fcgt \u00fcber Audiof\u00fchrer in spanischer, englischer und portugiesischer Sprache, die einige der ausgestellten Kunstwerke sowie die mit ihren Inhalten verbundenen Ver\u00f6ffentlichungen und Produkte erkl\u00e4ren.<\/p>","protected":false},"excerpt":{"rendered":"<p>Museumstour &nbsp; Durch diese Tour kann der Besucher Zamora auf eine andere Weise kennen lernen. Baltasar Lobo \u2013 Schloss und Kunstzentrum.\u00a0Das Werk des Autors von Cerecinos de Campos kann man im Schlossgarten auf dem Liza-Rundgang und der so genannten Casa de los Gigantes (Haus der Riesen) bewundern, einem einzigartigen Ort f\u00fcr die 73 Ausstellungsst\u00fccke von [&hellip;]<\/p>\n","protected":false},"author":1,"featured_media":0,"parent":0,"menu_order":0,"comment_status":"closed","ping_status":"closed","template":"","meta":{"inline_featured_image":false,"site-sidebar-layout":"default","site-content-layout":"","ast-site-content-layout":"","site-content-style":"default","site-sidebar-style":"default","ast-global-header-display":"","ast-banner-title-visibility":"","ast-main-header-display":"","ast-hfb-above-header-display":"","ast-hfb-below-header-display":"","ast-hfb-mobile-header-display":"","site-post-title":"","ast-breadcrumbs-content":"","ast-featured-img":"","footer-sml-layout":"","theme-transparent-header-meta":"","adv-header-id-meta":"","stick-header-meta":"","header-above-stick-meta":"","header-main-stick-meta":"","header-below-stick-meta":"","astra-migrate-meta-layouts":"default","ast-page-background-enabled":"default","ast-page-background-meta":{"desktop":{"background-color":"","background-image":"","background-repeat":"repeat","background-position":"center center","background-size":"auto","background-attachment":"scroll","background-type":"","background-media":"","overlay-type":"","overlay-color":"","overlay-opacity":"","overlay-gradient":""},"tablet":{"background-color":"","background-image":"","background-repeat":"repeat","background-position":"center center","background-size":"auto","background-attachment":"scroll","background-type":"","background-media":"","overlay-type":"","overlay-color":"","overlay-opacity":"","overlay-gradient":""},"mobile":{"background-color":"","background-image":"","background-repeat":"repeat","background-position":"center center","background-size":"auto","background-attachment":"scroll","background-type":"","background-media":"","overlay-type":"","overlay-color":"","overlay-opacity":"","overlay-gradient":""}},"ast-content-background-meta":{"desktop":{"background-color":"var(--ast-global-color-5)","background-image":"","background-repeat":"repeat","background-position":"center center","background-size":"auto","background-attachment":"scroll","background-type":"","background-media":"","overlay-type":"","overlay-color":"","overlay-opacity":"","overlay-gradient":""},"tablet":{"background-color":"var(--ast-global-color-5)","background-image":"","background-repeat":"repeat","background-position":"center center","background-size":"auto","background-attachment":"scroll","background-type":"","background-media":"","overlay-type":"","overlay-color":"","overlay-opacity":"","overlay-gradient":""},"mobile":{"background-color":"var(--ast-global-color-5)","background-image":"","background-repeat":"repeat","background-position":"center center","background-size":"auto","background-attachment":"scroll","background-type":"","background-media":"","overlay-type":"","overlay-color":"","overlay-opacity":"","overlay-gradient":""}},"ngg_post_thumbnail":0,"footnotes":""},"yoast_head":"<!-- This site is optimized with the Yoast SEO plugin v23.0 - https:\/\/yoast.com\/wordpress\/plugins\/seo\/ -->\n<title>Turismo de Zamora , Turismo Sostenible<\/title>\n<meta name=\"description\" content=\"Esta es la p\u00e1gina Oficial de Turismo de Diputaci\u00f3n de Zamora, donde podr\u00e1 encontrar toda la informaci\u00f3n para disfrutar al m\u00e1ximo de nuestra provincia.\" \/>\n<meta name=\"robots\" content=\"index, follow, max-snippet:-1, max-image-preview:large, max-video-preview:-1\" \/>\n<link rel=\"canonical\" href=\"https:\/\/turismoenzamora.es\/en\/ruta-de-los-museos\/\" \/>\n<meta property=\"og:locale\" content=\"de_DE\" \/>\n<meta property=\"og:type\" content=\"article\" \/>\n<meta property=\"og:title\" content=\"Turismo de Zamora , Turismo Sostenible\" \/>\n<meta property=\"og:description\" content=\"Esta es la p\u00e1gina Oficial de Turismo de Diputaci\u00f3n de Zamora, donde podr\u00e1 encontrar toda la informaci\u00f3n para disfrutar al m\u00e1ximo de nuestra provincia.\" \/>\n<meta property=\"og:url\" content=\"https:\/\/turismoenzamora.es\/en\/ruta-de-los-museos\/\" \/>\n<meta property=\"og:site_name\" content=\"Tourismus in Zamora\" \/>\n<meta property=\"article:publisher\" content=\"https:\/\/www.facebook.com\/ZamoraSpain\/\" \/>\n<meta property=\"article:modified_time\" content=\"2017-11-20T17:44:20+00:00\" \/>\n<meta property=\"og:image\" content=\"https:\/\/turismoenzamora.es\/wp-content\/uploads\/2017\/08\/museos_1-300x179.jpg\" \/>\n<meta name=\"twitter:card\" content=\"summary_large_image\" \/>\n<meta name=\"twitter:site\" content=\"@ZamoraSpain\" \/>\n<meta name=\"twitter:label1\" content=\"Gesch\u00e4tzte Lesezeit\" \/>\n\t<meta name=\"twitter:data1\" content=\"26 Minuten\" \/>\n<script type=\"application\/ld+json\" class=\"yoast-schema-graph\">{\"@context\":\"https:\/\/schema.org\",\"@graph\":[{\"@type\":\"WebPage\",\"@id\":\"https:\/\/turismoenzamora.es\/en\/ruta-de-los-museos\/\",\"url\":\"https:\/\/turismoenzamora.es\/en\/ruta-de-los-museos\/\",\"name\":\"Turismo de Zamora , Turismo Sostenible\",\"isPartOf\":{\"@id\":\"https:\/\/turismoenzamora.es\/pt\/#website\"},\"primaryImageOfPage\":{\"@id\":\"https:\/\/turismoenzamora.es\/en\/ruta-de-los-museos\/#primaryimage\"},\"image\":{\"@id\":\"https:\/\/turismoenzamora.es\/en\/ruta-de-los-museos\/#primaryimage\"},\"thumbnailUrl\":\"https:\/\/turismoenzamora.es\/wp-content\/uploads\/2017\/08\/museos_1-300x179.jpg\",\"datePublished\":\"2017-08-08T07:16:15+00:00\",\"dateModified\":\"2017-11-20T17:44:20+00:00\",\"description\":\"Esta es la p\u00e1gina Oficial de Turismo de Diputaci\u00f3n de Zamora, donde podr\u00e1 encontrar toda la informaci\u00f3n para disfrutar al m\u00e1ximo de nuestra provincia.\",\"breadcrumb\":{\"@id\":\"https:\/\/turismoenzamora.es\/en\/ruta-de-los-museos\/#breadcrumb\"},\"inLanguage\":\"de-DE\",\"potentialAction\":[{\"@type\":\"ReadAction\",\"target\":[\"https:\/\/turismoenzamora.es\/en\/ruta-de-los-museos\/\"]}]},{\"@type\":\"ImageObject\",\"inLanguage\":\"de-DE\",\"@id\":\"https:\/\/turismoenzamora.es\/en\/ruta-de-los-museos\/#primaryimage\",\"url\":\"https:\/\/turismoenzamora.es\/wp-content\/uploads\/2017\/08\/museos_1-300x179.jpg\",\"contentUrl\":\"https:\/\/turismoenzamora.es\/wp-content\/uploads\/2017\/08\/museos_1-300x179.jpg\"},{\"@type\":\"BreadcrumbList\",\"@id\":\"https:\/\/turismoenzamora.es\/en\/ruta-de-los-museos\/#breadcrumb\",\"itemListElement\":[{\"@type\":\"ListItem\",\"position\":1,\"name\":\"Portada\",\"item\":\"https:\/\/turismoenzamora.es\/\"},{\"@type\":\"ListItem\",\"position\":2,\"name\":\"Museum Route\"}]},{\"@type\":\"WebSite\",\"@id\":\"https:\/\/turismoenzamora.es\/pt\/#website\",\"url\":\"https:\/\/turismoenzamora.es\/pt\/\",\"name\":\"Turismo sostenible. Patronato de Turismo de la Diputaci\u00f3n de Zamora.&quot;Turismo Sostenible&quot;.\",\"description\":\"Nachhaltiger Tourismus Tourismusverband der Diputaci\u00f3n de Zamora\",\"publisher\":{\"@id\":\"https:\/\/turismoenzamora.es\/pt\/#organization\"},\"potentialAction\":[{\"@type\":\"SearchAction\",\"target\":{\"@type\":\"EntryPoint\",\"urlTemplate\":\"https:\/\/turismoenzamora.es\/pt\/?s={search_term_string}\"},\"query-input\":\"required name=search_term_string\"}],\"inLanguage\":\"de-DE\"},{\"@type\":\"Organization\",\"@id\":\"https:\/\/turismoenzamora.es\/pt\/#organization\",\"name\":\"Patronato de Turismo de la Diputaci\u00f3n de Zamora\",\"url\":\"https:\/\/turismoenzamora.es\/pt\/\",\"logo\":{\"@type\":\"ImageObject\",\"inLanguage\":\"de-DE\",\"@id\":\"https:\/\/turismoenzamora.es\/pt\/#\/schema\/logo\/image\/\",\"url\":\"https:\/\/turismoenzamora.es\/wp-content\/uploads\/2018\/06\/ZamoraLogo.png\",\"contentUrl\":\"https:\/\/turismoenzamora.es\/wp-content\/uploads\/2018\/06\/ZamoraLogo.png\",\"width\":1276,\"height\":290,\"caption\":\"Patronato de Turismo de la Diputaci\u00f3n de Zamora\"},\"image\":{\"@id\":\"https:\/\/turismoenzamora.es\/pt\/#\/schema\/logo\/image\/\"},\"sameAs\":[\"https:\/\/www.facebook.com\/ZamoraSpain\/\",\"https:\/\/x.com\/ZamoraSpain\",\"https:\/\/www.instagram.com\/turismoenzamora.es\/\",\"https:\/\/www.pinterest.es\/TurismoenZamora\/\",\"https:\/\/www.youtube.com\/channel\/UC2bOyOZ-2cLm-uXlBFYUV9w\"]}]}<\/script>\n<!-- \/ Yoast SEO plugin. -->","yoast_head_json":{"title":"Turismo de Zamora , Turismo Sostenible","description":"Esta es la p\u00e1gina Oficial de Turismo de Diputaci\u00f3n de Zamora, donde podr\u00e1 encontrar toda la informaci\u00f3n para disfrutar al m\u00e1ximo de nuestra provincia.","robots":{"index":"index","follow":"follow","max-snippet":"max-snippet:-1","max-image-preview":"max-image-preview:large","max-video-preview":"max-video-preview:-1"},"canonical":"https:\/\/turismoenzamora.es\/en\/ruta-de-los-museos\/","og_locale":"de_DE","og_type":"article","og_title":"Turismo de Zamora , Turismo Sostenible","og_description":"Esta es la p\u00e1gina Oficial de Turismo de Diputaci\u00f3n de Zamora, donde podr\u00e1 encontrar toda la informaci\u00f3n para disfrutar al m\u00e1ximo de nuestra provincia.","og_url":"https:\/\/turismoenzamora.es\/en\/ruta-de-los-museos\/","og_site_name":"Tourismus in Zamora","article_publisher":"https:\/\/www.facebook.com\/ZamoraSpain\/","article_modified_time":"2017-11-20T17:44:20+00:00","og_image":[{"url":"https:\/\/turismoenzamora.es\/wp-content\/uploads\/2017\/08\/museos_1-300x179.jpg"}],"twitter_card":"summary_large_image","twitter_site":"@ZamoraSpain","twitter_misc":{"Gesch\u00e4tzte Lesezeit":"26 Minuten"},"schema":{"@context":"https:\/\/schema.org","@graph":[{"@type":"WebPage","@id":"https:\/\/turismoenzamora.es\/en\/ruta-de-los-museos\/","url":"https:\/\/turismoenzamora.es\/en\/ruta-de-los-museos\/","name":"Turismo de Zamora , Turismo Sostenible","isPartOf":{"@id":"https:\/\/turismoenzamora.es\/pt\/#website"},"primaryImageOfPage":{"@id":"https:\/\/turismoenzamora.es\/en\/ruta-de-los-museos\/#primaryimage"},"image":{"@id":"https:\/\/turismoenzamora.es\/en\/ruta-de-los-museos\/#primaryimage"},"thumbnailUrl":"https:\/\/turismoenzamora.es\/wp-content\/uploads\/2017\/08\/museos_1-300x179.jpg","datePublished":"2017-08-08T07:16:15+00:00","dateModified":"2017-11-20T17:44:20+00:00","description":"Esta es la p\u00e1gina Oficial de Turismo de Diputaci\u00f3n de Zamora, donde podr\u00e1 encontrar toda la informaci\u00f3n para disfrutar al m\u00e1ximo de nuestra provincia.","breadcrumb":{"@id":"https:\/\/turismoenzamora.es\/en\/ruta-de-los-museos\/#breadcrumb"},"inLanguage":"de-DE","potentialAction":[{"@type":"ReadAction","target":["https:\/\/turismoenzamora.es\/en\/ruta-de-los-museos\/"]}]},{"@type":"ImageObject","inLanguage":"de-DE","@id":"https:\/\/turismoenzamora.es\/en\/ruta-de-los-museos\/#primaryimage","url":"https:\/\/turismoenzamora.es\/wp-content\/uploads\/2017\/08\/museos_1-300x179.jpg","contentUrl":"https:\/\/turismoenzamora.es\/wp-content\/uploads\/2017\/08\/museos_1-300x179.jpg"},{"@type":"BreadcrumbList","@id":"https:\/\/turismoenzamora.es\/en\/ruta-de-los-museos\/#breadcrumb","itemListElement":[{"@type":"ListItem","position":1,"name":"Portada","item":"https:\/\/turismoenzamora.es\/"},{"@type":"ListItem","position":2,"name":"Museum Route"}]},{"@type":"WebSite","@id":"https:\/\/turismoenzamora.es\/pt\/#website","url":"https:\/\/turismoenzamora.es\/pt\/","name":"Turismo sostenible. Patronato de Turismo de la Diputaci\u00f3n de Zamora.&quot;Turismo Sostenible&quot;.","description":"Nachhaltiger Tourismus Tourismusverband der Diputaci\u00f3n de Zamora","publisher":{"@id":"https:\/\/turismoenzamora.es\/pt\/#organization"},"potentialAction":[{"@type":"SearchAction","target":{"@type":"EntryPoint","urlTemplate":"https:\/\/turismoenzamora.es\/pt\/?s={search_term_string}"},"query-input":"required name=search_term_string"}],"inLanguage":"de-DE"},{"@type":"Organization","@id":"https:\/\/turismoenzamora.es\/pt\/#organization","name":"Patronato de Turismo de la Diputaci\u00f3n de Zamora","url":"https:\/\/turismoenzamora.es\/pt\/","logo":{"@type":"ImageObject","inLanguage":"de-DE","@id":"https:\/\/turismoenzamora.es\/pt\/#\/schema\/logo\/image\/","url":"https:\/\/turismoenzamora.es\/wp-content\/uploads\/2018\/06\/ZamoraLogo.png","contentUrl":"https:\/\/turismoenzamora.es\/wp-content\/uploads\/2018\/06\/ZamoraLogo.png","width":1276,"height":290,"caption":"Patronato de Turismo de la Diputaci\u00f3n de Zamora"},"image":{"@id":"https:\/\/turismoenzamora.es\/pt\/#\/schema\/logo\/image\/"},"sameAs":["https:\/\/www.facebook.com\/ZamoraSpain\/","https:\/\/x.com\/ZamoraSpain","https:\/\/www.instagram.com\/turismoenzamora.es\/","https:\/\/www.pinterest.es\/TurismoenZamora\/","https:\/\/www.youtube.com\/channel\/UC2bOyOZ-2cLm-uXlBFYUV9w"]}]}},"_links":{"self":[{"href":"https:\/\/turismoenzamora.es\/de\/wp-json\/wp\/v2\/pages\/280"}],"collection":[{"href":"https:\/\/turismoenzamora.es\/de\/wp-json\/wp\/v2\/pages"}],"about":[{"href":"https:\/\/turismoenzamora.es\/de\/wp-json\/wp\/v2\/types\/page"}],"author":[{"embeddable":true,"href":"https:\/\/turismoenzamora.es\/de\/wp-json\/wp\/v2\/users\/1"}],"replies":[{"embeddable":true,"href":"https:\/\/turismoenzamora.es\/de\/wp-json\/wp\/v2\/comments?post=280"}],"version-history":[{"count":0,"href":"https:\/\/turismoenzamora.es\/de\/wp-json\/wp\/v2\/pages\/280\/revisions"}],"wp:attachment":[{"href":"https:\/\/turismoenzamora.es\/de\/wp-json\/wp\/v2\/media?parent=280"}],"curies":[{"name":"wp","href":"https:\/\/api.w.org\/{rel}","templated":true}]}}