{"id":269,"date":"2017-08-08T07:13:28","date_gmt":"2017-08-08T07:13:28","guid":{"rendered":"https:\/\/newweb.turismoenzamora.es\/?page_id=269"},"modified":"2017-11-20T18:01:15","modified_gmt":"2017-11-20T18:01:15","slug":"ruta-arqueologica","status":"publish","type":"page","link":"https:\/\/turismoenzamora.es\/de\/ruta-arqueologica\/","title":{"rendered":"Arch\u00e4ologische Tour"},"content":{"rendered":"<p><\/p>\n<h1>Arch\u00e4ologische Tour<\/h1>\n<p>&nbsp;<\/p>\n<p><img fetchpriority=\"high\" decoding=\"async\" class=\" wp-image-673 aligncenter\" src=\"https:\/\/turismoenzamora.es\/wp-content\/uploads\/2017\/08\/r_arqueolOgica_1-300x201.jpg\" alt=\"\" width=\"606\" height=\"406\" srcset=\"https:\/\/turismoenzamora.es\/wp-content\/uploads\/2017\/08\/r_arqueolOgica_1-300x201.jpg 300w, https:\/\/turismoenzamora.es\/wp-content\/uploads\/2017\/08\/r_arqueolOgica_1.jpg 670w\" sizes=\"(max-width: 606px) 100vw, 606px\" \/><\/p>\n<div>\n<p>Diese Tour geht durch den wundersch\u00f6nen und fruchtbaren Bezirk Los Valles, der neben seinen gr\u00fcnen Gem\u00fcseanpflanzungen ein arch\u00e4ologisches Erbe erster Klasse birgt, und in dem Lehrs\u00e4le und Ausgrabungsst\u00e4tten auf den ganzen Gebirgszug Carpurias verteilt sind.<\/p>\n<p>WAS ANSEHEN?<\/p>\n<\/div>\n<div>\n<p>Arch\u00e4ologische Lehrs\u00e4le in Manganeses de la Polvorosa (l\u00e4sst die Existenz dieser Siedlungen vom VII. Jahrhundert bis in die R\u00f6merzeit neu entstehen); Morales del Rey, Dolmen von San Adri\u00e1n und arch\u00e4ologischer Lehrsaal \u00fcber die Jungsteinzeit; Arrabalde, Dolmen von El Caset\u00f3n de los Moros und arch\u00e4ologischer Lehrsaal, der die asturische Epoche neu entstehen l\u00e4sst und Informationen \u00fcber die Entdeckung des ber\u00fchmten Schatzes von Arrabalde bereit h\u00e4lt; Rosinos de Vidriales l\u00e4sst das R\u00f6merlager Petavonium wiedererstehen und in Santib\u00e1\u00f1ez de Vidriales befindet sich das Interpretationszentrum f\u00fcr R\u00f6merlager.<\/p>\n<p>Granucillo de Vidriales: Megalithgr\u00e4ber von Las Pe\u00f1ezuelas und San Adri\u00e1n. Reste der Burg der Grafen von Benavente.<\/p>\n<p>San Pedro de la Vi\u00f1a: Traditionelle r\u00f6mische Brunnen.<\/p>\n<p>Camarzana de Tera: sp\u00e4tr\u00f6mische Villa, dekoriert mit Mosaiken.<\/p>\n<p>Santa Marta de Tera: Sch\u00f6ne romanische Kirche aus dem XII. Jahrhundert mit interessanten Ikonographien mit Figuren in Hochrelief. Die bekannteste zeigt Jakobus den \u00c4lteren.<\/p>\n<p>Benavente: Dieser strategische Punkt und sowohl in der Vergangenheit als auch der Gegenwart Wegekreuzung und Endpunkt der Silberroute, bietet so emblematische Denkm\u00e4ler wie den Torre del Caracol (Schneckenturm) und die romanischen Kirchen San Juan del Mercado und Santa Mar\u00eda del Azogue, beide aus dem XII. und XIII. Jahrhundert. In der Gastronomie hat der Gem\u00fcseanbau in den T\u00e4lern die roten Paprika ber\u00fchmt gemacht und in La Vega erhielt der Wein der T\u00e4ler eine gesch\u00fctzte Herkunftsbezeichnung. Feste haben hier mit dem Toro Enmaromado (an den H\u00f6rnern mit einem Seil gefesselter Stier, der an dem Seil durch die Stra\u00dfen getrieben wird) einen klaren Protagonisten.<\/p>\n<p><a href=\"https:\/\/turismoenzamora.es\/wp-content\/uploads\/2017\/08\/r_arqueolOgica.pdf\" target=\"_blank\" rel=\"nooper noopener\"><img decoding=\"async\" class=\"alignnone size-full wp-image-640\" src=\"https:\/\/turismoenzamora.es\/wp-content\/uploads\/2017\/08\/masinfo.png\" alt=\"\" width=\"63\" height=\"32\" \/><\/a><\/p>\n<p><a href=\"https:\/\/turismoenzamora.es\/wp-content\/uploads\/2017\/08\/r_arqueolOgica_2.jpg\" target=\"_blank\" rel=\"nooper noopener\"><img decoding=\"async\" class=\"aligncenter wp-image-675 size-full\" src=\"https:\/\/turismoenzamora.es\/wp-content\/uploads\/2017\/08\/r_arqueolOgica_2.jpg\" alt=\"\" width=\"800\" height=\"389\" srcset=\"https:\/\/turismoenzamora.es\/wp-content\/uploads\/2017\/08\/r_arqueolOgica_2.jpg 800w, https:\/\/turismoenzamora.es\/wp-content\/uploads\/2017\/08\/r_arqueolOgica_2-300x146.jpg 300w, https:\/\/turismoenzamora.es\/wp-content\/uploads\/2017\/08\/r_arqueolOgica_2-768x373.jpg 768w\" sizes=\"(max-width: 800px) 100vw, 800px\" \/><\/a><\/p>\n<\/div>\n<p><\/p>","protected":false},"excerpt":{"rendered":"<p>Arch\u00e4ologische Tour &nbsp; Diese Tour geht durch den wundersch\u00f6nen und fruchtbaren Bezirk Los Valles, der neben seinen gr\u00fcnen Gem\u00fcseanpflanzungen ein arch\u00e4ologisches Erbe erster Klasse birgt, und in dem Lehrs\u00e4le und Ausgrabungsst\u00e4tten auf den ganzen Gebirgszug Carpurias verteilt sind. WAS ANSEHEN? Arch\u00e4ologische Lehrs\u00e4le in Manganeses de la Polvorosa (l\u00e4sst die Existenz dieser Siedlungen vom VII. Jahrhundert [&hellip;]<\/p>\n","protected":false},"author":1,"featured_media":0,"parent":0,"menu_order":0,"comment_status":"closed","ping_status":"closed","template":"","meta":{"inline_featured_image":false,"site-sidebar-layout":"default","site-content-layout":"","ast-site-content-layout":"","site-content-style":"default","site-sidebar-style":"default","ast-global-header-display":"","ast-banner-title-visibility":"","ast-main-header-display":"","ast-hfb-above-header-display":"","ast-hfb-below-header-display":"","ast-hfb-mobile-header-display":"","site-post-title":"","ast-breadcrumbs-content":"","ast-featured-img":"","footer-sml-layout":"","theme-transparent-header-meta":"","adv-header-id-meta":"","stick-header-meta":"","header-above-stick-meta":"","header-main-stick-meta":"","header-below-stick-meta":"","astra-migrate-meta-layouts":"default","ast-page-background-enabled":"default","ast-page-background-meta":{"desktop":{"background-color":"","background-image":"","background-repeat":"repeat","background-position":"center center","background-size":"auto","background-attachment":"scroll","background-type":"","background-media":"","overlay-type":"","overlay-color":"","overlay-opacity":"","overlay-gradient":""},"tablet":{"background-color":"","background-image":"","background-repeat":"repeat","background-position":"center center","background-size":"auto","background-attachment":"scroll","background-type":"","background-media":"","overlay-type":"","overlay-color":"","overlay-opacity":"","overlay-gradient":""},"mobile":{"background-color":"","background-image":"","background-repeat":"repeat","background-position":"center center","background-size":"auto","background-attachment":"scroll","background-type":"","background-media":"","overlay-type":"","overlay-color":"","overlay-opacity":"","overlay-gradient":""}},"ast-content-background-meta":{"desktop":{"background-color":"var(--ast-global-color-5)","background-image":"","background-repeat":"repeat","background-position":"center center","background-size":"auto","background-attachment":"scroll","background-type":"","background-media":"","overlay-type":"","overlay-color":"","overlay-opacity":"","overlay-gradient":""},"tablet":{"background-color":"var(--ast-global-color-5)","background-image":"","background-repeat":"repeat","background-position":"center center","background-size":"auto","background-attachment":"scroll","background-type":"","background-media":"","overlay-type":"","overlay-color":"","overlay-opacity":"","overlay-gradient":""},"mobile":{"background-color":"var(--ast-global-color-5)","background-image":"","background-repeat":"repeat","background-position":"center center","background-size":"auto","background-attachment":"scroll","background-type":"","background-media":"","overlay-type":"","overlay-color":"","overlay-opacity":"","overlay-gradient":""}},"ngg_post_thumbnail":0,"footnotes":""},"yoast_head":"<!-- This site is optimized with the Yoast SEO plugin v23.0 - https:\/\/yoast.com\/wordpress\/plugins\/seo\/ -->\n<title>Turismo de Zamora , Turismo Sostenible<\/title>\n<meta name=\"description\" content=\"Esta es la p\u00e1gina Oficial de Turismo de Diputaci\u00f3n de Zamora, donde podr\u00e1 encontrar toda la informaci\u00f3n para disfrutar al m\u00e1ximo de nuestra provincia.\" \/>\n<meta name=\"robots\" content=\"index, follow, max-snippet:-1, max-image-preview:large, max-video-preview:-1\" \/>\n<link rel=\"canonical\" href=\"https:\/\/turismoenzamora.es\/en\/ruta-arqueologica\/\" \/>\n<meta property=\"og:locale\" content=\"de_DE\" \/>\n<meta property=\"og:type\" content=\"article\" \/>\n<meta property=\"og:title\" content=\"Turismo de Zamora , Turismo Sostenible\" \/>\n<meta property=\"og:description\" content=\"Esta es la p\u00e1gina Oficial de Turismo de Diputaci\u00f3n de Zamora, donde podr\u00e1 encontrar toda la informaci\u00f3n para disfrutar al m\u00e1ximo de nuestra provincia.\" \/>\n<meta property=\"og:url\" content=\"https:\/\/turismoenzamora.es\/en\/ruta-arqueologica\/\" \/>\n<meta property=\"og:site_name\" content=\"Tourismus in Zamora\" \/>\n<meta property=\"article:publisher\" content=\"https:\/\/www.facebook.com\/ZamoraSpain\/\" \/>\n<meta property=\"article:modified_time\" content=\"2017-11-20T18:01:15+00:00\" \/>\n<meta property=\"og:image\" content=\"https:\/\/turismoenzamora.es\/wp-content\/uploads\/2017\/08\/r_arqueolOgica_1-300x201.jpg\" \/>\n<meta name=\"twitter:card\" content=\"summary_large_image\" \/>\n<meta name=\"twitter:site\" content=\"@ZamoraSpain\" \/>\n<meta name=\"twitter:label1\" content=\"Gesch\u00e4tzte Lesezeit\" \/>\n\t<meta name=\"twitter:data1\" content=\"8 Minuten\" \/>\n<script type=\"application\/ld+json\" class=\"yoast-schema-graph\">{\"@context\":\"https:\/\/schema.org\",\"@graph\":[{\"@type\":\"WebPage\",\"@id\":\"https:\/\/turismoenzamora.es\/en\/ruta-arqueologica\/\",\"url\":\"https:\/\/turismoenzamora.es\/en\/ruta-arqueologica\/\",\"name\":\"Turismo de Zamora , Turismo Sostenible\",\"isPartOf\":{\"@id\":\"https:\/\/turismoenzamora.es\/pt\/#website\"},\"primaryImageOfPage\":{\"@id\":\"https:\/\/turismoenzamora.es\/en\/ruta-arqueologica\/#primaryimage\"},\"image\":{\"@id\":\"https:\/\/turismoenzamora.es\/en\/ruta-arqueologica\/#primaryimage\"},\"thumbnailUrl\":\"https:\/\/turismoenzamora.es\/wp-content\/uploads\/2017\/08\/r_arqueolOgica_1-300x201.jpg\",\"datePublished\":\"2017-08-08T07:13:28+00:00\",\"dateModified\":\"2017-11-20T18:01:15+00:00\",\"description\":\"Esta es la p\u00e1gina Oficial de Turismo de Diputaci\u00f3n de Zamora, donde podr\u00e1 encontrar toda la informaci\u00f3n para disfrutar al m\u00e1ximo de nuestra provincia.\",\"breadcrumb\":{\"@id\":\"https:\/\/turismoenzamora.es\/en\/ruta-arqueologica\/#breadcrumb\"},\"inLanguage\":\"de-DE\",\"potentialAction\":[{\"@type\":\"ReadAction\",\"target\":[\"https:\/\/turismoenzamora.es\/en\/ruta-arqueologica\/\"]}]},{\"@type\":\"ImageObject\",\"inLanguage\":\"de-DE\",\"@id\":\"https:\/\/turismoenzamora.es\/en\/ruta-arqueologica\/#primaryimage\",\"url\":\"https:\/\/turismoenzamora.es\/wp-content\/uploads\/2017\/08\/r_arqueolOgica_1-300x201.jpg\",\"contentUrl\":\"https:\/\/turismoenzamora.es\/wp-content\/uploads\/2017\/08\/r_arqueolOgica_1-300x201.jpg\"},{\"@type\":\"BreadcrumbList\",\"@id\":\"https:\/\/turismoenzamora.es\/en\/ruta-arqueologica\/#breadcrumb\",\"itemListElement\":[{\"@type\":\"ListItem\",\"position\":1,\"name\":\"Portada\",\"item\":\"https:\/\/turismoenzamora.es\/\"},{\"@type\":\"ListItem\",\"position\":2,\"name\":\"Arqueological route\"}]},{\"@type\":\"WebSite\",\"@id\":\"https:\/\/turismoenzamora.es\/pt\/#website\",\"url\":\"https:\/\/turismoenzamora.es\/pt\/\",\"name\":\"Turismo sostenible. Patronato de Turismo de la Diputaci\u00f3n de Zamora.&quot;Turismo Sostenible&quot;.\",\"description\":\"Nachhaltiger Tourismus Tourismusverband der Diputaci\u00f3n de Zamora\",\"publisher\":{\"@id\":\"https:\/\/turismoenzamora.es\/pt\/#organization\"},\"potentialAction\":[{\"@type\":\"SearchAction\",\"target\":{\"@type\":\"EntryPoint\",\"urlTemplate\":\"https:\/\/turismoenzamora.es\/pt\/?s={search_term_string}\"},\"query-input\":\"required name=search_term_string\"}],\"inLanguage\":\"de-DE\"},{\"@type\":\"Organization\",\"@id\":\"https:\/\/turismoenzamora.es\/pt\/#organization\",\"name\":\"Patronato de Turismo de la Diputaci\u00f3n de Zamora\",\"url\":\"https:\/\/turismoenzamora.es\/pt\/\",\"logo\":{\"@type\":\"ImageObject\",\"inLanguage\":\"de-DE\",\"@id\":\"https:\/\/turismoenzamora.es\/pt\/#\/schema\/logo\/image\/\",\"url\":\"https:\/\/turismoenzamora.es\/wp-content\/uploads\/2018\/06\/ZamoraLogo.png\",\"contentUrl\":\"https:\/\/turismoenzamora.es\/wp-content\/uploads\/2018\/06\/ZamoraLogo.png\",\"width\":1276,\"height\":290,\"caption\":\"Patronato de Turismo de la Diputaci\u00f3n de Zamora\"},\"image\":{\"@id\":\"https:\/\/turismoenzamora.es\/pt\/#\/schema\/logo\/image\/\"},\"sameAs\":[\"https:\/\/www.facebook.com\/ZamoraSpain\/\",\"https:\/\/x.com\/ZamoraSpain\",\"https:\/\/www.instagram.com\/turismoenzamora.es\/\",\"https:\/\/www.pinterest.es\/TurismoenZamora\/\",\"https:\/\/www.youtube.com\/channel\/UC2bOyOZ-2cLm-uXlBFYUV9w\"]}]}<\/script>\n<!-- \/ Yoast SEO plugin. -->","yoast_head_json":{"title":"Turismo de Zamora , Turismo Sostenible","description":"Esta es la p\u00e1gina Oficial de Turismo de Diputaci\u00f3n de Zamora, donde podr\u00e1 encontrar toda la informaci\u00f3n para disfrutar al m\u00e1ximo de nuestra provincia.","robots":{"index":"index","follow":"follow","max-snippet":"max-snippet:-1","max-image-preview":"max-image-preview:large","max-video-preview":"max-video-preview:-1"},"canonical":"https:\/\/turismoenzamora.es\/en\/ruta-arqueologica\/","og_locale":"de_DE","og_type":"article","og_title":"Turismo de Zamora , Turismo Sostenible","og_description":"Esta es la p\u00e1gina Oficial de Turismo de Diputaci\u00f3n de Zamora, donde podr\u00e1 encontrar toda la informaci\u00f3n para disfrutar al m\u00e1ximo de nuestra provincia.","og_url":"https:\/\/turismoenzamora.es\/en\/ruta-arqueologica\/","og_site_name":"Tourismus in Zamora","article_publisher":"https:\/\/www.facebook.com\/ZamoraSpain\/","article_modified_time":"2017-11-20T18:01:15+00:00","og_image":[{"url":"https:\/\/turismoenzamora.es\/wp-content\/uploads\/2017\/08\/r_arqueolOgica_1-300x201.jpg"}],"twitter_card":"summary_large_image","twitter_site":"@ZamoraSpain","twitter_misc":{"Gesch\u00e4tzte Lesezeit":"8 Minuten"},"schema":{"@context":"https:\/\/schema.org","@graph":[{"@type":"WebPage","@id":"https:\/\/turismoenzamora.es\/en\/ruta-arqueologica\/","url":"https:\/\/turismoenzamora.es\/en\/ruta-arqueologica\/","name":"Turismo de Zamora , Turismo Sostenible","isPartOf":{"@id":"https:\/\/turismoenzamora.es\/pt\/#website"},"primaryImageOfPage":{"@id":"https:\/\/turismoenzamora.es\/en\/ruta-arqueologica\/#primaryimage"},"image":{"@id":"https:\/\/turismoenzamora.es\/en\/ruta-arqueologica\/#primaryimage"},"thumbnailUrl":"https:\/\/turismoenzamora.es\/wp-content\/uploads\/2017\/08\/r_arqueolOgica_1-300x201.jpg","datePublished":"2017-08-08T07:13:28+00:00","dateModified":"2017-11-20T18:01:15+00:00","description":"Esta es la p\u00e1gina Oficial de Turismo de Diputaci\u00f3n de Zamora, donde podr\u00e1 encontrar toda la informaci\u00f3n para disfrutar al m\u00e1ximo de nuestra provincia.","breadcrumb":{"@id":"https:\/\/turismoenzamora.es\/en\/ruta-arqueologica\/#breadcrumb"},"inLanguage":"de-DE","potentialAction":[{"@type":"ReadAction","target":["https:\/\/turismoenzamora.es\/en\/ruta-arqueologica\/"]}]},{"@type":"ImageObject","inLanguage":"de-DE","@id":"https:\/\/turismoenzamora.es\/en\/ruta-arqueologica\/#primaryimage","url":"https:\/\/turismoenzamora.es\/wp-content\/uploads\/2017\/08\/r_arqueolOgica_1-300x201.jpg","contentUrl":"https:\/\/turismoenzamora.es\/wp-content\/uploads\/2017\/08\/r_arqueolOgica_1-300x201.jpg"},{"@type":"BreadcrumbList","@id":"https:\/\/turismoenzamora.es\/en\/ruta-arqueologica\/#breadcrumb","itemListElement":[{"@type":"ListItem","position":1,"name":"Portada","item":"https:\/\/turismoenzamora.es\/"},{"@type":"ListItem","position":2,"name":"Arqueological route"}]},{"@type":"WebSite","@id":"https:\/\/turismoenzamora.es\/pt\/#website","url":"https:\/\/turismoenzamora.es\/pt\/","name":"Turismo sostenible. Patronato de Turismo de la Diputaci\u00f3n de Zamora.&quot;Turismo Sostenible&quot;.","description":"Nachhaltiger Tourismus Tourismusverband der Diputaci\u00f3n de Zamora","publisher":{"@id":"https:\/\/turismoenzamora.es\/pt\/#organization"},"potentialAction":[{"@type":"SearchAction","target":{"@type":"EntryPoint","urlTemplate":"https:\/\/turismoenzamora.es\/pt\/?s={search_term_string}"},"query-input":"required name=search_term_string"}],"inLanguage":"de-DE"},{"@type":"Organization","@id":"https:\/\/turismoenzamora.es\/pt\/#organization","name":"Patronato de Turismo de la Diputaci\u00f3n de Zamora","url":"https:\/\/turismoenzamora.es\/pt\/","logo":{"@type":"ImageObject","inLanguage":"de-DE","@id":"https:\/\/turismoenzamora.es\/pt\/#\/schema\/logo\/image\/","url":"https:\/\/turismoenzamora.es\/wp-content\/uploads\/2018\/06\/ZamoraLogo.png","contentUrl":"https:\/\/turismoenzamora.es\/wp-content\/uploads\/2018\/06\/ZamoraLogo.png","width":1276,"height":290,"caption":"Patronato de Turismo de la Diputaci\u00f3n de Zamora"},"image":{"@id":"https:\/\/turismoenzamora.es\/pt\/#\/schema\/logo\/image\/"},"sameAs":["https:\/\/www.facebook.com\/ZamoraSpain\/","https:\/\/x.com\/ZamoraSpain","https:\/\/www.instagram.com\/turismoenzamora.es\/","https:\/\/www.pinterest.es\/TurismoenZamora\/","https:\/\/www.youtube.com\/channel\/UC2bOyOZ-2cLm-uXlBFYUV9w"]}]}},"_links":{"self":[{"href":"https:\/\/turismoenzamora.es\/de\/wp-json\/wp\/v2\/pages\/269"}],"collection":[{"href":"https:\/\/turismoenzamora.es\/de\/wp-json\/wp\/v2\/pages"}],"about":[{"href":"https:\/\/turismoenzamora.es\/de\/wp-json\/wp\/v2\/types\/page"}],"author":[{"embeddable":true,"href":"https:\/\/turismoenzamora.es\/de\/wp-json\/wp\/v2\/users\/1"}],"replies":[{"embeddable":true,"href":"https:\/\/turismoenzamora.es\/de\/wp-json\/wp\/v2\/comments?post=269"}],"version-history":[{"count":0,"href":"https:\/\/turismoenzamora.es\/de\/wp-json\/wp\/v2\/pages\/269\/revisions"}],"wp:attachment":[{"href":"https:\/\/turismoenzamora.es\/de\/wp-json\/wp\/v2\/media?parent=269"}],"curies":[{"name":"wp","href":"https:\/\/api.w.org\/{rel}","templated":true}]}}