{"id":263,"date":"2017-08-08T07:12:45","date_gmt":"2017-08-08T07:12:45","guid":{"rendered":"https:\/\/newweb.turismoenzamora.es\/?page_id=263"},"modified":"2018-06-05T15:00:25","modified_gmt":"2018-06-05T15:00:25","slug":"ruta-de-la-culebra","status":"publish","type":"page","link":"https:\/\/turismoenzamora.es\/de\/ruta-de-la-culebra\/","title":{"rendered":"Schlangentour"},"content":{"rendered":"<p><\/p>\n<h1>Schlangentour<\/h1>\n<p><img fetchpriority=\"high\" decoding=\"async\" class=\" wp-image-653 aligncenter\" src=\"https:\/\/turismoenzamora.es\/wp-content\/uploads\/2017\/08\/r_culebra_1-200x300.jpg\" alt=\"\" width=\"396\" height=\"594\" srcset=\"https:\/\/turismoenzamora.es\/wp-content\/uploads\/2017\/08\/r_culebra_1-200x300.jpg 200w, https:\/\/turismoenzamora.es\/wp-content\/uploads\/2017\/08\/r_culebra_1.jpg 400w\" sizes=\"(max-width: 396px) 100vw, 396px\" \/><\/p>\n<p>Das Regionale Jagdrevier \u201cSierra de la Culebra\u201d ist der Naturraum, der bei dieser Tour als F\u00fchrer dient, um einerseits in die Region Carballeda und andererseits in die BezirkeT\u00e1bara, Alba und Aliste einzutauchen.<\/p>\n<p>WAS ANSEHEN?<\/p>\n<ul>\n<li>T\u00e1bara: Geburtsort von Le\u00f3n Felipe. Romanische Kirche Santa Mar\u00eda aus dem XII. Jahrhundert.<\/li>\n<li>Villanueva de Valrojo: Ber\u00fchmt f\u00fcr den traditionellen Karneval mit pr\u00e4chtigen Kost\u00fcmen und Kuhglocken.<\/li>\n<li>Villardeciervos: Wegen der l\u00e4ndlichen Architektur zum historischen Komplex erkl\u00e4rt.<\/li>\n<li>Riomanzanas: Sch\u00f6ne Naturlandschaft. Das Dorf bewahrt eine Gruppe von Geb\u00e4uden mit der typischen Architektur der Gegend: Holzbalkone, Schieferd\u00e4cher und Steinmauern. Von Riomanzanas aus kann man einen sch\u00f6nen Ausflug bis zum Gipfel Pe\u00f1a Mira (1.243m) unternehmen und von dort aus Santa Cruz de los Cu\u00e9rragos erreichen, das zum ethnografischen Komplex erkl\u00e4rt wurde.<\/li>\n<li>Nuez und Sejas de Aliste: Besuch der traditionellen M\u00fchlen und las cortinas, in den Boden geschlagene Steine, die die Grundst\u00fccksgrenzen markieren.<\/li>\n<li>Alca\u00f1ices: Bezirkshauptstadt Aliste. Besondere Erw\u00e4hnung verdienen der Uhrenturm, ein alter, runder Festungsturm der Mauer, und das Kloster San Francisco, heute ein Kulturzentrum und Sitz des Tourismusb\u00fcros.<\/li>\n<li>Bercianos de Aliste: Ber\u00fchmt f\u00fcr seine schlichten und bewegenden Festlichkeiten zur Osterwoche, die zum touristischen Anzugspunkt der Region erkl\u00e4rt wurde.<\/li>\n<li>San Vitero und Rabanales: bekannt f\u00fcr ihr exquisites Rindfleisch von Aliste.<\/li>\n<li>Moveros: Aktives Zentrum f\u00fcr T\u00f6pferei.<\/li>\n<li>Castillo de Alba: Hier sind Reste einer alten Milit\u00e4rbefestigungsanlage erhalten.<\/li>\n<li>Puente Pino: erste Eisenbr\u00fccke, die in Spanien gebaut wurde.<\/li>\n<li>El Campillo: Kirche San Pedro de la Nave, westgotisch und aus dem VII. Jahrhundert.<\/li>\n<li>Ricobayo: Erste hydroelektrische Talsperre in Spanien.<\/li>\n<li>Villalcampo: Zusammenfluss der Fl\u00fcsse Esla und Duero, wo die hydroelektrische Talsperre am Stausee von Villalcampo steht.<\/li>\n<\/ul>\n<p><a href=\"https:\/\/turismoenzamora.es\/wp-content\/uploads\/2017\/08\/r_culebra.pdf\" target=\"_blank\" rel=\"nooper noopener\"><img decoding=\"async\" class=\"alignnone size-full wp-image-640\" src=\"https:\/\/turismoenzamora.es\/wp-content\/uploads\/2017\/08\/masinfo.png\" alt=\"\" width=\"63\" height=\"32\" \/><\/a><\/p>\n<p><a href=\"https:\/\/turismoenzamora.es\/wp-content\/uploads\/2017\/08\/r_culebra_2.jpg\" target=\"_blank\" rel=\"nooper noopener\"><img decoding=\"async\" class=\"wp-image-657 size-large aligncenter\" src=\"https:\/\/turismoenzamora.es\/wp-content\/uploads\/2017\/08\/r_culebra_2-1-1024x823.jpg\" alt=\"\" width=\"710\" height=\"571\" srcset=\"https:\/\/turismoenzamora.es\/wp-content\/uploads\/2017\/08\/r_culebra_2-1-1024x823.jpg 1024w, https:\/\/turismoenzamora.es\/wp-content\/uploads\/2017\/08\/r_culebra_2-1-300x241.jpg 300w, https:\/\/turismoenzamora.es\/wp-content\/uploads\/2017\/08\/r_culebra_2-1-768x617.jpg 768w, https:\/\/turismoenzamora.es\/wp-content\/uploads\/2017\/08\/r_culebra_2-1.jpg 1693w\" sizes=\"(max-width: 710px) 100vw, 710px\" \/><\/a><\/p>","protected":false},"excerpt":{"rendered":"<p>Schlangentour Das Regionale Jagdrevier \u201cSierra de la Culebra\u201d ist der Naturraum, der bei dieser Tour als F\u00fchrer dient, um einerseits in die Region Carballeda und andererseits in die BezirkeT\u00e1bara, Alba und Aliste einzutauchen. WAS ANSEHEN? T\u00e1bara: Geburtsort von Le\u00f3n Felipe. Romanische Kirche Santa Mar\u00eda aus dem XII. Jahrhundert. Villanueva de Valrojo: Ber\u00fchmt f\u00fcr den traditionellen [&hellip;]<\/p>\n","protected":false},"author":1,"featured_media":0,"parent":0,"menu_order":0,"comment_status":"closed","ping_status":"closed","template":"","meta":{"inline_featured_image":false,"site-sidebar-layout":"default","site-content-layout":"","ast-site-content-layout":"","site-content-style":"default","site-sidebar-style":"default","ast-global-header-display":"","ast-banner-title-visibility":"","ast-main-header-display":"","ast-hfb-above-header-display":"","ast-hfb-below-header-display":"","ast-hfb-mobile-header-display":"","site-post-title":"","ast-breadcrumbs-content":"","ast-featured-img":"","footer-sml-layout":"","theme-transparent-header-meta":"","adv-header-id-meta":"","stick-header-meta":"","header-above-stick-meta":"","header-main-stick-meta":"","header-below-stick-meta":"","astra-migrate-meta-layouts":"default","ast-page-background-enabled":"default","ast-page-background-meta":{"desktop":{"background-color":"","background-image":"","background-repeat":"repeat","background-position":"center center","background-size":"auto","background-attachment":"scroll","background-type":"","background-media":"","overlay-type":"","overlay-color":"","overlay-opacity":"","overlay-gradient":""},"tablet":{"background-color":"","background-image":"","background-repeat":"repeat","background-position":"center center","background-size":"auto","background-attachment":"scroll","background-type":"","background-media":"","overlay-type":"","overlay-color":"","overlay-opacity":"","overlay-gradient":""},"mobile":{"background-color":"","background-image":"","background-repeat":"repeat","background-position":"center center","background-size":"auto","background-attachment":"scroll","background-type":"","background-media":"","overlay-type":"","overlay-color":"","overlay-opacity":"","overlay-gradient":""}},"ast-content-background-meta":{"desktop":{"background-color":"var(--ast-global-color-5)","background-image":"","background-repeat":"repeat","background-position":"center center","background-size":"auto","background-attachment":"scroll","background-type":"","background-media":"","overlay-type":"","overlay-color":"","overlay-opacity":"","overlay-gradient":""},"tablet":{"background-color":"var(--ast-global-color-5)","background-image":"","background-repeat":"repeat","background-position":"center center","background-size":"auto","background-attachment":"scroll","background-type":"","background-media":"","overlay-type":"","overlay-color":"","overlay-opacity":"","overlay-gradient":""},"mobile":{"background-color":"var(--ast-global-color-5)","background-image":"","background-repeat":"repeat","background-position":"center center","background-size":"auto","background-attachment":"scroll","background-type":"","background-media":"","overlay-type":"","overlay-color":"","overlay-opacity":"","overlay-gradient":""}},"ngg_post_thumbnail":0,"footnotes":""},"yoast_head":"<!-- This site is optimized with the Yoast SEO plugin v23.0 - https:\/\/yoast.com\/wordpress\/plugins\/seo\/ -->\n<title>Turismo de Zamora , Turismo Sostenible<\/title>\n<meta name=\"description\" content=\"Esta es la p\u00e1gina Oficial de Turismo de Diputaci\u00f3n de Zamora, donde podr\u00e1 encontrar toda la informaci\u00f3n para disfrutar al m\u00e1ximo de nuestra provincia.\" \/>\n<meta name=\"robots\" content=\"index, follow, max-snippet:-1, max-image-preview:large, max-video-preview:-1\" \/>\n<link rel=\"canonical\" href=\"https:\/\/turismoenzamora.es\/en\/ruta-de-la-culebra\/\" \/>\n<meta property=\"og:locale\" content=\"de_DE\" \/>\n<meta property=\"og:type\" content=\"article\" \/>\n<meta property=\"og:title\" content=\"Turismo de Zamora , Turismo Sostenible\" \/>\n<meta property=\"og:description\" content=\"Esta es la p\u00e1gina Oficial de Turismo de Diputaci\u00f3n de Zamora, donde podr\u00e1 encontrar toda la informaci\u00f3n para disfrutar al m\u00e1ximo de nuestra provincia.\" \/>\n<meta property=\"og:url\" content=\"https:\/\/turismoenzamora.es\/en\/ruta-de-la-culebra\/\" \/>\n<meta property=\"og:site_name\" content=\"Tourismus in Zamora\" \/>\n<meta property=\"article:publisher\" content=\"https:\/\/www.facebook.com\/ZamoraSpain\/\" \/>\n<meta property=\"article:modified_time\" content=\"2018-06-05T15:00:25+00:00\" \/>\n<meta property=\"og:image\" content=\"https:\/\/turismoenzamora.es\/wp-content\/uploads\/2017\/08\/r_culebra_1-200x300.jpg\" \/>\n<meta name=\"twitter:card\" content=\"summary_large_image\" \/>\n<meta name=\"twitter:site\" content=\"@ZamoraSpain\" \/>\n<meta name=\"twitter:label1\" content=\"Gesch\u00e4tzte Lesezeit\" \/>\n\t<meta name=\"twitter:data1\" content=\"7 Minuten\" \/>\n<script type=\"application\/ld+json\" class=\"yoast-schema-graph\">{\"@context\":\"https:\/\/schema.org\",\"@graph\":[{\"@type\":\"WebPage\",\"@id\":\"https:\/\/turismoenzamora.es\/en\/ruta-de-la-culebra\/\",\"url\":\"https:\/\/turismoenzamora.es\/en\/ruta-de-la-culebra\/\",\"name\":\"Turismo de Zamora , Turismo Sostenible\",\"isPartOf\":{\"@id\":\"https:\/\/turismoenzamora.es\/pt\/#website\"},\"primaryImageOfPage\":{\"@id\":\"https:\/\/turismoenzamora.es\/en\/ruta-de-la-culebra\/#primaryimage\"},\"image\":{\"@id\":\"https:\/\/turismoenzamora.es\/en\/ruta-de-la-culebra\/#primaryimage\"},\"thumbnailUrl\":\"https:\/\/turismoenzamora.es\/wp-content\/uploads\/2017\/08\/r_culebra_1-200x300.jpg\",\"datePublished\":\"2017-08-08T07:12:45+00:00\",\"dateModified\":\"2018-06-05T15:00:25+00:00\",\"description\":\"Esta es la p\u00e1gina Oficial de Turismo de Diputaci\u00f3n de Zamora, donde podr\u00e1 encontrar toda la informaci\u00f3n para disfrutar al m\u00e1ximo de nuestra provincia.\",\"breadcrumb\":{\"@id\":\"https:\/\/turismoenzamora.es\/en\/ruta-de-la-culebra\/#breadcrumb\"},\"inLanguage\":\"de-DE\",\"potentialAction\":[{\"@type\":\"ReadAction\",\"target\":[\"https:\/\/turismoenzamora.es\/en\/ruta-de-la-culebra\/\"]}]},{\"@type\":\"ImageObject\",\"inLanguage\":\"de-DE\",\"@id\":\"https:\/\/turismoenzamora.es\/en\/ruta-de-la-culebra\/#primaryimage\",\"url\":\"https:\/\/turismoenzamora.es\/wp-content\/uploads\/2017\/08\/r_culebra_1-200x300.jpg\",\"contentUrl\":\"https:\/\/turismoenzamora.es\/wp-content\/uploads\/2017\/08\/r_culebra_1-200x300.jpg\"},{\"@type\":\"BreadcrumbList\",\"@id\":\"https:\/\/turismoenzamora.es\/en\/ruta-de-la-culebra\/#breadcrumb\",\"itemListElement\":[{\"@type\":\"ListItem\",\"position\":1,\"name\":\"Portada\",\"item\":\"https:\/\/turismoenzamora.es\/\"},{\"@type\":\"ListItem\",\"position\":2,\"name\":\"Culebra Route\"}]},{\"@type\":\"WebSite\",\"@id\":\"https:\/\/turismoenzamora.es\/pt\/#website\",\"url\":\"https:\/\/turismoenzamora.es\/pt\/\",\"name\":\"Turismo sostenible. Patronato de Turismo de la Diputaci\u00f3n de Zamora.&quot;Turismo Sostenible&quot;.\",\"description\":\"Nachhaltiger Tourismus Tourismusverband der Diputaci\u00f3n de Zamora\",\"publisher\":{\"@id\":\"https:\/\/turismoenzamora.es\/pt\/#organization\"},\"potentialAction\":[{\"@type\":\"SearchAction\",\"target\":{\"@type\":\"EntryPoint\",\"urlTemplate\":\"https:\/\/turismoenzamora.es\/pt\/?s={search_term_string}\"},\"query-input\":\"required name=search_term_string\"}],\"inLanguage\":\"de-DE\"},{\"@type\":\"Organization\",\"@id\":\"https:\/\/turismoenzamora.es\/pt\/#organization\",\"name\":\"Patronato de Turismo de la Diputaci\u00f3n de Zamora\",\"url\":\"https:\/\/turismoenzamora.es\/pt\/\",\"logo\":{\"@type\":\"ImageObject\",\"inLanguage\":\"de-DE\",\"@id\":\"https:\/\/turismoenzamora.es\/pt\/#\/schema\/logo\/image\/\",\"url\":\"https:\/\/turismoenzamora.es\/wp-content\/uploads\/2018\/06\/ZamoraLogo.png\",\"contentUrl\":\"https:\/\/turismoenzamora.es\/wp-content\/uploads\/2018\/06\/ZamoraLogo.png\",\"width\":1276,\"height\":290,\"caption\":\"Patronato de Turismo de la Diputaci\u00f3n de Zamora\"},\"image\":{\"@id\":\"https:\/\/turismoenzamora.es\/pt\/#\/schema\/logo\/image\/\"},\"sameAs\":[\"https:\/\/www.facebook.com\/ZamoraSpain\/\",\"https:\/\/x.com\/ZamoraSpain\",\"https:\/\/www.instagram.com\/turismoenzamora.es\/\",\"https:\/\/www.pinterest.es\/TurismoenZamora\/\",\"https:\/\/www.youtube.com\/channel\/UC2bOyOZ-2cLm-uXlBFYUV9w\"]}]}<\/script>\n<!-- \/ Yoast SEO plugin. -->","yoast_head_json":{"title":"Turismo de Zamora , Turismo Sostenible","description":"Esta es la p\u00e1gina Oficial de Turismo de Diputaci\u00f3n de Zamora, donde podr\u00e1 encontrar toda la informaci\u00f3n para disfrutar al m\u00e1ximo de nuestra provincia.","robots":{"index":"index","follow":"follow","max-snippet":"max-snippet:-1","max-image-preview":"max-image-preview:large","max-video-preview":"max-video-preview:-1"},"canonical":"https:\/\/turismoenzamora.es\/en\/ruta-de-la-culebra\/","og_locale":"de_DE","og_type":"article","og_title":"Turismo de Zamora , Turismo Sostenible","og_description":"Esta es la p\u00e1gina Oficial de Turismo de Diputaci\u00f3n de Zamora, donde podr\u00e1 encontrar toda la informaci\u00f3n para disfrutar al m\u00e1ximo de nuestra provincia.","og_url":"https:\/\/turismoenzamora.es\/en\/ruta-de-la-culebra\/","og_site_name":"Tourismus in Zamora","article_publisher":"https:\/\/www.facebook.com\/ZamoraSpain\/","article_modified_time":"2018-06-05T15:00:25+00:00","og_image":[{"url":"https:\/\/turismoenzamora.es\/wp-content\/uploads\/2017\/08\/r_culebra_1-200x300.jpg"}],"twitter_card":"summary_large_image","twitter_site":"@ZamoraSpain","twitter_misc":{"Gesch\u00e4tzte Lesezeit":"7 Minuten"},"schema":{"@context":"https:\/\/schema.org","@graph":[{"@type":"WebPage","@id":"https:\/\/turismoenzamora.es\/en\/ruta-de-la-culebra\/","url":"https:\/\/turismoenzamora.es\/en\/ruta-de-la-culebra\/","name":"Turismo de Zamora , Turismo Sostenible","isPartOf":{"@id":"https:\/\/turismoenzamora.es\/pt\/#website"},"primaryImageOfPage":{"@id":"https:\/\/turismoenzamora.es\/en\/ruta-de-la-culebra\/#primaryimage"},"image":{"@id":"https:\/\/turismoenzamora.es\/en\/ruta-de-la-culebra\/#primaryimage"},"thumbnailUrl":"https:\/\/turismoenzamora.es\/wp-content\/uploads\/2017\/08\/r_culebra_1-200x300.jpg","datePublished":"2017-08-08T07:12:45+00:00","dateModified":"2018-06-05T15:00:25+00:00","description":"Esta es la p\u00e1gina Oficial de Turismo de Diputaci\u00f3n de Zamora, donde podr\u00e1 encontrar toda la informaci\u00f3n para disfrutar al m\u00e1ximo de nuestra provincia.","breadcrumb":{"@id":"https:\/\/turismoenzamora.es\/en\/ruta-de-la-culebra\/#breadcrumb"},"inLanguage":"de-DE","potentialAction":[{"@type":"ReadAction","target":["https:\/\/turismoenzamora.es\/en\/ruta-de-la-culebra\/"]}]},{"@type":"ImageObject","inLanguage":"de-DE","@id":"https:\/\/turismoenzamora.es\/en\/ruta-de-la-culebra\/#primaryimage","url":"https:\/\/turismoenzamora.es\/wp-content\/uploads\/2017\/08\/r_culebra_1-200x300.jpg","contentUrl":"https:\/\/turismoenzamora.es\/wp-content\/uploads\/2017\/08\/r_culebra_1-200x300.jpg"},{"@type":"BreadcrumbList","@id":"https:\/\/turismoenzamora.es\/en\/ruta-de-la-culebra\/#breadcrumb","itemListElement":[{"@type":"ListItem","position":1,"name":"Portada","item":"https:\/\/turismoenzamora.es\/"},{"@type":"ListItem","position":2,"name":"Culebra Route"}]},{"@type":"WebSite","@id":"https:\/\/turismoenzamora.es\/pt\/#website","url":"https:\/\/turismoenzamora.es\/pt\/","name":"Turismo sostenible. Patronato de Turismo de la Diputaci\u00f3n de Zamora.&quot;Turismo Sostenible&quot;.","description":"Nachhaltiger Tourismus Tourismusverband der Diputaci\u00f3n de Zamora","publisher":{"@id":"https:\/\/turismoenzamora.es\/pt\/#organization"},"potentialAction":[{"@type":"SearchAction","target":{"@type":"EntryPoint","urlTemplate":"https:\/\/turismoenzamora.es\/pt\/?s={search_term_string}"},"query-input":"required name=search_term_string"}],"inLanguage":"de-DE"},{"@type":"Organization","@id":"https:\/\/turismoenzamora.es\/pt\/#organization","name":"Patronato de Turismo de la Diputaci\u00f3n de Zamora","url":"https:\/\/turismoenzamora.es\/pt\/","logo":{"@type":"ImageObject","inLanguage":"de-DE","@id":"https:\/\/turismoenzamora.es\/pt\/#\/schema\/logo\/image\/","url":"https:\/\/turismoenzamora.es\/wp-content\/uploads\/2018\/06\/ZamoraLogo.png","contentUrl":"https:\/\/turismoenzamora.es\/wp-content\/uploads\/2018\/06\/ZamoraLogo.png","width":1276,"height":290,"caption":"Patronato de Turismo de la Diputaci\u00f3n de Zamora"},"image":{"@id":"https:\/\/turismoenzamora.es\/pt\/#\/schema\/logo\/image\/"},"sameAs":["https:\/\/www.facebook.com\/ZamoraSpain\/","https:\/\/x.com\/ZamoraSpain","https:\/\/www.instagram.com\/turismoenzamora.es\/","https:\/\/www.pinterest.es\/TurismoenZamora\/","https:\/\/www.youtube.com\/channel\/UC2bOyOZ-2cLm-uXlBFYUV9w"]}]}},"_links":{"self":[{"href":"https:\/\/turismoenzamora.es\/de\/wp-json\/wp\/v2\/pages\/263"}],"collection":[{"href":"https:\/\/turismoenzamora.es\/de\/wp-json\/wp\/v2\/pages"}],"about":[{"href":"https:\/\/turismoenzamora.es\/de\/wp-json\/wp\/v2\/types\/page"}],"author":[{"embeddable":true,"href":"https:\/\/turismoenzamora.es\/de\/wp-json\/wp\/v2\/users\/1"}],"replies":[{"embeddable":true,"href":"https:\/\/turismoenzamora.es\/de\/wp-json\/wp\/v2\/comments?post=263"}],"version-history":[{"count":0,"href":"https:\/\/turismoenzamora.es\/de\/wp-json\/wp\/v2\/pages\/263\/revisions"}],"wp:attachment":[{"href":"https:\/\/turismoenzamora.es\/de\/wp-json\/wp\/v2\/media?parent=263"}],"curies":[{"name":"wp","href":"https:\/\/api.w.org\/{rel}","templated":true}]}}