{"id":2244,"date":"2017-08-18T08:31:31","date_gmt":"2017-08-18T06:31:31","guid":{"rendered":"https:\/\/newweb.turismoenzamora.es\/?page_id=2244"},"modified":"2026-03-27T14:48:11","modified_gmt":"2026-03-27T13:48:11","slug":"horarios-de-apertura-por-la-provincia","status":"publish","type":"page","link":"https:\/\/turismoenzamora.es\/de\/servicios-turisticos\/informacion-turistica\/horarios-de-apertura\/horarios-de-apertura-por-la-provincia\/","title":{"rendered":"Provincia"},"content":{"rendered":"<ul>\n<li><\/p>\n<h3>Denkm\u00e4ler von Puebla de Sanabria<\/h3>\n<h2>KIRCHE NUESTRA SE\u00d1ORA DEL AZOGUE<\/h2>\n<p>&#8211; Wochenenden, Feiertagen und langen Wochenende: 11-14 h und 16-19,00 h *<br \/>&#8211; * Sonntag nachmittags geschlossen.<\/p>\n<h2>SCHLOSS \/ AMT F\u00dcR TOURISMUS<\/h2>\n<p>&#8211; Jeden Tag: 14.11 Uhr. und 16-20 h .. au\u00dfer sonntags seine Schlusszeit wird um 19 Uhr sein<br \/><strong>Bemerkungen<\/strong><br \/>&#8211; Castle Tours: Samstag und Sonntag um 19,00 h<\/p>\n<h2>MUSEUM DER RIESEN UND &#8222;CABEZUDOS&#8220;<\/h2>\n<p><strong>Bemerkungen<\/strong><br \/>&#8211; Ansichten Samstag und Sonntags um 12.30 Uhr<\/p>\n<h2>MYTOLOGICAL SCHULE UNGILDE<\/h2>\n<p>&#8211; Dienstag und Freitag: 16 bis 18 Stunden<br \/>&#8211; Wochenenden und Feiertagen zwischen 12 und 14 h<\/p>\n<h3>Denkm\u00e4ler von San Mart\u00edn de Casta\u00f1eda<\/h3>\n<h2>KLOSTER<\/h2>\n<p><strong>Von Juli bis September<\/strong><br \/>&#8211; Von Dienstag bis Sonntag: 11-14 h und 17-20 h<br \/>&#8211; Montag: geschlossen<br \/><strong>Von April bis Juni<\/strong><br \/>&#8211; Freitag und Samstag: 10-13 Uhr und 17-20 h<br \/>&#8211; Sonntag: nur vormittags<br \/><strong>Von Oktober bis Dezember<\/strong><br \/>&#8211; Freitag und Samstag: 10-14 Uhr und 16-18 h<br \/>&#8211; Sonntag: nur vormittags<br \/><strong>Bemerkungen<\/strong><br \/>&#8211; Stehplatz: 1 \u20ac<\/p>\n<h3>Denkm\u00e4ler von El Campillo<\/h3>\n<h2>KIRCHE VON SAN PEDRO DE LA NAVE<\/h2>\n<p><strong>Vom 1. April &#8211; 30. September<\/strong><br \/>&#8211; Von Dienstag bis Sonntag: 10-13 h und 17-20 h<br \/><strong>Vom 1. Oktober &#8211; 31. Dezember<\/strong><br \/>&#8211; Freitag und Samstag: 10-14 Uhr und 16.30-18.30 h<br \/>&#8211; Sonntag: nur vormittags<\/p>\n<h3>Denkm\u00e4ler von La Hiniesta<\/h3>\n<h2>KIRCHE SANTA MARIA LA REAL<\/h2>\n<p><strong>Bemerkungen<\/strong><br \/>&#8211; Telefon: 980 552 110 (Spende)<\/p>\n<h3>Denkm\u00e4ler von Arcenillas<\/h3>\n<h2>KIRCHE PARROQUIAL<\/h2>\n<p><strong>Bemerkungen<\/strong><br \/>&#8211; Telefon: 980 571 447 (Spende)<\/p>\n<h3>Denkm\u00e4ler von Santa Marta de Tera<\/h3>\n<h2>KIRCHE VON SANTA MARTA<\/h2>\n<p><strong>Von 4. April &#8211; 30. September<\/strong><br \/>&#8211; Von Dienstag bis Sonntag: 10-13 h und 17-20 h<br \/>&#8211; Montag: geschlossen<br \/><strong>Vom 1. Oktober &#8211; 15. Dezember<\/strong><br \/>&#8211; Von Dienstag bis Sonntag: 16.30-18.30 h und 10-14 h<br \/>&#8211; Montag: geschlossen<br \/><strong>Bemerkungen<\/strong><br \/>&#8211; Stehplatz: 1 \u20ac<\/p>\n<h3>Denkm\u00e4ler von Toro<\/h3>\n<h2>COLEGIATA DE SANTA MAR\u00cdA LA MAYOR<\/h2>\n<p><strong>Ab 1. M\u00e4rz &#8211; 30. September<\/strong><br \/>&#8211; Vom Dienstag bis Sonntag von 10:30 bis 14 Uhr und von 17 bis 19:30 Uhr<br \/>&#8211; Montag: geschlossen<br \/><strong>Vom 1. Oktober &#8211; 31. Dezember<\/strong><br \/>&#8211; Vom Dienstag bis Sonntag von 10 bis 14 und von 16,30 bis 18,30<br \/>&#8211; Montags geschlossen<br \/><strong>Bemerkungen<\/strong><br \/>&#8211; Stehplatz: 1 \u20ac<\/p>\n<h2>KIRCHE SAN SALVADOR-MUSEUM DER LOS CABALLEROS<\/h2>\n<p><strong>Vom 5. Mai &#8211; 30. September<\/strong><br \/>&#8211; Vom Dienstag bis Sonntag von 10:30 bis 14 Uhr und von 17 bis 19:30 Uhr<br \/>&#8211; Montag: geschlossen<br \/><strong>Vom 1. Oktober &#8211; 31. Dezember<\/strong><br \/>&#8211; Vom Dienstag bis Sonntag von 10 bis 14 und von 16,30 bis 18,30<br \/>&#8211; Montags geschlossen<br \/><strong>Bemerkungen<\/strong><br \/>&#8211; Stehplatz: 1 \u20ac<\/p>\n<h2>KIRCHE VON SAN LORENZO, SANTO SEPULCRO SAN SEBASTIAN DE LOS CABALLEROS<\/h2>\n<p><strong>Vom 5. Mai &#8211; 15. SEPTEMBER<\/strong><br \/>&#8211; Von Freitag bis Sonntag von 10:30 bis 14 Uhr und von 17 bis 19:30 Uhr<br \/><strong>Bemerkungen<\/strong><br \/>&#8211; Stehplatz: 1 \u20ac<\/p>\n<h2>MONASTERIO DE SANCTI SPIRITUS<\/h2>\n<p><strong>Bemerkungen<\/strong><br \/>&#8211; F\u00fchrungen Dienstag bis Sonntag, 10.30, 11.30, 12.30, 16.30 und 17.30 Uhr.<br \/>&#8211; Single Entry: 4.50 \u20ac<br \/>&#8211; Eingangs Gruppen: 3 \u20ac<\/p>\n<h3>Denkm\u00e4ler von Villalonso<\/h3>\n<h2>SCHLOSS<\/h2>\n<p>&#8211; Bis 11. Dezember: Sonn-und Feiertage von 12 bis 14:30 Uhr<br \/>(Von 11. DEZEMBER &#8211; 28. Februar geschlossen)<\/p>\n<p>M\u00e4rz und April: Sonn-und Feiertage: 12 bis 14:30 Uhr<\/p>\n<p><strong>Bemerkungen<\/strong><br \/>&#8211; Stehplatz: 2,50 \u20ac (1,50 \u20ac Gruppen)<\/p>\n<h3>Denkm\u00e4ler von T\u00e1bara<\/h3>\n<h2>KIRCHE SANTA MARIA<\/h2>\n<p><strong>Von Juni bis Oktober<\/strong><br \/>&#8211; Dienstag bis Freitag 11.30 bis 13.30 Uhr und von 17.30 Uhr bis 19 Uhr<br \/>&#8211; Samstag Morgen kurz<br \/><strong>November und Dezember<\/strong><br \/>&#8211; Dienstag bis Samstag von 12 bis 13:30 Uhr<\/p>\n<h3>Denkm\u00e4ler von Fermoselle<\/h3>\n<h2>KIRCHE NUESTRA SE\u00d1ORA DE LA ASUNCI\u00d3N<\/h2>\n<p><strong>Von April bis Juni<\/strong><br \/>&#8211; Freitag und Samstag: 10-14 Uhr und 16.30-18.30 h<br \/>&#8211; Sonntag: 10-14 h<br \/><strong>Juli und August<\/strong><br \/>&#8211; Von Dienstag bis Sonntag: 10-13 h und 17-20 h<br \/>&#8211; Montag: geschlossen<br \/><strong>Von Oktober bis Dezember<\/strong><br \/>&#8211; Freitag und Samstag: 10-14 Uhr und 16.30-18.30 h<br \/>&#8211; Sonntag: 10-14 h<\/p>\n<h3>Denkm\u00e4ler von Benavente<\/h3>\n<h2>KIRCHE SANTA MAR\u00cdA DEL AZOGUE UND DER KIRCHE VON SAN JUAN DEL MERCADO<\/h2>\n<p><strong>April und Mai<\/strong><br \/>&#8211; Freitag und Samstag: 10-13 Uhr und 17-20 h<br \/>&#8211; Sonntag: 13.10 h<br \/><strong>Von Juni bis September<\/strong><br \/>&#8211; Von Dienstag bis Sonntag: von 10,30 bis 14 h und 17 -20 h<br \/>&#8211; Montag: geschlossen<br \/><strong>Von Oktober bis Dezember<\/strong><br \/>&#8211; Freitag und Samstag: 10-14 Uhr und 16.30-18.30 h<br \/>&#8211; Sonntag: 10-14 h<\/p>\n<p>&#8211; Zugangskosten: 2 \u20ac.<\/p>\n<h2>OSTERWOCHE MUSEUM BENAVENTE<\/h2>\n<p>&#8211; Von Dienstag bis Freitag: 11.30-13.30 h und 18-20 h<br \/>&#8211; Wochenende und Feiertage: 11.30 bis 13.30 Uhr<br \/>&#8211; Montag: geschlossen<br \/><strong>Bemerkungen<\/strong><br \/>&#8211; Stehplatz: 1,50 \u20ac<\/p>\n<h3>Denkm\u00e4ler von la Granja de Moreruela<\/h3>\n<h1>MONASTERIO DE SANTA MAR\u00cdA DE MORERUELA<\/h1>\n<p><strong>Von M\u00e4rz bis Juni<\/strong><br \/>&#8211; Von Mittwoch bis Sonntag: 10-14 h und 16-19 h<br \/>&#8211; Urlaub: offen<br \/><strong>Von Juli bis September<\/strong><br \/>&#8211; Von Mittwoch bis Sonntag: 10-14 h und 17-20 h<br \/>&#8211; Urlaub: offen<br \/><strong>Von Oktober bis Dezember<\/strong><br \/>&#8211; Von Mittwoch bis Sonntag: 15.30 bis 17.15 hh 10:30-14<br \/>&#8211; Urlaub: offen<\/p>\n<h2>INTERPRETATIONSZENTRUM THEC\u00cdSTER DE GRANJA DE MORERUELA<\/h2>\n<p><strong>Oktober<\/strong><br \/>&#8211; Mittwoch bis Sonntag von 10.30 bis 15.30 Uhr bis 14 Uhr und 19 Uhr<\/p>\n<h3>Denkm\u00e4ler von Molacillos<\/h3>\n<h2>R\u00d6MISCHEN ZISTERNEN<\/h2>\n<p><strong>Bemerkungen<\/strong><br \/>&#8211; Telefon: 665 586 381<\/p>\n<h3>Arch\u00e4ologische Route Valles de Benavente<\/h3>\n<h2>ARCH\u00c4OLOGISCHE ROUTE DURCH DIE T\u00c4LER VON ZAMORA: VIDRIALES, \u00d3RBIGO UND ERIA MANGANESES VON POLVOROSA, MORALES DEL REY, ARRABALDE SANTIBANEZ DE VIDRIALES UND GRANUCILLO DE VIDRIALES<\/h2>\n<p><strong>Von Januar bis Juni<\/strong><br \/>&#8211; Samstag, Sonntag und Feiertage: 11-14 h und 16-19 h<br \/><strong>Im Juli und August<\/strong><br \/>&#8211; Von Donnerstag bis Sonntag: 11-14 h und 17-20 h<br \/><strong>Von September bis Dezember<\/strong><br \/>&#8211; Samstag, Sonntag und Feiertage: 11-14 h und 16-19 h<\/p>\n<h3>Casa del Parque\u00a0in der Provinz Zamora<\/h3>\n<h2>LAGO DE SANABRIA UND UMGEBUNG UND DEM ZENTRUM VON SAN MART\u00cdN DE CASTA\u00d1EDA<\/h2>\n<p><strong>Von April bis Juni<\/strong><br \/>&#8211; Von Freitag bis Sonntag: 10-14 h und 16-19 h<br \/>&#8211; Offene Ostern: 02-08 APRIL<br \/>&#8211; \u00d6ffnungszeiten: 23. und 30. April, 1. und 2. Mai<br \/>&#8211; Rest der Woche: f\u00fcr Gruppen ge\u00f6ffnet (Reservierung)<br \/><strong>Im Juli und August<\/strong><br \/>&#8211; Jeden Tag: 10-14 h und 17-20 h<br \/><strong>Von September bis Dezember<\/strong><br \/>&#8211; Donnerstag bis Sonntag: 10-14 h und 16-19 h (Monte G\u00e1ndara)<br \/>-Freitag-Sonntag: 10-14 und 16-19 h (San Mart\u00edn de Casta\u00f1eda)<br \/>&#8211; Rest der Woche: f\u00fcr Gruppen ge\u00f6ffnet (Reservierung)<br \/><strong>Bemerkungen<\/strong><br \/>&#8211; Telefon: 980 621 595<\/p>\n<h2>LAGUNAS DE VILLAF\u00c1FILA &#8222;EL PALOMAR&#8220; (VILLAF\u00c1FILA)<\/h2>\n<p><strong>Von Januar bis M\u00e4rz<\/strong><br \/>&#8211; Von Freitag bis Sonntag: 10-14 Uhr und von 16 bis 18,30 h<br \/><strong>Von April bis September<\/strong><br \/>&#8211; Von Freitag bis Sonntag: 11 bis 14 Uhr und von 16 bis 19,30 h<br \/>&#8211; Geschlossen: 6. August &#8211; 6. SEPTEMBER (im Lieferumfang enthalten)<br \/><strong>Von Oktober bis Dezember<\/strong><br \/>&#8211; Freitag bis Sonntag: 10 bis 14 Uhr und von 16 bis 18,30 h<br \/><strong>Bemerkungen<\/strong><br \/>&#8211; Offen f\u00fcr Ostern und Feiertagen<br \/>&#8211; Organisierte Gruppen nach Voranmeldung ge\u00f6ffnet an jedem Tag des Jahres<br \/>&#8211; Telefon: 980 586 046<\/p>\n<h2>ARRIBES DEL DUERO &#8222;CONVENTO DE SAN FRANCISCO&#8220; (FERMOSELLE)<\/h2>\n<p><strong>Von Februar bis Juni<\/strong><br \/>&#8211; Donnerstag: 14.10 h<br \/>&#8211; Freitag und Samstag: 10-14 Uhr und 16-19 h<br \/>&#8211; Sonntag: 15.10 h<br \/><strong>Juli und August<\/strong><br \/>&#8211; Montag bis Samstag von 10 bis 14 h und 17-20 h<br \/>&#8211; Sonntag: 15.10 h<br \/><strong>September und Oktober<\/strong><br \/>&#8211; Montag bis Samstag von 10 bis 14 Uhr und von 16 bis 19 h<br \/>&#8211; Sonntag: 15.10 h<\/p>\n<b>D\u00e9cembre<\/b>\n<p>-8 d\u00e9cembre : Ouvert de 10h00 \u00e0 14h00, et de 16h00 \u00e0 18h00.<br \/>-9 d\u00e9cembre : Ouvert de 10h00 \u00e0 14h00.<br \/>-\u00c0 partir du 22 d\u00e9cembre, la Casa del Parque sera ferm\u00e9e pour les f\u00eates de No\u00ebl.<\/p>\n<p><strong>Bemerkungen<\/strong><br \/>&#8211; Die Gruppe wird an jedem Tag der Woche nach Voranmeldung besuchen<br \/>&#8211; Telefon: 980 613 384<\/p>\n<p>","protected":false},"excerpt":{"rendered":"<p>Denkm\u00e4ler von Puebla de Sanabria KIRCHE NUESTRA SE\u00d1ORA DEL AZOGUE &#8211; Wochenenden, Feiertagen und langen Wochenende: 11-14 h und 16-19,00 h *&#8211; * Sonntag nachmittags geschlossen. SCHLOSS \/ AMT F\u00dcR TOURISMUS &#8211; Jeden Tag: 14.11 Uhr. und 16-20 h .. au\u00dfer sonntags seine Schlusszeit wird um 19 Uhr seinBemerkungen&#8211; Castle Tours: Samstag und Sonntag um [&hellip;]<\/p>\n","protected":false},"author":1,"featured_media":0,"parent":1733,"menu_order":2,"comment_status":"closed","ping_status":"closed","template":"","meta":{"inline_featured_image":false,"site-sidebar-layout":"default","site-content-layout":"default","ast-site-content-layout":"default","site-content-style":"default","site-sidebar-style":"default","ast-global-header-display":"","ast-banner-title-visibility":"","ast-main-header-display":"","ast-hfb-above-header-display":"","ast-hfb-below-header-display":"","ast-hfb-mobile-header-display":"","site-post-title":"","ast-breadcrumbs-content":"","ast-featured-img":"","footer-sml-layout":"","theme-transparent-header-meta":"default","adv-header-id-meta":"","stick-header-meta":"","header-above-stick-meta":"","header-main-stick-meta":"","header-below-stick-meta":"","astra-migrate-meta-layouts":"set","ast-page-background-enabled":"default","ast-page-background-meta":{"desktop":{"background-color":"","background-image":"","background-repeat":"repeat","background-position":"center center","background-size":"auto","background-attachment":"scroll","background-type":"","background-media":"","overlay-type":"","overlay-color":"","overlay-gradient":""},"tablet":{"background-color":"","background-image":"","background-repeat":"repeat","background-position":"center center","background-size":"auto","background-attachment":"scroll","background-type":"","background-media":"","overlay-type":"","overlay-color":"","overlay-gradient":""},"mobile":{"background-color":"","background-image":"","background-repeat":"repeat","background-position":"center center","background-size":"auto","background-attachment":"scroll","background-type":"","background-media":"","overlay-type":"","overlay-color":"","overlay-gradient":""}},"ast-content-background-meta":{"desktop":{"background-color":"var(--ast-global-color-5)","background-image":"","background-repeat":"repeat","background-position":"center center","background-size":"auto","background-attachment":"scroll","background-type":"","background-media":"","overlay-type":"","overlay-color":"","overlay-gradient":""},"tablet":{"background-color":"var(--ast-global-color-5)","background-image":"","background-repeat":"repeat","background-position":"center center","background-size":"auto","background-attachment":"scroll","background-type":"","background-media":"","overlay-type":"","overlay-color":"","overlay-gradient":""},"mobile":{"background-color":"var(--ast-global-color-5)","background-image":"","background-repeat":"repeat","background-position":"center center","background-size":"auto","background-attachment":"scroll","background-type":"","background-media":"","overlay-type":"","overlay-color":"","overlay-gradient":""}},"ngg_post_thumbnail":0,"footnotes":""},"yoast_head":"<!-- This site is optimized with the Yoast SEO plugin v23.0 - https:\/\/yoast.com\/wordpress\/plugins\/seo\/ -->\n<title>Turismo de Zamora , Turismo Sostenible<\/title>\n<meta name=\"description\" content=\"Esta es la p\u00e1gina Oficial de Turismo de Diputaci\u00f3n de Zamora, donde podr\u00e1 encontrar toda la informaci\u00f3n para disfrutar al m\u00e1ximo de nuestra provincia.\" \/>\n<meta name=\"robots\" content=\"index, follow, max-snippet:-1, max-image-preview:large, max-video-preview:-1\" \/>\n<link rel=\"canonical\" href=\"https:\/\/turismoenzamora.es\/servicios-turisticos\/informacion-turistica\/horarios-de-apertura\/horarios-de-apertura-por-la-provincia\/\" \/>\n<meta property=\"og:locale\" content=\"de_DE\" \/>\n<meta property=\"og:type\" content=\"article\" \/>\n<meta property=\"og:title\" content=\"Turismo de Zamora , Turismo Sostenible\" \/>\n<meta property=\"og:description\" content=\"Esta es la p\u00e1gina Oficial de Turismo de Diputaci\u00f3n de Zamora, donde podr\u00e1 encontrar toda la informaci\u00f3n para disfrutar al m\u00e1ximo de nuestra provincia.\" \/>\n<meta property=\"og:url\" content=\"https:\/\/turismoenzamora.es\/servicios-turisticos\/informacion-turistica\/horarios-de-apertura\/horarios-de-apertura-por-la-provincia\/\" \/>\n<meta property=\"og:site_name\" content=\"Tourismus in Zamora\" \/>\n<meta property=\"article:publisher\" content=\"https:\/\/www.facebook.com\/ZamoraSpain\/\" \/>\n<meta property=\"article:modified_time\" content=\"2026-03-27T13:48:11+00:00\" \/>\n<meta name=\"twitter:card\" content=\"summary_large_image\" \/>\n<meta name=\"twitter:site\" content=\"@ZamoraSpain\" \/>\n<meta name=\"twitter:label1\" content=\"Gesch\u00e4tzte Lesezeit\" \/>\n\t<meta name=\"twitter:data1\" content=\"46 Minuten\" \/>\n<script type=\"application\/ld+json\" class=\"yoast-schema-graph\">{\"@context\":\"https:\/\/schema.org\",\"@graph\":[{\"@type\":\"WebPage\",\"@id\":\"https:\/\/turismoenzamora.es\/servicios-turisticos\/informacion-turistica\/horarios-de-apertura\/horarios-de-apertura-por-la-provincia\/\",\"url\":\"https:\/\/turismoenzamora.es\/servicios-turisticos\/informacion-turistica\/horarios-de-apertura\/horarios-de-apertura-por-la-provincia\/\",\"name\":\"Turismo de Zamora , Turismo Sostenible\",\"isPartOf\":{\"@id\":\"https:\/\/turismoenzamora.es\/pt\/#website\"},\"datePublished\":\"2017-08-18T06:31:31+00:00\",\"dateModified\":\"2026-03-27T13:48:11+00:00\",\"description\":\"Esta es la p\u00e1gina Oficial de Turismo de Diputaci\u00f3n de Zamora, donde podr\u00e1 encontrar toda la informaci\u00f3n para disfrutar al m\u00e1ximo de nuestra provincia.\",\"breadcrumb\":{\"@id\":\"https:\/\/turismoenzamora.es\/servicios-turisticos\/informacion-turistica\/horarios-de-apertura\/horarios-de-apertura-por-la-provincia\/#breadcrumb\"},\"inLanguage\":\"de-DE\",\"potentialAction\":[{\"@type\":\"ReadAction\",\"target\":[\"https:\/\/turismoenzamora.es\/servicios-turisticos\/informacion-turistica\/horarios-de-apertura\/horarios-de-apertura-por-la-provincia\/\"]}]},{\"@type\":\"BreadcrumbList\",\"@id\":\"https:\/\/turismoenzamora.es\/servicios-turisticos\/informacion-turistica\/horarios-de-apertura\/horarios-de-apertura-por-la-provincia\/#breadcrumb\",\"itemListElement\":[{\"@type\":\"ListItem\",\"position\":1,\"name\":\"Portada\",\"item\":\"https:\/\/turismoenzamora.es\/\"},{\"@type\":\"ListItem\",\"position\":2,\"name\":\"Servicios Tur\u00edsticos\",\"item\":\"https:\/\/turismoenzamora.es\/fr\/servicios-turisticos\/\"},{\"@type\":\"ListItem\",\"position\":3,\"name\":\"Informations touristiques\",\"item\":\"https:\/\/turismoenzamora.es\/fr\/servicios-turisticos\/informacion-turistica\/\"},{\"@type\":\"ListItem\",\"position\":4,\"name\":\"Horarios de apertura\",\"item\":\"https:\/\/turismoenzamora.es\/servicios-turisticos\/informacion-turistica\/horarios-de-apertura\/\"},{\"@type\":\"ListItem\",\"position\":5,\"name\":\"[:es]Horarios de apertura por la Provincia[:en]Provincia[:fr]Provincia[:pt]Provincia[:de]Provincia[:]\"}]},{\"@type\":\"WebSite\",\"@id\":\"https:\/\/turismoenzamora.es\/pt\/#website\",\"url\":\"https:\/\/turismoenzamora.es\/pt\/\",\"name\":\"Turismo sostenible. Patronato de Turismo de la Diputaci\u00f3n de Zamora.&quot;Turismo Sostenible&quot;.\",\"description\":\"Nachhaltiger Tourismus Tourismusverband der Diputaci\u00f3n de Zamora\",\"publisher\":{\"@id\":\"https:\/\/turismoenzamora.es\/pt\/#organization\"},\"potentialAction\":[{\"@type\":\"SearchAction\",\"target\":{\"@type\":\"EntryPoint\",\"urlTemplate\":\"https:\/\/turismoenzamora.es\/pt\/?s={search_term_string}\"},\"query-input\":\"required name=search_term_string\"}],\"inLanguage\":\"de-DE\"},{\"@type\":\"Organization\",\"@id\":\"https:\/\/turismoenzamora.es\/pt\/#organization\",\"name\":\"Patronato de Turismo de la Diputaci\u00f3n de Zamora\",\"url\":\"https:\/\/turismoenzamora.es\/pt\/\",\"logo\":{\"@type\":\"ImageObject\",\"inLanguage\":\"de-DE\",\"@id\":\"https:\/\/turismoenzamora.es\/pt\/#\/schema\/logo\/image\/\",\"url\":\"https:\/\/turismoenzamora.es\/wp-content\/uploads\/2018\/06\/ZamoraLogo.png\",\"contentUrl\":\"https:\/\/turismoenzamora.es\/wp-content\/uploads\/2018\/06\/ZamoraLogo.png\",\"width\":1276,\"height\":290,\"caption\":\"Patronato de Turismo de la Diputaci\u00f3n de Zamora\"},\"image\":{\"@id\":\"https:\/\/turismoenzamora.es\/pt\/#\/schema\/logo\/image\/\"},\"sameAs\":[\"https:\/\/www.facebook.com\/ZamoraSpain\/\",\"https:\/\/x.com\/ZamoraSpain\",\"https:\/\/www.instagram.com\/turismoenzamora.es\/\",\"https:\/\/www.pinterest.es\/TurismoenZamora\/\",\"https:\/\/www.youtube.com\/channel\/UC2bOyOZ-2cLm-uXlBFYUV9w\"]}]}<\/script>\n<!-- \/ Yoast SEO plugin. -->","yoast_head_json":{"title":"Turismo de Zamora , Turismo Sostenible","description":"Esta es la p\u00e1gina Oficial de Turismo de Diputaci\u00f3n de Zamora, donde podr\u00e1 encontrar toda la informaci\u00f3n para disfrutar al m\u00e1ximo de nuestra provincia.","robots":{"index":"index","follow":"follow","max-snippet":"max-snippet:-1","max-image-preview":"max-image-preview:large","max-video-preview":"max-video-preview:-1"},"canonical":"https:\/\/turismoenzamora.es\/servicios-turisticos\/informacion-turistica\/horarios-de-apertura\/horarios-de-apertura-por-la-provincia\/","og_locale":"de_DE","og_type":"article","og_title":"Turismo de Zamora , Turismo Sostenible","og_description":"Esta es la p\u00e1gina Oficial de Turismo de Diputaci\u00f3n de Zamora, donde podr\u00e1 encontrar toda la informaci\u00f3n para disfrutar al m\u00e1ximo de nuestra provincia.","og_url":"https:\/\/turismoenzamora.es\/servicios-turisticos\/informacion-turistica\/horarios-de-apertura\/horarios-de-apertura-por-la-provincia\/","og_site_name":"Tourismus in Zamora","article_publisher":"https:\/\/www.facebook.com\/ZamoraSpain\/","article_modified_time":"2026-03-27T13:48:11+00:00","twitter_card":"summary_large_image","twitter_site":"@ZamoraSpain","twitter_misc":{"Gesch\u00e4tzte Lesezeit":"46 Minuten"},"schema":{"@context":"https:\/\/schema.org","@graph":[{"@type":"WebPage","@id":"https:\/\/turismoenzamora.es\/servicios-turisticos\/informacion-turistica\/horarios-de-apertura\/horarios-de-apertura-por-la-provincia\/","url":"https:\/\/turismoenzamora.es\/servicios-turisticos\/informacion-turistica\/horarios-de-apertura\/horarios-de-apertura-por-la-provincia\/","name":"Turismo de Zamora , Turismo Sostenible","isPartOf":{"@id":"https:\/\/turismoenzamora.es\/pt\/#website"},"datePublished":"2017-08-18T06:31:31+00:00","dateModified":"2026-03-27T13:48:11+00:00","description":"Esta es la p\u00e1gina Oficial de Turismo de Diputaci\u00f3n de Zamora, donde podr\u00e1 encontrar toda la informaci\u00f3n para disfrutar al m\u00e1ximo de nuestra provincia.","breadcrumb":{"@id":"https:\/\/turismoenzamora.es\/servicios-turisticos\/informacion-turistica\/horarios-de-apertura\/horarios-de-apertura-por-la-provincia\/#breadcrumb"},"inLanguage":"de-DE","potentialAction":[{"@type":"ReadAction","target":["https:\/\/turismoenzamora.es\/servicios-turisticos\/informacion-turistica\/horarios-de-apertura\/horarios-de-apertura-por-la-provincia\/"]}]},{"@type":"BreadcrumbList","@id":"https:\/\/turismoenzamora.es\/servicios-turisticos\/informacion-turistica\/horarios-de-apertura\/horarios-de-apertura-por-la-provincia\/#breadcrumb","itemListElement":[{"@type":"ListItem","position":1,"name":"Portada","item":"https:\/\/turismoenzamora.es\/"},{"@type":"ListItem","position":2,"name":"Servicios Tur\u00edsticos","item":"https:\/\/turismoenzamora.es\/fr\/servicios-turisticos\/"},{"@type":"ListItem","position":3,"name":"Informations touristiques","item":"https:\/\/turismoenzamora.es\/fr\/servicios-turisticos\/informacion-turistica\/"},{"@type":"ListItem","position":4,"name":"Horarios de apertura","item":"https:\/\/turismoenzamora.es\/servicios-turisticos\/informacion-turistica\/horarios-de-apertura\/"},{"@type":"ListItem","position":5,"name":"[:es]Horarios de apertura por la Provincia[:en]Provincia[:fr]Provincia[:pt]Provincia[:de]Provincia[:]"}]},{"@type":"WebSite","@id":"https:\/\/turismoenzamora.es\/pt\/#website","url":"https:\/\/turismoenzamora.es\/pt\/","name":"Turismo sostenible. Patronato de Turismo de la Diputaci\u00f3n de Zamora.&quot;Turismo Sostenible&quot;.","description":"Nachhaltiger Tourismus Tourismusverband der Diputaci\u00f3n de Zamora","publisher":{"@id":"https:\/\/turismoenzamora.es\/pt\/#organization"},"potentialAction":[{"@type":"SearchAction","target":{"@type":"EntryPoint","urlTemplate":"https:\/\/turismoenzamora.es\/pt\/?s={search_term_string}"},"query-input":"required name=search_term_string"}],"inLanguage":"de-DE"},{"@type":"Organization","@id":"https:\/\/turismoenzamora.es\/pt\/#organization","name":"Patronato de Turismo de la Diputaci\u00f3n de Zamora","url":"https:\/\/turismoenzamora.es\/pt\/","logo":{"@type":"ImageObject","inLanguage":"de-DE","@id":"https:\/\/turismoenzamora.es\/pt\/#\/schema\/logo\/image\/","url":"https:\/\/turismoenzamora.es\/wp-content\/uploads\/2018\/06\/ZamoraLogo.png","contentUrl":"https:\/\/turismoenzamora.es\/wp-content\/uploads\/2018\/06\/ZamoraLogo.png","width":1276,"height":290,"caption":"Patronato de Turismo de la Diputaci\u00f3n de Zamora"},"image":{"@id":"https:\/\/turismoenzamora.es\/pt\/#\/schema\/logo\/image\/"},"sameAs":["https:\/\/www.facebook.com\/ZamoraSpain\/","https:\/\/x.com\/ZamoraSpain","https:\/\/www.instagram.com\/turismoenzamora.es\/","https:\/\/www.pinterest.es\/TurismoenZamora\/","https:\/\/www.youtube.com\/channel\/UC2bOyOZ-2cLm-uXlBFYUV9w"]}]}},"_links":{"self":[{"href":"https:\/\/turismoenzamora.es\/de\/wp-json\/wp\/v2\/pages\/2244"}],"collection":[{"href":"https:\/\/turismoenzamora.es\/de\/wp-json\/wp\/v2\/pages"}],"about":[{"href":"https:\/\/turismoenzamora.es\/de\/wp-json\/wp\/v2\/types\/page"}],"author":[{"embeddable":true,"href":"https:\/\/turismoenzamora.es\/de\/wp-json\/wp\/v2\/users\/1"}],"replies":[{"embeddable":true,"href":"https:\/\/turismoenzamora.es\/de\/wp-json\/wp\/v2\/comments?post=2244"}],"version-history":[{"count":0,"href":"https:\/\/turismoenzamora.es\/de\/wp-json\/wp\/v2\/pages\/2244\/revisions"}],"up":[{"embeddable":true,"href":"https:\/\/turismoenzamora.es\/de\/wp-json\/wp\/v2\/pages\/1733"}],"wp:attachment":[{"href":"https:\/\/turismoenzamora.es\/de\/wp-json\/wp\/v2\/media?parent=2244"}],"curies":[{"name":"wp","href":"https:\/\/api.w.org\/{rel}","templated":true}]}}