{"id":2240,"date":"2017-08-18T08:30:28","date_gmt":"2017-08-18T06:30:28","guid":{"rendered":"https:\/\/newweb.turismoenzamora.es\/?page_id=2240"},"modified":"2026-03-27T14:46:00","modified_gmt":"2026-03-27T13:46:00","slug":"horarios-de-apertura-por-la-capital","status":"publish","type":"page","link":"https:\/\/turismoenzamora.es\/de\/servicios-turisticos\/informacion-turistica\/horarios-de-apertura\/horarios-de-apertura-por-la-capital\/","title":{"rendered":"Capital"},"content":{"rendered":"<p><\/p>\n<h3>Museen Zamora<\/h3>\n<h2>MUSEUM VON ZAMORA<\/h2>\n<p>Plaza de Santa Luc\u00eda, 2 Tlfn: 980 516 150<br \/><strong>Juli bis September<\/strong><br \/>&#8211; Dienstag bis Samstag: 10-14 h\u00a0und 17-20 h<br \/>&#8211; Montags: geschlossen<br \/>&#8211; Sonntag und Feiertag: 10-14 h<br \/><strong>Oktober bis Juni<\/strong><br \/>&#8211; Dienstag bis Samstag: 10-14 h\u00a0und 16-19 h<br \/>&#8211; Montags: geschlossen<br \/>&#8211; Sonntag und Feiertag: 10-14 h<br \/><strong>Bemerkungen<\/strong><br \/>&#8211; Allgemeine Ticket: 1,20\u20ac<br \/>&#8211;\u00a0Samstag und Sonntag: Freier Zugang<br \/>&#8211;\u00a0Gruppen\u00a0angeordnet: Freier Zugang<\/p>\n<h2>BALTASAR LOBO MUSEUM<\/h2>\n<p>Casa de los Gigantes (Plaza de la Catedral)<br \/><strong>23. M\u00e4rz\u00a0bis September<\/strong><br \/>&#8211; Dienstag bis Sonntag: 10-14 h y 18-21 h<br \/>&#8211; Montags: geschlossen<br \/><strong>Oktober\u00a0bis 22. M\u00e4rz<\/strong><br \/>&#8211; Dienstag bis Sonntag: 10-14 h y 16-18:30 h.<br \/>&#8211; Montags: geschlossen<br \/><strong>Bemerkungen<\/strong><br \/>&#8211; Freier Zugang<\/p>\n<h2>ETHNOGRAFISCHE MUSEUM VON KASTILIEN UND LEON<\/h2>\n<p>C\/ Sacramento (Plaza de Viriato) Tlfn: 980 531 708<br \/><strong>Sommerzeit<\/strong><br \/>&#8211; Dienstag bis Sonntag: 10-14 h y 17-20 h<br \/>&#8211; Montags: geschlossen<br \/><strong>Winterzeit<\/strong><br \/>&#8211; Dienstag bis Sonntag: 10-14 h y 17-20 h<br \/>&#8211; Montags: geschlossen<br \/><strong>Bemerkungen<\/strong><br \/>&#8211; Allgemeine Ticket: 3\u20ac<br \/>&#8211; Entrada Reducida: 1\u20ac (Grupos, pensionistas y estudiantes)<br \/>&#8211; Freier Zugang: domingos por la tarde y de martes a jueves de 19 a 20 h<\/p>\n<h2>MUSEUM DER OSTERWOCHE<\/h2>\n<p>Plaza Santa Mar\u00eda La Nueva, s\/n Tlfn: 980 532 295<br \/><strong>Sommerzeit<\/strong><br \/>&#8211; De Martes a S\u00e1bados: 10-14 h y 17-20 h<br \/>&#8211; Montags: geschlossen<br \/>&#8211; Domingos y festivos: s\u00f3lo de ma\u00f1anas<br \/><strong>Winterzeit<\/strong><br \/>&#8211; De Martes a S\u00e1bados: 10-14 h y 17-20 h<br \/>&#8211; Montags: geschlossen<br \/>&#8211; Domingos y festivos: s\u00f3lo de ma\u00f1anas<br \/><strong>Bemerkungen<\/strong><br \/>&#8211; Allgemeine Ticket: 4\u20ac<br \/>&#8211; Reduzierten ticket: 2\u20ac<br \/>&#8211; Tasa para grabar: 1\u20ac<\/p>\n<h2><strong>DI\u00d6ZESANMUSEUM VON ZAMORA<\/strong><\/h2>\n<p>Iglesia de Santo Tom\u00e9<br \/><strong>\u00d6ffnungszeiten<\/strong><br \/>&#8211; Montags bis Samstag: 10-14 h\u00a0und 17-20 h<br \/>&#8211; Sonntag und Feiertag: 10-14 h<br \/><strong>Bemerkungen<\/strong><br \/>&#8211; Allgemeine Ticket: 3\u20ac<br \/>&#8211; Nur tempor\u00e4re Ausstellung: 1\u20ac<br \/>&#8211; Gruppen (+ 20 Personen), Rentner und Studenten: 2\u20ac<br \/>&#8211; Freier Zugang: Montag 17-19 hy Arbeitslose<\/p>\n<h3>Sehensw\u00fcrdigkeiten\u00a0von Zamora<\/h3>\n<h4 data-start=\"38\" data-end=\"90\"><strong data-start=\"43\" data-end=\"88\">San Ildefonso, San Cipriano, La Magdalena<\/strong><\/h4>\n<p data-start=\"91\" data-end=\"130\"><strong data-start=\"91\" data-end=\"102\">Winter:<\/strong> (15. Oktober &#8211; 13. April)<\/p>\n<ul data-start=\"131\" data-end=\"211\">\n<li data-start=\"131\" data-end=\"184\">Montag bis Samstag: 10:00 &#8211; 14:00 \/ 17:00 &#8211; 19:00<\/li>\n<li data-start=\"185\" data-end=\"211\">Sonntag: 10:00 &#8211; 14:00<\/li>\n<\/ul>\n<p data-start=\"213\" data-end=\"252\"><strong data-start=\"213\" data-end=\"224\">Sommer:<\/strong> (14. April &#8211; 14. Oktober)<\/p>\n<ul data-start=\"253\" data-end=\"333\">\n<li data-start=\"253\" data-end=\"306\">Montag bis Samstag: 10:00 &#8211; 14:00 \/ 17:00 &#8211; 20:00<\/li>\n<li data-start=\"307\" data-end=\"333\">Sonntag: 10:00 &#8211; 14:00<\/li>\n<\/ul>\n<h4 data-start=\"335\" data-end=\"421\"><strong data-start=\"340\" data-end=\"419\">San Andr\u00e9s, Santiago del Burgo, San Vicente, San Juan, Santa Mar\u00eda la Nueva<\/strong><\/h4>\n<p data-start=\"422\" data-end=\"461\"><strong data-start=\"422\" data-end=\"433\">Winter:<\/strong> (15. Oktober &#8211; 13. April)<\/p>\n<ul data-start=\"462\" data-end=\"544\">\n<li data-start=\"462\" data-end=\"517\">Dienstag bis Samstag: 10:00 &#8211; 14:00 \/ 17:00 &#8211; 19:00<\/li>\n<li data-start=\"518\" data-end=\"544\">Sonntag: 10:00 &#8211; 14:00<\/li>\n<\/ul>\n<p data-start=\"546\" data-end=\"585\"><strong data-start=\"546\" data-end=\"557\">Sommer:<\/strong> (14. April &#8211; 14. Oktober)<\/p>\n<ul data-start=\"586\" data-end=\"668\">\n<li data-start=\"586\" data-end=\"641\">Dienstag bis Samstag: 10:00 &#8211; 14:00 \/ 17:00 &#8211; 20:00<\/li>\n<li data-start=\"642\" data-end=\"668\">Sonntag: 10:00 &#8211; 14:00<\/li>\n<\/ul>\n<h4 data-start=\"670\" data-end=\"753\"><strong data-start=\"675\" data-end=\"751\">Santiago de los Caballeros, El Carmen, San Isidoro, Santa Mar\u00eda la Horta<\/strong><\/h4>\n<p data-start=\"754\" data-end=\"793\"><strong data-start=\"754\" data-end=\"765\">Winter:<\/strong> (15. Oktober &#8211; 13. April)<\/p>\n<ul data-start=\"794\" data-end=\"863\">\n<li data-start=\"794\" data-end=\"836\">Samstag: 10:00 &#8211; 14:00 \/ 17:00 &#8211; 19:00<\/li>\n<li data-start=\"837\" data-end=\"863\">Sonntag: 10:00 &#8211; 14:00<\/li>\n<\/ul>\n<p data-start=\"865\" data-end=\"940\"><strong data-start=\"865\" data-end=\"875\">Sommer<\/strong> (1. Juli &#8211; 14. Oktober) und <strong data-start=\"904\" data-end=\"914\">Ostern<\/strong> (14. April &#8211; 20. April)<\/p>\n<ul data-start=\"941\" data-end=\"1045\">\n<li data-start=\"941\" data-end=\"1006\">Dienstag, Mittwoch, Donnerstag: 10:00 &#8211; 14:00 \/ 17:00 &#8211; 20:00<\/li>\n<li data-start=\"1007\" data-end=\"1045\">Freitag und Sonntag: 10:00 &#8211; 14:00<\/li>\n<\/ul>\n<p data-start=\"1047\" data-end=\"1085\"><strong data-start=\"1047\" data-end=\"1060\">Fr\u00fchling:<\/strong> (21. April &#8211; 30. Juni)<\/p>\n<ul data-start=\"1086\" data-end=\"1155\">\n<li data-start=\"1086\" data-end=\"1128\">Samstag: 10:00 &#8211; 14:00 \/ 17:00 &#8211; 20:00<\/li>\n<li data-start=\"1129\" data-end=\"1155\">Sonntag: 10:00 &#8211; 14:00<\/li>\n<\/ul>\n<h4 data-start=\"1157\" data-end=\"1191\"><strong data-start=\"1162\" data-end=\"1189\">San Claudio de Olivares<\/strong><\/h4>\n<p data-start=\"1192\" data-end=\"1231\"><strong data-start=\"1192\" data-end=\"1203\">Winter:<\/strong> (15. Oktober &#8211; 13. April)<\/p>\n<ul data-start=\"1232\" data-end=\"1312\">\n<li data-start=\"1232\" data-end=\"1285\">Samstag und Montag: 10:00 &#8211; 14:00 \/ 17:00 &#8211; 19:00<\/li>\n<li data-start=\"1286\" data-end=\"1312\">Sonntag: 10:00 &#8211; 14:00<\/li>\n<\/ul>\n<p data-start=\"1314\" data-end=\"1389\"><strong data-start=\"1314\" data-end=\"1324\">Sommer<\/strong> (1. Juli &#8211; 14. Oktober) und <strong data-start=\"1353\" data-end=\"1363\">Ostern<\/strong> (14. April &#8211; 20. April)<\/p>\n<ul data-start=\"1390\" data-end=\"1502\">\n<li data-start=\"1390\" data-end=\"1463\">Montag, Dienstag, Mittwoch, Donnerstag: 10:00 &#8211; 14:00 \/ 17:00 &#8211; 20:00<\/li>\n<li data-start=\"1464\" data-end=\"1502\">Freitag und Sonntag: 10:00 &#8211; 14:00<\/li>\n<\/ul>\n<p data-start=\"1504\" data-end=\"1542\"><strong data-start=\"1504\" data-end=\"1517\">Fr\u00fchling:<\/strong> (21. April &#8211; 30. Juni)<\/p>\n<ul data-start=\"1543\" data-end=\"1623\" data-is-last-node=\"\">\n<li data-start=\"1543\" data-end=\"1596\">Samstag und Montag: 10:00 &#8211; 14:00 \/ 17:00 &#8211; 20:00<\/li>\n<li data-start=\"1597\" data-end=\"1623\" data-is-last-node=\"\">Sonntag: 10:00 &#8211; 14:00<\/li>\n<\/ul>\n<p><strong>Bemerkungen<\/strong><br \/>&#8211; Freier Zugang<\/p>\n<h2><strong>KATHEDRALENMUSEUM<\/strong><\/h2>\n<p><strong>10. Januar &#8211; 31. M\u00e4rz<\/strong><br \/>&#8211;\u00a010:00-14:00\u00a0und\u00a016:30-19:00 h<br \/><strong>1. April &#8211; 30. September<\/strong><br \/>&#8211;\u00a010:00-14:00\u00a0und 17:30-20:00 h<br \/><strong>1. Oktober-21. Dezember<\/strong><br \/>&#8211;\u00a010:00-14:00\u00a0und 16:30-19:00 h<br \/><strong>Bemerkungen<\/strong><br \/>&#8211; Allgemeine Ticket: 4\u20ac<br \/>&#8211; Reduzierten ticket: 2\u20ac<\/p>\n<h2>INTERPRETATION CENTER DER MITTELALTERLICHEN ST\u00c4DTE<\/h2>\n<p>&#8211; Dienstag bis Sonntag: 10-14 h\u00a0und 16-18:30 h.<br \/>&#8211; Montags: geschlossen<br \/><strong>Bemerkungen<\/strong><br \/>&#8211; Freier Zugang<br \/>&#8211; Kein Zugang befindet sich 20 Minuten vor Schlie\u00dfung erlaubt<\/p>\n<h2>ACE\u00d1AS DE OLIVARES<\/h2>\n<p>&#8211;\u00a0Dienstag bis Sonntag: 10-14 h und 17-20 h<br \/>&#8211;\u00a0Montag: geschlossen<br \/><strong>Bemerkungen<\/strong><br \/>&#8211; Freier Zugang<br \/>&#8211; Kein Zugang befindet sich 20 Minuten vor Schlie\u00dfung erlaubt<\/p>\n<h2>CASTILLO<\/h2>\n<p>&#8211; Dienstag bis Sonntag: 10:30-14 h y 18-21 h.<br \/>&#8211; Montags: geschlossen<br \/><strong>Bemerkungen<\/strong><br \/>&#8211; Freier Zugang<br \/>&#8211; Kein Zugang befindet sich 20 Minuten vor Schlie\u00dfung erlaubt<\/p>\n<p>","protected":false},"excerpt":{"rendered":"<p>Museen Zamora MUSEUM VON ZAMORA Plaza de Santa Luc\u00eda, 2 Tlfn: 980 516 150Juli bis September&#8211; Dienstag bis Samstag: 10-14 h\u00a0und 17-20 h&#8211; Montags: geschlossen&#8211; Sonntag und Feiertag: 10-14 hOktober bis Juni&#8211; Dienstag bis Samstag: 10-14 h\u00a0und 16-19 h&#8211; Montags: geschlossen&#8211; Sonntag und Feiertag: 10-14 hBemerkungen&#8211; Allgemeine Ticket: 1,20\u20ac&#8211;\u00a0Samstag und Sonntag: Freier Zugang&#8211;\u00a0Gruppen\u00a0angeordnet: Freier Zugang [&hellip;]<\/p>\n","protected":false},"author":1,"featured_media":0,"parent":1733,"menu_order":1,"comment_status":"closed","ping_status":"closed","template":"","meta":{"inline_featured_image":false,"site-sidebar-layout":"default","site-content-layout":"default","ast-site-content-layout":"default","site-content-style":"default","site-sidebar-style":"default","ast-global-header-display":"","ast-banner-title-visibility":"","ast-main-header-display":"","ast-hfb-above-header-display":"","ast-hfb-below-header-display":"","ast-hfb-mobile-header-display":"","site-post-title":"","ast-breadcrumbs-content":"","ast-featured-img":"","footer-sml-layout":"","theme-transparent-header-meta":"default","adv-header-id-meta":"","stick-header-meta":"","header-above-stick-meta":"","header-main-stick-meta":"","header-below-stick-meta":"","astra-migrate-meta-layouts":"set","ast-page-background-enabled":"default","ast-page-background-meta":{"desktop":{"background-color":"","background-image":"","background-repeat":"repeat","background-position":"center center","background-size":"auto","background-attachment":"scroll","background-type":"","background-media":"","overlay-type":"","overlay-color":"","overlay-gradient":""},"tablet":{"background-color":"","background-image":"","background-repeat":"repeat","background-position":"center center","background-size":"auto","background-attachment":"scroll","background-type":"","background-media":"","overlay-type":"","overlay-color":"","overlay-gradient":""},"mobile":{"background-color":"","background-image":"","background-repeat":"repeat","background-position":"center center","background-size":"auto","background-attachment":"scroll","background-type":"","background-media":"","overlay-type":"","overlay-color":"","overlay-gradient":""}},"ast-content-background-meta":{"desktop":{"background-color":"var(--ast-global-color-5)","background-image":"","background-repeat":"repeat","background-position":"center center","background-size":"auto","background-attachment":"scroll","background-type":"","background-media":"","overlay-type":"","overlay-color":"","overlay-gradient":""},"tablet":{"background-color":"var(--ast-global-color-5)","background-image":"","background-repeat":"repeat","background-position":"center center","background-size":"auto","background-attachment":"scroll","background-type":"","background-media":"","overlay-type":"","overlay-color":"","overlay-gradient":""},"mobile":{"background-color":"var(--ast-global-color-5)","background-image":"","background-repeat":"repeat","background-position":"center center","background-size":"auto","background-attachment":"scroll","background-type":"","background-media":"","overlay-type":"","overlay-color":"","overlay-gradient":""}},"ngg_post_thumbnail":0,"footnotes":""},"yoast_head":"<!-- This site is optimized with the Yoast SEO plugin v23.0 - https:\/\/yoast.com\/wordpress\/plugins\/seo\/ -->\n<title>Turismo de Zamora , Turismo Sostenible<\/title>\n<meta name=\"description\" content=\"Esta es la p\u00e1gina Oficial de Turismo de Diputaci\u00f3n de Zamora, donde podr\u00e1 encontrar toda la informaci\u00f3n para disfrutar al m\u00e1ximo de nuestra provincia.\" \/>\n<meta name=\"robots\" content=\"index, follow, max-snippet:-1, max-image-preview:large, max-video-preview:-1\" \/>\n<link rel=\"canonical\" href=\"https:\/\/turismoenzamora.es\/servicios-turisticos\/informacion-turistica\/horarios-de-apertura\/horarios-de-apertura-por-la-capital\/\" \/>\n<meta property=\"og:locale\" content=\"de_DE\" \/>\n<meta property=\"og:type\" content=\"article\" \/>\n<meta property=\"og:title\" content=\"Turismo de Zamora , Turismo Sostenible\" \/>\n<meta property=\"og:description\" content=\"Esta es la p\u00e1gina Oficial de Turismo de Diputaci\u00f3n de Zamora, donde podr\u00e1 encontrar toda la informaci\u00f3n para disfrutar al m\u00e1ximo de nuestra provincia.\" \/>\n<meta property=\"og:url\" content=\"https:\/\/turismoenzamora.es\/servicios-turisticos\/informacion-turistica\/horarios-de-apertura\/horarios-de-apertura-por-la-capital\/\" \/>\n<meta property=\"og:site_name\" content=\"Tourismus in Zamora\" \/>\n<meta property=\"article:publisher\" content=\"https:\/\/www.facebook.com\/ZamoraSpain\/\" \/>\n<meta property=\"article:modified_time\" content=\"2026-03-27T13:46:00+00:00\" \/>\n<meta property=\"og:image\" content=\"https:\/\/turismoenzamora.es\/wp-content\/uploads\/2023\/02\/banner-web-zamora-1-1024x1024.png\" \/>\n<meta name=\"twitter:card\" content=\"summary_large_image\" \/>\n<meta name=\"twitter:site\" content=\"@ZamoraSpain\" \/>\n<meta name=\"twitter:label1\" content=\"Gesch\u00e4tzte Lesezeit\" \/>\n\t<meta name=\"twitter:data1\" content=\"31 Minuten\" \/>\n<script type=\"application\/ld+json\" class=\"yoast-schema-graph\">{\"@context\":\"https:\/\/schema.org\",\"@graph\":[{\"@type\":\"WebPage\",\"@id\":\"https:\/\/turismoenzamora.es\/servicios-turisticos\/informacion-turistica\/horarios-de-apertura\/horarios-de-apertura-por-la-capital\/\",\"url\":\"https:\/\/turismoenzamora.es\/servicios-turisticos\/informacion-turistica\/horarios-de-apertura\/horarios-de-apertura-por-la-capital\/\",\"name\":\"Turismo de Zamora , Turismo Sostenible\",\"isPartOf\":{\"@id\":\"https:\/\/turismoenzamora.es\/pt\/#website\"},\"primaryImageOfPage\":{\"@id\":\"https:\/\/turismoenzamora.es\/servicios-turisticos\/informacion-turistica\/horarios-de-apertura\/horarios-de-apertura-por-la-capital\/#primaryimage\"},\"image\":{\"@id\":\"https:\/\/turismoenzamora.es\/servicios-turisticos\/informacion-turistica\/horarios-de-apertura\/horarios-de-apertura-por-la-capital\/#primaryimage\"},\"thumbnailUrl\":\"https:\/\/turismoenzamora.es\/wp-content\/uploads\/2023\/02\/banner-web-zamora-1-1024x1024.png\",\"datePublished\":\"2017-08-18T06:30:28+00:00\",\"dateModified\":\"2026-03-27T13:46:00+00:00\",\"description\":\"Esta es la p\u00e1gina Oficial de Turismo de Diputaci\u00f3n de Zamora, donde podr\u00e1 encontrar toda la informaci\u00f3n para disfrutar al m\u00e1ximo de nuestra provincia.\",\"breadcrumb\":{\"@id\":\"https:\/\/turismoenzamora.es\/servicios-turisticos\/informacion-turistica\/horarios-de-apertura\/horarios-de-apertura-por-la-capital\/#breadcrumb\"},\"inLanguage\":\"de-DE\",\"potentialAction\":[{\"@type\":\"ReadAction\",\"target\":[\"https:\/\/turismoenzamora.es\/servicios-turisticos\/informacion-turistica\/horarios-de-apertura\/horarios-de-apertura-por-la-capital\/\"]}]},{\"@type\":\"ImageObject\",\"inLanguage\":\"de-DE\",\"@id\":\"https:\/\/turismoenzamora.es\/servicios-turisticos\/informacion-turistica\/horarios-de-apertura\/horarios-de-apertura-por-la-capital\/#primaryimage\",\"url\":\"https:\/\/turismoenzamora.es\/wp-content\/uploads\/2023\/02\/banner-web-zamora-1-1024x1024.png\",\"contentUrl\":\"https:\/\/turismoenzamora.es\/wp-content\/uploads\/2023\/02\/banner-web-zamora-1-1024x1024.png\"},{\"@type\":\"BreadcrumbList\",\"@id\":\"https:\/\/turismoenzamora.es\/servicios-turisticos\/informacion-turistica\/horarios-de-apertura\/horarios-de-apertura-por-la-capital\/#breadcrumb\",\"itemListElement\":[{\"@type\":\"ListItem\",\"position\":1,\"name\":\"Portada\",\"item\":\"https:\/\/turismoenzamora.es\/\"},{\"@type\":\"ListItem\",\"position\":2,\"name\":\"Servicios Tur\u00edsticos\",\"item\":\"https:\/\/turismoenzamora.es\/fr\/servicios-turisticos\/\"},{\"@type\":\"ListItem\",\"position\":3,\"name\":\"Informations touristiques\",\"item\":\"https:\/\/turismoenzamora.es\/fr\/servicios-turisticos\/informacion-turistica\/\"},{\"@type\":\"ListItem\",\"position\":4,\"name\":\"Horarios de apertura\",\"item\":\"https:\/\/turismoenzamora.es\/servicios-turisticos\/informacion-turistica\/horarios-de-apertura\/\"},{\"@type\":\"ListItem\",\"position\":5,\"name\":\"[:es]Horarios de apertura por la Capital[:en]Capital[:fr]Capital[:pt]Capital[:de]Capital[:]\"}]},{\"@type\":\"WebSite\",\"@id\":\"https:\/\/turismoenzamora.es\/pt\/#website\",\"url\":\"https:\/\/turismoenzamora.es\/pt\/\",\"name\":\"Turismo sostenible. Patronato de Turismo de la Diputaci\u00f3n de Zamora.&quot;Turismo Sostenible&quot;.\",\"description\":\"Nachhaltiger Tourismus Tourismusverband der Diputaci\u00f3n de Zamora\",\"publisher\":{\"@id\":\"https:\/\/turismoenzamora.es\/pt\/#organization\"},\"potentialAction\":[{\"@type\":\"SearchAction\",\"target\":{\"@type\":\"EntryPoint\",\"urlTemplate\":\"https:\/\/turismoenzamora.es\/pt\/?s={search_term_string}\"},\"query-input\":\"required name=search_term_string\"}],\"inLanguage\":\"de-DE\"},{\"@type\":\"Organization\",\"@id\":\"https:\/\/turismoenzamora.es\/pt\/#organization\",\"name\":\"Patronato de Turismo de la Diputaci\u00f3n de Zamora\",\"url\":\"https:\/\/turismoenzamora.es\/pt\/\",\"logo\":{\"@type\":\"ImageObject\",\"inLanguage\":\"de-DE\",\"@id\":\"https:\/\/turismoenzamora.es\/pt\/#\/schema\/logo\/image\/\",\"url\":\"https:\/\/turismoenzamora.es\/wp-content\/uploads\/2018\/06\/ZamoraLogo.png\",\"contentUrl\":\"https:\/\/turismoenzamora.es\/wp-content\/uploads\/2018\/06\/ZamoraLogo.png\",\"width\":1276,\"height\":290,\"caption\":\"Patronato de Turismo de la Diputaci\u00f3n de Zamora\"},\"image\":{\"@id\":\"https:\/\/turismoenzamora.es\/pt\/#\/schema\/logo\/image\/\"},\"sameAs\":[\"https:\/\/www.facebook.com\/ZamoraSpain\/\",\"https:\/\/x.com\/ZamoraSpain\",\"https:\/\/www.instagram.com\/turismoenzamora.es\/\",\"https:\/\/www.pinterest.es\/TurismoenZamora\/\",\"https:\/\/www.youtube.com\/channel\/UC2bOyOZ-2cLm-uXlBFYUV9w\"]}]}<\/script>\n<!-- \/ Yoast SEO plugin. -->","yoast_head_json":{"title":"Turismo de Zamora , Turismo Sostenible","description":"Esta es la p\u00e1gina Oficial de Turismo de Diputaci\u00f3n de Zamora, donde podr\u00e1 encontrar toda la informaci\u00f3n para disfrutar al m\u00e1ximo de nuestra provincia.","robots":{"index":"index","follow":"follow","max-snippet":"max-snippet:-1","max-image-preview":"max-image-preview:large","max-video-preview":"max-video-preview:-1"},"canonical":"https:\/\/turismoenzamora.es\/servicios-turisticos\/informacion-turistica\/horarios-de-apertura\/horarios-de-apertura-por-la-capital\/","og_locale":"de_DE","og_type":"article","og_title":"Turismo de Zamora , Turismo Sostenible","og_description":"Esta es la p\u00e1gina Oficial de Turismo de Diputaci\u00f3n de Zamora, donde podr\u00e1 encontrar toda la informaci\u00f3n para disfrutar al m\u00e1ximo de nuestra provincia.","og_url":"https:\/\/turismoenzamora.es\/servicios-turisticos\/informacion-turistica\/horarios-de-apertura\/horarios-de-apertura-por-la-capital\/","og_site_name":"Tourismus in Zamora","article_publisher":"https:\/\/www.facebook.com\/ZamoraSpain\/","article_modified_time":"2026-03-27T13:46:00+00:00","og_image":[{"url":"https:\/\/turismoenzamora.es\/wp-content\/uploads\/2023\/02\/banner-web-zamora-1-1024x1024.png"}],"twitter_card":"summary_large_image","twitter_site":"@ZamoraSpain","twitter_misc":{"Gesch\u00e4tzte Lesezeit":"31 Minuten"},"schema":{"@context":"https:\/\/schema.org","@graph":[{"@type":"WebPage","@id":"https:\/\/turismoenzamora.es\/servicios-turisticos\/informacion-turistica\/horarios-de-apertura\/horarios-de-apertura-por-la-capital\/","url":"https:\/\/turismoenzamora.es\/servicios-turisticos\/informacion-turistica\/horarios-de-apertura\/horarios-de-apertura-por-la-capital\/","name":"Turismo de Zamora , Turismo Sostenible","isPartOf":{"@id":"https:\/\/turismoenzamora.es\/pt\/#website"},"primaryImageOfPage":{"@id":"https:\/\/turismoenzamora.es\/servicios-turisticos\/informacion-turistica\/horarios-de-apertura\/horarios-de-apertura-por-la-capital\/#primaryimage"},"image":{"@id":"https:\/\/turismoenzamora.es\/servicios-turisticos\/informacion-turistica\/horarios-de-apertura\/horarios-de-apertura-por-la-capital\/#primaryimage"},"thumbnailUrl":"https:\/\/turismoenzamora.es\/wp-content\/uploads\/2023\/02\/banner-web-zamora-1-1024x1024.png","datePublished":"2017-08-18T06:30:28+00:00","dateModified":"2026-03-27T13:46:00+00:00","description":"Esta es la p\u00e1gina Oficial de Turismo de Diputaci\u00f3n de Zamora, donde podr\u00e1 encontrar toda la informaci\u00f3n para disfrutar al m\u00e1ximo de nuestra provincia.","breadcrumb":{"@id":"https:\/\/turismoenzamora.es\/servicios-turisticos\/informacion-turistica\/horarios-de-apertura\/horarios-de-apertura-por-la-capital\/#breadcrumb"},"inLanguage":"de-DE","potentialAction":[{"@type":"ReadAction","target":["https:\/\/turismoenzamora.es\/servicios-turisticos\/informacion-turistica\/horarios-de-apertura\/horarios-de-apertura-por-la-capital\/"]}]},{"@type":"ImageObject","inLanguage":"de-DE","@id":"https:\/\/turismoenzamora.es\/servicios-turisticos\/informacion-turistica\/horarios-de-apertura\/horarios-de-apertura-por-la-capital\/#primaryimage","url":"https:\/\/turismoenzamora.es\/wp-content\/uploads\/2023\/02\/banner-web-zamora-1-1024x1024.png","contentUrl":"https:\/\/turismoenzamora.es\/wp-content\/uploads\/2023\/02\/banner-web-zamora-1-1024x1024.png"},{"@type":"BreadcrumbList","@id":"https:\/\/turismoenzamora.es\/servicios-turisticos\/informacion-turistica\/horarios-de-apertura\/horarios-de-apertura-por-la-capital\/#breadcrumb","itemListElement":[{"@type":"ListItem","position":1,"name":"Portada","item":"https:\/\/turismoenzamora.es\/"},{"@type":"ListItem","position":2,"name":"Servicios Tur\u00edsticos","item":"https:\/\/turismoenzamora.es\/fr\/servicios-turisticos\/"},{"@type":"ListItem","position":3,"name":"Informations touristiques","item":"https:\/\/turismoenzamora.es\/fr\/servicios-turisticos\/informacion-turistica\/"},{"@type":"ListItem","position":4,"name":"Horarios de apertura","item":"https:\/\/turismoenzamora.es\/servicios-turisticos\/informacion-turistica\/horarios-de-apertura\/"},{"@type":"ListItem","position":5,"name":"[:es]Horarios de apertura por la Capital[:en]Capital[:fr]Capital[:pt]Capital[:de]Capital[:]"}]},{"@type":"WebSite","@id":"https:\/\/turismoenzamora.es\/pt\/#website","url":"https:\/\/turismoenzamora.es\/pt\/","name":"Turismo sostenible. Patronato de Turismo de la Diputaci\u00f3n de Zamora.&quot;Turismo Sostenible&quot;.","description":"Nachhaltiger Tourismus Tourismusverband der Diputaci\u00f3n de Zamora","publisher":{"@id":"https:\/\/turismoenzamora.es\/pt\/#organization"},"potentialAction":[{"@type":"SearchAction","target":{"@type":"EntryPoint","urlTemplate":"https:\/\/turismoenzamora.es\/pt\/?s={search_term_string}"},"query-input":"required name=search_term_string"}],"inLanguage":"de-DE"},{"@type":"Organization","@id":"https:\/\/turismoenzamora.es\/pt\/#organization","name":"Patronato de Turismo de la Diputaci\u00f3n de Zamora","url":"https:\/\/turismoenzamora.es\/pt\/","logo":{"@type":"ImageObject","inLanguage":"de-DE","@id":"https:\/\/turismoenzamora.es\/pt\/#\/schema\/logo\/image\/","url":"https:\/\/turismoenzamora.es\/wp-content\/uploads\/2018\/06\/ZamoraLogo.png","contentUrl":"https:\/\/turismoenzamora.es\/wp-content\/uploads\/2018\/06\/ZamoraLogo.png","width":1276,"height":290,"caption":"Patronato de Turismo de la Diputaci\u00f3n de Zamora"},"image":{"@id":"https:\/\/turismoenzamora.es\/pt\/#\/schema\/logo\/image\/"},"sameAs":["https:\/\/www.facebook.com\/ZamoraSpain\/","https:\/\/x.com\/ZamoraSpain","https:\/\/www.instagram.com\/turismoenzamora.es\/","https:\/\/www.pinterest.es\/TurismoenZamora\/","https:\/\/www.youtube.com\/channel\/UC2bOyOZ-2cLm-uXlBFYUV9w"]}]}},"_links":{"self":[{"href":"https:\/\/turismoenzamora.es\/de\/wp-json\/wp\/v2\/pages\/2240"}],"collection":[{"href":"https:\/\/turismoenzamora.es\/de\/wp-json\/wp\/v2\/pages"}],"about":[{"href":"https:\/\/turismoenzamora.es\/de\/wp-json\/wp\/v2\/types\/page"}],"author":[{"embeddable":true,"href":"https:\/\/turismoenzamora.es\/de\/wp-json\/wp\/v2\/users\/1"}],"replies":[{"embeddable":true,"href":"https:\/\/turismoenzamora.es\/de\/wp-json\/wp\/v2\/comments?post=2240"}],"version-history":[{"count":0,"href":"https:\/\/turismoenzamora.es\/de\/wp-json\/wp\/v2\/pages\/2240\/revisions"}],"up":[{"embeddable":true,"href":"https:\/\/turismoenzamora.es\/de\/wp-json\/wp\/v2\/pages\/1733"}],"wp:attachment":[{"href":"https:\/\/turismoenzamora.es\/de\/wp-json\/wp\/v2\/media?parent=2240"}],"curies":[{"name":"wp","href":"https:\/\/api.w.org\/{rel}","templated":true}]}}