{"id":2167,"date":"2017-08-18T07:10:17","date_gmt":"2017-08-18T05:10:17","guid":{"rendered":"https:\/\/newweb.turismoenzamora.es\/?page_id=2167"},"modified":"2024-10-25T11:27:28","modified_gmt":"2024-10-25T09:27:28","slug":"turismo-familiar","status":"publish","type":"page","link":"https:\/\/turismoenzamora.es\/de\/turismo-experiencial\/turismo-familiar\/","title":{"rendered":"Turismo Familiar"},"content":{"rendered":"\t\t<div data-elementor-type=\"wp-page\" data-elementor-id=\"2167\" class=\"elementor elementor-2167\" data-elementor-post-type=\"page\">\n\t\t\t\t\t\t<section class=\"elementor-section elementor-top-section elementor-element elementor-element-555a101f elementor-section-boxed elementor-section-height-default elementor-section-height-default\" data-id=\"555a101f\" data-element_type=\"section\">\n\t\t\t\t\t\t<div class=\"elementor-container elementor-column-gap-default\">\n\t\t\t\t\t<div class=\"elementor-column elementor-col-100 elementor-top-column elementor-element elementor-element-3b70b157\" data-id=\"3b70b157\" data-element_type=\"column\">\n\t\t\t<div class=\"elementor-widget-wrap elementor-element-populated\">\n\t\t\t\t\t\t<div class=\"elementor-element elementor-element-44d43782 elementor-widget elementor-widget-text-editor\" data-id=\"44d43782\" data-element_type=\"widget\" data-widget_type=\"text-editor.default\">\n\t\t\t\t<div class=\"elementor-widget-container\">\n\t\t\t\t\t\t\t<p><\/p><header><h1 class=\"title\">Turismo Familiar<\/h1><\/header><div><table border=\"0\" cellspacing=\"1\" cellpadding=\"1\"><tbody><tr><td><p><strong>Centro de la Miel de Sagallos (Manzanal de Arriba)<\/strong><img decoding=\"async\" class=\"size-full wp-image-5825 alignleft\" src=\"https:\/\/turismoenzamora.es\/wp-content\/uploads\/2017\/08\/Logo_CIMiel.jpg\" alt=\"\" width=\"205\" height=\"193\" data-id=\"5825\" \/>Un centro de referencia del mundo de la apicultura para el noroeste de la pen\u00ednsula.\u00a0\u00a0\u00a0\u00a0\u00a0\u00a0\u00a0\u00a0<\/p><p>El Centro de Interpretaci\u00f3n de la Miel est\u00e1 ubicado en Sagallos, en Manzanal de Arriba (Zamora), lugar con gran tradici\u00f3n ap\u00edcola y estrat\u00e9gico, en el coraz\u00f3n de la Sierra de la Culebra, rodeado por embalses y a pocos kil\u00f3metros del Parque Natural del Lago de Sanabria.<\/p><p>Abierto de jueves a domingo de 11:00 a 14:00 horas.<\/p><p>Visitas concertadas en el tel\u00e9fono 980 625 648.<\/p><\/td><\/tr><tr><td><p><strong>Centro de Interpretaci\u00f3n del Barro de Pereruela (Pereruela de Sayago)<\/strong>\u00a0\u00a0\u00a0\u00a0\u00a0\u00a0\u00a0\u00a0<\/p><p><img decoding=\"async\" class=\"wp-image-5826 alignleft\" src=\"https:\/\/turismoenzamora.es\/wp-content\/uploads\/2017\/08\/Logo_CIBP.jpg\" alt=\"\" width=\"143\" height=\"194\" data-id=\"5826\" srcset=\"https:\/\/turismoenzamora.es\/wp-content\/uploads\/2017\/08\/Logo_CIBP.jpg 571w, https:\/\/turismoenzamora.es\/wp-content\/uploads\/2017\/08\/Logo_CIBP-221x300.jpg 221w\" sizes=\"(max-width: 143px) 100vw, 143px\" \/>Centro de Interpretaci\u00f3n que alberga una exposici\u00f3n permanente de piezas antiguas y actuales de Pereruela y de diferentes centros alfareros de Espa\u00f1a.<\/p><p>La entrada al Centro es totalmente gratuita y podr\u00e1n concertarse visitas guiadas al mismo para grupos bien a trav\u00e9s del correo electr\u00f3nico <a href=\"mailto:cib@aytopereruela.com\">cib@aytopereruela.com<\/a>\u00a0o bien en el tel\u00e9fono 980 551 003.<\/p><\/td><\/tr><\/tbody><\/table><\/div><p><\/p><p><\/p><header><h1 class=\"title\">Turismo Familiar<\/h1><\/header><div><table border=\"0\" cellspacing=\"1\" cellpadding=\"1\"><tbody><tr><td><p><strong><span style=\"color: #000000;\">Observatorio Astron\u00f3mico de Sobradillo.<\/span> <\/strong><img fetchpriority=\"high\" decoding=\"async\" class=\"wp-image-21369 size-medium alignleft\" src=\"https:\/\/turismoenzamora.es\/wp-content\/uploads\/2024\/10\/turismo-de-las-estrellas-300x300.png\" alt=\"\" width=\"300\" height=\"300\" data-id=\"5825\" srcset=\"https:\/\/turismoenzamora.es\/wp-content\/uploads\/2024\/10\/turismo-de-las-estrellas-300x300.png 300w, https:\/\/turismoenzamora.es\/wp-content\/uploads\/2024\/10\/turismo-de-las-estrellas-150x150.png 150w, https:\/\/turismoenzamora.es\/wp-content\/uploads\/2024\/10\/turismo-de-las-estrellas.png 612w\" sizes=\"(max-width: 300px) 100vw, 300px\" \/><span style=\"color: #000000;\">Sum\u00e9rgete en los misterios del cielo estrellado. En el observatorio Astron\u00f3mico de Sobradillo, vivir\u00e1s una experiencia m\u00e1gica bajo las estrellas. Guiado por un experto, exploraras constelaciones y planetas con la ayuda de un potente telescopio. Adem\u00e1s, disfrutaras de charlas astron\u00f3micas y de un entrono natural \u00fanico, que har\u00e1 de esta aventura nocturna algo inolvidable.<\/span><\/p><p><span style=\"color: #000000;\"><strong>Duraci\u00f3n de la experiencia:<\/strong><\/span><br \/><span style=\"color: #000000;\">1 hora y 30 minutos<\/span><\/p><p><span style=\"color: #000000;\"><strong>Reservas:<\/strong><\/span><br \/><span style=\"color: #000000;\">Tel\u00e9fono: 625 86 83 29<\/span><br \/><span style=\"color: #000000;\">Correo electr\u00f3nico:<\/span> <a rel=\"noopener\">info@observatoriosobradillo.es<\/a><\/p><p><span style=\"color: #000000;\"><strong>Disponibilidad:<\/strong><\/span><br \/><span style=\"color: #000000;\">Todos los viernes y s\u00e1bados durante todo el a\u00f1o (sujeto a condiciones meteorol\u00f3gicas).<\/span><\/p><p><span style=\"color: #000000;\"><strong>P\u00fablico objetivo:<\/strong><\/span><br \/><span style=\"color: #000000;\"><strong>Todos los p\u00fablicos<\/strong><\/span><\/p><p><span style=\"color: #000000;\"><strong>Incluye:<\/strong><\/span><\/p><ul><li><span style=\"color: #000000;\">Observaci\u00f3n de constelaciones y planetas.<\/span><\/li><li><span style=\"color: #000000;\">Charlas astron\u00f3micas.<\/span><\/li><li><span style=\"color: #000000;\">Entorno natural ideal para disfrutar de una noche \u00fanica.<\/span><\/li><\/ul><p><span style=\"color: #000000;\"><strong>Precio y m\u00e1s informaci\u00f3n:<\/strong><\/span><br \/><span style=\"color: #000000;\">Visita nuestra p\u00e1gina para conocer m\u00e1s detalles y realizar tu reserva online:<\/span><br \/><span style=\"color: #00ccff;\"><a style=\"color: #00ccff;\" href=\"https:\/\/observatoriosobradillo.es\/index.php\/es\/eventos\" target=\"_new\" rel=\"noopener\">https:\/\/observatoriosobradillo.es\/index.php\/es\/eventos<\/a><\/span><\/p><\/td><\/tr><\/tbody><\/table><\/div>\t\t\t\t\t\t<\/div>\n\t\t\t\t<\/div>\n\t\t\t\t\t<\/div>\n\t\t<\/div>\n\t\t\t\t\t<\/div>\n\t\t<\/section>\n\t\t\t\t<\/div>\n\t\t","protected":false},"excerpt":{"rendered":"<p>Leider ist der Eintrag nur auf Europ\u00e4isches Spanisch verf\u00fcgbar.<\/p>\n","protected":false},"author":1,"featured_media":0,"parent":1713,"menu_order":7,"comment_status":"closed","ping_status":"closed","template":"","meta":{"inline_featured_image":false,"site-sidebar-layout":"default","site-content-layout":"default","ast-site-content-layout":"","site-content-style":"default","site-sidebar-style":"default","ast-global-header-display":"","ast-banner-title-visibility":"","ast-main-header-display":"","ast-hfb-above-header-display":"","ast-hfb-below-header-display":"","ast-hfb-mobile-header-display":"","site-post-title":"","ast-breadcrumbs-content":"","ast-featured-img":"","footer-sml-layout":"","theme-transparent-header-meta":"default","adv-header-id-meta":"","stick-header-meta":"","header-above-stick-meta":"","header-main-stick-meta":"","header-below-stick-meta":"","astra-migrate-meta-layouts":"default","ast-page-background-enabled":"default","ast-page-background-meta":{"desktop":{"background-color":"","background-image":"","background-repeat":"repeat","background-position":"center center","background-size":"auto","background-attachment":"scroll","background-type":"","background-media":"","overlay-type":"","overlay-color":"","overlay-opacity":"","overlay-gradient":""},"tablet":{"background-color":"","background-image":"","background-repeat":"repeat","background-position":"center center","background-size":"auto","background-attachment":"scroll","background-type":"","background-media":"","overlay-type":"","overlay-color":"","overlay-opacity":"","overlay-gradient":""},"mobile":{"background-color":"","background-image":"","background-repeat":"repeat","background-position":"center center","background-size":"auto","background-attachment":"scroll","background-type":"","background-media":"","overlay-type":"","overlay-color":"","overlay-opacity":"","overlay-gradient":""}},"ast-content-background-meta":{"desktop":{"background-color":"var(--ast-global-color-5)","background-image":"","background-repeat":"repeat","background-position":"center center","background-size":"auto","background-attachment":"scroll","background-type":"","background-media":"","overlay-type":"","overlay-color":"","overlay-opacity":"","overlay-gradient":""},"tablet":{"background-color":"var(--ast-global-color-5)","background-image":"","background-repeat":"repeat","background-position":"center center","background-size":"auto","background-attachment":"scroll","background-type":"","background-media":"","overlay-type":"","overlay-color":"","overlay-opacity":"","overlay-gradient":""},"mobile":{"background-color":"var(--ast-global-color-5)","background-image":"","background-repeat":"repeat","background-position":"center center","background-size":"auto","background-attachment":"scroll","background-type":"","background-media":"","overlay-type":"","overlay-color":"","overlay-opacity":"","overlay-gradient":""}},"ngg_post_thumbnail":0,"footnotes":""},"yoast_head":"<!-- This site is optimized with the Yoast SEO plugin v23.0 - https:\/\/yoast.com\/wordpress\/plugins\/seo\/ -->\n<title>Turismo de Zamora , Turismo Sostenible<\/title>\n<meta name=\"description\" content=\"Esta es la p\u00e1gina Oficial de Turismo de Diputaci\u00f3n de Zamora, donde podr\u00e1 encontrar toda la informaci\u00f3n para disfrutar al m\u00e1ximo de nuestra provincia.\" \/>\n<meta name=\"robots\" content=\"index, follow, max-snippet:-1, max-image-preview:large, max-video-preview:-1\" \/>\n<link rel=\"canonical\" href=\"https:\/\/turismoenzamora.es\/turismo-experiencial\/turismo-familiar\/\" \/>\n<meta property=\"og:locale\" content=\"de_DE\" \/>\n<meta property=\"og:type\" content=\"article\" \/>\n<meta property=\"og:title\" content=\"Turismo de Zamora , Turismo Sostenible\" \/>\n<meta property=\"og:description\" content=\"Esta es la p\u00e1gina Oficial de Turismo de Diputaci\u00f3n de Zamora, donde podr\u00e1 encontrar toda la informaci\u00f3n para disfrutar al m\u00e1ximo de nuestra provincia.\" \/>\n<meta property=\"og:url\" content=\"https:\/\/turismoenzamora.es\/turismo-experiencial\/turismo-familiar\/\" \/>\n<meta property=\"og:site_name\" content=\"Tourismus in Zamora\" \/>\n<meta property=\"article:publisher\" content=\"https:\/\/www.facebook.com\/ZamoraSpain\/\" \/>\n<meta property=\"article:modified_time\" content=\"2024-10-25T09:27:28+00:00\" \/>\n<meta property=\"og:image\" content=\"https:\/\/turismoenzamora.es\/wp-content\/uploads\/2021\/11\/numarte.jpg\" \/>\n<meta name=\"twitter:card\" content=\"summary_large_image\" \/>\n<meta name=\"twitter:site\" content=\"@ZamoraSpain\" \/>\n<meta name=\"twitter:label1\" content=\"Gesch\u00e4tzte Lesezeit\" \/>\n\t<meta name=\"twitter:data1\" content=\"17 Minuten\" \/>\n<script type=\"application\/ld+json\" class=\"yoast-schema-graph\">{\"@context\":\"https:\/\/schema.org\",\"@graph\":[{\"@type\":\"WebPage\",\"@id\":\"https:\/\/turismoenzamora.es\/turismo-experiencial\/turismo-familiar\/\",\"url\":\"https:\/\/turismoenzamora.es\/turismo-experiencial\/turismo-familiar\/\",\"name\":\"Turismo de Zamora , Turismo Sostenible\",\"isPartOf\":{\"@id\":\"https:\/\/turismoenzamora.es\/pt\/#website\"},\"primaryImageOfPage\":{\"@id\":\"https:\/\/turismoenzamora.es\/turismo-experiencial\/turismo-familiar\/#primaryimage\"},\"image\":{\"@id\":\"https:\/\/turismoenzamora.es\/turismo-experiencial\/turismo-familiar\/#primaryimage\"},\"thumbnailUrl\":\"https:\/\/turismoenzamora.es\/wp-content\/uploads\/2021\/11\/numarte.jpg\",\"datePublished\":\"2017-08-18T05:10:17+00:00\",\"dateModified\":\"2024-10-25T09:27:28+00:00\",\"description\":\"Esta es la p\u00e1gina Oficial de Turismo de Diputaci\u00f3n de Zamora, donde podr\u00e1 encontrar toda la informaci\u00f3n para disfrutar al m\u00e1ximo de nuestra provincia.\",\"breadcrumb\":{\"@id\":\"https:\/\/turismoenzamora.es\/turismo-experiencial\/turismo-familiar\/#breadcrumb\"},\"inLanguage\":\"de-DE\",\"potentialAction\":[{\"@type\":\"ReadAction\",\"target\":[\"https:\/\/turismoenzamora.es\/turismo-experiencial\/turismo-familiar\/\"]}]},{\"@type\":\"ImageObject\",\"inLanguage\":\"de-DE\",\"@id\":\"https:\/\/turismoenzamora.es\/turismo-experiencial\/turismo-familiar\/#primaryimage\",\"url\":\"https:\/\/turismoenzamora.es\/wp-content\/uploads\/2021\/11\/numarte.jpg\",\"contentUrl\":\"https:\/\/turismoenzamora.es\/wp-content\/uploads\/2021\/11\/numarte.jpg\"},{\"@type\":\"BreadcrumbList\",\"@id\":\"https:\/\/turismoenzamora.es\/turismo-experiencial\/turismo-familiar\/#breadcrumb\",\"itemListElement\":[{\"@type\":\"ListItem\",\"position\":1,\"name\":\"Portada\",\"item\":\"https:\/\/turismoenzamora.es\/\"},{\"@type\":\"ListItem\",\"position\":2,\"name\":\"Turismo experiencial\",\"item\":\"https:\/\/turismoenzamora.es\/turismo-experiencial\/\"},{\"@type\":\"ListItem\",\"position\":3,\"name\":\"Turismo Familiar\"}]},{\"@type\":\"WebSite\",\"@id\":\"https:\/\/turismoenzamora.es\/pt\/#website\",\"url\":\"https:\/\/turismoenzamora.es\/pt\/\",\"name\":\"Turismo sostenible. Patronato de Turismo de la Diputaci\u00f3n de Zamora.&quot;Turismo Sostenible&quot;.\",\"description\":\"Nachhaltiger Tourismus Tourismusverband der Diputaci\u00f3n de Zamora\",\"publisher\":{\"@id\":\"https:\/\/turismoenzamora.es\/pt\/#organization\"},\"potentialAction\":[{\"@type\":\"SearchAction\",\"target\":{\"@type\":\"EntryPoint\",\"urlTemplate\":\"https:\/\/turismoenzamora.es\/pt\/?s={search_term_string}\"},\"query-input\":\"required name=search_term_string\"}],\"inLanguage\":\"de-DE\"},{\"@type\":\"Organization\",\"@id\":\"https:\/\/turismoenzamora.es\/pt\/#organization\",\"name\":\"Patronato de Turismo de la Diputaci\u00f3n de Zamora\",\"url\":\"https:\/\/turismoenzamora.es\/pt\/\",\"logo\":{\"@type\":\"ImageObject\",\"inLanguage\":\"de-DE\",\"@id\":\"https:\/\/turismoenzamora.es\/pt\/#\/schema\/logo\/image\/\",\"url\":\"https:\/\/turismoenzamora.es\/wp-content\/uploads\/2018\/06\/ZamoraLogo.png\",\"contentUrl\":\"https:\/\/turismoenzamora.es\/wp-content\/uploads\/2018\/06\/ZamoraLogo.png\",\"width\":1276,\"height\":290,\"caption\":\"Patronato de Turismo de la Diputaci\u00f3n de Zamora\"},\"image\":{\"@id\":\"https:\/\/turismoenzamora.es\/pt\/#\/schema\/logo\/image\/\"},\"sameAs\":[\"https:\/\/www.facebook.com\/ZamoraSpain\/\",\"https:\/\/x.com\/ZamoraSpain\",\"https:\/\/www.instagram.com\/turismoenzamora.es\/\",\"https:\/\/www.pinterest.es\/TurismoenZamora\/\",\"https:\/\/www.youtube.com\/channel\/UC2bOyOZ-2cLm-uXlBFYUV9w\"]}]}<\/script>\n<!-- \/ Yoast SEO plugin. -->","yoast_head_json":{"title":"Turismo de Zamora , Turismo Sostenible","description":"Esta es la p\u00e1gina Oficial de Turismo de Diputaci\u00f3n de Zamora, donde podr\u00e1 encontrar toda la informaci\u00f3n para disfrutar al m\u00e1ximo de nuestra provincia.","robots":{"index":"index","follow":"follow","max-snippet":"max-snippet:-1","max-image-preview":"max-image-preview:large","max-video-preview":"max-video-preview:-1"},"canonical":"https:\/\/turismoenzamora.es\/turismo-experiencial\/turismo-familiar\/","og_locale":"de_DE","og_type":"article","og_title":"Turismo de Zamora , Turismo Sostenible","og_description":"Esta es la p\u00e1gina Oficial de Turismo de Diputaci\u00f3n de Zamora, donde podr\u00e1 encontrar toda la informaci\u00f3n para disfrutar al m\u00e1ximo de nuestra provincia.","og_url":"https:\/\/turismoenzamora.es\/turismo-experiencial\/turismo-familiar\/","og_site_name":"Tourismus in Zamora","article_publisher":"https:\/\/www.facebook.com\/ZamoraSpain\/","article_modified_time":"2024-10-25T09:27:28+00:00","og_image":[{"url":"https:\/\/turismoenzamora.es\/wp-content\/uploads\/2021\/11\/numarte.jpg"}],"twitter_card":"summary_large_image","twitter_site":"@ZamoraSpain","twitter_misc":{"Gesch\u00e4tzte Lesezeit":"17 Minuten"},"schema":{"@context":"https:\/\/schema.org","@graph":[{"@type":"WebPage","@id":"https:\/\/turismoenzamora.es\/turismo-experiencial\/turismo-familiar\/","url":"https:\/\/turismoenzamora.es\/turismo-experiencial\/turismo-familiar\/","name":"Turismo de Zamora , Turismo Sostenible","isPartOf":{"@id":"https:\/\/turismoenzamora.es\/pt\/#website"},"primaryImageOfPage":{"@id":"https:\/\/turismoenzamora.es\/turismo-experiencial\/turismo-familiar\/#primaryimage"},"image":{"@id":"https:\/\/turismoenzamora.es\/turismo-experiencial\/turismo-familiar\/#primaryimage"},"thumbnailUrl":"https:\/\/turismoenzamora.es\/wp-content\/uploads\/2021\/11\/numarte.jpg","datePublished":"2017-08-18T05:10:17+00:00","dateModified":"2024-10-25T09:27:28+00:00","description":"Esta es la p\u00e1gina Oficial de Turismo de Diputaci\u00f3n de Zamora, donde podr\u00e1 encontrar toda la informaci\u00f3n para disfrutar al m\u00e1ximo de nuestra provincia.","breadcrumb":{"@id":"https:\/\/turismoenzamora.es\/turismo-experiencial\/turismo-familiar\/#breadcrumb"},"inLanguage":"de-DE","potentialAction":[{"@type":"ReadAction","target":["https:\/\/turismoenzamora.es\/turismo-experiencial\/turismo-familiar\/"]}]},{"@type":"ImageObject","inLanguage":"de-DE","@id":"https:\/\/turismoenzamora.es\/turismo-experiencial\/turismo-familiar\/#primaryimage","url":"https:\/\/turismoenzamora.es\/wp-content\/uploads\/2021\/11\/numarte.jpg","contentUrl":"https:\/\/turismoenzamora.es\/wp-content\/uploads\/2021\/11\/numarte.jpg"},{"@type":"BreadcrumbList","@id":"https:\/\/turismoenzamora.es\/turismo-experiencial\/turismo-familiar\/#breadcrumb","itemListElement":[{"@type":"ListItem","position":1,"name":"Portada","item":"https:\/\/turismoenzamora.es\/"},{"@type":"ListItem","position":2,"name":"Turismo experiencial","item":"https:\/\/turismoenzamora.es\/turismo-experiencial\/"},{"@type":"ListItem","position":3,"name":"Turismo Familiar"}]},{"@type":"WebSite","@id":"https:\/\/turismoenzamora.es\/pt\/#website","url":"https:\/\/turismoenzamora.es\/pt\/","name":"Turismo sostenible. Patronato de Turismo de la Diputaci\u00f3n de Zamora.&quot;Turismo Sostenible&quot;.","description":"Nachhaltiger Tourismus Tourismusverband der Diputaci\u00f3n de Zamora","publisher":{"@id":"https:\/\/turismoenzamora.es\/pt\/#organization"},"potentialAction":[{"@type":"SearchAction","target":{"@type":"EntryPoint","urlTemplate":"https:\/\/turismoenzamora.es\/pt\/?s={search_term_string}"},"query-input":"required name=search_term_string"}],"inLanguage":"de-DE"},{"@type":"Organization","@id":"https:\/\/turismoenzamora.es\/pt\/#organization","name":"Patronato de Turismo de la Diputaci\u00f3n de Zamora","url":"https:\/\/turismoenzamora.es\/pt\/","logo":{"@type":"ImageObject","inLanguage":"de-DE","@id":"https:\/\/turismoenzamora.es\/pt\/#\/schema\/logo\/image\/","url":"https:\/\/turismoenzamora.es\/wp-content\/uploads\/2018\/06\/ZamoraLogo.png","contentUrl":"https:\/\/turismoenzamora.es\/wp-content\/uploads\/2018\/06\/ZamoraLogo.png","width":1276,"height":290,"caption":"Patronato de Turismo de la Diputaci\u00f3n de Zamora"},"image":{"@id":"https:\/\/turismoenzamora.es\/pt\/#\/schema\/logo\/image\/"},"sameAs":["https:\/\/www.facebook.com\/ZamoraSpain\/","https:\/\/x.com\/ZamoraSpain","https:\/\/www.instagram.com\/turismoenzamora.es\/","https:\/\/www.pinterest.es\/TurismoenZamora\/","https:\/\/www.youtube.com\/channel\/UC2bOyOZ-2cLm-uXlBFYUV9w"]}]}},"_links":{"self":[{"href":"https:\/\/turismoenzamora.es\/de\/wp-json\/wp\/v2\/pages\/2167"}],"collection":[{"href":"https:\/\/turismoenzamora.es\/de\/wp-json\/wp\/v2\/pages"}],"about":[{"href":"https:\/\/turismoenzamora.es\/de\/wp-json\/wp\/v2\/types\/page"}],"author":[{"embeddable":true,"href":"https:\/\/turismoenzamora.es\/de\/wp-json\/wp\/v2\/users\/1"}],"replies":[{"embeddable":true,"href":"https:\/\/turismoenzamora.es\/de\/wp-json\/wp\/v2\/comments?post=2167"}],"version-history":[{"count":0,"href":"https:\/\/turismoenzamora.es\/de\/wp-json\/wp\/v2\/pages\/2167\/revisions"}],"up":[{"embeddable":true,"href":"https:\/\/turismoenzamora.es\/de\/wp-json\/wp\/v2\/pages\/1713"}],"wp:attachment":[{"href":"https:\/\/turismoenzamora.es\/de\/wp-json\/wp\/v2\/media?parent=2167"}],"curies":[{"name":"wp","href":"https:\/\/api.w.org\/{rel}","templated":true}]}}