{"id":2164,"date":"2017-08-18T07:09:37","date_gmt":"2017-08-18T05:09:37","guid":{"rendered":"https:\/\/newweb.turismoenzamora.es\/?page_id=2164"},"modified":"2022-12-13T11:14:01","modified_gmt":"2022-12-13T09:14:01","slug":"turismo-religioso","status":"publish","type":"page","link":"https:\/\/turismoenzamora.es\/de\/turismo-experiencial\/turismo-religioso\/","title":{"rendered":"Turismo Religioso"},"content":{"rendered":"<p><\/p>\n<header>\n<h1 class=\"title\">Turismo Religioso<\/h1>\n<\/header>\n<div>\n<table border=\"0\" cellspacing=\"1\" cellpadding=\"1\">\n<tbody>\n<tr>\n<td><strong>Disfuta de una experiencia \u00fanica en el Museo de la Semana Santa de Zamora<\/strong>&nbsp;<\/p>\n<p><img fetchpriority=\"high\" decoding=\"async\" class=\"wp-image-5822 alignleft\" src=\"https:\/\/turismoenzamora.es\/wp-content\/uploads\/2017\/08\/museo_semana_santa-1.jpg\" alt=\"\" width=\"343\" height=\"244\" data-id=\"5822\" srcset=\"https:\/\/turismoenzamora.es\/wp-content\/uploads\/2017\/08\/museo_semana_santa-1.jpg 480w, https:\/\/turismoenzamora.es\/wp-content\/uploads\/2017\/08\/museo_semana_santa-1-300x213.jpg 300w\" sizes=\"(max-width: 343px) 100vw, 343px\" \/>El Museo de Semana Santa, se ha constituido a lo largo de los a\u00f1os en un elemento imprescindible para el conocimiento de esta manifestaci\u00f3n religiosa pues permite al visitante no s\u00f3lo conocer a trav\u00e9s de las im\u00e1genes en \u00e9l expuestas las emociones de los rituales, sino tambi\u00e9n revivirlos.<\/p>\n<p>Va m\u00e1s all\u00e1 de ser tan s\u00f3lo una manifestaci\u00f3n del sentimiento religioso por lo que en los a\u00f1os 60, ante la ineludible necesidad de contar con un lugar destinado a la conservaci\u00f3n y exhibici\u00f3n de las obras de imaginer\u00eda, la Junta Pro Semana Santa cre\u00f3 este Museo.<\/p>\n<p>En su interior se exhiben la mayor parte de los grupos escult\u00f3ricos que desfilan en las diferentes procesiones (37), as\u00ed como t\u00fanicas y h\u00e1bitos de las distintas cofrad\u00edas y hermandades. Cabe estacar las obras del imaginero zamorano Ram\u00f3n \u00c1lvarez y las del escultor valenciano Mariano Benlliure.<\/p>\n<p><strong>M\u00e1s informaci\u00f3n:<\/strong> tel\u00e9fono 980 532 295 o en el e-mail&nbsp; <a href=\"mailto:juntapro@semanasantadezamora.com\">juntapro@semanasantadezamora.com<\/a><\/td>\n<\/tr>\n<tr>\n<td><strong>Entrada conjunta Catedral y Museo Catedralicio de Zamora + Museo Diocesano (Iglesia de Santo Tom\u00e9)<\/strong>El <strong>Museo Catedralicio.<\/strong>&nbsp;<\/p>\n<p>&nbsp;<img decoding=\"async\" class=\"wp-image-5820 alignleft\" src=\"https:\/\/turismoenzamora.es\/wp-content\/uploads\/2017\/08\/Museo_Diocesano.jpg\" alt=\"\" width=\"342\" height=\"231\" data-id=\"5820\" srcset=\"https:\/\/turismoenzamora.es\/wp-content\/uploads\/2017\/08\/Museo_Diocesano.jpg 980w, https:\/\/turismoenzamora.es\/wp-content\/uploads\/2017\/08\/Museo_Diocesano-300x203.jpg 300w, https:\/\/turismoenzamora.es\/wp-content\/uploads\/2017\/08\/Museo_Diocesano-768x519.jpg 768w\" sizes=\"(max-width: 342px) 100vw, 342px\" \/>Fue inaugurado en 1926 con el objetivo de albergar obras procedentes tanto de la propia Catedral como de otras parroquias de la di\u00f3cesis y mostrarlas al p\u00fablico. El museo experiment\u00f3 una importante remodelaci\u00f3n con motivo de la celebraci\u00f3n de Las Edades del Hombre en 2001. Desde el 2005 la visita se realiza de forma conjunta al museo y la Catedral. Alberga los fondos como la Imagen de la Virgen con el Ni\u00f1o y San Juan, de m\u00e1rmol, atribuida a Ord\u00f3\u00f1ez. Tablas de Fernando Gallego. Cobres y copias rafaelescas.&nbsp;El principal atractivo del Museo es la colecci\u00f3n de tapices franco-flamencos de los siglos XV y XVI, compuesta por una veintena de piezas.<\/p>\n<p><img decoding=\"async\" class=\"wp-image-5823 alignright\" src=\"https:\/\/turismoenzamora.es\/wp-content\/uploads\/2017\/08\/tapiz_flamenco.jpg\" alt=\"\" width=\"342\" height=\"225\" data-id=\"5823\" srcset=\"https:\/\/turismoenzamora.es\/wp-content\/uploads\/2017\/08\/tapiz_flamenco.jpg 731w, https:\/\/turismoenzamora.es\/wp-content\/uploads\/2017\/08\/tapiz_flamenco-300x197.jpg 300w\" sizes=\"(max-width: 342px) 100vw, 342px\" \/>El <strong>Museo Diocesano de Zamora<\/strong>, inaugurado en julio de 2012, est\u00e1 situado en la iglesia rom\u00e1nica de Santo Tom\u00e9. En \u00e9l, la Di\u00f3cesis de Zamora difunde con car\u00e1cter did\u00e1ctico los contenidos m\u00e1s importantes de la fe cat\u00f3lica mediante la exposici\u00f3n permanente y temporal de obras destacadas de arte cristiano. El edificio contiene en su interior dos hermosos capiteles de principios del s XII, que representan la Adoraci\u00f3n de los Pastores y la Adoraci\u00f3n de los Magos.<\/p>\n<p><strong>M\u00e1s informaci\u00f3n:<\/strong> 980 53 06 44 (Museo Catedralicio) o 980 531 933 (Museo Diocesano)<\/td>\n<\/tr>\n<\/tbody>\n<\/table>\n<\/div>\n<p><\/p>","protected":false},"excerpt":{"rendered":"<p>Turismo Religioso Disfuta de una experiencia \u00fanica en el Museo de la Semana Santa de Zamora&nbsp; El Museo de Semana Santa, se ha constituido a lo largo de los a\u00f1os en un elemento imprescindible para el conocimiento de esta manifestaci\u00f3n religiosa pues permite al visitante no s\u00f3lo conocer a trav\u00e9s de las im\u00e1genes en \u00e9l [&hellip;]<\/p>\n","protected":false},"author":1,"featured_media":0,"parent":1713,"menu_order":6,"comment_status":"closed","ping_status":"closed","template":"","meta":{"inline_featured_image":false,"site-sidebar-layout":"default","site-content-layout":"","ast-site-content-layout":"","site-content-style":"default","site-sidebar-style":"default","ast-global-header-display":"","ast-banner-title-visibility":"","ast-main-header-display":"","ast-hfb-above-header-display":"","ast-hfb-below-header-display":"","ast-hfb-mobile-header-display":"","site-post-title":"","ast-breadcrumbs-content":"","ast-featured-img":"","footer-sml-layout":"","theme-transparent-header-meta":"","adv-header-id-meta":"","stick-header-meta":"","header-above-stick-meta":"","header-main-stick-meta":"","header-below-stick-meta":"","astra-migrate-meta-layouts":"default","ast-page-background-enabled":"default","ast-page-background-meta":{"desktop":{"background-color":"","background-image":"","background-repeat":"repeat","background-position":"center center","background-size":"auto","background-attachment":"scroll","background-type":"","background-media":"","overlay-type":"","overlay-color":"","overlay-opacity":"","overlay-gradient":""},"tablet":{"background-color":"","background-image":"","background-repeat":"repeat","background-position":"center center","background-size":"auto","background-attachment":"scroll","background-type":"","background-media":"","overlay-type":"","overlay-color":"","overlay-opacity":"","overlay-gradient":""},"mobile":{"background-color":"","background-image":"","background-repeat":"repeat","background-position":"center center","background-size":"auto","background-attachment":"scroll","background-type":"","background-media":"","overlay-type":"","overlay-color":"","overlay-opacity":"","overlay-gradient":""}},"ast-content-background-meta":{"desktop":{"background-color":"var(--ast-global-color-5)","background-image":"","background-repeat":"repeat","background-position":"center center","background-size":"auto","background-attachment":"scroll","background-type":"","background-media":"","overlay-type":"","overlay-color":"","overlay-opacity":"","overlay-gradient":""},"tablet":{"background-color":"var(--ast-global-color-5)","background-image":"","background-repeat":"repeat","background-position":"center center","background-size":"auto","background-attachment":"scroll","background-type":"","background-media":"","overlay-type":"","overlay-color":"","overlay-opacity":"","overlay-gradient":""},"mobile":{"background-color":"var(--ast-global-color-5)","background-image":"","background-repeat":"repeat","background-position":"center center","background-size":"auto","background-attachment":"scroll","background-type":"","background-media":"","overlay-type":"","overlay-color":"","overlay-opacity":"","overlay-gradient":""}},"ngg_post_thumbnail":0,"footnotes":""},"yoast_head":"<!-- This site is optimized with the Yoast SEO plugin v23.0 - https:\/\/yoast.com\/wordpress\/plugins\/seo\/ -->\n<title>Turismo de Zamora , Turismo Sostenible<\/title>\n<meta name=\"description\" content=\"Esta es la p\u00e1gina Oficial de Turismo de Diputaci\u00f3n de Zamora, donde podr\u00e1 encontrar toda la informaci\u00f3n para disfrutar al m\u00e1ximo de nuestra provincia.\" \/>\n<meta name=\"robots\" content=\"index, follow, max-snippet:-1, max-image-preview:large, max-video-preview:-1\" \/>\n<link rel=\"canonical\" href=\"https:\/\/turismoenzamora.es\/en\/turismo-experiencial\/turismo-religioso\/\" \/>\n<meta property=\"og:locale\" content=\"de_DE\" \/>\n<meta property=\"og:type\" content=\"article\" \/>\n<meta property=\"og:title\" content=\"Turismo de Zamora , Turismo Sostenible\" \/>\n<meta property=\"og:description\" content=\"Esta es la p\u00e1gina Oficial de Turismo de Diputaci\u00f3n de Zamora, donde podr\u00e1 encontrar toda la informaci\u00f3n para disfrutar al m\u00e1ximo de nuestra provincia.\" \/>\n<meta property=\"og:url\" content=\"https:\/\/turismoenzamora.es\/en\/turismo-experiencial\/turismo-religioso\/\" \/>\n<meta property=\"og:site_name\" content=\"Tourismus in Zamora\" \/>\n<meta property=\"article:publisher\" content=\"https:\/\/www.facebook.com\/ZamoraSpain\/\" \/>\n<meta property=\"article:modified_time\" content=\"2022-12-13T09:14:01+00:00\" \/>\n<meta property=\"og:image\" content=\"https:\/\/turismoenzamora.es\/wp-content\/uploads\/2017\/08\/museo_semana_santa-1.jpg\" \/>\n<meta name=\"twitter:card\" content=\"summary_large_image\" \/>\n<meta name=\"twitter:site\" content=\"@ZamoraSpain\" \/>\n<meta name=\"twitter:label1\" content=\"Gesch\u00e4tzte Lesezeit\" \/>\n\t<meta name=\"twitter:data1\" content=\"13 Minuten\" \/>\n<script type=\"application\/ld+json\" class=\"yoast-schema-graph\">{\"@context\":\"https:\/\/schema.org\",\"@graph\":[{\"@type\":\"WebPage\",\"@id\":\"https:\/\/turismoenzamora.es\/en\/turismo-experiencial\/turismo-religioso\/\",\"url\":\"https:\/\/turismoenzamora.es\/en\/turismo-experiencial\/turismo-religioso\/\",\"name\":\"Turismo de Zamora , Turismo Sostenible\",\"isPartOf\":{\"@id\":\"https:\/\/turismoenzamora.es\/pt\/#website\"},\"primaryImageOfPage\":{\"@id\":\"https:\/\/turismoenzamora.es\/en\/turismo-experiencial\/turismo-religioso\/#primaryimage\"},\"image\":{\"@id\":\"https:\/\/turismoenzamora.es\/en\/turismo-experiencial\/turismo-religioso\/#primaryimage\"},\"thumbnailUrl\":\"https:\/\/turismoenzamora.es\/wp-content\/uploads\/2017\/08\/museo_semana_santa-1.jpg\",\"datePublished\":\"2017-08-18T05:09:37+00:00\",\"dateModified\":\"2022-12-13T09:14:01+00:00\",\"description\":\"Esta es la p\u00e1gina Oficial de Turismo de Diputaci\u00f3n de Zamora, donde podr\u00e1 encontrar toda la informaci\u00f3n para disfrutar al m\u00e1ximo de nuestra provincia.\",\"breadcrumb\":{\"@id\":\"https:\/\/turismoenzamora.es\/en\/turismo-experiencial\/turismo-religioso\/#breadcrumb\"},\"inLanguage\":\"de-DE\",\"potentialAction\":[{\"@type\":\"ReadAction\",\"target\":[\"https:\/\/turismoenzamora.es\/en\/turismo-experiencial\/turismo-religioso\/\"]}]},{\"@type\":\"ImageObject\",\"inLanguage\":\"de-DE\",\"@id\":\"https:\/\/turismoenzamora.es\/en\/turismo-experiencial\/turismo-religioso\/#primaryimage\",\"url\":\"https:\/\/turismoenzamora.es\/wp-content\/uploads\/2017\/08\/museo_semana_santa-1.jpg\",\"contentUrl\":\"https:\/\/turismoenzamora.es\/wp-content\/uploads\/2017\/08\/museo_semana_santa-1.jpg\"},{\"@type\":\"BreadcrumbList\",\"@id\":\"https:\/\/turismoenzamora.es\/en\/turismo-experiencial\/turismo-religioso\/#breadcrumb\",\"itemListElement\":[{\"@type\":\"ListItem\",\"position\":1,\"name\":\"Portada\",\"item\":\"https:\/\/turismoenzamora.es\/\"},{\"@type\":\"ListItem\",\"position\":2,\"name\":\"Turismo experiencial\",\"item\":\"https:\/\/turismoenzamora.es\/turismo-experiencial\/\"},{\"@type\":\"ListItem\",\"position\":3,\"name\":\"Turismo Religioso\"}]},{\"@type\":\"WebSite\",\"@id\":\"https:\/\/turismoenzamora.es\/pt\/#website\",\"url\":\"https:\/\/turismoenzamora.es\/pt\/\",\"name\":\"Turismo sostenible. Patronato de Turismo de la Diputaci\u00f3n de Zamora.&quot;Turismo Sostenible&quot;.\",\"description\":\"Nachhaltiger Tourismus Tourismusverband der Diputaci\u00f3n de Zamora\",\"publisher\":{\"@id\":\"https:\/\/turismoenzamora.es\/pt\/#organization\"},\"potentialAction\":[{\"@type\":\"SearchAction\",\"target\":{\"@type\":\"EntryPoint\",\"urlTemplate\":\"https:\/\/turismoenzamora.es\/pt\/?s={search_term_string}\"},\"query-input\":\"required name=search_term_string\"}],\"inLanguage\":\"de-DE\"},{\"@type\":\"Organization\",\"@id\":\"https:\/\/turismoenzamora.es\/pt\/#organization\",\"name\":\"Patronato de Turismo de la Diputaci\u00f3n de Zamora\",\"url\":\"https:\/\/turismoenzamora.es\/pt\/\",\"logo\":{\"@type\":\"ImageObject\",\"inLanguage\":\"de-DE\",\"@id\":\"https:\/\/turismoenzamora.es\/pt\/#\/schema\/logo\/image\/\",\"url\":\"https:\/\/turismoenzamora.es\/wp-content\/uploads\/2018\/06\/ZamoraLogo.png\",\"contentUrl\":\"https:\/\/turismoenzamora.es\/wp-content\/uploads\/2018\/06\/ZamoraLogo.png\",\"width\":1276,\"height\":290,\"caption\":\"Patronato de Turismo de la Diputaci\u00f3n de Zamora\"},\"image\":{\"@id\":\"https:\/\/turismoenzamora.es\/pt\/#\/schema\/logo\/image\/\"},\"sameAs\":[\"https:\/\/www.facebook.com\/ZamoraSpain\/\",\"https:\/\/x.com\/ZamoraSpain\",\"https:\/\/www.instagram.com\/turismoenzamora.es\/\",\"https:\/\/www.pinterest.es\/TurismoenZamora\/\",\"https:\/\/www.youtube.com\/channel\/UC2bOyOZ-2cLm-uXlBFYUV9w\"]}]}<\/script>\n<!-- \/ Yoast SEO plugin. -->","yoast_head_json":{"title":"Turismo de Zamora , Turismo Sostenible","description":"Esta es la p\u00e1gina Oficial de Turismo de Diputaci\u00f3n de Zamora, donde podr\u00e1 encontrar toda la informaci\u00f3n para disfrutar al m\u00e1ximo de nuestra provincia.","robots":{"index":"index","follow":"follow","max-snippet":"max-snippet:-1","max-image-preview":"max-image-preview:large","max-video-preview":"max-video-preview:-1"},"canonical":"https:\/\/turismoenzamora.es\/en\/turismo-experiencial\/turismo-religioso\/","og_locale":"de_DE","og_type":"article","og_title":"Turismo de Zamora , Turismo Sostenible","og_description":"Esta es la p\u00e1gina Oficial de Turismo de Diputaci\u00f3n de Zamora, donde podr\u00e1 encontrar toda la informaci\u00f3n para disfrutar al m\u00e1ximo de nuestra provincia.","og_url":"https:\/\/turismoenzamora.es\/en\/turismo-experiencial\/turismo-religioso\/","og_site_name":"Tourismus in Zamora","article_publisher":"https:\/\/www.facebook.com\/ZamoraSpain\/","article_modified_time":"2022-12-13T09:14:01+00:00","og_image":[{"url":"https:\/\/turismoenzamora.es\/wp-content\/uploads\/2017\/08\/museo_semana_santa-1.jpg"}],"twitter_card":"summary_large_image","twitter_site":"@ZamoraSpain","twitter_misc":{"Gesch\u00e4tzte Lesezeit":"13 Minuten"},"schema":{"@context":"https:\/\/schema.org","@graph":[{"@type":"WebPage","@id":"https:\/\/turismoenzamora.es\/en\/turismo-experiencial\/turismo-religioso\/","url":"https:\/\/turismoenzamora.es\/en\/turismo-experiencial\/turismo-religioso\/","name":"Turismo de Zamora , Turismo Sostenible","isPartOf":{"@id":"https:\/\/turismoenzamora.es\/pt\/#website"},"primaryImageOfPage":{"@id":"https:\/\/turismoenzamora.es\/en\/turismo-experiencial\/turismo-religioso\/#primaryimage"},"image":{"@id":"https:\/\/turismoenzamora.es\/en\/turismo-experiencial\/turismo-religioso\/#primaryimage"},"thumbnailUrl":"https:\/\/turismoenzamora.es\/wp-content\/uploads\/2017\/08\/museo_semana_santa-1.jpg","datePublished":"2017-08-18T05:09:37+00:00","dateModified":"2022-12-13T09:14:01+00:00","description":"Esta es la p\u00e1gina Oficial de Turismo de Diputaci\u00f3n de Zamora, donde podr\u00e1 encontrar toda la informaci\u00f3n para disfrutar al m\u00e1ximo de nuestra provincia.","breadcrumb":{"@id":"https:\/\/turismoenzamora.es\/en\/turismo-experiencial\/turismo-religioso\/#breadcrumb"},"inLanguage":"de-DE","potentialAction":[{"@type":"ReadAction","target":["https:\/\/turismoenzamora.es\/en\/turismo-experiencial\/turismo-religioso\/"]}]},{"@type":"ImageObject","inLanguage":"de-DE","@id":"https:\/\/turismoenzamora.es\/en\/turismo-experiencial\/turismo-religioso\/#primaryimage","url":"https:\/\/turismoenzamora.es\/wp-content\/uploads\/2017\/08\/museo_semana_santa-1.jpg","contentUrl":"https:\/\/turismoenzamora.es\/wp-content\/uploads\/2017\/08\/museo_semana_santa-1.jpg"},{"@type":"BreadcrumbList","@id":"https:\/\/turismoenzamora.es\/en\/turismo-experiencial\/turismo-religioso\/#breadcrumb","itemListElement":[{"@type":"ListItem","position":1,"name":"Portada","item":"https:\/\/turismoenzamora.es\/"},{"@type":"ListItem","position":2,"name":"Turismo experiencial","item":"https:\/\/turismoenzamora.es\/turismo-experiencial\/"},{"@type":"ListItem","position":3,"name":"Turismo Religioso"}]},{"@type":"WebSite","@id":"https:\/\/turismoenzamora.es\/pt\/#website","url":"https:\/\/turismoenzamora.es\/pt\/","name":"Turismo sostenible. Patronato de Turismo de la Diputaci\u00f3n de Zamora.&quot;Turismo Sostenible&quot;.","description":"Nachhaltiger Tourismus Tourismusverband der Diputaci\u00f3n de Zamora","publisher":{"@id":"https:\/\/turismoenzamora.es\/pt\/#organization"},"potentialAction":[{"@type":"SearchAction","target":{"@type":"EntryPoint","urlTemplate":"https:\/\/turismoenzamora.es\/pt\/?s={search_term_string}"},"query-input":"required name=search_term_string"}],"inLanguage":"de-DE"},{"@type":"Organization","@id":"https:\/\/turismoenzamora.es\/pt\/#organization","name":"Patronato de Turismo de la Diputaci\u00f3n de Zamora","url":"https:\/\/turismoenzamora.es\/pt\/","logo":{"@type":"ImageObject","inLanguage":"de-DE","@id":"https:\/\/turismoenzamora.es\/pt\/#\/schema\/logo\/image\/","url":"https:\/\/turismoenzamora.es\/wp-content\/uploads\/2018\/06\/ZamoraLogo.png","contentUrl":"https:\/\/turismoenzamora.es\/wp-content\/uploads\/2018\/06\/ZamoraLogo.png","width":1276,"height":290,"caption":"Patronato de Turismo de la Diputaci\u00f3n de Zamora"},"image":{"@id":"https:\/\/turismoenzamora.es\/pt\/#\/schema\/logo\/image\/"},"sameAs":["https:\/\/www.facebook.com\/ZamoraSpain\/","https:\/\/x.com\/ZamoraSpain","https:\/\/www.instagram.com\/turismoenzamora.es\/","https:\/\/www.pinterest.es\/TurismoenZamora\/","https:\/\/www.youtube.com\/channel\/UC2bOyOZ-2cLm-uXlBFYUV9w"]}]}},"_links":{"self":[{"href":"https:\/\/turismoenzamora.es\/de\/wp-json\/wp\/v2\/pages\/2164"}],"collection":[{"href":"https:\/\/turismoenzamora.es\/de\/wp-json\/wp\/v2\/pages"}],"about":[{"href":"https:\/\/turismoenzamora.es\/de\/wp-json\/wp\/v2\/types\/page"}],"author":[{"embeddable":true,"href":"https:\/\/turismoenzamora.es\/de\/wp-json\/wp\/v2\/users\/1"}],"replies":[{"embeddable":true,"href":"https:\/\/turismoenzamora.es\/de\/wp-json\/wp\/v2\/comments?post=2164"}],"version-history":[{"count":0,"href":"https:\/\/turismoenzamora.es\/de\/wp-json\/wp\/v2\/pages\/2164\/revisions"}],"up":[{"embeddable":true,"href":"https:\/\/turismoenzamora.es\/de\/wp-json\/wp\/v2\/pages\/1713"}],"wp:attachment":[{"href":"https:\/\/turismoenzamora.es\/de\/wp-json\/wp\/v2\/media?parent=2164"}],"curies":[{"name":"wp","href":"https:\/\/api.w.org\/{rel}","templated":true}]}}