{"id":2149,"date":"2017-08-18T07:06:25","date_gmt":"2017-08-18T05:06:25","guid":{"rendered":"https:\/\/newweb.turismoenzamora.es\/?page_id=2149"},"modified":"2023-01-09T12:36:07","modified_gmt":"2023-01-09T10:36:07","slug":"ecoturismo","status":"publish","type":"page","link":"https:\/\/turismoenzamora.es\/de\/turismo-experiencial\/ecoturismo\/","title":{"rendered":"Ecoturismo"},"content":{"rendered":"<p><\/p>\n<header>\n<h1 class=\"title\">Ecoturismo<\/h1>\n<\/header>\n<div>\n<table border=\"0\" cellspacing=\"1\" cellpadding=\"1\" align=\"left\">\n<tbody>\n<tr>\n<td><strong>Tras la huella del lobo&nbsp;<\/strong>&nbsp;&nbsp;&nbsp;&nbsp;&nbsp;&nbsp;&nbsp;&nbsp;&nbsp;&nbsp;&nbsp;&nbsp;&nbsp;&nbsp;&nbsp;&nbsp;&nbsp;&nbsp;&nbsp;&nbsp;&nbsp;&nbsp;&nbsp;&nbsp;&nbsp;&nbsp;&nbsp;&nbsp;&nbsp;&nbsp;&nbsp;&nbsp;&nbsp;&nbsp;&nbsp;&nbsp;&nbsp;&nbsp;&nbsp;&nbsp;&nbsp;&nbsp;&nbsp;&nbsp;&nbsp;&nbsp;<\/p>\n<p>Abril a Junio de 2017<\/p>\n<p><img loading=\"lazy\" decoding=\"async\" class=\"wp-image-5794 alignleft\" src=\"https:\/\/turismoenzamora.es\/wp-content\/uploads\/2017\/08\/LOBO_AHERCA.jpg\" alt=\"\" width=\"342\" height=\"192\" data-id=\"5794\" srcset=\"https:\/\/turismoenzamora.es\/wp-content\/uploads\/2017\/08\/LOBO_AHERCA.jpg 826w, https:\/\/turismoenzamora.es\/wp-content\/uploads\/2017\/08\/LOBO_AHERCA-300x169.jpg 300w, https:\/\/turismoenzamora.es\/wp-content\/uploads\/2017\/08\/LOBO_AHERCA-768x431.jpg 768w, https:\/\/turismoenzamora.es\/wp-content\/uploads\/2017\/08\/LOBO_AHERCA-355x200.jpg 355w\" sizes=\"(max-width: 342px) 100vw, 342px\" \/>Vive una experiencia \u00fanica, observa al lobo ib\u00e9rico en total libertad, aprende a seguir su rastro, conoce a las gente que conviven con \u00e9l, los pueblos por los que campea, disfruta de unos amaneceres y atardeceres en un paraje \u00fanico, en pleno coraz\u00f3n de La Sierra de la Culebra.<\/p>\n<p>En el precio de nuestras actividades, est\u00e1 incluido siempre un telescopio por persona. En nuestras salidas guiadas contaras siempre con la ayuda de un gu\u00eda local experto en la zona, CON GRUPOS DE COMO M\u00c1XIMO 8 PERSONAS y m\u00ednimo 1 persona. El transporte a las zonas de observaci\u00f3n ser\u00e1 en veh\u00edculos 4\u00d74 autorizados. En AHERCA contamos con todos los permisos necesarios para transitar las zonas de observaci\u00f3n, siempre bajo la autorizaci\u00f3n de La Guarder\u00eda Forestal de la Reserva.<\/p>\n<p>&nbsp;<\/p>\n<p>Hacemos la actividad todos los d\u00edas de la semana, al amanecer y al atardecer. Duraci\u00f3n 3 horas aproximadamente.<br \/>\n<b>Reservas<\/b>: <a href=\"mailto:aherca@aherca.com\">aherca@aherca.com<\/a>&nbsp;o&nbsp; <a href=\"mailto:verloboiberico@gmail.com\">verloboiberico@gmail.com<\/a><\/td>\n<\/tr>\n<tr>\n<td><strong>Descubre el Centro del Lobo Ib\u00e9rico de Castilla y Le\u00f3n esta&nbsp;primavera (marzo-junio)<\/strong>&nbsp;&nbsp;&nbsp;&nbsp;&nbsp;&nbsp;&nbsp;&nbsp;&nbsp;&nbsp;&nbsp;&nbsp;&nbsp;&nbsp;&nbsp;&nbsp;&nbsp;&nbsp;&nbsp;&nbsp;&nbsp;&nbsp;&nbsp;&nbsp;&nbsp;&nbsp;&nbsp;&nbsp;&nbsp;&nbsp;&nbsp;&nbsp;&nbsp;&nbsp;&nbsp;&nbsp;&nbsp;&nbsp;&nbsp;&nbsp;&nbsp;&nbsp;&nbsp;&nbsp;&nbsp;&nbsp;<\/p>\n<p>Robledo de Sanabria (Zamora)<\/p>\n<p><img loading=\"lazy\" decoding=\"async\" class=\"size-full wp-image-5795 alignleft\" src=\"https:\/\/turismoenzamora.es\/wp-content\/uploads\/2017\/08\/logo_centro_lobo.jpg\" alt=\"\" width=\"220\" height=\"64\" data-id=\"5795\">El Centro del Lobo Ib\u00e9rico es un recurso educativo y de dinamizaci\u00f3n socioecon\u00f3mica ligado al Plan de Conservaci\u00f3n y Gesti\u00f3n del Lobo en Castilla y Le\u00f3n. Permite a sus visitantes:<br \/>\n-Disfrutar de la observaci\u00f3n de lobos ib\u00e9ricos en condiciones de semi-libertad.<br \/>\n-Conocer su interesante biolog\u00eda y ecolog\u00eda, los planes que garantizan su conservaci\u00f3n y gesti\u00f3n, y el rico patrimonio cultural derivado de su relaci\u00f3n con las poblaciones humanas.<br \/>\n-Valorar la importancia de la especie como elemento dinamizador del medio rural.<br \/>\n-Acceder a los valores y recursos tur\u00edsticos del espacio natural donde est\u00e1 ubicado.<\/p>\n<p>No te pierdas todos los secretos del lobo ib\u00e9rico!!!<\/p>\n<p>M\u00e1s informaci\u00f3n en&nbsp;<a href=\"http:\/\/www.centrodellobo.es\/\">http:\/\/www.centrodellobo.es\/<\/a><\/td>\n<\/tr>\n<tr>\n<td><strong>Escapada en Tierra de Lobos<\/strong>&nbsp;&nbsp;&nbsp;&nbsp;&nbsp;&nbsp;&nbsp;&nbsp;&nbsp;&nbsp;&nbsp;&nbsp;&nbsp;&nbsp;&nbsp;&nbsp;&nbsp;&nbsp;&nbsp;&nbsp;&nbsp;&nbsp;&nbsp;&nbsp;&nbsp;&nbsp;&nbsp;&nbsp;&nbsp;&nbsp;&nbsp;&nbsp;&nbsp;&nbsp;&nbsp;&nbsp;&nbsp;&nbsp;&nbsp;&nbsp;&nbsp;&nbsp;&nbsp;&nbsp;&nbsp;&nbsp;<\/p>\n<p>Abril a Junio de 2017<\/p>\n<p><img loading=\"lazy\" decoding=\"async\" class=\"wp-image-5793 alignleft\" src=\"https:\/\/turismoenzamora.es\/wp-content\/uploads\/2017\/08\/Foto_Aherca.jpg\" alt=\"\" width=\"342\" height=\"228\" data-id=\"5793\" srcset=\"https:\/\/turismoenzamora.es\/wp-content\/uploads\/2017\/08\/Foto_Aherca.jpg 800w, https:\/\/turismoenzamora.es\/wp-content\/uploads\/2017\/08\/Foto_Aherca-300x200.jpg 300w, https:\/\/turismoenzamora.es\/wp-content\/uploads\/2017\/08\/Foto_Aherca-768x513.jpg 768w\" sizes=\"(max-width: 342px) 100vw, 342px\" \/><\/p>\n<p>INCLUYE:<\/p>\n<p>\u2022 2 NOCHES en hotel rural, en r\u00e9gimen de Media Pensi\u00f3n (desayuno y cena men\u00fa).<br \/>\n\u2022 4 actividades: 2 esperas, 1 ruta en lancha y 1 ruta en veh\u00edculo todo terreno, todo ello para intentar observar al lobo en libertad, y la flora y fauna que habita esta sierra.<br \/>\n\u2022 Gu\u00edas especializados durante toda la duraci\u00f3n del programa.<br \/>\n\u2022 Veh\u00edculo todo terreno para los traslados a los puntos de observaci\u00f3n y la realizaci\u00f3n de las actividades.<br \/>\n\u2022 Material \u00f3ptico, telescopios y prism\u00e1ticos de alta gama para cada participante.<br \/>\n\u2022 1 camiseta lobera.<br \/>\n\u2022 1 gu\u00eda de la Sierra de la Culebra.<br \/>\n\u2022 Seguros de RC y accidentes.<\/p>\n<p><strong>Reservas:<\/strong>&nbsp; <a href=\"mailto:aherca@aherca.com\">aherca@aherca.com<\/a><\/td>\n<\/tr>\n<\/tbody>\n<\/table>\n<table border=\"0\" cellspacing=\"1\" cellpadding=\"1\">\n<tbody>\n<tr>\n<td><strong>Crucero Ambiental<\/strong>&nbsp;&nbsp;&nbsp;&nbsp;&nbsp;&nbsp;&nbsp;&nbsp;&nbsp;&nbsp;&nbsp;&nbsp;&nbsp;&nbsp;&nbsp;&nbsp;&nbsp;&nbsp;&nbsp;&nbsp;&nbsp;&nbsp;&nbsp;&nbsp;&nbsp;&nbsp;&nbsp;&nbsp;&nbsp;&nbsp;&nbsp;&nbsp;&nbsp;&nbsp;&nbsp;&nbsp;&nbsp;&nbsp;&nbsp;&nbsp;&nbsp;&nbsp;&nbsp;&nbsp;&nbsp;&nbsp;<\/p>\n<p><img loading=\"lazy\" decoding=\"async\" class=\" wp-image-5791 alignleft\" src=\"https:\/\/turismoenzamora.es\/wp-content\/uploads\/2017\/08\/Barco_Arribes.jpg\" alt=\"\" width=\"224\" height=\"335\" data-id=\"5791\" srcset=\"https:\/\/turismoenzamora.es\/wp-content\/uploads\/2017\/08\/Barco_Arribes.jpg 342w, https:\/\/turismoenzamora.es\/wp-content\/uploads\/2017\/08\/Barco_Arribes-200x300.jpg 200w\" sizes=\"(max-width: 224px) 100vw, 224px\" \/><\/p>\n<p>Arribes del Duero en&nbsp;Primavera (hasta el 21 de&nbsp;junio de 2017)<\/p>\n<p>Navegaci\u00f3n en el buque hidrogr\u00e1fico de la Estaci\u00f3n Biol\u00f3gica Internacional por el tramo vertical m\u00e1s espectacular del ca\u00f1\u00f3n. Salida y regreso desde Miranda do Douro en su frontera con Zamora. Incluye interpretaci\u00f3n ambiental, aparcamientos, acceso a zonas de ocio con degustaci\u00f3n de vinos generosos (Oporto) y exhibiciones interactivas con fauna.<\/p>\n<p>Todos los d\u00edas (*)<br \/>\n(*) Grupos concertados (m\u00edn. 20 pax)<\/p>\n<p>Todos los p\u00fablicos.<\/p>\n<p><strong>Reservas:<\/strong>&nbsp;<a href=\"http:\/\/www.europarques.com\">www.europarques.com<\/a><\/td>\n<\/tr>\n<tr>\n<td><strong>Crucero de Interpretaci\u00f3n&nbsp;&nbsp;<\/strong>&nbsp;&nbsp;&nbsp;&nbsp;&nbsp;&nbsp;&nbsp;&nbsp;&nbsp;&nbsp;&nbsp;&nbsp;&nbsp;&nbsp;&nbsp;&nbsp;&nbsp;&nbsp;&nbsp;&nbsp;&nbsp;&nbsp;&nbsp;&nbsp;&nbsp;&nbsp;&nbsp;&nbsp;&nbsp;&nbsp;&nbsp;&nbsp;&nbsp;&nbsp;&nbsp;&nbsp;&nbsp;&nbsp;&nbsp;&nbsp;&nbsp;&nbsp;&nbsp;&nbsp;&nbsp;&nbsp;<\/p>\n<p>Lago de Sanabria en&nbsp;Primavera (hasta el 21 de&nbsp;junio de 2017)<\/p>\n<p><img loading=\"lazy\" decoding=\"async\" class=\" wp-image-5792 alignleft\" src=\"https:\/\/turismoenzamora.es\/wp-content\/uploads\/2017\/08\/foto-barco-sanabria.jpg\" alt=\"\" width=\"224\" height=\"295\" data-id=\"5792\" srcset=\"https:\/\/turismoenzamora.es\/wp-content\/uploads\/2017\/08\/foto-barco-sanabria.jpg 384w, https:\/\/turismoenzamora.es\/wp-content\/uploads\/2017\/08\/foto-barco-sanabria-228x300.jpg 228w\" sizes=\"(max-width: 224px) 100vw, 224px\" \/>Navegaci\u00f3n en buque hidrogr\u00e1fico de interpretaci\u00f3n subacu\u00e1tica, interactuando en directo con los bi\u00f3logos-buceadores de la Estaci\u00f3n Biol\u00f3gica Internacional. Incluye aula tecnol\u00f3gica e\u00f3lico-solar, interpretaci\u00f3n del glaciar, visi\u00f3n subacu\u00e1tica, sonar para basilosaurus y degustaci\u00f3n de sidra sanabresa.<\/p>\n<p>Todos los d\u00edas (*)<br \/>\n(*) Grupos concertados (m\u00edn. 20 pax)<\/p>\n<p>Todos los p\u00fablicos.<\/p>\n<p><strong>Reservas:<\/strong>&nbsp;<a href=\"http:\/\/www.europarques.com\">www.europarques.com<\/a><\/td>\n<\/tr>\n<tr>\n<td><strong>Amanecer con lobos<\/strong>&nbsp;&nbsp;&nbsp;&nbsp;&nbsp;&nbsp;&nbsp;&nbsp;&nbsp;&nbsp;&nbsp;&nbsp;&nbsp;&nbsp;&nbsp;&nbsp;&nbsp;&nbsp;&nbsp;&nbsp;&nbsp;&nbsp;&nbsp;&nbsp;&nbsp;&nbsp;&nbsp;&nbsp;&nbsp;&nbsp;&nbsp;&nbsp;&nbsp;&nbsp;&nbsp;&nbsp;&nbsp;&nbsp;&nbsp;&nbsp;&nbsp;&nbsp;&nbsp;&nbsp;&nbsp;&nbsp;<\/p>\n<p>Del 1 de&nbsp;abril al 30 de&nbsp;junio de 2017<\/p>\n<p><img loading=\"lazy\" decoding=\"async\" class=\"wp-image-5789 alignleft\" src=\"https:\/\/turismoenzamora.es\/wp-content\/uploads\/2017\/08\/amanecer_con_lobos.jpg\" alt=\"\" width=\"323\" height=\"216\" data-id=\"5789\" srcset=\"https:\/\/turismoenzamora.es\/wp-content\/uploads\/2017\/08\/amanecer_con_lobos.jpg 960w, https:\/\/turismoenzamora.es\/wp-content\/uploads\/2017\/08\/amanecer_con_lobos-300x200.jpg 300w, https:\/\/turismoenzamora.es\/wp-content\/uploads\/2017\/08\/amanecer_con_lobos-768x512.jpg 768w\" sizes=\"(max-width: 323px) 100vw, 323px\" \/>Armados con potentes telescopios terrestres, realizaremos una espera al amanecer para descubrir los secretos que encierra el mundo del lobo ib\u00e9rico en la Sierra de la Culebra, y avistar la fauna que habita en su entorno.&nbsp;Completaremos la actividad con un peque\u00f1o taller de huellas y rastros y una visualizaci\u00f3n de fotograf\u00edas y v\u00eddeos de la fauna de la Sierra.<\/p>\n<p><strong>Duraci\u00f3n:<\/strong> 3 a 4 horas<\/p>\n<p>Reserva:&nbsp; <a href=\"mailto:a.naturaliste@gmail.com\">a.naturaliste@gmail.com<\/a>&nbsp;o en el&nbsp;646 560 702<\/td>\n<\/tr>\n<\/tbody>\n<\/table>\n<table border=\"0\" cellspacing=\"1\" cellpadding=\"1\">\n<tbody>\n<tr>\n<td><strong>Atrapando Momentos<\/strong>&nbsp;&nbsp;&nbsp;&nbsp;&nbsp;&nbsp;&nbsp;&nbsp;&nbsp;&nbsp;&nbsp;&nbsp;&nbsp;&nbsp;&nbsp;&nbsp;&nbsp;&nbsp;&nbsp;&nbsp;&nbsp;&nbsp;&nbsp;&nbsp;&nbsp;&nbsp;&nbsp;&nbsp;&nbsp;&nbsp;&nbsp;&nbsp;&nbsp;&nbsp;&nbsp;&nbsp;&nbsp;&nbsp;&nbsp;&nbsp;&nbsp;&nbsp;&nbsp;&nbsp;&nbsp;&nbsp;<\/p>\n<p>Del 1 de&nbsp;abril al 30 de&nbsp;junio de 2017<\/p>\n<p><img loading=\"lazy\" decoding=\"async\" class=\" wp-image-5790 alignleft\" src=\"https:\/\/turismoenzamora.es\/wp-content\/uploads\/2017\/08\/ATRAPANDO_MOMENTOS_1.jpg\" alt=\"\" width=\"333\" height=\"250\" data-id=\"5790\" srcset=\"https:\/\/turismoenzamora.es\/wp-content\/uploads\/2017\/08\/ATRAPANDO_MOMENTOS_1.jpg 650w, https:\/\/turismoenzamora.es\/wp-content\/uploads\/2017\/08\/ATRAPANDO_MOMENTOS_1-300x225.jpg 300w\" sizes=\"(max-width: 333px) 100vw, 333px\" \/><\/p>\n<p>A trav\u00e9s de esta experiencia, podremos conjugar el contacto con el entorno natural con una actividad creativa y respetuosa.&nbsp;De la mano de un experimentado fot\u00f3grafo de naturaleza aprenderemos diferentes trucos para conseguir espectaculares fotograf\u00edas e inmortalizar esos peque\u00f1os y m\u00e1gicos momentos que nos ofrece la naturaleza.<\/p>\n<p>Duraci\u00f3n: 2 a 3 horas<\/p>\n<p><strong>Lugar:<\/strong> Sierra de la Culebra<\/p>\n<p><strong>Reserva:<\/strong> <a href=\"mailto:a.naturaliste@gmail.com\">a.naturaliste@gmail.com<\/a>&nbsp;o en el&nbsp;646 560 702<\/td>\n<\/tr>\n<tr>\n<td>&nbsp;<\/td>\n<td>&nbsp;<\/td>\n<\/tr>\n<\/tbody>\n<\/table>\n<\/div>\n<p><\/p>\n<\/header>\n<p><!--more--><\/p>","protected":false},"excerpt":{"rendered":"<p>Ecoturismo Tras la huella del lobo&nbsp;&nbsp;&nbsp;&nbsp;&nbsp;&nbsp;&nbsp;&nbsp;&nbsp;&nbsp;&nbsp;&nbsp;&nbsp;&nbsp;&nbsp;&nbsp;&nbsp;&nbsp;&nbsp;&nbsp;&nbsp;&nbsp;&nbsp;&nbsp;&nbsp;&nbsp;&nbsp;&nbsp;&nbsp;&nbsp;&nbsp;&nbsp;&nbsp;&nbsp;&nbsp;&nbsp;&nbsp;&nbsp;&nbsp;&nbsp;&nbsp;&nbsp;&nbsp;&nbsp;&nbsp;&nbsp;&nbsp; Abril a Junio de 2017 Vive una experiencia \u00fanica, observa al lobo ib\u00e9rico en total libertad, aprende a seguir su rastro, conoce a las gente que conviven con \u00e9l, los pueblos por los que campea, disfruta de unos amaneceres y atardeceres en un paraje \u00fanico, en pleno coraz\u00f3n de [&hellip;]<\/p>\n","protected":false},"author":1,"featured_media":0,"parent":1713,"menu_order":2,"comment_status":"closed","ping_status":"closed","template":"","meta":{"inline_featured_image":false,"site-sidebar-layout":"default","site-content-layout":"default","ast-site-content-layout":"","site-content-style":"default","site-sidebar-style":"default","ast-global-header-display":"","ast-banner-title-visibility":"","ast-main-header-display":"","ast-hfb-above-header-display":"","ast-hfb-below-header-display":"","ast-hfb-mobile-header-display":"","site-post-title":"","ast-breadcrumbs-content":"","ast-featured-img":"","footer-sml-layout":"","theme-transparent-header-meta":"default","adv-header-id-meta":"","stick-header-meta":"","header-above-stick-meta":"","header-main-stick-meta":"","header-below-stick-meta":"","astra-migrate-meta-layouts":"default","ast-page-background-enabled":"default","ast-page-background-meta":{"desktop":{"background-color":"","background-image":"","background-repeat":"repeat","background-position":"center center","background-size":"auto","background-attachment":"scroll","background-type":"","background-media":"","overlay-type":"","overlay-color":"","overlay-opacity":"","overlay-gradient":""},"tablet":{"background-color":"","background-image":"","background-repeat":"repeat","background-position":"center center","background-size":"auto","background-attachment":"scroll","background-type":"","background-media":"","overlay-type":"","overlay-color":"","overlay-opacity":"","overlay-gradient":""},"mobile":{"background-color":"","background-image":"","background-repeat":"repeat","background-position":"center center","background-size":"auto","background-attachment":"scroll","background-type":"","background-media":"","overlay-type":"","overlay-color":"","overlay-opacity":"","overlay-gradient":""}},"ast-content-background-meta":{"desktop":{"background-color":"var(--ast-global-color-5)","background-image":"","background-repeat":"repeat","background-position":"center center","background-size":"auto","background-attachment":"scroll","background-type":"","background-media":"","overlay-type":"","overlay-color":"","overlay-opacity":"","overlay-gradient":""},"tablet":{"background-color":"var(--ast-global-color-5)","background-image":"","background-repeat":"repeat","background-position":"center center","background-size":"auto","background-attachment":"scroll","background-type":"","background-media":"","overlay-type":"","overlay-color":"","overlay-opacity":"","overlay-gradient":""},"mobile":{"background-color":"var(--ast-global-color-5)","background-image":"","background-repeat":"repeat","background-position":"center center","background-size":"auto","background-attachment":"scroll","background-type":"","background-media":"","overlay-type":"","overlay-color":"","overlay-opacity":"","overlay-gradient":""}},"ngg_post_thumbnail":0,"footnotes":""},"yoast_head":"<!-- This site is optimized with the Yoast SEO plugin v23.0 - https:\/\/yoast.com\/wordpress\/plugins\/seo\/ -->\n<title>Turismo de Zamora , Turismo Sostenible<\/title>\n<meta name=\"description\" content=\"Esta es la p\u00e1gina Oficial de Turismo de Diputaci\u00f3n de Zamora, donde podr\u00e1 encontrar toda la informaci\u00f3n para disfrutar al m\u00e1ximo de nuestra provincia.\" \/>\n<meta name=\"robots\" content=\"index, follow, max-snippet:-1, max-image-preview:large, max-video-preview:-1\" \/>\n<link rel=\"canonical\" href=\"https:\/\/turismoenzamora.es\/en\/turismo-experiencial\/ecoturismo\/\" \/>\n<meta property=\"og:locale\" content=\"de_DE\" \/>\n<meta property=\"og:type\" content=\"article\" \/>\n<meta property=\"og:title\" content=\"Turismo de Zamora , Turismo Sostenible\" \/>\n<meta property=\"og:description\" content=\"Esta es la p\u00e1gina Oficial de Turismo de Diputaci\u00f3n de Zamora, donde podr\u00e1 encontrar toda la informaci\u00f3n para disfrutar al m\u00e1ximo de nuestra provincia.\" \/>\n<meta property=\"og:url\" content=\"https:\/\/turismoenzamora.es\/en\/turismo-experiencial\/ecoturismo\/\" \/>\n<meta property=\"og:site_name\" content=\"Tourismus in Zamora\" \/>\n<meta property=\"article:publisher\" content=\"https:\/\/www.facebook.com\/ZamoraSpain\/\" \/>\n<meta property=\"article:modified_time\" content=\"2023-01-09T10:36:07+00:00\" \/>\n<meta property=\"og:image\" content=\"https:\/\/turismoenzamora.es\/wp-content\/uploads\/2023\/01\/Palomas-y-palomares.jpg\" \/>\n<meta name=\"twitter:card\" content=\"summary_large_image\" \/>\n<meta name=\"twitter:site\" content=\"@ZamoraSpain\" \/>\n<meta name=\"twitter:label1\" content=\"Gesch\u00e4tzte Lesezeit\" \/>\n\t<meta name=\"twitter:data1\" content=\"27 Minuten\" \/>\n<script type=\"application\/ld+json\" class=\"yoast-schema-graph\">{\"@context\":\"https:\/\/schema.org\",\"@graph\":[{\"@type\":\"WebPage\",\"@id\":\"https:\/\/turismoenzamora.es\/en\/turismo-experiencial\/ecoturismo\/\",\"url\":\"https:\/\/turismoenzamora.es\/en\/turismo-experiencial\/ecoturismo\/\",\"name\":\"Turismo de Zamora , Turismo Sostenible\",\"isPartOf\":{\"@id\":\"https:\/\/turismoenzamora.es\/pt\/#website\"},\"primaryImageOfPage\":{\"@id\":\"https:\/\/turismoenzamora.es\/en\/turismo-experiencial\/ecoturismo\/#primaryimage\"},\"image\":{\"@id\":\"https:\/\/turismoenzamora.es\/en\/turismo-experiencial\/ecoturismo\/#primaryimage\"},\"thumbnailUrl\":\"https:\/\/turismoenzamora.es\/wp-content\/uploads\/2023\/01\/Palomas-y-palomares.jpg\",\"datePublished\":\"2017-08-18T05:06:25+00:00\",\"dateModified\":\"2023-01-09T10:36:07+00:00\",\"description\":\"Esta es la p\u00e1gina Oficial de Turismo de Diputaci\u00f3n de Zamora, donde podr\u00e1 encontrar toda la informaci\u00f3n para disfrutar al m\u00e1ximo de nuestra provincia.\",\"breadcrumb\":{\"@id\":\"https:\/\/turismoenzamora.es\/en\/turismo-experiencial\/ecoturismo\/#breadcrumb\"},\"inLanguage\":\"de-DE\",\"potentialAction\":[{\"@type\":\"ReadAction\",\"target\":[\"https:\/\/turismoenzamora.es\/en\/turismo-experiencial\/ecoturismo\/\"]}]},{\"@type\":\"ImageObject\",\"inLanguage\":\"de-DE\",\"@id\":\"https:\/\/turismoenzamora.es\/en\/turismo-experiencial\/ecoturismo\/#primaryimage\",\"url\":\"https:\/\/turismoenzamora.es\/wp-content\/uploads\/2023\/01\/Palomas-y-palomares.jpg\",\"contentUrl\":\"https:\/\/turismoenzamora.es\/wp-content\/uploads\/2023\/01\/Palomas-y-palomares.jpg\"},{\"@type\":\"BreadcrumbList\",\"@id\":\"https:\/\/turismoenzamora.es\/en\/turismo-experiencial\/ecoturismo\/#breadcrumb\",\"itemListElement\":[{\"@type\":\"ListItem\",\"position\":1,\"name\":\"Portada\",\"item\":\"https:\/\/turismoenzamora.es\/\"},{\"@type\":\"ListItem\",\"position\":2,\"name\":\"Turismo experiencial\",\"item\":\"https:\/\/turismoenzamora.es\/turismo-experiencial\/\"},{\"@type\":\"ListItem\",\"position\":3,\"name\":\"Ecoturismo\"}]},{\"@type\":\"WebSite\",\"@id\":\"https:\/\/turismoenzamora.es\/pt\/#website\",\"url\":\"https:\/\/turismoenzamora.es\/pt\/\",\"name\":\"Turismo sostenible. Patronato de Turismo de la Diputaci\u00f3n de Zamora.&quot;Turismo Sostenible&quot;.\",\"description\":\"Nachhaltiger Tourismus Tourismusverband der Diputaci\u00f3n de Zamora\",\"publisher\":{\"@id\":\"https:\/\/turismoenzamora.es\/pt\/#organization\"},\"potentialAction\":[{\"@type\":\"SearchAction\",\"target\":{\"@type\":\"EntryPoint\",\"urlTemplate\":\"https:\/\/turismoenzamora.es\/pt\/?s={search_term_string}\"},\"query-input\":\"required name=search_term_string\"}],\"inLanguage\":\"de-DE\"},{\"@type\":\"Organization\",\"@id\":\"https:\/\/turismoenzamora.es\/pt\/#organization\",\"name\":\"Patronato de Turismo de la Diputaci\u00f3n de Zamora\",\"url\":\"https:\/\/turismoenzamora.es\/pt\/\",\"logo\":{\"@type\":\"ImageObject\",\"inLanguage\":\"de-DE\",\"@id\":\"https:\/\/turismoenzamora.es\/pt\/#\/schema\/logo\/image\/\",\"url\":\"https:\/\/turismoenzamora.es\/wp-content\/uploads\/2018\/06\/ZamoraLogo.png\",\"contentUrl\":\"https:\/\/turismoenzamora.es\/wp-content\/uploads\/2018\/06\/ZamoraLogo.png\",\"width\":1276,\"height\":290,\"caption\":\"Patronato de Turismo de la Diputaci\u00f3n de Zamora\"},\"image\":{\"@id\":\"https:\/\/turismoenzamora.es\/pt\/#\/schema\/logo\/image\/\"},\"sameAs\":[\"https:\/\/www.facebook.com\/ZamoraSpain\/\",\"https:\/\/x.com\/ZamoraSpain\",\"https:\/\/www.instagram.com\/turismoenzamora.es\/\",\"https:\/\/www.pinterest.es\/TurismoenZamora\/\",\"https:\/\/www.youtube.com\/channel\/UC2bOyOZ-2cLm-uXlBFYUV9w\"]}]}<\/script>\n<!-- \/ Yoast SEO plugin. -->","yoast_head_json":{"title":"Turismo de Zamora , Turismo Sostenible","description":"Esta es la p\u00e1gina Oficial de Turismo de Diputaci\u00f3n de Zamora, donde podr\u00e1 encontrar toda la informaci\u00f3n para disfrutar al m\u00e1ximo de nuestra provincia.","robots":{"index":"index","follow":"follow","max-snippet":"max-snippet:-1","max-image-preview":"max-image-preview:large","max-video-preview":"max-video-preview:-1"},"canonical":"https:\/\/turismoenzamora.es\/en\/turismo-experiencial\/ecoturismo\/","og_locale":"de_DE","og_type":"article","og_title":"Turismo de Zamora , Turismo Sostenible","og_description":"Esta es la p\u00e1gina Oficial de Turismo de Diputaci\u00f3n de Zamora, donde podr\u00e1 encontrar toda la informaci\u00f3n para disfrutar al m\u00e1ximo de nuestra provincia.","og_url":"https:\/\/turismoenzamora.es\/en\/turismo-experiencial\/ecoturismo\/","og_site_name":"Tourismus in Zamora","article_publisher":"https:\/\/www.facebook.com\/ZamoraSpain\/","article_modified_time":"2023-01-09T10:36:07+00:00","og_image":[{"url":"https:\/\/turismoenzamora.es\/wp-content\/uploads\/2023\/01\/Palomas-y-palomares.jpg"}],"twitter_card":"summary_large_image","twitter_site":"@ZamoraSpain","twitter_misc":{"Gesch\u00e4tzte Lesezeit":"27 Minuten"},"schema":{"@context":"https:\/\/schema.org","@graph":[{"@type":"WebPage","@id":"https:\/\/turismoenzamora.es\/en\/turismo-experiencial\/ecoturismo\/","url":"https:\/\/turismoenzamora.es\/en\/turismo-experiencial\/ecoturismo\/","name":"Turismo de Zamora , Turismo Sostenible","isPartOf":{"@id":"https:\/\/turismoenzamora.es\/pt\/#website"},"primaryImageOfPage":{"@id":"https:\/\/turismoenzamora.es\/en\/turismo-experiencial\/ecoturismo\/#primaryimage"},"image":{"@id":"https:\/\/turismoenzamora.es\/en\/turismo-experiencial\/ecoturismo\/#primaryimage"},"thumbnailUrl":"https:\/\/turismoenzamora.es\/wp-content\/uploads\/2023\/01\/Palomas-y-palomares.jpg","datePublished":"2017-08-18T05:06:25+00:00","dateModified":"2023-01-09T10:36:07+00:00","description":"Esta es la p\u00e1gina Oficial de Turismo de Diputaci\u00f3n de Zamora, donde podr\u00e1 encontrar toda la informaci\u00f3n para disfrutar al m\u00e1ximo de nuestra provincia.","breadcrumb":{"@id":"https:\/\/turismoenzamora.es\/en\/turismo-experiencial\/ecoturismo\/#breadcrumb"},"inLanguage":"de-DE","potentialAction":[{"@type":"ReadAction","target":["https:\/\/turismoenzamora.es\/en\/turismo-experiencial\/ecoturismo\/"]}]},{"@type":"ImageObject","inLanguage":"de-DE","@id":"https:\/\/turismoenzamora.es\/en\/turismo-experiencial\/ecoturismo\/#primaryimage","url":"https:\/\/turismoenzamora.es\/wp-content\/uploads\/2023\/01\/Palomas-y-palomares.jpg","contentUrl":"https:\/\/turismoenzamora.es\/wp-content\/uploads\/2023\/01\/Palomas-y-palomares.jpg"},{"@type":"BreadcrumbList","@id":"https:\/\/turismoenzamora.es\/en\/turismo-experiencial\/ecoturismo\/#breadcrumb","itemListElement":[{"@type":"ListItem","position":1,"name":"Portada","item":"https:\/\/turismoenzamora.es\/"},{"@type":"ListItem","position":2,"name":"Turismo experiencial","item":"https:\/\/turismoenzamora.es\/turismo-experiencial\/"},{"@type":"ListItem","position":3,"name":"Ecoturismo"}]},{"@type":"WebSite","@id":"https:\/\/turismoenzamora.es\/pt\/#website","url":"https:\/\/turismoenzamora.es\/pt\/","name":"Turismo sostenible. Patronato de Turismo de la Diputaci\u00f3n de Zamora.&quot;Turismo Sostenible&quot;.","description":"Nachhaltiger Tourismus Tourismusverband der Diputaci\u00f3n de Zamora","publisher":{"@id":"https:\/\/turismoenzamora.es\/pt\/#organization"},"potentialAction":[{"@type":"SearchAction","target":{"@type":"EntryPoint","urlTemplate":"https:\/\/turismoenzamora.es\/pt\/?s={search_term_string}"},"query-input":"required name=search_term_string"}],"inLanguage":"de-DE"},{"@type":"Organization","@id":"https:\/\/turismoenzamora.es\/pt\/#organization","name":"Patronato de Turismo de la Diputaci\u00f3n de Zamora","url":"https:\/\/turismoenzamora.es\/pt\/","logo":{"@type":"ImageObject","inLanguage":"de-DE","@id":"https:\/\/turismoenzamora.es\/pt\/#\/schema\/logo\/image\/","url":"https:\/\/turismoenzamora.es\/wp-content\/uploads\/2018\/06\/ZamoraLogo.png","contentUrl":"https:\/\/turismoenzamora.es\/wp-content\/uploads\/2018\/06\/ZamoraLogo.png","width":1276,"height":290,"caption":"Patronato de Turismo de la Diputaci\u00f3n de Zamora"},"image":{"@id":"https:\/\/turismoenzamora.es\/pt\/#\/schema\/logo\/image\/"},"sameAs":["https:\/\/www.facebook.com\/ZamoraSpain\/","https:\/\/x.com\/ZamoraSpain","https:\/\/www.instagram.com\/turismoenzamora.es\/","https:\/\/www.pinterest.es\/TurismoenZamora\/","https:\/\/www.youtube.com\/channel\/UC2bOyOZ-2cLm-uXlBFYUV9w"]}]}},"_links":{"self":[{"href":"https:\/\/turismoenzamora.es\/de\/wp-json\/wp\/v2\/pages\/2149"}],"collection":[{"href":"https:\/\/turismoenzamora.es\/de\/wp-json\/wp\/v2\/pages"}],"about":[{"href":"https:\/\/turismoenzamora.es\/de\/wp-json\/wp\/v2\/types\/page"}],"author":[{"embeddable":true,"href":"https:\/\/turismoenzamora.es\/de\/wp-json\/wp\/v2\/users\/1"}],"replies":[{"embeddable":true,"href":"https:\/\/turismoenzamora.es\/de\/wp-json\/wp\/v2\/comments?post=2149"}],"version-history":[{"count":0,"href":"https:\/\/turismoenzamora.es\/de\/wp-json\/wp\/v2\/pages\/2149\/revisions"}],"up":[{"embeddable":true,"href":"https:\/\/turismoenzamora.es\/de\/wp-json\/wp\/v2\/pages\/1713"}],"wp:attachment":[{"href":"https:\/\/turismoenzamora.es\/de\/wp-json\/wp\/v2\/media?parent=2149"}],"curies":[{"name":"wp","href":"https:\/\/api.w.org\/{rel}","templated":true}]}}