{"id":165,"date":"2017-08-07T11:05:09","date_gmt":"2017-08-07T09:05:09","guid":{"rendered":"https:\/\/newweb.turismoenzamora.es\/?page_id=165"},"modified":"2021-09-01T16:42:01","modified_gmt":"2021-09-01T14:42:01","slug":"zamora","status":"publish","type":"page","link":"https:\/\/turismoenzamora.es\/de\/patrimonio-artistico\/zamora\/","title":{"rendered":"Zamora"},"content":{"rendered":"<p><\/p>\n<h1>Zamora<\/h1>\n<p><img fetchpriority=\"high\" decoding=\"async\" class=\"aligncenter size-full wp-image-6901\" src=\"https:\/\/turismoenzamora.es\/wp-content\/uploads\/2017\/08\/patrimonio-art\u00edsticozamora.jpg\" alt=\"\" width=\"900\" height=\"494\" data-id=\"6901\" srcset=\"https:\/\/turismoenzamora.es\/wp-content\/uploads\/2017\/08\/patrimonio-art\u00edsticozamora.jpg 900w, https:\/\/turismoenzamora.es\/wp-content\/uploads\/2017\/08\/patrimonio-art\u00edsticozamora-300x165.jpg 300w, https:\/\/turismoenzamora.es\/wp-content\/uploads\/2017\/08\/patrimonio-art\u00edsticozamora-768x422.jpg 768w\" sizes=\"(max-width: 900px) 100vw, 900px\" \/><\/p>\n<p>Zamora erhebt sich auf einer Anh\u00f6he mit strategisch g\u00fcnstiger Lage, die im S\u00fcden durch den Fluss Duero verteidigt wird. Mitten auf der Ruta de la Plata (Weg des Silbers) gelegen, war dies der Ort des r\u00f6mischen \u201cOcellum Duri\u201d. Im Mittelalter erlangte die Provinz Zamora einige Bedeutung.<\/p>\n<p>Im XIII. Jahrhundert besa\u00df die Stadt drei mit Mauern umgebene Bereiche. Davon sind Burg, Festungst\u00fcrme, Tore und Mauerst\u00fccke erhalten, die einen sch\u00f6nen Blick \u00fcber den Duero gew\u00e4hren.<\/p>\n<p>Die Romanik: Die Provinzhauptstadt besitzt die meisten romanischen Geb\u00e4ude pro Quadratmeter in ganz Europa. Mehr als zwanzig romanische Kirchen sind in der Stadt verstreut, so dass ihr Zentrum zum k\u00fcnstlerisch-historischen Komplex erkl\u00e4rt wurde.<\/p>\n<p>Die Kathedrale aus dem XII. Jahrhundert besitzt eine Steinkuppel, die von einem Kuppelgew\u00f6lbe gehalten wird, das byzantinische Einfl\u00fcsse aufweist. Von den Originalportalen ist nur die Puerta del Obispo (Bischofsportal) erhalten. Im XII. Jahrhundert wurde ein massiver Turm mit f\u00fcnf Elementen hinzugef\u00fcgt. Im Inneren verdient das Chorgest\u00fchl aus dem XVI. Jahrhundert besondere Beachtung. Das Kathedralenmuseum besitzt eine gro\u00dfartige Sammlung&nbsp;&nbsp; fl\u00e4mischer Wandteppiche.<\/p>\n<p>Neben der Kathedrale befindet sich die Burg, die heute das Zentrum zeitgen\u00f6ssischer Kunst Baltasar Lobo beherbergt. Am Fluss befinden sich die Wasserm\u00fchle Olivares aus dem X. Jahrhundert und die Steinbr\u00fccke aus dem XIII. Jahrhundert.<\/p>\n<p>Die Stra\u00dfen R\u00faa de los Notarios (Notarstra\u00dfe) und R\u00faa de los Francos (Frankenstra\u00dfe) besitzen noch immer den Verlauf des mittelalterlichen Stadtteils, in dem die romanischen Kirchen San Pedro, San Ildefonsound La Magdalena erbaut wurden.<\/p>\n<p><img decoding=\"async\" class=\"size-medium wp-image-537 alignleft\" src=\"https:\/\/turismoenzamora.es\/wp-content\/uploads\/2017\/08\/zamora_2-300x163.jpg\" alt=\"\" width=\"300\" height=\"163\" srcset=\"https:\/\/turismoenzamora.es\/wp-content\/uploads\/2017\/08\/zamora_2-300x163.jpg 300w, https:\/\/turismoenzamora.es\/wp-content\/uploads\/2017\/08\/zamora_2-768x417.jpg 768w, https:\/\/turismoenzamora.es\/wp-content\/uploads\/2017\/08\/zamora_2-1024x555.jpg 1024w, https:\/\/turismoenzamora.es\/wp-content\/uploads\/2017\/08\/zamora_2-1920x1050.jpg 1920w, https:\/\/turismoenzamora.es\/wp-content\/uploads\/2017\/08\/zamora_2.jpg 1936w\" sizes=\"(max-width: 300px) 100vw, 300px\" \/>Auf der Plaza de Viriato, auf der sich die Skulptur von Eduardo Barr\u00f3n befindet, die dem lusitanischen Sch\u00e4fer Viriato gewidmet ist, steht der Palast Palacio de la Encarnaci\u00f3n, der im XVII. Jahrhundert erbaut wurde, und der Palast der Grafen von Alba und Alist aus dem XV. Jahrhundert, der das Parador-Hotel beherbergt. Auch hier angesiedelt ist das Museum f\u00fcr Ethnografie von Kastilien und Leon.<\/p>\n<p>Ganz in der N\u00e4he befinden sich die romanischen Kirchen San Cipriano und Santa Mar\u00eda la Nueva, die wiederum nahe des Semana Santa-Museums (Museum der Osterwoche) steht, in dem der gr\u00f6\u00dfte Teil der Skulpturgruppen ausgestellt sind, die w\u00e4hrend der Osterwoche Teil der Prozessionen sind. Ebenfalls besonders zu erw\u00e4hnen ist der Palast von Pu\u00f1oenrostro aus dem XVI. Jahrhundert und Sitz des Museums von Zamora.<\/p>\n<p>Auf der Plaza Mayor (Hauptplatz) stehen die romanische Kirche San Juan de Puerta Nueva und das alte Rathaus, das 1504 erbaut wurde. Die daneben liegende Stra\u00dfe Balborraz ist eine der malerischsten Stra\u00dfen der Stadt.<\/p>\n<p>In der Fu\u00dfg\u00e4ngerzone Santa Clara, Haupteinkaufsstra\u00dfe, findet man den gotisch-elisabethanischen ehemaligen Adelspalast Palacio de los Momos und die romanische Kirche Santiago del Burgo.<\/p>\n<p>Weitere romanische Kirchen stehen im \u201cBarrios Bajos\u201d, dem alten Judenviertel: Santa Mar\u00eda de la Horta und Santo Tom\u00e9, letztere beherbergt die Best\u00e4nde des Museums der Di\u00f6zese.<\/p>\n<p>Au\u00dferhalb der Stadt befinden sich die Kirchen San Claudio de Olivares, die gro\u00dfartige gemei\u00dfelte Kapitelle aufweisen, und Santiago de los Caballeros.<\/p>\n<p>Weitere, besonders zu erw\u00e4hnende Kirchen sind San Esteban, San Vicente, San Andr\u00e9s oder San Isidoro.<\/p>\n<p>Zamora erlebte eine wichtige urbanistische und architektonische Entwicklung ab Mitte des XIX. Jahrhunderts, deren H\u00f6hepunkt die Jugendstilepoche war. Zwischen 1875 und 1930 wurden zahlreiche eklektische und historistische Geb\u00e4ude sowie Geb\u00e4ude mit industriellem Charakter und vor allem viele Jugendstilgeb\u00e4ude errichtet. Der Glanz der Jugendstilgeb\u00e4ude hat es m\u00f6glich gemacht, dass Zamora in die exklusive Gruppe von Gemeinden aufgenommen wurde, die die Europ\u00e4ische Jugendstilstra\u00dfe bilden.<\/p>\n<p>Heutige Architektur: Es existieren mehrere repr\u00e4sentative Geb\u00e4ude der zeitgen\u00f6ssischen Architektur, die sowohl internationale als auch nationale Auszeichnungen erhalten und dazu beigetragen haben, das in Zamora existierende Kulturerbe zu bereichern: das Museum von Zamora, das Kloster von San Francisco, das Messegel\u00e4nde, das Museum f\u00fcr Ethnografie, der neue Sitz des zamorischen Parlaments und das neue Theater Ramos Carri\u00f3n.<\/p>\n<p><a href=\"https:\/\/turismoenzamora.es\/wp-content\/uploads\/2020\/02\/patrimonio-art\u00edstico.pdf\" target=\"_blank\" rel=\"noopener noreferrer\"><img decoding=\"async\" class=\"alignleft wp-image-4861 size-full\" src=\"https:\/\/turismoenzamora.es\/wp-content\/uploads\/2017\/08\/masinfo-1.png\" alt=\"M\u00e1s Informaci\u00f3n\" width=\"63\" height=\"32\" data-id=\"4861\"><\/a><\/p>\n<p><\/p>","protected":false},"excerpt":{"rendered":"<p>Zamora Zamora erhebt sich auf einer Anh\u00f6he mit strategisch g\u00fcnstiger Lage, die im S\u00fcden durch den Fluss Duero verteidigt wird. Mitten auf der Ruta de la Plata (Weg des Silbers) gelegen, war dies der Ort des r\u00f6mischen \u201cOcellum Duri\u201d. Im Mittelalter erlangte die Provinz Zamora einige Bedeutung. Im XIII. Jahrhundert besa\u00df die Stadt drei mit [&hellip;]<\/p>\n","protected":false},"author":1,"featured_media":0,"parent":82,"menu_order":7,"comment_status":"closed","ping_status":"closed","template":"","meta":{"inline_featured_image":false,"site-sidebar-layout":"default","site-content-layout":"default","ast-site-content-layout":"","site-content-style":"default","site-sidebar-style":"default","ast-global-header-display":"","ast-banner-title-visibility":"","ast-main-header-display":"","ast-hfb-above-header-display":"","ast-hfb-below-header-display":"","ast-hfb-mobile-header-display":"","site-post-title":"disabled","ast-breadcrumbs-content":"","ast-featured-img":"","footer-sml-layout":"","theme-transparent-header-meta":"default","adv-header-id-meta":"","stick-header-meta":"","header-above-stick-meta":"","header-main-stick-meta":"","header-below-stick-meta":"","astra-migrate-meta-layouts":"default","ast-page-background-enabled":"default","ast-page-background-meta":{"desktop":{"background-color":"","background-image":"","background-repeat":"repeat","background-position":"center center","background-size":"auto","background-attachment":"scroll","background-type":"","background-media":"","overlay-type":"","overlay-color":"","overlay-opacity":"","overlay-gradient":""},"tablet":{"background-color":"","background-image":"","background-repeat":"repeat","background-position":"center center","background-size":"auto","background-attachment":"scroll","background-type":"","background-media":"","overlay-type":"","overlay-color":"","overlay-opacity":"","overlay-gradient":""},"mobile":{"background-color":"","background-image":"","background-repeat":"repeat","background-position":"center center","background-size":"auto","background-attachment":"scroll","background-type":"","background-media":"","overlay-type":"","overlay-color":"","overlay-opacity":"","overlay-gradient":""}},"ast-content-background-meta":{"desktop":{"background-color":"var(--ast-global-color-5)","background-image":"","background-repeat":"repeat","background-position":"center center","background-size":"auto","background-attachment":"scroll","background-type":"","background-media":"","overlay-type":"","overlay-color":"","overlay-opacity":"","overlay-gradient":""},"tablet":{"background-color":"var(--ast-global-color-5)","background-image":"","background-repeat":"repeat","background-position":"center center","background-size":"auto","background-attachment":"scroll","background-type":"","background-media":"","overlay-type":"","overlay-color":"","overlay-opacity":"","overlay-gradient":""},"mobile":{"background-color":"var(--ast-global-color-5)","background-image":"","background-repeat":"repeat","background-position":"center center","background-size":"auto","background-attachment":"scroll","background-type":"","background-media":"","overlay-type":"","overlay-color":"","overlay-opacity":"","overlay-gradient":""}},"ngg_post_thumbnail":0,"footnotes":""},"yoast_head":"<!-- This site is optimized with the Yoast SEO plugin v23.0 - https:\/\/yoast.com\/wordpress\/plugins\/seo\/ -->\n<title>Turismo de Zamora , Turismo Sostenible<\/title>\n<meta name=\"description\" content=\"Esta es la p\u00e1gina Oficial de Turismo de Diputaci\u00f3n de Zamora, donde podr\u00e1 encontrar toda la informaci\u00f3n para disfrutar al m\u00e1ximo de nuestra provincia.\" \/>\n<meta name=\"robots\" content=\"index, follow, max-snippet:-1, max-image-preview:large, max-video-preview:-1\" \/>\n<link rel=\"canonical\" href=\"https:\/\/turismoenzamora.es\/de\/patrimonio-artistico\/zamora\/\" \/>\n<meta property=\"og:locale\" content=\"de_DE\" \/>\n<meta property=\"og:type\" content=\"article\" \/>\n<meta property=\"og:title\" content=\"Turismo de Zamora , Turismo Sostenible\" \/>\n<meta property=\"og:description\" content=\"Esta es la p\u00e1gina Oficial de Turismo de Diputaci\u00f3n de Zamora, donde podr\u00e1 encontrar toda la informaci\u00f3n para disfrutar al m\u00e1ximo de nuestra provincia.\" \/>\n<meta property=\"og:url\" content=\"https:\/\/turismoenzamora.es\/de\/patrimonio-artistico\/zamora\/\" \/>\n<meta property=\"og:site_name\" content=\"Tourismus in Zamora\" \/>\n<meta property=\"article:publisher\" content=\"https:\/\/www.facebook.com\/ZamoraSpain\/\" \/>\n<meta property=\"article:modified_time\" content=\"2021-09-01T14:42:01+00:00\" \/>\n<meta property=\"og:image\" content=\"https:\/\/turismoenzamora.es\/wp-content\/uploads\/2017\/08\/zamora_2-300x163.jpg\" \/>\n<meta name=\"twitter:card\" content=\"summary_large_image\" \/>\n<meta name=\"twitter:site\" content=\"@ZamoraSpain\" \/>\n<meta name=\"twitter:label1\" content=\"Gesch\u00e4tzte Lesezeit\" \/>\n\t<meta name=\"twitter:data1\" content=\"17 Minuten\" \/>\n<script type=\"application\/ld+json\" class=\"yoast-schema-graph\">{\"@context\":\"https:\/\/schema.org\",\"@graph\":[{\"@type\":\"WebPage\",\"@id\":\"https:\/\/turismoenzamora.es\/de\/patrimonio-artistico\/zamora\/\",\"url\":\"https:\/\/turismoenzamora.es\/de\/patrimonio-artistico\/zamora\/\",\"name\":\"Turismo de Zamora , Turismo Sostenible\",\"isPartOf\":{\"@id\":\"https:\/\/turismoenzamora.es\/pt\/#website\"},\"primaryImageOfPage\":{\"@id\":\"https:\/\/turismoenzamora.es\/de\/patrimonio-artistico\/zamora\/#primaryimage\"},\"image\":{\"@id\":\"https:\/\/turismoenzamora.es\/de\/patrimonio-artistico\/zamora\/#primaryimage\"},\"thumbnailUrl\":\"https:\/\/turismoenzamora.es\/wp-content\/uploads\/2017\/08\/zamora_2-300x163.jpg\",\"datePublished\":\"2017-08-07T09:05:09+00:00\",\"dateModified\":\"2021-09-01T14:42:01+00:00\",\"description\":\"Esta es la p\u00e1gina Oficial de Turismo de Diputaci\u00f3n de Zamora, donde podr\u00e1 encontrar toda la informaci\u00f3n para disfrutar al m\u00e1ximo de nuestra provincia.\",\"breadcrumb\":{\"@id\":\"https:\/\/turismoenzamora.es\/de\/patrimonio-artistico\/zamora\/#breadcrumb\"},\"inLanguage\":\"de-DE\",\"potentialAction\":[{\"@type\":\"ReadAction\",\"target\":[\"https:\/\/turismoenzamora.es\/de\/patrimonio-artistico\/zamora\/\"]}]},{\"@type\":\"ImageObject\",\"inLanguage\":\"de-DE\",\"@id\":\"https:\/\/turismoenzamora.es\/de\/patrimonio-artistico\/zamora\/#primaryimage\",\"url\":\"https:\/\/turismoenzamora.es\/wp-content\/uploads\/2017\/08\/zamora_2-300x163.jpg\",\"contentUrl\":\"https:\/\/turismoenzamora.es\/wp-content\/uploads\/2017\/08\/zamora_2-300x163.jpg\"},{\"@type\":\"BreadcrumbList\",\"@id\":\"https:\/\/turismoenzamora.es\/de\/patrimonio-artistico\/zamora\/#breadcrumb\",\"itemListElement\":[{\"@type\":\"ListItem\",\"position\":1,\"name\":\"Portada\",\"item\":\"https:\/\/turismoenzamora.es\/\"},{\"@type\":\"ListItem\",\"position\":2,\"name\":\"Patrimonio Art\u00edstico\",\"item\":\"https:\/\/turismoenzamora.es\/en\/patrimonio-artistico\/\"},{\"@type\":\"ListItem\",\"position\":3,\"name\":\"Zamora\"}]},{\"@type\":\"WebSite\",\"@id\":\"https:\/\/turismoenzamora.es\/pt\/#website\",\"url\":\"https:\/\/turismoenzamora.es\/pt\/\",\"name\":\"Turismo sostenible. Patronato de Turismo de la Diputaci\u00f3n de Zamora.&quot;Turismo Sostenible&quot;.\",\"description\":\"Nachhaltiger Tourismus Tourismusverband der Diputaci\u00f3n de Zamora\",\"publisher\":{\"@id\":\"https:\/\/turismoenzamora.es\/pt\/#organization\"},\"potentialAction\":[{\"@type\":\"SearchAction\",\"target\":{\"@type\":\"EntryPoint\",\"urlTemplate\":\"https:\/\/turismoenzamora.es\/pt\/?s={search_term_string}\"},\"query-input\":\"required name=search_term_string\"}],\"inLanguage\":\"de-DE\"},{\"@type\":\"Organization\",\"@id\":\"https:\/\/turismoenzamora.es\/pt\/#organization\",\"name\":\"Patronato de Turismo de la Diputaci\u00f3n de Zamora\",\"url\":\"https:\/\/turismoenzamora.es\/pt\/\",\"logo\":{\"@type\":\"ImageObject\",\"inLanguage\":\"de-DE\",\"@id\":\"https:\/\/turismoenzamora.es\/pt\/#\/schema\/logo\/image\/\",\"url\":\"https:\/\/turismoenzamora.es\/wp-content\/uploads\/2018\/06\/ZamoraLogo.png\",\"contentUrl\":\"https:\/\/turismoenzamora.es\/wp-content\/uploads\/2018\/06\/ZamoraLogo.png\",\"width\":1276,\"height\":290,\"caption\":\"Patronato de Turismo de la Diputaci\u00f3n de Zamora\"},\"image\":{\"@id\":\"https:\/\/turismoenzamora.es\/pt\/#\/schema\/logo\/image\/\"},\"sameAs\":[\"https:\/\/www.facebook.com\/ZamoraSpain\/\",\"https:\/\/x.com\/ZamoraSpain\",\"https:\/\/www.instagram.com\/turismoenzamora.es\/\",\"https:\/\/www.pinterest.es\/TurismoenZamora\/\",\"https:\/\/www.youtube.com\/channel\/UC2bOyOZ-2cLm-uXlBFYUV9w\"]}]}<\/script>\n<!-- \/ Yoast SEO plugin. -->","yoast_head_json":{"title":"Turismo de Zamora , Turismo Sostenible","description":"Esta es la p\u00e1gina Oficial de Turismo de Diputaci\u00f3n de Zamora, donde podr\u00e1 encontrar toda la informaci\u00f3n para disfrutar al m\u00e1ximo de nuestra provincia.","robots":{"index":"index","follow":"follow","max-snippet":"max-snippet:-1","max-image-preview":"max-image-preview:large","max-video-preview":"max-video-preview:-1"},"canonical":"https:\/\/turismoenzamora.es\/de\/patrimonio-artistico\/zamora\/","og_locale":"de_DE","og_type":"article","og_title":"Turismo de Zamora , Turismo Sostenible","og_description":"Esta es la p\u00e1gina Oficial de Turismo de Diputaci\u00f3n de Zamora, donde podr\u00e1 encontrar toda la informaci\u00f3n para disfrutar al m\u00e1ximo de nuestra provincia.","og_url":"https:\/\/turismoenzamora.es\/de\/patrimonio-artistico\/zamora\/","og_site_name":"Tourismus in Zamora","article_publisher":"https:\/\/www.facebook.com\/ZamoraSpain\/","article_modified_time":"2021-09-01T14:42:01+00:00","og_image":[{"url":"https:\/\/turismoenzamora.es\/wp-content\/uploads\/2017\/08\/zamora_2-300x163.jpg"}],"twitter_card":"summary_large_image","twitter_site":"@ZamoraSpain","twitter_misc":{"Gesch\u00e4tzte Lesezeit":"17 Minuten"},"schema":{"@context":"https:\/\/schema.org","@graph":[{"@type":"WebPage","@id":"https:\/\/turismoenzamora.es\/de\/patrimonio-artistico\/zamora\/","url":"https:\/\/turismoenzamora.es\/de\/patrimonio-artistico\/zamora\/","name":"Turismo de Zamora , Turismo Sostenible","isPartOf":{"@id":"https:\/\/turismoenzamora.es\/pt\/#website"},"primaryImageOfPage":{"@id":"https:\/\/turismoenzamora.es\/de\/patrimonio-artistico\/zamora\/#primaryimage"},"image":{"@id":"https:\/\/turismoenzamora.es\/de\/patrimonio-artistico\/zamora\/#primaryimage"},"thumbnailUrl":"https:\/\/turismoenzamora.es\/wp-content\/uploads\/2017\/08\/zamora_2-300x163.jpg","datePublished":"2017-08-07T09:05:09+00:00","dateModified":"2021-09-01T14:42:01+00:00","description":"Esta es la p\u00e1gina Oficial de Turismo de Diputaci\u00f3n de Zamora, donde podr\u00e1 encontrar toda la informaci\u00f3n para disfrutar al m\u00e1ximo de nuestra provincia.","breadcrumb":{"@id":"https:\/\/turismoenzamora.es\/de\/patrimonio-artistico\/zamora\/#breadcrumb"},"inLanguage":"de-DE","potentialAction":[{"@type":"ReadAction","target":["https:\/\/turismoenzamora.es\/de\/patrimonio-artistico\/zamora\/"]}]},{"@type":"ImageObject","inLanguage":"de-DE","@id":"https:\/\/turismoenzamora.es\/de\/patrimonio-artistico\/zamora\/#primaryimage","url":"https:\/\/turismoenzamora.es\/wp-content\/uploads\/2017\/08\/zamora_2-300x163.jpg","contentUrl":"https:\/\/turismoenzamora.es\/wp-content\/uploads\/2017\/08\/zamora_2-300x163.jpg"},{"@type":"BreadcrumbList","@id":"https:\/\/turismoenzamora.es\/de\/patrimonio-artistico\/zamora\/#breadcrumb","itemListElement":[{"@type":"ListItem","position":1,"name":"Portada","item":"https:\/\/turismoenzamora.es\/"},{"@type":"ListItem","position":2,"name":"Patrimonio Art\u00edstico","item":"https:\/\/turismoenzamora.es\/en\/patrimonio-artistico\/"},{"@type":"ListItem","position":3,"name":"Zamora"}]},{"@type":"WebSite","@id":"https:\/\/turismoenzamora.es\/pt\/#website","url":"https:\/\/turismoenzamora.es\/pt\/","name":"Turismo sostenible. Patronato de Turismo de la Diputaci\u00f3n de Zamora.&quot;Turismo Sostenible&quot;.","description":"Nachhaltiger Tourismus Tourismusverband der Diputaci\u00f3n de Zamora","publisher":{"@id":"https:\/\/turismoenzamora.es\/pt\/#organization"},"potentialAction":[{"@type":"SearchAction","target":{"@type":"EntryPoint","urlTemplate":"https:\/\/turismoenzamora.es\/pt\/?s={search_term_string}"},"query-input":"required name=search_term_string"}],"inLanguage":"de-DE"},{"@type":"Organization","@id":"https:\/\/turismoenzamora.es\/pt\/#organization","name":"Patronato de Turismo de la Diputaci\u00f3n de Zamora","url":"https:\/\/turismoenzamora.es\/pt\/","logo":{"@type":"ImageObject","inLanguage":"de-DE","@id":"https:\/\/turismoenzamora.es\/pt\/#\/schema\/logo\/image\/","url":"https:\/\/turismoenzamora.es\/wp-content\/uploads\/2018\/06\/ZamoraLogo.png","contentUrl":"https:\/\/turismoenzamora.es\/wp-content\/uploads\/2018\/06\/ZamoraLogo.png","width":1276,"height":290,"caption":"Patronato de Turismo de la Diputaci\u00f3n de Zamora"},"image":{"@id":"https:\/\/turismoenzamora.es\/pt\/#\/schema\/logo\/image\/"},"sameAs":["https:\/\/www.facebook.com\/ZamoraSpain\/","https:\/\/x.com\/ZamoraSpain","https:\/\/www.instagram.com\/turismoenzamora.es\/","https:\/\/www.pinterest.es\/TurismoenZamora\/","https:\/\/www.youtube.com\/channel\/UC2bOyOZ-2cLm-uXlBFYUV9w"]}]}},"_links":{"self":[{"href":"https:\/\/turismoenzamora.es\/de\/wp-json\/wp\/v2\/pages\/165"}],"collection":[{"href":"https:\/\/turismoenzamora.es\/de\/wp-json\/wp\/v2\/pages"}],"about":[{"href":"https:\/\/turismoenzamora.es\/de\/wp-json\/wp\/v2\/types\/page"}],"author":[{"embeddable":true,"href":"https:\/\/turismoenzamora.es\/de\/wp-json\/wp\/v2\/users\/1"}],"replies":[{"embeddable":true,"href":"https:\/\/turismoenzamora.es\/de\/wp-json\/wp\/v2\/comments?post=165"}],"version-history":[{"count":0,"href":"https:\/\/turismoenzamora.es\/de\/wp-json\/wp\/v2\/pages\/165\/revisions"}],"up":[{"embeddable":true,"href":"https:\/\/turismoenzamora.es\/de\/wp-json\/wp\/v2\/pages\/82"}],"wp:attachment":[{"href":"https:\/\/turismoenzamora.es\/de\/wp-json\/wp\/v2\/media?parent=165"}],"curies":[{"name":"wp","href":"https:\/\/api.w.org\/{rel}","templated":true}]}}