{"id":154,"date":"2017-08-07T11:03:21","date_gmt":"2017-08-07T09:03:21","guid":{"rendered":"https:\/\/newweb.turismoenzamora.es\/?page_id=154"},"modified":"2021-09-01T16:42:23","modified_gmt":"2021-09-01T14:42:23","slug":"toro-guarena-tierra-del-vino","status":"publish","type":"page","link":"https:\/\/turismoenzamora.es\/de\/patrimonio-artistico\/toro-guarena-tierra-del-vino\/","title":{"rendered":"Toro &#8211; Guare\u00f1a &#8211; Tierra del Vino"},"content":{"rendered":"<p><\/p>\n<h1>Toro &#8211; Guare\u00f1a &#8211; Tierra del Vino<\/h1>\n<p><img fetchpriority=\"high\" decoding=\"async\" class=\"aligncenter size-full wp-image-6897\" src=\"https:\/\/turismoenzamora.es\/wp-content\/uploads\/2017\/08\/Patrimonio-Art\u00edstico-Toro-Guare\u00f1a-Tierra-del-vino.jpg\" alt=\"\" width=\"900\" height=\"600\" data-id=\"6897\" srcset=\"https:\/\/turismoenzamora.es\/wp-content\/uploads\/2017\/08\/Patrimonio-Art\u00edstico-Toro-Guare\u00f1a-Tierra-del-vino.jpg 900w, https:\/\/turismoenzamora.es\/wp-content\/uploads\/2017\/08\/Patrimonio-Art\u00edstico-Toro-Guare\u00f1a-Tierra-del-vino-300x200.jpg 300w, https:\/\/turismoenzamora.es\/wp-content\/uploads\/2017\/08\/Patrimonio-Art\u00edstico-Toro-Guare\u00f1a-Tierra-del-vino-768x512.jpg 768w\" sizes=\"(max-width: 900px) 100vw, 900px\" \/><\/p>\n<p>Toro ist in der Provinz Zamora unbedingt einen Besuch wert. Es handelt sich um eine historische Stadt, da sie zwischen dem XII. und dem XVI. Jahrhundert K\u00f6nigssitz war und hier Hof gehalten wurde. Monumental ist sie, da dank dieser Bl\u00fctezeit gro\u00dfe \u00f6ffentliche und private Geb\u00e4ude errichtet wurden. Das Sch\u00f6nste bei einem Spaziergang durch die Stadt ist das mittelalterliche Flair, das uns in jeder ihrer Ecken erwartet.<\/p>\n<p>Die Kirche Santa Mar\u00eda oder Colegiata (Kollegiatskirche) ist das wichtigste und sch\u00f6nste Geb\u00e4ude der Stadt. Sie wurde zwischen dem XII. und dem XIII. Jahrhundert in romanischem Stil mit Elementen aus dem \u00dcbergang zur Gotik erbaut. Besonders hervor zu heben ist das Kuppelgew\u00f6lbe, das die Kuppel des Hauptschiffs abschlie\u00dft, und das P\u00f3rtico de la Majestad (Portal seiner Majest\u00e4t), das reich und vielfarbig dekoriert ist. Das n\u00f6rdliche Portal wurde k\u00fcrzlich restauriert und zeigt jetzt all seinen Glanz. In der Sakristei sticht vor allem das aus dem XVI. Jahrhundert stammende Gem\u00e4lde der Virgen de la Mosca (Jungfrau mit der Fliege) hervor.<\/p>\n<p>Die Architektur von Toro spiegelt den Moment in der Geschichte wieder, als maurische Elemente Teil christlicher Bauten wurden. Neben anderen Gottesh\u00e4usern sind vor allem San Salvador (XII. Jhd.) mit seinen drei Apsiden, das heute ein Museum f\u00fcr mittelalterliche Bildhauerei beherbergt, und San Lorenzo (XII-XIII. Jhd.) zu erw\u00e4hnen.<\/p>\n<p>Das Kloster Sancti Spiritus ist ein weiteres gro\u00dfes Monument in Toro. Es wurde 1316 gegr\u00fcndet und bewahrt sch\u00f6ne Moriskenr\u00fcstungen, einen Kreuzgang aus dem XVI. Jahrhundert, die Grabst\u00e4tte von Beatrix von Portugal und ein herausragendes Museum sakraler Kunst.<\/p>\n<p>San Sebasti\u00e1n de los Caballeros. Im Inneren ist eine interessante Sammlung von gotischen Wandmalereien aus dem XIV. Jahrhundert zu sehen, die von Teresa D\u00edez gezeichnet sind.<\/p>\n<p>Weitere Sehensw\u00fcrdigkeiten sind das Tor Arco del Postigo, das zur primitiven Stadtmauer von Toro geh\u00f6rt, die Tore Puertas de Corredera und Santa Catalina, die zu einer sp\u00e4ter entstandenen Mauer geh\u00f6rten, das Tor Arco del Reloj aus dem XVIII. Jahrhundert, der Palast der Grafen von Requena mit einem gotischen Innenhof vom Ende des XV. Jahrhunderts oder der Palast der Markgrafen von Alca\u00f1ices, in dem der Grafherzog von Olivares lebte und starb.<\/p>\n<p><img decoding=\"async\" class=\"size-medium wp-image-529 alignleft\" src=\"https:\/\/turismoenzamora.es\/wp-content\/uploads\/2017\/08\/Toro_Guare\u00f1a_TierraDelVino_2-300x200.jpg\" alt=\"\" width=\"300\" height=\"200\" srcset=\"https:\/\/turismoenzamora.es\/wp-content\/uploads\/2017\/08\/Toro_Guare\u00f1a_TierraDelVino_2-300x200.jpg 300w, https:\/\/turismoenzamora.es\/wp-content\/uploads\/2017\/08\/Toro_Guare\u00f1a_TierraDelVino_2-768x512.jpg 768w, https:\/\/turismoenzamora.es\/wp-content\/uploads\/2017\/08\/Toro_Guare\u00f1a_TierraDelVino_2-1024x683.jpg 1024w, https:\/\/turismoenzamora.es\/wp-content\/uploads\/2017\/08\/Toro_Guare\u00f1a_TierraDelVino_2-1170x780.jpg 1170w\" sizes=\"(max-width: 300px) 100vw, 300px\" \/>Nur 7 km von Toro entfernt liegt die Villalonso-Burg (XV. Jhd.), deren Au\u00dfenbereich als einer der am Besten erhaltenen in der gesamten Provinz gilt.<\/p>\n<p>Guare\u00f1a ist die nach S\u00fcden gelegene Verl\u00e4ngerung der Flussebene von Toro mit interessanten Ortschaften wie Fuentelape\u00f1a, die eine gro\u00dfe Kirche aus dem XVII. Jahrhundert besitzt. Fuentesa\u00faco ist bekannt f\u00fcr seine H\u00fclsenfr\u00fcchte, insbesondere f\u00fcr seine \u201cfeinen und jungen\u201d Kichererbsen. Hier ist auch die Stierkampftradition sehr lebendig. Olmo de la Guare\u00f1a besitzt das einzige Beispiel des Mudejarstils in dieser Region und in Villamor de los Escuderos kann man eine Kirche im gotischen und Renaissancestil besichtigen. Villanueva de Campe\u00e1n, Corrales, Fuentelcarnero, Morales del Vino und Casaseca de las Chanas sind weitere attraktive D\u00f6rfer, die auf die Gegend verteilt sind und eigene Sehensw\u00fcrdigkeiten besitzen wie die Kirche Arcenillas, in der man elf wundervolle Tafelbilder von Fernando Gallego betrachten kann.<\/p>\n<p><a href=\"https:\/\/turismoenzamora.es\/wp-content\/uploads\/2020\/02\/patrimonio-art\u00edstico.pdf\" target=\"_blank\" rel=\"noopener noreferrer\"><img decoding=\"async\" class=\"alignleft wp-image-4861 size-full\" src=\"https:\/\/turismoenzamora.es\/wp-content\/uploads\/2017\/08\/masinfo-1.png\" alt=\"M\u00e1s Informaci\u00f3n\" width=\"63\" height=\"32\" data-id=\"4861\"><\/a><\/p>\n<p><\/p>","protected":false},"excerpt":{"rendered":"<p>Toro &#8211; Guare\u00f1a &#8211; Tierra del Vino Toro ist in der Provinz Zamora unbedingt einen Besuch wert. Es handelt sich um eine historische Stadt, da sie zwischen dem XII. und dem XVI. Jahrhundert K\u00f6nigssitz war und hier Hof gehalten wurde. Monumental ist sie, da dank dieser Bl\u00fctezeit gro\u00dfe \u00f6ffentliche und private Geb\u00e4ude errichtet wurden. Das [&hellip;]<\/p>\n","protected":false},"author":1,"featured_media":0,"parent":82,"menu_order":6,"comment_status":"closed","ping_status":"closed","template":"","meta":{"inline_featured_image":false,"site-sidebar-layout":"default","site-content-layout":"default","ast-site-content-layout":"","site-content-style":"default","site-sidebar-style":"default","ast-global-header-display":"","ast-banner-title-visibility":"","ast-main-header-display":"","ast-hfb-above-header-display":"","ast-hfb-below-header-display":"","ast-hfb-mobile-header-display":"","site-post-title":"disabled","ast-breadcrumbs-content":"","ast-featured-img":"","footer-sml-layout":"","theme-transparent-header-meta":"default","adv-header-id-meta":"","stick-header-meta":"","header-above-stick-meta":"","header-main-stick-meta":"","header-below-stick-meta":"","astra-migrate-meta-layouts":"default","ast-page-background-enabled":"default","ast-page-background-meta":{"desktop":{"background-color":"","background-image":"","background-repeat":"repeat","background-position":"center center","background-size":"auto","background-attachment":"scroll","background-type":"","background-media":"","overlay-type":"","overlay-color":"","overlay-opacity":"","overlay-gradient":""},"tablet":{"background-color":"","background-image":"","background-repeat":"repeat","background-position":"center center","background-size":"auto","background-attachment":"scroll","background-type":"","background-media":"","overlay-type":"","overlay-color":"","overlay-opacity":"","overlay-gradient":""},"mobile":{"background-color":"","background-image":"","background-repeat":"repeat","background-position":"center center","background-size":"auto","background-attachment":"scroll","background-type":"","background-media":"","overlay-type":"","overlay-color":"","overlay-opacity":"","overlay-gradient":""}},"ast-content-background-meta":{"desktop":{"background-color":"var(--ast-global-color-5)","background-image":"","background-repeat":"repeat","background-position":"center center","background-size":"auto","background-attachment":"scroll","background-type":"","background-media":"","overlay-type":"","overlay-color":"","overlay-opacity":"","overlay-gradient":""},"tablet":{"background-color":"var(--ast-global-color-5)","background-image":"","background-repeat":"repeat","background-position":"center center","background-size":"auto","background-attachment":"scroll","background-type":"","background-media":"","overlay-type":"","overlay-color":"","overlay-opacity":"","overlay-gradient":""},"mobile":{"background-color":"var(--ast-global-color-5)","background-image":"","background-repeat":"repeat","background-position":"center center","background-size":"auto","background-attachment":"scroll","background-type":"","background-media":"","overlay-type":"","overlay-color":"","overlay-opacity":"","overlay-gradient":""}},"ngg_post_thumbnail":0,"footnotes":""},"yoast_head":"<!-- This site is optimized with the Yoast SEO plugin v23.0 - https:\/\/yoast.com\/wordpress\/plugins\/seo\/ -->\n<title>Turismo de Zamora , Turismo Sostenible<\/title>\n<meta name=\"description\" content=\"Esta es la p\u00e1gina Oficial de Turismo de Diputaci\u00f3n de Zamora, donde podr\u00e1 encontrar toda la informaci\u00f3n para disfrutar al m\u00e1ximo de nuestra provincia.\" \/>\n<meta name=\"robots\" content=\"index, follow, max-snippet:-1, max-image-preview:large, max-video-preview:-1\" \/>\n<link rel=\"canonical\" href=\"https:\/\/turismoenzamora.es\/en\/patrimonio-artistico\/toro-guarena-tierra-del-vino\/\" \/>\n<meta property=\"og:locale\" content=\"de_DE\" \/>\n<meta property=\"og:type\" content=\"article\" \/>\n<meta property=\"og:title\" content=\"Turismo de Zamora , Turismo Sostenible\" \/>\n<meta property=\"og:description\" content=\"Esta es la p\u00e1gina Oficial de Turismo de Diputaci\u00f3n de Zamora, donde podr\u00e1 encontrar toda la informaci\u00f3n para disfrutar al m\u00e1ximo de nuestra provincia.\" \/>\n<meta property=\"og:url\" content=\"https:\/\/turismoenzamora.es\/en\/patrimonio-artistico\/toro-guarena-tierra-del-vino\/\" \/>\n<meta property=\"og:site_name\" content=\"Tourismus in Zamora\" \/>\n<meta property=\"article:publisher\" content=\"https:\/\/www.facebook.com\/ZamoraSpain\/\" \/>\n<meta property=\"article:modified_time\" content=\"2021-09-01T14:42:23+00:00\" \/>\n<meta property=\"og:image\" content=\"https:\/\/turismoenzamora.es\/wp-content\/uploads\/2017\/08\/masinfo-1.png\" \/>\n<meta name=\"twitter:card\" content=\"summary_large_image\" \/>\n<meta name=\"twitter:site\" content=\"@ZamoraSpain\" \/>\n<meta name=\"twitter:label1\" content=\"Gesch\u00e4tzte Lesezeit\" \/>\n\t<meta name=\"twitter:data1\" content=\"13 Minuten\" \/>\n<script type=\"application\/ld+json\" class=\"yoast-schema-graph\">{\"@context\":\"https:\/\/schema.org\",\"@graph\":[{\"@type\":\"WebPage\",\"@id\":\"https:\/\/turismoenzamora.es\/en\/patrimonio-artistico\/toro-guarena-tierra-del-vino\/\",\"url\":\"https:\/\/turismoenzamora.es\/en\/patrimonio-artistico\/toro-guarena-tierra-del-vino\/\",\"name\":\"Turismo de Zamora , Turismo Sostenible\",\"isPartOf\":{\"@id\":\"https:\/\/turismoenzamora.es\/pt\/#website\"},\"primaryImageOfPage\":{\"@id\":\"https:\/\/turismoenzamora.es\/en\/patrimonio-artistico\/toro-guarena-tierra-del-vino\/#primaryimage\"},\"image\":{\"@id\":\"https:\/\/turismoenzamora.es\/en\/patrimonio-artistico\/toro-guarena-tierra-del-vino\/#primaryimage\"},\"thumbnailUrl\":\"https:\/\/turismoenzamora.es\/wp-content\/uploads\/2017\/08\/masinfo-1.png\",\"datePublished\":\"2017-08-07T09:03:21+00:00\",\"dateModified\":\"2021-09-01T14:42:23+00:00\",\"description\":\"Esta es la p\u00e1gina Oficial de Turismo de Diputaci\u00f3n de Zamora, donde podr\u00e1 encontrar toda la informaci\u00f3n para disfrutar al m\u00e1ximo de nuestra provincia.\",\"breadcrumb\":{\"@id\":\"https:\/\/turismoenzamora.es\/en\/patrimonio-artistico\/toro-guarena-tierra-del-vino\/#breadcrumb\"},\"inLanguage\":\"de-DE\",\"potentialAction\":[{\"@type\":\"ReadAction\",\"target\":[\"https:\/\/turismoenzamora.es\/en\/patrimonio-artistico\/toro-guarena-tierra-del-vino\/\"]}]},{\"@type\":\"ImageObject\",\"inLanguage\":\"de-DE\",\"@id\":\"https:\/\/turismoenzamora.es\/en\/patrimonio-artistico\/toro-guarena-tierra-del-vino\/#primaryimage\",\"url\":\"https:\/\/turismoenzamora.es\/wp-content\/uploads\/2017\/08\/masinfo-1.png\",\"contentUrl\":\"https:\/\/turismoenzamora.es\/wp-content\/uploads\/2017\/08\/masinfo-1.png\"},{\"@type\":\"BreadcrumbList\",\"@id\":\"https:\/\/turismoenzamora.es\/en\/patrimonio-artistico\/toro-guarena-tierra-del-vino\/#breadcrumb\",\"itemListElement\":[{\"@type\":\"ListItem\",\"position\":1,\"name\":\"Portada\",\"item\":\"https:\/\/turismoenzamora.es\/\"},{\"@type\":\"ListItem\",\"position\":2,\"name\":\"Patrimonio Art\u00edstico\",\"item\":\"https:\/\/turismoenzamora.es\/en\/patrimonio-artistico\/\"},{\"@type\":\"ListItem\",\"position\":3,\"name\":\"Toro &#8211; Guare\u00f1a &#8211; Tierra del Vino\"}]},{\"@type\":\"WebSite\",\"@id\":\"https:\/\/turismoenzamora.es\/pt\/#website\",\"url\":\"https:\/\/turismoenzamora.es\/pt\/\",\"name\":\"Turismo sostenible. Patronato de Turismo de la Diputaci\u00f3n de Zamora.&quot;Turismo Sostenible&quot;.\",\"description\":\"Nachhaltiger Tourismus Tourismusverband der Diputaci\u00f3n de Zamora\",\"publisher\":{\"@id\":\"https:\/\/turismoenzamora.es\/pt\/#organization\"},\"potentialAction\":[{\"@type\":\"SearchAction\",\"target\":{\"@type\":\"EntryPoint\",\"urlTemplate\":\"https:\/\/turismoenzamora.es\/pt\/?s={search_term_string}\"},\"query-input\":\"required name=search_term_string\"}],\"inLanguage\":\"de-DE\"},{\"@type\":\"Organization\",\"@id\":\"https:\/\/turismoenzamora.es\/pt\/#organization\",\"name\":\"Patronato de Turismo de la Diputaci\u00f3n de Zamora\",\"url\":\"https:\/\/turismoenzamora.es\/pt\/\",\"logo\":{\"@type\":\"ImageObject\",\"inLanguage\":\"de-DE\",\"@id\":\"https:\/\/turismoenzamora.es\/pt\/#\/schema\/logo\/image\/\",\"url\":\"https:\/\/turismoenzamora.es\/wp-content\/uploads\/2018\/06\/ZamoraLogo.png\",\"contentUrl\":\"https:\/\/turismoenzamora.es\/wp-content\/uploads\/2018\/06\/ZamoraLogo.png\",\"width\":1276,\"height\":290,\"caption\":\"Patronato de Turismo de la Diputaci\u00f3n de Zamora\"},\"image\":{\"@id\":\"https:\/\/turismoenzamora.es\/pt\/#\/schema\/logo\/image\/\"},\"sameAs\":[\"https:\/\/www.facebook.com\/ZamoraSpain\/\",\"https:\/\/x.com\/ZamoraSpain\",\"https:\/\/www.instagram.com\/turismoenzamora.es\/\",\"https:\/\/www.pinterest.es\/TurismoenZamora\/\",\"https:\/\/www.youtube.com\/channel\/UC2bOyOZ-2cLm-uXlBFYUV9w\"]}]}<\/script>\n<!-- \/ Yoast SEO plugin. -->","yoast_head_json":{"title":"Turismo de Zamora , Turismo Sostenible","description":"Esta es la p\u00e1gina Oficial de Turismo de Diputaci\u00f3n de Zamora, donde podr\u00e1 encontrar toda la informaci\u00f3n para disfrutar al m\u00e1ximo de nuestra provincia.","robots":{"index":"index","follow":"follow","max-snippet":"max-snippet:-1","max-image-preview":"max-image-preview:large","max-video-preview":"max-video-preview:-1"},"canonical":"https:\/\/turismoenzamora.es\/en\/patrimonio-artistico\/toro-guarena-tierra-del-vino\/","og_locale":"de_DE","og_type":"article","og_title":"Turismo de Zamora , Turismo Sostenible","og_description":"Esta es la p\u00e1gina Oficial de Turismo de Diputaci\u00f3n de Zamora, donde podr\u00e1 encontrar toda la informaci\u00f3n para disfrutar al m\u00e1ximo de nuestra provincia.","og_url":"https:\/\/turismoenzamora.es\/en\/patrimonio-artistico\/toro-guarena-tierra-del-vino\/","og_site_name":"Tourismus in Zamora","article_publisher":"https:\/\/www.facebook.com\/ZamoraSpain\/","article_modified_time":"2021-09-01T14:42:23+00:00","og_image":[{"url":"https:\/\/turismoenzamora.es\/wp-content\/uploads\/2017\/08\/masinfo-1.png"}],"twitter_card":"summary_large_image","twitter_site":"@ZamoraSpain","twitter_misc":{"Gesch\u00e4tzte Lesezeit":"13 Minuten"},"schema":{"@context":"https:\/\/schema.org","@graph":[{"@type":"WebPage","@id":"https:\/\/turismoenzamora.es\/en\/patrimonio-artistico\/toro-guarena-tierra-del-vino\/","url":"https:\/\/turismoenzamora.es\/en\/patrimonio-artistico\/toro-guarena-tierra-del-vino\/","name":"Turismo de Zamora , Turismo Sostenible","isPartOf":{"@id":"https:\/\/turismoenzamora.es\/pt\/#website"},"primaryImageOfPage":{"@id":"https:\/\/turismoenzamora.es\/en\/patrimonio-artistico\/toro-guarena-tierra-del-vino\/#primaryimage"},"image":{"@id":"https:\/\/turismoenzamora.es\/en\/patrimonio-artistico\/toro-guarena-tierra-del-vino\/#primaryimage"},"thumbnailUrl":"https:\/\/turismoenzamora.es\/wp-content\/uploads\/2017\/08\/masinfo-1.png","datePublished":"2017-08-07T09:03:21+00:00","dateModified":"2021-09-01T14:42:23+00:00","description":"Esta es la p\u00e1gina Oficial de Turismo de Diputaci\u00f3n de Zamora, donde podr\u00e1 encontrar toda la informaci\u00f3n para disfrutar al m\u00e1ximo de nuestra provincia.","breadcrumb":{"@id":"https:\/\/turismoenzamora.es\/en\/patrimonio-artistico\/toro-guarena-tierra-del-vino\/#breadcrumb"},"inLanguage":"de-DE","potentialAction":[{"@type":"ReadAction","target":["https:\/\/turismoenzamora.es\/en\/patrimonio-artistico\/toro-guarena-tierra-del-vino\/"]}]},{"@type":"ImageObject","inLanguage":"de-DE","@id":"https:\/\/turismoenzamora.es\/en\/patrimonio-artistico\/toro-guarena-tierra-del-vino\/#primaryimage","url":"https:\/\/turismoenzamora.es\/wp-content\/uploads\/2017\/08\/masinfo-1.png","contentUrl":"https:\/\/turismoenzamora.es\/wp-content\/uploads\/2017\/08\/masinfo-1.png"},{"@type":"BreadcrumbList","@id":"https:\/\/turismoenzamora.es\/en\/patrimonio-artistico\/toro-guarena-tierra-del-vino\/#breadcrumb","itemListElement":[{"@type":"ListItem","position":1,"name":"Portada","item":"https:\/\/turismoenzamora.es\/"},{"@type":"ListItem","position":2,"name":"Patrimonio Art\u00edstico","item":"https:\/\/turismoenzamora.es\/en\/patrimonio-artistico\/"},{"@type":"ListItem","position":3,"name":"Toro &#8211; Guare\u00f1a &#8211; Tierra del Vino"}]},{"@type":"WebSite","@id":"https:\/\/turismoenzamora.es\/pt\/#website","url":"https:\/\/turismoenzamora.es\/pt\/","name":"Turismo sostenible. Patronato de Turismo de la Diputaci\u00f3n de Zamora.&quot;Turismo Sostenible&quot;.","description":"Nachhaltiger Tourismus Tourismusverband der Diputaci\u00f3n de Zamora","publisher":{"@id":"https:\/\/turismoenzamora.es\/pt\/#organization"},"potentialAction":[{"@type":"SearchAction","target":{"@type":"EntryPoint","urlTemplate":"https:\/\/turismoenzamora.es\/pt\/?s={search_term_string}"},"query-input":"required name=search_term_string"}],"inLanguage":"de-DE"},{"@type":"Organization","@id":"https:\/\/turismoenzamora.es\/pt\/#organization","name":"Patronato de Turismo de la Diputaci\u00f3n de Zamora","url":"https:\/\/turismoenzamora.es\/pt\/","logo":{"@type":"ImageObject","inLanguage":"de-DE","@id":"https:\/\/turismoenzamora.es\/pt\/#\/schema\/logo\/image\/","url":"https:\/\/turismoenzamora.es\/wp-content\/uploads\/2018\/06\/ZamoraLogo.png","contentUrl":"https:\/\/turismoenzamora.es\/wp-content\/uploads\/2018\/06\/ZamoraLogo.png","width":1276,"height":290,"caption":"Patronato de Turismo de la Diputaci\u00f3n de Zamora"},"image":{"@id":"https:\/\/turismoenzamora.es\/pt\/#\/schema\/logo\/image\/"},"sameAs":["https:\/\/www.facebook.com\/ZamoraSpain\/","https:\/\/x.com\/ZamoraSpain","https:\/\/www.instagram.com\/turismoenzamora.es\/","https:\/\/www.pinterest.es\/TurismoenZamora\/","https:\/\/www.youtube.com\/channel\/UC2bOyOZ-2cLm-uXlBFYUV9w"]}]}},"_links":{"self":[{"href":"https:\/\/turismoenzamora.es\/de\/wp-json\/wp\/v2\/pages\/154"}],"collection":[{"href":"https:\/\/turismoenzamora.es\/de\/wp-json\/wp\/v2\/pages"}],"about":[{"href":"https:\/\/turismoenzamora.es\/de\/wp-json\/wp\/v2\/types\/page"}],"author":[{"embeddable":true,"href":"https:\/\/turismoenzamora.es\/de\/wp-json\/wp\/v2\/users\/1"}],"replies":[{"embeddable":true,"href":"https:\/\/turismoenzamora.es\/de\/wp-json\/wp\/v2\/comments?post=154"}],"version-history":[{"count":0,"href":"https:\/\/turismoenzamora.es\/de\/wp-json\/wp\/v2\/pages\/154\/revisions"}],"up":[{"embeddable":true,"href":"https:\/\/turismoenzamora.es\/de\/wp-json\/wp\/v2\/pages\/82"}],"wp:attachment":[{"href":"https:\/\/turismoenzamora.es\/de\/wp-json\/wp\/v2\/media?parent=154"}],"curies":[{"name":"wp","href":"https:\/\/api.w.org\/{rel}","templated":true}]}}