{"id":122,"date":"2017-08-07T07:28:58","date_gmt":"2017-08-07T05:28:58","guid":{"rendered":"https:\/\/newweb.turismoenzamora.es\/?page_id=122"},"modified":"2021-10-20T10:27:30","modified_gmt":"2021-10-20T08:27:30","slug":"sanabria","status":"publish","type":"page","link":"https:\/\/turismoenzamora.es\/de\/patrimonio-natural\/sanabria\/","title":{"rendered":"Sanabria"},"content":{"rendered":"<p><\/p>\n<h1>Sanabria<\/h1>\n<h1><img fetchpriority=\"high\" decoding=\"async\" class=\"aligncenter size-full wp-image-6924\" src=\"https:\/\/turismoenzamora.es\/wp-content\/uploads\/2017\/08\/Patrimonio-naturasanabrial.jpg\" alt=\"\" width=\"900\" height=\"501\" data-id=\"6924\" srcset=\"https:\/\/turismoenzamora.es\/wp-content\/uploads\/2017\/08\/Patrimonio-naturasanabrial.jpg 900w, https:\/\/turismoenzamora.es\/wp-content\/uploads\/2017\/08\/Patrimonio-naturasanabrial-300x167.jpg 300w, https:\/\/turismoenzamora.es\/wp-content\/uploads\/2017\/08\/Patrimonio-naturasanabrial-768x428.jpg 768w\" sizes=\"(max-width: 900px) 100vw, 900px\" \/><\/h1>\n<p>Die aktuelle Ausdehnung des Parks betr\u00e4gt 22.365 Hektar und er liegt haupts\u00e4chlich in der Gegend des Gebirgszugs Segundera und Cabrera. Hier existieren, abgesehen von den Pyren\u00e4en, noch die meisten Gletscher-Lagunen in ganz Spanien, einige von ihnen sind unglaublich gro\u00dfartig. Sie liegen in schwer zug\u00e4nglichen Gegenden und sind vom Menschen quasi unangetastet geblieben.<\/p>\n<p>Unter den Effekten der Vergletscherung ist der Sanabria-See sicherlich das beeindruckendste Beispiel, was mehr als ausreichend durch die unbezahlbaren Landschaften, die sich dem Besucher bieten, und die Dimensionen begr\u00fcndet wird. Er entstand in der letzten W\u00fcrmeiszeit und misst an der l\u00e4ngsten Stelle 3.178 Meter, ist 1.590 Meter breit, hat eine Oberfl\u00e4che von fast 320 Hektar und eine maximale Tiefe von 51 Metern.<\/p>\n<p>Ein Naturraum, der so sehr vom Wasser beeinflusst wird wie Sanabria, ist Lebensraum f\u00fcr eine gro\u00dfe Anzahl von Tiere, die mit diesem Medium verbunden sind. Besondere Erw\u00e4hnung verdient die Forelle, die bei Sportanglern sehr beliebt ist und ein exquisites Gericht abgibt. Neben der Forelle, die im Sanabria-See eine beachtliche Gr\u00f6\u00dfe erreichen kann und deren Fleisch eine rosa T\u00f6nung annimmt, die an den Lachs erinnert, finden sich au\u00dferdem Bitterling, Aland und Barbe. Dar\u00fcber hinaus sind 41 S\u00e4ugetierarten pr\u00e4sent: der pyren\u00e4ische Desman, verschiedene Marder wie Biber, Zobel, Hermelin, Hausmarder oder Dachs und andere, gr\u00f6\u00dfere S\u00e4ugetiere: Rehbock, Wildschwein und Bergluchs.<\/p>\n<p>\u00dcber dem Naturpark fliegen 142 Vogelarten, darunter Taggreifv\u00f6gel wie der K\u00f6nigsadler, der Wespenbussard, der Wanderfalke, der gew\u00f6hnliche Bussard, der Turmfalke und der Uhu neben V\u00f6geln wie dem Neunt\u00f6ter, der Goldammer, dem Blaukehlchen und dem Rebhuhn, das lokal auch \u2018charrela\u2019 genannt wird. In den Eichenw\u00e4ldern kann man den Gimpel, das Rotkehlchen, den Eichelh\u00e4her, den Wiedehopf und viele mehr finden.<\/p>\n<p>Die botanische Diversit\u00e4t von Sanabria umfasst 1.500 Pflanzenarten, einige davon sind einzigartig auf der Halbinsel. Der vorherrschende Wald ist der Eichenwald, auch bekannt als Carballo, aber ebenfalls \u00fcberreichlich gibt es Eberesche, Stechpalme, Eibe, Birke und Kastanie.<\/p>\n<p><img decoding=\"async\" class=\" wp-image-458 alignright\" src=\"https:\/\/turismoenzamora.es\/wp-content\/uploads\/2017\/08\/21-_deporte_KAYAK_LAGO_0019-300x176.jpg\" alt=\"\" width=\"359\" height=\"211\" srcset=\"https:\/\/turismoenzamora.es\/wp-content\/uploads\/2017\/08\/21-_deporte_KAYAK_LAGO_0019-300x176.jpg 300w, https:\/\/turismoenzamora.es\/wp-content\/uploads\/2017\/08\/21-_deporte_KAYAK_LAGO_0019.jpg 640w\" sizes=\"(max-width: 359px) 100vw, 359px\" \/>Der Naturpark bietet gro\u00dfe Anreize f\u00fcr die Liebhaber des Natur-, Rural- und Aktivtourismus: Sonne und Strand im Sommer mit allen M\u00f6glichkeiten zum Betreiben von Wassersport, Segeln, Kanusport&#8230;Der Fr\u00fchling l\u00e4dt Bergliebhaber zum Wandern ein, die Unerschrockenen wandern in den gro\u00dfen H\u00f6henlagen der Gebirge, oder man nimmt einen der Wege, die traditionell die D\u00f6rfer des Gebirges verbanden. Wanderwege gibt es auch zur Nutzung mit Mountainbike oder Ausritten zu Pferd. Der Herbst f\u00e4rbt die Berge von Sanabria in viele Farben ein und die W\u00e4lder bieten Pilzfreunden ihre Fr\u00fcchte an. Es sind zahlreiche Sorten des Steinpilzes zu finden: gemeiner Steinpilz, Kiefernsteinpilz, K\u00f6nigsr\u00f6hrling&#8230; der gemeine Riesenschirmling, der Kaiserling oder auch Pilz der G\u00f6tter, und der echte Pfifferling. Und im Winter ziehen die schneebedeckten Gipfel ebenfalls viele Schneeliebhaber an.<\/p>\n<p>Der beliebteste Sport in dieser Gegend ist aber zweifellos das Forellenangeln: im See, in den Fl\u00fcssen Tera, Castro, Negro, Trefacio&#8230; oder in den Stauseen von Valpara\u00edso, Cernadilla und Agavanzal.<\/p>\n<p><a href=\"https:\/\/turismoenzamora.es\/wp-content\/uploads\/2020\/02\/Interior.pdf\" target=\"_blank\" rel=\"noopener noreferrer\"><img decoding=\"async\" class=\"size-full wp-image-4861 alignleft\" src=\"https:\/\/turismoenzamora.es\/wp-content\/uploads\/2017\/08\/masinfo-1.png\" alt=\"descarga\" width=\"63\" height=\"32\" data-id=\"4861\"><\/a><\/p>\n<p><\/p>","protected":false},"excerpt":{"rendered":"<p>Sanabria Die aktuelle Ausdehnung des Parks betr\u00e4gt 22.365 Hektar und er liegt haupts\u00e4chlich in der Gegend des Gebirgszugs Segundera und Cabrera. Hier existieren, abgesehen von den Pyren\u00e4en, noch die meisten Gletscher-Lagunen in ganz Spanien, einige von ihnen sind unglaublich gro\u00dfartig. Sie liegen in schwer zug\u00e4nglichen Gegenden und sind vom Menschen quasi unangetastet geblieben. Unter den [&hellip;]<\/p>\n","protected":false},"author":1,"featured_media":0,"parent":91,"menu_order":3,"comment_status":"closed","ping_status":"closed","template":"","meta":{"inline_featured_image":false,"site-sidebar-layout":"default","site-content-layout":"default","ast-site-content-layout":"","site-content-style":"default","site-sidebar-style":"default","ast-global-header-display":"","ast-banner-title-visibility":"","ast-main-header-display":"","ast-hfb-above-header-display":"","ast-hfb-below-header-display":"","ast-hfb-mobile-header-display":"","site-post-title":"disabled","ast-breadcrumbs-content":"","ast-featured-img":"","footer-sml-layout":"","theme-transparent-header-meta":"default","adv-header-id-meta":"","stick-header-meta":"","header-above-stick-meta":"","header-main-stick-meta":"","header-below-stick-meta":"","astra-migrate-meta-layouts":"default","ast-page-background-enabled":"default","ast-page-background-meta":{"desktop":{"background-color":"","background-image":"","background-repeat":"repeat","background-position":"center center","background-size":"auto","background-attachment":"scroll","background-type":"","background-media":"","overlay-type":"","overlay-color":"","overlay-opacity":"","overlay-gradient":""},"tablet":{"background-color":"","background-image":"","background-repeat":"repeat","background-position":"center center","background-size":"auto","background-attachment":"scroll","background-type":"","background-media":"","overlay-type":"","overlay-color":"","overlay-opacity":"","overlay-gradient":""},"mobile":{"background-color":"","background-image":"","background-repeat":"repeat","background-position":"center center","background-size":"auto","background-attachment":"scroll","background-type":"","background-media":"","overlay-type":"","overlay-color":"","overlay-opacity":"","overlay-gradient":""}},"ast-content-background-meta":{"desktop":{"background-color":"var(--ast-global-color-5)","background-image":"","background-repeat":"repeat","background-position":"center center","background-size":"auto","background-attachment":"scroll","background-type":"","background-media":"","overlay-type":"","overlay-color":"","overlay-opacity":"","overlay-gradient":""},"tablet":{"background-color":"var(--ast-global-color-5)","background-image":"","background-repeat":"repeat","background-position":"center center","background-size":"auto","background-attachment":"scroll","background-type":"","background-media":"","overlay-type":"","overlay-color":"","overlay-opacity":"","overlay-gradient":""},"mobile":{"background-color":"var(--ast-global-color-5)","background-image":"","background-repeat":"repeat","background-position":"center center","background-size":"auto","background-attachment":"scroll","background-type":"","background-media":"","overlay-type":"","overlay-color":"","overlay-opacity":"","overlay-gradient":""}},"ngg_post_thumbnail":0,"footnotes":""},"yoast_head":"<!-- This site is optimized with the Yoast SEO plugin v23.0 - https:\/\/yoast.com\/wordpress\/plugins\/seo\/ -->\n<title>Turismo de Zamora , Turismo Sostenible<\/title>\n<meta name=\"description\" content=\"Esta es la p\u00e1gina Oficial de Turismo de Diputaci\u00f3n de Zamora, donde podr\u00e1 encontrar toda la informaci\u00f3n para disfrutar al m\u00e1ximo de nuestra provincia.\" \/>\n<meta name=\"robots\" content=\"index, follow, max-snippet:-1, max-image-preview:large, max-video-preview:-1\" \/>\n<link rel=\"canonical\" href=\"https:\/\/turismoenzamora.es\/patrimonio-natural\/sanabria\/\" \/>\n<meta property=\"og:locale\" content=\"de_DE\" \/>\n<meta property=\"og:type\" content=\"article\" \/>\n<meta property=\"og:title\" content=\"Turismo de Zamora , Turismo Sostenible\" \/>\n<meta property=\"og:description\" content=\"Esta es la p\u00e1gina Oficial de Turismo de Diputaci\u00f3n de Zamora, donde podr\u00e1 encontrar toda la informaci\u00f3n para disfrutar al m\u00e1ximo de nuestra provincia.\" \/>\n<meta property=\"og:url\" content=\"https:\/\/turismoenzamora.es\/patrimonio-natural\/sanabria\/\" \/>\n<meta property=\"og:site_name\" content=\"Tourismus in Zamora\" \/>\n<meta property=\"article:publisher\" content=\"https:\/\/www.facebook.com\/ZamoraSpain\/\" \/>\n<meta property=\"article:modified_time\" content=\"2021-10-20T08:27:30+00:00\" \/>\n<meta property=\"og:image\" content=\"https:\/\/turismoenzamora.es\/wp-content\/uploads\/2017\/08\/Patrimonio-naturasanabrial.jpg\" \/>\n<meta name=\"twitter:card\" content=\"summary_large_image\" \/>\n<meta name=\"twitter:site\" content=\"@ZamoraSpain\" \/>\n<meta name=\"twitter:label1\" content=\"Gesch\u00e4tzte Lesezeit\" \/>\n\t<meta name=\"twitter:data1\" content=\"15 Minuten\" \/>\n<script type=\"application\/ld+json\" class=\"yoast-schema-graph\">{\"@context\":\"https:\/\/schema.org\",\"@graph\":[{\"@type\":\"WebPage\",\"@id\":\"https:\/\/turismoenzamora.es\/patrimonio-natural\/sanabria\/\",\"url\":\"https:\/\/turismoenzamora.es\/patrimonio-natural\/sanabria\/\",\"name\":\"Turismo de Zamora , Turismo Sostenible\",\"isPartOf\":{\"@id\":\"https:\/\/turismoenzamora.es\/pt\/#website\"},\"primaryImageOfPage\":{\"@id\":\"https:\/\/turismoenzamora.es\/patrimonio-natural\/sanabria\/#primaryimage\"},\"image\":{\"@id\":\"https:\/\/turismoenzamora.es\/patrimonio-natural\/sanabria\/#primaryimage\"},\"thumbnailUrl\":\"https:\/\/turismoenzamora.es\/wp-content\/uploads\/2017\/08\/Patrimonio-naturasanabrial.jpg\",\"datePublished\":\"2017-08-07T05:28:58+00:00\",\"dateModified\":\"2021-10-20T08:27:30+00:00\",\"description\":\"Esta es la p\u00e1gina Oficial de Turismo de Diputaci\u00f3n de Zamora, donde podr\u00e1 encontrar toda la informaci\u00f3n para disfrutar al m\u00e1ximo de nuestra provincia.\",\"breadcrumb\":{\"@id\":\"https:\/\/turismoenzamora.es\/patrimonio-natural\/sanabria\/#breadcrumb\"},\"inLanguage\":\"de-DE\",\"potentialAction\":[{\"@type\":\"ReadAction\",\"target\":[\"https:\/\/turismoenzamora.es\/patrimonio-natural\/sanabria\/\"]}]},{\"@type\":\"ImageObject\",\"inLanguage\":\"de-DE\",\"@id\":\"https:\/\/turismoenzamora.es\/patrimonio-natural\/sanabria\/#primaryimage\",\"url\":\"https:\/\/turismoenzamora.es\/wp-content\/uploads\/2017\/08\/Patrimonio-naturasanabrial.jpg\",\"contentUrl\":\"https:\/\/turismoenzamora.es\/wp-content\/uploads\/2017\/08\/Patrimonio-naturasanabrial.jpg\"},{\"@type\":\"BreadcrumbList\",\"@id\":\"https:\/\/turismoenzamora.es\/patrimonio-natural\/sanabria\/#breadcrumb\",\"itemListElement\":[{\"@type\":\"ListItem\",\"position\":1,\"name\":\"Portada\",\"item\":\"https:\/\/turismoenzamora.es\/\"},{\"@type\":\"ListItem\",\"position\":2,\"name\":\"Patrimonio Natural\",\"item\":\"https:\/\/turismoenzamora.es\/fr\/patrimonio-natural\/\"},{\"@type\":\"ListItem\",\"position\":3,\"name\":\"Sanabria\"}]},{\"@type\":\"WebSite\",\"@id\":\"https:\/\/turismoenzamora.es\/pt\/#website\",\"url\":\"https:\/\/turismoenzamora.es\/pt\/\",\"name\":\"Turismo sostenible. Patronato de Turismo de la Diputaci\u00f3n de Zamora.&quot;Turismo Sostenible&quot;.\",\"description\":\"Nachhaltiger Tourismus Tourismusverband der Diputaci\u00f3n de Zamora\",\"publisher\":{\"@id\":\"https:\/\/turismoenzamora.es\/pt\/#organization\"},\"potentialAction\":[{\"@type\":\"SearchAction\",\"target\":{\"@type\":\"EntryPoint\",\"urlTemplate\":\"https:\/\/turismoenzamora.es\/pt\/?s={search_term_string}\"},\"query-input\":\"required name=search_term_string\"}],\"inLanguage\":\"de-DE\"},{\"@type\":\"Organization\",\"@id\":\"https:\/\/turismoenzamora.es\/pt\/#organization\",\"name\":\"Patronato de Turismo de la Diputaci\u00f3n de Zamora\",\"url\":\"https:\/\/turismoenzamora.es\/pt\/\",\"logo\":{\"@type\":\"ImageObject\",\"inLanguage\":\"de-DE\",\"@id\":\"https:\/\/turismoenzamora.es\/pt\/#\/schema\/logo\/image\/\",\"url\":\"https:\/\/turismoenzamora.es\/wp-content\/uploads\/2018\/06\/ZamoraLogo.png\",\"contentUrl\":\"https:\/\/turismoenzamora.es\/wp-content\/uploads\/2018\/06\/ZamoraLogo.png\",\"width\":1276,\"height\":290,\"caption\":\"Patronato de Turismo de la Diputaci\u00f3n de Zamora\"},\"image\":{\"@id\":\"https:\/\/turismoenzamora.es\/pt\/#\/schema\/logo\/image\/\"},\"sameAs\":[\"https:\/\/www.facebook.com\/ZamoraSpain\/\",\"https:\/\/x.com\/ZamoraSpain\",\"https:\/\/www.instagram.com\/turismoenzamora.es\/\",\"https:\/\/www.pinterest.es\/TurismoenZamora\/\",\"https:\/\/www.youtube.com\/channel\/UC2bOyOZ-2cLm-uXlBFYUV9w\"]}]}<\/script>\n<!-- \/ Yoast SEO plugin. -->","yoast_head_json":{"title":"Turismo de Zamora , Turismo Sostenible","description":"Esta es la p\u00e1gina Oficial de Turismo de Diputaci\u00f3n de Zamora, donde podr\u00e1 encontrar toda la informaci\u00f3n para disfrutar al m\u00e1ximo de nuestra provincia.","robots":{"index":"index","follow":"follow","max-snippet":"max-snippet:-1","max-image-preview":"max-image-preview:large","max-video-preview":"max-video-preview:-1"},"canonical":"https:\/\/turismoenzamora.es\/patrimonio-natural\/sanabria\/","og_locale":"de_DE","og_type":"article","og_title":"Turismo de Zamora , Turismo Sostenible","og_description":"Esta es la p\u00e1gina Oficial de Turismo de Diputaci\u00f3n de Zamora, donde podr\u00e1 encontrar toda la informaci\u00f3n para disfrutar al m\u00e1ximo de nuestra provincia.","og_url":"https:\/\/turismoenzamora.es\/patrimonio-natural\/sanabria\/","og_site_name":"Tourismus in Zamora","article_publisher":"https:\/\/www.facebook.com\/ZamoraSpain\/","article_modified_time":"2021-10-20T08:27:30+00:00","og_image":[{"url":"https:\/\/turismoenzamora.es\/wp-content\/uploads\/2017\/08\/Patrimonio-naturasanabrial.jpg"}],"twitter_card":"summary_large_image","twitter_site":"@ZamoraSpain","twitter_misc":{"Gesch\u00e4tzte Lesezeit":"15 Minuten"},"schema":{"@context":"https:\/\/schema.org","@graph":[{"@type":"WebPage","@id":"https:\/\/turismoenzamora.es\/patrimonio-natural\/sanabria\/","url":"https:\/\/turismoenzamora.es\/patrimonio-natural\/sanabria\/","name":"Turismo de Zamora , Turismo Sostenible","isPartOf":{"@id":"https:\/\/turismoenzamora.es\/pt\/#website"},"primaryImageOfPage":{"@id":"https:\/\/turismoenzamora.es\/patrimonio-natural\/sanabria\/#primaryimage"},"image":{"@id":"https:\/\/turismoenzamora.es\/patrimonio-natural\/sanabria\/#primaryimage"},"thumbnailUrl":"https:\/\/turismoenzamora.es\/wp-content\/uploads\/2017\/08\/Patrimonio-naturasanabrial.jpg","datePublished":"2017-08-07T05:28:58+00:00","dateModified":"2021-10-20T08:27:30+00:00","description":"Esta es la p\u00e1gina Oficial de Turismo de Diputaci\u00f3n de Zamora, donde podr\u00e1 encontrar toda la informaci\u00f3n para disfrutar al m\u00e1ximo de nuestra provincia.","breadcrumb":{"@id":"https:\/\/turismoenzamora.es\/patrimonio-natural\/sanabria\/#breadcrumb"},"inLanguage":"de-DE","potentialAction":[{"@type":"ReadAction","target":["https:\/\/turismoenzamora.es\/patrimonio-natural\/sanabria\/"]}]},{"@type":"ImageObject","inLanguage":"de-DE","@id":"https:\/\/turismoenzamora.es\/patrimonio-natural\/sanabria\/#primaryimage","url":"https:\/\/turismoenzamora.es\/wp-content\/uploads\/2017\/08\/Patrimonio-naturasanabrial.jpg","contentUrl":"https:\/\/turismoenzamora.es\/wp-content\/uploads\/2017\/08\/Patrimonio-naturasanabrial.jpg"},{"@type":"BreadcrumbList","@id":"https:\/\/turismoenzamora.es\/patrimonio-natural\/sanabria\/#breadcrumb","itemListElement":[{"@type":"ListItem","position":1,"name":"Portada","item":"https:\/\/turismoenzamora.es\/"},{"@type":"ListItem","position":2,"name":"Patrimonio Natural","item":"https:\/\/turismoenzamora.es\/fr\/patrimonio-natural\/"},{"@type":"ListItem","position":3,"name":"Sanabria"}]},{"@type":"WebSite","@id":"https:\/\/turismoenzamora.es\/pt\/#website","url":"https:\/\/turismoenzamora.es\/pt\/","name":"Turismo sostenible. Patronato de Turismo de la Diputaci\u00f3n de Zamora.&quot;Turismo Sostenible&quot;.","description":"Nachhaltiger Tourismus Tourismusverband der Diputaci\u00f3n de Zamora","publisher":{"@id":"https:\/\/turismoenzamora.es\/pt\/#organization"},"potentialAction":[{"@type":"SearchAction","target":{"@type":"EntryPoint","urlTemplate":"https:\/\/turismoenzamora.es\/pt\/?s={search_term_string}"},"query-input":"required name=search_term_string"}],"inLanguage":"de-DE"},{"@type":"Organization","@id":"https:\/\/turismoenzamora.es\/pt\/#organization","name":"Patronato de Turismo de la Diputaci\u00f3n de Zamora","url":"https:\/\/turismoenzamora.es\/pt\/","logo":{"@type":"ImageObject","inLanguage":"de-DE","@id":"https:\/\/turismoenzamora.es\/pt\/#\/schema\/logo\/image\/","url":"https:\/\/turismoenzamora.es\/wp-content\/uploads\/2018\/06\/ZamoraLogo.png","contentUrl":"https:\/\/turismoenzamora.es\/wp-content\/uploads\/2018\/06\/ZamoraLogo.png","width":1276,"height":290,"caption":"Patronato de Turismo de la Diputaci\u00f3n de Zamora"},"image":{"@id":"https:\/\/turismoenzamora.es\/pt\/#\/schema\/logo\/image\/"},"sameAs":["https:\/\/www.facebook.com\/ZamoraSpain\/","https:\/\/x.com\/ZamoraSpain","https:\/\/www.instagram.com\/turismoenzamora.es\/","https:\/\/www.pinterest.es\/TurismoenZamora\/","https:\/\/www.youtube.com\/channel\/UC2bOyOZ-2cLm-uXlBFYUV9w"]}]}},"_links":{"self":[{"href":"https:\/\/turismoenzamora.es\/de\/wp-json\/wp\/v2\/pages\/122"}],"collection":[{"href":"https:\/\/turismoenzamora.es\/de\/wp-json\/wp\/v2\/pages"}],"about":[{"href":"https:\/\/turismoenzamora.es\/de\/wp-json\/wp\/v2\/types\/page"}],"author":[{"embeddable":true,"href":"https:\/\/turismoenzamora.es\/de\/wp-json\/wp\/v2\/users\/1"}],"replies":[{"embeddable":true,"href":"https:\/\/turismoenzamora.es\/de\/wp-json\/wp\/v2\/comments?post=122"}],"version-history":[{"count":0,"href":"https:\/\/turismoenzamora.es\/de\/wp-json\/wp\/v2\/pages\/122\/revisions"}],"up":[{"embeddable":true,"href":"https:\/\/turismoenzamora.es\/de\/wp-json\/wp\/v2\/pages\/91"}],"wp:attachment":[{"href":"https:\/\/turismoenzamora.es\/de\/wp-json\/wp\/v2\/media?parent=122"}],"curies":[{"name":"wp","href":"https:\/\/api.w.org\/{rel}","templated":true}]}}